{"id":6759,"date":"2021-03-21T10:54:31","date_gmt":"2021-03-21T09:54:31","guid":{"rendered":"https:\/\/koningdrone.nl\/kon\/product\/dji-fpv-goggles-v2\/"},"modified":"2026-04-29T13:20:37","modified_gmt":"2026-04-29T11:20:37","slug":"dji-fpv-goggles-v2","status":"publish","type":"product","link":"https:\/\/koningdrone.be\/fr\/produit\/dji-fpv-goggles-v2\/","title":{"rendered":"Lunettes de protection DJI FPV V2"},"content":{"rendered":"<h1>Lunettes de protection DJI FPV V2<\/h1>\n<p>Les DJI FPV Goggles V2 avec transmission d'image DJI O3 offrent une transmission haute d\u00e9finition, faible latence, longue port\u00e9e et de fortes capacit\u00e9s anti-interf\u00e9rences. La batterie des DJI FPV Goggles incluse dans la bo\u00eete permet jusqu'\u00e0 110 minutes de vol lorsqu'elle est compl\u00e8tement charg\u00e9e.<\/p>\n<p><strong>Points forts<\/strong><br \/>Haute d\u00e9finition, faible latence, forte immersion, transmission sur de longues distances et fortes capacit\u00e9s anti-interf\u00e9rences.<br \/>La batterie contenue dans la bo\u00eete permet de voler jusqu'\u00e0 110 minutes lorsqu'elle est compl\u00e8tement charg\u00e9e.<\/p>\n<p><strong>Sp\u00e9cifications<\/strong><\/p>\n<p>Poids : environ 420 g (y compris le bandeau et les antennes)<br \/>Dimensions : 184 x 122 x 110 mm (sans les antennes) &lt;br&gt; 202 x 126 x 110 mm (antennes comprises)<br \/>Taille de l'\u00e9cran : 2 pouces (\u00d7 2)<br \/>Taux de rafra\u00eechissement de l'\u00e9cran : 144 Hz<br \/>Fr&eacute;quence de communication : 2,400-2,4835 GHz &lt;br&gt; 5,725-5,850 GHz<br \/>Puissance d&#039;&eacute;mission (PIRE) : 2,400-2,4835 GHz &lt;br&gt; FCC : &le; 28,5 dBm &lt;br&gt; CE : &le; 20 dBm &lt;br&gt; SRRC : &le; 20 dBm &lt;br&gt; MIC : &le; 20 dBm &lt;br&gt; &lt;br&gt; 5,725 - 5,850 GHz &lt;br&gt;<br \/>FCC : &le; 31,5 dBm &lt;br&gt; CE : &le; 14 dBm &lt;br&gt; SRRC : &le; 19 dBm<br \/>Largeur de bande de communication : 40 MHz (max.)<br \/>Mode de visualisation en direct : mode &agrave; faible latence : 810p \/ 120fps &le; 28ms * &lt;br&gt; Mode haute qualit&eacute; : 810p \/ 60fps &le; 40ms* &lt;br&gt;<br \/>* Un angle de vue de 150\u00b0 est disponible pour les prises de vue \u00e0 50 ou 100 images par seconde. Pour les autres fr\u00e9quences d'images, l'angle de vue est de 142\u00b0. \"\"<br \/>Max. D\u00e9bit binaire vid\u00e9o : 50 Mbps<br \/>Port\u00e9e de transmission : 10 km (FCC), 6 km (CE), 6 km (SRRC), 6 km (MIC)<br \/>Format vid\u00e9o : MP4 (format vid\u00e9o : H.264)<br \/>Formats de lecture vid\u00e9o et audio pris en charge : MP4, MOV, MKV (format vid\u00e9o : H.264 ; format audio : AAC-LC, AAC-HE, AC-3, MP3)<br \/>Temp\u00e9rature de fonctionnement : 0 \u00b0C \u00e0 40 \u00b0C (32 \u00b0 \u00e0 104 \u00b0 F)<br \/>Alimentation : batteries DJI Goggles ou autres batteries 11.1.-25.2 V.<br \/>FOV : 30\u00b0 \u00e0 54\u00b0 ; Taille de l'image : 50-100%<br \/>Distance interpupillaire : 58-70 mm<br \/>Cartes microSD prises en charge : cartes microSD (jusqu'\u00e0 256 Go)<\/p>\n<p><strong>Batterie des lunettes FPV de DJI<\/strong><\/p>\n<p>Capacit\u00e9 : 1800 mAh<br \/>Tension : 9 V (max.)<br \/>Type : LiPo 2S<br \/>\u00c9nergie : 18 Wh<br \/>Temp\u00e9rature de charge : 0 \u00b0 \u00e0 45 \u00b0 C<br \/>Max. Puissance de charge : 10 W.<br \/>Autonomie de la batterie : environ 110 minutes (mesur\u00e9e dans un environnement de 25\u00b0C \u00e0 la luminosit\u00e9 maximale)<\/p>\n<p><strong>Compatibilit\u00e9<\/strong><\/p>\n<ul> <\/p>\n<li>DJI FPV drone<\/li>\n<p> <\/p>\n<li>T\u00e9l\u00e9commande DJI FPV 2<\/li>\n<p> <\/p>\n<li>Unit\u00e9 DJI FPV Air<\/li>\n<p> <\/p>\n<li>T\u00e9l\u00e9commande DJI FPV<\/li>\n<p><\/ul>\n<p><strong>Conseils<\/strong><\/p>\n<ol> <\/p>\n<li>Ne pas exposer l'int\u00e9rieur des lunettes \u00e0 la lumi\u00e8re directe du soleil.<\/li>\n<p> <\/p>\n<li>La double fr\u00e9quence n'est disponible que lorsqu'elle est utilis\u00e9e avec le drone FPV de DJI.<\/li>\n<p> <\/p>\n<li>Lorsqu'il est utilis\u00e9 avec l'unit\u00e9 DJI FPV Air, seul le 5,8 GHz est pris en charge. En raison des politiques et r\u00e9glementations locales, la bande de fr\u00e9quence 5,8 GHz n'est actuellement pas disponible dans certains pays, y compris (mais sans s'y limiter) le Japon, la Russie, Isra\u00ebl, l'Ukraine et le Kazakhstan. Utilisez la bande de fr\u00e9quences 2,4 GHz lorsque vous op\u00e9rez dans ces pays et v\u00e9rifiez toujours les r\u00e8gles et r\u00e9glementations locales pour l'utilisation,<\/li>\n<p> <\/p>\n<li>La loi impose le VLOS dans certaines r\u00e9gions et certains pays, et il est toujours recommand\u00e9 d'utiliser un observateur lorsqu'il n'est pas possible de maintenir le VLOS.<\/li>\n<p><\/ol>\n<p><\/p>","protected":false},"excerpt":{"rendered":"<ul>\n<li>28ms \/ 4km : port\u00e9e maximale de transmission et latence de la transmission vid\u00e9o<\/li>\n<li>Diffusion en direct 720p \/ 120fps avec les DJI Goggles<\/li>\n<li> peut<\/li>\n<li>8 drones \u00e0 faire voler simultan\u00e9ment<\/li>\n<li>Enregistrement vid\u00e9o 1080p \/ 60fps via l'unit\u00e9 a\u00e9rienne<\/li>\n<li>latence minimale de<\/li>\n<li>7 ms entre la t\u00e9l\u00e9commande et l'unit\u00e9 d'air<\/li>\n<li>Commande 4 en 1 avec retour d'information de la t\u00e9l\u00e9commande<\/li>\n<\/ul>","protected":false},"featured_media":6752,"template":"","meta":{"_acf_changed":false},"product_brand":[],"product_cat":[731,97,719,733],"product_tag":[],"class_list":{"0":"post-6759","1":"product","2":"type-product","3":"status-publish","4":"has-post-thumbnail","6":"product_cat-alle-goggles","7":"product_cat-alle-producten","8":"product_cat-dji-fpv","9":"product_cat-dji-goggles","10":"product_shipping_class-outofstock","11":"pa_brand-dji","12":"pa_dronegrade-consumer","13":"pa_productfamily-goggles","14":"pa_producttype-goggles","15":"pa_series-goggles-v2","16":"pa_vliegbewijs-a1-a3-en-a2","18":"first","19":"outofstock","20":"taxable","21":"shipping-taxable","22":"product-type-simple"},"acf":[],"yoast_head":"<!-- This site is optimized with the Yoast SEO Premium plugin v27.2 (Yoast SEO v27.2) - https:\/\/yoast.com\/product\/yoast-seo-premium-wordpress\/ -->\n<title>DJI FPV Goggles V2 - koningdrone.be<\/title>\n<meta name=\"robots\" content=\"index, follow, max-snippet:-1, max-image-preview:large, max-video-preview:-1\" \/>\n<link rel=\"canonical\" href=\"https:\/\/koningdrone.be\/fr\/produit\/dji-fpv-goggles-v2\/\" \/>\n<meta property=\"og:locale\" content=\"fr_FR\" \/>\n<meta property=\"og:type\" content=\"article\" \/>\n<meta property=\"og:title\" content=\"DJI FPV Goggles V2\" \/>\n<meta property=\"og:description\" content=\"28ms \/ 4km maximaal transmissiebereik en latentie van videotransmissie720p \/ 120fps live-uitzending met de DJI Goggles kunnen8 drones tegelijkertijd worden gevlogen1080p \/ 60fps video-opname via de luchteenheidnimale latentie van7 ms tussen de afstandsbediening en de luchtunit4-in-1 regeling met terugkoppeling voor afstandsbediening\" \/>\n<meta property=\"og:url\" content=\"https:\/\/koningdrone.be\/fr\/produit\/dji-fpv-goggles-v2\/\" \/>\n<meta property=\"og:site_name\" content=\"koningdrone.be\" \/>\n<meta property=\"article:modified_time\" content=\"2026-04-29T11:20:37+00:00\" \/>\n<meta property=\"og:image\" content=\"https:\/\/koningdrone.be\/wp-content\/uploads\/sites\/13\/2025\/04\/6941565904003-1.jpg\" \/>\n\t<meta property=\"og:image:width\" content=\"510\" \/>\n\t<meta property=\"og:image:height\" content=\"510\" \/>\n\t<meta property=\"og:image:type\" content=\"image\/jpeg\" \/>\n<meta name=\"twitter:card\" content=\"summary_large_image\" \/>\n<meta name=\"twitter:label1\" content=\"Dur\u00e9e de lecture est.\" \/>\n\t<meta name=\"twitter:data1\" content=\"2 minutes\" \/>\n<script type=\"application\/ld+json\" class=\"yoast-schema-graph\">{\"@context\":\"https:\/\/schema.org\",\"@graph\":[{\"@type\":\"WebPage\",\"@id\":\"https:\/\/koningdrone.be\/product\/dji-fpv-goggles-v2\/\",\"url\":\"https:\/\/koningdrone.be\/product\/dji-fpv-goggles-v2\/\",\"name\":\"DJI FPV Goggles V2 - koningdrone.be\",\"isPartOf\":{\"@id\":\"https:\/\/koningdrone.be\/#website\"},\"primaryImageOfPage\":{\"@id\":\"https:\/\/koningdrone.be\/product\/dji-fpv-goggles-v2\/#primaryimage\"},\"image\":{\"@id\":\"https:\/\/koningdrone.be\/product\/dji-fpv-goggles-v2\/#primaryimage\"},\"thumbnailUrl\":\"https:\/\/koningdrone.be\/wp-content\/uploads\/sites\/13\/2025\/04\/6941565904003-1.jpg\",\"datePublished\":\"2021-03-21T09:54:31+00:00\",\"dateModified\":\"2026-04-29T11:20:37+00:00\",\"breadcrumb\":{\"@id\":\"https:\/\/koningdrone.be\/product\/dji-fpv-goggles-v2\/#breadcrumb\"},\"inLanguage\":\"fr-BE\",\"potentialAction\":[{\"@type\":\"ReadAction\",\"target\":[\"https:\/\/koningdrone.be\/product\/dji-fpv-goggles-v2\/\"]}]},{\"@type\":\"ImageObject\",\"inLanguage\":\"fr-BE\",\"@id\":\"https:\/\/koningdrone.be\/product\/dji-fpv-goggles-v2\/#primaryimage\",\"url\":\"https:\/\/koningdrone.be\/wp-content\/uploads\/sites\/13\/2025\/04\/6941565904003-1.jpg\",\"contentUrl\":\"https:\/\/koningdrone.be\/wp-content\/uploads\/sites\/13\/2025\/04\/6941565904003-1.jpg\",\"width\":510,\"height\":510},{\"@type\":\"BreadcrumbList\",\"@id\":\"https:\/\/koningdrone.be\/product\/dji-fpv-goggles-v2\/#breadcrumb\",\"itemListElement\":[{\"@type\":\"ListItem\",\"position\":1,\"name\":\"Home\",\"item\":\"https:\/\/koningdrone.be\/\"},{\"@type\":\"ListItem\",\"position\":2,\"name\":\"AVSS Parachute Recovery System for DJI Matrice 300\/350\",\"item\":\"https:\/\/koningdrone.be\/product\/avss-parachute-recovery-system-for-dji-matrice-300-350\/\"},{\"@type\":\"ListItem\",\"position\":3,\"name\":\"Alle goggles\",\"item\":\"https:\/\/koningdrone.be\/categorie\/alle-goggles\/\"},{\"@type\":\"ListItem\",\"position\":4,\"name\":\"DJI FPV Goggles V2\"}]},{\"@type\":\"WebSite\",\"@id\":\"https:\/\/koningdrone.be\/#website\",\"url\":\"https:\/\/koningdrone.be\/\",\"name\":\"Koningdrone.be - Uw online specialist in drones, gimbals, camera's en power stations.\",\"description\":\"De webshop in drones en gimbals\",\"publisher\":{\"@id\":\"https:\/\/koningdrone.be\/#organization\"},\"potentialAction\":[{\"@type\":\"SearchAction\",\"target\":{\"@type\":\"EntryPoint\",\"urlTemplate\":\"https:\/\/koningdrone.be\/?s={search_term_string}\"},\"query-input\":{\"@type\":\"PropertyValueSpecification\",\"valueRequired\":true,\"valueName\":\"search_term_string\"}}],\"inLanguage\":\"fr-BE\"},{\"@type\":\"Organization\",\"@id\":\"https:\/\/koningdrone.be\/#organization\",\"name\":\"Koningdrone.be\",\"url\":\"https:\/\/koningdrone.be\/\",\"logo\":{\"@type\":\"ImageObject\",\"inLanguage\":\"fr-BE\",\"@id\":\"https:\/\/koningdrone.be\/#\/schema\/logo\/image\/\",\"url\":\"https:\/\/koningdrone.be\/wp-content\/uploads\/sites\/13\/2025\/04\/koningdrone-copyright-logo.svg\",\"contentUrl\":\"https:\/\/koningdrone.be\/wp-content\/uploads\/sites\/13\/2025\/04\/koningdrone-copyright-logo.svg\",\"width\":227,\"height\":38,\"caption\":\"Koningdrone.be\"},\"image\":{\"@id\":\"https:\/\/koningdrone.be\/#\/schema\/logo\/image\/\"}}]}<\/script>\n<!-- \/ Yoast SEO Premium plugin. -->","yoast_head_json":{"title":"DJI FPV Goggles V2 - koningdrone.be","robots":{"index":"index","follow":"follow","max-snippet":"max-snippet:-1","max-image-preview":"max-image-preview:large","max-video-preview":"max-video-preview:-1"},"canonical":"https:\/\/koningdrone.be\/fr\/produit\/dji-fpv-goggles-v2\/","og_locale":"fr_FR","og_type":"article","og_title":"DJI FPV Goggles V2","og_description":"28ms \/ 4km maximaal transmissiebereik en latentie van videotransmissie720p \/ 120fps live-uitzending met de DJI Goggles kunnen8 drones tegelijkertijd worden gevlogen1080p \/ 60fps video-opname via de luchteenheidnimale latentie van7 ms tussen de afstandsbediening en de luchtunit4-in-1 regeling met terugkoppeling voor afstandsbediening","og_url":"https:\/\/koningdrone.be\/fr\/produit\/dji-fpv-goggles-v2\/","og_site_name":"koningdrone.be","article_modified_time":"2026-04-29T11:20:37+00:00","og_image":[{"width":510,"height":510,"url":"https:\/\/koningdrone.be\/wp-content\/uploads\/sites\/13\/2025\/04\/6941565904003-1.jpg","type":"image\/jpeg"}],"twitter_card":"summary_large_image","twitter_misc":{"Dur\u00e9e de lecture est.":"2 minutes"},"schema":{"@context":"https:\/\/schema.org","@graph":[{"@type":"WebPage","@id":"https:\/\/koningdrone.be\/product\/dji-fpv-goggles-v2\/","url":"https:\/\/koningdrone.be\/product\/dji-fpv-goggles-v2\/","name":"DJI FPV Goggles V2 - koningdrone.be","isPartOf":{"@id":"https:\/\/koningdrone.be\/#website"},"primaryImageOfPage":{"@id":"https:\/\/koningdrone.be\/product\/dji-fpv-goggles-v2\/#primaryimage"},"image":{"@id":"https:\/\/koningdrone.be\/product\/dji-fpv-goggles-v2\/#primaryimage"},"thumbnailUrl":"https:\/\/koningdrone.be\/wp-content\/uploads\/sites\/13\/2025\/04\/6941565904003-1.jpg","datePublished":"2021-03-21T09:54:31+00:00","dateModified":"2026-04-29T11:20:37+00:00","breadcrumb":{"@id":"https:\/\/koningdrone.be\/product\/dji-fpv-goggles-v2\/#breadcrumb"},"inLanguage":"fr-BE","potentialAction":[{"@type":"ReadAction","target":["https:\/\/koningdrone.be\/product\/dji-fpv-goggles-v2\/"]}]},{"@type":"ImageObject","inLanguage":"fr-BE","@id":"https:\/\/koningdrone.be\/product\/dji-fpv-goggles-v2\/#primaryimage","url":"https:\/\/koningdrone.be\/wp-content\/uploads\/sites\/13\/2025\/04\/6941565904003-1.jpg","contentUrl":"https:\/\/koningdrone.be\/wp-content\/uploads\/sites\/13\/2025\/04\/6941565904003-1.jpg","width":510,"height":510},{"@type":"BreadcrumbList","@id":"https:\/\/koningdrone.be\/product\/dji-fpv-goggles-v2\/#breadcrumb","itemListElement":[{"@type":"ListItem","position":1,"name":"Home","item":"https:\/\/koningdrone.be\/"},{"@type":"ListItem","position":2,"name":"AVSS Parachute Recovery System for DJI Matrice 300\/350","item":"https:\/\/koningdrone.be\/product\/avss-parachute-recovery-system-for-dji-matrice-300-350\/"},{"@type":"ListItem","position":3,"name":"Alle goggles","item":"https:\/\/koningdrone.be\/categorie\/alle-goggles\/"},{"@type":"ListItem","position":4,"name":"DJI FPV Goggles V2"}]},{"@type":"WebSite","@id":"https:\/\/koningdrone.be\/#website","url":"https:\/\/koningdrone.be\/","name":"Koningdrone.be - Votre sp\u00e9cialiste en ligne en mati\u00e8re de drones, de cardans, de cam\u00e9ras et de centrales \u00e9lectriques.","description":"La boutique en ligne de drones et de cardans","publisher":{"@id":"https:\/\/koningdrone.be\/#organization"},"potentialAction":[{"@type":"SearchAction","target":{"@type":"EntryPoint","urlTemplate":"https:\/\/koningdrone.be\/?s={search_term_string}"},"query-input":{"@type":"PropertyValueSpecification","valueRequired":true,"valueName":"search_term_string"}}],"inLanguage":"fr-BE"},{"@type":"Organization","@id":"https:\/\/koningdrone.be\/#organization","name":"Kingdrone.co.uk","url":"https:\/\/koningdrone.be\/","logo":{"@type":"ImageObject","inLanguage":"fr-BE","@id":"https:\/\/koningdrone.be\/#\/schema\/logo\/image\/","url":"https:\/\/koningdrone.be\/wp-content\/uploads\/sites\/13\/2025\/04\/koningdrone-copyright-logo.svg","contentUrl":"https:\/\/koningdrone.be\/wp-content\/uploads\/sites\/13\/2025\/04\/koningdrone-copyright-logo.svg","width":227,"height":38,"caption":"Koningdrone.be"},"image":{"@id":"https:\/\/koningdrone.be\/#\/schema\/logo\/image\/"}}]}},"df_price":"","df_sale_price":"","df_regular_price":"","df_image_link":"https:\/\/koningdrone.be\/wp-content\/uploads\/sites\/13\/2025\/04\/6941565904003-1-300x300.jpg","_links":{"self":[{"href":"https:\/\/koningdrone.be\/fr\/wp-json\/wp\/v2\/product\/6759","targetHints":{"allow":["GET"]}}],"collection":[{"href":"https:\/\/koningdrone.be\/fr\/wp-json\/wp\/v2\/product"}],"about":[{"href":"https:\/\/koningdrone.be\/fr\/wp-json\/wp\/v2\/types\/product"}],"wp:featuredmedia":[{"embeddable":true,"href":"https:\/\/koningdrone.be\/fr\/wp-json\/wp\/v2\/media\/6752"}],"wp:attachment":[{"href":"https:\/\/koningdrone.be\/fr\/wp-json\/wp\/v2\/media?parent=6759"}],"wp:term":[{"taxonomy":"product_brand","embeddable":true,"href":"https:\/\/koningdrone.be\/fr\/wp-json\/wp\/v2\/product_brand?post=6759"},{"taxonomy":"product_cat","embeddable":true,"href":"https:\/\/koningdrone.be\/fr\/wp-json\/wp\/v2\/product_cat?post=6759"},{"taxonomy":"product_tag","embeddable":true,"href":"https:\/\/koningdrone.be\/fr\/wp-json\/wp\/v2\/product_tag?post=6759"}],"curies":[{"name":"wp","href":"https:\/\/api.w.org\/{rel}","templated":true}]}}