{"id":6745,"date":"2021-04-16T09:14:17","date_gmt":"2021-04-16T07:14:17","guid":{"rendered":"https:\/\/koningdrone.nl\/kon\/product\/mp-130-speaker\/"},"modified":"2026-04-29T08:20:50","modified_gmt":"2026-04-29T06:20:50","slug":"mp-130-speaker","status":"publish","type":"product","link":"https:\/\/koningdrone.be\/fr\/produit\/mp-130-speaker\/","title":{"rendered":"MP 130 Haut-parleur"},"content":{"rendered":"<h1>MP 130 Haut-parleur<\/h1>\n<p>Le syst\u00e8me de transmission vocale num\u00e9rique pour drone MP130 utilise l'interface DJI Skyport, qui permet une connexion rapide et transparente aux drones des s\u00e9ries DJI M200 et M300. Il a une distance de transmission maximale de 500 m et peut \u00eatre utilis\u00e9 dans des rues tr\u00e8s fr\u00e9quent\u00e9es ou dans des zones de transmission plus vastes (par exemple, propagande pour la pr\u00e9vention des maladies, recherche et sauvetage en for\u00eat) et d'autres sc\u00e8nes qui doivent \u00eatre diffus\u00e9es sur de longues distances.<\/p>\n<p><strong>Sp\u00e9cifications<\/strong><br \/> - Volume sup\u00e9rieur \u00e0 130 dB<br \/> - Transmission claire m\u00eame \u00e0 300 m\u00e8tres d'altitude<br \/> - Port\u00e9e sonore effective de 300 \u00e0 500 m\u00e8tres<br \/> - Suivi des mouvements de la cam\u00e9ra et transmission pr\u00e9cise<br \/> - Port\u00e9e maximale de l'amplification sonore 1000 m\u00e8tres<br \/> - D\u00e9veloppement bas\u00e9 sur DJI PSDK<br \/> - Poids inf\u00e9rieur \u00e0 550 g<br \/>Prise en charge de l'entr\u00e9e audio AUX externe (peut \u00eatre connect\u00e9e \u00e0 l'audio intercom sans signal 4G)<br \/> - M\u00e9canisme de fonctionnement int\u00e9gr\u00e9 pour des transmissions pr\u00e9cises<br \/>Logiciel de contr\u00f4le intelligent<br \/> - Synth\u00e8se vocale en temps r\u00e9el, transfert d'appel en temps r\u00e9el, t\u00e9l\u00e9chargement d'enregistrements, prononciation vocale personnalis\u00e9e, texte local, lecture de musique de fond<br \/> - Compatible avec les drones DJI M200 V2 et M300 ; fonctionne avec le logiciel DJI Pilot<br \/> - Nombreuses fonctionnalit\u00e9s, acteurs vocaux personnalis\u00e9s, musique de fond<br \/> - Prise en charge de la carte m\u00e9moire TF ; possibilit\u00e9 de stocker \u00e0 l'avance du contenu diffus\u00e9 et de la musique de sc\u00e8ne<br \/> - Peut \u00eatre utilis\u00e9 de multiples fa\u00e7ons.<\/p>","protected":false},"excerpt":{"rendered":"<ul>\n<li>Synth\u00e8se vocale en temps r\u00e9el, t\u00e9l\u00e9chargement d'enregistrements, prononciation vocale personnalis\u00e9e, texte dans la langue locale, lecture d'une musique de fond mixte.<\/li>\n<li>Fonctionne avec les s\u00e9ries DJI Matrice 210 et Matrice 300.<\/li>\n<li>Volume sup\u00e9rieur \u00e0 130 dB<\/li>\n<li>Transmission claire m\u00eame \u00e0 300 m\u00e8tres d'altitude<\/li>\n<li>Port\u00e9e sonore effective de 300 \u00e0 500 m\u00e8tres<\/li>\n<li>Suivi des mouvements de la cam\u00e9ra et transmission pr\u00e9cise<\/li>\n<li>Port\u00e9e maximale de l'amplification sonore 1000 m\u00e8tres<\/li>\n<li>D\u00e9veloppement bas\u00e9 sur DJI PSDK<\/li>\n<li>Poids inf\u00e9rieur \u00e0 550 g<\/li>\n<\/ul>","protected":false},"featured_media":6741,"template":"","meta":{"_acf_changed":false},"product_brand":[],"product_cat":[126,97,426,1155,152],"product_tag":[],"class_list":{"0":"post-6745","1":"product","2":"type-product","3":"status-publish","4":"has-post-thumbnail","6":"product_cat-alle-payloads","7":"product_cat-alle-producten","8":"product_cat-dji-matrice","9":"product_cat-dji-matrice-200","10":"product_cat-dji-matrice-300","11":"product_shipping_class-outofstock","12":"pa_brand-czi","13":"pa_productfamily-speaker","14":"pa_producttype-speaker","15":"pa_series-mp-130","17":"first","18":"outofstock","19":"taxable","20":"shipping-taxable","21":"product-type-simple"},"acf":[],"yoast_head":"<!-- This site is optimized with the Yoast SEO Premium plugin v27.2 (Yoast SEO v27.2) - https:\/\/yoast.com\/product\/yoast-seo-premium-wordpress\/ -->\n<title>MP 130 Speaker - koningdrone.be<\/title>\n<meta name=\"robots\" content=\"index, follow, max-snippet:-1, max-image-preview:large, max-video-preview:-1\" \/>\n<link rel=\"canonical\" href=\"https:\/\/koningdrone.be\/fr\/produit\/mp-130-speaker\/\" \/>\n<meta property=\"og:locale\" content=\"fr_FR\" \/>\n<meta property=\"og:type\" content=\"article\" \/>\n<meta property=\"og:title\" content=\"MP 130 Speaker\" \/>\n<meta property=\"og:description\" content=\"Realtime tekst naar stem, opname-upload, aangepaste uitspraakstem, tekst naar lokale taal, gemengd afspelen van achtergrondmuziek.Werkt met de DJI Matrice 210 &amp; Matrice 300 Series.Volume van meer dan 130 dBDuidelijke transmissie, zelfs op 300 meter hoogteEffectief geluidsbereik van 300-500 meterVolgt de camerabeweging en zendt nauwkeurigMaximaal bereik van de geluidsverhoging 1000 meterOntwikkeling op basis van DJI PSDKGewicht minder dan 550 g\" \/>\n<meta property=\"og:url\" content=\"https:\/\/koningdrone.be\/fr\/produit\/mp-130-speaker\/\" \/>\n<meta property=\"og:site_name\" content=\"koningdrone.be\" \/>\n<meta property=\"article:modified_time\" content=\"2026-04-29T06:20:50+00:00\" \/>\n<meta property=\"og:image\" content=\"https:\/\/koningdrone.be\/wp-content\/uploads\/sites\/13\/2025\/04\/6972073120043-1.jpg\" \/>\n\t<meta property=\"og:image:width\" content=\"1280\" \/>\n\t<meta property=\"og:image:height\" content=\"800\" \/>\n\t<meta property=\"og:image:type\" content=\"image\/jpeg\" \/>\n<meta name=\"twitter:card\" content=\"summary_large_image\" \/>\n<meta name=\"twitter:label1\" content=\"Dur\u00e9e de lecture est.\" \/>\n\t<meta name=\"twitter:data1\" content=\"1 minute\" \/>\n<script type=\"application\/ld+json\" class=\"yoast-schema-graph\">{\"@context\":\"https:\/\/schema.org\",\"@graph\":[{\"@type\":\"WebPage\",\"@id\":\"https:\/\/koningdrone.be\/product\/mp-130-speaker\/\",\"url\":\"https:\/\/koningdrone.be\/product\/mp-130-speaker\/\",\"name\":\"MP 130 Speaker - koningdrone.be\",\"isPartOf\":{\"@id\":\"https:\/\/koningdrone.be\/#website\"},\"primaryImageOfPage\":{\"@id\":\"https:\/\/koningdrone.be\/product\/mp-130-speaker\/#primaryimage\"},\"image\":{\"@id\":\"https:\/\/koningdrone.be\/product\/mp-130-speaker\/#primaryimage\"},\"thumbnailUrl\":\"https:\/\/koningdrone.be\/wp-content\/uploads\/sites\/13\/2025\/04\/6972073120043-1.jpg\",\"datePublished\":\"2021-04-16T07:14:17+00:00\",\"dateModified\":\"2026-04-29T06:20:50+00:00\",\"breadcrumb\":{\"@id\":\"https:\/\/koningdrone.be\/product\/mp-130-speaker\/#breadcrumb\"},\"inLanguage\":\"fr-BE\",\"potentialAction\":[{\"@type\":\"ReadAction\",\"target\":[\"https:\/\/koningdrone.be\/product\/mp-130-speaker\/\"]}]},{\"@type\":\"ImageObject\",\"inLanguage\":\"fr-BE\",\"@id\":\"https:\/\/koningdrone.be\/product\/mp-130-speaker\/#primaryimage\",\"url\":\"https:\/\/koningdrone.be\/wp-content\/uploads\/sites\/13\/2025\/04\/6972073120043-1.jpg\",\"contentUrl\":\"https:\/\/koningdrone.be\/wp-content\/uploads\/sites\/13\/2025\/04\/6972073120043-1.jpg\",\"width\":1280,\"height\":800},{\"@type\":\"BreadcrumbList\",\"@id\":\"https:\/\/koningdrone.be\/product\/mp-130-speaker\/#breadcrumb\",\"itemListElement\":[{\"@type\":\"ListItem\",\"position\":1,\"name\":\"Home\",\"item\":\"https:\/\/koningdrone.be\/\"},{\"@type\":\"ListItem\",\"position\":2,\"name\":\"AVSS Parachute Recovery System for DJI Matrice 300\/350\",\"item\":\"https:\/\/koningdrone.be\/product\/avss-parachute-recovery-system-for-dji-matrice-300-350\/\"},{\"@type\":\"ListItem\",\"position\":3,\"name\":\"Alle payloads\",\"item\":\"https:\/\/koningdrone.be\/categorie\/alle-payloads\/\"},{\"@type\":\"ListItem\",\"position\":4,\"name\":\"MP 130 Speaker\"}]},{\"@type\":\"WebSite\",\"@id\":\"https:\/\/koningdrone.be\/#website\",\"url\":\"https:\/\/koningdrone.be\/\",\"name\":\"Koningdrone.be - Uw online specialist in drones, gimbals, camera's en power stations.\",\"description\":\"De webshop in drones en gimbals\",\"publisher\":{\"@id\":\"https:\/\/koningdrone.be\/#organization\"},\"potentialAction\":[{\"@type\":\"SearchAction\",\"target\":{\"@type\":\"EntryPoint\",\"urlTemplate\":\"https:\/\/koningdrone.be\/?s={search_term_string}\"},\"query-input\":{\"@type\":\"PropertyValueSpecification\",\"valueRequired\":true,\"valueName\":\"search_term_string\"}}],\"inLanguage\":\"fr-BE\"},{\"@type\":\"Organization\",\"@id\":\"https:\/\/koningdrone.be\/#organization\",\"name\":\"Koningdrone.be\",\"url\":\"https:\/\/koningdrone.be\/\",\"logo\":{\"@type\":\"ImageObject\",\"inLanguage\":\"fr-BE\",\"@id\":\"https:\/\/koningdrone.be\/#\/schema\/logo\/image\/\",\"url\":\"https:\/\/koningdrone.be\/wp-content\/uploads\/sites\/13\/2025\/04\/koningdrone-copyright-logo.svg\",\"contentUrl\":\"https:\/\/koningdrone.be\/wp-content\/uploads\/sites\/13\/2025\/04\/koningdrone-copyright-logo.svg\",\"width\":227,\"height\":38,\"caption\":\"Koningdrone.be\"},\"image\":{\"@id\":\"https:\/\/koningdrone.be\/#\/schema\/logo\/image\/\"}}]}<\/script>\n<!-- \/ Yoast SEO Premium plugin. -->","yoast_head_json":{"title":"MP 130 Speaker - koningdrone.be","robots":{"index":"index","follow":"follow","max-snippet":"max-snippet:-1","max-image-preview":"max-image-preview:large","max-video-preview":"max-video-preview:-1"},"canonical":"https:\/\/koningdrone.be\/fr\/produit\/mp-130-speaker\/","og_locale":"fr_FR","og_type":"article","og_title":"MP 130 Speaker","og_description":"Realtime tekst naar stem, opname-upload, aangepaste uitspraakstem, tekst naar lokale taal, gemengd afspelen van achtergrondmuziek.Werkt met de DJI Matrice 210 &amp; Matrice 300 Series.Volume van meer dan 130 dBDuidelijke transmissie, zelfs op 300 meter hoogteEffectief geluidsbereik van 300-500 meterVolgt de camerabeweging en zendt nauwkeurigMaximaal bereik van de geluidsverhoging 1000 meterOntwikkeling op basis van DJI PSDKGewicht minder dan 550 g","og_url":"https:\/\/koningdrone.be\/fr\/produit\/mp-130-speaker\/","og_site_name":"koningdrone.be","article_modified_time":"2026-04-29T06:20:50+00:00","og_image":[{"width":1280,"height":800,"url":"https:\/\/koningdrone.be\/wp-content\/uploads\/sites\/13\/2025\/04\/6972073120043-1.jpg","type":"image\/jpeg"}],"twitter_card":"summary_large_image","twitter_misc":{"Dur\u00e9e de lecture est.":"1 minute"},"schema":{"@context":"https:\/\/schema.org","@graph":[{"@type":"WebPage","@id":"https:\/\/koningdrone.be\/product\/mp-130-speaker\/","url":"https:\/\/koningdrone.be\/product\/mp-130-speaker\/","name":"MP 130 Speaker - koningdrone.be","isPartOf":{"@id":"https:\/\/koningdrone.be\/#website"},"primaryImageOfPage":{"@id":"https:\/\/koningdrone.be\/product\/mp-130-speaker\/#primaryimage"},"image":{"@id":"https:\/\/koningdrone.be\/product\/mp-130-speaker\/#primaryimage"},"thumbnailUrl":"https:\/\/koningdrone.be\/wp-content\/uploads\/sites\/13\/2025\/04\/6972073120043-1.jpg","datePublished":"2021-04-16T07:14:17+00:00","dateModified":"2026-04-29T06:20:50+00:00","breadcrumb":{"@id":"https:\/\/koningdrone.be\/product\/mp-130-speaker\/#breadcrumb"},"inLanguage":"fr-BE","potentialAction":[{"@type":"ReadAction","target":["https:\/\/koningdrone.be\/product\/mp-130-speaker\/"]}]},{"@type":"ImageObject","inLanguage":"fr-BE","@id":"https:\/\/koningdrone.be\/product\/mp-130-speaker\/#primaryimage","url":"https:\/\/koningdrone.be\/wp-content\/uploads\/sites\/13\/2025\/04\/6972073120043-1.jpg","contentUrl":"https:\/\/koningdrone.be\/wp-content\/uploads\/sites\/13\/2025\/04\/6972073120043-1.jpg","width":1280,"height":800},{"@type":"BreadcrumbList","@id":"https:\/\/koningdrone.be\/product\/mp-130-speaker\/#breadcrumb","itemListElement":[{"@type":"ListItem","position":1,"name":"Home","item":"https:\/\/koningdrone.be\/"},{"@type":"ListItem","position":2,"name":"AVSS Parachute Recovery System for DJI Matrice 300\/350","item":"https:\/\/koningdrone.be\/product\/avss-parachute-recovery-system-for-dji-matrice-300-350\/"},{"@type":"ListItem","position":3,"name":"Alle payloads","item":"https:\/\/koningdrone.be\/categorie\/alle-payloads\/"},{"@type":"ListItem","position":4,"name":"MP 130 Speaker"}]},{"@type":"WebSite","@id":"https:\/\/koningdrone.be\/#website","url":"https:\/\/koningdrone.be\/","name":"Koningdrone.be - Votre sp\u00e9cialiste en ligne en mati\u00e8re de drones, de cardans, de cam\u00e9ras et de centrales \u00e9lectriques.","description":"La boutique en ligne de drones et de cardans","publisher":{"@id":"https:\/\/koningdrone.be\/#organization"},"potentialAction":[{"@type":"SearchAction","target":{"@type":"EntryPoint","urlTemplate":"https:\/\/koningdrone.be\/?s={search_term_string}"},"query-input":{"@type":"PropertyValueSpecification","valueRequired":true,"valueName":"search_term_string"}}],"inLanguage":"fr-BE"},{"@type":"Organization","@id":"https:\/\/koningdrone.be\/#organization","name":"Kingdrone.co.uk","url":"https:\/\/koningdrone.be\/","logo":{"@type":"ImageObject","inLanguage":"fr-BE","@id":"https:\/\/koningdrone.be\/#\/schema\/logo\/image\/","url":"https:\/\/koningdrone.be\/wp-content\/uploads\/sites\/13\/2025\/04\/koningdrone-copyright-logo.svg","contentUrl":"https:\/\/koningdrone.be\/wp-content\/uploads\/sites\/13\/2025\/04\/koningdrone-copyright-logo.svg","width":227,"height":38,"caption":"Koningdrone.be"},"image":{"@id":"https:\/\/koningdrone.be\/#\/schema\/logo\/image\/"}}]}},"df_price":"","df_sale_price":"","df_regular_price":"","df_image_link":"https:\/\/koningdrone.be\/wp-content\/uploads\/sites\/13\/2025\/04\/6972073120043-1-300x188.jpg","_links":{"self":[{"href":"https:\/\/koningdrone.be\/fr\/wp-json\/wp\/v2\/product\/6745","targetHints":{"allow":["GET"]}}],"collection":[{"href":"https:\/\/koningdrone.be\/fr\/wp-json\/wp\/v2\/product"}],"about":[{"href":"https:\/\/koningdrone.be\/fr\/wp-json\/wp\/v2\/types\/product"}],"wp:featuredmedia":[{"embeddable":true,"href":"https:\/\/koningdrone.be\/fr\/wp-json\/wp\/v2\/media\/6741"}],"wp:attachment":[{"href":"https:\/\/koningdrone.be\/fr\/wp-json\/wp\/v2\/media?parent=6745"}],"wp:term":[{"taxonomy":"product_brand","embeddable":true,"href":"https:\/\/koningdrone.be\/fr\/wp-json\/wp\/v2\/product_brand?post=6745"},{"taxonomy":"product_cat","embeddable":true,"href":"https:\/\/koningdrone.be\/fr\/wp-json\/wp\/v2\/product_cat?post=6745"},{"taxonomy":"product_tag","embeddable":true,"href":"https:\/\/koningdrone.be\/fr\/wp-json\/wp\/v2\/product_tag?post=6745"}],"curies":[{"name":"wp","href":"https:\/\/api.w.org\/{rel}","templated":true}]}}