{"id":6706,"date":"2021-04-16T09:14:17","date_gmt":"2021-04-16T07:14:17","guid":{"rendered":"https:\/\/koningdrone.nl\/kon\/product\/dji-air-2s-nd-filters-set-nd64-128-256-512\/"},"modified":"2026-04-29T15:40:22","modified_gmt":"2026-04-29T13:40:22","slug":"dji-air-2s-nd-filters-set-nd64-128-256-512","status":"publish","type":"product","link":"https:\/\/koningdrone.be\/fr\/produit\/dji-air-2s-nd-filters-set-nd64-128-256-512\/","title":{"rendered":"DJI Air 2S Set de filtres ND (ND64\/128\/256\/512)"},"content":{"rendered":"<p><strong>Revue de produit : Jeu de filtres ND pour DJI Air 2S<\/strong><\/p>\n<p> Si vous \u00eates un passionn\u00e9 de drones et que vous souhaitez am\u00e9liorer la qualit\u00e9 vid\u00e9o de votre DJI Air 2S, ce set de filtres ND est parfait pour vos besoins. Le set contient quatre filtres diff\u00e9rents : ND64, ND128, ND256 et ND512. Ces filtres remplissent une fonction cruciale : ils r\u00e9duisent la quantit\u00e9 de lumi\u00e8re entrant dans la cam\u00e9ra, ce qui vous permet de mieux contr\u00f4ler la vitesse d'obturation de la cam\u00e9ra. Ce contr\u00f4le est particuli\u00e8rement utile pour obtenir l'aspect cin\u00e9matographique d'un angle d'obturation de 180\u00b0 dans des conditions lumineuses sans augmenter la sensibilit\u00e9 ISO, ce qui permet d'\u00e9viter tout bruit ind\u00e9sirable dans les prises de vue.<\/p>\n<p><strong>Qualit\u00e9 et authenticit\u00e9<\/strong><\/p>\n<p> Fabriqu\u00e9s \u00e0 partir de mat\u00e9riaux de qualit\u00e9 sup\u00e9rieure con\u00e7us pour minimiser l'intrusion de la lumi\u00e8re, ces filtres vous permettent non seulement de contr\u00f4ler avec pr\u00e9cision vos param\u00e8tres de prise de vue, mais aussi d'am\u00e9liorer l'authenticit\u00e9 des couleurs captur\u00e9es dans vos s\u00e9quences. Que vous filmiez en plein soleil ou que vous capturiez des sc\u00e8nes avec de subtiles variations de lumi\u00e8re, ces filtres permettent de pr\u00e9server la beaut\u00e9 naturelle et les d\u00e9tails des environnements \u00e0 forte ou faible luminosit\u00e9.<\/p>\n<p><strong>Conception et fiabilit\u00e9<\/strong><\/p>\n<p> De plus, les filtres sont con\u00e7us dans un souci de facilit\u00e9 d'utilisation et de fiabilit\u00e9. Ils sont con\u00e7us pour s'adapter parfaitement \u00e0 votre DJI Air 2S de sorte qu'une fois fix\u00e9s, ils restent bien en place pendant le vol, prot\u00e9geant votre objectif et offrant des r\u00e9sultats constants.<\/p>\n<p><strong>Conclusion<\/strong><\/p>\n<p> Essentiellement, ce jeu de filtres ND offre aux vid\u00e9astes novices et exp\u00e9riment\u00e9s un outil inestimable pour capturer des s\u00e9quences visuellement \u00e9tonnantes de qualit\u00e9 professionnelle avec leur DJI Air 2S.<\/p>\n<p><\/p>","protected":false},"excerpt":{"rendered":"<ul>\n<li>Exclusivement con\u00e7u pour le DJI Air 2S<\/li>\n<li> Filtres ND64, ND128, ND256 et ND512 inclus<\/li>\n<li> Permet un contr\u00f4le pr\u00e9cis de la vitesse d'obturation<\/li>\n<li> Des images claires gr\u00e2ce \u00e0 l'obturateur \u00e0 180<\/li>\n<li> Fabriqu\u00e9 avec des mat\u00e9riaux de haute qualit\u00e9 pour la r\u00e9duction de la lumi\u00e8re<\/li>\n<li> Capture des couleurs et des d\u00e9tails plus authentiques<\/li>\n<li> Conception m\u00e9canique pr\u00e9cise pour un ajustement fiable<\/li>\n<\/ul>","protected":false},"featured_media":6702,"template":"","meta":{"_acf_changed":false},"product_brand":[],"product_cat":[172,97,1291],"product_tag":[],"class_list":{"0":"post-6706","1":"product","2":"type-product","3":"status-publish","4":"has-post-thumbnail","6":"product_cat-alle-nd-filters","7":"product_cat-alle-producten","8":"product_cat-dji-air-2s","9":"product_shipping_class-outofstock","10":"pa_brand-dji","11":"pa_productfamily-nd-filters","12":"pa_producttype-nd-filters","13":"pa_series-air-2s","15":"first","16":"outofstock","17":"taxable","18":"shipping-taxable","19":"purchasable","20":"product-type-simple"},"acf":[],"yoast_head":"<!-- This site is optimized with the Yoast SEO Premium plugin v27.2 (Yoast SEO v27.2) - https:\/\/yoast.com\/product\/yoast-seo-premium-wordpress\/ -->\n<title>DJI Air 2S ND Filters Set (ND64\/128\/256\/512) - koningdrone.be<\/title>\n<meta name=\"robots\" content=\"index, follow, max-snippet:-1, max-image-preview:large, max-video-preview:-1\" \/>\n<link rel=\"canonical\" href=\"https:\/\/koningdrone.be\/fr\/produit\/dji-air-2s-nd-filters-set-nd64-128-256-512\/\" \/>\n<meta property=\"og:locale\" content=\"fr_FR\" \/>\n<meta property=\"og:type\" content=\"article\" \/>\n<meta property=\"og:title\" content=\"DJI Air 2S ND Filters Set (ND64\/128\/256\/512)\" \/>\n<meta property=\"og:description\" content=\"Exclusief ontworpen voor DJI Air 2S Inclusief ND64-, ND128-, ND256- en ND512-filters Maakt nauwkeurige controle over de sluitertijd mogelijk Zorgt voor heldere beelden met een sluiter van 180\u00b0 Gemaakt van hoogwaardige lichtreductiematerialen Legt meer authentieke kleuren en details vast Nauwkeurig mechanisch ontwerp voor een betrouwbare pasvorm\" \/>\n<meta property=\"og:url\" content=\"https:\/\/koningdrone.be\/fr\/produit\/dji-air-2s-nd-filters-set-nd64-128-256-512\/\" \/>\n<meta property=\"og:site_name\" content=\"koningdrone.be\" \/>\n<meta property=\"article:modified_time\" content=\"2026-04-29T13:40:22+00:00\" \/>\n<meta property=\"og:image\" content=\"https:\/\/koningdrone.be\/wp-content\/uploads\/sites\/13\/2025\/04\/6941565913555-1.jpg\" \/>\n\t<meta property=\"og:image:width\" content=\"600\" \/>\n\t<meta property=\"og:image:height\" content=\"450\" \/>\n\t<meta property=\"og:image:type\" content=\"image\/jpeg\" \/>\n<meta name=\"twitter:card\" content=\"summary_large_image\" \/>\n<meta name=\"twitter:label1\" content=\"Dur\u00e9e de lecture est.\" \/>\n\t<meta name=\"twitter:data1\" content=\"1 minute\" \/>\n<script type=\"application\/ld+json\" class=\"yoast-schema-graph\">{\"@context\":\"https:\/\/schema.org\",\"@graph\":[{\"@type\":\"WebPage\",\"@id\":\"https:\/\/koningdrone.be\/product\/dji-air-2s-nd-filters-set-nd64-128-256-512\/\",\"url\":\"https:\/\/koningdrone.be\/product\/dji-air-2s-nd-filters-set-nd64-128-256-512\/\",\"name\":\"DJI Air 2S ND Filters Set (ND64\/128\/256\/512) - koningdrone.be\",\"isPartOf\":{\"@id\":\"https:\/\/koningdrone.be\/#website\"},\"primaryImageOfPage\":{\"@id\":\"https:\/\/koningdrone.be\/product\/dji-air-2s-nd-filters-set-nd64-128-256-512\/#primaryimage\"},\"image\":{\"@id\":\"https:\/\/koningdrone.be\/product\/dji-air-2s-nd-filters-set-nd64-128-256-512\/#primaryimage\"},\"thumbnailUrl\":\"https:\/\/koningdrone.be\/wp-content\/uploads\/sites\/13\/2025\/04\/6941565913555-1.jpg\",\"datePublished\":\"2021-04-16T07:14:17+00:00\",\"dateModified\":\"2026-04-29T13:40:22+00:00\",\"breadcrumb\":{\"@id\":\"https:\/\/koningdrone.be\/product\/dji-air-2s-nd-filters-set-nd64-128-256-512\/#breadcrumb\"},\"inLanguage\":\"fr-BE\",\"potentialAction\":[{\"@type\":\"ReadAction\",\"target\":[\"https:\/\/koningdrone.be\/product\/dji-air-2s-nd-filters-set-nd64-128-256-512\/\"]}]},{\"@type\":\"ImageObject\",\"inLanguage\":\"fr-BE\",\"@id\":\"https:\/\/koningdrone.be\/product\/dji-air-2s-nd-filters-set-nd64-128-256-512\/#primaryimage\",\"url\":\"https:\/\/koningdrone.be\/wp-content\/uploads\/sites\/13\/2025\/04\/6941565913555-1.jpg\",\"contentUrl\":\"https:\/\/koningdrone.be\/wp-content\/uploads\/sites\/13\/2025\/04\/6941565913555-1.jpg\",\"width\":600,\"height\":450},{\"@type\":\"BreadcrumbList\",\"@id\":\"https:\/\/koningdrone.be\/product\/dji-air-2s-nd-filters-set-nd64-128-256-512\/#breadcrumb\",\"itemListElement\":[{\"@type\":\"ListItem\",\"position\":1,\"name\":\"Home\",\"item\":\"https:\/\/koningdrone.be\/\"},{\"@type\":\"ListItem\",\"position\":2,\"name\":\"AVSS Parachute Recovery System for DJI Matrice 300\/350\",\"item\":\"https:\/\/koningdrone.be\/product\/avss-parachute-recovery-system-for-dji-matrice-300-350\/\"},{\"@type\":\"ListItem\",\"position\":3,\"name\":\"Alle ND Filters\",\"item\":\"https:\/\/koningdrone.be\/categorie\/alle-nd-filters\/\"},{\"@type\":\"ListItem\",\"position\":4,\"name\":\"DJI Air 2S ND Filters Set (ND64\/128\/256\/512)\"}]},{\"@type\":\"WebSite\",\"@id\":\"https:\/\/koningdrone.be\/#website\",\"url\":\"https:\/\/koningdrone.be\/\",\"name\":\"Koningdrone.be - Uw online specialist in drones, gimbals, camera's en power stations.\",\"description\":\"De webshop in drones en gimbals\",\"publisher\":{\"@id\":\"https:\/\/koningdrone.be\/#organization\"},\"potentialAction\":[{\"@type\":\"SearchAction\",\"target\":{\"@type\":\"EntryPoint\",\"urlTemplate\":\"https:\/\/koningdrone.be\/?s={search_term_string}\"},\"query-input\":{\"@type\":\"PropertyValueSpecification\",\"valueRequired\":true,\"valueName\":\"search_term_string\"}}],\"inLanguage\":\"fr-BE\"},{\"@type\":\"Organization\",\"@id\":\"https:\/\/koningdrone.be\/#organization\",\"name\":\"Koningdrone.be\",\"url\":\"https:\/\/koningdrone.be\/\",\"logo\":{\"@type\":\"ImageObject\",\"inLanguage\":\"fr-BE\",\"@id\":\"https:\/\/koningdrone.be\/#\/schema\/logo\/image\/\",\"url\":\"https:\/\/koningdrone.be\/wp-content\/uploads\/sites\/13\/2025\/04\/koningdrone-copyright-logo.svg\",\"contentUrl\":\"https:\/\/koningdrone.be\/wp-content\/uploads\/sites\/13\/2025\/04\/koningdrone-copyright-logo.svg\",\"width\":227,\"height\":38,\"caption\":\"Koningdrone.be\"},\"image\":{\"@id\":\"https:\/\/koningdrone.be\/#\/schema\/logo\/image\/\"}}]}<\/script>\n<!-- \/ Yoast SEO Premium plugin. -->","yoast_head_json":{"title":"DJI Air 2S ND Filters Set (ND64\/128\/256\/512) - koningdrone.be","robots":{"index":"index","follow":"follow","max-snippet":"max-snippet:-1","max-image-preview":"max-image-preview:large","max-video-preview":"max-video-preview:-1"},"canonical":"https:\/\/koningdrone.be\/fr\/produit\/dji-air-2s-nd-filters-set-nd64-128-256-512\/","og_locale":"fr_FR","og_type":"article","og_title":"DJI Air 2S ND Filters Set (ND64\/128\/256\/512)","og_description":"Exclusief ontworpen voor DJI Air 2S Inclusief ND64-, ND128-, ND256- en ND512-filters Maakt nauwkeurige controle over de sluitertijd mogelijk Zorgt voor heldere beelden met een sluiter van 180\u00b0 Gemaakt van hoogwaardige lichtreductiematerialen Legt meer authentieke kleuren en details vast Nauwkeurig mechanisch ontwerp voor een betrouwbare pasvorm","og_url":"https:\/\/koningdrone.be\/fr\/produit\/dji-air-2s-nd-filters-set-nd64-128-256-512\/","og_site_name":"koningdrone.be","article_modified_time":"2026-04-29T13:40:22+00:00","og_image":[{"width":600,"height":450,"url":"https:\/\/koningdrone.be\/wp-content\/uploads\/sites\/13\/2025\/04\/6941565913555-1.jpg","type":"image\/jpeg"}],"twitter_card":"summary_large_image","twitter_misc":{"Dur\u00e9e de lecture est.":"1 minute"},"schema":{"@context":"https:\/\/schema.org","@graph":[{"@type":"WebPage","@id":"https:\/\/koningdrone.be\/product\/dji-air-2s-nd-filters-set-nd64-128-256-512\/","url":"https:\/\/koningdrone.be\/product\/dji-air-2s-nd-filters-set-nd64-128-256-512\/","name":"DJI Air 2S ND Filters Set (ND64\/128\/256\/512) - koningdrone.be","isPartOf":{"@id":"https:\/\/koningdrone.be\/#website"},"primaryImageOfPage":{"@id":"https:\/\/koningdrone.be\/product\/dji-air-2s-nd-filters-set-nd64-128-256-512\/#primaryimage"},"image":{"@id":"https:\/\/koningdrone.be\/product\/dji-air-2s-nd-filters-set-nd64-128-256-512\/#primaryimage"},"thumbnailUrl":"https:\/\/koningdrone.be\/wp-content\/uploads\/sites\/13\/2025\/04\/6941565913555-1.jpg","datePublished":"2021-04-16T07:14:17+00:00","dateModified":"2026-04-29T13:40:22+00:00","breadcrumb":{"@id":"https:\/\/koningdrone.be\/product\/dji-air-2s-nd-filters-set-nd64-128-256-512\/#breadcrumb"},"inLanguage":"fr-BE","potentialAction":[{"@type":"ReadAction","target":["https:\/\/koningdrone.be\/product\/dji-air-2s-nd-filters-set-nd64-128-256-512\/"]}]},{"@type":"ImageObject","inLanguage":"fr-BE","@id":"https:\/\/koningdrone.be\/product\/dji-air-2s-nd-filters-set-nd64-128-256-512\/#primaryimage","url":"https:\/\/koningdrone.be\/wp-content\/uploads\/sites\/13\/2025\/04\/6941565913555-1.jpg","contentUrl":"https:\/\/koningdrone.be\/wp-content\/uploads\/sites\/13\/2025\/04\/6941565913555-1.jpg","width":600,"height":450},{"@type":"BreadcrumbList","@id":"https:\/\/koningdrone.be\/product\/dji-air-2s-nd-filters-set-nd64-128-256-512\/#breadcrumb","itemListElement":[{"@type":"ListItem","position":1,"name":"Home","item":"https:\/\/koningdrone.be\/"},{"@type":"ListItem","position":2,"name":"AVSS Parachute Recovery System for DJI Matrice 300\/350","item":"https:\/\/koningdrone.be\/product\/avss-parachute-recovery-system-for-dji-matrice-300-350\/"},{"@type":"ListItem","position":3,"name":"Alle ND Filters","item":"https:\/\/koningdrone.be\/categorie\/alle-nd-filters\/"},{"@type":"ListItem","position":4,"name":"DJI Air 2S ND Filters Set (ND64\/128\/256\/512)"}]},{"@type":"WebSite","@id":"https:\/\/koningdrone.be\/#website","url":"https:\/\/koningdrone.be\/","name":"Koningdrone.be - Votre sp\u00e9cialiste en ligne en mati\u00e8re de drones, de cardans, de cam\u00e9ras et de centrales \u00e9lectriques.","description":"La boutique en ligne de drones et de cardans","publisher":{"@id":"https:\/\/koningdrone.be\/#organization"},"potentialAction":[{"@type":"SearchAction","target":{"@type":"EntryPoint","urlTemplate":"https:\/\/koningdrone.be\/?s={search_term_string}"},"query-input":{"@type":"PropertyValueSpecification","valueRequired":true,"valueName":"search_term_string"}}],"inLanguage":"fr-BE"},{"@type":"Organization","@id":"https:\/\/koningdrone.be\/#organization","name":"Kingdrone.co.uk","url":"https:\/\/koningdrone.be\/","logo":{"@type":"ImageObject","inLanguage":"fr-BE","@id":"https:\/\/koningdrone.be\/#\/schema\/logo\/image\/","url":"https:\/\/koningdrone.be\/wp-content\/uploads\/sites\/13\/2025\/04\/koningdrone-copyright-logo.svg","contentUrl":"https:\/\/koningdrone.be\/wp-content\/uploads\/sites\/13\/2025\/04\/koningdrone-copyright-logo.svg","width":227,"height":38,"caption":"Koningdrone.be"},"image":{"@id":"https:\/\/koningdrone.be\/#\/schema\/logo\/image\/"}}]}},"df_price":79,"df_sale_price":"","df_regular_price":79,"df_image_link":"https:\/\/koningdrone.be\/wp-content\/uploads\/sites\/13\/2025\/04\/6941565913555-1-300x225.jpg","_links":{"self":[{"href":"https:\/\/koningdrone.be\/fr\/wp-json\/wp\/v2\/product\/6706","targetHints":{"allow":["GET"]}}],"collection":[{"href":"https:\/\/koningdrone.be\/fr\/wp-json\/wp\/v2\/product"}],"about":[{"href":"https:\/\/koningdrone.be\/fr\/wp-json\/wp\/v2\/types\/product"}],"wp:featuredmedia":[{"embeddable":true,"href":"https:\/\/koningdrone.be\/fr\/wp-json\/wp\/v2\/media\/6702"}],"wp:attachment":[{"href":"https:\/\/koningdrone.be\/fr\/wp-json\/wp\/v2\/media?parent=6706"}],"wp:term":[{"taxonomy":"product_brand","embeddable":true,"href":"https:\/\/koningdrone.be\/fr\/wp-json\/wp\/v2\/product_brand?post=6706"},{"taxonomy":"product_cat","embeddable":true,"href":"https:\/\/koningdrone.be\/fr\/wp-json\/wp\/v2\/product_cat?post=6706"},{"taxonomy":"product_tag","embeddable":true,"href":"https:\/\/koningdrone.be\/fr\/wp-json\/wp\/v2\/product_tag?post=6706"}],"curies":[{"name":"wp","href":"https:\/\/api.w.org\/{rel}","templated":true}]}}