{"id":6701,"date":"2021-04-16T09:14:17","date_gmt":"2021-04-16T07:14:17","guid":{"rendered":"https:\/\/koningdrone.nl\/kon\/product\/dji-air-2s-nd-filters-set-nd4-8-16-32\/"},"modified":"2026-04-29T15:40:23","modified_gmt":"2026-04-29T13:40:23","slug":"dji-air-2s-nd-filters-set-nd4-8-16-32","status":"publish","type":"product","link":"https:\/\/koningdrone.be\/fr\/produit\/dji-air-2s-nd-filters-set-nd4-8-16-32\/","title":{"rendered":"DJI Air 2S Jeu de filtres ND (ND4\/8\/16\/32)"},"content":{"rendered":"<p>Ce produit consiste en un ensemble de filtres sp\u00e9cialis\u00e9s con\u00e7us pour le drone DJI Air 2S, comprenant quatre filtres \u00e0 densit\u00e9 neutre (ND) : ND4, ND8, ND16 et ND32. Ces filtres sont essentiels pour les photographes et vid\u00e9astes de drone \u00e0 la recherche d'images professionnelles. En r\u00e9duisant la quantit\u00e9 de lumi\u00e8re qui atteint le capteur de la cam\u00e9ra, ils permettent de mieux contr\u00f4ler la vitesse d'obturation de la cam\u00e9ra, ce qui permet de capturer des images fluides et cin\u00e9matiques, m\u00eame dans des environnements tr\u00e8s \u00e9clair\u00e9s.<br \/><strong>Respect des r\u00e8gles d'obturation \u00e0 180<\/strong><\/p>\n<p> En enregistrement vid\u00e9o, le respect de la r\u00e8gle des 180\u00b0 est essentiel pour obtenir un flou de mouvement naturel, contribuant ainsi \u00e0 un aspect plus cin\u00e9matographique. Cette r\u00e8gle sugg\u00e8re que la vitesse d'obturation doit \u00eatre le double de la fr\u00e9quence d'images. Par exemple, si vous filmez \u00e0 24 images par seconde, une vitesse d'obturation de 1\/48 secondes est optimale. L'inclusion de filtres ND dans ce kit permet aux utilisateurs de suivre cette r\u00e8gle sans effort, sans avoir \u00e0 compromettre la qualit\u00e9 de l'image en modifiant les param\u00e8tres ISO du drone.<\/p>\n<p><strong>Construction de haute qualit\u00e9<\/strong><\/p>\n<p> Les filtres de ce kit sont fabriqu\u00e9s \u00e0 partir de mat\u00e9riaux de haute qualit\u00e9 qui non seulement r\u00e9duisent efficacement la lumi\u00e8re entrante, mais am\u00e9liorent \u00e9galement la reproduction des couleurs et les d\u00e9tails dans des conditions d'\u00e9clairage faibles ou fortes. Leur conception pr\u00e9cise garantit un ajustement s\u00fbr et serr\u00e9 sur le drone DJI Air 2S, cr\u00e9ant un joint fiable autour de l'objectif, m\u00eame pendant le vol. Ce kit est donc une excellente acquisition pour les amateurs de drones qui souhaitent am\u00e9liorer leurs capacit\u00e9s vid\u00e9ographiques et obtenir des images a\u00e9riennes \u00e9poustouflantes.<\/p>\n<p><\/p>","protected":false},"excerpt":{"rendered":"<ul>\n<li>Sp\u00e9cialement con\u00e7u pour le DJI Air 2S<\/li>\n<li> Filtres ND4, ND8, ND16 et ND32 inclus<\/li>\n<li> Permet un contr\u00f4le pr\u00e9cis de la vitesse d'obturation<\/li>\n<li> Garantit des images claires avec une faible sensibilit\u00e9 ISO<\/li>\n<li> Fabriqu\u00e9 avec des mat\u00e9riaux de haute qualit\u00e9 pour la r\u00e9duction de la lumi\u00e8re<\/li>\n<li> Capture des couleurs authentiques et des reflets d\u00e9taill\u00e9s<\/li>\n<li> Conception m\u00e9canique pr\u00e9cise pour une \u00e9tanch\u00e9it\u00e9 fiable de l'objectif<\/li>\n<\/ul>","protected":false},"featured_media":6698,"template":"","meta":{"_acf_changed":false},"product_brand":[],"product_cat":[172,97,1291,852],"product_tag":[],"class_list":{"0":"post-6701","1":"product","2":"type-product","3":"status-publish","4":"has-post-thumbnail","6":"product_cat-alle-nd-filters","7":"product_cat-alle-producten","8":"product_cat-dji-air-2s","9":"product_cat-nd-filters","10":"product_shipping_class-outofstock","11":"pa_brand-dji","12":"pa_productfamily-nd-filters","13":"pa_producttype-nd-filters","14":"pa_series-air-2s","16":"first","17":"outofstock","18":"taxable","19":"shipping-taxable","20":"purchasable","21":"product-type-simple"},"acf":[],"yoast_head":"<!-- This site is optimized with the Yoast SEO Premium plugin v27.2 (Yoast SEO v27.2) - https:\/\/yoast.com\/product\/yoast-seo-premium-wordpress\/ -->\n<title>DJI Air 2S ND Filters Set (ND4\/8\/16\/32) - koningdrone.be<\/title>\n<meta name=\"robots\" content=\"index, follow, max-snippet:-1, max-image-preview:large, max-video-preview:-1\" \/>\n<link rel=\"canonical\" href=\"https:\/\/koningdrone.be\/fr\/produit\/dji-air-2s-nd-filters-set-nd4-8-16-32\/\" \/>\n<meta property=\"og:locale\" content=\"fr_FR\" \/>\n<meta property=\"og:type\" content=\"article\" \/>\n<meta property=\"og:title\" content=\"DJI Air 2S ND Filters Set (ND4\/8\/16\/32)\" \/>\n<meta property=\"og:description\" content=\"Speciaal ontworpen voor DJI Air 2S Inclusief ND4-, ND8-, ND16- en ND32-filters Maakt nauwkeurige controle over de sluitertijd mogelijk Zorgt voor heldere beelden met een lage ISO Gemaakt van hoogwaardige lichtreductiematerialen Legt authentieke kleuren en gedetailleerde highlights vast Nauwkeurig mechanisch ontwerp voor betrouwbare lensafdichting\" \/>\n<meta property=\"og:url\" content=\"https:\/\/koningdrone.be\/fr\/produit\/dji-air-2s-nd-filters-set-nd4-8-16-32\/\" \/>\n<meta property=\"og:site_name\" content=\"koningdrone.be\" \/>\n<meta property=\"article:modified_time\" content=\"2026-04-29T13:40:23+00:00\" \/>\n<meta property=\"og:image\" content=\"https:\/\/koningdrone.be\/wp-content\/uploads\/sites\/13\/2025\/04\/e9b98676af51fca2cbd807ab9576b9a7@large.jpg\" \/>\n\t<meta property=\"og:image:width\" content=\"1200\" \/>\n\t<meta property=\"og:image:height\" content=\"800\" \/>\n\t<meta property=\"og:image:type\" content=\"image\/jpeg\" \/>\n<meta name=\"twitter:card\" content=\"summary_large_image\" \/>\n<meta name=\"twitter:label1\" content=\"Dur\u00e9e de lecture est.\" \/>\n\t<meta name=\"twitter:data1\" content=\"1 minute\" \/>\n<script type=\"application\/ld+json\" class=\"yoast-schema-graph\">{\"@context\":\"https:\/\/schema.org\",\"@graph\":[{\"@type\":\"WebPage\",\"@id\":\"https:\/\/koningdrone.be\/product\/dji-air-2s-nd-filters-set-nd4-8-16-32\/\",\"url\":\"https:\/\/koningdrone.be\/product\/dji-air-2s-nd-filters-set-nd4-8-16-32\/\",\"name\":\"DJI Air 2S ND Filters Set (ND4\/8\/16\/32) - koningdrone.be\",\"isPartOf\":{\"@id\":\"https:\/\/koningdrone.be\/#website\"},\"primaryImageOfPage\":{\"@id\":\"https:\/\/koningdrone.be\/product\/dji-air-2s-nd-filters-set-nd4-8-16-32\/#primaryimage\"},\"image\":{\"@id\":\"https:\/\/koningdrone.be\/product\/dji-air-2s-nd-filters-set-nd4-8-16-32\/#primaryimage\"},\"thumbnailUrl\":\"https:\/\/koningdrone.be\/wp-content\/uploads\/sites\/13\/2025\/04\/e9b98676af51fca2cbd807ab9576b9a7@large.jpg\",\"datePublished\":\"2021-04-16T07:14:17+00:00\",\"dateModified\":\"2026-04-29T13:40:23+00:00\",\"breadcrumb\":{\"@id\":\"https:\/\/koningdrone.be\/product\/dji-air-2s-nd-filters-set-nd4-8-16-32\/#breadcrumb\"},\"inLanguage\":\"fr-BE\",\"potentialAction\":[{\"@type\":\"ReadAction\",\"target\":[\"https:\/\/koningdrone.be\/product\/dji-air-2s-nd-filters-set-nd4-8-16-32\/\"]}]},{\"@type\":\"ImageObject\",\"inLanguage\":\"fr-BE\",\"@id\":\"https:\/\/koningdrone.be\/product\/dji-air-2s-nd-filters-set-nd4-8-16-32\/#primaryimage\",\"url\":\"https:\/\/koningdrone.be\/wp-content\/uploads\/sites\/13\/2025\/04\/e9b98676af51fca2cbd807ab9576b9a7@large.jpg\",\"contentUrl\":\"https:\/\/koningdrone.be\/wp-content\/uploads\/sites\/13\/2025\/04\/e9b98676af51fca2cbd807ab9576b9a7@large.jpg\",\"width\":1200,\"height\":800},{\"@type\":\"BreadcrumbList\",\"@id\":\"https:\/\/koningdrone.be\/product\/dji-air-2s-nd-filters-set-nd4-8-16-32\/#breadcrumb\",\"itemListElement\":[{\"@type\":\"ListItem\",\"position\":1,\"name\":\"Home\",\"item\":\"https:\/\/koningdrone.be\/\"},{\"@type\":\"ListItem\",\"position\":2,\"name\":\"AVSS Parachute Recovery System for DJI Matrice 300\/350\",\"item\":\"https:\/\/koningdrone.be\/product\/avss-parachute-recovery-system-for-dji-matrice-300-350\/\"},{\"@type\":\"ListItem\",\"position\":3,\"name\":\"Alle ND Filters\",\"item\":\"https:\/\/koningdrone.be\/categorie\/alle-nd-filters\/\"},{\"@type\":\"ListItem\",\"position\":4,\"name\":\"DJI Air 2S ND Filters Set (ND4\/8\/16\/32)\"}]},{\"@type\":\"WebSite\",\"@id\":\"https:\/\/koningdrone.be\/#website\",\"url\":\"https:\/\/koningdrone.be\/\",\"name\":\"Koningdrone.be - Uw online specialist in drones, gimbals, camera's en power stations.\",\"description\":\"De webshop in drones en gimbals\",\"publisher\":{\"@id\":\"https:\/\/koningdrone.be\/#organization\"},\"potentialAction\":[{\"@type\":\"SearchAction\",\"target\":{\"@type\":\"EntryPoint\",\"urlTemplate\":\"https:\/\/koningdrone.be\/?s={search_term_string}\"},\"query-input\":{\"@type\":\"PropertyValueSpecification\",\"valueRequired\":true,\"valueName\":\"search_term_string\"}}],\"inLanguage\":\"fr-BE\"},{\"@type\":\"Organization\",\"@id\":\"https:\/\/koningdrone.be\/#organization\",\"name\":\"Koningdrone.be\",\"url\":\"https:\/\/koningdrone.be\/\",\"logo\":{\"@type\":\"ImageObject\",\"inLanguage\":\"fr-BE\",\"@id\":\"https:\/\/koningdrone.be\/#\/schema\/logo\/image\/\",\"url\":\"https:\/\/koningdrone.be\/wp-content\/uploads\/sites\/13\/2025\/04\/koningdrone-copyright-logo.svg\",\"contentUrl\":\"https:\/\/koningdrone.be\/wp-content\/uploads\/sites\/13\/2025\/04\/koningdrone-copyright-logo.svg\",\"width\":227,\"height\":38,\"caption\":\"Koningdrone.be\"},\"image\":{\"@id\":\"https:\/\/koningdrone.be\/#\/schema\/logo\/image\/\"}}]}<\/script>\n<!-- \/ Yoast SEO Premium plugin. -->","yoast_head_json":{"title":"DJI Air 2S ND Filters Set (ND4\/8\/16\/32) - koningdrone.be","robots":{"index":"index","follow":"follow","max-snippet":"max-snippet:-1","max-image-preview":"max-image-preview:large","max-video-preview":"max-video-preview:-1"},"canonical":"https:\/\/koningdrone.be\/fr\/produit\/dji-air-2s-nd-filters-set-nd4-8-16-32\/","og_locale":"fr_FR","og_type":"article","og_title":"DJI Air 2S ND Filters Set (ND4\/8\/16\/32)","og_description":"Speciaal ontworpen voor DJI Air 2S Inclusief ND4-, ND8-, ND16- en ND32-filters Maakt nauwkeurige controle over de sluitertijd mogelijk Zorgt voor heldere beelden met een lage ISO Gemaakt van hoogwaardige lichtreductiematerialen Legt authentieke kleuren en gedetailleerde highlights vast Nauwkeurig mechanisch ontwerp voor betrouwbare lensafdichting","og_url":"https:\/\/koningdrone.be\/fr\/produit\/dji-air-2s-nd-filters-set-nd4-8-16-32\/","og_site_name":"koningdrone.be","article_modified_time":"2026-04-29T13:40:23+00:00","og_image":[{"width":1200,"height":800,"url":"https:\/\/koningdrone.be\/wp-content\/uploads\/sites\/13\/2025\/04\/e9b98676af51fca2cbd807ab9576b9a7@large.jpg","type":"image\/jpeg"}],"twitter_card":"summary_large_image","twitter_misc":{"Dur\u00e9e de lecture est.":"1 minute"},"schema":{"@context":"https:\/\/schema.org","@graph":[{"@type":"WebPage","@id":"https:\/\/koningdrone.be\/product\/dji-air-2s-nd-filters-set-nd4-8-16-32\/","url":"https:\/\/koningdrone.be\/product\/dji-air-2s-nd-filters-set-nd4-8-16-32\/","name":"DJI Air 2S ND Filters Set (ND4\/8\/16\/32) - koningdrone.be","isPartOf":{"@id":"https:\/\/koningdrone.be\/#website"},"primaryImageOfPage":{"@id":"https:\/\/koningdrone.be\/product\/dji-air-2s-nd-filters-set-nd4-8-16-32\/#primaryimage"},"image":{"@id":"https:\/\/koningdrone.be\/product\/dji-air-2s-nd-filters-set-nd4-8-16-32\/#primaryimage"},"thumbnailUrl":"https:\/\/koningdrone.be\/wp-content\/uploads\/sites\/13\/2025\/04\/e9b98676af51fca2cbd807ab9576b9a7@large.jpg","datePublished":"2021-04-16T07:14:17+00:00","dateModified":"2026-04-29T13:40:23+00:00","breadcrumb":{"@id":"https:\/\/koningdrone.be\/product\/dji-air-2s-nd-filters-set-nd4-8-16-32\/#breadcrumb"},"inLanguage":"fr-BE","potentialAction":[{"@type":"ReadAction","target":["https:\/\/koningdrone.be\/product\/dji-air-2s-nd-filters-set-nd4-8-16-32\/"]}]},{"@type":"ImageObject","inLanguage":"fr-BE","@id":"https:\/\/koningdrone.be\/product\/dji-air-2s-nd-filters-set-nd4-8-16-32\/#primaryimage","url":"https:\/\/koningdrone.be\/wp-content\/uploads\/sites\/13\/2025\/04\/e9b98676af51fca2cbd807ab9576b9a7@large.jpg","contentUrl":"https:\/\/koningdrone.be\/wp-content\/uploads\/sites\/13\/2025\/04\/e9b98676af51fca2cbd807ab9576b9a7@large.jpg","width":1200,"height":800},{"@type":"BreadcrumbList","@id":"https:\/\/koningdrone.be\/product\/dji-air-2s-nd-filters-set-nd4-8-16-32\/#breadcrumb","itemListElement":[{"@type":"ListItem","position":1,"name":"Home","item":"https:\/\/koningdrone.be\/"},{"@type":"ListItem","position":2,"name":"AVSS Parachute Recovery System for DJI Matrice 300\/350","item":"https:\/\/koningdrone.be\/product\/avss-parachute-recovery-system-for-dji-matrice-300-350\/"},{"@type":"ListItem","position":3,"name":"Alle ND Filters","item":"https:\/\/koningdrone.be\/categorie\/alle-nd-filters\/"},{"@type":"ListItem","position":4,"name":"DJI Air 2S ND Filters Set (ND4\/8\/16\/32)"}]},{"@type":"WebSite","@id":"https:\/\/koningdrone.be\/#website","url":"https:\/\/koningdrone.be\/","name":"Koningdrone.be - Votre sp\u00e9cialiste en ligne en mati\u00e8re de drones, de cardans, de cam\u00e9ras et de centrales \u00e9lectriques.","description":"La boutique en ligne de drones et de cardans","publisher":{"@id":"https:\/\/koningdrone.be\/#organization"},"potentialAction":[{"@type":"SearchAction","target":{"@type":"EntryPoint","urlTemplate":"https:\/\/koningdrone.be\/?s={search_term_string}"},"query-input":{"@type":"PropertyValueSpecification","valueRequired":true,"valueName":"search_term_string"}}],"inLanguage":"fr-BE"},{"@type":"Organization","@id":"https:\/\/koningdrone.be\/#organization","name":"Kingdrone.co.uk","url":"https:\/\/koningdrone.be\/","logo":{"@type":"ImageObject","inLanguage":"fr-BE","@id":"https:\/\/koningdrone.be\/#\/schema\/logo\/image\/","url":"https:\/\/koningdrone.be\/wp-content\/uploads\/sites\/13\/2025\/04\/koningdrone-copyright-logo.svg","contentUrl":"https:\/\/koningdrone.be\/wp-content\/uploads\/sites\/13\/2025\/04\/koningdrone-copyright-logo.svg","width":227,"height":38,"caption":"Koningdrone.be"},"image":{"@id":"https:\/\/koningdrone.be\/#\/schema\/logo\/image\/"}}]}},"df_price":79,"df_sale_price":"","df_regular_price":79,"df_image_link":"https:\/\/koningdrone.be\/wp-content\/uploads\/sites\/13\/2025\/04\/e9b98676af51fca2cbd807ab9576b9a7@large-300x200.jpg","_links":{"self":[{"href":"https:\/\/koningdrone.be\/fr\/wp-json\/wp\/v2\/product\/6701","targetHints":{"allow":["GET"]}}],"collection":[{"href":"https:\/\/koningdrone.be\/fr\/wp-json\/wp\/v2\/product"}],"about":[{"href":"https:\/\/koningdrone.be\/fr\/wp-json\/wp\/v2\/types\/product"}],"wp:featuredmedia":[{"embeddable":true,"href":"https:\/\/koningdrone.be\/fr\/wp-json\/wp\/v2\/media\/6698"}],"wp:attachment":[{"href":"https:\/\/koningdrone.be\/fr\/wp-json\/wp\/v2\/media?parent=6701"}],"wp:term":[{"taxonomy":"product_brand","embeddable":true,"href":"https:\/\/koningdrone.be\/fr\/wp-json\/wp\/v2\/product_brand?post=6701"},{"taxonomy":"product_cat","embeddable":true,"href":"https:\/\/koningdrone.be\/fr\/wp-json\/wp\/v2\/product_cat?post=6701"},{"taxonomy":"product_tag","embeddable":true,"href":"https:\/\/koningdrone.be\/fr\/wp-json\/wp\/v2\/product_tag?post=6701"}],"curies":[{"name":"wp","href":"https:\/\/api.w.org\/{rel}","templated":true}]}}