{"id":6697,"date":"2021-04-16T09:14:32","date_gmt":"2021-04-16T07:14:32","guid":{"rendered":"https:\/\/koningdrone.nl\/kon\/product\/flir-vue-tz20-60hz\/"},"modified":"2026-04-29T08:20:43","modified_gmt":"2026-04-29T06:20:43","slug":"flir-vue-tz20-60hz","status":"publish","type":"product","link":"https:\/\/koningdrone.be\/fr\/produit\/flir-vue-tz20-60hz\/","title":{"rendered":"FLIR Vue TZ20"},"content":{"rendered":"<h1>FLIR VUE TZ20 60Hz<\/h1>\n<p>Con\u00e7ue pour am\u00e9liorer le succ\u00e8s des missions, la charge utile plug-and-play Dual-Boson\u00ae FLIR Vue\u00ae TZ20 est enti\u00e8rement int\u00e9gr\u00e9e aux cellules DJI V2 Matrice s\u00e9rie 200 et 300. Ce syst\u00e8me offre un large champ de vision de 95 degr\u00e9s pour une connaissance maximale de l'environnement et un champ de vision \u00e9troit de 18 degr\u00e9s pour placer plus de pixels sur la cible si n\u00e9cessaire. Gr\u00e2ce \u00e0 ses capacit\u00e9s de zoom 20x, le drone FLIR Vue TZ20 permet aux pilotes des secteurs de la s\u00e9curit\u00e9 publique et de l'inspection industrielle de b\u00e9n\u00e9ficier d'un champ de vision flexible pour am\u00e9liorer le d\u00e9tail et l'agrandissement des images afin d'\u00e9valuer les situations et de prendre des d\u00e9cisions cruciales.<\/p>\n<p><strong>ZOOM THERMIQUE 20X POUR UNE MEILLEURE CONNAISSANCE DE LA SITUATION<\/strong><br \/>Large champ de vision permettant de couvrir de vastes zones en un seul vol ou d'affiner une cible, avec un zoom de 2x \u00e0 20x pour une image plus d\u00e9taill\u00e9e.<\/p>\n<p><strong>DEUX CAM\u00c9RAS HAUTE R\u00c9SOLUTION FLIR BOSON<\/strong><br \/>Deux cam\u00e9ras thermiques Boson 640 \u00d7 512 calibr\u00e9es en usine et \u00e9quip\u00e9es d'un flux vid\u00e9o infrarouge extensible \u00e0 30 Hz<\/p>\n<p><strong>Plug and Play\u00a0<\/strong><br \/>Le mod\u00e8le plug-and-play se connecte rapidement au cardan Skyport V2.0 et est compatible avec les cellules DJI V2 M200 et M300.<\/p>\n<p><strong>\u00c9LECTRIQUE ET M\u00c9CANIQUE<\/strong><br \/>Interface m\u00e9canique Skyport 2.0<\/p>\n<p><strong>ENVIRONNEMENT ET APPROBATIONS<\/strong><br \/>Stockage 2 cartes micro SD.<br \/>Temp\u00e9rature de fonctionnement et de stockage -20 \u00e0 45\u00b0C (-4 \u00e0 113\u00b0F).<br \/>Performance EMI test\u00e9e -20 \u00e0 60\u00b0C (-4 \u00e0 140\u00b0F).<br \/>Etanch\u00e9it\u00e9 ambiante IP44.<\/p>\n<p><strong>IMAGE ET OPTIQUE<\/strong><br \/>Format du tableau 2 Boson 640 \u00d7 512.<br \/>Vid\u00e9o en continu 640 \u00d7 512 \u00e0 30 Hz.<br \/>Cam\u00e9ra optique IR Grand angle de vue : 95\u00b0 HFOV, 4,9 mm EFL.<br \/>Champ de vision \u00e9troit : 18\u00b0 HFOV, 24 mm EFL.<\/p>\n<p><strong>DONN\u00c9ES DU COMPTEUR<\/strong><br \/>Capture d'images fixes : TIFF.<br \/>Vid\u00e9o : MPEG (identique \u00e0 la diffusion en continu).<br \/>TIFF multipage : FOV large et \u00e9troit.<\/p>\n<p><strong>PUISSANCE<\/strong><br \/>Interface \u00e9lectrique Skyport 2.0, 13,6 V \/ 4 A<\/p>\n<p> - Poids 640 grammes<br \/> - Zoom 5x optique (WFOV \/ NFOV), 4x num\u00e9rique<br \/> - Zoom effectif : 1x (95\u00b0), 2x, 5x, 10x, 20x (4,5\u00b0)<br \/> - Contr\u00f4le au sol DJI Pilot app<br \/> - Capacit\u00e9 Casco DJI V2 Matrice 200 series et Matrice 300<\/p>","protected":false},"excerpt":{"rendered":"<ul>\n<li>Dimensions de la charge utile : 75 \u00d7 70 \u00d7 55 mm<\/li>\n<li>Avec suspension cardanique : 128 \u00d7 154 \u00d7 141 mm<\/li>\n<li>Pas de pixel 12 \u00b5m LWIR<\/li>\n<li>Sensibilit\u00e9 thermique 85 mK @ F \/ 1,0<\/li>\n<\/ul>","protected":false},"featured_media":6695,"template":"","meta":{"_acf_changed":false},"product_brand":[],"product_cat":[298,126,97,316],"product_tag":[],"class_list":{"0":"post-6697","1":"product","2":"type-product","3":"status-publish","4":"has-post-thumbnail","6":"product_cat-alle-industriele-camera","7":"product_cat-alle-payloads","8":"product_cat-alle-producten","9":"product_cat-dji-zenmuse","10":"product_shipping_class-outofstock","11":"pa_brand-flir","12":"pa_productfamily-warmtebeeldcamera","13":"pa_producttype-warmtebeeldcamera","14":"pa_series-tz20","16":"first","17":"outofstock","18":"taxable","19":"shipping-taxable","20":"product-type-simple"},"acf":[],"yoast_head":"<!-- This site is optimized with the Yoast SEO Premium plugin v27.2 (Yoast SEO v27.2) - https:\/\/yoast.com\/product\/yoast-seo-premium-wordpress\/ -->\n<title>FLIR Vue TZ20 - koningdrone.be<\/title>\n<meta name=\"robots\" content=\"index, follow, max-snippet:-1, max-image-preview:large, max-video-preview:-1\" \/>\n<link rel=\"canonical\" href=\"https:\/\/koningdrone.be\/fr\/produit\/flir-vue-tz20-60hz\/\" \/>\n<meta property=\"og:locale\" content=\"fr_FR\" \/>\n<meta property=\"og:type\" content=\"article\" \/>\n<meta property=\"og:title\" content=\"FLIR Vue TZ20\" \/>\n<meta property=\"og:description\" content=\"Afmetingen laadvermogen: 75 \u00d7 70 \u00d7 55 mmMet cardanische ophanging: 128 \u00d7 154 \u00d7 141 mmPixel Pitch 12 \u00b5m LWIRThermische gevoeligheid 85 mK @ F \/ 1.0\" \/>\n<meta property=\"og:url\" content=\"https:\/\/koningdrone.be\/fr\/produit\/flir-vue-tz20-60hz\/\" \/>\n<meta property=\"og:site_name\" content=\"koningdrone.be\" \/>\n<meta property=\"article:modified_time\" content=\"2026-04-29T06:20:43+00:00\" \/>\n<meta property=\"og:image\" content=\"https:\/\/koningdrone.be\/wp-content\/uploads\/sites\/13\/2025\/04\/4251088413954-1.jpg\" \/>\n\t<meta property=\"og:image:width\" content=\"500\" \/>\n\t<meta property=\"og:image:height\" content=\"500\" \/>\n\t<meta property=\"og:image:type\" content=\"image\/jpeg\" \/>\n<meta name=\"twitter:card\" content=\"summary_large_image\" \/>\n<meta name=\"twitter:label1\" content=\"Dur\u00e9e de lecture est.\" \/>\n\t<meta name=\"twitter:data1\" content=\"1 minute\" \/>\n<script type=\"application\/ld+json\" class=\"yoast-schema-graph\">{\"@context\":\"https:\/\/schema.org\",\"@graph\":[{\"@type\":\"WebPage\",\"@id\":\"https:\/\/koningdrone.be\/product\/flir-vue-tz20-60hz\/\",\"url\":\"https:\/\/koningdrone.be\/product\/flir-vue-tz20-60hz\/\",\"name\":\"FLIR Vue TZ20 - koningdrone.be\",\"isPartOf\":{\"@id\":\"https:\/\/koningdrone.be\/#website\"},\"primaryImageOfPage\":{\"@id\":\"https:\/\/koningdrone.be\/product\/flir-vue-tz20-60hz\/#primaryimage\"},\"image\":{\"@id\":\"https:\/\/koningdrone.be\/product\/flir-vue-tz20-60hz\/#primaryimage\"},\"thumbnailUrl\":\"https:\/\/koningdrone.be\/wp-content\/uploads\/sites\/13\/2025\/04\/4251088413954-1.jpg\",\"datePublished\":\"2021-04-16T07:14:32+00:00\",\"dateModified\":\"2026-04-29T06:20:43+00:00\",\"breadcrumb\":{\"@id\":\"https:\/\/koningdrone.be\/product\/flir-vue-tz20-60hz\/#breadcrumb\"},\"inLanguage\":\"fr-BE\",\"potentialAction\":[{\"@type\":\"ReadAction\",\"target\":[\"https:\/\/koningdrone.be\/product\/flir-vue-tz20-60hz\/\"]}]},{\"@type\":\"ImageObject\",\"inLanguage\":\"fr-BE\",\"@id\":\"https:\/\/koningdrone.be\/product\/flir-vue-tz20-60hz\/#primaryimage\",\"url\":\"https:\/\/koningdrone.be\/wp-content\/uploads\/sites\/13\/2025\/04\/4251088413954-1.jpg\",\"contentUrl\":\"https:\/\/koningdrone.be\/wp-content\/uploads\/sites\/13\/2025\/04\/4251088413954-1.jpg\",\"width\":500,\"height\":500},{\"@type\":\"BreadcrumbList\",\"@id\":\"https:\/\/koningdrone.be\/product\/flir-vue-tz20-60hz\/#breadcrumb\",\"itemListElement\":[{\"@type\":\"ListItem\",\"position\":1,\"name\":\"Home\",\"item\":\"https:\/\/koningdrone.be\/\"},{\"@type\":\"ListItem\",\"position\":2,\"name\":\"AVSS Parachute Recovery System for DJI Matrice 300\/350\",\"item\":\"https:\/\/koningdrone.be\/product\/avss-parachute-recovery-system-for-dji-matrice-300-350\/\"},{\"@type\":\"ListItem\",\"position\":3,\"name\":\"Alle industriele camera\",\"item\":\"https:\/\/koningdrone.be\/categorie\/alle-industriele-camera\/\"},{\"@type\":\"ListItem\",\"position\":4,\"name\":\"FLIR Vue TZ20\"}]},{\"@type\":\"WebSite\",\"@id\":\"https:\/\/koningdrone.be\/#website\",\"url\":\"https:\/\/koningdrone.be\/\",\"name\":\"Koningdrone.be - Uw online specialist in drones, gimbals, camera's en power stations.\",\"description\":\"De webshop in drones en gimbals\",\"publisher\":{\"@id\":\"https:\/\/koningdrone.be\/#organization\"},\"potentialAction\":[{\"@type\":\"SearchAction\",\"target\":{\"@type\":\"EntryPoint\",\"urlTemplate\":\"https:\/\/koningdrone.be\/?s={search_term_string}\"},\"query-input\":{\"@type\":\"PropertyValueSpecification\",\"valueRequired\":true,\"valueName\":\"search_term_string\"}}],\"inLanguage\":\"fr-BE\"},{\"@type\":\"Organization\",\"@id\":\"https:\/\/koningdrone.be\/#organization\",\"name\":\"Koningdrone.be\",\"url\":\"https:\/\/koningdrone.be\/\",\"logo\":{\"@type\":\"ImageObject\",\"inLanguage\":\"fr-BE\",\"@id\":\"https:\/\/koningdrone.be\/#\/schema\/logo\/image\/\",\"url\":\"https:\/\/koningdrone.be\/wp-content\/uploads\/sites\/13\/2025\/04\/koningdrone-copyright-logo.svg\",\"contentUrl\":\"https:\/\/koningdrone.be\/wp-content\/uploads\/sites\/13\/2025\/04\/koningdrone-copyright-logo.svg\",\"width\":227,\"height\":38,\"caption\":\"Koningdrone.be\"},\"image\":{\"@id\":\"https:\/\/koningdrone.be\/#\/schema\/logo\/image\/\"}}]}<\/script>\n<!-- \/ Yoast SEO Premium plugin. -->","yoast_head_json":{"title":"FLIR Vue TZ20 - koningdrone.be","robots":{"index":"index","follow":"follow","max-snippet":"max-snippet:-1","max-image-preview":"max-image-preview:large","max-video-preview":"max-video-preview:-1"},"canonical":"https:\/\/koningdrone.be\/fr\/produit\/flir-vue-tz20-60hz\/","og_locale":"fr_FR","og_type":"article","og_title":"FLIR Vue TZ20","og_description":"Afmetingen laadvermogen: 75 \u00d7 70 \u00d7 55 mmMet cardanische ophanging: 128 \u00d7 154 \u00d7 141 mmPixel Pitch 12 \u00b5m LWIRThermische gevoeligheid 85 mK @ F \/ 1.0","og_url":"https:\/\/koningdrone.be\/fr\/produit\/flir-vue-tz20-60hz\/","og_site_name":"koningdrone.be","article_modified_time":"2026-04-29T06:20:43+00:00","og_image":[{"width":500,"height":500,"url":"https:\/\/koningdrone.be\/wp-content\/uploads\/sites\/13\/2025\/04\/4251088413954-1.jpg","type":"image\/jpeg"}],"twitter_card":"summary_large_image","twitter_misc":{"Dur\u00e9e de lecture est.":"1 minute"},"schema":{"@context":"https:\/\/schema.org","@graph":[{"@type":"WebPage","@id":"https:\/\/koningdrone.be\/product\/flir-vue-tz20-60hz\/","url":"https:\/\/koningdrone.be\/product\/flir-vue-tz20-60hz\/","name":"FLIR Vue TZ20 - koningdrone.be","isPartOf":{"@id":"https:\/\/koningdrone.be\/#website"},"primaryImageOfPage":{"@id":"https:\/\/koningdrone.be\/product\/flir-vue-tz20-60hz\/#primaryimage"},"image":{"@id":"https:\/\/koningdrone.be\/product\/flir-vue-tz20-60hz\/#primaryimage"},"thumbnailUrl":"https:\/\/koningdrone.be\/wp-content\/uploads\/sites\/13\/2025\/04\/4251088413954-1.jpg","datePublished":"2021-04-16T07:14:32+00:00","dateModified":"2026-04-29T06:20:43+00:00","breadcrumb":{"@id":"https:\/\/koningdrone.be\/product\/flir-vue-tz20-60hz\/#breadcrumb"},"inLanguage":"fr-BE","potentialAction":[{"@type":"ReadAction","target":["https:\/\/koningdrone.be\/product\/flir-vue-tz20-60hz\/"]}]},{"@type":"ImageObject","inLanguage":"fr-BE","@id":"https:\/\/koningdrone.be\/product\/flir-vue-tz20-60hz\/#primaryimage","url":"https:\/\/koningdrone.be\/wp-content\/uploads\/sites\/13\/2025\/04\/4251088413954-1.jpg","contentUrl":"https:\/\/koningdrone.be\/wp-content\/uploads\/sites\/13\/2025\/04\/4251088413954-1.jpg","width":500,"height":500},{"@type":"BreadcrumbList","@id":"https:\/\/koningdrone.be\/product\/flir-vue-tz20-60hz\/#breadcrumb","itemListElement":[{"@type":"ListItem","position":1,"name":"Home","item":"https:\/\/koningdrone.be\/"},{"@type":"ListItem","position":2,"name":"AVSS Parachute Recovery System for DJI Matrice 300\/350","item":"https:\/\/koningdrone.be\/product\/avss-parachute-recovery-system-for-dji-matrice-300-350\/"},{"@type":"ListItem","position":3,"name":"Alle industriele camera","item":"https:\/\/koningdrone.be\/categorie\/alle-industriele-camera\/"},{"@type":"ListItem","position":4,"name":"FLIR Vue TZ20"}]},{"@type":"WebSite","@id":"https:\/\/koningdrone.be\/#website","url":"https:\/\/koningdrone.be\/","name":"Koningdrone.be - Votre sp\u00e9cialiste en ligne en mati\u00e8re de drones, de cardans, de cam\u00e9ras et de centrales \u00e9lectriques.","description":"La boutique en ligne de drones et de cardans","publisher":{"@id":"https:\/\/koningdrone.be\/#organization"},"potentialAction":[{"@type":"SearchAction","target":{"@type":"EntryPoint","urlTemplate":"https:\/\/koningdrone.be\/?s={search_term_string}"},"query-input":{"@type":"PropertyValueSpecification","valueRequired":true,"valueName":"search_term_string"}}],"inLanguage":"fr-BE"},{"@type":"Organization","@id":"https:\/\/koningdrone.be\/#organization","name":"Kingdrone.co.uk","url":"https:\/\/koningdrone.be\/","logo":{"@type":"ImageObject","inLanguage":"fr-BE","@id":"https:\/\/koningdrone.be\/#\/schema\/logo\/image\/","url":"https:\/\/koningdrone.be\/wp-content\/uploads\/sites\/13\/2025\/04\/koningdrone-copyright-logo.svg","contentUrl":"https:\/\/koningdrone.be\/wp-content\/uploads\/sites\/13\/2025\/04\/koningdrone-copyright-logo.svg","width":227,"height":38,"caption":"Koningdrone.be"},"image":{"@id":"https:\/\/koningdrone.be\/#\/schema\/logo\/image\/"}}]}},"df_price":"","df_sale_price":"","df_regular_price":"","df_image_link":"https:\/\/koningdrone.be\/wp-content\/uploads\/sites\/13\/2025\/04\/4251088413954-1-300x300.jpg","_links":{"self":[{"href":"https:\/\/koningdrone.be\/fr\/wp-json\/wp\/v2\/product\/6697","targetHints":{"allow":["GET"]}}],"collection":[{"href":"https:\/\/koningdrone.be\/fr\/wp-json\/wp\/v2\/product"}],"about":[{"href":"https:\/\/koningdrone.be\/fr\/wp-json\/wp\/v2\/types\/product"}],"wp:featuredmedia":[{"embeddable":true,"href":"https:\/\/koningdrone.be\/fr\/wp-json\/wp\/v2\/media\/6695"}],"wp:attachment":[{"href":"https:\/\/koningdrone.be\/fr\/wp-json\/wp\/v2\/media?parent=6697"}],"wp:term":[{"taxonomy":"product_brand","embeddable":true,"href":"https:\/\/koningdrone.be\/fr\/wp-json\/wp\/v2\/product_brand?post=6697"},{"taxonomy":"product_cat","embeddable":true,"href":"https:\/\/koningdrone.be\/fr\/wp-json\/wp\/v2\/product_cat?post=6697"},{"taxonomy":"product_tag","embeddable":true,"href":"https:\/\/koningdrone.be\/fr\/wp-json\/wp\/v2\/product_tag?post=6697"}],"curies":[{"name":"wp","href":"https:\/\/api.w.org\/{rel}","templated":true}]}}