{"id":6685,"date":"2021-04-16T09:14:32","date_gmt":"2021-04-16T07:14:32","guid":{"rendered":"https:\/\/koningdrone.nl\/kon\/product\/livox-mid-70-lidar\/"},"modified":"2026-04-29T08:20:25","modified_gmt":"2026-04-29T06:20:25","slug":"livox-mid-70-lidar","status":"publish","type":"product","link":"https:\/\/koningdrone.be\/fr\/produit\/livox-mid-70-lidar\/","title":{"rendered":"LIVOX Mid-70 LiDAR"},"content":{"rendered":"<h1>LIVOX Mid-70 LiDAR<\/h1>\n<p>Le Mid-70 est un autre composant de notre portefeuille qui renforce l'attrait global de Livox sur le march\u00e9 gr\u00e2ce \u00e0 des applications sur mesure telles que la conduite autonome \u00e0 basse vitesse et la robotique mobile. En \u00e9largissant consid\u00e9rablement l'angle de vue vertical, en r\u00e9duisant les zones aveugles et en augmentant la pr\u00e9cision \u00e0 courte port\u00e9e, le Mid-70 fournit une qualit\u00e9 de donn\u00e9es extr\u00eamement compl\u00e8te pour les nuages de points afin de garantir une autonomie plus s\u00fbre.<\/p>\n<p><strong>Angle de vision plus large, zone aveugle r\u00e9duite<\/strong><br \/>Le champ de vision circulaire du Mid-70 s'\u00e9tend sur 70,4\u00b0 \u00e0 l'horizontale et \u00e0 la verticale, et le champ de vision minimal a \u00e9t\u00e9 r\u00e9duit \u00e0 seulement 5 cm. L'angle de vision plus grand et la zone aveugle plus petite permettent au syst\u00e8me de mieux explorer l'environnement et de reconna\u00eetre et d'\u00e9viter efficacement les petits objets. Gr\u00e2ce \u00e0 ces progr\u00e8s dans l'augmentation de l'angle de vision et la r\u00e9duction de la zone aveugle, les syst\u00e8mes de conduite autonome peuvent d\u00e9sormais \u00eatre utilis\u00e9s en toute s\u00e9curit\u00e9 pour de nombreuses applications et dans une grande vari\u00e9t\u00e9 de lieux, tels que les a\u00e9roports, les centres commerciaux, les h\u00f4pitaux et d'autres environnements complexes et tr\u00e8s fr\u00e9quent\u00e9s.<\/p>\n<p><strong>Rentabilit\u00e9<\/strong><br \/>Par rapport au march\u00e9 actuel, qui utilise principalement des \u00e9metteurs laser co\u00fbteux ou des scanners MEMS immatures, le Mid-70 utilise des composants semi-conducteurs peu co\u00fbteux et tr\u00e8s performants pour la g\u00e9n\u00e9ration et la d\u00e9tection de la lumi\u00e8re. L'ensemble du syst\u00e8me optique, y compris les unit\u00e9s de balayage, utilise des composants optiques \u00e9prouv\u00e9s et facilement disponibles, tels que ceux utilis\u00e9s dans l'industrie des lentilles optiques.<\/p>","protected":false},"excerpt":{"rendered":"<ul>\n<li>Champ de vision vertical de 70,4<\/li>\n<li>Zone de d\u00e9tection minimale de 5 cm<\/li>\n<li>2 cm pr\u00e9cision de la port\u00e9e<\/li>\n<li>&lt;0,1 \u00b0 de pr\u00e9cision angulaire<\/li>\n<\/ul>","protected":false},"featured_media":6682,"template":"","meta":{"_acf_changed":false},"product_brand":[],"product_cat":[187,97,751],"product_tag":[],"class_list":{"0":"post-6685","1":"product","2":"type-product","3":"status-publish","4":"has-post-thumbnail","6":"product_cat-alle-lidar","7":"product_cat-alle-producten","8":"product_cat-livox","9":"product_shipping_class-outofstock","10":"pa_brand-livox","11":"pa_productfamily-lidar-sensor","12":"pa_producttype-lidar-sensor","13":"pa_series-livox","15":"first","16":"outofstock","17":"taxable","18":"shipping-taxable","19":"product-type-simple"},"acf":[],"yoast_head":"<!-- This site is optimized with the Yoast SEO Premium plugin v27.2 (Yoast SEO v27.2) - https:\/\/yoast.com\/product\/yoast-seo-premium-wordpress\/ -->\n<title>LIVOX Mid-70 LiDAR - koningdrone.be<\/title>\n<meta name=\"robots\" content=\"index, follow, max-snippet:-1, max-image-preview:large, max-video-preview:-1\" \/>\n<link rel=\"canonical\" href=\"https:\/\/koningdrone.be\/fr\/produit\/livox-mid-70-lidar\/\" \/>\n<meta property=\"og:locale\" content=\"fr_FR\" \/>\n<meta property=\"og:type\" content=\"article\" \/>\n<meta property=\"og:title\" content=\"LIVOX Mid-70 LiDAR\" \/>\n<meta property=\"og:description\" content=\"70,4 \u00b0 verticaal gezichtsveld  Minimaal detectiegebied van 5 cm  2 cm bereik precisie  &lt;0,1 \u00b0 hoeknauwkeurigheid\" \/>\n<meta property=\"og:url\" content=\"https:\/\/koningdrone.be\/fr\/produit\/livox-mid-70-lidar\/\" \/>\n<meta property=\"og:site_name\" content=\"koningdrone.be\" \/>\n<meta property=\"article:modified_time\" content=\"2026-04-29T06:20:25+00:00\" \/>\n<meta property=\"og:image\" content=\"https:\/\/koningdrone.be\/wp-content\/uploads\/sites\/13\/2025\/04\/6958265189791-1.jpg\" \/>\n\t<meta property=\"og:image:width\" content=\"1280\" \/>\n\t<meta property=\"og:image:height\" content=\"800\" \/>\n\t<meta property=\"og:image:type\" content=\"image\/jpeg\" \/>\n<meta name=\"twitter:card\" content=\"summary_large_image\" \/>\n<meta name=\"twitter:label1\" content=\"Dur\u00e9e de lecture est.\" \/>\n\t<meta name=\"twitter:data1\" content=\"1 minute\" \/>\n<script type=\"application\/ld+json\" class=\"yoast-schema-graph\">{\"@context\":\"https:\/\/schema.org\",\"@graph\":[{\"@type\":\"WebPage\",\"@id\":\"https:\/\/koningdrone.be\/product\/livox-mid-70-lidar\/\",\"url\":\"https:\/\/koningdrone.be\/product\/livox-mid-70-lidar\/\",\"name\":\"LIVOX Mid-70 LiDAR - koningdrone.be\",\"isPartOf\":{\"@id\":\"https:\/\/koningdrone.be\/#website\"},\"primaryImageOfPage\":{\"@id\":\"https:\/\/koningdrone.be\/product\/livox-mid-70-lidar\/#primaryimage\"},\"image\":{\"@id\":\"https:\/\/koningdrone.be\/product\/livox-mid-70-lidar\/#primaryimage\"},\"thumbnailUrl\":\"https:\/\/koningdrone.be\/wp-content\/uploads\/sites\/13\/2025\/04\/6958265189791-1.jpg\",\"datePublished\":\"2021-04-16T07:14:32+00:00\",\"dateModified\":\"2026-04-29T06:20:25+00:00\",\"breadcrumb\":{\"@id\":\"https:\/\/koningdrone.be\/product\/livox-mid-70-lidar\/#breadcrumb\"},\"inLanguage\":\"fr-BE\",\"potentialAction\":[{\"@type\":\"ReadAction\",\"target\":[\"https:\/\/koningdrone.be\/product\/livox-mid-70-lidar\/\"]}]},{\"@type\":\"ImageObject\",\"inLanguage\":\"fr-BE\",\"@id\":\"https:\/\/koningdrone.be\/product\/livox-mid-70-lidar\/#primaryimage\",\"url\":\"https:\/\/koningdrone.be\/wp-content\/uploads\/sites\/13\/2025\/04\/6958265189791-1.jpg\",\"contentUrl\":\"https:\/\/koningdrone.be\/wp-content\/uploads\/sites\/13\/2025\/04\/6958265189791-1.jpg\",\"width\":1280,\"height\":800},{\"@type\":\"BreadcrumbList\",\"@id\":\"https:\/\/koningdrone.be\/product\/livox-mid-70-lidar\/#breadcrumb\",\"itemListElement\":[{\"@type\":\"ListItem\",\"position\":1,\"name\":\"Home\",\"item\":\"https:\/\/koningdrone.be\/\"},{\"@type\":\"ListItem\",\"position\":2,\"name\":\"AVSS Parachute Recovery System for DJI Matrice 300\/350\",\"item\":\"https:\/\/koningdrone.be\/product\/avss-parachute-recovery-system-for-dji-matrice-300-350\/\"},{\"@type\":\"ListItem\",\"position\":3,\"name\":\"Alle LiDaR\",\"item\":\"https:\/\/koningdrone.be\/categorie\/alle-lidar\/\"},{\"@type\":\"ListItem\",\"position\":4,\"name\":\"LIVOX Mid-70 LiDAR\"}]},{\"@type\":\"WebSite\",\"@id\":\"https:\/\/koningdrone.be\/#website\",\"url\":\"https:\/\/koningdrone.be\/\",\"name\":\"Koningdrone.be - Uw online specialist in drones, gimbals, camera's en power stations.\",\"description\":\"De webshop in drones en gimbals\",\"publisher\":{\"@id\":\"https:\/\/koningdrone.be\/#organization\"},\"potentialAction\":[{\"@type\":\"SearchAction\",\"target\":{\"@type\":\"EntryPoint\",\"urlTemplate\":\"https:\/\/koningdrone.be\/?s={search_term_string}\"},\"query-input\":{\"@type\":\"PropertyValueSpecification\",\"valueRequired\":true,\"valueName\":\"search_term_string\"}}],\"inLanguage\":\"fr-BE\"},{\"@type\":\"Organization\",\"@id\":\"https:\/\/koningdrone.be\/#organization\",\"name\":\"Koningdrone.be\",\"url\":\"https:\/\/koningdrone.be\/\",\"logo\":{\"@type\":\"ImageObject\",\"inLanguage\":\"fr-BE\",\"@id\":\"https:\/\/koningdrone.be\/#\/schema\/logo\/image\/\",\"url\":\"https:\/\/koningdrone.be\/wp-content\/uploads\/sites\/13\/2025\/04\/koningdrone-copyright-logo.svg\",\"contentUrl\":\"https:\/\/koningdrone.be\/wp-content\/uploads\/sites\/13\/2025\/04\/koningdrone-copyright-logo.svg\",\"width\":227,\"height\":38,\"caption\":\"Koningdrone.be\"},\"image\":{\"@id\":\"https:\/\/koningdrone.be\/#\/schema\/logo\/image\/\"}}]}<\/script>\n<!-- \/ Yoast SEO Premium plugin. -->","yoast_head_json":{"title":"LIVOX Mid-70 LiDAR - koningdrone.be","robots":{"index":"index","follow":"follow","max-snippet":"max-snippet:-1","max-image-preview":"max-image-preview:large","max-video-preview":"max-video-preview:-1"},"canonical":"https:\/\/koningdrone.be\/fr\/produit\/livox-mid-70-lidar\/","og_locale":"fr_FR","og_type":"article","og_title":"LIVOX Mid-70 LiDAR","og_description":"70,4 \u00b0 verticaal gezichtsveld  Minimaal detectiegebied van 5 cm  2 cm bereik precisie  &lt;0,1 \u00b0 hoeknauwkeurigheid","og_url":"https:\/\/koningdrone.be\/fr\/produit\/livox-mid-70-lidar\/","og_site_name":"koningdrone.be","article_modified_time":"2026-04-29T06:20:25+00:00","og_image":[{"width":1280,"height":800,"url":"https:\/\/koningdrone.be\/wp-content\/uploads\/sites\/13\/2025\/04\/6958265189791-1.jpg","type":"image\/jpeg"}],"twitter_card":"summary_large_image","twitter_misc":{"Dur\u00e9e de lecture est.":"1 minute"},"schema":{"@context":"https:\/\/schema.org","@graph":[{"@type":"WebPage","@id":"https:\/\/koningdrone.be\/product\/livox-mid-70-lidar\/","url":"https:\/\/koningdrone.be\/product\/livox-mid-70-lidar\/","name":"LIVOX Mid-70 LiDAR - koningdrone.be","isPartOf":{"@id":"https:\/\/koningdrone.be\/#website"},"primaryImageOfPage":{"@id":"https:\/\/koningdrone.be\/product\/livox-mid-70-lidar\/#primaryimage"},"image":{"@id":"https:\/\/koningdrone.be\/product\/livox-mid-70-lidar\/#primaryimage"},"thumbnailUrl":"https:\/\/koningdrone.be\/wp-content\/uploads\/sites\/13\/2025\/04\/6958265189791-1.jpg","datePublished":"2021-04-16T07:14:32+00:00","dateModified":"2026-04-29T06:20:25+00:00","breadcrumb":{"@id":"https:\/\/koningdrone.be\/product\/livox-mid-70-lidar\/#breadcrumb"},"inLanguage":"fr-BE","potentialAction":[{"@type":"ReadAction","target":["https:\/\/koningdrone.be\/product\/livox-mid-70-lidar\/"]}]},{"@type":"ImageObject","inLanguage":"fr-BE","@id":"https:\/\/koningdrone.be\/product\/livox-mid-70-lidar\/#primaryimage","url":"https:\/\/koningdrone.be\/wp-content\/uploads\/sites\/13\/2025\/04\/6958265189791-1.jpg","contentUrl":"https:\/\/koningdrone.be\/wp-content\/uploads\/sites\/13\/2025\/04\/6958265189791-1.jpg","width":1280,"height":800},{"@type":"BreadcrumbList","@id":"https:\/\/koningdrone.be\/product\/livox-mid-70-lidar\/#breadcrumb","itemListElement":[{"@type":"ListItem","position":1,"name":"Home","item":"https:\/\/koningdrone.be\/"},{"@type":"ListItem","position":2,"name":"AVSS Parachute Recovery System for DJI Matrice 300\/350","item":"https:\/\/koningdrone.be\/product\/avss-parachute-recovery-system-for-dji-matrice-300-350\/"},{"@type":"ListItem","position":3,"name":"Alle LiDaR","item":"https:\/\/koningdrone.be\/categorie\/alle-lidar\/"},{"@type":"ListItem","position":4,"name":"LIVOX Mid-70 LiDAR"}]},{"@type":"WebSite","@id":"https:\/\/koningdrone.be\/#website","url":"https:\/\/koningdrone.be\/","name":"Koningdrone.be - Votre sp\u00e9cialiste en ligne en mati\u00e8re de drones, de cardans, de cam\u00e9ras et de centrales \u00e9lectriques.","description":"La boutique en ligne de drones et de cardans","publisher":{"@id":"https:\/\/koningdrone.be\/#organization"},"potentialAction":[{"@type":"SearchAction","target":{"@type":"EntryPoint","urlTemplate":"https:\/\/koningdrone.be\/?s={search_term_string}"},"query-input":{"@type":"PropertyValueSpecification","valueRequired":true,"valueName":"search_term_string"}}],"inLanguage":"fr-BE"},{"@type":"Organization","@id":"https:\/\/koningdrone.be\/#organization","name":"Kingdrone.co.uk","url":"https:\/\/koningdrone.be\/","logo":{"@type":"ImageObject","inLanguage":"fr-BE","@id":"https:\/\/koningdrone.be\/#\/schema\/logo\/image\/","url":"https:\/\/koningdrone.be\/wp-content\/uploads\/sites\/13\/2025\/04\/koningdrone-copyright-logo.svg","contentUrl":"https:\/\/koningdrone.be\/wp-content\/uploads\/sites\/13\/2025\/04\/koningdrone-copyright-logo.svg","width":227,"height":38,"caption":"Koningdrone.be"},"image":{"@id":"https:\/\/koningdrone.be\/#\/schema\/logo\/image\/"}}]}},"df_price":"","df_sale_price":"","df_regular_price":"","df_image_link":"https:\/\/koningdrone.be\/wp-content\/uploads\/sites\/13\/2025\/04\/6958265189791-1-300x188.jpg","_links":{"self":[{"href":"https:\/\/koningdrone.be\/fr\/wp-json\/wp\/v2\/product\/6685","targetHints":{"allow":["GET"]}}],"collection":[{"href":"https:\/\/koningdrone.be\/fr\/wp-json\/wp\/v2\/product"}],"about":[{"href":"https:\/\/koningdrone.be\/fr\/wp-json\/wp\/v2\/types\/product"}],"wp:featuredmedia":[{"embeddable":true,"href":"https:\/\/koningdrone.be\/fr\/wp-json\/wp\/v2\/media\/6682"}],"wp:attachment":[{"href":"https:\/\/koningdrone.be\/fr\/wp-json\/wp\/v2\/media?parent=6685"}],"wp:term":[{"taxonomy":"product_brand","embeddable":true,"href":"https:\/\/koningdrone.be\/fr\/wp-json\/wp\/v2\/product_brand?post=6685"},{"taxonomy":"product_cat","embeddable":true,"href":"https:\/\/koningdrone.be\/fr\/wp-json\/wp\/v2\/product_cat?post=6685"},{"taxonomy":"product_tag","embeddable":true,"href":"https:\/\/koningdrone.be\/fr\/wp-json\/wp\/v2\/product_tag?post=6685"}],"curies":[{"name":"wp","href":"https:\/\/api.w.org\/{rel}","templated":true}]}}