{"id":6681,"date":"2021-04-16T09:14:32","date_gmt":"2021-04-16T07:14:32","guid":{"rendered":"https:\/\/koningdrone.nl\/kon\/product\/livox-hub-p08\/"},"modified":"2025-08-27T11:38:06","modified_gmt":"2025-08-27T09:38:06","slug":"livox-hub-p08","status":"publish","type":"product","link":"https:\/\/koningdrone.be\/fr\/produit\/livox-hub-p08\/","title":{"rendered":"Hub LIVOX (P08)"},"content":{"rendered":"<h1>Hub LIVOX (P08)<\/h1>\n<p>Le Livox Hub est une solution optimale pour l'int\u00e9gration et la gestion des capteurs LiDAR Livox et de leurs donn\u00e9es. Jusqu'\u00e0 neuf capteurs LiDAR peuvent \u00eatre connect\u00e9s \u00e0 un Hub Livox.<\/p>\n<p><strong>Conseils<\/strong><br \/>Le Livox Hub est compatible avec les appareils LiDAR Livox et les alimente en courant externe. En utilisant un c\u00e2ble d'extension avec le Mid-40, Horizon ou Tele-15, une distance de connexion maximale de 12 m\u00e8tres peut \u00eatre atteinte, avec le Mid-100 la distance de connexion maximale est de 8 m\u00e8tres. Si vous avez besoin d'une connexion plus longue, veuillez nous contacter \u00e0 l'adresse www.livoxtech.com\/contact.<\/p>\n<p><strong>Sp\u00e9cifications techniques<\/strong><br \/> - Tension d'entr\u00e9e : DC 10-23V (contactez-nous si vous souhaitez utiliser une source d'alimentation sup\u00e9rieure \u00e0 23V)<br \/> - Tension de sortie 12 V<br \/> - Puissance nominale : 130 W (mesur\u00e9e avec neuf capteurs Livox Horizon connect\u00e9s et une alimentation externe de 12 V, \u00e0 une temp\u00e9rature ambiante de 25\u00b0C. Temp\u00e9rature de fonctionnement : -40\u00b0C \u00e0 +85\u00b0C.<br \/> - Poids : environ 865 g (sans cache-bornes), environ 1352 g (avec cache-bornes)<br \/> - Dimensions : 153,2 \u00d7 201 \u00d7 29 mm (sans cache-bornes), 208 \u00d7 201 \u00d7 29 mm (avec cache-bornes)<\/p>\n<p><strong>la compatibilit\u00e9<\/strong><br \/>Milieu du quaranti\u00e8me<br \/>Moyenne 100<br \/>Horizon<br \/>T\u00e9l\u00e9-15<\/p>","protected":false},"excerpt":{"rendered":"<ul>\n<li>Le Hub Livox communique avec chaque capteur LiDAR connect\u00e9 et enregistre l'\u00e9tat, la version du firmware et l'\u00e9tat de fonctionnement.<\/li>\n<li>Le Livox Hub permet de combiner les nuages de points 3D des diff\u00e9rents capteurs avec le syst\u00e8me de coordonn\u00e9es sp\u00e9cifi\u00e9 par l'utilisateur.<\/li>\n<li>Synchronisation du temps via IEEE 1588-2008 (PTPv2) et GPS.<\/li>\n<li>Le Livox Hub est \u00e9galement pris en charge par le Livox SDK.<\/li>\n<\/ul>","protected":false},"featured_media":6676,"template":"","meta":{"_acf_changed":false},"product_brand":[],"product_cat":[187,97,751],"product_tag":[],"class_list":{"0":"post-6681","1":"product","2":"type-product","3":"status-publish","4":"has-post-thumbnail","6":"product_cat-alle-lidar","7":"product_cat-alle-producten","8":"product_cat-livox","9":"pa_brand-livox","10":"pa_productfamily-lidar-sensor","11":"pa_producttype-lidar-sensor","12":"pa_series-livox","14":"first","15":"outofstock","16":"taxable","17":"shipping-taxable","18":"product-type-simple"},"acf":[],"yoast_head":"<!-- This site is optimized with the Yoast SEO Premium plugin v27.2 (Yoast SEO v27.2) - https:\/\/yoast.com\/product\/yoast-seo-premium-wordpress\/ -->\n<title>LIVOX Hub (P08) - koningdrone.be<\/title>\n<meta name=\"robots\" content=\"index, follow, max-snippet:-1, max-image-preview:large, max-video-preview:-1\" \/>\n<link rel=\"canonical\" href=\"https:\/\/koningdrone.be\/fr\/produit\/livox-hub-p08\/\" \/>\n<meta property=\"og:locale\" content=\"fr_FR\" \/>\n<meta property=\"og:type\" content=\"article\" \/>\n<meta property=\"og:title\" content=\"LIVOX Hub (P08)\" \/>\n<meta property=\"og:description\" content=\"De Livox Hub communiceert met elke aangesloten LiDAR-sensor en registreert de status, firmwareversie en werkstatus.Met de Livox Hub kunnen de afzonderlijke 3D-puntenwolken van de afzonderlijke sensoren worden gecombineerd met het door de gebruiker opgegeven co\u00f6rdinatensysteem.Tijdsynchronisatie via IEEE 1588-2008 (PTPv2) en GPS.De Livox Hub wordt ook ondersteund door de Livox SDK.\" \/>\n<meta property=\"og:url\" content=\"https:\/\/koningdrone.be\/fr\/produit\/livox-hub-p08\/\" \/>\n<meta property=\"og:site_name\" content=\"koningdrone.be\" \/>\n<meta property=\"article:modified_time\" content=\"2025-08-27T09:38:06+00:00\" \/>\n<meta property=\"og:image\" content=\"https:\/\/koningdrone.be\/wp-content\/uploads\/sites\/13\/2025\/04\/6958265187780-1.jpg\" \/>\n\t<meta property=\"og:image:width\" content=\"1280\" \/>\n\t<meta property=\"og:image:height\" content=\"800\" \/>\n\t<meta property=\"og:image:type\" content=\"image\/jpeg\" \/>\n<meta name=\"twitter:card\" content=\"summary_large_image\" \/>\n<meta name=\"twitter:label1\" content=\"Dur\u00e9e de lecture est.\" \/>\n\t<meta name=\"twitter:data1\" content=\"1 minute\" \/>\n<script type=\"application\/ld+json\" class=\"yoast-schema-graph\">{\"@context\":\"https:\/\/schema.org\",\"@graph\":[{\"@type\":\"WebPage\",\"@id\":\"https:\/\/koningdrone.be\/product\/livox-hub-p08\/\",\"url\":\"https:\/\/koningdrone.be\/product\/livox-hub-p08\/\",\"name\":\"LIVOX Hub (P08) - koningdrone.be\",\"isPartOf\":{\"@id\":\"https:\/\/koningdrone.be\/#website\"},\"primaryImageOfPage\":{\"@id\":\"https:\/\/koningdrone.be\/product\/livox-hub-p08\/#primaryimage\"},\"image\":{\"@id\":\"https:\/\/koningdrone.be\/product\/livox-hub-p08\/#primaryimage\"},\"thumbnailUrl\":\"https:\/\/koningdrone.be\/wp-content\/uploads\/sites\/13\/2025\/04\/6958265187780-1.jpg\",\"datePublished\":\"2021-04-16T07:14:32+00:00\",\"dateModified\":\"2025-08-27T09:38:06+00:00\",\"breadcrumb\":{\"@id\":\"https:\/\/koningdrone.be\/product\/livox-hub-p08\/#breadcrumb\"},\"inLanguage\":\"fr-BE\",\"potentialAction\":[{\"@type\":\"ReadAction\",\"target\":[\"https:\/\/koningdrone.be\/product\/livox-hub-p08\/\"]}]},{\"@type\":\"ImageObject\",\"inLanguage\":\"fr-BE\",\"@id\":\"https:\/\/koningdrone.be\/product\/livox-hub-p08\/#primaryimage\",\"url\":\"https:\/\/koningdrone.be\/wp-content\/uploads\/sites\/13\/2025\/04\/6958265187780-1.jpg\",\"contentUrl\":\"https:\/\/koningdrone.be\/wp-content\/uploads\/sites\/13\/2025\/04\/6958265187780-1.jpg\",\"width\":1280,\"height\":800},{\"@type\":\"BreadcrumbList\",\"@id\":\"https:\/\/koningdrone.be\/product\/livox-hub-p08\/#breadcrumb\",\"itemListElement\":[{\"@type\":\"ListItem\",\"position\":1,\"name\":\"Home\",\"item\":\"https:\/\/koningdrone.be\/\"},{\"@type\":\"ListItem\",\"position\":2,\"name\":\"AVSS Parachute Recovery System for DJI Matrice 300\/350\",\"item\":\"https:\/\/koningdrone.be\/product\/avss-parachute-recovery-system-for-dji-matrice-300-350\/\"},{\"@type\":\"ListItem\",\"position\":3,\"name\":\"Alle LiDaR\",\"item\":\"https:\/\/koningdrone.be\/categorie\/alle-lidar\/\"},{\"@type\":\"ListItem\",\"position\":4,\"name\":\"LIVOX Hub (P08)\"}]},{\"@type\":\"WebSite\",\"@id\":\"https:\/\/koningdrone.be\/#website\",\"url\":\"https:\/\/koningdrone.be\/\",\"name\":\"Koningdrone.be - Uw online specialist in drones, gimbals, camera's en power stations.\",\"description\":\"De webshop in drones en gimbals\",\"publisher\":{\"@id\":\"https:\/\/koningdrone.be\/#organization\"},\"potentialAction\":[{\"@type\":\"SearchAction\",\"target\":{\"@type\":\"EntryPoint\",\"urlTemplate\":\"https:\/\/koningdrone.be\/?s={search_term_string}\"},\"query-input\":{\"@type\":\"PropertyValueSpecification\",\"valueRequired\":true,\"valueName\":\"search_term_string\"}}],\"inLanguage\":\"fr-BE\"},{\"@type\":\"Organization\",\"@id\":\"https:\/\/koningdrone.be\/#organization\",\"name\":\"Koningdrone.be\",\"url\":\"https:\/\/koningdrone.be\/\",\"logo\":{\"@type\":\"ImageObject\",\"inLanguage\":\"fr-BE\",\"@id\":\"https:\/\/koningdrone.be\/#\/schema\/logo\/image\/\",\"url\":\"https:\/\/koningdrone.be\/wp-content\/uploads\/sites\/13\/2025\/04\/koningdrone-copyright-logo.svg\",\"contentUrl\":\"https:\/\/koningdrone.be\/wp-content\/uploads\/sites\/13\/2025\/04\/koningdrone-copyright-logo.svg\",\"width\":227,\"height\":38,\"caption\":\"Koningdrone.be\"},\"image\":{\"@id\":\"https:\/\/koningdrone.be\/#\/schema\/logo\/image\/\"}}]}<\/script>\n<!-- \/ Yoast SEO Premium plugin. -->","yoast_head_json":{"title":"LIVOX Hub (P08) - koningdrone.be","robots":{"index":"index","follow":"follow","max-snippet":"max-snippet:-1","max-image-preview":"max-image-preview:large","max-video-preview":"max-video-preview:-1"},"canonical":"https:\/\/koningdrone.be\/fr\/produit\/livox-hub-p08\/","og_locale":"fr_FR","og_type":"article","og_title":"LIVOX Hub (P08)","og_description":"De Livox Hub communiceert met elke aangesloten LiDAR-sensor en registreert de status, firmwareversie en werkstatus.Met de Livox Hub kunnen de afzonderlijke 3D-puntenwolken van de afzonderlijke sensoren worden gecombineerd met het door de gebruiker opgegeven co\u00f6rdinatensysteem.Tijdsynchronisatie via IEEE 1588-2008 (PTPv2) en GPS.De Livox Hub wordt ook ondersteund door de Livox SDK.","og_url":"https:\/\/koningdrone.be\/fr\/produit\/livox-hub-p08\/","og_site_name":"koningdrone.be","article_modified_time":"2025-08-27T09:38:06+00:00","og_image":[{"width":1280,"height":800,"url":"https:\/\/koningdrone.be\/wp-content\/uploads\/sites\/13\/2025\/04\/6958265187780-1.jpg","type":"image\/jpeg"}],"twitter_card":"summary_large_image","twitter_misc":{"Dur\u00e9e de lecture est.":"1 minute"},"schema":{"@context":"https:\/\/schema.org","@graph":[{"@type":"WebPage","@id":"https:\/\/koningdrone.be\/product\/livox-hub-p08\/","url":"https:\/\/koningdrone.be\/product\/livox-hub-p08\/","name":"LIVOX Hub (P08) - koningdrone.be","isPartOf":{"@id":"https:\/\/koningdrone.be\/#website"},"primaryImageOfPage":{"@id":"https:\/\/koningdrone.be\/product\/livox-hub-p08\/#primaryimage"},"image":{"@id":"https:\/\/koningdrone.be\/product\/livox-hub-p08\/#primaryimage"},"thumbnailUrl":"https:\/\/koningdrone.be\/wp-content\/uploads\/sites\/13\/2025\/04\/6958265187780-1.jpg","datePublished":"2021-04-16T07:14:32+00:00","dateModified":"2025-08-27T09:38:06+00:00","breadcrumb":{"@id":"https:\/\/koningdrone.be\/product\/livox-hub-p08\/#breadcrumb"},"inLanguage":"fr-BE","potentialAction":[{"@type":"ReadAction","target":["https:\/\/koningdrone.be\/product\/livox-hub-p08\/"]}]},{"@type":"ImageObject","inLanguage":"fr-BE","@id":"https:\/\/koningdrone.be\/product\/livox-hub-p08\/#primaryimage","url":"https:\/\/koningdrone.be\/wp-content\/uploads\/sites\/13\/2025\/04\/6958265187780-1.jpg","contentUrl":"https:\/\/koningdrone.be\/wp-content\/uploads\/sites\/13\/2025\/04\/6958265187780-1.jpg","width":1280,"height":800},{"@type":"BreadcrumbList","@id":"https:\/\/koningdrone.be\/product\/livox-hub-p08\/#breadcrumb","itemListElement":[{"@type":"ListItem","position":1,"name":"Home","item":"https:\/\/koningdrone.be\/"},{"@type":"ListItem","position":2,"name":"AVSS Parachute Recovery System for DJI Matrice 300\/350","item":"https:\/\/koningdrone.be\/product\/avss-parachute-recovery-system-for-dji-matrice-300-350\/"},{"@type":"ListItem","position":3,"name":"Alle LiDaR","item":"https:\/\/koningdrone.be\/categorie\/alle-lidar\/"},{"@type":"ListItem","position":4,"name":"LIVOX Hub (P08)"}]},{"@type":"WebSite","@id":"https:\/\/koningdrone.be\/#website","url":"https:\/\/koningdrone.be\/","name":"Koningdrone.be - Votre sp\u00e9cialiste en ligne en mati\u00e8re de drones, de cardans, de cam\u00e9ras et de centrales \u00e9lectriques.","description":"La boutique en ligne de drones et de cardans","publisher":{"@id":"https:\/\/koningdrone.be\/#organization"},"potentialAction":[{"@type":"SearchAction","target":{"@type":"EntryPoint","urlTemplate":"https:\/\/koningdrone.be\/?s={search_term_string}"},"query-input":{"@type":"PropertyValueSpecification","valueRequired":true,"valueName":"search_term_string"}}],"inLanguage":"fr-BE"},{"@type":"Organization","@id":"https:\/\/koningdrone.be\/#organization","name":"Kingdrone.co.uk","url":"https:\/\/koningdrone.be\/","logo":{"@type":"ImageObject","inLanguage":"fr-BE","@id":"https:\/\/koningdrone.be\/#\/schema\/logo\/image\/","url":"https:\/\/koningdrone.be\/wp-content\/uploads\/sites\/13\/2025\/04\/koningdrone-copyright-logo.svg","contentUrl":"https:\/\/koningdrone.be\/wp-content\/uploads\/sites\/13\/2025\/04\/koningdrone-copyright-logo.svg","width":227,"height":38,"caption":"Koningdrone.be"},"image":{"@id":"https:\/\/koningdrone.be\/#\/schema\/logo\/image\/"}}]}},"df_price":"","df_sale_price":"","df_regular_price":"","df_image_link":"https:\/\/koningdrone.be\/wp-content\/uploads\/sites\/13\/2025\/04\/6958265187780-1-300x188.jpg","_links":{"self":[{"href":"https:\/\/koningdrone.be\/fr\/wp-json\/wp\/v2\/product\/6681","targetHints":{"allow":["GET"]}}],"collection":[{"href":"https:\/\/koningdrone.be\/fr\/wp-json\/wp\/v2\/product"}],"about":[{"href":"https:\/\/koningdrone.be\/fr\/wp-json\/wp\/v2\/types\/product"}],"wp:featuredmedia":[{"embeddable":true,"href":"https:\/\/koningdrone.be\/fr\/wp-json\/wp\/v2\/media\/6676"}],"wp:attachment":[{"href":"https:\/\/koningdrone.be\/fr\/wp-json\/wp\/v2\/media?parent=6681"}],"wp:term":[{"taxonomy":"product_brand","embeddable":true,"href":"https:\/\/koningdrone.be\/fr\/wp-json\/wp\/v2\/product_brand?post=6681"},{"taxonomy":"product_cat","embeddable":true,"href":"https:\/\/koningdrone.be\/fr\/wp-json\/wp\/v2\/product_cat?post=6681"},{"taxonomy":"product_tag","embeddable":true,"href":"https:\/\/koningdrone.be\/fr\/wp-json\/wp\/v2\/product_tag?post=6681"}],"curies":[{"name":"wp","href":"https:\/\/api.w.org\/{rel}","templated":true}]}}