{"id":6669,"date":"2021-04-16T09:15:06","date_gmt":"2021-04-16T07:15:06","guid":{"rendered":"https:\/\/koningdrone.nl\/kon\/product\/livox-tele-15-lidar\/"},"modified":"2026-04-29T08:20:41","modified_gmt":"2026-04-29T06:20:41","slug":"livox-tele-15-lidar","status":"publish","type":"product","link":"https:\/\/koningdrone.be\/fr\/produit\/livox-tele-15-lidar\/","title":{"rendered":"LIVOX Tele-15 LiDAR"},"content":{"rendered":"<h1>LIVOX Tele-15 LiDAR<\/h1>\n<p>Sp\u00e9cialement con\u00e7u pour mesurer de longues distances, le Livox Tele-15 est robuste, pr\u00e9cis et compact. Le capteur d\u00e9tecte les objets \u00e0 longue distance et peut donc fournir des donn\u00e9es \u00e0 un stade pr\u00e9coce, m\u00eame \u00e0 grande vitesse, pour d\u00e9clencher des r\u00e9ponses appropri\u00e9es.<\/p>\n<p><strong>Longue distance<\/strong><br \/>Le Tele-15 utilise une lentille asph\u00e9rique double de grand diam\u00e8tre et offre une port\u00e9e de d\u00e9tection allant jusqu'\u00e0 500 m afin d'\u00e9viter les probl\u00e8mes de flou habituels \u00e0 de longues distances de mise au point. Il peut atteindre une port\u00e9e de d\u00e9tection de 320 m m\u00eame lorsque la r\u00e9flectivit\u00e9 de l'objet cible n'est que de 10%. Le Tele-15 est compatible avec un micrologiciel personnalis\u00e9 permettant d'augmenter la port\u00e9e autoris\u00e9e jusqu'\u00e0 1000 m.<\/p>\n<p><strong>Pr\u00e9cision et densit\u00e9 extr\u00eamement \u00e9lev\u00e9es des nuages de points<\/strong><br \/>Le Tele-15 a une pr\u00e9cision angulaire de 0,03\u00b0 et un angle de divergence du faisceau de 0,12\u00b0 (vertical) x 0,02\u00b0 (horizontal). L'extr\u00eame pr\u00e9cision du nuage de points permet au Tele-15 de reconna\u00eetre facilement la position et le contour des objets cibles, m\u00eame s'ils sont \u00e9loign\u00e9s dans le champ de vision. Le Tele-15 peut d\u00e9tecter des objets jusqu'\u00e0 500 m de distance avec une r\u00e9flectivit\u00e9 de 80%. Pour les voitures noires ayant une r\u00e9flectivit\u00e9 plus faible, le Tele-15 peut capturer 14 points en seulement 100 ms \u00e0 une distance de 500 m, r\u00e9pondant ainsi aux exigences des algorithmes de conduite autonome en mati\u00e8re de donn\u00e9es de nuage de points.<\/p>\n<p><strong>Analyser des mod\u00e8les qui ne se r\u00e9p\u00e8tent pas<\/strong><br \/>En \u00e9mettant des lasers multilignes et des motifs de balayage non r\u00e9p\u00e9titifs, le Tele-15 peut distribuer jusqu'\u00e0 240 000 points dans son champ de vision de 15\u00b0. Le Tele-15 peut capturer 99,8% du champ de vision en seulement 100 ms. Il est donc plus puissant que les capteurs LiDAR m\u00e9caniques conventionnels \u00e0 128 lignes. Cela signifie que les v\u00e9hicules autonomes peuvent voir plus loin et de mani\u00e8re plus d\u00e9taill\u00e9e.<\/p>\n<p><strong>Robuste et fiable<\/strong><br \/>Le Tele-15 est dot\u00e9 d'un syst\u00e8me opto\u00e9lectronique innovant avec des composants photo\u00e9lectriques sans rotation, ce qui lui conf\u00e8re une plus grande fiabilit\u00e9 et une dur\u00e9e de vie plus longue. La conception pr\u00e9sente une forte r\u00e9sistance \u00e0 la d\u00e9formation thermique et est conforme aux normes automobiles VW80000 et ISO16750. Le temps d'immobilisation moyen est de 40 000 heures. Pour les v\u00e9hicules, cela correspond \u00e0 une dur\u00e9e de vie moyenne de 10 ans, conform\u00e9ment aux normes automobiles applicables. En g\u00e9n\u00e9ral, la conduite autonome r\u00e9pond aux exigences du niveau d'autonomie 3\/4.<\/p>\n<p><strong>IMU int\u00e9gr\u00e9 et SDK ouvert<\/strong><br \/>Le Tele-15 est \u00e9quip\u00e9 d'un BMI088-IMU int\u00e9gr\u00e9 qui transmet des donn\u00e9es \u00e0 une fr\u00e9quence de 200 Hz, y compris des informations d'horodatage et un code d'indicateur d'\u00e9tat. Cela facilite la cr\u00e9ation d'algorithmes de compensation de mouvement et de SLAM (localisation et cartographie simultan\u00e9es).<\/p>\n<p><strong>SDK<\/strong><br \/>Le SDK Livox prend en charge plusieurs langages de programmation, notamment C, C ++ et Python sur diff\u00e9rentes plateformes telles que Linux, Windows et ROS - ce qui facilite l'int\u00e9gration et le test des capteurs LiDAR Livox dans n'importe quel environnement. Livox fournit \u00e9galement des algorithmes couramment utilis\u00e9s, tels que le SLAM. L'\u00e9talonnage des param\u00e8tres externes permet de tirer le meilleur parti du capteur.<\/p>\n<p><strong>Excellent rapport qualit\u00e9-prix<\/strong><br \/>Livox propose la technologie brevet\u00e9e DL-Pack, des solutions de syst\u00e8mes photo\u00e9lectriques et une conception de produit hautement modulaire et automatis\u00e9e. Ces caract\u00e9ristiques minimisent la mise au point manuelle fastidieuse et d'autres processus, am\u00e9liorent les performances et permettent une production de masse et une application polyvalente de la technologie LiDAR.<\/p>\n<p><strong>B\u00e9n\u00e9fices en termes de co\u00fbts<\/strong><br \/>Tele-15 utilise des composants standard test\u00e9s pour atteindre ses performances exceptionnelles. Son prix incroyablement bas contribue \u00e9galement \u00e0 rendre la technologie LiDAR accessible \u00e0 un public plus large.<\/p>\n<p><strong>Certification de s\u00e9curit\u00e9 T\u00dcV Rheinland<\/strong><br \/>Le Tele-15 peut d\u00e9tecter des objets jusqu'\u00e0 une distance de 500 m\u00e8tres gr\u00e2ce \u00e0 un syst\u00e8me optique coaxial. Le syst\u00e8me laser est certifi\u00e9 par le T\u00dcV Rheinland et est conforme \u00e0 la classe 1 de la norme laser IEC 60825-1 : 2014. Cette classe est la plus basse et la plus s\u00fbre de tous les lasers et est donc inoffensive pour l'\u0153il humain.<\/p>","protected":false},"excerpt":{"rendered":"<ul>\n<li>Densit\u00e9 de nuages de points sup\u00e9rieure \u00e0 128 lignes et \u00e0 tr\u00e8s haute densit\u00e9<\/li>\n<li>Peut d\u00e9tecter des objets \u00e0 une distance allant jusqu'\u00e0 500 m\u00e8tres<\/li>\n<li>Ultra-haute pr\u00e9cision des nuages de points<\/li>\n<li>Stable et fiable<\/li>\n<\/ul>","protected":false},"featured_media":6667,"template":"","meta":{"_acf_changed":false},"product_brand":[],"product_cat":[187,97,751],"product_tag":[],"class_list":{"0":"post-6669","1":"product","2":"type-product","3":"status-publish","4":"has-post-thumbnail","6":"product_cat-alle-lidar","7":"product_cat-alle-producten","8":"product_cat-livox","9":"product_shipping_class-outofstock","10":"pa_brand-livox","11":"pa_productfamily-lidar-sensor","12":"pa_producttype-lidar-sensor","13":"pa_series-livox","15":"first","16":"outofstock","17":"taxable","18":"shipping-taxable","19":"product-type-simple"},"acf":[],"yoast_head":"<!-- This site is optimized with the Yoast SEO Premium plugin v27.2 (Yoast SEO v27.2) - https:\/\/yoast.com\/product\/yoast-seo-premium-wordpress\/ -->\n<title>LIVOX Tele-15 LiDAR - koningdrone.be<\/title>\n<meta name=\"robots\" content=\"index, follow, max-snippet:-1, max-image-preview:large, max-video-preview:-1\" \/>\n<link rel=\"canonical\" href=\"https:\/\/koningdrone.be\/fr\/produit\/livox-tele-15-lidar\/\" \/>\n<meta property=\"og:locale\" content=\"fr_FR\" \/>\n<meta property=\"og:type\" content=\"article\" \/>\n<meta property=\"og:title\" content=\"LIVOX Tele-15 LiDAR\" \/>\n<meta property=\"og:description\" content=\"Superieur aan 128-lijnen ultrahoge puntenwolkendichtheid  Kan objecten detecteren op een afstand van maximaal 500 meter  Ultrahoge precisie van puntenwolken  Stabiel en betrouwbaar\" \/>\n<meta property=\"og:url\" content=\"https:\/\/koningdrone.be\/fr\/produit\/livox-tele-15-lidar\/\" \/>\n<meta property=\"og:site_name\" content=\"koningdrone.be\" \/>\n<meta property=\"article:modified_time\" content=\"2026-04-29T06:20:41+00:00\" \/>\n<meta property=\"og:image\" content=\"https:\/\/koningdrone.be\/wp-content\/uploads\/sites\/13\/2025\/04\/6941565907387-1.jpg\" \/>\n\t<meta property=\"og:image:width\" content=\"1280\" \/>\n\t<meta property=\"og:image:height\" content=\"800\" \/>\n\t<meta property=\"og:image:type\" content=\"image\/jpeg\" \/>\n<meta name=\"twitter:card\" content=\"summary_large_image\" \/>\n<meta name=\"twitter:label1\" content=\"Dur\u00e9e de lecture est.\" \/>\n\t<meta name=\"twitter:data1\" content=\"3 minutes\" \/>\n<script type=\"application\/ld+json\" class=\"yoast-schema-graph\">{\"@context\":\"https:\/\/schema.org\",\"@graph\":[{\"@type\":\"WebPage\",\"@id\":\"https:\/\/koningdrone.be\/product\/livox-tele-15-lidar\/\",\"url\":\"https:\/\/koningdrone.be\/product\/livox-tele-15-lidar\/\",\"name\":\"LIVOX Tele-15 LiDAR - koningdrone.be\",\"isPartOf\":{\"@id\":\"https:\/\/koningdrone.be\/#website\"},\"primaryImageOfPage\":{\"@id\":\"https:\/\/koningdrone.be\/product\/livox-tele-15-lidar\/#primaryimage\"},\"image\":{\"@id\":\"https:\/\/koningdrone.be\/product\/livox-tele-15-lidar\/#primaryimage\"},\"thumbnailUrl\":\"https:\/\/koningdrone.be\/wp-content\/uploads\/sites\/13\/2025\/04\/6941565907387-1.jpg\",\"datePublished\":\"2021-04-16T07:15:06+00:00\",\"dateModified\":\"2026-04-29T06:20:41+00:00\",\"breadcrumb\":{\"@id\":\"https:\/\/koningdrone.be\/product\/livox-tele-15-lidar\/#breadcrumb\"},\"inLanguage\":\"fr-BE\",\"potentialAction\":[{\"@type\":\"ReadAction\",\"target\":[\"https:\/\/koningdrone.be\/product\/livox-tele-15-lidar\/\"]}]},{\"@type\":\"ImageObject\",\"inLanguage\":\"fr-BE\",\"@id\":\"https:\/\/koningdrone.be\/product\/livox-tele-15-lidar\/#primaryimage\",\"url\":\"https:\/\/koningdrone.be\/wp-content\/uploads\/sites\/13\/2025\/04\/6941565907387-1.jpg\",\"contentUrl\":\"https:\/\/koningdrone.be\/wp-content\/uploads\/sites\/13\/2025\/04\/6941565907387-1.jpg\",\"width\":1280,\"height\":800},{\"@type\":\"BreadcrumbList\",\"@id\":\"https:\/\/koningdrone.be\/product\/livox-tele-15-lidar\/#breadcrumb\",\"itemListElement\":[{\"@type\":\"ListItem\",\"position\":1,\"name\":\"Home\",\"item\":\"https:\/\/koningdrone.be\/\"},{\"@type\":\"ListItem\",\"position\":2,\"name\":\"AVSS Parachute Recovery System for DJI Matrice 300\/350\",\"item\":\"https:\/\/koningdrone.be\/product\/avss-parachute-recovery-system-for-dji-matrice-300-350\/\"},{\"@type\":\"ListItem\",\"position\":3,\"name\":\"Alle LiDaR\",\"item\":\"https:\/\/koningdrone.be\/categorie\/alle-lidar\/\"},{\"@type\":\"ListItem\",\"position\":4,\"name\":\"LIVOX Tele-15 LiDAR\"}]},{\"@type\":\"WebSite\",\"@id\":\"https:\/\/koningdrone.be\/#website\",\"url\":\"https:\/\/koningdrone.be\/\",\"name\":\"Koningdrone.be - Uw online specialist in drones, gimbals, camera's en power stations.\",\"description\":\"De webshop in drones en gimbals\",\"publisher\":{\"@id\":\"https:\/\/koningdrone.be\/#organization\"},\"potentialAction\":[{\"@type\":\"SearchAction\",\"target\":{\"@type\":\"EntryPoint\",\"urlTemplate\":\"https:\/\/koningdrone.be\/?s={search_term_string}\"},\"query-input\":{\"@type\":\"PropertyValueSpecification\",\"valueRequired\":true,\"valueName\":\"search_term_string\"}}],\"inLanguage\":\"fr-BE\"},{\"@type\":\"Organization\",\"@id\":\"https:\/\/koningdrone.be\/#organization\",\"name\":\"Koningdrone.be\",\"url\":\"https:\/\/koningdrone.be\/\",\"logo\":{\"@type\":\"ImageObject\",\"inLanguage\":\"fr-BE\",\"@id\":\"https:\/\/koningdrone.be\/#\/schema\/logo\/image\/\",\"url\":\"https:\/\/koningdrone.be\/wp-content\/uploads\/sites\/13\/2025\/04\/koningdrone-copyright-logo.svg\",\"contentUrl\":\"https:\/\/koningdrone.be\/wp-content\/uploads\/sites\/13\/2025\/04\/koningdrone-copyright-logo.svg\",\"width\":227,\"height\":38,\"caption\":\"Koningdrone.be\"},\"image\":{\"@id\":\"https:\/\/koningdrone.be\/#\/schema\/logo\/image\/\"}}]}<\/script>\n<!-- \/ Yoast SEO Premium plugin. -->","yoast_head_json":{"title":"LIVOX Tele-15 LiDAR - koningdrone.be","robots":{"index":"index","follow":"follow","max-snippet":"max-snippet:-1","max-image-preview":"max-image-preview:large","max-video-preview":"max-video-preview:-1"},"canonical":"https:\/\/koningdrone.be\/fr\/produit\/livox-tele-15-lidar\/","og_locale":"fr_FR","og_type":"article","og_title":"LIVOX Tele-15 LiDAR","og_description":"Superieur aan 128-lijnen ultrahoge puntenwolkendichtheid  Kan objecten detecteren op een afstand van maximaal 500 meter  Ultrahoge precisie van puntenwolken  Stabiel en betrouwbaar","og_url":"https:\/\/koningdrone.be\/fr\/produit\/livox-tele-15-lidar\/","og_site_name":"koningdrone.be","article_modified_time":"2026-04-29T06:20:41+00:00","og_image":[{"width":1280,"height":800,"url":"https:\/\/koningdrone.be\/wp-content\/uploads\/sites\/13\/2025\/04\/6941565907387-1.jpg","type":"image\/jpeg"}],"twitter_card":"summary_large_image","twitter_misc":{"Dur\u00e9e de lecture est.":"3 minutes"},"schema":{"@context":"https:\/\/schema.org","@graph":[{"@type":"WebPage","@id":"https:\/\/koningdrone.be\/product\/livox-tele-15-lidar\/","url":"https:\/\/koningdrone.be\/product\/livox-tele-15-lidar\/","name":"LIVOX Tele-15 LiDAR - koningdrone.be","isPartOf":{"@id":"https:\/\/koningdrone.be\/#website"},"primaryImageOfPage":{"@id":"https:\/\/koningdrone.be\/product\/livox-tele-15-lidar\/#primaryimage"},"image":{"@id":"https:\/\/koningdrone.be\/product\/livox-tele-15-lidar\/#primaryimage"},"thumbnailUrl":"https:\/\/koningdrone.be\/wp-content\/uploads\/sites\/13\/2025\/04\/6941565907387-1.jpg","datePublished":"2021-04-16T07:15:06+00:00","dateModified":"2026-04-29T06:20:41+00:00","breadcrumb":{"@id":"https:\/\/koningdrone.be\/product\/livox-tele-15-lidar\/#breadcrumb"},"inLanguage":"fr-BE","potentialAction":[{"@type":"ReadAction","target":["https:\/\/koningdrone.be\/product\/livox-tele-15-lidar\/"]}]},{"@type":"ImageObject","inLanguage":"fr-BE","@id":"https:\/\/koningdrone.be\/product\/livox-tele-15-lidar\/#primaryimage","url":"https:\/\/koningdrone.be\/wp-content\/uploads\/sites\/13\/2025\/04\/6941565907387-1.jpg","contentUrl":"https:\/\/koningdrone.be\/wp-content\/uploads\/sites\/13\/2025\/04\/6941565907387-1.jpg","width":1280,"height":800},{"@type":"BreadcrumbList","@id":"https:\/\/koningdrone.be\/product\/livox-tele-15-lidar\/#breadcrumb","itemListElement":[{"@type":"ListItem","position":1,"name":"Home","item":"https:\/\/koningdrone.be\/"},{"@type":"ListItem","position":2,"name":"AVSS Parachute Recovery System for DJI Matrice 300\/350","item":"https:\/\/koningdrone.be\/product\/avss-parachute-recovery-system-for-dji-matrice-300-350\/"},{"@type":"ListItem","position":3,"name":"Alle LiDaR","item":"https:\/\/koningdrone.be\/categorie\/alle-lidar\/"},{"@type":"ListItem","position":4,"name":"LIVOX Tele-15 LiDAR"}]},{"@type":"WebSite","@id":"https:\/\/koningdrone.be\/#website","url":"https:\/\/koningdrone.be\/","name":"Koningdrone.be - Votre sp\u00e9cialiste en ligne en mati\u00e8re de drones, de cardans, de cam\u00e9ras et de centrales \u00e9lectriques.","description":"La boutique en ligne de drones et de cardans","publisher":{"@id":"https:\/\/koningdrone.be\/#organization"},"potentialAction":[{"@type":"SearchAction","target":{"@type":"EntryPoint","urlTemplate":"https:\/\/koningdrone.be\/?s={search_term_string}"},"query-input":{"@type":"PropertyValueSpecification","valueRequired":true,"valueName":"search_term_string"}}],"inLanguage":"fr-BE"},{"@type":"Organization","@id":"https:\/\/koningdrone.be\/#organization","name":"Kingdrone.co.uk","url":"https:\/\/koningdrone.be\/","logo":{"@type":"ImageObject","inLanguage":"fr-BE","@id":"https:\/\/koningdrone.be\/#\/schema\/logo\/image\/","url":"https:\/\/koningdrone.be\/wp-content\/uploads\/sites\/13\/2025\/04\/koningdrone-copyright-logo.svg","contentUrl":"https:\/\/koningdrone.be\/wp-content\/uploads\/sites\/13\/2025\/04\/koningdrone-copyright-logo.svg","width":227,"height":38,"caption":"Koningdrone.be"},"image":{"@id":"https:\/\/koningdrone.be\/#\/schema\/logo\/image\/"}}]}},"df_price":"","df_sale_price":"","df_regular_price":"","df_image_link":"https:\/\/koningdrone.be\/wp-content\/uploads\/sites\/13\/2025\/04\/6941565907387-1-300x188.jpg","_links":{"self":[{"href":"https:\/\/koningdrone.be\/fr\/wp-json\/wp\/v2\/product\/6669","targetHints":{"allow":["GET"]}}],"collection":[{"href":"https:\/\/koningdrone.be\/fr\/wp-json\/wp\/v2\/product"}],"about":[{"href":"https:\/\/koningdrone.be\/fr\/wp-json\/wp\/v2\/types\/product"}],"wp:featuredmedia":[{"embeddable":true,"href":"https:\/\/koningdrone.be\/fr\/wp-json\/wp\/v2\/media\/6667"}],"wp:attachment":[{"href":"https:\/\/koningdrone.be\/fr\/wp-json\/wp\/v2\/media?parent=6669"}],"wp:term":[{"taxonomy":"product_brand","embeddable":true,"href":"https:\/\/koningdrone.be\/fr\/wp-json\/wp\/v2\/product_brand?post=6669"},{"taxonomy":"product_cat","embeddable":true,"href":"https:\/\/koningdrone.be\/fr\/wp-json\/wp\/v2\/product_cat?post=6669"},{"taxonomy":"product_tag","embeddable":true,"href":"https:\/\/koningdrone.be\/fr\/wp-json\/wp\/v2\/product_tag?post=6669"}],"curies":[{"name":"wp","href":"https:\/\/api.w.org\/{rel}","templated":true}]}}