{"id":6660,"date":"2021-04-16T09:15:06","date_gmt":"2021-04-16T07:15:06","guid":{"rendered":"https:\/\/koningdrone.nl\/kon\/product\/livox-horizon-lidar\/"},"modified":"2026-04-29T08:10:53","modified_gmt":"2026-04-29T06:10:53","slug":"livox-horizon-lidar","status":"publish","type":"product","link":"https:\/\/koningdrone.be\/fr\/produit\/livox-horizon-lidar\/","title":{"rendered":"LIVOX Horizon LiDAR"},"content":{"rendered":"<h1>LIVOX Horizon LiDAR<\/h1>\n<p>Livox Horizon est un puissant capteur LiDAR sp\u00e9cialement con\u00e7u pour les applications de niveaux d'autonomie 3 et 4. Il offre un nuage de points particuli\u00e8rement dense et, avec une port\u00e9e allant jusqu'\u00e0 260 m\u00e8tres, il est sp\u00e9cialement con\u00e7u pour mesurer des distances plus longues. Il est si compact qu'il peut \u00eatre facilement int\u00e9gr\u00e9 dans les v\u00e9hicules. Avec un co\u00fbt de seulement 1% par rapport aux capteurs LiDAR conventionnels, il est \u00e9galement exceptionnellement abordable. Livox Horizon est sur le point de r\u00e9inventer compl\u00e8tement l'industrie du LIDAR. Gr\u00e2ce \u00e0 des technologies innovantes et \u00e0 des \u00e9conomies consid\u00e9rables, la production de masse de v\u00e9hicules autonomes peut devenir une r\u00e9alit\u00e9.<\/p>\n<p><strong>CHAMP DE VISION LARGE POUR LA CONDUITE AUTONOME<\/strong><br \/>Sa port\u00e9e de d\u00e9tection et son champ de vision rectangulaire font du Livox Horizon le capteur id\u00e9al pour les applications de conduite autonome. Le mod\u00e8le de balayage innovant offre un champ de vision de 81,7\u00b0 horizontalement et de 25,1\u00b0 verticalement. Seuls cinq capteurs Livox Horizon permettent une couverture compl\u00e8te du champ de vision \u00e0 360\u00b0.<\/p>\n<p><strong>LA COUVERTURE \u00c9LEV\u00c9E \u00c9LIMINE LES ANGLES MORTS<\/strong><br \/>Livox Horizon offre une couverture de nuages de points trois fois sup\u00e9rieure \u00e0 celle de la s\u00e9rie Mid. Cela est rendu possible par le mod\u00e8le de balayage horizontal non r\u00e9p\u00e9titif avec plusieurs t\u00eates laser. Le taux de couverture du nuage de points atteint presque 100% en peu de temps. Le nuage de points d\u00e9passe de loin la densit\u00e9 d'un capteur LiDAR m\u00e9canique de 64 lignes, ce qui garantit une conduite autonome s\u00fbre et fiable. En outre, la r\u00e9partition plus homog\u00e8ne de la densit\u00e9 dans le nuage de points permet de capturer l'espace dans le champ de vision sans angles morts.<\/p>\n<p><strong>LIB\u00c9RER LE POTENTIEL<\/strong><br \/>Le SDK Livox prend en charge plusieurs langages de programmation, notamment C, C ++ et Python sur diff\u00e9rentes plateformes telles que Linux, Windows et ROS - ce qui facilite l'int\u00e9gration et le test des capteurs LiDAR Livox dans n'importe quel environnement. Livox fournit \u00e9galement des algorithmes couramment utilis\u00e9s (tels que SLAM ; localisation et cartographie simultan\u00e9es). L'\u00e9talonnage des param\u00e8tres externes aide les utilisateurs \u00e0 tirer le meilleur parti du capteur.<\/p>\n<p><strong>INFORMATIONS CLASSIFI\u00c9ES<\/strong><br \/>Livox fournit \u00e9galement des donn\u00e9es classifi\u00e9es pour les objets courants tels que les v\u00e9hicules, les pi\u00e9tons ou les bicyclettes. Cela permet aux d\u00e9veloppeurs de v\u00e9rifier les algorithmes plus rapidement et de r\u00e9duire les co\u00fbts d'apprentissage. Cela augmente l'efficacit\u00e9 et offre d'autres avantages lors de l'utilisation des capteurs LiDAR de Livox.<\/p>\n<p><strong>ROBUSTE ET FIABLE<\/strong><br \/>Les capteurs LiDAR Horizon utilisent un syst\u00e8me opto\u00e9lectronique innovant et sont d\u00e9pourvus de composants m\u00e9caniques et rotatifs. Les capteurs Livox sont donc plus fiables et plus robustes que les capteurs LiDAR traditionnels dot\u00e9s de composants opto\u00e9lectroniques mobiles. Cette conception permet d'\u00e9viter les probl\u00e8mes souvent associ\u00e9s aux LiDAR \u00e0 semi-conducteurs, tels que le co\u00fbt \u00e9lev\u00e9, les faibles port\u00e9es de d\u00e9tection et les d\u00e9faillances dues \u00e0 une technologie immature. En outre, le capteur LiDAR Livox Horizon est con\u00e7u pour r\u00e9pondre aux normes des v\u00e9hicules autonomes VW 80000 et ISO 16750 et satisfaire aux exigences des applications de production de masse dans les niveaux 3 et 4 de la conduite autonome.<\/p>\n<p><strong>LA PRODUCTION EN S\u00c9RIE EN CHIFFRES<\/strong><br \/>Traditionnellement, trouver un capteur LiDAR bon march\u00e9, puissant, fiable et pr\u00eat pour une production en s\u00e9rie \u00e0 haut volume a \u00e9t\u00e9 un d\u00e9fi majeur. Les d\u00e9veloppements dans des domaines tels que la conduite autonome, la robotique, la logistique, la cartographie ou la s\u00e9curit\u00e9 ont jusqu'\u00e0 pr\u00e9sent \u00e9t\u00e9 limit\u00e9s par des facteurs tels que le co\u00fbt \u00e9lev\u00e9 ou la faible disponibilit\u00e9 de la technologie LiDAR. Livox est sur le point de r\u00e9volutionner l'industrie LiDAR. Les multiples \u00e9metteurs-r\u00e9cepteurs laser dot\u00e9s d'unit\u00e9s d'\u00e9mission et de r\u00e9ception fiables, leurs mod\u00e8les de balayage d\u00e9di\u00e9s et une conception de produit modulaire sp\u00e9cialement adapt\u00e9e \u00e0 l'industrie automobile conf\u00e8rent \u00e0 la technologie LiDAR un potentiel de production et d'application de masse.<\/p>\n<p><strong>AVANTAGES EN TERMES DE CO\u00dbTS<\/strong><br \/>Outre la conception unique du produit, qui permet une production en grande quantit\u00e9, le syst\u00e8me optique des capteurs Horizon LiDAR utilise des composants \u00e9prouv\u00e9s et facilement disponibles. Ils garantissent d'excellentes performances gr\u00e2ce \u00e0 des \u00e9metteurs-r\u00e9cepteurs peu co\u00fbteux et rendent le capteur Horizon LiDAR particuli\u00e8rement abordable.<\/p>","protected":false},"excerpt":{"rendered":"<ul>\n<li>Un co\u00fbt \u00e9lev\u00e9<\/li>\n<li>Champ de vision plus large et nuage de points plus dense<\/li>\n<li>\u00c9quivalent \u00e0 des effets LiDAR de 64 lignes<\/li>\n<li>Une m\u00e9thode de balayage plus reconnaissable<\/li>\n<\/ul>","protected":false},"featured_media":6658,"template":"","meta":{"_acf_changed":false},"product_brand":[],"product_cat":[187,97,751],"product_tag":[],"class_list":{"0":"post-6660","1":"product","2":"type-product","3":"status-publish","4":"has-post-thumbnail","6":"product_cat-alle-lidar","7":"product_cat-alle-producten","8":"product_cat-livox","9":"product_shipping_class-outofstock","10":"pa_brand-livox","11":"pa_productfamily-lidar-sensor","12":"pa_producttype-lidar-sensor","13":"pa_series-livox","15":"first","16":"outofstock","17":"taxable","18":"shipping-taxable","19":"product-type-simple"},"acf":[],"yoast_head":"<!-- This site is optimized with the Yoast SEO Premium plugin v27.2 (Yoast SEO v27.2) - https:\/\/yoast.com\/product\/yoast-seo-premium-wordpress\/ -->\n<title>LIVOX Horizon LiDAR - koningdrone.be<\/title>\n<meta name=\"robots\" content=\"index, follow, max-snippet:-1, max-image-preview:large, max-video-preview:-1\" \/>\n<link rel=\"canonical\" href=\"https:\/\/koningdrone.be\/fr\/produit\/livox-horizon-lidar\/\" \/>\n<meta property=\"og:locale\" content=\"fr_FR\" \/>\n<meta property=\"og:type\" content=\"article\" \/>\n<meta property=\"og:title\" content=\"LIVOX Horizon LiDAR\" \/>\n<meta property=\"og:description\" content=\"Hoge kostenprestaties  Breder gezichtsveld en dichtere puntenwolk  Gelijk aan 64-regelige LiDAR-effecten  Meer herkenbare scanmethode\" \/>\n<meta property=\"og:url\" content=\"https:\/\/koningdrone.be\/fr\/produit\/livox-horizon-lidar\/\" \/>\n<meta property=\"og:site_name\" content=\"koningdrone.be\" \/>\n<meta property=\"article:modified_time\" content=\"2026-04-29T06:10:53+00:00\" \/>\n<meta property=\"og:image\" content=\"https:\/\/koningdrone.be\/wp-content\/uploads\/sites\/13\/2025\/04\/6941565907394-1.jpg\" \/>\n\t<meta property=\"og:image:width\" content=\"1280\" \/>\n\t<meta property=\"og:image:height\" content=\"800\" \/>\n\t<meta property=\"og:image:type\" content=\"image\/jpeg\" \/>\n<meta name=\"twitter:card\" content=\"summary_large_image\" \/>\n<meta name=\"twitter:label1\" content=\"Dur\u00e9e de lecture est.\" \/>\n\t<meta name=\"twitter:data1\" content=\"3 minutes\" \/>\n<script type=\"application\/ld+json\" class=\"yoast-schema-graph\">{\"@context\":\"https:\/\/schema.org\",\"@graph\":[{\"@type\":\"WebPage\",\"@id\":\"https:\/\/koningdrone.be\/product\/livox-horizon-lidar\/\",\"url\":\"https:\/\/koningdrone.be\/product\/livox-horizon-lidar\/\",\"name\":\"LIVOX Horizon LiDAR - koningdrone.be\",\"isPartOf\":{\"@id\":\"https:\/\/koningdrone.be\/#website\"},\"primaryImageOfPage\":{\"@id\":\"https:\/\/koningdrone.be\/product\/livox-horizon-lidar\/#primaryimage\"},\"image\":{\"@id\":\"https:\/\/koningdrone.be\/product\/livox-horizon-lidar\/#primaryimage\"},\"thumbnailUrl\":\"https:\/\/koningdrone.be\/wp-content\/uploads\/sites\/13\/2025\/04\/6941565907394-1.jpg\",\"datePublished\":\"2021-04-16T07:15:06+00:00\",\"dateModified\":\"2026-04-29T06:10:53+00:00\",\"breadcrumb\":{\"@id\":\"https:\/\/koningdrone.be\/product\/livox-horizon-lidar\/#breadcrumb\"},\"inLanguage\":\"fr-BE\",\"potentialAction\":[{\"@type\":\"ReadAction\",\"target\":[\"https:\/\/koningdrone.be\/product\/livox-horizon-lidar\/\"]}]},{\"@type\":\"ImageObject\",\"inLanguage\":\"fr-BE\",\"@id\":\"https:\/\/koningdrone.be\/product\/livox-horizon-lidar\/#primaryimage\",\"url\":\"https:\/\/koningdrone.be\/wp-content\/uploads\/sites\/13\/2025\/04\/6941565907394-1.jpg\",\"contentUrl\":\"https:\/\/koningdrone.be\/wp-content\/uploads\/sites\/13\/2025\/04\/6941565907394-1.jpg\",\"width\":1280,\"height\":800},{\"@type\":\"BreadcrumbList\",\"@id\":\"https:\/\/koningdrone.be\/product\/livox-horizon-lidar\/#breadcrumb\",\"itemListElement\":[{\"@type\":\"ListItem\",\"position\":1,\"name\":\"Home\",\"item\":\"https:\/\/koningdrone.be\/\"},{\"@type\":\"ListItem\",\"position\":2,\"name\":\"AVSS Parachute Recovery System for DJI Matrice 300\/350\",\"item\":\"https:\/\/koningdrone.be\/product\/avss-parachute-recovery-system-for-dji-matrice-300-350\/\"},{\"@type\":\"ListItem\",\"position\":3,\"name\":\"Alle LiDaR\",\"item\":\"https:\/\/koningdrone.be\/categorie\/alle-lidar\/\"},{\"@type\":\"ListItem\",\"position\":4,\"name\":\"LIVOX Horizon LiDAR\"}]},{\"@type\":\"WebSite\",\"@id\":\"https:\/\/koningdrone.be\/#website\",\"url\":\"https:\/\/koningdrone.be\/\",\"name\":\"Koningdrone.be - Uw online specialist in drones, gimbals, camera's en power stations.\",\"description\":\"De webshop in drones en gimbals\",\"publisher\":{\"@id\":\"https:\/\/koningdrone.be\/#organization\"},\"potentialAction\":[{\"@type\":\"SearchAction\",\"target\":{\"@type\":\"EntryPoint\",\"urlTemplate\":\"https:\/\/koningdrone.be\/?s={search_term_string}\"},\"query-input\":{\"@type\":\"PropertyValueSpecification\",\"valueRequired\":true,\"valueName\":\"search_term_string\"}}],\"inLanguage\":\"fr-BE\"},{\"@type\":\"Organization\",\"@id\":\"https:\/\/koningdrone.be\/#organization\",\"name\":\"Koningdrone.be\",\"url\":\"https:\/\/koningdrone.be\/\",\"logo\":{\"@type\":\"ImageObject\",\"inLanguage\":\"fr-BE\",\"@id\":\"https:\/\/koningdrone.be\/#\/schema\/logo\/image\/\",\"url\":\"https:\/\/koningdrone.be\/wp-content\/uploads\/sites\/13\/2025\/04\/koningdrone-copyright-logo.svg\",\"contentUrl\":\"https:\/\/koningdrone.be\/wp-content\/uploads\/sites\/13\/2025\/04\/koningdrone-copyright-logo.svg\",\"width\":227,\"height\":38,\"caption\":\"Koningdrone.be\"},\"image\":{\"@id\":\"https:\/\/koningdrone.be\/#\/schema\/logo\/image\/\"}}]}<\/script>\n<!-- \/ Yoast SEO Premium plugin. -->","yoast_head_json":{"title":"LIVOX Horizon LiDAR - koningdrone.be","robots":{"index":"index","follow":"follow","max-snippet":"max-snippet:-1","max-image-preview":"max-image-preview:large","max-video-preview":"max-video-preview:-1"},"canonical":"https:\/\/koningdrone.be\/fr\/produit\/livox-horizon-lidar\/","og_locale":"fr_FR","og_type":"article","og_title":"LIVOX Horizon LiDAR","og_description":"Hoge kostenprestaties  Breder gezichtsveld en dichtere puntenwolk  Gelijk aan 64-regelige LiDAR-effecten  Meer herkenbare scanmethode","og_url":"https:\/\/koningdrone.be\/fr\/produit\/livox-horizon-lidar\/","og_site_name":"koningdrone.be","article_modified_time":"2026-04-29T06:10:53+00:00","og_image":[{"width":1280,"height":800,"url":"https:\/\/koningdrone.be\/wp-content\/uploads\/sites\/13\/2025\/04\/6941565907394-1.jpg","type":"image\/jpeg"}],"twitter_card":"summary_large_image","twitter_misc":{"Dur\u00e9e de lecture est.":"3 minutes"},"schema":{"@context":"https:\/\/schema.org","@graph":[{"@type":"WebPage","@id":"https:\/\/koningdrone.be\/product\/livox-horizon-lidar\/","url":"https:\/\/koningdrone.be\/product\/livox-horizon-lidar\/","name":"LIVOX Horizon LiDAR - koningdrone.be","isPartOf":{"@id":"https:\/\/koningdrone.be\/#website"},"primaryImageOfPage":{"@id":"https:\/\/koningdrone.be\/product\/livox-horizon-lidar\/#primaryimage"},"image":{"@id":"https:\/\/koningdrone.be\/product\/livox-horizon-lidar\/#primaryimage"},"thumbnailUrl":"https:\/\/koningdrone.be\/wp-content\/uploads\/sites\/13\/2025\/04\/6941565907394-1.jpg","datePublished":"2021-04-16T07:15:06+00:00","dateModified":"2026-04-29T06:10:53+00:00","breadcrumb":{"@id":"https:\/\/koningdrone.be\/product\/livox-horizon-lidar\/#breadcrumb"},"inLanguage":"fr-BE","potentialAction":[{"@type":"ReadAction","target":["https:\/\/koningdrone.be\/product\/livox-horizon-lidar\/"]}]},{"@type":"ImageObject","inLanguage":"fr-BE","@id":"https:\/\/koningdrone.be\/product\/livox-horizon-lidar\/#primaryimage","url":"https:\/\/koningdrone.be\/wp-content\/uploads\/sites\/13\/2025\/04\/6941565907394-1.jpg","contentUrl":"https:\/\/koningdrone.be\/wp-content\/uploads\/sites\/13\/2025\/04\/6941565907394-1.jpg","width":1280,"height":800},{"@type":"BreadcrumbList","@id":"https:\/\/koningdrone.be\/product\/livox-horizon-lidar\/#breadcrumb","itemListElement":[{"@type":"ListItem","position":1,"name":"Home","item":"https:\/\/koningdrone.be\/"},{"@type":"ListItem","position":2,"name":"AVSS Parachute Recovery System for DJI Matrice 300\/350","item":"https:\/\/koningdrone.be\/product\/avss-parachute-recovery-system-for-dji-matrice-300-350\/"},{"@type":"ListItem","position":3,"name":"Alle LiDaR","item":"https:\/\/koningdrone.be\/categorie\/alle-lidar\/"},{"@type":"ListItem","position":4,"name":"LIVOX Horizon LiDAR"}]},{"@type":"WebSite","@id":"https:\/\/koningdrone.be\/#website","url":"https:\/\/koningdrone.be\/","name":"Koningdrone.be - Votre sp\u00e9cialiste en ligne en mati\u00e8re de drones, de cardans, de cam\u00e9ras et de centrales \u00e9lectriques.","description":"La boutique en ligne de drones et de cardans","publisher":{"@id":"https:\/\/koningdrone.be\/#organization"},"potentialAction":[{"@type":"SearchAction","target":{"@type":"EntryPoint","urlTemplate":"https:\/\/koningdrone.be\/?s={search_term_string}"},"query-input":{"@type":"PropertyValueSpecification","valueRequired":true,"valueName":"search_term_string"}}],"inLanguage":"fr-BE"},{"@type":"Organization","@id":"https:\/\/koningdrone.be\/#organization","name":"Kingdrone.co.uk","url":"https:\/\/koningdrone.be\/","logo":{"@type":"ImageObject","inLanguage":"fr-BE","@id":"https:\/\/koningdrone.be\/#\/schema\/logo\/image\/","url":"https:\/\/koningdrone.be\/wp-content\/uploads\/sites\/13\/2025\/04\/koningdrone-copyright-logo.svg","contentUrl":"https:\/\/koningdrone.be\/wp-content\/uploads\/sites\/13\/2025\/04\/koningdrone-copyright-logo.svg","width":227,"height":38,"caption":"Koningdrone.be"},"image":{"@id":"https:\/\/koningdrone.be\/#\/schema\/logo\/image\/"}}]}},"df_price":"","df_sale_price":"","df_regular_price":"","df_image_link":"https:\/\/koningdrone.be\/wp-content\/uploads\/sites\/13\/2025\/04\/6941565907394-1-300x188.jpg","_links":{"self":[{"href":"https:\/\/koningdrone.be\/fr\/wp-json\/wp\/v2\/product\/6660","targetHints":{"allow":["GET"]}}],"collection":[{"href":"https:\/\/koningdrone.be\/fr\/wp-json\/wp\/v2\/product"}],"about":[{"href":"https:\/\/koningdrone.be\/fr\/wp-json\/wp\/v2\/types\/product"}],"wp:featuredmedia":[{"embeddable":true,"href":"https:\/\/koningdrone.be\/fr\/wp-json\/wp\/v2\/media\/6658"}],"wp:attachment":[{"href":"https:\/\/koningdrone.be\/fr\/wp-json\/wp\/v2\/media?parent=6660"}],"wp:term":[{"taxonomy":"product_brand","embeddable":true,"href":"https:\/\/koningdrone.be\/fr\/wp-json\/wp\/v2\/product_brand?post=6660"},{"taxonomy":"product_cat","embeddable":true,"href":"https:\/\/koningdrone.be\/fr\/wp-json\/wp\/v2\/product_cat?post=6660"},{"taxonomy":"product_tag","embeddable":true,"href":"https:\/\/koningdrone.be\/fr\/wp-json\/wp\/v2\/product_tag?post=6660"}],"curies":[{"name":"wp","href":"https:\/\/api.w.org\/{rel}","templated":true}]}}