{"id":6606,"date":"2021-06-25T13:30:03","date_gmt":"2021-06-25T13:30:03","guid":{"rendered":"https:\/\/koningdrone.nl\/kon\/product\/ir10-infrared-laser-spotlight\/"},"modified":"2025-04-29T13:05:42","modified_gmt":"2025-04-29T13:05:42","slug":"ir10-infrared-laser-spotlight","status":"publish","type":"product","link":"https:\/\/koningdrone.be\/fr\/produit\/ir10-infrared-laser-spotlight\/","title":{"rendered":"IR10 Spot laser infrarouge"},"content":{"rendered":"<h1>IR10 Spot laser infrarouge<\/h1>\n<p>Le projecteur IR10 Infrared Zoom Spotlight est destin\u00e9 aux DJI Matrice 300 et Matrice 200 Series V2 et fournit une port\u00e9e de 3,000 pieds (presque 1km) de lumi\u00e8re infrarouge suppl\u00e9mentaire en utilisant la derni\u00e8re technologie de laser \u00e0 fibre. L'IR10 est utilis\u00e9 pour compl\u00e9ter les charges utiles des cam\u00e9ras qui ont une fonction de coupure IR et de sc\u00e8ne nocturne, y compris les Zenmuse H20T &amp; H20 et Zenmuse Z30. Gr\u00e2ce \u00e0 la synchronisation du gimbal et \u00e0 son syst\u00e8me de gimbal stabilis\u00e9, l'IR10 se d\u00e9place en m\u00eame temps que la charge utile principale.<\/p>\n<p>L'IR10 est con\u00e7u pour les forces de l'ordre et les op\u00e9rations de recherche et de sauvetage, en aidant dans les op\u00e9rations o\u00f9 la technologie infrarouge (invisible \u00e0 l'\u0153il humain) permet une excellente visibilit\u00e9 dans l'obscurit\u00e9. Le zoom\/faisceau r\u00e9glable de l'IR10 est capable d'un zoom optique 70x.<\/p>","protected":false},"excerpt":{"rendered":"<ul>\n<li>Source de lumi\u00e8re laser \u00e0 fibre<\/li>\n<li>Haute compatibilit\u00e9<\/li>\n<li>Zoom optique jusqu'\u00e0 70x<\/li>\n<li>Port\u00e9e de 3 000 pieds (presque 1 km)<\/li>\n<li>Pour DJI Matrice 300 et Matrice 200 Series V2<\/li>\n<\/ul>","protected":false},"featured_media":6605,"template":"","meta":{"_acf_changed":false},"product_brand":[],"product_cat":[126,97],"product_tag":[],"class_list":{"0":"post-6606","1":"product","2":"type-product","3":"status-publish","4":"has-post-thumbnail","6":"product_cat-alle-payloads","7":"product_cat-alle-producten","8":"pa_brand-ir10","9":"pa_productfamily-ir-spotlight","10":"pa_producttype-ir-spotlight","12":"first","13":"outofstock","14":"taxable","15":"shipping-taxable","16":"product-type-simple"},"acf":[],"yoast_head":"<!-- This site is optimized with the Yoast SEO Premium plugin v27.2 (Yoast SEO v27.2) - https:\/\/yoast.com\/product\/yoast-seo-premium-wordpress\/ -->\n<title>IR10 Infrared Laser Spotlight - koningdrone.be<\/title>\n<meta name=\"robots\" content=\"index, follow, max-snippet:-1, max-image-preview:large, max-video-preview:-1\" \/>\n<link rel=\"canonical\" href=\"https:\/\/koningdrone.be\/fr\/produit\/ir10-infrared-laser-spotlight\/\" \/>\n<meta property=\"og:locale\" content=\"fr_FR\" \/>\n<meta property=\"og:type\" content=\"article\" \/>\n<meta property=\"og:title\" content=\"IR10 Infrared Laser Spotlight\" \/>\n<meta property=\"og:description\" content=\"FiberlaserlichtbronHoog compatibiliteitTot 70x optische zoomBereik van 3.000 voet (bijna 1km)Voor de DJI Matrice 300 en Matrice 200 Series V2\" \/>\n<meta property=\"og:url\" content=\"https:\/\/koningdrone.be\/fr\/produit\/ir10-infrared-laser-spotlight\/\" \/>\n<meta property=\"og:site_name\" content=\"koningdrone.be\" \/>\n<meta property=\"article:modified_time\" content=\"2025-04-29T13:05:42+00:00\" \/>\n<meta property=\"og:image\" content=\"https:\/\/koningdrone.be\/wp-content\/uploads\/sites\/13\/2025\/04\/IR10-Infrared-Laser-Spotlight.jpg\" \/>\n\t<meta property=\"og:image:width\" content=\"530\" \/>\n\t<meta property=\"og:image:height\" content=\"528\" \/>\n\t<meta property=\"og:image:type\" content=\"image\/jpeg\" \/>\n<meta name=\"twitter:card\" content=\"summary_large_image\" \/>\n<meta name=\"twitter:label1\" content=\"Dur\u00e9e de lecture est.\" \/>\n\t<meta name=\"twitter:data1\" content=\"1 minute\" \/>\n<script type=\"application\/ld+json\" class=\"yoast-schema-graph\">{\"@context\":\"https:\/\/schema.org\",\"@graph\":[{\"@type\":\"WebPage\",\"@id\":\"https:\/\/koningdrone.be\/en\/product\/ir10-infrared-laser-spotlight\/\",\"url\":\"https:\/\/koningdrone.be\/en\/product\/ir10-infrared-laser-spotlight\/\",\"name\":\"IR10 Infrared Laser Spotlight - koningdrone.be\",\"isPartOf\":{\"@id\":\"https:\/\/koningdrone.be\/#website\"},\"primaryImageOfPage\":{\"@id\":\"https:\/\/koningdrone.be\/en\/product\/ir10-infrared-laser-spotlight\/#primaryimage\"},\"image\":{\"@id\":\"https:\/\/koningdrone.be\/en\/product\/ir10-infrared-laser-spotlight\/#primaryimage\"},\"thumbnailUrl\":\"https:\/\/koningdrone.be\/wp-content\/uploads\/sites\/13\/2025\/04\/IR10-Infrared-Laser-Spotlight.jpg\",\"datePublished\":\"2021-06-25T13:30:03+00:00\",\"dateModified\":\"2025-04-29T13:05:42+00:00\",\"breadcrumb\":{\"@id\":\"https:\/\/koningdrone.be\/en\/product\/ir10-infrared-laser-spotlight\/#breadcrumb\"},\"inLanguage\":\"fr-BE\",\"potentialAction\":[{\"@type\":\"ReadAction\",\"target\":[\"https:\/\/koningdrone.be\/en\/product\/ir10-infrared-laser-spotlight\/\"]}]},{\"@type\":\"ImageObject\",\"inLanguage\":\"fr-BE\",\"@id\":\"https:\/\/koningdrone.be\/en\/product\/ir10-infrared-laser-spotlight\/#primaryimage\",\"url\":\"https:\/\/koningdrone.be\/wp-content\/uploads\/sites\/13\/2025\/04\/IR10-Infrared-Laser-Spotlight.jpg\",\"contentUrl\":\"https:\/\/koningdrone.be\/wp-content\/uploads\/sites\/13\/2025\/04\/IR10-Infrared-Laser-Spotlight.jpg\",\"width\":530,\"height\":528},{\"@type\":\"BreadcrumbList\",\"@id\":\"https:\/\/koningdrone.be\/en\/product\/ir10-infrared-laser-spotlight\/#breadcrumb\",\"itemListElement\":[{\"@type\":\"ListItem\",\"position\":1,\"name\":\"Home\",\"item\":\"https:\/\/koningdrone.be\/\"},{\"@type\":\"ListItem\",\"position\":2,\"name\":\"AVSS Parachute Recovery System for DJI Matrice 300\/350\",\"item\":\"https:\/\/koningdrone.be\/product\/avss-parachute-recovery-system-for-dji-matrice-300-350\/\"},{\"@type\":\"ListItem\",\"position\":3,\"name\":\"Alle payloads\",\"item\":\"https:\/\/koningdrone.be\/categorie\/alle-payloads\/\"},{\"@type\":\"ListItem\",\"position\":4,\"name\":\"IR10 Infrared Laser Spotlight\"}]},{\"@type\":\"WebSite\",\"@id\":\"https:\/\/koningdrone.be\/#website\",\"url\":\"https:\/\/koningdrone.be\/\",\"name\":\"Koningdrone.be - Uw online specialist in drones, gimbals, camera's en power stations.\",\"description\":\"De webshop in drones en gimbals\",\"publisher\":{\"@id\":\"https:\/\/koningdrone.be\/#organization\"},\"potentialAction\":[{\"@type\":\"SearchAction\",\"target\":{\"@type\":\"EntryPoint\",\"urlTemplate\":\"https:\/\/koningdrone.be\/?s={search_term_string}\"},\"query-input\":{\"@type\":\"PropertyValueSpecification\",\"valueRequired\":true,\"valueName\":\"search_term_string\"}}],\"inLanguage\":\"fr-BE\"},{\"@type\":\"Organization\",\"@id\":\"https:\/\/koningdrone.be\/#organization\",\"name\":\"Koningdrone.be\",\"url\":\"https:\/\/koningdrone.be\/\",\"logo\":{\"@type\":\"ImageObject\",\"inLanguage\":\"fr-BE\",\"@id\":\"https:\/\/koningdrone.be\/#\/schema\/logo\/image\/\",\"url\":\"https:\/\/koningdrone.be\/wp-content\/uploads\/sites\/13\/2025\/04\/koningdrone-copyright-logo.svg\",\"contentUrl\":\"https:\/\/koningdrone.be\/wp-content\/uploads\/sites\/13\/2025\/04\/koningdrone-copyright-logo.svg\",\"width\":227,\"height\":38,\"caption\":\"Koningdrone.be\"},\"image\":{\"@id\":\"https:\/\/koningdrone.be\/#\/schema\/logo\/image\/\"}}]}<\/script>\n<!-- \/ Yoast SEO Premium plugin. -->","yoast_head_json":{"title":"IR10 Infrared Laser Spotlight - koningdrone.be","robots":{"index":"index","follow":"follow","max-snippet":"max-snippet:-1","max-image-preview":"max-image-preview:large","max-video-preview":"max-video-preview:-1"},"canonical":"https:\/\/koningdrone.be\/fr\/produit\/ir10-infrared-laser-spotlight\/","og_locale":"fr_FR","og_type":"article","og_title":"IR10 Infrared Laser Spotlight","og_description":"FiberlaserlichtbronHoog compatibiliteitTot 70x optische zoomBereik van 3.000 voet (bijna 1km)Voor de DJI Matrice 300 en Matrice 200 Series V2","og_url":"https:\/\/koningdrone.be\/fr\/produit\/ir10-infrared-laser-spotlight\/","og_site_name":"koningdrone.be","article_modified_time":"2025-04-29T13:05:42+00:00","og_image":[{"width":530,"height":528,"url":"https:\/\/koningdrone.be\/wp-content\/uploads\/sites\/13\/2025\/04\/IR10-Infrared-Laser-Spotlight.jpg","type":"image\/jpeg"}],"twitter_card":"summary_large_image","twitter_misc":{"Dur\u00e9e de lecture est.":"1 minute"},"schema":{"@context":"https:\/\/schema.org","@graph":[{"@type":"WebPage","@id":"https:\/\/koningdrone.be\/en\/product\/ir10-infrared-laser-spotlight\/","url":"https:\/\/koningdrone.be\/en\/product\/ir10-infrared-laser-spotlight\/","name":"IR10 Infrared Laser Spotlight - koningdrone.be","isPartOf":{"@id":"https:\/\/koningdrone.be\/#website"},"primaryImageOfPage":{"@id":"https:\/\/koningdrone.be\/en\/product\/ir10-infrared-laser-spotlight\/#primaryimage"},"image":{"@id":"https:\/\/koningdrone.be\/en\/product\/ir10-infrared-laser-spotlight\/#primaryimage"},"thumbnailUrl":"https:\/\/koningdrone.be\/wp-content\/uploads\/sites\/13\/2025\/04\/IR10-Infrared-Laser-Spotlight.jpg","datePublished":"2021-06-25T13:30:03+00:00","dateModified":"2025-04-29T13:05:42+00:00","breadcrumb":{"@id":"https:\/\/koningdrone.be\/en\/product\/ir10-infrared-laser-spotlight\/#breadcrumb"},"inLanguage":"fr-BE","potentialAction":[{"@type":"ReadAction","target":["https:\/\/koningdrone.be\/en\/product\/ir10-infrared-laser-spotlight\/"]}]},{"@type":"ImageObject","inLanguage":"fr-BE","@id":"https:\/\/koningdrone.be\/en\/product\/ir10-infrared-laser-spotlight\/#primaryimage","url":"https:\/\/koningdrone.be\/wp-content\/uploads\/sites\/13\/2025\/04\/IR10-Infrared-Laser-Spotlight.jpg","contentUrl":"https:\/\/koningdrone.be\/wp-content\/uploads\/sites\/13\/2025\/04\/IR10-Infrared-Laser-Spotlight.jpg","width":530,"height":528},{"@type":"BreadcrumbList","@id":"https:\/\/koningdrone.be\/en\/product\/ir10-infrared-laser-spotlight\/#breadcrumb","itemListElement":[{"@type":"ListItem","position":1,"name":"Home","item":"https:\/\/koningdrone.be\/"},{"@type":"ListItem","position":2,"name":"AVSS Parachute Recovery System for DJI Matrice 300\/350","item":"https:\/\/koningdrone.be\/product\/avss-parachute-recovery-system-for-dji-matrice-300-350\/"},{"@type":"ListItem","position":3,"name":"Alle payloads","item":"https:\/\/koningdrone.be\/categorie\/alle-payloads\/"},{"@type":"ListItem","position":4,"name":"IR10 Infrared Laser Spotlight"}]},{"@type":"WebSite","@id":"https:\/\/koningdrone.be\/#website","url":"https:\/\/koningdrone.be\/","name":"Koningdrone.be - Votre sp\u00e9cialiste en ligne en mati\u00e8re de drones, de cardans, de cam\u00e9ras et de centrales \u00e9lectriques.","description":"La boutique en ligne de drones et de cardans","publisher":{"@id":"https:\/\/koningdrone.be\/#organization"},"potentialAction":[{"@type":"SearchAction","target":{"@type":"EntryPoint","urlTemplate":"https:\/\/koningdrone.be\/?s={search_term_string}"},"query-input":{"@type":"PropertyValueSpecification","valueRequired":true,"valueName":"search_term_string"}}],"inLanguage":"fr-BE"},{"@type":"Organization","@id":"https:\/\/koningdrone.be\/#organization","name":"Kingdrone.co.uk","url":"https:\/\/koningdrone.be\/","logo":{"@type":"ImageObject","inLanguage":"fr-BE","@id":"https:\/\/koningdrone.be\/#\/schema\/logo\/image\/","url":"https:\/\/koningdrone.be\/wp-content\/uploads\/sites\/13\/2025\/04\/koningdrone-copyright-logo.svg","contentUrl":"https:\/\/koningdrone.be\/wp-content\/uploads\/sites\/13\/2025\/04\/koningdrone-copyright-logo.svg","width":227,"height":38,"caption":"Koningdrone.be"},"image":{"@id":"https:\/\/koningdrone.be\/#\/schema\/logo\/image\/"}}]}},"df_price":"","df_sale_price":"","df_regular_price":"","df_image_link":"https:\/\/koningdrone.be\/wp-content\/uploads\/sites\/13\/2025\/04\/IR10-Infrared-Laser-Spotlight-300x300.jpg","_links":{"self":[{"href":"https:\/\/koningdrone.be\/fr\/wp-json\/wp\/v2\/product\/6606","targetHints":{"allow":["GET"]}}],"collection":[{"href":"https:\/\/koningdrone.be\/fr\/wp-json\/wp\/v2\/product"}],"about":[{"href":"https:\/\/koningdrone.be\/fr\/wp-json\/wp\/v2\/types\/product"}],"wp:featuredmedia":[{"embeddable":true,"href":"https:\/\/koningdrone.be\/fr\/wp-json\/wp\/v2\/media\/6605"}],"wp:attachment":[{"href":"https:\/\/koningdrone.be\/fr\/wp-json\/wp\/v2\/media?parent=6606"}],"wp:term":[{"taxonomy":"product_brand","embeddable":true,"href":"https:\/\/koningdrone.be\/fr\/wp-json\/wp\/v2\/product_brand?post=6606"},{"taxonomy":"product_cat","embeddable":true,"href":"https:\/\/koningdrone.be\/fr\/wp-json\/wp\/v2\/product_cat?post=6606"},{"taxonomy":"product_tag","embeddable":true,"href":"https:\/\/koningdrone.be\/fr\/wp-json\/wp\/v2\/product_tag?post=6606"}],"curies":[{"name":"wp","href":"https:\/\/api.w.org\/{rel}","templated":true}]}}