{"id":6604,"date":"2021-06-25T13:30:03","date_gmt":"2021-06-25T11:30:03","guid":{"rendered":"https:\/\/koningdrone.nl\/kon\/product\/parrot-anafi-usa\/"},"modified":"2026-04-29T13:20:59","modified_gmt":"2026-04-29T11:20:59","slug":"parrot-anafi-usa","status":"publish","type":"product","link":"https:\/\/koningdrone.be\/fr\/produit\/parrot-anafi-usa\/","title":{"rendered":"Parrot Anafi USA"},"content":{"rendered":"<p><strong>Options de zoom 32x<\/strong><br \/>\nLe drone ANAFI USA est \u00e9quip\u00e9 d'un puissant zoom 32x, utilisant deux cam\u00e9ras de 21 m\u00e9gapixels qui permettent une visibilit\u00e9 d\u00e9taill\u00e9e jusqu'\u00e0 5 km de distance. Cette caract\u00e9ristique est particuli\u00e8rement utile aux pompiers pour d\u00e9tecter les points chauds \u00e9loign\u00e9s tout en conservant une vue d'ensemble de la sc\u00e8ne. Le zoom est renforc\u00e9 par la combinaison avec les images de la cam\u00e9ra thermique FLIR d'ANAFI USA, ce qui permet aux op\u00e9rateurs d'identifier des personnes et des d\u00e9tails cruciaux jusqu'\u00e0 une distance de 2 km (1,2 miles).<\/p>\n<p><strong>Facile \u00e0 utiliser et \u00e0 mettre en \u0153uvre<\/strong><br \/>\nANAFI USA est con\u00e7u pour un d\u00e9ploiement rapide et peut \u00eatre op\u00e9rationnel en 55 secondes, ce qui le rend id\u00e9al pour les premiers intervenants et les utilisateurs professionnels exigeants. Il fonctionne en int\u00e9rieur sans GPS et peut \u00eatre lanc\u00e9 de la paume de la main comme un avion en papier, ce qui ajoute \u00e0 sa facilit\u00e9 d'utilisation. Le drone ne comporte aucune restriction de zone d'interdiction de vol, ce qui offre une certaine souplesse pour un vol responsable pendant les missions. De plus, ANAFI USA est le drone le plus silencieux de sa cat\u00e9gorie et utilise un chargeur USB-C standard pour plus de commodit\u00e9. Il ne p\u00e8se que 500 g (1,1 lb), se plie pour la portabilit\u00e9 et offre une dur\u00e9e de vol de 32 minutes, la meilleure de l'industrie.<\/p>","protected":false},"excerpt":{"rendered":"<ul>\n<li>Un drone con\u00e7u pour les premiers intervenants et les professionnels<\/li>\n<li>000D_<\/li>\n<li>Fabriqu\u00e9 aux \u00c9tats-Unis, ANAFI USA offre la m\u00eame qualit\u00e9 de s\u00e9curit\u00e9, de durabilit\u00e9 et de capacit\u00e9s d'imagerie que le drone de reconnaissance \u00e0 courte port\u00e9e (SRR) de Parrot con\u00e7u pour l'arm\u00e9e am\u00e9ricaine. Les fonctions de cryptage des donn\u00e9es et de confidentialit\u00e9 d'ANAFI USA sont conformes au R\u00e8glement g\u00e9n\u00e9ral sur la protection des donn\u00e9es (RGPD) de l'Union europ\u00e9enne et garantissent une confidentialit\u00e9 et une s\u00e9curit\u00e9 optimales pour les missions sensibles.<\/li>\n<\/ul>","protected":false},"featured_media":6599,"template":"","meta":{"_acf_changed":false},"product_brand":[],"product_cat":[97,99,100,325,326],"product_tag":[],"class_list":{"0":"post-6604","1":"product","2":"type-product","3":"status-publish","4":"has-post-thumbnail","6":"product_cat-alle-producten","7":"product_cat-drones-met-certificaat","8":"product_cat-enterprise-drones","9":"product_cat-parrot","10":"product_cat-professionele-parrot-drones","11":"product_shipping_class-outofstock","12":"pa_brand-parrot","13":"pa_dronegrade-enterprise","14":"pa_productfamily-drone","15":"pa_producttype-drone","16":"pa_series-parrot-anafi-usa","18":"first","19":"outofstock","20":"taxable","21":"shipping-taxable","22":"product-type-simple"},"acf":[],"yoast_head":"<!-- This site is optimized with the Yoast SEO Premium plugin v27.2 (Yoast SEO v27.2) - https:\/\/yoast.com\/product\/yoast-seo-premium-wordpress\/ -->\n<title>Parrot Anafi USA - koningdrone.be<\/title>\n<meta name=\"robots\" content=\"index, follow, max-snippet:-1, max-image-preview:large, max-video-preview:-1\" \/>\n<link rel=\"canonical\" href=\"https:\/\/koningdrone.be\/fr\/produit\/parrot-anafi-usa\/\" \/>\n<meta property=\"og:locale\" content=\"fr_FR\" \/>\n<meta property=\"og:type\" content=\"article\" \/>\n<meta property=\"og:title\" content=\"Parrot Anafi USA\" \/>\n<meta property=\"og:description\" content=\"Een drone ontworpen voor eerstehulpverleners en zakelijke professionals  000D_  ANAFI USA, vervaardigd in de VS, biedt dezelfde hoogwaardige beveiliging, duurzaamheid en beeldvormingsmogelijkheden als Parrot&#039;s Short-Range Reconnaissance (SRR)-drone die is ontworpen voor het Amerikaanse leger. De gegevensversleuteling en privacyfuncties van ANAFI USA voldoen aan de Algemene Verordening Gegevensbescherming (AVG) van de Europese Unie en bieden de beste privacy en beveiliging voor gevoelige missies.\" \/>\n<meta property=\"og:url\" content=\"https:\/\/koningdrone.be\/fr\/produit\/parrot-anafi-usa\/\" \/>\n<meta property=\"og:site_name\" content=\"koningdrone.be\" \/>\n<meta property=\"article:modified_time\" content=\"2026-04-29T11:20:59+00:00\" \/>\n<meta property=\"og:image\" content=\"https:\/\/koningdrone.be\/wp-content\/uploads\/sites\/13\/2025\/04\/3520410049118-1.jpg\" \/>\n\t<meta property=\"og:image:width\" content=\"600\" \/>\n\t<meta property=\"og:image:height\" content=\"600\" \/>\n\t<meta property=\"og:image:type\" content=\"image\/jpeg\" \/>\n<meta name=\"twitter:card\" content=\"summary_large_image\" \/>\n<meta name=\"twitter:label1\" content=\"Dur\u00e9e de lecture est.\" \/>\n\t<meta name=\"twitter:data1\" content=\"1 minute\" \/>\n<script type=\"application\/ld+json\" class=\"yoast-schema-graph\">{\"@context\":\"https:\/\/schema.org\",\"@graph\":[{\"@type\":\"WebPage\",\"@id\":\"https:\/\/koningdrone.be\/product\/parrot-anafi-usa\/\",\"url\":\"https:\/\/koningdrone.be\/product\/parrot-anafi-usa\/\",\"name\":\"Parrot Anafi USA - koningdrone.be\",\"isPartOf\":{\"@id\":\"https:\/\/koningdrone.be\/#website\"},\"primaryImageOfPage\":{\"@id\":\"https:\/\/koningdrone.be\/product\/parrot-anafi-usa\/#primaryimage\"},\"image\":{\"@id\":\"https:\/\/koningdrone.be\/product\/parrot-anafi-usa\/#primaryimage\"},\"thumbnailUrl\":\"https:\/\/koningdrone.be\/wp-content\/uploads\/sites\/13\/2025\/04\/3520410049118-1.jpg\",\"datePublished\":\"2021-06-25T11:30:03+00:00\",\"dateModified\":\"2026-04-29T11:20:59+00:00\",\"breadcrumb\":{\"@id\":\"https:\/\/koningdrone.be\/product\/parrot-anafi-usa\/#breadcrumb\"},\"inLanguage\":\"fr-BE\",\"potentialAction\":[{\"@type\":\"ReadAction\",\"target\":[\"https:\/\/koningdrone.be\/product\/parrot-anafi-usa\/\"]}]},{\"@type\":\"ImageObject\",\"inLanguage\":\"fr-BE\",\"@id\":\"https:\/\/koningdrone.be\/product\/parrot-anafi-usa\/#primaryimage\",\"url\":\"https:\/\/koningdrone.be\/wp-content\/uploads\/sites\/13\/2025\/04\/3520410049118-1.jpg\",\"contentUrl\":\"https:\/\/koningdrone.be\/wp-content\/uploads\/sites\/13\/2025\/04\/3520410049118-1.jpg\",\"width\":600,\"height\":600},{\"@type\":\"BreadcrumbList\",\"@id\":\"https:\/\/koningdrone.be\/product\/parrot-anafi-usa\/#breadcrumb\",\"itemListElement\":[{\"@type\":\"ListItem\",\"position\":1,\"name\":\"Home\",\"item\":\"https:\/\/koningdrone.be\/\"},{\"@type\":\"ListItem\",\"position\":2,\"name\":\"AVSS Parachute Recovery System for DJI Matrice 300\/350\",\"item\":\"https:\/\/koningdrone.be\/product\/avss-parachute-recovery-system-for-dji-matrice-300-350\/\"},{\"@type\":\"ListItem\",\"position\":3,\"name\":\"Alle producten\",\"item\":\"https:\/\/koningdrone.be\/categorie\/alle-producten\/\"},{\"@type\":\"ListItem\",\"position\":4,\"name\":\"Parrot Anafi USA\"}]},{\"@type\":\"WebSite\",\"@id\":\"https:\/\/koningdrone.be\/#website\",\"url\":\"https:\/\/koningdrone.be\/\",\"name\":\"Koningdrone.be - Uw online specialist in drones, gimbals, camera's en power stations.\",\"description\":\"De webshop in drones en gimbals\",\"publisher\":{\"@id\":\"https:\/\/koningdrone.be\/#organization\"},\"potentialAction\":[{\"@type\":\"SearchAction\",\"target\":{\"@type\":\"EntryPoint\",\"urlTemplate\":\"https:\/\/koningdrone.be\/?s={search_term_string}\"},\"query-input\":{\"@type\":\"PropertyValueSpecification\",\"valueRequired\":true,\"valueName\":\"search_term_string\"}}],\"inLanguage\":\"fr-BE\"},{\"@type\":\"Organization\",\"@id\":\"https:\/\/koningdrone.be\/#organization\",\"name\":\"Koningdrone.be\",\"url\":\"https:\/\/koningdrone.be\/\",\"logo\":{\"@type\":\"ImageObject\",\"inLanguage\":\"fr-BE\",\"@id\":\"https:\/\/koningdrone.be\/#\/schema\/logo\/image\/\",\"url\":\"https:\/\/koningdrone.be\/wp-content\/uploads\/sites\/13\/2025\/04\/koningdrone-copyright-logo.svg\",\"contentUrl\":\"https:\/\/koningdrone.be\/wp-content\/uploads\/sites\/13\/2025\/04\/koningdrone-copyright-logo.svg\",\"width\":227,\"height\":38,\"caption\":\"Koningdrone.be\"},\"image\":{\"@id\":\"https:\/\/koningdrone.be\/#\/schema\/logo\/image\/\"}}]}<\/script>\n<!-- \/ Yoast SEO Premium plugin. -->","yoast_head_json":{"title":"Parrot Anafi USA - koningdrone.be","robots":{"index":"index","follow":"follow","max-snippet":"max-snippet:-1","max-image-preview":"max-image-preview:large","max-video-preview":"max-video-preview:-1"},"canonical":"https:\/\/koningdrone.be\/fr\/produit\/parrot-anafi-usa\/","og_locale":"fr_FR","og_type":"article","og_title":"Parrot Anafi USA","og_description":"Een drone ontworpen voor eerstehulpverleners en zakelijke professionals  000D_  ANAFI USA, vervaardigd in de VS, biedt dezelfde hoogwaardige beveiliging, duurzaamheid en beeldvormingsmogelijkheden als Parrot's Short-Range Reconnaissance (SRR)-drone die is ontworpen voor het Amerikaanse leger. De gegevensversleuteling en privacyfuncties van ANAFI USA voldoen aan de Algemene Verordening Gegevensbescherming (AVG) van de Europese Unie en bieden de beste privacy en beveiliging voor gevoelige missies.","og_url":"https:\/\/koningdrone.be\/fr\/produit\/parrot-anafi-usa\/","og_site_name":"koningdrone.be","article_modified_time":"2026-04-29T11:20:59+00:00","og_image":[{"width":600,"height":600,"url":"https:\/\/koningdrone.be\/wp-content\/uploads\/sites\/13\/2025\/04\/3520410049118-1.jpg","type":"image\/jpeg"}],"twitter_card":"summary_large_image","twitter_misc":{"Dur\u00e9e de lecture est.":"1 minute"},"schema":{"@context":"https:\/\/schema.org","@graph":[{"@type":"WebPage","@id":"https:\/\/koningdrone.be\/product\/parrot-anafi-usa\/","url":"https:\/\/koningdrone.be\/product\/parrot-anafi-usa\/","name":"Parrot Anafi USA - koningdrone.be","isPartOf":{"@id":"https:\/\/koningdrone.be\/#website"},"primaryImageOfPage":{"@id":"https:\/\/koningdrone.be\/product\/parrot-anafi-usa\/#primaryimage"},"image":{"@id":"https:\/\/koningdrone.be\/product\/parrot-anafi-usa\/#primaryimage"},"thumbnailUrl":"https:\/\/koningdrone.be\/wp-content\/uploads\/sites\/13\/2025\/04\/3520410049118-1.jpg","datePublished":"2021-06-25T11:30:03+00:00","dateModified":"2026-04-29T11:20:59+00:00","breadcrumb":{"@id":"https:\/\/koningdrone.be\/product\/parrot-anafi-usa\/#breadcrumb"},"inLanguage":"fr-BE","potentialAction":[{"@type":"ReadAction","target":["https:\/\/koningdrone.be\/product\/parrot-anafi-usa\/"]}]},{"@type":"ImageObject","inLanguage":"fr-BE","@id":"https:\/\/koningdrone.be\/product\/parrot-anafi-usa\/#primaryimage","url":"https:\/\/koningdrone.be\/wp-content\/uploads\/sites\/13\/2025\/04\/3520410049118-1.jpg","contentUrl":"https:\/\/koningdrone.be\/wp-content\/uploads\/sites\/13\/2025\/04\/3520410049118-1.jpg","width":600,"height":600},{"@type":"BreadcrumbList","@id":"https:\/\/koningdrone.be\/product\/parrot-anafi-usa\/#breadcrumb","itemListElement":[{"@type":"ListItem","position":1,"name":"Home","item":"https:\/\/koningdrone.be\/"},{"@type":"ListItem","position":2,"name":"AVSS Parachute Recovery System for DJI Matrice 300\/350","item":"https:\/\/koningdrone.be\/product\/avss-parachute-recovery-system-for-dji-matrice-300-350\/"},{"@type":"ListItem","position":3,"name":"Alle producten","item":"https:\/\/koningdrone.be\/categorie\/alle-producten\/"},{"@type":"ListItem","position":4,"name":"Parrot Anafi USA"}]},{"@type":"WebSite","@id":"https:\/\/koningdrone.be\/#website","url":"https:\/\/koningdrone.be\/","name":"Koningdrone.be - Votre sp\u00e9cialiste en ligne en mati\u00e8re de drones, de cardans, de cam\u00e9ras et de centrales \u00e9lectriques.","description":"La boutique en ligne de drones et de cardans","publisher":{"@id":"https:\/\/koningdrone.be\/#organization"},"potentialAction":[{"@type":"SearchAction","target":{"@type":"EntryPoint","urlTemplate":"https:\/\/koningdrone.be\/?s={search_term_string}"},"query-input":{"@type":"PropertyValueSpecification","valueRequired":true,"valueName":"search_term_string"}}],"inLanguage":"fr-BE"},{"@type":"Organization","@id":"https:\/\/koningdrone.be\/#organization","name":"Kingdrone.co.uk","url":"https:\/\/koningdrone.be\/","logo":{"@type":"ImageObject","inLanguage":"fr-BE","@id":"https:\/\/koningdrone.be\/#\/schema\/logo\/image\/","url":"https:\/\/koningdrone.be\/wp-content\/uploads\/sites\/13\/2025\/04\/koningdrone-copyright-logo.svg","contentUrl":"https:\/\/koningdrone.be\/wp-content\/uploads\/sites\/13\/2025\/04\/koningdrone-copyright-logo.svg","width":227,"height":38,"caption":"Koningdrone.be"},"image":{"@id":"https:\/\/koningdrone.be\/#\/schema\/logo\/image\/"}}]}},"df_price":"","df_sale_price":"","df_regular_price":"","df_image_link":"https:\/\/koningdrone.be\/wp-content\/uploads\/sites\/13\/2025\/04\/3520410049118-1-300x300.jpg","_links":{"self":[{"href":"https:\/\/koningdrone.be\/fr\/wp-json\/wp\/v2\/product\/6604","targetHints":{"allow":["GET"]}}],"collection":[{"href":"https:\/\/koningdrone.be\/fr\/wp-json\/wp\/v2\/product"}],"about":[{"href":"https:\/\/koningdrone.be\/fr\/wp-json\/wp\/v2\/types\/product"}],"wp:featuredmedia":[{"embeddable":true,"href":"https:\/\/koningdrone.be\/fr\/wp-json\/wp\/v2\/media\/6599"}],"wp:attachment":[{"href":"https:\/\/koningdrone.be\/fr\/wp-json\/wp\/v2\/media?parent=6604"}],"wp:term":[{"taxonomy":"product_brand","embeddable":true,"href":"https:\/\/koningdrone.be\/fr\/wp-json\/wp\/v2\/product_brand?post=6604"},{"taxonomy":"product_cat","embeddable":true,"href":"https:\/\/koningdrone.be\/fr\/wp-json\/wp\/v2\/product_cat?post=6604"},{"taxonomy":"product_tag","embeddable":true,"href":"https:\/\/koningdrone.be\/fr\/wp-json\/wp\/v2\/product_tag?post=6604"}],"curies":[{"name":"wp","href":"https:\/\/api.w.org\/{rel}","templated":true}]}}