{"id":6590,"date":"2021-06-25T13:30:03","date_gmt":"2021-06-25T11:30:03","guid":{"rendered":"https:\/\/koningdrone.nl\/kon\/product\/elistair-safe-t2\/"},"modified":"2026-04-14T10:57:01","modified_gmt":"2026-04-14T08:57:01","slug":"elistair-safe-t2","status":"publish","type":"product","link":"https:\/\/koningdrone.be\/fr\/produit\/elistair-safe-t2\/","title":{"rendered":"Elistair Safe-T2 pour DJI Matrice 400"},"content":{"rendered":"<h3>Elistair Safe-T2 : Temps de vol illimit\u00e9 pour la DJI Matrice 400<\/h3>\n<p><iframe loading=\"lazy\" title=\"SAFE-T 2 - La nouvelle norme pour les stations de drones captives\" width=\"800\" height=\"450\" src=\"https:\/\/www.youtube.com\/embed\/9hBA41eDXHM?feature=oembed&#038;enablejsapi=1&#038;origin=https:\/\/koningdrone.be\" frameborder=\"0\" allow=\"accelerometer; autoplay; clipboard-write; encrypted-media; gyroscope; picture-in-picture; web-share\" referrerpolicy=\"strict-origin-when-cross-origin\" allowfullscreen><\/iframe><\/p>\n<p style=\"margin-top: 20px\">Le <strong>Elistair Safe-T2<\/strong> Le Safe-T2 est le standard de l'industrie pour les syst\u00e8mes de drones captifs, optimis\u00e9 sp\u00e9cifiquement pour la DJI Matrice 400. L\u00e0 o\u00f9 les drones traditionnels sont limit\u00e9s par les limites chimiques de leurs batteries, le Safe-T2 transforme votre drone en une station d'observation a\u00e9rienne permanente. Gr\u00e2ce \u00e0 une micro-attache ultrafine, il fournit au drone une alimentation continue et une connexion de donn\u00e9es s\u00e9curis\u00e9e. Le Safe-T2 est donc un outil indispensable pour la d\u00e9fense, la s\u00e9curit\u00e9 nationale et les inspections industrielles \u00e0 grande \u00e9chelle, o\u00f9 le \u201ctemps de vol\u201d ne se mesure plus en minutes, mais en jours.<\/p>\n<p><a href=\"https:\/\/koningdrone.nl\/wp-content\/uploads\/2021\/06\/Elistair-Safe-T2-voor-DJI-Matrice-400.jpg\"><img loading=\"lazy\" decoding=\"async\" class=\"size-medium wp-image-472477 aligncenter\" src=\"https:\/\/koningdrone.nl\/wp-content\/uploads\/2021\/06\/Elistair-Safe-T2-voor-DJI-Matrice-400-300x300.jpg\" alt=\"Elistair Safe-T2 voor DJI Matrice 400\" width=\"300\" height=\"300\" \/><\/a><\/p>\n<h4>Transfert d'\u00e9nergie et s\u00e9curit\u00e9 des donn\u00e9es sup\u00e9rieurs<\/h4>\n<p>Le Safe-T2 est con\u00e7u pour permettre \u00e0 la DJI Matrice 400 d'atteindre son potentiel maximum :<\/p>\n<ul>\n<li><strong>Puissance continue 2500W Puissance de pointe :<\/strong> Gr\u00e2ce \u00e0 un syst\u00e8me de gestion avanc\u00e9, la station fournit une puissance constante qui supporte sans effort les man\u0153uvres les plus exigeantes et les charges utiles les plus lourdes de la Matrice 400.<\/li>\n<li><strong>Hauteur op\u00e9rationnelle de plus de 100 m\u00e8tres :<\/strong> Le micro-filament d'environ <strong>110 m\u00e8tres<\/strong> permet au drone de disposer d'une hauteur suffisante pour avoir une vue d'ensemble sur des terrains \u00e9tendus, tandis que la connexion physique garantit un fonctionnement sans interf\u00e9rences, m\u00eame dans des environnements o\u00f9 les interf\u00e9rences RF sont \u00e9lev\u00e9es.<\/li>\n<li><strong>Donn\u00e9es s\u00e9curis\u00e9es \u00e0 haut d\u00e9bit :<\/strong> Pour les op\u00e9rations o\u00f9 la confidentialit\u00e9 et la vitesse sont cruciales, le Safe-T2 offre une connexion physique \u00e0 large bande. Avec l'option <strong>c\u00e2ble en fibre optique<\/strong> Des quantit\u00e9s gigantesques d'images 4K ou de donn\u00e9es thermiques peuvent \u00eatre envoy\u00e9es en temps r\u00e9el au sol sans risque de piratage ou de brouillage.<\/li>\n<\/ul>\n<h4><a href=\"https:\/\/koningdrone.nl\/wp-content\/uploads\/2021\/06\/Product-Elistair-Safe-T2-voor-DJI-Matrice-400.jpg\"><img loading=\"lazy\" decoding=\"async\" class=\"size-medium wp-image-472476 aligncenter\" src=\"https:\/\/koningdrone.nl\/wp-content\/uploads\/2021\/06\/Product-Elistair-Safe-T2-voor-DJI-Matrice-400-300x300.jpg\" alt=\"Product Elistair Safe-T2 voor DJI Matrice 400\" width=\"300\" height=\"300\" \/><\/a><\/h4>\n<h4>Conception industrielle robuste et facilit\u00e9 d'utilisation<\/h4>\n<p>Le syst\u00e8me est con\u00e7u pour \u00eatre d\u00e9ploy\u00e9 dans les conditions les plus difficiles :<\/p>\n<ul>\n<li><strong>Certifi\u00e9 IP54 Bo\u00eetier :<\/strong> Que ce soit dans les vents poussi\u00e9reux du d\u00e9sert ou sous une pluie persistante, le Safe-T2 continue de fonctionner. La construction robuste prot\u00e8ge l'\u00e9lectronique interne du treuil des \u00e9l\u00e9ments.<\/li>\n<li><strong>Syst\u00e8me de treuil intelligent :<\/strong> Le Safe-T2 est \u00e9quip\u00e9 d'un treuil contr\u00f4l\u00e9 par ordinateur qui maintient une tension constante sur le c\u00e2ble. Cela \u00e9vite que le c\u00e2ble ne s'emm\u00eale ou n'affecte n\u00e9gativement la dynamique de vol du drone, m\u00eame lorsque les forces du vent varient.<\/li>\n<li><strong>Compact et pr\u00eat \u00e0 l'emploi :<\/strong> Malgr\u00e9 son \u00e9norme puissance, la station est suffisamment compacte pour \u00eatre transport\u00e9e par un seul op\u00e9rateur. Sa conception modulaire permet une int\u00e9gration rapide dans les v\u00e9hicules de commandement ou dans les postes de garde fixes.<\/li>\n<\/ul>\n<h4><a href=\"https:\/\/koningdrone.nl\/wp-content\/uploads\/2021\/06\/Elistair-Safe-T2-voor-DJI-Matrice-400-Product.jpg\"><img loading=\"lazy\" decoding=\"async\" class=\"size-medium wp-image-472474 aligncenter\" src=\"https:\/\/koningdrone.nl\/wp-content\/uploads\/2021\/06\/Elistair-Safe-T2-voor-DJI-Matrice-400-Product-300x300.jpg\" alt=\"Elistair Safe-T2 voor DJI Matrice 400 Product\" width=\"300\" height=\"300\" \/><\/a><\/h4>\n<h4>Pourquoi le Safe-T2 d'Elistair est indispensable<\/h4>\n<p>Pour les missions critiques telles que la surveillance des foules lors d'\u00e9v\u00e9nements majeurs, la s\u00e9curit\u00e9 des fronti\u00e8res ou les secours \u00e0 long terme en cas de catastrophe, la dur\u00e9e de vie de la batterie est le maillon le plus faible. Le Safe-T2 \u00e9limine compl\u00e8tement ce risque. Il permet aux op\u00e9rateurs de garder un \u201c\u0153il dans le ciel\u201d pendant des heures ou des jours sans le stress des changements de batterie ou des proc\u00e9dures d'atterrissage. Avec le Safe-T2, vous investissez dans un syst\u00e8me qui transforme la DJI Matrice 400 d'un outil volatile en un gardien infatigable.<\/p>","protected":false},"excerpt":{"rendered":"<ul>\n<li>Alimentation illimit\u00e9e pour les vols de drones prolong\u00e9s<\/li>\n<li>Micro-attache jusqu'\u00e0 \u00b1110 m avec transmission de donn\u00e9es<\/li>\n<li>Prise en charge d'une puissance de cr\u00eate allant jusqu'\u00e0 2500 W<\/li>\n<li>Certifi\u00e9 IP54 pour une utilisation dans des environnements difficiles<\/li>\n<li>D\u00e9ploiement rapide et utilisation flexible (avec ou sans fil)<\/li>\n<li>Connexion de donn\u00e9es par fibre optique en option<\/li>\n<\/ul>","protected":false},"featured_media":18779,"template":"","meta":{"_acf_changed":false},"product_brand":[],"product_cat":[1583,1756],"product_tag":[],"class_list":{"0":"post-6590","1":"product","2":"type-product","3":"status-publish","4":"has-post-thumbnail","6":"product_cat-dji-matrice-400","7":"product_cat-tethering-systems","8":"pa_brand-elistair","9":"pa_producttype-tetherstation","11":"first","12":"instock","13":"taxable","14":"shipping-taxable","15":"product-type-simple"},"acf":[],"yoast_head":"<!-- This site is optimized with the Yoast SEO Premium plugin v27.2 (Yoast SEO v27.2) - https:\/\/yoast.com\/product\/yoast-seo-premium-wordpress\/ -->\n<title>Elistair Safe-T2 voor DJI Matrice 400 - koningdrone.be<\/title>\n<meta name=\"robots\" content=\"index, follow, max-snippet:-1, max-image-preview:large, max-video-preview:-1\" \/>\n<link rel=\"canonical\" href=\"https:\/\/koningdrone.be\/fr\/produit\/elistair-safe-t2\/\" \/>\n<meta property=\"og:locale\" content=\"fr_FR\" \/>\n<meta property=\"og:type\" content=\"article\" \/>\n<meta property=\"og:title\" content=\"Elistair Safe-T2 voor DJI Matrice 400\" \/>\n<meta property=\"og:description\" content=\"Onbeperkte stroomvoorziening voor langdurige dronevluchten  Tot \u00b1110 m micro-tether met datatransmissie  Ondersteunt tot 2500 W piekvermogen  IP54-gecertificeerd voor gebruik in zware omstandigheden  Snelle inzet en flexibel gebruik (tethered en untethered)  Optionele fiber-optische dataverbinding\" \/>\n<meta property=\"og:url\" content=\"https:\/\/koningdrone.be\/fr\/produit\/elistair-safe-t2\/\" \/>\n<meta property=\"og:site_name\" content=\"koningdrone.be\" \/>\n<meta property=\"article:modified_time\" content=\"2026-04-14T08:57:01+00:00\" \/>\n<meta property=\"og:image\" content=\"https:\/\/koningdrone.be\/wp-content\/uploads\/sites\/13\/2026\/04\/Elistair-Safe-T2-voor-DJI-Matrice-400.jpg\" \/>\n\t<meta property=\"og:image:width\" content=\"610\" \/>\n\t<meta property=\"og:image:height\" content=\"610\" \/>\n\t<meta property=\"og:image:type\" content=\"image\/jpeg\" \/>\n<meta name=\"twitter:card\" content=\"summary_large_image\" \/>\n<meta name=\"twitter:label1\" content=\"Dur\u00e9e de lecture est.\" \/>\n\t<meta name=\"twitter:data1\" content=\"2 minutes\" \/>\n<script type=\"application\/ld+json\" class=\"yoast-schema-graph\">{\"@context\":\"https:\/\/schema.org\",\"@graph\":[{\"@type\":\"WebPage\",\"@id\":\"https:\/\/koningdrone.be\/product\/elistair-safe-t2\/\",\"url\":\"https:\/\/koningdrone.be\/product\/elistair-safe-t2\/\",\"name\":\"Elistair Safe-T2 voor DJI Matrice 400 - koningdrone.be\",\"isPartOf\":{\"@id\":\"https:\/\/koningdrone.be\/#website\"},\"primaryImageOfPage\":{\"@id\":\"https:\/\/koningdrone.be\/product\/elistair-safe-t2\/#primaryimage\"},\"image\":{\"@id\":\"https:\/\/koningdrone.be\/product\/elistair-safe-t2\/#primaryimage\"},\"thumbnailUrl\":\"https:\/\/koningdrone.be\/wp-content\/uploads\/sites\/13\/2026\/04\/Elistair-Safe-T2-voor-DJI-Matrice-400.jpg\",\"datePublished\":\"2021-06-25T11:30:03+00:00\",\"dateModified\":\"2026-04-14T08:57:01+00:00\",\"breadcrumb\":{\"@id\":\"https:\/\/koningdrone.be\/product\/elistair-safe-t2\/#breadcrumb\"},\"inLanguage\":\"fr-BE\",\"potentialAction\":[{\"@type\":\"ReadAction\",\"target\":[\"https:\/\/koningdrone.be\/product\/elistair-safe-t2\/\"]}]},{\"@type\":\"ImageObject\",\"inLanguage\":\"fr-BE\",\"@id\":\"https:\/\/koningdrone.be\/product\/elistair-safe-t2\/#primaryimage\",\"url\":\"https:\/\/koningdrone.be\/wp-content\/uploads\/sites\/13\/2026\/04\/Elistair-Safe-T2-voor-DJI-Matrice-400.jpg\",\"contentUrl\":\"https:\/\/koningdrone.be\/wp-content\/uploads\/sites\/13\/2026\/04\/Elistair-Safe-T2-voor-DJI-Matrice-400.jpg\",\"width\":610,\"height\":610},{\"@type\":\"BreadcrumbList\",\"@id\":\"https:\/\/koningdrone.be\/product\/elistair-safe-t2\/#breadcrumb\",\"itemListElement\":[{\"@type\":\"ListItem\",\"position\":1,\"name\":\"Home\",\"item\":\"https:\/\/koningdrone.be\/\"},{\"@type\":\"ListItem\",\"position\":2,\"name\":\"AVSS Parachute Recovery System for DJI Matrice 300\/350\",\"item\":\"https:\/\/koningdrone.be\/product\/avss-parachute-recovery-system-for-dji-matrice-300-350\/\"},{\"@type\":\"ListItem\",\"position\":3,\"name\":\"DJI Matrice 400\",\"item\":\"https:\/\/koningdrone.be\/categorie\/dji-matrice-400\/\"},{\"@type\":\"ListItem\",\"position\":4,\"name\":\"Elistair Safe-T2 voor DJI Matrice 400\"}]},{\"@type\":\"WebSite\",\"@id\":\"https:\/\/koningdrone.be\/#website\",\"url\":\"https:\/\/koningdrone.be\/\",\"name\":\"Koningdrone.be - Uw online specialist in drones, gimbals, camera's en power stations.\",\"description\":\"De webshop in drones en gimbals\",\"publisher\":{\"@id\":\"https:\/\/koningdrone.be\/#organization\"},\"potentialAction\":[{\"@type\":\"SearchAction\",\"target\":{\"@type\":\"EntryPoint\",\"urlTemplate\":\"https:\/\/koningdrone.be\/?s={search_term_string}\"},\"query-input\":{\"@type\":\"PropertyValueSpecification\",\"valueRequired\":true,\"valueName\":\"search_term_string\"}}],\"inLanguage\":\"fr-BE\"},{\"@type\":\"Organization\",\"@id\":\"https:\/\/koningdrone.be\/#organization\",\"name\":\"Koningdrone.be\",\"url\":\"https:\/\/koningdrone.be\/\",\"logo\":{\"@type\":\"ImageObject\",\"inLanguage\":\"fr-BE\",\"@id\":\"https:\/\/koningdrone.be\/#\/schema\/logo\/image\/\",\"url\":\"https:\/\/koningdrone.be\/wp-content\/uploads\/sites\/13\/2025\/04\/koningdrone-copyright-logo.svg\",\"contentUrl\":\"https:\/\/koningdrone.be\/wp-content\/uploads\/sites\/13\/2025\/04\/koningdrone-copyright-logo.svg\",\"width\":227,\"height\":38,\"caption\":\"Koningdrone.be\"},\"image\":{\"@id\":\"https:\/\/koningdrone.be\/#\/schema\/logo\/image\/\"}}]}<\/script>\n<!-- \/ Yoast SEO Premium plugin. -->","yoast_head_json":{"title":"Elistair Safe-T2 voor DJI Matrice 400 - koningdrone.be","robots":{"index":"index","follow":"follow","max-snippet":"max-snippet:-1","max-image-preview":"max-image-preview:large","max-video-preview":"max-video-preview:-1"},"canonical":"https:\/\/koningdrone.be\/fr\/produit\/elistair-safe-t2\/","og_locale":"fr_FR","og_type":"article","og_title":"Elistair Safe-T2 voor DJI Matrice 400","og_description":"Onbeperkte stroomvoorziening voor langdurige dronevluchten  Tot \u00b1110 m micro-tether met datatransmissie  Ondersteunt tot 2500 W piekvermogen  IP54-gecertificeerd voor gebruik in zware omstandigheden  Snelle inzet en flexibel gebruik (tethered en untethered)  Optionele fiber-optische dataverbinding","og_url":"https:\/\/koningdrone.be\/fr\/produit\/elistair-safe-t2\/","og_site_name":"koningdrone.be","article_modified_time":"2026-04-14T08:57:01+00:00","og_image":[{"width":610,"height":610,"url":"https:\/\/koningdrone.be\/wp-content\/uploads\/sites\/13\/2026\/04\/Elistair-Safe-T2-voor-DJI-Matrice-400.jpg","type":"image\/jpeg"}],"twitter_card":"summary_large_image","twitter_misc":{"Dur\u00e9e de lecture est.":"2 minutes"},"schema":{"@context":"https:\/\/schema.org","@graph":[{"@type":"WebPage","@id":"https:\/\/koningdrone.be\/product\/elistair-safe-t2\/","url":"https:\/\/koningdrone.be\/product\/elistair-safe-t2\/","name":"Elistair Safe-T2 voor DJI Matrice 400 - koningdrone.be","isPartOf":{"@id":"https:\/\/koningdrone.be\/#website"},"primaryImageOfPage":{"@id":"https:\/\/koningdrone.be\/product\/elistair-safe-t2\/#primaryimage"},"image":{"@id":"https:\/\/koningdrone.be\/product\/elistair-safe-t2\/#primaryimage"},"thumbnailUrl":"https:\/\/koningdrone.be\/wp-content\/uploads\/sites\/13\/2026\/04\/Elistair-Safe-T2-voor-DJI-Matrice-400.jpg","datePublished":"2021-06-25T11:30:03+00:00","dateModified":"2026-04-14T08:57:01+00:00","breadcrumb":{"@id":"https:\/\/koningdrone.be\/product\/elistair-safe-t2\/#breadcrumb"},"inLanguage":"fr-BE","potentialAction":[{"@type":"ReadAction","target":["https:\/\/koningdrone.be\/product\/elistair-safe-t2\/"]}]},{"@type":"ImageObject","inLanguage":"fr-BE","@id":"https:\/\/koningdrone.be\/product\/elistair-safe-t2\/#primaryimage","url":"https:\/\/koningdrone.be\/wp-content\/uploads\/sites\/13\/2026\/04\/Elistair-Safe-T2-voor-DJI-Matrice-400.jpg","contentUrl":"https:\/\/koningdrone.be\/wp-content\/uploads\/sites\/13\/2026\/04\/Elistair-Safe-T2-voor-DJI-Matrice-400.jpg","width":610,"height":610},{"@type":"BreadcrumbList","@id":"https:\/\/koningdrone.be\/product\/elistair-safe-t2\/#breadcrumb","itemListElement":[{"@type":"ListItem","position":1,"name":"Home","item":"https:\/\/koningdrone.be\/"},{"@type":"ListItem","position":2,"name":"AVSS Parachute Recovery System for DJI Matrice 300\/350","item":"https:\/\/koningdrone.be\/product\/avss-parachute-recovery-system-for-dji-matrice-300-350\/"},{"@type":"ListItem","position":3,"name":"DJI Matrice 400","item":"https:\/\/koningdrone.be\/categorie\/dji-matrice-400\/"},{"@type":"ListItem","position":4,"name":"Elistair Safe-T2 voor DJI Matrice 400"}]},{"@type":"WebSite","@id":"https:\/\/koningdrone.be\/#website","url":"https:\/\/koningdrone.be\/","name":"Koningdrone.be - Votre sp\u00e9cialiste en ligne en mati\u00e8re de drones, de cardans, de cam\u00e9ras et de centrales \u00e9lectriques.","description":"La boutique en ligne de drones et de cardans","publisher":{"@id":"https:\/\/koningdrone.be\/#organization"},"potentialAction":[{"@type":"SearchAction","target":{"@type":"EntryPoint","urlTemplate":"https:\/\/koningdrone.be\/?s={search_term_string}"},"query-input":{"@type":"PropertyValueSpecification","valueRequired":true,"valueName":"search_term_string"}}],"inLanguage":"fr-BE"},{"@type":"Organization","@id":"https:\/\/koningdrone.be\/#organization","name":"Kingdrone.co.uk","url":"https:\/\/koningdrone.be\/","logo":{"@type":"ImageObject","inLanguage":"fr-BE","@id":"https:\/\/koningdrone.be\/#\/schema\/logo\/image\/","url":"https:\/\/koningdrone.be\/wp-content\/uploads\/sites\/13\/2025\/04\/koningdrone-copyright-logo.svg","contentUrl":"https:\/\/koningdrone.be\/wp-content\/uploads\/sites\/13\/2025\/04\/koningdrone-copyright-logo.svg","width":227,"height":38,"caption":"Koningdrone.be"},"image":{"@id":"https:\/\/koningdrone.be\/#\/schema\/logo\/image\/"}}]}},"df_price":"","df_sale_price":"","df_regular_price":"","df_image_link":"https:\/\/koningdrone.be\/wp-content\/uploads\/sites\/13\/2026\/04\/Elistair-Safe-T2-voor-DJI-Matrice-400-300x300.jpg","_links":{"self":[{"href":"https:\/\/koningdrone.be\/fr\/wp-json\/wp\/v2\/product\/6590","targetHints":{"allow":["GET"]}}],"collection":[{"href":"https:\/\/koningdrone.be\/fr\/wp-json\/wp\/v2\/product"}],"about":[{"href":"https:\/\/koningdrone.be\/fr\/wp-json\/wp\/v2\/types\/product"}],"wp:featuredmedia":[{"embeddable":true,"href":"https:\/\/koningdrone.be\/fr\/wp-json\/wp\/v2\/media\/18779"}],"wp:attachment":[{"href":"https:\/\/koningdrone.be\/fr\/wp-json\/wp\/v2\/media?parent=6590"}],"wp:term":[{"taxonomy":"product_brand","embeddable":true,"href":"https:\/\/koningdrone.be\/fr\/wp-json\/wp\/v2\/product_brand?post=6590"},{"taxonomy":"product_cat","embeddable":true,"href":"https:\/\/koningdrone.be\/fr\/wp-json\/wp\/v2\/product_cat?post=6590"},{"taxonomy":"product_tag","embeddable":true,"href":"https:\/\/koningdrone.be\/fr\/wp-json\/wp\/v2\/product_tag?post=6590"}],"curies":[{"name":"wp","href":"https:\/\/api.w.org\/{rel}","templated":true}]}}