{"id":6575,"date":"2021-08-09T20:15:29","date_gmt":"2021-08-09T18:15:29","guid":{"rendered":"https:\/\/koningdrone.nl\/kon\/product\/noordzee-drones-opleidingsvoucher-vliegbewijs-a1-a3-a2-nl\/"},"modified":"2026-04-29T05:51:01","modified_gmt":"2026-04-29T03:51:01","slug":"noordzee-drones-opleidingsvoucher-vliegbewijs-a1-a3-a2-nl","status":"publish","type":"product","link":"https:\/\/koningdrone.be\/fr\/produit\/noordzee-drones-opleidingsvoucher-vliegbewijs-a1-a3-a2-nl\/","title":{"rendered":"North Sea Drones Voucher A1\/A3 &amp; A2 - FR"},"content":{"rendered":"<h1>North Sea Drones Voucher A1\/A3 &amp; A2 - FR<\/h1>\n<p>La meilleure formation europ\u00e9enne sur les drones !<\/p>\n<p>North Sea Drones est le leader europ\u00e9en de la formation aux drones, de la consultation et du soutien d'experts pour les nouveaux pilotes de drones. North Sea Drones a aid\u00e9 des entreprises, la police et les services d'incendie \u00e0 travers la formation et maintenant vous pouvez aussi profiter de leur expertise !<\/p>\n<p>Ce cours de formation au pilotage de drone en ligne vous permet d'obtenir le certificat de vol A1\/A3 et A2 depuis chez vous. Commencez avec les informations les plus compl\u00e8tes et des conseils int\u00e9ressants en tant que pilote de drone europ\u00e9en !<br \/>Ce cours vid\u00e9o en ligne, d'une dur\u00e9e de 8 heures, r\u00e9pond aux questions les plus fr\u00e9quentes sur les drones, fournit des conseils et des astuces ainsi que tout le mat\u00e9riel n\u00e9cessaire pour voler en toute l\u00e9galit\u00e9 et en toute s\u00e9curit\u00e9 !<\/p>\n<p>Ce cours convient aux personnes qui souhaitent obtenir leur certificat dans les cat\u00e9gories ouvertes A1\/A3 et A2 en une seule fois.<\/p>\n<p>Le cours offre des connaissances sur :<br \/>- M\u00e9t\u00e9orologie<br \/>- R\u00e9glementation europ\u00e9enne en mati\u00e8re d'aviation<br \/>- Technologie UAS<br \/>- Performances de vol<br \/>- Vie priv\u00e9e \/ GDPR<br \/>- Principes de vol<br \/>- Proc\u00e9dures op\u00e9rationnelles<br \/>- M\u00e9t\u00e9o avanc\u00e9e<br \/>- Technologie avanc\u00e9e<br \/>- L\u00e9gislation Open A2<\/p>\n<p><strong>Comment cela fonctionne-t-il ?<\/strong><br \/>Avec le bon de formation North Sea Drones A1\/A3 et A2, vous apprendrez \u00e0 piloter votre drone en toute s\u00e9curit\u00e9 dans toutes les classes de la cat\u00e9gorie Open. Le bon contient un code unique qui vous donne acc\u00e8s au portail de formation en ligne. Sur le portail de formation, vous trouverez 8 heures de contenu vid\u00e9o ainsi qu'un syllabus num\u00e9rique dans lequel toutes les informations des vid\u00e9os sont \u00e9crites.<\/p>\n<p>Apr\u00e8s avoir \u00e9tudi\u00e9 tout le contenu fourni, vous serez bien pr\u00e9par\u00e9 pour l'examen ! Une fois l'examen r\u00e9ussi (examen inclus par notre partenaire Drone Flight Academy), vous recevrez une licence de pilote A1\/A3 et A2 et serez autoris\u00e9 \u00e0 voler dans la cat\u00e9gorie ouverte !<\/p>\n<p>Pour en savoir plus, consultez le site www.noordzeedrones.be<br \/>Les drones, c'est bien ! Volez en toute s\u00e9curit\u00e9.<\/p>","protected":false},"excerpt":{"rendered":"<ul>\n<li>North Sea Drones licence de vol A1\/A3 &amp; A2<\/li>\n<li>Num\u00e9rique<\/li>\n<li>Valable dans toute l'Europe<\/li>\n<\/ul>","protected":false},"featured_media":6574,"template":"","meta":{"_acf_changed":false},"product_brand":[],"product_cat":[1183,97],"product_tag":[],"class_list":{"0":"post-6575","1":"product","2":"type-product","3":"status-publish","4":"has-post-thumbnail","6":"product_cat-alle-cursussen","7":"product_cat-alle-producten","8":"product_shipping_class-outofstock","9":"pa_brand-noordzee","10":"pa_productfamily-opleiding","11":"pa_producttype-opleiding","12":"pa_series-noordzee-drones-voucher","14":"first","15":"outofstock","16":"taxable","17":"shipping-taxable","18":"product-type-simple"},"acf":[],"yoast_head":"<!-- This site is optimized with the Yoast SEO Premium plugin v27.2 (Yoast SEO v27.2) - https:\/\/yoast.com\/product\/yoast-seo-premium-wordpress\/ -->\n<title>Noordzee Drones Voucher A1\/A3 &amp; A2 - NL - koningdrone.be<\/title>\n<meta name=\"robots\" content=\"index, follow, max-snippet:-1, max-image-preview:large, max-video-preview:-1\" \/>\n<link rel=\"canonical\" href=\"https:\/\/koningdrone.be\/fr\/produit\/noordzee-drones-opleidingsvoucher-vliegbewijs-a1-a3-a2-nl\/\" \/>\n<meta property=\"og:locale\" content=\"fr_FR\" \/>\n<meta property=\"og:type\" content=\"article\" \/>\n<meta property=\"og:title\" content=\"Noordzee Drones Voucher A1\/A3 &amp; A2 - NL\" \/>\n<meta property=\"og:description\" content=\"Noordzee Drones vliegbewijs A1\/A3 &amp; A2  Digitaal  Door heel Europa geldig\" \/>\n<meta property=\"og:url\" content=\"https:\/\/koningdrone.be\/fr\/produit\/noordzee-drones-opleidingsvoucher-vliegbewijs-a1-a3-a2-nl\/\" \/>\n<meta property=\"og:site_name\" content=\"koningdrone.be\" \/>\n<meta property=\"article:modified_time\" content=\"2026-04-29T03:51:01+00:00\" \/>\n<meta property=\"og:image\" content=\"https:\/\/koningdrone.be\/wp-content\/uploads\/sites\/13\/2025\/04\/pos-dji-a1a2a3-nl-1.jpg\" \/>\n\t<meta property=\"og:image:width\" content=\"600\" \/>\n\t<meta property=\"og:image:height\" content=\"423\" \/>\n\t<meta property=\"og:image:type\" content=\"image\/jpeg\" \/>\n<meta name=\"twitter:card\" content=\"summary_large_image\" \/>\n<meta name=\"twitter:label1\" content=\"Dur\u00e9e de lecture est.\" \/>\n\t<meta name=\"twitter:data1\" content=\"1 minute\" \/>\n<script type=\"application\/ld+json\" class=\"yoast-schema-graph\">{\"@context\":\"https:\/\/schema.org\",\"@graph\":[{\"@type\":\"WebPage\",\"@id\":\"https:\/\/koningdrone.be\/product\/noordzee-drones-opleidingsvoucher-vliegbewijs-a1-a3-a2-nl\/\",\"url\":\"https:\/\/koningdrone.be\/product\/noordzee-drones-opleidingsvoucher-vliegbewijs-a1-a3-a2-nl\/\",\"name\":\"Noordzee Drones Voucher A1\/A3 &amp; A2 - NL - koningdrone.be\",\"isPartOf\":{\"@id\":\"https:\/\/koningdrone.be\/#website\"},\"primaryImageOfPage\":{\"@id\":\"https:\/\/koningdrone.be\/product\/noordzee-drones-opleidingsvoucher-vliegbewijs-a1-a3-a2-nl\/#primaryimage\"},\"image\":{\"@id\":\"https:\/\/koningdrone.be\/product\/noordzee-drones-opleidingsvoucher-vliegbewijs-a1-a3-a2-nl\/#primaryimage\"},\"thumbnailUrl\":\"https:\/\/koningdrone.be\/wp-content\/uploads\/sites\/13\/2025\/04\/pos-dji-a1a2a3-nl-1.jpg\",\"datePublished\":\"2021-08-09T18:15:29+00:00\",\"dateModified\":\"2026-04-29T03:51:01+00:00\",\"breadcrumb\":{\"@id\":\"https:\/\/koningdrone.be\/product\/noordzee-drones-opleidingsvoucher-vliegbewijs-a1-a3-a2-nl\/#breadcrumb\"},\"inLanguage\":\"fr-BE\",\"potentialAction\":[{\"@type\":\"ReadAction\",\"target\":[\"https:\/\/koningdrone.be\/product\/noordzee-drones-opleidingsvoucher-vliegbewijs-a1-a3-a2-nl\/\"]}]},{\"@type\":\"ImageObject\",\"inLanguage\":\"fr-BE\",\"@id\":\"https:\/\/koningdrone.be\/product\/noordzee-drones-opleidingsvoucher-vliegbewijs-a1-a3-a2-nl\/#primaryimage\",\"url\":\"https:\/\/koningdrone.be\/wp-content\/uploads\/sites\/13\/2025\/04\/pos-dji-a1a2a3-nl-1.jpg\",\"contentUrl\":\"https:\/\/koningdrone.be\/wp-content\/uploads\/sites\/13\/2025\/04\/pos-dji-a1a2a3-nl-1.jpg\",\"width\":600,\"height\":423},{\"@type\":\"BreadcrumbList\",\"@id\":\"https:\/\/koningdrone.be\/product\/noordzee-drones-opleidingsvoucher-vliegbewijs-a1-a3-a2-nl\/#breadcrumb\",\"itemListElement\":[{\"@type\":\"ListItem\",\"position\":1,\"name\":\"Home\",\"item\":\"https:\/\/koningdrone.be\/\"},{\"@type\":\"ListItem\",\"position\":2,\"name\":\"AVSS Parachute Recovery System for DJI Matrice 300\/350\",\"item\":\"https:\/\/koningdrone.be\/product\/avss-parachute-recovery-system-for-dji-matrice-300-350\/\"},{\"@type\":\"ListItem\",\"position\":3,\"name\":\"Alle cursussen\",\"item\":\"https:\/\/koningdrone.be\/categorie\/alle-cursussen\/\"},{\"@type\":\"ListItem\",\"position\":4,\"name\":\"Noordzee Drones Voucher A1\/A3 &amp; A2 &#8211; NL\"}]},{\"@type\":\"WebSite\",\"@id\":\"https:\/\/koningdrone.be\/#website\",\"url\":\"https:\/\/koningdrone.be\/\",\"name\":\"Koningdrone.be - Uw online specialist in drones, gimbals, camera's en power stations.\",\"description\":\"De webshop in drones en gimbals\",\"publisher\":{\"@id\":\"https:\/\/koningdrone.be\/#organization\"},\"potentialAction\":[{\"@type\":\"SearchAction\",\"target\":{\"@type\":\"EntryPoint\",\"urlTemplate\":\"https:\/\/koningdrone.be\/?s={search_term_string}\"},\"query-input\":{\"@type\":\"PropertyValueSpecification\",\"valueRequired\":true,\"valueName\":\"search_term_string\"}}],\"inLanguage\":\"fr-BE\"},{\"@type\":\"Organization\",\"@id\":\"https:\/\/koningdrone.be\/#organization\",\"name\":\"Koningdrone.be\",\"url\":\"https:\/\/koningdrone.be\/\",\"logo\":{\"@type\":\"ImageObject\",\"inLanguage\":\"fr-BE\",\"@id\":\"https:\/\/koningdrone.be\/#\/schema\/logo\/image\/\",\"url\":\"https:\/\/koningdrone.be\/wp-content\/uploads\/sites\/13\/2025\/04\/koningdrone-copyright-logo.svg\",\"contentUrl\":\"https:\/\/koningdrone.be\/wp-content\/uploads\/sites\/13\/2025\/04\/koningdrone-copyright-logo.svg\",\"width\":227,\"height\":38,\"caption\":\"Koningdrone.be\"},\"image\":{\"@id\":\"https:\/\/koningdrone.be\/#\/schema\/logo\/image\/\"}}]}<\/script>\n<!-- \/ Yoast SEO Premium plugin. -->","yoast_head_json":{"title":"Noordzee Drones Voucher A1\/A3 &amp; A2 - NL - koningdrone.be","robots":{"index":"index","follow":"follow","max-snippet":"max-snippet:-1","max-image-preview":"max-image-preview:large","max-video-preview":"max-video-preview:-1"},"canonical":"https:\/\/koningdrone.be\/fr\/produit\/noordzee-drones-opleidingsvoucher-vliegbewijs-a1-a3-a2-nl\/","og_locale":"fr_FR","og_type":"article","og_title":"Noordzee Drones Voucher A1\/A3 &amp; A2 - NL","og_description":"Noordzee Drones vliegbewijs A1\/A3 &amp; A2  Digitaal  Door heel Europa geldig","og_url":"https:\/\/koningdrone.be\/fr\/produit\/noordzee-drones-opleidingsvoucher-vliegbewijs-a1-a3-a2-nl\/","og_site_name":"koningdrone.be","article_modified_time":"2026-04-29T03:51:01+00:00","og_image":[{"width":600,"height":423,"url":"https:\/\/koningdrone.be\/wp-content\/uploads\/sites\/13\/2025\/04\/pos-dji-a1a2a3-nl-1.jpg","type":"image\/jpeg"}],"twitter_card":"summary_large_image","twitter_misc":{"Dur\u00e9e de lecture est.":"1 minute"},"schema":{"@context":"https:\/\/schema.org","@graph":[{"@type":"WebPage","@id":"https:\/\/koningdrone.be\/product\/noordzee-drones-opleidingsvoucher-vliegbewijs-a1-a3-a2-nl\/","url":"https:\/\/koningdrone.be\/product\/noordzee-drones-opleidingsvoucher-vliegbewijs-a1-a3-a2-nl\/","name":"Noordzee Drones Voucher A1\/A3 &amp; A2 - NL - koningdrone.be","isPartOf":{"@id":"https:\/\/koningdrone.be\/#website"},"primaryImageOfPage":{"@id":"https:\/\/koningdrone.be\/product\/noordzee-drones-opleidingsvoucher-vliegbewijs-a1-a3-a2-nl\/#primaryimage"},"image":{"@id":"https:\/\/koningdrone.be\/product\/noordzee-drones-opleidingsvoucher-vliegbewijs-a1-a3-a2-nl\/#primaryimage"},"thumbnailUrl":"https:\/\/koningdrone.be\/wp-content\/uploads\/sites\/13\/2025\/04\/pos-dji-a1a2a3-nl-1.jpg","datePublished":"2021-08-09T18:15:29+00:00","dateModified":"2026-04-29T03:51:01+00:00","breadcrumb":{"@id":"https:\/\/koningdrone.be\/product\/noordzee-drones-opleidingsvoucher-vliegbewijs-a1-a3-a2-nl\/#breadcrumb"},"inLanguage":"fr-BE","potentialAction":[{"@type":"ReadAction","target":["https:\/\/koningdrone.be\/product\/noordzee-drones-opleidingsvoucher-vliegbewijs-a1-a3-a2-nl\/"]}]},{"@type":"ImageObject","inLanguage":"fr-BE","@id":"https:\/\/koningdrone.be\/product\/noordzee-drones-opleidingsvoucher-vliegbewijs-a1-a3-a2-nl\/#primaryimage","url":"https:\/\/koningdrone.be\/wp-content\/uploads\/sites\/13\/2025\/04\/pos-dji-a1a2a3-nl-1.jpg","contentUrl":"https:\/\/koningdrone.be\/wp-content\/uploads\/sites\/13\/2025\/04\/pos-dji-a1a2a3-nl-1.jpg","width":600,"height":423},{"@type":"BreadcrumbList","@id":"https:\/\/koningdrone.be\/product\/noordzee-drones-opleidingsvoucher-vliegbewijs-a1-a3-a2-nl\/#breadcrumb","itemListElement":[{"@type":"ListItem","position":1,"name":"Home","item":"https:\/\/koningdrone.be\/"},{"@type":"ListItem","position":2,"name":"AVSS Parachute Recovery System for DJI Matrice 300\/350","item":"https:\/\/koningdrone.be\/product\/avss-parachute-recovery-system-for-dji-matrice-300-350\/"},{"@type":"ListItem","position":3,"name":"Alle cursussen","item":"https:\/\/koningdrone.be\/categorie\/alle-cursussen\/"},{"@type":"ListItem","position":4,"name":"Noordzee Drones Voucher A1\/A3 &amp; A2 &#8211; NL"}]},{"@type":"WebSite","@id":"https:\/\/koningdrone.be\/#website","url":"https:\/\/koningdrone.be\/","name":"Koningdrone.be - Votre sp\u00e9cialiste en ligne en mati\u00e8re de drones, de cardans, de cam\u00e9ras et de centrales \u00e9lectriques.","description":"La boutique en ligne de drones et de cardans","publisher":{"@id":"https:\/\/koningdrone.be\/#organization"},"potentialAction":[{"@type":"SearchAction","target":{"@type":"EntryPoint","urlTemplate":"https:\/\/koningdrone.be\/?s={search_term_string}"},"query-input":{"@type":"PropertyValueSpecification","valueRequired":true,"valueName":"search_term_string"}}],"inLanguage":"fr-BE"},{"@type":"Organization","@id":"https:\/\/koningdrone.be\/#organization","name":"Kingdrone.co.uk","url":"https:\/\/koningdrone.be\/","logo":{"@type":"ImageObject","inLanguage":"fr-BE","@id":"https:\/\/koningdrone.be\/#\/schema\/logo\/image\/","url":"https:\/\/koningdrone.be\/wp-content\/uploads\/sites\/13\/2025\/04\/koningdrone-copyright-logo.svg","contentUrl":"https:\/\/koningdrone.be\/wp-content\/uploads\/sites\/13\/2025\/04\/koningdrone-copyright-logo.svg","width":227,"height":38,"caption":"Koningdrone.be"},"image":{"@id":"https:\/\/koningdrone.be\/#\/schema\/logo\/image\/"}}]}},"df_price":"","df_sale_price":"","df_regular_price":"","df_image_link":"https:\/\/koningdrone.be\/wp-content\/uploads\/sites\/13\/2025\/04\/pos-dji-a1a2a3-nl-1-300x212.jpg","_links":{"self":[{"href":"https:\/\/koningdrone.be\/fr\/wp-json\/wp\/v2\/product\/6575","targetHints":{"allow":["GET"]}}],"collection":[{"href":"https:\/\/koningdrone.be\/fr\/wp-json\/wp\/v2\/product"}],"about":[{"href":"https:\/\/koningdrone.be\/fr\/wp-json\/wp\/v2\/types\/product"}],"wp:featuredmedia":[{"embeddable":true,"href":"https:\/\/koningdrone.be\/fr\/wp-json\/wp\/v2\/media\/6574"}],"wp:attachment":[{"href":"https:\/\/koningdrone.be\/fr\/wp-json\/wp\/v2\/media?parent=6575"}],"wp:term":[{"taxonomy":"product_brand","embeddable":true,"href":"https:\/\/koningdrone.be\/fr\/wp-json\/wp\/v2\/product_brand?post=6575"},{"taxonomy":"product_cat","embeddable":true,"href":"https:\/\/koningdrone.be\/fr\/wp-json\/wp\/v2\/product_cat?post=6575"},{"taxonomy":"product_tag","embeddable":true,"href":"https:\/\/koningdrone.be\/fr\/wp-json\/wp\/v2\/product_tag?post=6575"}],"curies":[{"name":"wp","href":"https:\/\/api.w.org\/{rel}","templated":true}]}}