{"id":6573,"date":"2021-08-13T15:26:12","date_gmt":"2021-08-13T13:26:12","guid":{"rendered":"https:\/\/koningdrone.nl\/kon\/product\/parrot-anafi-ai-4g\/"},"modified":"2026-04-29T13:30:18","modified_gmt":"2026-04-29T11:30:18","slug":"parrot-anafi-ai-4g","status":"publish","type":"product","link":"https:\/\/koningdrone.be\/fr\/produit\/parrot-anafi-ai-4g\/","title":{"rendered":"Parrot Anafi AI (4G)"},"content":{"rendered":"<p><strong>D\u00e9couvrez la puissance de la connectivit\u00e9 4G avec le drone Anafi Ai de Parrot !<\/strong><\/p>\n<p>Ce drone avanc\u00e9 fournit une connexion de donn\u00e9es 4G fiable pour les transmissions longue distance et dispose d'un puissant algorithme de streaming qui s'adapte automatiquement aux conditions du r\u00e9seau. En plus d'\u00eatre rapidement op\u00e9rationnel, l'Anafi Ai est r\u00e9sistant \u00e0 la pluie et facile \u00e0 transporter gr\u00e2ce \u00e0 son design pliable.<\/p>\n<ul>\n<li><strong>Technologie d'imagerie avanc\u00e9e :<\/strong> Le drone est \u00e9quip\u00e9 d'un capteur Quad Bayer de 48 MP qui permet de capturer des mod\u00e8les 2D et 3D d\u00e9taill\u00e9s, m\u00eame dans des conditions d'\u00e9clairage complexes. Le zoom num\u00e9rique 6x permet aux utilisateurs d'observer des d\u00e9tails jusqu'\u00e0 1 cm de distance.<\/li>\n<p><\/p>\n<li><strong>Stabilisation robuste et conception unique :<\/strong> Avec un mouvement de cardan de -90\u00b0 \u00e0 +90\u00b0 et une stabilisation hybride sur 6 axes, l'Anafi Ai fournit toujours des images claires. Le drone est \u00e9galement \u00e9quip\u00e9 d'une cam\u00e9ra omnidirectionnelle qui d\u00e9tecte et \u00e9vite les obstacles, garantissant ainsi des vols en toute s\u00e9curit\u00e9.<\/li>\n<p>\n<\/ul>\n<p><strong>Possibilit\u00e9s de personnalisation \u00e0 l'infini gr\u00e2ce \u00e0 l'open source :<\/strong><\/p>\n<p>Parrot soutient la communaut\u00e9 open source avec des options SDK \u00e9tendues qui permettent de d\u00e9velopper des applications personnalis\u00e9es pour l'Anafi Ai. De l'ex\u00e9cution directe du code sur le drone au d\u00e9veloppement d'applications mobiles via le Ground SDK, les options sont nombreuses et adaptables aux diff\u00e9rents besoins professionnels.<\/p>","protected":false},"excerpt":{"rendered":"<ul>\n<li>Transmission 4G<\/li>\n<li>Batterie intelligente<\/li>\n<li>Op\u00e9rationnel en 60 secondes<\/li>\n<li>Pliable et imperm\u00e9able<\/li>\n<li>Capteur CMOS 1\/2 \" 48 MP<\/li>\n<li>Stabilisation sur 6 axes<\/li>\n<li>R\u00e9solution 4K et 1080p<\/li>\n<li>Environnement open source<\/li>\n<\/ul>","protected":false},"featured_media":6569,"template":"","meta":{"_acf_changed":false},"product_brand":[],"product_cat":[135,97,99,100,325,326],"product_tag":[],"class_list":{"0":"post-6573","1":"product","2":"type-product","3":"status-publish","4":"has-post-thumbnail","6":"product_cat-alle-drones","7":"product_cat-alle-producten","8":"product_cat-drones-met-certificaat","9":"product_cat-enterprise-drones","10":"product_cat-parrot","11":"product_cat-professionele-parrot-drones","12":"product_shipping_class-outofstock","13":"pa_brand-parrot","14":"pa_dronegrade-enterprise","15":"pa_productfamily-drone","16":"pa_producttype-drone","17":"pa_series-parrot-ai","19":"first","20":"outofstock","21":"taxable","22":"shipping-taxable","23":"product-type-simple"},"acf":[],"yoast_head":"<!-- This site is optimized with the Yoast SEO Premium plugin v27.2 (Yoast SEO v27.2) - https:\/\/yoast.com\/product\/yoast-seo-premium-wordpress\/ -->\n<title>Parrot Anafi AI (4G) - koningdrone.be<\/title>\n<meta name=\"robots\" content=\"index, follow, max-snippet:-1, max-image-preview:large, max-video-preview:-1\" \/>\n<link rel=\"canonical\" href=\"https:\/\/koningdrone.be\/fr\/produit\/parrot-anafi-ai-4g\/\" \/>\n<meta property=\"og:locale\" content=\"fr_FR\" \/>\n<meta property=\"og:type\" content=\"article\" \/>\n<meta property=\"og:title\" content=\"Parrot Anafi AI (4G)\" \/>\n<meta property=\"og:description\" content=\"4G-transmissie  Intelligente batterij  Operationeel in 60 seconden  Opvouwbaar en regenbestendig  1\/2 &#039;&#039; 48 MP CMOS-sensor  6-assige stabilisatie  4K- en 1080p-resolutie  Open source-omgeving\" \/>\n<meta property=\"og:url\" content=\"https:\/\/koningdrone.be\/fr\/produit\/parrot-anafi-ai-4g\/\" \/>\n<meta property=\"og:site_name\" content=\"koningdrone.be\" \/>\n<meta property=\"article:modified_time\" content=\"2026-04-29T11:30:18+00:00\" \/>\n<meta property=\"og:image\" content=\"https:\/\/koningdrone.be\/wp-content\/uploads\/sites\/13\/2025\/04\/parrot-anafi-ai-1.jpg\" \/>\n\t<meta property=\"og:image:width\" content=\"1000\" \/>\n\t<meta property=\"og:image:height\" content=\"667\" \/>\n\t<meta property=\"og:image:type\" content=\"image\/jpeg\" \/>\n<meta name=\"twitter:card\" content=\"summary_large_image\" \/>\n<meta name=\"twitter:label1\" content=\"Dur\u00e9e de lecture est.\" \/>\n\t<meta name=\"twitter:data1\" content=\"1 minute\" \/>\n<script type=\"application\/ld+json\" class=\"yoast-schema-graph\">{\"@context\":\"https:\/\/schema.org\",\"@graph\":[{\"@type\":\"WebPage\",\"@id\":\"https:\/\/koningdrone.be\/product\/parrot-anafi-ai-4g\/\",\"url\":\"https:\/\/koningdrone.be\/product\/parrot-anafi-ai-4g\/\",\"name\":\"Parrot Anafi AI (4G) - koningdrone.be\",\"isPartOf\":{\"@id\":\"https:\/\/koningdrone.be\/#website\"},\"primaryImageOfPage\":{\"@id\":\"https:\/\/koningdrone.be\/product\/parrot-anafi-ai-4g\/#primaryimage\"},\"image\":{\"@id\":\"https:\/\/koningdrone.be\/product\/parrot-anafi-ai-4g\/#primaryimage\"},\"thumbnailUrl\":\"https:\/\/koningdrone.be\/wp-content\/uploads\/sites\/13\/2025\/04\/parrot-anafi-ai-1.jpg\",\"datePublished\":\"2021-08-13T13:26:12+00:00\",\"dateModified\":\"2026-04-29T11:30:18+00:00\",\"breadcrumb\":{\"@id\":\"https:\/\/koningdrone.be\/product\/parrot-anafi-ai-4g\/#breadcrumb\"},\"inLanguage\":\"fr-BE\",\"potentialAction\":[{\"@type\":\"ReadAction\",\"target\":[\"https:\/\/koningdrone.be\/product\/parrot-anafi-ai-4g\/\"]}]},{\"@type\":\"ImageObject\",\"inLanguage\":\"fr-BE\",\"@id\":\"https:\/\/koningdrone.be\/product\/parrot-anafi-ai-4g\/#primaryimage\",\"url\":\"https:\/\/koningdrone.be\/wp-content\/uploads\/sites\/13\/2025\/04\/parrot-anafi-ai-1.jpg\",\"contentUrl\":\"https:\/\/koningdrone.be\/wp-content\/uploads\/sites\/13\/2025\/04\/parrot-anafi-ai-1.jpg\",\"width\":1000,\"height\":667},{\"@type\":\"BreadcrumbList\",\"@id\":\"https:\/\/koningdrone.be\/product\/parrot-anafi-ai-4g\/#breadcrumb\",\"itemListElement\":[{\"@type\":\"ListItem\",\"position\":1,\"name\":\"Home\",\"item\":\"https:\/\/koningdrone.be\/\"},{\"@type\":\"ListItem\",\"position\":2,\"name\":\"AVSS Parachute Recovery System for DJI Matrice 300\/350\",\"item\":\"https:\/\/koningdrone.be\/product\/avss-parachute-recovery-system-for-dji-matrice-300-350\/\"},{\"@type\":\"ListItem\",\"position\":3,\"name\":\"Alle drones\",\"item\":\"https:\/\/koningdrone.be\/categorie\/alle-drones\/\"},{\"@type\":\"ListItem\",\"position\":4,\"name\":\"Parrot Anafi AI (4G)\"}]},{\"@type\":\"WebSite\",\"@id\":\"https:\/\/koningdrone.be\/#website\",\"url\":\"https:\/\/koningdrone.be\/\",\"name\":\"Koningdrone.be - Uw online specialist in drones, gimbals, camera's en power stations.\",\"description\":\"De webshop in drones en gimbals\",\"publisher\":{\"@id\":\"https:\/\/koningdrone.be\/#organization\"},\"potentialAction\":[{\"@type\":\"SearchAction\",\"target\":{\"@type\":\"EntryPoint\",\"urlTemplate\":\"https:\/\/koningdrone.be\/?s={search_term_string}\"},\"query-input\":{\"@type\":\"PropertyValueSpecification\",\"valueRequired\":true,\"valueName\":\"search_term_string\"}}],\"inLanguage\":\"fr-BE\"},{\"@type\":\"Organization\",\"@id\":\"https:\/\/koningdrone.be\/#organization\",\"name\":\"Koningdrone.be\",\"url\":\"https:\/\/koningdrone.be\/\",\"logo\":{\"@type\":\"ImageObject\",\"inLanguage\":\"fr-BE\",\"@id\":\"https:\/\/koningdrone.be\/#\/schema\/logo\/image\/\",\"url\":\"https:\/\/koningdrone.be\/wp-content\/uploads\/sites\/13\/2025\/04\/koningdrone-copyright-logo.svg\",\"contentUrl\":\"https:\/\/koningdrone.be\/wp-content\/uploads\/sites\/13\/2025\/04\/koningdrone-copyright-logo.svg\",\"width\":227,\"height\":38,\"caption\":\"Koningdrone.be\"},\"image\":{\"@id\":\"https:\/\/koningdrone.be\/#\/schema\/logo\/image\/\"}}]}<\/script>\n<!-- \/ Yoast SEO Premium plugin. -->","yoast_head_json":{"title":"Parrot Anafi AI (4G) - koningdrone.be","robots":{"index":"index","follow":"follow","max-snippet":"max-snippet:-1","max-image-preview":"max-image-preview:large","max-video-preview":"max-video-preview:-1"},"canonical":"https:\/\/koningdrone.be\/fr\/produit\/parrot-anafi-ai-4g\/","og_locale":"fr_FR","og_type":"article","og_title":"Parrot Anafi AI (4G)","og_description":"4G-transmissie  Intelligente batterij  Operationeel in 60 seconden  Opvouwbaar en regenbestendig  1\/2 '' 48 MP CMOS-sensor  6-assige stabilisatie  4K- en 1080p-resolutie  Open source-omgeving","og_url":"https:\/\/koningdrone.be\/fr\/produit\/parrot-anafi-ai-4g\/","og_site_name":"koningdrone.be","article_modified_time":"2026-04-29T11:30:18+00:00","og_image":[{"width":1000,"height":667,"url":"https:\/\/koningdrone.be\/wp-content\/uploads\/sites\/13\/2025\/04\/parrot-anafi-ai-1.jpg","type":"image\/jpeg"}],"twitter_card":"summary_large_image","twitter_misc":{"Dur\u00e9e de lecture est.":"1 minute"},"schema":{"@context":"https:\/\/schema.org","@graph":[{"@type":"WebPage","@id":"https:\/\/koningdrone.be\/product\/parrot-anafi-ai-4g\/","url":"https:\/\/koningdrone.be\/product\/parrot-anafi-ai-4g\/","name":"Parrot Anafi AI (4G) - koningdrone.be","isPartOf":{"@id":"https:\/\/koningdrone.be\/#website"},"primaryImageOfPage":{"@id":"https:\/\/koningdrone.be\/product\/parrot-anafi-ai-4g\/#primaryimage"},"image":{"@id":"https:\/\/koningdrone.be\/product\/parrot-anafi-ai-4g\/#primaryimage"},"thumbnailUrl":"https:\/\/koningdrone.be\/wp-content\/uploads\/sites\/13\/2025\/04\/parrot-anafi-ai-1.jpg","datePublished":"2021-08-13T13:26:12+00:00","dateModified":"2026-04-29T11:30:18+00:00","breadcrumb":{"@id":"https:\/\/koningdrone.be\/product\/parrot-anafi-ai-4g\/#breadcrumb"},"inLanguage":"fr-BE","potentialAction":[{"@type":"ReadAction","target":["https:\/\/koningdrone.be\/product\/parrot-anafi-ai-4g\/"]}]},{"@type":"ImageObject","inLanguage":"fr-BE","@id":"https:\/\/koningdrone.be\/product\/parrot-anafi-ai-4g\/#primaryimage","url":"https:\/\/koningdrone.be\/wp-content\/uploads\/sites\/13\/2025\/04\/parrot-anafi-ai-1.jpg","contentUrl":"https:\/\/koningdrone.be\/wp-content\/uploads\/sites\/13\/2025\/04\/parrot-anafi-ai-1.jpg","width":1000,"height":667},{"@type":"BreadcrumbList","@id":"https:\/\/koningdrone.be\/product\/parrot-anafi-ai-4g\/#breadcrumb","itemListElement":[{"@type":"ListItem","position":1,"name":"Home","item":"https:\/\/koningdrone.be\/"},{"@type":"ListItem","position":2,"name":"AVSS Parachute Recovery System for DJI Matrice 300\/350","item":"https:\/\/koningdrone.be\/product\/avss-parachute-recovery-system-for-dji-matrice-300-350\/"},{"@type":"ListItem","position":3,"name":"Alle drones","item":"https:\/\/koningdrone.be\/categorie\/alle-drones\/"},{"@type":"ListItem","position":4,"name":"Parrot Anafi AI (4G)"}]},{"@type":"WebSite","@id":"https:\/\/koningdrone.be\/#website","url":"https:\/\/koningdrone.be\/","name":"Koningdrone.be - Votre sp\u00e9cialiste en ligne en mati\u00e8re de drones, de cardans, de cam\u00e9ras et de centrales \u00e9lectriques.","description":"La boutique en ligne de drones et de cardans","publisher":{"@id":"https:\/\/koningdrone.be\/#organization"},"potentialAction":[{"@type":"SearchAction","target":{"@type":"EntryPoint","urlTemplate":"https:\/\/koningdrone.be\/?s={search_term_string}"},"query-input":{"@type":"PropertyValueSpecification","valueRequired":true,"valueName":"search_term_string"}}],"inLanguage":"fr-BE"},{"@type":"Organization","@id":"https:\/\/koningdrone.be\/#organization","name":"Kingdrone.co.uk","url":"https:\/\/koningdrone.be\/","logo":{"@type":"ImageObject","inLanguage":"fr-BE","@id":"https:\/\/koningdrone.be\/#\/schema\/logo\/image\/","url":"https:\/\/koningdrone.be\/wp-content\/uploads\/sites\/13\/2025\/04\/koningdrone-copyright-logo.svg","contentUrl":"https:\/\/koningdrone.be\/wp-content\/uploads\/sites\/13\/2025\/04\/koningdrone-copyright-logo.svg","width":227,"height":38,"caption":"Koningdrone.be"},"image":{"@id":"https:\/\/koningdrone.be\/#\/schema\/logo\/image\/"}}]}},"df_price":"","df_sale_price":"","df_regular_price":"","df_image_link":"https:\/\/koningdrone.be\/wp-content\/uploads\/sites\/13\/2025\/04\/parrot-anafi-ai-1-300x200.jpg","_links":{"self":[{"href":"https:\/\/koningdrone.be\/fr\/wp-json\/wp\/v2\/product\/6573","targetHints":{"allow":["GET"]}}],"collection":[{"href":"https:\/\/koningdrone.be\/fr\/wp-json\/wp\/v2\/product"}],"about":[{"href":"https:\/\/koningdrone.be\/fr\/wp-json\/wp\/v2\/types\/product"}],"wp:featuredmedia":[{"embeddable":true,"href":"https:\/\/koningdrone.be\/fr\/wp-json\/wp\/v2\/media\/6569"}],"wp:attachment":[{"href":"https:\/\/koningdrone.be\/fr\/wp-json\/wp\/v2\/media?parent=6573"}],"wp:term":[{"taxonomy":"product_brand","embeddable":true,"href":"https:\/\/koningdrone.be\/fr\/wp-json\/wp\/v2\/product_brand?post=6573"},{"taxonomy":"product_cat","embeddable":true,"href":"https:\/\/koningdrone.be\/fr\/wp-json\/wp\/v2\/product_cat?post=6573"},{"taxonomy":"product_tag","embeddable":true,"href":"https:\/\/koningdrone.be\/fr\/wp-json\/wp\/v2\/product_tag?post=6573"}],"curies":[{"name":"wp","href":"https:\/\/api.w.org\/{rel}","templated":true}]}}