{"id":6568,"date":"2021-09-08T20:28:50","date_gmt":"2021-09-08T18:28:50","guid":{"rendered":"https:\/\/koningdrone.nl\/kon\/product\/dji-osmo-mobile-5\/"},"modified":"2026-04-29T13:30:06","modified_gmt":"2026-04-29T11:30:06","slug":"dji-osmo-mobile-5","status":"publish","type":"product","link":"https:\/\/koningdrone.be\/fr\/produit\/dji-osmo-mobile-5\/","title":{"rendered":"DJI Osmo Mobile 5 - Gris Ath\u00e8nes"},"content":{"rendered":"<h1>DJI Osmo Mobile 5<\/h1>\n<p>[embedyt] https:\/\/www.youtube.com\/watch?v=Gpg6aLPGvRM[\/embedyt]<\/p>\n<p>Opvouwbaar en super licht. De OM 5 is ontworpen om in de palm van je hand te passen. Dat betekent dat je hem gemakkelijk mee kunt nemen voor elk avontuur. En voor het eerst hebben we een ingebouwde verlengstaaf toegevoegd, zodat je meer vrienden kunt opnemen in een selfie of beelden kunt vastleggen vanuit unieke nieuwe hoeken.<br \/>Past als gegoten &#8211; Het handvat is ergonomisch ontworpen om perfect in de palm van je hand te passen.<\/p>\n<p><\/p>\n<ul> <\/p>\n<li>Nieuwe kleur<\/li>\n<p> <\/p>\n<li>Twee kleuren, oneindige stijl<\/li>\n<p> <\/p>\n<li>Athene grijs<\/li>\n<p> <\/p>\n<li>Ge\u00efnspireerd door de Griekse architectuur, is DJI OM 5 verkrijgbaar in een klassiek Athene grijs.<\/li>\n<p><\/ul>\n<p><strong>ShotGidsen &#8211; Schiet als een pro<\/strong><\/p>\n<p>ShotGuides herkent automatisch uw omgeving en beveelt handige opnametips en creatieve sjablonen aan. Van opnemen tot bewerken, met deze geavanceerde nieuwe functie kunnen zelfs nieuwe gebruikers verbluffende resultaten vastleggen.<\/p>\n<p><strong>ActiveTrack 4.0 &#8211; Blijf in beeld<\/strong><\/p>\n<p>Wat hebben we verbeterd voor ActiveTrack 4.0? Vrijwel alles. Van meer geavanceerde herkenningsmogelijkheden tot een hoger reactievermogen, er is zelfs een nieuwe functie voor automatische gezichtsherkenning voor de selfie-modus. Door zo goed en betrouwbaar te volgen, kunt u zich concentreren op uw omgeving en in het moment blijven.<\/p>\n<p><strong>Intelligente opnamemodi &#8211; Een modus voor elk moment<\/strong><\/p>\n<p>Elk moment kan een meesterwerk zijn, en met de DJI OM 5 zorgt een breed scala aan intelligente opnamestanden ervoor dat je altijd klaar bent om alles creatief vast te leggen.<\/p>\n<p><strong>Panorama<\/strong><br \/>Leg meer van uw omgeving vast met de panoramamodus.<\/p>\n<p><strong>CloneMe Pano<\/strong><br \/>Altijd al op meerdere plaatsen tegelijk willen zijn? Dit is je kans.<\/p>\n<p><strong>Videomodi\u00a0<\/strong><\/p>\n<p><strong>Verhaal modus<\/strong><br \/>Kies je sjabloon en volg de aanwijzingen om een \u200b\u200bgeweldige korte video te maken, zelfs als je geen ervaring hebt met fotograferen of bewerken.<\/p>\n<p><strong>Dynamische Zoom<\/strong><br \/>Voeg een artistiek tintje toe aan uw creaties met DynamicZoom<\/p>\n<p><strong>Time-lapse<\/strong><br \/>Leg de hartslag van uw omgeving vast met een timelapse-video.<\/p>\n<p><strong>SpinShot<\/strong><br \/>Krijg de coole roterende opnamen die je in muziekvideo&#8217;s ziet met SpinShot.<\/p>\n<p><strong>Accessoires<\/strong><br \/>Haal het meeste uit DJI OM 5<\/p>\n<p><\/p>\n<ul> <\/p>\n<li>Magnetische telefoonklem. Klik uw smartphone binnen enkele seconden op de gimbal. Het is echt zo simpel.<\/li>\n<p> <\/p>\n<li>DJI OM Invullicht Telefoonklem [1]<\/li>\n<p> <\/p>\n<li>Met LED-lampen met meerdere helderheidsopties en kleurtemperatuurniveaus kun je onderwerpen met de juiste verlichting benadrukken, waar je ook gaat. (Neutraal, Warm, Koud)<\/li>\n<p><\/ul>\n<p><em>Opmerkingen:<\/em><\/p>\n<p>1. Apart verkocht.<\/p>\n","protected":false},"excerpt":{"rendered":"<ul>\n<li>ShotGuides<\/li>\n<li>Stabilisation \u00e0 3 axes<\/li>\n<li>ActiveTrack 4.0<\/li>\n<li>Rallonge int\u00e9gr\u00e9e<\/li>\n<li>Portable et pliable<\/li>\n<li>Conception magn\u00e9tique<\/li>\n<\/ul>","protected":false},"featured_media":6560,"template":"","meta":{"_acf_changed":false},"product_brand":[],"product_cat":[315,410,97,297,1268],"product_tag":[],"class_list":{"0":"post-6568","1":"product","2":"type-product","3":"status-publish","4":"has-post-thumbnail","6":"product_cat-alle-gimbals-en-cameras","7":"product_cat-alle-handheld-gimbals","8":"product_cat-alle-producten","9":"product_cat-dji-osmo","10":"product_cat-dji-osmo-mobile-5","11":"product_shipping_class-outofstock","12":"pa_brand-dji","13":"pa_productfamily-gimbal","14":"pa_producttype-gimbal","15":"pa_series-osmo-mobile","17":"first","18":"outofstock","19":"taxable","20":"shipping-taxable","21":"product-type-simple"},"acf":[],"yoast_head":"<!-- This site is optimized with the Yoast SEO Premium plugin v27.2 (Yoast SEO v27.2) - https:\/\/yoast.com\/product\/yoast-seo-premium-wordpress\/ -->\n<title>DJI Osmo Mobile 5 - Athens Gray - koningdrone.be<\/title>\n<meta name=\"robots\" content=\"index, follow, max-snippet:-1, max-image-preview:large, max-video-preview:-1\" \/>\n<link rel=\"canonical\" href=\"https:\/\/koningdrone.be\/fr\/produit\/dji-osmo-mobile-5\/\" \/>\n<meta property=\"og:locale\" content=\"fr_FR\" \/>\n<meta property=\"og:type\" content=\"article\" \/>\n<meta property=\"og:title\" content=\"DJI Osmo Mobile 5 - Athens Gray\" \/>\n<meta property=\"og:description\" content=\"ShotGuides  3-assige stabilisatie  ActiveTrack 4.0  Ingebouwde verlengstang  Draagbaar en opvouwbaar  Magnetisch ontwerp\" \/>\n<meta property=\"og:url\" content=\"https:\/\/koningdrone.be\/fr\/produit\/dji-osmo-mobile-5\/\" \/>\n<meta property=\"og:site_name\" content=\"koningdrone.be\" \/>\n<meta property=\"article:modified_time\" content=\"2026-04-29T11:30:06+00:00\" \/>\n<meta property=\"og:image\" content=\"https:\/\/koningdrone.be\/wp-content\/uploads\/sites\/13\/2025\/04\/dji-om-5-athens-gray.png\" \/>\n\t<meta property=\"og:image:width\" content=\"600\" \/>\n\t<meta property=\"og:image:height\" content=\"768\" \/>\n\t<meta property=\"og:image:type\" content=\"image\/png\" \/>\n<meta name=\"twitter:card\" content=\"summary_large_image\" \/>\n<meta name=\"twitter:label1\" content=\"Dur\u00e9e de lecture est.\" \/>\n\t<meta name=\"twitter:data1\" content=\"2 minutes\" \/>\n<script type=\"application\/ld+json\" class=\"yoast-schema-graph\">{\"@context\":\"https:\/\/schema.org\",\"@graph\":[{\"@type\":\"WebPage\",\"@id\":\"https:\/\/koningdrone.be\/product\/dji-osmo-mobile-5\/\",\"url\":\"https:\/\/koningdrone.be\/product\/dji-osmo-mobile-5\/\",\"name\":\"DJI Osmo Mobile 5 - Athens Gray - koningdrone.be\",\"isPartOf\":{\"@id\":\"https:\/\/koningdrone.be\/#website\"},\"primaryImageOfPage\":{\"@id\":\"https:\/\/koningdrone.be\/product\/dji-osmo-mobile-5\/#primaryimage\"},\"image\":{\"@id\":\"https:\/\/koningdrone.be\/product\/dji-osmo-mobile-5\/#primaryimage\"},\"thumbnailUrl\":\"https:\/\/koningdrone.be\/wp-content\/uploads\/sites\/13\/2025\/04\/dji-om-5-athens-gray.png\",\"datePublished\":\"2021-09-08T18:28:50+00:00\",\"dateModified\":\"2026-04-29T11:30:06+00:00\",\"breadcrumb\":{\"@id\":\"https:\/\/koningdrone.be\/product\/dji-osmo-mobile-5\/#breadcrumb\"},\"inLanguage\":\"fr-BE\",\"potentialAction\":[{\"@type\":\"ReadAction\",\"target\":[\"https:\/\/koningdrone.be\/product\/dji-osmo-mobile-5\/\"]}]},{\"@type\":\"ImageObject\",\"inLanguage\":\"fr-BE\",\"@id\":\"https:\/\/koningdrone.be\/product\/dji-osmo-mobile-5\/#primaryimage\",\"url\":\"https:\/\/koningdrone.be\/wp-content\/uploads\/sites\/13\/2025\/04\/dji-om-5-athens-gray.png\",\"contentUrl\":\"https:\/\/koningdrone.be\/wp-content\/uploads\/sites\/13\/2025\/04\/dji-om-5-athens-gray.png\",\"width\":600,\"height\":768},{\"@type\":\"BreadcrumbList\",\"@id\":\"https:\/\/koningdrone.be\/product\/dji-osmo-mobile-5\/#breadcrumb\",\"itemListElement\":[{\"@type\":\"ListItem\",\"position\":1,\"name\":\"Home\",\"item\":\"https:\/\/koningdrone.be\/\"},{\"@type\":\"ListItem\",\"position\":2,\"name\":\"AVSS Parachute Recovery System for DJI Matrice 300\/350\",\"item\":\"https:\/\/koningdrone.be\/product\/avss-parachute-recovery-system-for-dji-matrice-300-350\/\"},{\"@type\":\"ListItem\",\"position\":3,\"name\":\"Alle gimbals en cameras\",\"item\":\"https:\/\/koningdrone.be\/categorie\/alle-gimbals-en-cameras\/\"},{\"@type\":\"ListItem\",\"position\":4,\"name\":\"DJI Osmo Mobile 5 &#8211; Athens Gray\"}]},{\"@type\":\"WebSite\",\"@id\":\"https:\/\/koningdrone.be\/#website\",\"url\":\"https:\/\/koningdrone.be\/\",\"name\":\"Koningdrone.be - Uw online specialist in drones, gimbals, camera's en power stations.\",\"description\":\"De webshop in drones en gimbals\",\"publisher\":{\"@id\":\"https:\/\/koningdrone.be\/#organization\"},\"potentialAction\":[{\"@type\":\"SearchAction\",\"target\":{\"@type\":\"EntryPoint\",\"urlTemplate\":\"https:\/\/koningdrone.be\/?s={search_term_string}\"},\"query-input\":{\"@type\":\"PropertyValueSpecification\",\"valueRequired\":true,\"valueName\":\"search_term_string\"}}],\"inLanguage\":\"fr-BE\"},{\"@type\":\"Organization\",\"@id\":\"https:\/\/koningdrone.be\/#organization\",\"name\":\"Koningdrone.be\",\"url\":\"https:\/\/koningdrone.be\/\",\"logo\":{\"@type\":\"ImageObject\",\"inLanguage\":\"fr-BE\",\"@id\":\"https:\/\/koningdrone.be\/#\/schema\/logo\/image\/\",\"url\":\"https:\/\/koningdrone.be\/wp-content\/uploads\/sites\/13\/2025\/04\/koningdrone-copyright-logo.svg\",\"contentUrl\":\"https:\/\/koningdrone.be\/wp-content\/uploads\/sites\/13\/2025\/04\/koningdrone-copyright-logo.svg\",\"width\":227,\"height\":38,\"caption\":\"Koningdrone.be\"},\"image\":{\"@id\":\"https:\/\/koningdrone.be\/#\/schema\/logo\/image\/\"}}]}<\/script>\n<!-- \/ Yoast SEO Premium plugin. -->","yoast_head_json":{"title":"DJI Osmo Mobile 5 - Athens Gray - koningdrone.be","robots":{"index":"index","follow":"follow","max-snippet":"max-snippet:-1","max-image-preview":"max-image-preview:large","max-video-preview":"max-video-preview:-1"},"canonical":"https:\/\/koningdrone.be\/fr\/produit\/dji-osmo-mobile-5\/","og_locale":"fr_FR","og_type":"article","og_title":"DJI Osmo Mobile 5 - Athens Gray","og_description":"ShotGuides  3-assige stabilisatie  ActiveTrack 4.0  Ingebouwde verlengstang  Draagbaar en opvouwbaar  Magnetisch ontwerp","og_url":"https:\/\/koningdrone.be\/fr\/produit\/dji-osmo-mobile-5\/","og_site_name":"koningdrone.be","article_modified_time":"2026-04-29T11:30:06+00:00","og_image":[{"width":600,"height":768,"url":"https:\/\/koningdrone.be\/wp-content\/uploads\/sites\/13\/2025\/04\/dji-om-5-athens-gray.png","type":"image\/png"}],"twitter_card":"summary_large_image","twitter_misc":{"Dur\u00e9e de lecture est.":"2 minutes"},"schema":{"@context":"https:\/\/schema.org","@graph":[{"@type":"WebPage","@id":"https:\/\/koningdrone.be\/product\/dji-osmo-mobile-5\/","url":"https:\/\/koningdrone.be\/product\/dji-osmo-mobile-5\/","name":"DJI Osmo Mobile 5 - Athens Gray - koningdrone.be","isPartOf":{"@id":"https:\/\/koningdrone.be\/#website"},"primaryImageOfPage":{"@id":"https:\/\/koningdrone.be\/product\/dji-osmo-mobile-5\/#primaryimage"},"image":{"@id":"https:\/\/koningdrone.be\/product\/dji-osmo-mobile-5\/#primaryimage"},"thumbnailUrl":"https:\/\/koningdrone.be\/wp-content\/uploads\/sites\/13\/2025\/04\/dji-om-5-athens-gray.png","datePublished":"2021-09-08T18:28:50+00:00","dateModified":"2026-04-29T11:30:06+00:00","breadcrumb":{"@id":"https:\/\/koningdrone.be\/product\/dji-osmo-mobile-5\/#breadcrumb"},"inLanguage":"fr-BE","potentialAction":[{"@type":"ReadAction","target":["https:\/\/koningdrone.be\/product\/dji-osmo-mobile-5\/"]}]},{"@type":"ImageObject","inLanguage":"fr-BE","@id":"https:\/\/koningdrone.be\/product\/dji-osmo-mobile-5\/#primaryimage","url":"https:\/\/koningdrone.be\/wp-content\/uploads\/sites\/13\/2025\/04\/dji-om-5-athens-gray.png","contentUrl":"https:\/\/koningdrone.be\/wp-content\/uploads\/sites\/13\/2025\/04\/dji-om-5-athens-gray.png","width":600,"height":768},{"@type":"BreadcrumbList","@id":"https:\/\/koningdrone.be\/product\/dji-osmo-mobile-5\/#breadcrumb","itemListElement":[{"@type":"ListItem","position":1,"name":"Home","item":"https:\/\/koningdrone.be\/"},{"@type":"ListItem","position":2,"name":"AVSS Parachute Recovery System for DJI Matrice 300\/350","item":"https:\/\/koningdrone.be\/product\/avss-parachute-recovery-system-for-dji-matrice-300-350\/"},{"@type":"ListItem","position":3,"name":"Alle gimbals en cameras","item":"https:\/\/koningdrone.be\/categorie\/alle-gimbals-en-cameras\/"},{"@type":"ListItem","position":4,"name":"DJI Osmo Mobile 5 &#8211; Athens Gray"}]},{"@type":"WebSite","@id":"https:\/\/koningdrone.be\/#website","url":"https:\/\/koningdrone.be\/","name":"Koningdrone.be - Votre sp\u00e9cialiste en ligne en mati\u00e8re de drones, de cardans, de cam\u00e9ras et de centrales \u00e9lectriques.","description":"La boutique en ligne de drones et de cardans","publisher":{"@id":"https:\/\/koningdrone.be\/#organization"},"potentialAction":[{"@type":"SearchAction","target":{"@type":"EntryPoint","urlTemplate":"https:\/\/koningdrone.be\/?s={search_term_string}"},"query-input":{"@type":"PropertyValueSpecification","valueRequired":true,"valueName":"search_term_string"}}],"inLanguage":"fr-BE"},{"@type":"Organization","@id":"https:\/\/koningdrone.be\/#organization","name":"Kingdrone.co.uk","url":"https:\/\/koningdrone.be\/","logo":{"@type":"ImageObject","inLanguage":"fr-BE","@id":"https:\/\/koningdrone.be\/#\/schema\/logo\/image\/","url":"https:\/\/koningdrone.be\/wp-content\/uploads\/sites\/13\/2025\/04\/koningdrone-copyright-logo.svg","contentUrl":"https:\/\/koningdrone.be\/wp-content\/uploads\/sites\/13\/2025\/04\/koningdrone-copyright-logo.svg","width":227,"height":38,"caption":"Koningdrone.be"},"image":{"@id":"https:\/\/koningdrone.be\/#\/schema\/logo\/image\/"}}]}},"df_price":"","df_sale_price":"","df_regular_price":"","df_image_link":"https:\/\/koningdrone.be\/wp-content\/uploads\/sites\/13\/2025\/04\/dji-om-5-athens-gray-234x300.png","_links":{"self":[{"href":"https:\/\/koningdrone.be\/fr\/wp-json\/wp\/v2\/product\/6568","targetHints":{"allow":["GET"]}}],"collection":[{"href":"https:\/\/koningdrone.be\/fr\/wp-json\/wp\/v2\/product"}],"about":[{"href":"https:\/\/koningdrone.be\/fr\/wp-json\/wp\/v2\/types\/product"}],"wp:featuredmedia":[{"embeddable":true,"href":"https:\/\/koningdrone.be\/fr\/wp-json\/wp\/v2\/media\/6560"}],"wp:attachment":[{"href":"https:\/\/koningdrone.be\/fr\/wp-json\/wp\/v2\/media?parent=6568"}],"wp:term":[{"taxonomy":"product_brand","embeddable":true,"href":"https:\/\/koningdrone.be\/fr\/wp-json\/wp\/v2\/product_brand?post=6568"},{"taxonomy":"product_cat","embeddable":true,"href":"https:\/\/koningdrone.be\/fr\/wp-json\/wp\/v2\/product_cat?post=6568"},{"taxonomy":"product_tag","embeddable":true,"href":"https:\/\/koningdrone.be\/fr\/wp-json\/wp\/v2\/product_tag?post=6568"}],"curies":[{"name":"wp","href":"https:\/\/api.w.org\/{rel}","templated":true}]}}