{"id":6549,"date":"2021-10-03T09:49:31","date_gmt":"2021-10-03T07:49:31","guid":{"rendered":"https:\/\/koningdrone.nl\/kon\/product\/insta360-go-2\/"},"modified":"2026-05-16T07:40:40","modified_gmt":"2026-05-16T05:40:40","slug":"insta360-go-2","status":"publish","type":"product","link":"https:\/\/koningdrone.be\/fr\/produit\/insta360-go-2\/","title":{"rendered":"INSTA360 Go 2"},"content":{"rendered":"<h1>INSTA360 Go 2<\/h1>\n<p>Insta360 GO 2 offre la puissance d'un produit phare dans la plus petite cam\u00e9ra d'action au monde. Une cam\u00e9ra d'action stabilis\u00e9e qui ne p\u00e8se que 27 grammes, soit moins d'une once. Le bo\u00eetier ultra-l\u00e9ger de l'Insta360 GO 2 permet un enregistrement haute r\u00e9solution mains libres et permet aux cr\u00e9ateurs de capturer leur point de vue sans effort - sans les accessoires encombrants et inconfortables des cam\u00e9ras d'action traditionnelles. L'\u00e9tanch\u00e9it\u00e9 et l'objectif de protection rempla\u00e7able garantissent que la cam\u00e9ra est pr\u00eate pour tous les types d'action. La combinaison in\u00e9gal\u00e9e de la taille, de la stabilisation et des performances de la GO 2 lui permet de faire ce qu'aucune autre cam\u00e9ra d'action ne peut faire : capturer l'action sans jamais se g\u00eaner. C'est le compagnon cin\u00e9matographique des cr\u00e9ateurs et des athl\u00e8tes. L'Insta360 GO 2, accompagn\u00e9e d'une unit\u00e9 de charge polyvalente et d'une s\u00e9lection d'accessoires de montage, est disponible d\u00e8s aujourd'hui sur Insta360.com et chez certains d\u00e9taillants dans le monde entier.<br \/><strong>Charger, s\u00e9curiser, assembler.<\/strong><br \/>Insta360 GO 2 est la Spider-Man des cam\u00e9ras - elle colle \u00e0 tout. Gr\u00e2ce \u00e0 sa petite taille et \u00e0 la multitude d'accessoires contenus dans la bo\u00eete, GO 2 peut aller l\u00e0 o\u00f9 les autres cam\u00e9ras d'action ne peuvent pas aller, qu'il s'agisse de vous, de votre chien ou de votre voiture. Le puissant aimant int\u00e9gr\u00e9 se combine au cintre magn\u00e9tique pour que vous puissiez placer GO 2 directement sur votre chemise. Le clip Easy Clip fixe la GO 2 \u00e0 votre chapeau ou \u00e0 votre bandeau pour que vous puissiez prendre une photo POV sans effort. Une fois le GO 2 en place, il suffit d'appuyer une fois sur l'avant de la cam\u00e9ra pour enregistrer une vid\u00e9o.<br \/><strong>Un capteur puissant.<\/strong><br \/>Malgr\u00e9 sa taille, GO 2 n'\u00e9conomise pas d'\u00e9nergie. GO 2 est dot\u00e9 du m\u00eame mat\u00e9riel de haute qualit\u00e9 que d'autres cam\u00e9ras d'action de premier plan, mais il p\u00e8se six fois moins.<br \/>Un capteur d'image 1\/23\u2033, la norme pour les cam\u00e9ras d'action phares, permet \u00e0 la GO 2 de capturer des vid\u00e9os 3K et des photos 9MP. Les photos qui en r\u00e9sultent sont dynamiques, d\u00e9taill\u00e9es et se d\u00e9marquent \u00e0 coup s\u00fbr sur votre r\u00e9seau social partag\u00e9.<br \/><strong>Toujours stable.<\/strong><br \/>O\u00f9 que vous installiez GO 2, les algorithmes FlowState de nivellement et de stabilisation de l'horizon, signature d'Insta360, \u00e9liminent tous les chocs, les coups et les roulis.<br \/>Avec les mains libres et la stabilisation FlowState qui vous maintient stable, vous pouvez courir, sauter ou rouler avec facilit\u00e9. Avec FlowState, vous pouvez partir avec un simple appareil photo de la taille d'un pouce et revenir avec des photos qui semblent avoir \u00e9t\u00e9 prises avec une suspension \u00e0 cardan de haute qualit\u00e9.<br \/><strong>Chargement en cours de route.<\/strong><br \/>La bo\u00eete de chargement GO 2 est l'affaire de votre entreprise. Il suffit de placer GO 2 dans la bo\u00eete pour qu'il soit recharg\u00e9 en moins d'une demi-heure. Avec la bo\u00eete, GO 2 peut fonctionner jusqu'\u00e0 150 minutes avant de devoir \u00eatre recharg\u00e9 \u00e0 la maison. C'est deux fois la dur\u00e9e de la plupart des salles d'action pour une fraction de la taille.<br \/>Plus qu'un simple chargeur, le bo\u00eetier GO 2 sert \u00e9galement de t\u00e9l\u00e9commande, de tr\u00e9pied et de poign\u00e9e pour transporter des timbres. Il dispose m\u00eame d'un point d'attache \u00bc\" pr\u00eat \u00e0 \u00eatre fix\u00e9 \u00e0 un selfie post\".<br \/>Gr\u00e2ce \u00e0 la connexion Bluetooth int\u00e9gr\u00e9e au bo\u00eetier de chargement, le GO 2 peut \u00eatre contr\u00f4l\u00e9 jusqu'\u00e0 une distance de 10 m\u00e8tres. Il suffit d'installer la cam\u00e9ra o\u00f9 vous le souhaitez et d'utiliser le sac pour la capturer \u00e0 distance.<br \/><strong>Pr\u00eat pour l'aventure.<\/strong><br \/>Surf, plong\u00e9e ou bain de soleil au bord de la mer ? Immergez le GO 2 sans souci jusqu'\u00e0 4 m\u00e8tres sous l'eau. Le GO 2 est \u00e9tanche selon la norme IPX8 d\u00e8s sa sortie de l'emballage.<br \/>Le cache-objectif en verre tremp\u00e9 r\u00e9sistant aux rayures prot\u00e8ge l'objectif du GO 2 contre les frottements. Retirez-le et vissez-en un autre \u00e0 tout moment. Vous pouvez \u00e9galement le remplacer par un filtre ND pour obtenir des couleurs et un contraste \u00e9quilibr\u00e9s, m\u00eame les jours les plus lumineux.<br \/><strong>Une application qui fait tout.<\/strong><br \/>L'application GO 2 qui l'accompagne vous permet de pr\u00e9visualiser votre photo en temps r\u00e9el via le Wi-Fi et d'ajuster les param\u00e8tres en temps r\u00e9el. Une fois le tournage termin\u00e9, l'application propose un \u00e9diteur complet pour am\u00e9liorer vos clips.<br \/>Si vous \u00eates press\u00e9, vous n'avez m\u00eame pas besoin de t\u00e9l\u00e9charger vos clips sur votre t\u00e9l\u00e9phone avant de commencer le montage. Il vous suffit de vous connecter et de proc\u00e9der au montage directement par Wi-Fi. Aucun c\u00e2ble n'est n\u00e9cessaire.<br \/><strong>Laissez l'IA se charger de l'\u00e9dition \u00e0 votre place.<\/strong><br \/>Vous n'\u00eates pas encore pr\u00eat pour un changement manuel ? Laissez l'IA le faire pour vous avec FlashCut 2.0. FlashCut 2.0 ins\u00e8re automatiquement vos clips dans une histoire, en soulignant les meilleurs moments et en les assemblant au rythme de la musique.<br \/>Choisissez parmi des mod\u00e8les d'\u00e9dition pr\u00e9d\u00e9finis pour des th\u00e8mes tels que le sport, les voyages ou les animaux, ou s\u00e9lectionnez simplement vos photos pr\u00e9f\u00e9r\u00e9es et laissez FlashCut faire le reste. Dans tous les cas, vous obtiendrez une installation \u00e9l\u00e9gante que vous pourrez partager imm\u00e9diatement.<br \/><strong>Petite pi\u00e8ce. Grand angle.<\/strong><br \/>L'objectif du GO 2 peut sembler petit, mais gr\u00e2ce \u00e0 son champ de vision ultra large, vous n'aurez jamais \u00e0 vous soucier de ne pas voir tout votre environnement sur la pellicule.<br \/>Choisissez parmi quatre champs de vision diff\u00e9rents pour obtenir le cadre parfait. Vous photographiez un paysage magnifique ? D\u00e9couvrez le champ de vision \"ultra large\" de 120 degr\u00e9s. Vous roulez \u00e0 v\u00e9lo sur les sentiers ? D\u00e9couvrez le champ de vision ActionView \u00e0 110 degr\u00e9s, parfait pour les perspectives \u00e0 la premi\u00e8re personne.<br \/><strong>Acc\u00e9l\u00e9rer ou ralentir.<\/strong><br \/>Condensez l'action avec un hyperlapse dynamique ou mettez en \u00e9vidence les moments cl\u00e9s en super basse vitesse. C'est aussi simple qu'une touche avec GO 2. Enregistrez des hyperlapses \u00e0 une vitesse allant jusqu'\u00e0 6x ou ralentissez jusqu'\u00e0 4 fois lorsque vous filmez \u00e0 120 images par seconde.<\/p>","protected":false},"excerpt":{"rendered":"<ul>\n<li>Stabilisation de l'\u00e9tat des flux<\/li>\n<li>Mains libres<\/li>\n<li>Montage n'importe o\u00f9<\/li>\n<li>1440p 50fps<\/li>\n<li>\u00c9tanch\u00e9it\u00e9 jusqu'\u00e0 4 m<\/li>\n<li>\u00c9dition automatique<\/li>\n<li>Hyperlapse<\/li>\n<li>Ralenti<\/li>\n<li>T\u00e9l\u00e9commande<\/li>\n<\/ul>","protected":false},"featured_media":6548,"template":"","meta":{"_acf_changed":false},"product_brand":[],"product_cat":[97,343],"product_tag":[],"class_list":{"0":"post-6549","1":"product","2":"type-product","3":"status-publish","4":"has-post-thumbnail","6":"product_cat-alle-producten","7":"product_cat-insta360","8":"product_shipping_class-outofstock","9":"pa_brand-insta360","10":"pa_productfamily-camera","11":"pa_producttype-camera","12":"pa_series-insta360-go","14":"first","15":"outofstock","16":"taxable","17":"shipping-taxable","18":"product-type-simple"},"acf":[],"yoast_head":"<!-- This site is optimized with the Yoast SEO Premium plugin v27.2 (Yoast SEO v27.2) - https:\/\/yoast.com\/product\/yoast-seo-premium-wordpress\/ -->\n<title>INSTA360 Go 2 - koningdrone.be<\/title>\n<meta name=\"robots\" content=\"index, follow, max-snippet:-1, max-image-preview:large, max-video-preview:-1\" \/>\n<link rel=\"canonical\" href=\"https:\/\/koningdrone.be\/fr\/produit\/insta360-go-2\/\" \/>\n<meta property=\"og:locale\" content=\"fr_FR\" \/>\n<meta property=\"og:type\" content=\"article\" \/>\n<meta property=\"og:title\" content=\"INSTA360 Go 2\" \/>\n<meta property=\"og:description\" content=\"FlowState StabilisatieHandsfreeOveral monteren1440p 50fpsWaterdicht tot 4mAutomatisch bewerkenHyperlapseSlow-motionAfstandsbediening\" \/>\n<meta property=\"og:url\" content=\"https:\/\/koningdrone.be\/fr\/produit\/insta360-go-2\/\" \/>\n<meta property=\"og:site_name\" content=\"koningdrone.be\" \/>\n<meta property=\"article:modified_time\" content=\"2026-05-16T05:40:40+00:00\" \/>\n<meta property=\"og:image\" content=\"https:\/\/koningdrone.be\/wp-content\/uploads\/sites\/13\/2025\/04\/6970357852123-1.jpg\" \/>\n\t<meta property=\"og:image:width\" content=\"800\" \/>\n\t<meta property=\"og:image:height\" content=\"500\" \/>\n\t<meta property=\"og:image:type\" content=\"image\/jpeg\" \/>\n<meta name=\"twitter:card\" content=\"summary_large_image\" \/>\n<meta name=\"twitter:label1\" content=\"Dur\u00e9e de lecture est.\" \/>\n\t<meta name=\"twitter:data1\" content=\"4 minutes\" \/>\n<script type=\"application\/ld+json\" class=\"yoast-schema-graph\">{\"@context\":\"https:\/\/schema.org\",\"@graph\":[{\"@type\":\"WebPage\",\"@id\":\"https:\/\/koningdrone.be\/product\/insta360-go-2\/\",\"url\":\"https:\/\/koningdrone.be\/product\/insta360-go-2\/\",\"name\":\"INSTA360 Go 2 - koningdrone.be\",\"isPartOf\":{\"@id\":\"https:\/\/koningdrone.be\/#website\"},\"primaryImageOfPage\":{\"@id\":\"https:\/\/koningdrone.be\/product\/insta360-go-2\/#primaryimage\"},\"image\":{\"@id\":\"https:\/\/koningdrone.be\/product\/insta360-go-2\/#primaryimage\"},\"thumbnailUrl\":\"https:\/\/koningdrone.be\/wp-content\/uploads\/sites\/13\/2025\/04\/6970357852123-1.jpg\",\"datePublished\":\"2021-10-03T07:49:31+00:00\",\"dateModified\":\"2026-05-16T05:40:40+00:00\",\"breadcrumb\":{\"@id\":\"https:\/\/koningdrone.be\/product\/insta360-go-2\/#breadcrumb\"},\"inLanguage\":\"fr-BE\",\"potentialAction\":[{\"@type\":\"ReadAction\",\"target\":[\"https:\/\/koningdrone.be\/product\/insta360-go-2\/\"]}]},{\"@type\":\"ImageObject\",\"inLanguage\":\"fr-BE\",\"@id\":\"https:\/\/koningdrone.be\/product\/insta360-go-2\/#primaryimage\",\"url\":\"https:\/\/koningdrone.be\/wp-content\/uploads\/sites\/13\/2025\/04\/6970357852123-1.jpg\",\"contentUrl\":\"https:\/\/koningdrone.be\/wp-content\/uploads\/sites\/13\/2025\/04\/6970357852123-1.jpg\",\"width\":800,\"height\":500},{\"@type\":\"BreadcrumbList\",\"@id\":\"https:\/\/koningdrone.be\/product\/insta360-go-2\/#breadcrumb\",\"itemListElement\":[{\"@type\":\"ListItem\",\"position\":1,\"name\":\"Home\",\"item\":\"https:\/\/koningdrone.be\/\"},{\"@type\":\"ListItem\",\"position\":2,\"name\":\"AVSS Parachute Recovery System for DJI Matrice 300\/350\",\"item\":\"https:\/\/koningdrone.be\/product\/avss-parachute-recovery-system-for-dji-matrice-300-350\/\"},{\"@type\":\"ListItem\",\"position\":3,\"name\":\"Alle producten\",\"item\":\"https:\/\/koningdrone.be\/categorie\/alle-producten\/\"},{\"@type\":\"ListItem\",\"position\":4,\"name\":\"INSTA360 Go 2\"}]},{\"@type\":\"WebSite\",\"@id\":\"https:\/\/koningdrone.be\/#website\",\"url\":\"https:\/\/koningdrone.be\/\",\"name\":\"Koningdrone.be - Uw online specialist in drones, gimbals, camera's en power stations.\",\"description\":\"De webshop in drones en gimbals\",\"publisher\":{\"@id\":\"https:\/\/koningdrone.be\/#organization\"},\"potentialAction\":[{\"@type\":\"SearchAction\",\"target\":{\"@type\":\"EntryPoint\",\"urlTemplate\":\"https:\/\/koningdrone.be\/?s={search_term_string}\"},\"query-input\":{\"@type\":\"PropertyValueSpecification\",\"valueRequired\":true,\"valueName\":\"search_term_string\"}}],\"inLanguage\":\"fr-BE\"},{\"@type\":\"Organization\",\"@id\":\"https:\/\/koningdrone.be\/#organization\",\"name\":\"Koningdrone.be\",\"url\":\"https:\/\/koningdrone.be\/\",\"logo\":{\"@type\":\"ImageObject\",\"inLanguage\":\"fr-BE\",\"@id\":\"https:\/\/koningdrone.be\/#\/schema\/logo\/image\/\",\"url\":\"https:\/\/koningdrone.be\/wp-content\/uploads\/sites\/13\/2025\/04\/koningdrone-copyright-logo.svg\",\"contentUrl\":\"https:\/\/koningdrone.be\/wp-content\/uploads\/sites\/13\/2025\/04\/koningdrone-copyright-logo.svg\",\"width\":227,\"height\":38,\"caption\":\"Koningdrone.be\"},\"image\":{\"@id\":\"https:\/\/koningdrone.be\/#\/schema\/logo\/image\/\"}}]}<\/script>\n<!-- \/ Yoast SEO Premium plugin. -->","yoast_head_json":{"title":"INSTA360 Go 2 - koningdrone.be","robots":{"index":"index","follow":"follow","max-snippet":"max-snippet:-1","max-image-preview":"max-image-preview:large","max-video-preview":"max-video-preview:-1"},"canonical":"https:\/\/koningdrone.be\/fr\/produit\/insta360-go-2\/","og_locale":"fr_FR","og_type":"article","og_title":"INSTA360 Go 2","og_description":"FlowState StabilisatieHandsfreeOveral monteren1440p 50fpsWaterdicht tot 4mAutomatisch bewerkenHyperlapseSlow-motionAfstandsbediening","og_url":"https:\/\/koningdrone.be\/fr\/produit\/insta360-go-2\/","og_site_name":"koningdrone.be","article_modified_time":"2026-05-16T05:40:40+00:00","og_image":[{"width":800,"height":500,"url":"https:\/\/koningdrone.be\/wp-content\/uploads\/sites\/13\/2025\/04\/6970357852123-1.jpg","type":"image\/jpeg"}],"twitter_card":"summary_large_image","twitter_misc":{"Dur\u00e9e de lecture est.":"4 minutes"},"schema":{"@context":"https:\/\/schema.org","@graph":[{"@type":"WebPage","@id":"https:\/\/koningdrone.be\/product\/insta360-go-2\/","url":"https:\/\/koningdrone.be\/product\/insta360-go-2\/","name":"INSTA360 Go 2 - koningdrone.be","isPartOf":{"@id":"https:\/\/koningdrone.be\/#website"},"primaryImageOfPage":{"@id":"https:\/\/koningdrone.be\/product\/insta360-go-2\/#primaryimage"},"image":{"@id":"https:\/\/koningdrone.be\/product\/insta360-go-2\/#primaryimage"},"thumbnailUrl":"https:\/\/koningdrone.be\/wp-content\/uploads\/sites\/13\/2025\/04\/6970357852123-1.jpg","datePublished":"2021-10-03T07:49:31+00:00","dateModified":"2026-05-16T05:40:40+00:00","breadcrumb":{"@id":"https:\/\/koningdrone.be\/product\/insta360-go-2\/#breadcrumb"},"inLanguage":"fr-BE","potentialAction":[{"@type":"ReadAction","target":["https:\/\/koningdrone.be\/product\/insta360-go-2\/"]}]},{"@type":"ImageObject","inLanguage":"fr-BE","@id":"https:\/\/koningdrone.be\/product\/insta360-go-2\/#primaryimage","url":"https:\/\/koningdrone.be\/wp-content\/uploads\/sites\/13\/2025\/04\/6970357852123-1.jpg","contentUrl":"https:\/\/koningdrone.be\/wp-content\/uploads\/sites\/13\/2025\/04\/6970357852123-1.jpg","width":800,"height":500},{"@type":"BreadcrumbList","@id":"https:\/\/koningdrone.be\/product\/insta360-go-2\/#breadcrumb","itemListElement":[{"@type":"ListItem","position":1,"name":"Home","item":"https:\/\/koningdrone.be\/"},{"@type":"ListItem","position":2,"name":"AVSS Parachute Recovery System for DJI Matrice 300\/350","item":"https:\/\/koningdrone.be\/product\/avss-parachute-recovery-system-for-dji-matrice-300-350\/"},{"@type":"ListItem","position":3,"name":"Alle producten","item":"https:\/\/koningdrone.be\/categorie\/alle-producten\/"},{"@type":"ListItem","position":4,"name":"INSTA360 Go 2"}]},{"@type":"WebSite","@id":"https:\/\/koningdrone.be\/#website","url":"https:\/\/koningdrone.be\/","name":"Koningdrone.be - Votre sp\u00e9cialiste en ligne en mati\u00e8re de drones, de cardans, de cam\u00e9ras et de centrales \u00e9lectriques.","description":"La boutique en ligne de drones et de cardans","publisher":{"@id":"https:\/\/koningdrone.be\/#organization"},"potentialAction":[{"@type":"SearchAction","target":{"@type":"EntryPoint","urlTemplate":"https:\/\/koningdrone.be\/?s={search_term_string}"},"query-input":{"@type":"PropertyValueSpecification","valueRequired":true,"valueName":"search_term_string"}}],"inLanguage":"fr-BE"},{"@type":"Organization","@id":"https:\/\/koningdrone.be\/#organization","name":"Kingdrone.co.uk","url":"https:\/\/koningdrone.be\/","logo":{"@type":"ImageObject","inLanguage":"fr-BE","@id":"https:\/\/koningdrone.be\/#\/schema\/logo\/image\/","url":"https:\/\/koningdrone.be\/wp-content\/uploads\/sites\/13\/2025\/04\/koningdrone-copyright-logo.svg","contentUrl":"https:\/\/koningdrone.be\/wp-content\/uploads\/sites\/13\/2025\/04\/koningdrone-copyright-logo.svg","width":227,"height":38,"caption":"Koningdrone.be"},"image":{"@id":"https:\/\/koningdrone.be\/#\/schema\/logo\/image\/"}}]}},"df_price":"","df_sale_price":"","df_regular_price":"","df_image_link":"https:\/\/koningdrone.be\/wp-content\/uploads\/sites\/13\/2025\/04\/6970357852123-1-300x188.jpg","_links":{"self":[{"href":"https:\/\/koningdrone.be\/fr\/wp-json\/wp\/v2\/product\/6549","targetHints":{"allow":["GET"]}}],"collection":[{"href":"https:\/\/koningdrone.be\/fr\/wp-json\/wp\/v2\/product"}],"about":[{"href":"https:\/\/koningdrone.be\/fr\/wp-json\/wp\/v2\/types\/product"}],"wp:featuredmedia":[{"embeddable":true,"href":"https:\/\/koningdrone.be\/fr\/wp-json\/wp\/v2\/media\/6548"}],"wp:attachment":[{"href":"https:\/\/koningdrone.be\/fr\/wp-json\/wp\/v2\/media?parent=6549"}],"wp:term":[{"taxonomy":"product_brand","embeddable":true,"href":"https:\/\/koningdrone.be\/fr\/wp-json\/wp\/v2\/product_brand?post=6549"},{"taxonomy":"product_cat","embeddable":true,"href":"https:\/\/koningdrone.be\/fr\/wp-json\/wp\/v2\/product_cat?post=6549"},{"taxonomy":"product_tag","embeddable":true,"href":"https:\/\/koningdrone.be\/fr\/wp-json\/wp\/v2\/product_tag?post=6549"}],"curies":[{"name":"wp","href":"https:\/\/api.w.org\/{rel}","templated":true}]}}