{"id":6524,"date":"2021-10-03T09:50:49","date_gmt":"2021-10-03T07:50:49","guid":{"rendered":"https:\/\/koningdrone.nl\/kon\/product\/insta360-one-r-1-inch-edition\/"},"modified":"2026-05-16T07:40:55","modified_gmt":"2026-05-16T05:40:55","slug":"insta360-one-r-1-inch-edition","status":"publish","type":"product","link":"https:\/\/koningdrone.be\/fr\/produit\/insta360-one-r-1-inch-edition\/","title":{"rendered":"INSTA360 ONE R \u00e9dition 1 pouce"},"content":{"rendered":"<h1>INSTA360 ONE R \u00e9dition 1 pouce<\/h1>\n<p><strong>La meilleure qualit\u00e9 jamais atteinte par une cam\u00e9ra d'action.<\/strong><br \/>Insta360 a collabor\u00e9 avec Leica pour r\u00e9inventer l'Action Cam. Un capteur haut de gamme de 1 pouce, la conception optique l\u00e9gendaire de Leica et une gamme dynamique impressionnante dans un appareil robuste et compact. La qualit\u00e9 d'image de l'Action Cam atteint un nouveau niveau.<br \/><strong>Capteur de 1 pouce<\/strong><br \/>La meilleure qualit\u00e9 jamais atteinte par une Action Cam<br \/>Insta360 a collabor\u00e9 avec Leica pour r\u00e9inventer l'Action Cam. Un capteur haut de gamme de 1 pouce, la conception optique l\u00e9gendaire de Leica et une gamme dynamique impressionnante dans un appareil robuste et compact. La qualit\u00e9 d'image de l'Action Cam atteint un nouveau niveau.<br \/><strong>Jusqu'au moindre d\u00e9tail<\/strong><br \/>L'\u00e9dition ONE R 1 pouce permet des prises de vue 5,3K en ultra-haute r\u00e9solution. De jour comme de nuit, il est possible de r\u00e9aliser \u00e0 tout moment des prises de vue r\u00e9alistes avec un niveau de d\u00e9tail \u00e9poustouflant.<br \/><strong>Conception robuste - robuste et pr\u00eat \u00e0 l'emploi<\/strong><br \/>La conception robuste prot\u00e8ge le ONE R contre les chocs et les chutes, tandis que le prot\u00e8ge-objectif qui l'accompagne prot\u00e8ge l'objectif de l'appareil photo contre les rayures.<br \/><strong>Imperm\u00e9able jusqu'\u00e0 une profondeur de 5 m\u00e8tres.<\/strong><br \/>Le ONE R est \u00e9tanche jusqu'\u00e0 5 m\u00e8tres IPX8. Avec le ONE R, vous \u00eates toujours en mouvement, quel que soit le temps.<br \/><strong>Color Plus - des couleurs optimis\u00e9es<\/strong><br \/>Color-Plus optimise l'enregistrement de mani\u00e8re enti\u00e8rement automatique. Il suffit d'appuyer sur une touche pour obtenir des images \u00e9clatantes et lumineuses.<\/p>","protected":false},"excerpt":{"rendered":"<ul>\n<li>Enregistrement \u00e0 360\u00b0 5,7K<\/li>\n<li>Grand angle 4K<\/li>\n<li>Stabilisation FlowState<\/li>\n<li>Imperm\u00e9able \u00e0 l'eau<\/li>\n<li>B\u00e2ton de selfie invisible<\/li>\n<li>Hyperlapses<\/li>\n<li>Point \u00e0 point<\/li>\n<li>Photo HDR<\/li>\n<li>Prise de vue nocturne<\/li>\n<\/ul>","protected":false},"featured_media":6523,"template":"","meta":{"_acf_changed":false},"product_brand":[],"product_cat":[97,343],"product_tag":[],"class_list":{"0":"post-6524","1":"product","2":"type-product","3":"status-publish","4":"has-post-thumbnail","6":"product_cat-alle-producten","7":"product_cat-insta360","8":"product_shipping_class-outofstock","9":"pa_brand-insta360","10":"pa_productfamily-camera","11":"pa_producttype-camera","12":"pa_series-insta360-go","14":"first","15":"outofstock","16":"taxable","17":"shipping-taxable","18":"product-type-simple"},"acf":[],"yoast_head":"<!-- This site is optimized with the Yoast SEO Premium plugin v27.2 (Yoast SEO v27.2) - https:\/\/yoast.com\/product\/yoast-seo-premium-wordpress\/ -->\n<title>INSTA360 ONE R 1-inch edition - koningdrone.be<\/title>\n<meta name=\"robots\" content=\"index, follow, max-snippet:-1, max-image-preview:large, max-video-preview:-1\" \/>\n<link rel=\"canonical\" href=\"https:\/\/koningdrone.be\/fr\/produit\/insta360-one-r-1-inch-edition\/\" \/>\n<meta property=\"og:locale\" content=\"fr_FR\" \/>\n<meta property=\"og:type\" content=\"article\" \/>\n<meta property=\"og:title\" content=\"INSTA360 ONE R 1-inch edition\" \/>\n<meta property=\"og:description\" content=\"5.7K 360\u00b0-opname4K groothoekStabilisatie FlowStateWaterdichtOnzichtbare selfiestickHyperlapsesPunt-naar-trackHDR-fotoNachtopname\" \/>\n<meta property=\"og:url\" content=\"https:\/\/koningdrone.be\/fr\/produit\/insta360-one-r-1-inch-edition\/\" \/>\n<meta property=\"og:site_name\" content=\"koningdrone.be\" \/>\n<meta property=\"article:modified_time\" content=\"2026-05-16T05:40:55+00:00\" \/>\n<meta property=\"og:image\" content=\"https:\/\/koningdrone.be\/wp-content\/uploads\/sites\/13\/2025\/04\/6970357851416.jpg\" \/>\n\t<meta property=\"og:image:width\" content=\"800\" \/>\n\t<meta property=\"og:image:height\" content=\"500\" \/>\n\t<meta property=\"og:image:type\" content=\"image\/jpeg\" \/>\n<meta name=\"twitter:card\" content=\"summary_large_image\" \/>\n<meta name=\"twitter:label1\" content=\"Dur\u00e9e de lecture est.\" \/>\n\t<meta name=\"twitter:data1\" content=\"1 minute\" \/>\n<script type=\"application\/ld+json\" class=\"yoast-schema-graph\">{\"@context\":\"https:\/\/schema.org\",\"@graph\":[{\"@type\":\"WebPage\",\"@id\":\"https:\/\/koningdrone.be\/product\/insta360-one-r-1-inch-edition\/\",\"url\":\"https:\/\/koningdrone.be\/product\/insta360-one-r-1-inch-edition\/\",\"name\":\"INSTA360 ONE R 1-inch edition - koningdrone.be\",\"isPartOf\":{\"@id\":\"https:\/\/koningdrone.be\/#website\"},\"primaryImageOfPage\":{\"@id\":\"https:\/\/koningdrone.be\/product\/insta360-one-r-1-inch-edition\/#primaryimage\"},\"image\":{\"@id\":\"https:\/\/koningdrone.be\/product\/insta360-one-r-1-inch-edition\/#primaryimage\"},\"thumbnailUrl\":\"https:\/\/koningdrone.be\/wp-content\/uploads\/sites\/13\/2025\/04\/6970357851416.jpg\",\"datePublished\":\"2021-10-03T07:50:49+00:00\",\"dateModified\":\"2026-05-16T05:40:55+00:00\",\"breadcrumb\":{\"@id\":\"https:\/\/koningdrone.be\/product\/insta360-one-r-1-inch-edition\/#breadcrumb\"},\"inLanguage\":\"fr-BE\",\"potentialAction\":[{\"@type\":\"ReadAction\",\"target\":[\"https:\/\/koningdrone.be\/product\/insta360-one-r-1-inch-edition\/\"]}]},{\"@type\":\"ImageObject\",\"inLanguage\":\"fr-BE\",\"@id\":\"https:\/\/koningdrone.be\/product\/insta360-one-r-1-inch-edition\/#primaryimage\",\"url\":\"https:\/\/koningdrone.be\/wp-content\/uploads\/sites\/13\/2025\/04\/6970357851416.jpg\",\"contentUrl\":\"https:\/\/koningdrone.be\/wp-content\/uploads\/sites\/13\/2025\/04\/6970357851416.jpg\",\"width\":800,\"height\":500},{\"@type\":\"BreadcrumbList\",\"@id\":\"https:\/\/koningdrone.be\/product\/insta360-one-r-1-inch-edition\/#breadcrumb\",\"itemListElement\":[{\"@type\":\"ListItem\",\"position\":1,\"name\":\"Home\",\"item\":\"https:\/\/koningdrone.be\/\"},{\"@type\":\"ListItem\",\"position\":2,\"name\":\"AVSS Parachute Recovery System for DJI Matrice 300\/350\",\"item\":\"https:\/\/koningdrone.be\/product\/avss-parachute-recovery-system-for-dji-matrice-300-350\/\"},{\"@type\":\"ListItem\",\"position\":3,\"name\":\"Alle producten\",\"item\":\"https:\/\/koningdrone.be\/categorie\/alle-producten\/\"},{\"@type\":\"ListItem\",\"position\":4,\"name\":\"INSTA360 ONE R 1-inch edition\"}]},{\"@type\":\"WebSite\",\"@id\":\"https:\/\/koningdrone.be\/#website\",\"url\":\"https:\/\/koningdrone.be\/\",\"name\":\"Koningdrone.be - Uw online specialist in drones, gimbals, camera's en power stations.\",\"description\":\"De webshop in drones en gimbals\",\"publisher\":{\"@id\":\"https:\/\/koningdrone.be\/#organization\"},\"potentialAction\":[{\"@type\":\"SearchAction\",\"target\":{\"@type\":\"EntryPoint\",\"urlTemplate\":\"https:\/\/koningdrone.be\/?s={search_term_string}\"},\"query-input\":{\"@type\":\"PropertyValueSpecification\",\"valueRequired\":true,\"valueName\":\"search_term_string\"}}],\"inLanguage\":\"fr-BE\"},{\"@type\":\"Organization\",\"@id\":\"https:\/\/koningdrone.be\/#organization\",\"name\":\"Koningdrone.be\",\"url\":\"https:\/\/koningdrone.be\/\",\"logo\":{\"@type\":\"ImageObject\",\"inLanguage\":\"fr-BE\",\"@id\":\"https:\/\/koningdrone.be\/#\/schema\/logo\/image\/\",\"url\":\"https:\/\/koningdrone.be\/wp-content\/uploads\/sites\/13\/2025\/04\/koningdrone-copyright-logo.svg\",\"contentUrl\":\"https:\/\/koningdrone.be\/wp-content\/uploads\/sites\/13\/2025\/04\/koningdrone-copyright-logo.svg\",\"width\":227,\"height\":38,\"caption\":\"Koningdrone.be\"},\"image\":{\"@id\":\"https:\/\/koningdrone.be\/#\/schema\/logo\/image\/\"}}]}<\/script>\n<!-- \/ Yoast SEO Premium plugin. -->","yoast_head_json":{"title":"INSTA360 ONE R 1-inch edition - koningdrone.be","robots":{"index":"index","follow":"follow","max-snippet":"max-snippet:-1","max-image-preview":"max-image-preview:large","max-video-preview":"max-video-preview:-1"},"canonical":"https:\/\/koningdrone.be\/fr\/produit\/insta360-one-r-1-inch-edition\/","og_locale":"fr_FR","og_type":"article","og_title":"INSTA360 ONE R 1-inch edition","og_description":"5.7K 360\u00b0-opname4K groothoekStabilisatie FlowStateWaterdichtOnzichtbare selfiestickHyperlapsesPunt-naar-trackHDR-fotoNachtopname","og_url":"https:\/\/koningdrone.be\/fr\/produit\/insta360-one-r-1-inch-edition\/","og_site_name":"koningdrone.be","article_modified_time":"2026-05-16T05:40:55+00:00","og_image":[{"width":800,"height":500,"url":"https:\/\/koningdrone.be\/wp-content\/uploads\/sites\/13\/2025\/04\/6970357851416.jpg","type":"image\/jpeg"}],"twitter_card":"summary_large_image","twitter_misc":{"Dur\u00e9e de lecture est.":"1 minute"},"schema":{"@context":"https:\/\/schema.org","@graph":[{"@type":"WebPage","@id":"https:\/\/koningdrone.be\/product\/insta360-one-r-1-inch-edition\/","url":"https:\/\/koningdrone.be\/product\/insta360-one-r-1-inch-edition\/","name":"INSTA360 ONE R 1-inch edition - koningdrone.be","isPartOf":{"@id":"https:\/\/koningdrone.be\/#website"},"primaryImageOfPage":{"@id":"https:\/\/koningdrone.be\/product\/insta360-one-r-1-inch-edition\/#primaryimage"},"image":{"@id":"https:\/\/koningdrone.be\/product\/insta360-one-r-1-inch-edition\/#primaryimage"},"thumbnailUrl":"https:\/\/koningdrone.be\/wp-content\/uploads\/sites\/13\/2025\/04\/6970357851416.jpg","datePublished":"2021-10-03T07:50:49+00:00","dateModified":"2026-05-16T05:40:55+00:00","breadcrumb":{"@id":"https:\/\/koningdrone.be\/product\/insta360-one-r-1-inch-edition\/#breadcrumb"},"inLanguage":"fr-BE","potentialAction":[{"@type":"ReadAction","target":["https:\/\/koningdrone.be\/product\/insta360-one-r-1-inch-edition\/"]}]},{"@type":"ImageObject","inLanguage":"fr-BE","@id":"https:\/\/koningdrone.be\/product\/insta360-one-r-1-inch-edition\/#primaryimage","url":"https:\/\/koningdrone.be\/wp-content\/uploads\/sites\/13\/2025\/04\/6970357851416.jpg","contentUrl":"https:\/\/koningdrone.be\/wp-content\/uploads\/sites\/13\/2025\/04\/6970357851416.jpg","width":800,"height":500},{"@type":"BreadcrumbList","@id":"https:\/\/koningdrone.be\/product\/insta360-one-r-1-inch-edition\/#breadcrumb","itemListElement":[{"@type":"ListItem","position":1,"name":"Home","item":"https:\/\/koningdrone.be\/"},{"@type":"ListItem","position":2,"name":"AVSS Parachute Recovery System for DJI Matrice 300\/350","item":"https:\/\/koningdrone.be\/product\/avss-parachute-recovery-system-for-dji-matrice-300-350\/"},{"@type":"ListItem","position":3,"name":"Alle producten","item":"https:\/\/koningdrone.be\/categorie\/alle-producten\/"},{"@type":"ListItem","position":4,"name":"INSTA360 ONE R 1-inch edition"}]},{"@type":"WebSite","@id":"https:\/\/koningdrone.be\/#website","url":"https:\/\/koningdrone.be\/","name":"Koningdrone.be - Votre sp\u00e9cialiste en ligne en mati\u00e8re de drones, de cardans, de cam\u00e9ras et de centrales \u00e9lectriques.","description":"La boutique en ligne de drones et de cardans","publisher":{"@id":"https:\/\/koningdrone.be\/#organization"},"potentialAction":[{"@type":"SearchAction","target":{"@type":"EntryPoint","urlTemplate":"https:\/\/koningdrone.be\/?s={search_term_string}"},"query-input":{"@type":"PropertyValueSpecification","valueRequired":true,"valueName":"search_term_string"}}],"inLanguage":"fr-BE"},{"@type":"Organization","@id":"https:\/\/koningdrone.be\/#organization","name":"Kingdrone.co.uk","url":"https:\/\/koningdrone.be\/","logo":{"@type":"ImageObject","inLanguage":"fr-BE","@id":"https:\/\/koningdrone.be\/#\/schema\/logo\/image\/","url":"https:\/\/koningdrone.be\/wp-content\/uploads\/sites\/13\/2025\/04\/koningdrone-copyright-logo.svg","contentUrl":"https:\/\/koningdrone.be\/wp-content\/uploads\/sites\/13\/2025\/04\/koningdrone-copyright-logo.svg","width":227,"height":38,"caption":"Koningdrone.be"},"image":{"@id":"https:\/\/koningdrone.be\/#\/schema\/logo\/image\/"}}]}},"df_price":"","df_sale_price":"","df_regular_price":"","df_image_link":"https:\/\/koningdrone.be\/wp-content\/uploads\/sites\/13\/2025\/04\/6970357851416-300x188.jpg","_links":{"self":[{"href":"https:\/\/koningdrone.be\/fr\/wp-json\/wp\/v2\/product\/6524","targetHints":{"allow":["GET"]}}],"collection":[{"href":"https:\/\/koningdrone.be\/fr\/wp-json\/wp\/v2\/product"}],"about":[{"href":"https:\/\/koningdrone.be\/fr\/wp-json\/wp\/v2\/types\/product"}],"wp:featuredmedia":[{"embeddable":true,"href":"https:\/\/koningdrone.be\/fr\/wp-json\/wp\/v2\/media\/6523"}],"wp:attachment":[{"href":"https:\/\/koningdrone.be\/fr\/wp-json\/wp\/v2\/media?parent=6524"}],"wp:term":[{"taxonomy":"product_brand","embeddable":true,"href":"https:\/\/koningdrone.be\/fr\/wp-json\/wp\/v2\/product_brand?post=6524"},{"taxonomy":"product_cat","embeddable":true,"href":"https:\/\/koningdrone.be\/fr\/wp-json\/wp\/v2\/product_cat?post=6524"},{"taxonomy":"product_tag","embeddable":true,"href":"https:\/\/koningdrone.be\/fr\/wp-json\/wp\/v2\/product_tag?post=6524"}],"curies":[{"name":"wp","href":"https:\/\/api.w.org\/{rel}","templated":true}]}}