{"id":6516,"date":"2021-10-03T09:51:12","date_gmt":"2021-10-03T07:51:12","guid":{"rendered":"https:\/\/koningdrone.nl\/kon\/product\/insta360-one-r-dual-lens-360-mod\/"},"modified":"2026-05-17T07:50:08","modified_gmt":"2026-05-17T05:50:08","slug":"insta360-one-r-dual-lens-360-mod","status":"publish","type":"product","link":"https:\/\/koningdrone.be\/fr\/produit\/insta360-one-r-dual-lens-360-mod\/","title":{"rendered":"INSTA360 ONE R Modulateur 360 \u00e0 double lentille"},"content":{"rendered":"<h1>INSTA360 ONE R Modulateur 360 \u00e0 double lentille<\/h1>\n<p>Le Insta360 ONE R Dual-Lens 360 Mod est un mod pour l'Insta360 One R. Il convertit votre Insta360 One R en une cam\u00e9ra \u00e0 360 degr\u00e9s. Il vous permet de r\u00e9aliser des vid\u00e9os Super 5,7K \u00e0 100 Mbps.<br \/>Le module 360 degr\u00e9s est dot\u00e9 d'une fonction vid\u00e9o HDR qui permet aux ombres et aux lumi\u00e8res d'\u00e9clabousser l'\u00e9cran de d\u00e9tails et de couleurs. M\u00eame les prises de vue au cr\u00e9puscule ou la nuit ne posent aucun probl\u00e8me gr\u00e2ce \u00e0 la fonction \u2019Night Shot\u201c. L'\u00e9cran tactile de l'Insta360 One R (non fourni) vous permet de regarder autour de vous pendant l'enregistrement.<br \/>Gr\u00e2ce au module 360 degr\u00e9s, vous disposez de plusieurs modes vid\u00e9o. Vous avez le choix entre la vid\u00e9o standard, la vid\u00e9o HDR, les instantan\u00e9s et la vid\u00e9o Bullet Time. Et quelle que soit la difficult\u00e9 ou l'intensit\u00e9 de votre vid\u00e9o, les s\u00e9quences saccad\u00e9es appartiennent au pass\u00e9 gr\u00e2ce \u00e0 la stabilisation FlowState int\u00e9gr\u00e9e. Vous pouvez \u00e9galement filmer toutes vos aventures sous-marines. Le module est \u00e9tanche jusqu'\u00e0 une profondeur de 5 m\u00e8tres. Avec le bo\u00eetier optionnel, il peut m\u00eame atteindre 60 m\u00e8tres !<br \/><strong>Caract\u00e9ristiques de l'Insta360 ONE R Dual Lens 360 Mod :<\/strong><br \/> - Module 360 degr\u00e9s pour l'Insta360 One R<br \/> - Vid\u00e9os super 5.7K \u00e0 100 Mbps<br \/> - Fonction HDR pour des prises de vue d\u00e9taill\u00e9es<br \/> - Fonction photo de nuit pour des prises de vue d'une clart\u00e9 cristalline dans l'obscurit\u00e9<br \/> - Regardez autour de vous gr\u00e2ce \u00e0 l'\u00e9cran tactile<br \/> - Diff\u00e9rents modes vid\u00e9o tels que Timelapses et Bullet Time<br \/> - Stabilit\u00e9 de l'image FlowState int\u00e9gr\u00e9e<br \/> - R\u00e9sistance \u00e0 l'eau jusqu'\u00e0 5 m\u00e8tres<\/p>","protected":false},"excerpt":{"rendered":"<ul>\n<li>Module 360 degr\u00e9s pour l'Insta360 One R<\/li>\n<li>Vid\u00e9os super 5.7K \u00e0 100 Mbps<\/li>\n<li>Fonction HDR pour des prises de vue d\u00e9taill\u00e9es<\/li>\n<li>Fonction photo de nuit pour des prises de vue d'une clart\u00e9 cristalline dans l'obscurit\u00e9<\/li>\n<li>Regardez autour de vous gr\u00e2ce \u00e0 l'\u00e9cran tactile<\/li>\n<li>Diff\u00e9rents modes vid\u00e9o tels que Timelapses et Bullet Time<\/li>\n<li>Stabilit\u00e9 de l'image FlowState int\u00e9gr\u00e9e<\/li>\n<li>R\u00e9sistance \u00e0 l'eau jusqu'\u00e0 5 m\u00e8tres<\/li>\n<\/ul>","protected":false},"featured_media":6511,"template":"","meta":{"_acf_changed":false},"product_brand":[],"product_cat":[97,343],"product_tag":[],"class_list":{"0":"post-6516","1":"product","2":"type-product","3":"status-publish","4":"has-post-thumbnail","6":"product_cat-alle-producten","7":"product_cat-insta360","8":"product_shipping_class-outofstock","9":"pa_brand-insta360","10":"pa_productfamily-accessories","11":"pa_producttype-accessories","12":"pa_series-insta360-go","14":"first","15":"outofstock","16":"taxable","17":"shipping-taxable","18":"product-type-simple"},"acf":[],"yoast_head":"<!-- This site is optimized with the Yoast SEO Premium plugin v27.2 (Yoast SEO v27.2) - https:\/\/yoast.com\/product\/yoast-seo-premium-wordpress\/ -->\n<title>INSTA360 ONE R Dual-Lens 360 Mod - koningdrone.be<\/title>\n<meta name=\"robots\" content=\"index, follow, max-snippet:-1, max-image-preview:large, max-video-preview:-1\" \/>\n<link rel=\"canonical\" href=\"https:\/\/koningdrone.be\/fr\/produit\/insta360-one-r-dual-lens-360-mod\/\" \/>\n<meta property=\"og:locale\" content=\"fr_FR\" \/>\n<meta property=\"og:type\" content=\"article\" \/>\n<meta property=\"og:title\" content=\"INSTA360 ONE R Dual-Lens 360 Mod\" \/>\n<meta property=\"og:description\" content=\"360 graden module voor de Insta360 One RSuper 5.7K-video&#039;s met 100 MbpsHDR-functie voor gedetailleerde opnamenNight Shot-functie voor kristalheldere opnamen in het donkerKijk rond via het touchscreenVerschillende videomodi zoals Timelapses en Bullet TimeGe\u00efntegreerde FlowState-beeldstabiliteitWaterdichtheid tot 5 meter\" \/>\n<meta property=\"og:url\" content=\"https:\/\/koningdrone.be\/fr\/produit\/insta360-one-r-dual-lens-360-mod\/\" \/>\n<meta property=\"og:site_name\" content=\"koningdrone.be\" \/>\n<meta property=\"article:modified_time\" content=\"2026-05-17T05:50:08+00:00\" \/>\n<meta property=\"og:image\" content=\"https:\/\/koningdrone.be\/wp-content\/uploads\/sites\/13\/2025\/04\/6970357851591-1.jpg\" \/>\n\t<meta property=\"og:image:width\" content=\"800\" \/>\n\t<meta property=\"og:image:height\" content=\"1024\" \/>\n\t<meta property=\"og:image:type\" content=\"image\/jpeg\" \/>\n<meta name=\"twitter:card\" content=\"summary_large_image\" \/>\n<meta name=\"twitter:label1\" content=\"Dur\u00e9e de lecture est.\" \/>\n\t<meta name=\"twitter:data1\" content=\"1 minute\" \/>\n<script type=\"application\/ld+json\" class=\"yoast-schema-graph\">{\"@context\":\"https:\/\/schema.org\",\"@graph\":[{\"@type\":\"WebPage\",\"@id\":\"https:\/\/koningdrone.be\/product\/insta360-one-r-dual-lens-360-mod\/\",\"url\":\"https:\/\/koningdrone.be\/product\/insta360-one-r-dual-lens-360-mod\/\",\"name\":\"INSTA360 ONE R Dual-Lens 360 Mod - koningdrone.be\",\"isPartOf\":{\"@id\":\"https:\/\/koningdrone.be\/#website\"},\"primaryImageOfPage\":{\"@id\":\"https:\/\/koningdrone.be\/product\/insta360-one-r-dual-lens-360-mod\/#primaryimage\"},\"image\":{\"@id\":\"https:\/\/koningdrone.be\/product\/insta360-one-r-dual-lens-360-mod\/#primaryimage\"},\"thumbnailUrl\":\"https:\/\/koningdrone.be\/wp-content\/uploads\/sites\/13\/2025\/04\/6970357851591-1.jpg\",\"datePublished\":\"2021-10-03T07:51:12+00:00\",\"dateModified\":\"2026-05-17T05:50:08+00:00\",\"breadcrumb\":{\"@id\":\"https:\/\/koningdrone.be\/product\/insta360-one-r-dual-lens-360-mod\/#breadcrumb\"},\"inLanguage\":\"fr-BE\",\"potentialAction\":[{\"@type\":\"ReadAction\",\"target\":[\"https:\/\/koningdrone.be\/product\/insta360-one-r-dual-lens-360-mod\/\"]}]},{\"@type\":\"ImageObject\",\"inLanguage\":\"fr-BE\",\"@id\":\"https:\/\/koningdrone.be\/product\/insta360-one-r-dual-lens-360-mod\/#primaryimage\",\"url\":\"https:\/\/koningdrone.be\/wp-content\/uploads\/sites\/13\/2025\/04\/6970357851591-1.jpg\",\"contentUrl\":\"https:\/\/koningdrone.be\/wp-content\/uploads\/sites\/13\/2025\/04\/6970357851591-1.jpg\",\"width\":800,\"height\":1024},{\"@type\":\"BreadcrumbList\",\"@id\":\"https:\/\/koningdrone.be\/product\/insta360-one-r-dual-lens-360-mod\/#breadcrumb\",\"itemListElement\":[{\"@type\":\"ListItem\",\"position\":1,\"name\":\"Home\",\"item\":\"https:\/\/koningdrone.be\/\"},{\"@type\":\"ListItem\",\"position\":2,\"name\":\"AVSS Parachute Recovery System for DJI Matrice 300\/350\",\"item\":\"https:\/\/koningdrone.be\/product\/avss-parachute-recovery-system-for-dji-matrice-300-350\/\"},{\"@type\":\"ListItem\",\"position\":3,\"name\":\"Alle producten\",\"item\":\"https:\/\/koningdrone.be\/categorie\/alle-producten\/\"},{\"@type\":\"ListItem\",\"position\":4,\"name\":\"INSTA360 ONE R Dual-Lens 360 Mod\"}]},{\"@type\":\"WebSite\",\"@id\":\"https:\/\/koningdrone.be\/#website\",\"url\":\"https:\/\/koningdrone.be\/\",\"name\":\"Koningdrone.be - Uw online specialist in drones, gimbals, camera's en power stations.\",\"description\":\"De webshop in drones en gimbals\",\"publisher\":{\"@id\":\"https:\/\/koningdrone.be\/#organization\"},\"potentialAction\":[{\"@type\":\"SearchAction\",\"target\":{\"@type\":\"EntryPoint\",\"urlTemplate\":\"https:\/\/koningdrone.be\/?s={search_term_string}\"},\"query-input\":{\"@type\":\"PropertyValueSpecification\",\"valueRequired\":true,\"valueName\":\"search_term_string\"}}],\"inLanguage\":\"fr-BE\"},{\"@type\":\"Organization\",\"@id\":\"https:\/\/koningdrone.be\/#organization\",\"name\":\"Koningdrone.be\",\"url\":\"https:\/\/koningdrone.be\/\",\"logo\":{\"@type\":\"ImageObject\",\"inLanguage\":\"fr-BE\",\"@id\":\"https:\/\/koningdrone.be\/#\/schema\/logo\/image\/\",\"url\":\"https:\/\/koningdrone.be\/wp-content\/uploads\/sites\/13\/2025\/04\/koningdrone-copyright-logo.svg\",\"contentUrl\":\"https:\/\/koningdrone.be\/wp-content\/uploads\/sites\/13\/2025\/04\/koningdrone-copyright-logo.svg\",\"width\":227,\"height\":38,\"caption\":\"Koningdrone.be\"},\"image\":{\"@id\":\"https:\/\/koningdrone.be\/#\/schema\/logo\/image\/\"}}]}<\/script>\n<!-- \/ Yoast SEO Premium plugin. -->","yoast_head_json":{"title":"INSTA360 ONE R Dual-Lens 360 Mod - koningdrone.be","robots":{"index":"index","follow":"follow","max-snippet":"max-snippet:-1","max-image-preview":"max-image-preview:large","max-video-preview":"max-video-preview:-1"},"canonical":"https:\/\/koningdrone.be\/fr\/produit\/insta360-one-r-dual-lens-360-mod\/","og_locale":"fr_FR","og_type":"article","og_title":"INSTA360 ONE R Dual-Lens 360 Mod","og_description":"360 graden module voor de Insta360 One RSuper 5.7K-video's met 100 MbpsHDR-functie voor gedetailleerde opnamenNight Shot-functie voor kristalheldere opnamen in het donkerKijk rond via het touchscreenVerschillende videomodi zoals Timelapses en Bullet TimeGe\u00efntegreerde FlowState-beeldstabiliteitWaterdichtheid tot 5 meter","og_url":"https:\/\/koningdrone.be\/fr\/produit\/insta360-one-r-dual-lens-360-mod\/","og_site_name":"koningdrone.be","article_modified_time":"2026-05-17T05:50:08+00:00","og_image":[{"width":800,"height":1024,"url":"https:\/\/koningdrone.be\/wp-content\/uploads\/sites\/13\/2025\/04\/6970357851591-1.jpg","type":"image\/jpeg"}],"twitter_card":"summary_large_image","twitter_misc":{"Dur\u00e9e de lecture est.":"1 minute"},"schema":{"@context":"https:\/\/schema.org","@graph":[{"@type":"WebPage","@id":"https:\/\/koningdrone.be\/product\/insta360-one-r-dual-lens-360-mod\/","url":"https:\/\/koningdrone.be\/product\/insta360-one-r-dual-lens-360-mod\/","name":"INSTA360 ONE R Dual-Lens 360 Mod - koningdrone.be","isPartOf":{"@id":"https:\/\/koningdrone.be\/#website"},"primaryImageOfPage":{"@id":"https:\/\/koningdrone.be\/product\/insta360-one-r-dual-lens-360-mod\/#primaryimage"},"image":{"@id":"https:\/\/koningdrone.be\/product\/insta360-one-r-dual-lens-360-mod\/#primaryimage"},"thumbnailUrl":"https:\/\/koningdrone.be\/wp-content\/uploads\/sites\/13\/2025\/04\/6970357851591-1.jpg","datePublished":"2021-10-03T07:51:12+00:00","dateModified":"2026-05-17T05:50:08+00:00","breadcrumb":{"@id":"https:\/\/koningdrone.be\/product\/insta360-one-r-dual-lens-360-mod\/#breadcrumb"},"inLanguage":"fr-BE","potentialAction":[{"@type":"ReadAction","target":["https:\/\/koningdrone.be\/product\/insta360-one-r-dual-lens-360-mod\/"]}]},{"@type":"ImageObject","inLanguage":"fr-BE","@id":"https:\/\/koningdrone.be\/product\/insta360-one-r-dual-lens-360-mod\/#primaryimage","url":"https:\/\/koningdrone.be\/wp-content\/uploads\/sites\/13\/2025\/04\/6970357851591-1.jpg","contentUrl":"https:\/\/koningdrone.be\/wp-content\/uploads\/sites\/13\/2025\/04\/6970357851591-1.jpg","width":800,"height":1024},{"@type":"BreadcrumbList","@id":"https:\/\/koningdrone.be\/product\/insta360-one-r-dual-lens-360-mod\/#breadcrumb","itemListElement":[{"@type":"ListItem","position":1,"name":"Home","item":"https:\/\/koningdrone.be\/"},{"@type":"ListItem","position":2,"name":"AVSS Parachute Recovery System for DJI Matrice 300\/350","item":"https:\/\/koningdrone.be\/product\/avss-parachute-recovery-system-for-dji-matrice-300-350\/"},{"@type":"ListItem","position":3,"name":"Alle producten","item":"https:\/\/koningdrone.be\/categorie\/alle-producten\/"},{"@type":"ListItem","position":4,"name":"INSTA360 ONE R Dual-Lens 360 Mod"}]},{"@type":"WebSite","@id":"https:\/\/koningdrone.be\/#website","url":"https:\/\/koningdrone.be\/","name":"Koningdrone.be - Votre sp\u00e9cialiste en ligne en mati\u00e8re de drones, de cardans, de cam\u00e9ras et de centrales \u00e9lectriques.","description":"La boutique en ligne de drones et de cardans","publisher":{"@id":"https:\/\/koningdrone.be\/#organization"},"potentialAction":[{"@type":"SearchAction","target":{"@type":"EntryPoint","urlTemplate":"https:\/\/koningdrone.be\/?s={search_term_string}"},"query-input":{"@type":"PropertyValueSpecification","valueRequired":true,"valueName":"search_term_string"}}],"inLanguage":"fr-BE"},{"@type":"Organization","@id":"https:\/\/koningdrone.be\/#organization","name":"Kingdrone.co.uk","url":"https:\/\/koningdrone.be\/","logo":{"@type":"ImageObject","inLanguage":"fr-BE","@id":"https:\/\/koningdrone.be\/#\/schema\/logo\/image\/","url":"https:\/\/koningdrone.be\/wp-content\/uploads\/sites\/13\/2025\/04\/koningdrone-copyright-logo.svg","contentUrl":"https:\/\/koningdrone.be\/wp-content\/uploads\/sites\/13\/2025\/04\/koningdrone-copyright-logo.svg","width":227,"height":38,"caption":"Koningdrone.be"},"image":{"@id":"https:\/\/koningdrone.be\/#\/schema\/logo\/image\/"}}]}},"df_price":"","df_sale_price":"","df_regular_price":"","df_image_link":"https:\/\/koningdrone.be\/wp-content\/uploads\/sites\/13\/2025\/04\/6970357851591-1-234x300.jpg","_links":{"self":[{"href":"https:\/\/koningdrone.be\/fr\/wp-json\/wp\/v2\/product\/6516","targetHints":{"allow":["GET"]}}],"collection":[{"href":"https:\/\/koningdrone.be\/fr\/wp-json\/wp\/v2\/product"}],"about":[{"href":"https:\/\/koningdrone.be\/fr\/wp-json\/wp\/v2\/types\/product"}],"wp:featuredmedia":[{"embeddable":true,"href":"https:\/\/koningdrone.be\/fr\/wp-json\/wp\/v2\/media\/6511"}],"wp:attachment":[{"href":"https:\/\/koningdrone.be\/fr\/wp-json\/wp\/v2\/media?parent=6516"}],"wp:term":[{"taxonomy":"product_brand","embeddable":true,"href":"https:\/\/koningdrone.be\/fr\/wp-json\/wp\/v2\/product_brand?post=6516"},{"taxonomy":"product_cat","embeddable":true,"href":"https:\/\/koningdrone.be\/fr\/wp-json\/wp\/v2\/product_cat?post=6516"},{"taxonomy":"product_tag","embeddable":true,"href":"https:\/\/koningdrone.be\/fr\/wp-json\/wp\/v2\/product_tag?post=6516"}],"curies":[{"name":"wp","href":"https:\/\/api.w.org\/{rel}","templated":true}]}}