{"id":6510,"date":"2021-10-03T09:51:12","date_gmt":"2021-10-03T07:51:12","guid":{"rendered":"https:\/\/koningdrone.nl\/kon\/product\/dji-inspire-2-battery-p05\/"},"modified":"2026-04-29T15:20:50","modified_gmt":"2026-04-29T13:20:50","slug":"dji-inspire-2-battery-p05","status":"publish","type":"product","link":"https:\/\/koningdrone.be\/fr\/produit\/dji-inspire-2-battery-p05\/","title":{"rendered":"Inspire 2 TB50 Batterie de vol intelligente"},"content":{"rendered":"<p><strong>Aper\u00e7u du produit : Conception avanc\u00e9e de la batterie pour de meilleures performances<\/strong><\/p>\n<p> Lib\u00e9rez tout le potentiel de votre exp\u00e9rience en mati\u00e8re de photographie et de vid\u00e9ographie a\u00e9riennes gr\u00e2ce \u00e0 notre batterie avanc\u00e9e con\u00e7ue sp\u00e9cialement pour le drone Inspire 2. Am\u00e9liorez vos sessions de vol avec des temps de vol plus longs, jusqu'\u00e0 25 minutes* avec le Zenmuse X5S, et jusqu'\u00e0 27 minutes* avec le Zenmuse X4S. Cette batterie ne se contente pas d'offrir des temps de vol plus longs ; elle incarne les derni\u00e8res avanc\u00e9es en mati\u00e8re de technologie des batteries, avec une cellule \u00e0 haute densit\u00e9 qui augmente consid\u00e9rablement la capacit\u00e9 globale.<\/p>\n<p><strong>Syst\u00e8me de chauffage avanc\u00e9 pour des performances fiables<\/strong><\/p>\n<p> En outre, nous comprenons l'importance d'une performance fiable, en particulier dans des conditions difficiles. Notre batterie est \u00e9quip\u00e9e d'un puissant syst\u00e8me d'auto-chauffage int\u00e9gr\u00e9 de 70 W, qui garantit un fonctionnement optimal m\u00eame dans des environnements \u00e0 basse temp\u00e9rature. Ce syst\u00e8me de chauffage intelligent est con\u00e7u pour r\u00e9chauffer la batterie jusqu'\u00e0 5\u00b0C (41\u00b0F) par minute et peut \u00eatre activ\u00e9 automatiquement ou manuellement, en fonction de vos besoins.<\/p>\n<p><strong>Gestion int\u00e9gr\u00e9e de la batterie pour une plus grande facilit\u00e9 d'utilisation<\/strong><\/p>\n<p> Nous avons \u00e9galement rendu la surveillance et la gestion de l'\u00e9tat de votre batterie plus faciles que jamais. L'unit\u00e9 de gestion int\u00e9gr\u00e9e surveille de pr\u00e8s l'\u00e9tat de la batterie, vous donnant un acc\u00e8s instantan\u00e9 \u00e0 des informations cruciales telles que le niveau et la temp\u00e9rature de la batterie via l'application DJI GO.<\/p>\n<p><strong>Une exp\u00e9rience de vol am\u00e9lior\u00e9e<\/strong><\/p>\n<p> Gr\u00e2ce \u00e0 ces caract\u00e9ristiques avanc\u00e9es, notre batterie ne se contente pas d'allonger votre temps de vol, elle am\u00e9liore \u00e9galement votre exp\u00e9rience de vol, vous offrant une tranquillit\u00e9 d'esprit m\u00eame lorsque les conditions de vol ne sont pas id\u00e9ales.<\/p>\n<p><strong>Veuillez noter que<\/strong><\/p>\n<p> *Remarque : l'autonomie indiqu\u00e9e est bas\u00e9e sur des sc\u00e9narios de vol optimaux et peut varier en fonction de l'environnement et des conditions de vol r\u00e9els.<\/p>\n<p><\/p>","protected":false},"excerpt":{"rendered":"<ul>\n<li>Max. 25 minutes de vol avec Zenmuse X5S<\/li>\n<li> 27 minutes de vol avec la Zenmuse X4S<\/li>\n<li> Am\u00e9lioration des performances gr\u00e2ce \u00e0 des \u00e9l\u00e9ments de batterie \u00e0 haute densit\u00e9<\/li>\n<li> Capacit\u00e9 totale de la batterie plus importante<\/li>\n<li> Optimis\u00e9 pour les basses temp\u00e9ratures avec un syst\u00e8me d'auto-chauffage de 70 W<\/li>\n<li> L'auto-chauffage peut \u00eatre automatique ou manuel<\/li>\n<li> Unit\u00e9 de gestion de la batterie int\u00e9gr\u00e9e<\/li>\n<li> Surveillance en temps r\u00e9el de l'\u00e9tat de la batterie dans DJI GO<\/li>\n<\/ul>","protected":false},"featured_media":6502,"template":"","meta":{"_acf_changed":false},"product_brand":[],"product_cat":[113,97,641,788],"product_tag":[],"class_list":{"0":"post-6510","1":"product","2":"type-product","3":"status-publish","4":"has-post-thumbnail","6":"product_cat-alle-batterijen","7":"product_cat-alle-producten","8":"product_cat-dji-inspire","9":"product_cat-dji-inspire-2","10":"product_shipping_class-outofstock","11":"pa_brand-dji","12":"pa_productfamily-extra-batterij","13":"pa_producttype-extra-batterij","14":"pa_series-inspire-2","16":"first","17":"outofstock","18":"taxable","19":"shipping-taxable","20":"purchasable","21":"product-type-simple"},"acf":[],"yoast_head":"<!-- This site is optimized with the Yoast SEO Premium plugin v27.2 (Yoast SEO v27.2) - https:\/\/yoast.com\/product\/yoast-seo-premium-wordpress\/ -->\n<title>Inspire 2 TB50 Intelligent Flight Battery - koningdrone.be<\/title>\n<meta name=\"robots\" content=\"index, follow, max-snippet:-1, max-image-preview:large, max-video-preview:-1\" \/>\n<link rel=\"canonical\" href=\"https:\/\/koningdrone.be\/fr\/produit\/dji-inspire-2-battery-p05\/\" \/>\n<meta property=\"og:locale\" content=\"fr_FR\" \/>\n<meta property=\"og:type\" content=\"article\" \/>\n<meta property=\"og:title\" content=\"Inspire 2 TB50 Intelligent Flight Battery\" \/>\n<meta property=\"og:description\" content=\"Max. 25 minuten vliegtijd met Zenmuse X5S 27 minuten vliegtijd met Zenmuse X4S Verbeterde prestaties met batterijcellen met hoge dichtheid Grotere totale batterijcapaciteit Geoptimaliseerd voor lage temperaturen met een zelfverwarmingssysteem van 70 W Zelfverwarming kan automatisch of handmatig zijn Ge\u00efntegreerde batterijbeheereenheid Realtime monitoring van de batterijstatus in DJI GO\" \/>\n<meta property=\"og:url\" content=\"https:\/\/koningdrone.be\/fr\/produit\/dji-inspire-2-battery-p05\/\" \/>\n<meta property=\"og:site_name\" content=\"koningdrone.be\" \/>\n<meta property=\"article:modified_time\" content=\"2026-04-29T13:20:50+00:00\" \/>\n<meta property=\"og:image\" content=\"https:\/\/koningdrone.be\/wp-content\/uploads\/sites\/13\/2025\/04\/large_55076072-9894-400d-8de6-52039e2ed538.png\" \/>\n\t<meta property=\"og:image:width\" content=\"1200\" \/>\n\t<meta property=\"og:image:height\" content=\"800\" \/>\n\t<meta property=\"og:image:type\" content=\"image\/png\" \/>\n<meta name=\"twitter:card\" content=\"summary_large_image\" \/>\n<meta name=\"twitter:label1\" content=\"Dur\u00e9e de lecture est.\" \/>\n\t<meta name=\"twitter:data1\" content=\"1 minute\" \/>\n<script type=\"application\/ld+json\" class=\"yoast-schema-graph\">{\"@context\":\"https:\/\/schema.org\",\"@graph\":[{\"@type\":\"WebPage\",\"@id\":\"https:\/\/koningdrone.be\/product\/dji-inspire-2-battery-p05\/\",\"url\":\"https:\/\/koningdrone.be\/product\/dji-inspire-2-battery-p05\/\",\"name\":\"Inspire 2 TB50 Intelligent Flight Battery - koningdrone.be\",\"isPartOf\":{\"@id\":\"https:\/\/koningdrone.be\/#website\"},\"primaryImageOfPage\":{\"@id\":\"https:\/\/koningdrone.be\/product\/dji-inspire-2-battery-p05\/#primaryimage\"},\"image\":{\"@id\":\"https:\/\/koningdrone.be\/product\/dji-inspire-2-battery-p05\/#primaryimage\"},\"thumbnailUrl\":\"https:\/\/koningdrone.be\/wp-content\/uploads\/sites\/13\/2025\/04\/large_55076072-9894-400d-8de6-52039e2ed538.png\",\"datePublished\":\"2021-10-03T07:51:12+00:00\",\"dateModified\":\"2026-04-29T13:20:50+00:00\",\"breadcrumb\":{\"@id\":\"https:\/\/koningdrone.be\/product\/dji-inspire-2-battery-p05\/#breadcrumb\"},\"inLanguage\":\"fr-BE\",\"potentialAction\":[{\"@type\":\"ReadAction\",\"target\":[\"https:\/\/koningdrone.be\/product\/dji-inspire-2-battery-p05\/\"]}]},{\"@type\":\"ImageObject\",\"inLanguage\":\"fr-BE\",\"@id\":\"https:\/\/koningdrone.be\/product\/dji-inspire-2-battery-p05\/#primaryimage\",\"url\":\"https:\/\/koningdrone.be\/wp-content\/uploads\/sites\/13\/2025\/04\/large_55076072-9894-400d-8de6-52039e2ed538.png\",\"contentUrl\":\"https:\/\/koningdrone.be\/wp-content\/uploads\/sites\/13\/2025\/04\/large_55076072-9894-400d-8de6-52039e2ed538.png\",\"width\":1200,\"height\":800},{\"@type\":\"BreadcrumbList\",\"@id\":\"https:\/\/koningdrone.be\/product\/dji-inspire-2-battery-p05\/#breadcrumb\",\"itemListElement\":[{\"@type\":\"ListItem\",\"position\":1,\"name\":\"Home\",\"item\":\"https:\/\/koningdrone.be\/\"},{\"@type\":\"ListItem\",\"position\":2,\"name\":\"AVSS Parachute Recovery System for DJI Matrice 300\/350\",\"item\":\"https:\/\/koningdrone.be\/product\/avss-parachute-recovery-system-for-dji-matrice-300-350\/\"},{\"@type\":\"ListItem\",\"position\":3,\"name\":\"Alle batterijen\",\"item\":\"https:\/\/koningdrone.be\/categorie\/alle-batterijen\/\"},{\"@type\":\"ListItem\",\"position\":4,\"name\":\"Inspire 2 TB50 Intelligent Flight Battery\"}]},{\"@type\":\"WebSite\",\"@id\":\"https:\/\/koningdrone.be\/#website\",\"url\":\"https:\/\/koningdrone.be\/\",\"name\":\"Koningdrone.be - Uw online specialist in drones, gimbals, camera's en power stations.\",\"description\":\"De webshop in drones en gimbals\",\"publisher\":{\"@id\":\"https:\/\/koningdrone.be\/#organization\"},\"potentialAction\":[{\"@type\":\"SearchAction\",\"target\":{\"@type\":\"EntryPoint\",\"urlTemplate\":\"https:\/\/koningdrone.be\/?s={search_term_string}\"},\"query-input\":{\"@type\":\"PropertyValueSpecification\",\"valueRequired\":true,\"valueName\":\"search_term_string\"}}],\"inLanguage\":\"fr-BE\"},{\"@type\":\"Organization\",\"@id\":\"https:\/\/koningdrone.be\/#organization\",\"name\":\"Koningdrone.be\",\"url\":\"https:\/\/koningdrone.be\/\",\"logo\":{\"@type\":\"ImageObject\",\"inLanguage\":\"fr-BE\",\"@id\":\"https:\/\/koningdrone.be\/#\/schema\/logo\/image\/\",\"url\":\"https:\/\/koningdrone.be\/wp-content\/uploads\/sites\/13\/2025\/04\/koningdrone-copyright-logo.svg\",\"contentUrl\":\"https:\/\/koningdrone.be\/wp-content\/uploads\/sites\/13\/2025\/04\/koningdrone-copyright-logo.svg\",\"width\":227,\"height\":38,\"caption\":\"Koningdrone.be\"},\"image\":{\"@id\":\"https:\/\/koningdrone.be\/#\/schema\/logo\/image\/\"}}]}<\/script>\n<!-- \/ Yoast SEO Premium plugin. -->","yoast_head_json":{"title":"Inspire 2 TB50 Intelligent Flight Battery - koningdrone.be","robots":{"index":"index","follow":"follow","max-snippet":"max-snippet:-1","max-image-preview":"max-image-preview:large","max-video-preview":"max-video-preview:-1"},"canonical":"https:\/\/koningdrone.be\/fr\/produit\/dji-inspire-2-battery-p05\/","og_locale":"fr_FR","og_type":"article","og_title":"Inspire 2 TB50 Intelligent Flight Battery","og_description":"Max. 25 minuten vliegtijd met Zenmuse X5S 27 minuten vliegtijd met Zenmuse X4S Verbeterde prestaties met batterijcellen met hoge dichtheid Grotere totale batterijcapaciteit Geoptimaliseerd voor lage temperaturen met een zelfverwarmingssysteem van 70 W Zelfverwarming kan automatisch of handmatig zijn Ge\u00efntegreerde batterijbeheereenheid Realtime monitoring van de batterijstatus in DJI GO","og_url":"https:\/\/koningdrone.be\/fr\/produit\/dji-inspire-2-battery-p05\/","og_site_name":"koningdrone.be","article_modified_time":"2026-04-29T13:20:50+00:00","og_image":[{"width":1200,"height":800,"url":"https:\/\/koningdrone.be\/wp-content\/uploads\/sites\/13\/2025\/04\/large_55076072-9894-400d-8de6-52039e2ed538.png","type":"image\/png"}],"twitter_card":"summary_large_image","twitter_misc":{"Dur\u00e9e de lecture est.":"1 minute"},"schema":{"@context":"https:\/\/schema.org","@graph":[{"@type":"WebPage","@id":"https:\/\/koningdrone.be\/product\/dji-inspire-2-battery-p05\/","url":"https:\/\/koningdrone.be\/product\/dji-inspire-2-battery-p05\/","name":"Inspire 2 TB50 Intelligent Flight Battery - koningdrone.be","isPartOf":{"@id":"https:\/\/koningdrone.be\/#website"},"primaryImageOfPage":{"@id":"https:\/\/koningdrone.be\/product\/dji-inspire-2-battery-p05\/#primaryimage"},"image":{"@id":"https:\/\/koningdrone.be\/product\/dji-inspire-2-battery-p05\/#primaryimage"},"thumbnailUrl":"https:\/\/koningdrone.be\/wp-content\/uploads\/sites\/13\/2025\/04\/large_55076072-9894-400d-8de6-52039e2ed538.png","datePublished":"2021-10-03T07:51:12+00:00","dateModified":"2026-04-29T13:20:50+00:00","breadcrumb":{"@id":"https:\/\/koningdrone.be\/product\/dji-inspire-2-battery-p05\/#breadcrumb"},"inLanguage":"fr-BE","potentialAction":[{"@type":"ReadAction","target":["https:\/\/koningdrone.be\/product\/dji-inspire-2-battery-p05\/"]}]},{"@type":"ImageObject","inLanguage":"fr-BE","@id":"https:\/\/koningdrone.be\/product\/dji-inspire-2-battery-p05\/#primaryimage","url":"https:\/\/koningdrone.be\/wp-content\/uploads\/sites\/13\/2025\/04\/large_55076072-9894-400d-8de6-52039e2ed538.png","contentUrl":"https:\/\/koningdrone.be\/wp-content\/uploads\/sites\/13\/2025\/04\/large_55076072-9894-400d-8de6-52039e2ed538.png","width":1200,"height":800},{"@type":"BreadcrumbList","@id":"https:\/\/koningdrone.be\/product\/dji-inspire-2-battery-p05\/#breadcrumb","itemListElement":[{"@type":"ListItem","position":1,"name":"Home","item":"https:\/\/koningdrone.be\/"},{"@type":"ListItem","position":2,"name":"AVSS Parachute Recovery System for DJI Matrice 300\/350","item":"https:\/\/koningdrone.be\/product\/avss-parachute-recovery-system-for-dji-matrice-300-350\/"},{"@type":"ListItem","position":3,"name":"Alle batterijen","item":"https:\/\/koningdrone.be\/categorie\/alle-batterijen\/"},{"@type":"ListItem","position":4,"name":"Inspire 2 TB50 Intelligent Flight Battery"}]},{"@type":"WebSite","@id":"https:\/\/koningdrone.be\/#website","url":"https:\/\/koningdrone.be\/","name":"Koningdrone.be - Votre sp\u00e9cialiste en ligne en mati\u00e8re de drones, de cardans, de cam\u00e9ras et de centrales \u00e9lectriques.","description":"La boutique en ligne de drones et de cardans","publisher":{"@id":"https:\/\/koningdrone.be\/#organization"},"potentialAction":[{"@type":"SearchAction","target":{"@type":"EntryPoint","urlTemplate":"https:\/\/koningdrone.be\/?s={search_term_string}"},"query-input":{"@type":"PropertyValueSpecification","valueRequired":true,"valueName":"search_term_string"}}],"inLanguage":"fr-BE"},{"@type":"Organization","@id":"https:\/\/koningdrone.be\/#organization","name":"Kingdrone.co.uk","url":"https:\/\/koningdrone.be\/","logo":{"@type":"ImageObject","inLanguage":"fr-BE","@id":"https:\/\/koningdrone.be\/#\/schema\/logo\/image\/","url":"https:\/\/koningdrone.be\/wp-content\/uploads\/sites\/13\/2025\/04\/koningdrone-copyright-logo.svg","contentUrl":"https:\/\/koningdrone.be\/wp-content\/uploads\/sites\/13\/2025\/04\/koningdrone-copyright-logo.svg","width":227,"height":38,"caption":"Koningdrone.be"},"image":{"@id":"https:\/\/koningdrone.be\/#\/schema\/logo\/image\/"}}]}},"df_price":199,"df_sale_price":"","df_regular_price":199,"df_image_link":"https:\/\/koningdrone.be\/wp-content\/uploads\/sites\/13\/2025\/04\/large_55076072-9894-400d-8de6-52039e2ed538-300x200.png","_links":{"self":[{"href":"https:\/\/koningdrone.be\/fr\/wp-json\/wp\/v2\/product\/6510","targetHints":{"allow":["GET"]}}],"collection":[{"href":"https:\/\/koningdrone.be\/fr\/wp-json\/wp\/v2\/product"}],"about":[{"href":"https:\/\/koningdrone.be\/fr\/wp-json\/wp\/v2\/types\/product"}],"wp:featuredmedia":[{"embeddable":true,"href":"https:\/\/koningdrone.be\/fr\/wp-json\/wp\/v2\/media\/6502"}],"wp:attachment":[{"href":"https:\/\/koningdrone.be\/fr\/wp-json\/wp\/v2\/media?parent=6510"}],"wp:term":[{"taxonomy":"product_brand","embeddable":true,"href":"https:\/\/koningdrone.be\/fr\/wp-json\/wp\/v2\/product_brand?post=6510"},{"taxonomy":"product_cat","embeddable":true,"href":"https:\/\/koningdrone.be\/fr\/wp-json\/wp\/v2\/product_cat?post=6510"},{"taxonomy":"product_tag","embeddable":true,"href":"https:\/\/koningdrone.be\/fr\/wp-json\/wp\/v2\/product_tag?post=6510"}],"curies":[{"name":"wp","href":"https:\/\/api.w.org\/{rel}","templated":true}]}}