{"id":6487,"date":"2021-10-03T09:51:35","date_gmt":"2021-10-03T07:51:35","guid":{"rendered":"https:\/\/koningdrone.nl\/kon\/product\/ir10-infrared-laser-zoom-spotlight-808nm\/"},"modified":"2026-04-29T15:40:28","modified_gmt":"2026-04-29T13:40:28","slug":"ir10-infrared-laser-zoom-spotlight-808nm","status":"publish","type":"product","link":"https:\/\/koningdrone.be\/fr\/produit\/ir10-infrared-laser-zoom-spotlight-808nm\/","title":{"rendered":"IR10 Laser infrarouge Zoom Spotlight 808nm"},"content":{"rendered":"<h1>IR10 Laser infrarouge Zoom Spotlight 808nm<\/h1>\n<p>Le Zoom IR10 est \u00e9quip\u00e9 d'un laser \u00e0 fibre de derni\u00e8re g\u00e9n\u00e9ration. La puissance est de 12 W, le zoom optique est de 70x et la distance maximale de la lumi\u00e8re infrarouge est de 1000 m\u00e8tres.<br \/>Avec la DJI H20\/H20T et d'autres cam\u00e9ras pan\/tilt avec un grand zoom et un mode IR, elle peut \u00e9clairer avec une bonne qualit\u00e9 d'image et une excellente transmission de la brume ou de la pluie brumeuse.<br \/>De plus, la lumi\u00e8re infrarouge est imperceptible \u00e0 l'\u0153il humain, ce qui lui permet de se dissimuler au-del\u00e0 de la port\u00e9e visuelle. Gr\u00e2ce \u00e0 l'interface DJI SkyPort V2.0, il peut \u00eatre mont\u00e9 directement sur la s\u00e9rie DJI M200 V2, M300 RTK.<br \/>Ce Zoom IR convient aux utilisateurs dans les domaines de la reconnaissance, de la recherche et du sauvetage, de l'inspection, etc. qui ont besoin d'une excellente visibilit\u00e9 m\u00eame dans l'obscurit\u00e9.<\/p>","protected":false},"excerpt":{"rendered":"<ul>\n<li>Pour une meilleure visibilit\u00e9 dans l'obscurit\u00e9<\/li>\n<li>Voir \u00e0 travers la brume ou la pluie<\/li>\n<li>Bonnes sp\u00e9cifications<\/li>\n<\/ul>","protected":false},"featured_media":6483,"template":"","meta":{"_acf_changed":false},"product_brand":[],"product_cat":[126,97],"product_tag":[],"class_list":{"0":"post-6487","1":"product","2":"type-product","3":"status-publish","4":"has-post-thumbnail","6":"product_cat-alle-payloads","7":"product_cat-alle-producten","8":"product_shipping_class-outofstock","9":"pa_brand-ir10","10":"pa_productfamily-infrarood-laser","11":"pa_producttype-infrarood-laser","12":"pa_series-ir10","14":"first","15":"outofstock","16":"taxable","17":"shipping-taxable","18":"purchasable","19":"product-type-simple"},"acf":[],"yoast_head":"<!-- This site is optimized with the Yoast SEO Premium plugin v27.2 (Yoast SEO v27.2) - https:\/\/yoast.com\/product\/yoast-seo-premium-wordpress\/ -->\n<title>IR10 Infrared Laser Zoom Spotlight 808nm - koningdrone.be<\/title>\n<meta name=\"robots\" content=\"index, follow, max-snippet:-1, max-image-preview:large, max-video-preview:-1\" \/>\n<link rel=\"canonical\" href=\"https:\/\/koningdrone.be\/fr\/produit\/ir10-infrared-laser-zoom-spotlight-808nm\/\" \/>\n<meta property=\"og:locale\" content=\"fr_FR\" \/>\n<meta property=\"og:type\" content=\"article\" \/>\n<meta property=\"og:title\" content=\"IR10 Infrared Laser Zoom Spotlight 808nm\" \/>\n<meta property=\"og:description\" content=\"Voor zicht in het donkerDoor waas of regen heen kijkenGoede specs\" \/>\n<meta property=\"og:url\" content=\"https:\/\/koningdrone.be\/fr\/produit\/ir10-infrared-laser-zoom-spotlight-808nm\/\" \/>\n<meta property=\"og:site_name\" content=\"koningdrone.be\" \/>\n<meta property=\"article:modified_time\" content=\"2026-04-29T13:40:28+00:00\" \/>\n<meta property=\"og:image\" content=\"https:\/\/koningdrone.be\/wp-content\/uploads\/sites\/13\/2025\/04\/6972073120159-1.jpg\" \/>\n\t<meta property=\"og:image:width\" content=\"800\" \/>\n\t<meta property=\"og:image:height\" content=\"500\" \/>\n\t<meta property=\"og:image:type\" content=\"image\/jpeg\" \/>\n<meta name=\"twitter:card\" content=\"summary_large_image\" \/>\n<meta name=\"twitter:label1\" content=\"Dur\u00e9e de lecture est.\" \/>\n\t<meta name=\"twitter:data1\" content=\"1 minute\" \/>\n<script type=\"application\/ld+json\" class=\"yoast-schema-graph\">{\"@context\":\"https:\/\/schema.org\",\"@graph\":[{\"@type\":\"WebPage\",\"@id\":\"https:\/\/koningdrone.be\/product\/ir10-infrared-laser-zoom-spotlight-808nm\/\",\"url\":\"https:\/\/koningdrone.be\/product\/ir10-infrared-laser-zoom-spotlight-808nm\/\",\"name\":\"IR10 Infrared Laser Zoom Spotlight 808nm - koningdrone.be\",\"isPartOf\":{\"@id\":\"https:\/\/koningdrone.be\/#website\"},\"primaryImageOfPage\":{\"@id\":\"https:\/\/koningdrone.be\/product\/ir10-infrared-laser-zoom-spotlight-808nm\/#primaryimage\"},\"image\":{\"@id\":\"https:\/\/koningdrone.be\/product\/ir10-infrared-laser-zoom-spotlight-808nm\/#primaryimage\"},\"thumbnailUrl\":\"https:\/\/koningdrone.be\/wp-content\/uploads\/sites\/13\/2025\/04\/6972073120159-1.jpg\",\"datePublished\":\"2021-10-03T07:51:35+00:00\",\"dateModified\":\"2026-04-29T13:40:28+00:00\",\"breadcrumb\":{\"@id\":\"https:\/\/koningdrone.be\/product\/ir10-infrared-laser-zoom-spotlight-808nm\/#breadcrumb\"},\"inLanguage\":\"fr-BE\",\"potentialAction\":[{\"@type\":\"ReadAction\",\"target\":[\"https:\/\/koningdrone.be\/product\/ir10-infrared-laser-zoom-spotlight-808nm\/\"]}]},{\"@type\":\"ImageObject\",\"inLanguage\":\"fr-BE\",\"@id\":\"https:\/\/koningdrone.be\/product\/ir10-infrared-laser-zoom-spotlight-808nm\/#primaryimage\",\"url\":\"https:\/\/koningdrone.be\/wp-content\/uploads\/sites\/13\/2025\/04\/6972073120159-1.jpg\",\"contentUrl\":\"https:\/\/koningdrone.be\/wp-content\/uploads\/sites\/13\/2025\/04\/6972073120159-1.jpg\",\"width\":800,\"height\":500},{\"@type\":\"BreadcrumbList\",\"@id\":\"https:\/\/koningdrone.be\/product\/ir10-infrared-laser-zoom-spotlight-808nm\/#breadcrumb\",\"itemListElement\":[{\"@type\":\"ListItem\",\"position\":1,\"name\":\"Home\",\"item\":\"https:\/\/koningdrone.be\/\"},{\"@type\":\"ListItem\",\"position\":2,\"name\":\"AVSS Parachute Recovery System for DJI Matrice 300\/350\",\"item\":\"https:\/\/koningdrone.be\/product\/avss-parachute-recovery-system-for-dji-matrice-300-350\/\"},{\"@type\":\"ListItem\",\"position\":3,\"name\":\"Alle payloads\",\"item\":\"https:\/\/koningdrone.be\/categorie\/alle-payloads\/\"},{\"@type\":\"ListItem\",\"position\":4,\"name\":\"IR10 Infrared Laser Zoom Spotlight 808nm\"}]},{\"@type\":\"WebSite\",\"@id\":\"https:\/\/koningdrone.be\/#website\",\"url\":\"https:\/\/koningdrone.be\/\",\"name\":\"Koningdrone.be - Uw online specialist in drones, gimbals, camera's en power stations.\",\"description\":\"De webshop in drones en gimbals\",\"publisher\":{\"@id\":\"https:\/\/koningdrone.be\/#organization\"},\"potentialAction\":[{\"@type\":\"SearchAction\",\"target\":{\"@type\":\"EntryPoint\",\"urlTemplate\":\"https:\/\/koningdrone.be\/?s={search_term_string}\"},\"query-input\":{\"@type\":\"PropertyValueSpecification\",\"valueRequired\":true,\"valueName\":\"search_term_string\"}}],\"inLanguage\":\"fr-BE\"},{\"@type\":\"Organization\",\"@id\":\"https:\/\/koningdrone.be\/#organization\",\"name\":\"Koningdrone.be\",\"url\":\"https:\/\/koningdrone.be\/\",\"logo\":{\"@type\":\"ImageObject\",\"inLanguage\":\"fr-BE\",\"@id\":\"https:\/\/koningdrone.be\/#\/schema\/logo\/image\/\",\"url\":\"https:\/\/koningdrone.be\/wp-content\/uploads\/sites\/13\/2025\/04\/koningdrone-copyright-logo.svg\",\"contentUrl\":\"https:\/\/koningdrone.be\/wp-content\/uploads\/sites\/13\/2025\/04\/koningdrone-copyright-logo.svg\",\"width\":227,\"height\":38,\"caption\":\"Koningdrone.be\"},\"image\":{\"@id\":\"https:\/\/koningdrone.be\/#\/schema\/logo\/image\/\"}}]}<\/script>\n<!-- \/ Yoast SEO Premium plugin. -->","yoast_head_json":{"title":"IR10 Infrared Laser Zoom Spotlight 808nm - koningdrone.be","robots":{"index":"index","follow":"follow","max-snippet":"max-snippet:-1","max-image-preview":"max-image-preview:large","max-video-preview":"max-video-preview:-1"},"canonical":"https:\/\/koningdrone.be\/fr\/produit\/ir10-infrared-laser-zoom-spotlight-808nm\/","og_locale":"fr_FR","og_type":"article","og_title":"IR10 Infrared Laser Zoom Spotlight 808nm","og_description":"Voor zicht in het donkerDoor waas of regen heen kijkenGoede specs","og_url":"https:\/\/koningdrone.be\/fr\/produit\/ir10-infrared-laser-zoom-spotlight-808nm\/","og_site_name":"koningdrone.be","article_modified_time":"2026-04-29T13:40:28+00:00","og_image":[{"width":800,"height":500,"url":"https:\/\/koningdrone.be\/wp-content\/uploads\/sites\/13\/2025\/04\/6972073120159-1.jpg","type":"image\/jpeg"}],"twitter_card":"summary_large_image","twitter_misc":{"Dur\u00e9e de lecture est.":"1 minute"},"schema":{"@context":"https:\/\/schema.org","@graph":[{"@type":"WebPage","@id":"https:\/\/koningdrone.be\/product\/ir10-infrared-laser-zoom-spotlight-808nm\/","url":"https:\/\/koningdrone.be\/product\/ir10-infrared-laser-zoom-spotlight-808nm\/","name":"IR10 Infrared Laser Zoom Spotlight 808nm - koningdrone.be","isPartOf":{"@id":"https:\/\/koningdrone.be\/#website"},"primaryImageOfPage":{"@id":"https:\/\/koningdrone.be\/product\/ir10-infrared-laser-zoom-spotlight-808nm\/#primaryimage"},"image":{"@id":"https:\/\/koningdrone.be\/product\/ir10-infrared-laser-zoom-spotlight-808nm\/#primaryimage"},"thumbnailUrl":"https:\/\/koningdrone.be\/wp-content\/uploads\/sites\/13\/2025\/04\/6972073120159-1.jpg","datePublished":"2021-10-03T07:51:35+00:00","dateModified":"2026-04-29T13:40:28+00:00","breadcrumb":{"@id":"https:\/\/koningdrone.be\/product\/ir10-infrared-laser-zoom-spotlight-808nm\/#breadcrumb"},"inLanguage":"fr-BE","potentialAction":[{"@type":"ReadAction","target":["https:\/\/koningdrone.be\/product\/ir10-infrared-laser-zoom-spotlight-808nm\/"]}]},{"@type":"ImageObject","inLanguage":"fr-BE","@id":"https:\/\/koningdrone.be\/product\/ir10-infrared-laser-zoom-spotlight-808nm\/#primaryimage","url":"https:\/\/koningdrone.be\/wp-content\/uploads\/sites\/13\/2025\/04\/6972073120159-1.jpg","contentUrl":"https:\/\/koningdrone.be\/wp-content\/uploads\/sites\/13\/2025\/04\/6972073120159-1.jpg","width":800,"height":500},{"@type":"BreadcrumbList","@id":"https:\/\/koningdrone.be\/product\/ir10-infrared-laser-zoom-spotlight-808nm\/#breadcrumb","itemListElement":[{"@type":"ListItem","position":1,"name":"Home","item":"https:\/\/koningdrone.be\/"},{"@type":"ListItem","position":2,"name":"AVSS Parachute Recovery System for DJI Matrice 300\/350","item":"https:\/\/koningdrone.be\/product\/avss-parachute-recovery-system-for-dji-matrice-300-350\/"},{"@type":"ListItem","position":3,"name":"Alle payloads","item":"https:\/\/koningdrone.be\/categorie\/alle-payloads\/"},{"@type":"ListItem","position":4,"name":"IR10 Infrared Laser Zoom Spotlight 808nm"}]},{"@type":"WebSite","@id":"https:\/\/koningdrone.be\/#website","url":"https:\/\/koningdrone.be\/","name":"Koningdrone.be - Votre sp\u00e9cialiste en ligne en mati\u00e8re de drones, de cardans, de cam\u00e9ras et de centrales \u00e9lectriques.","description":"La boutique en ligne de drones et de cardans","publisher":{"@id":"https:\/\/koningdrone.be\/#organization"},"potentialAction":[{"@type":"SearchAction","target":{"@type":"EntryPoint","urlTemplate":"https:\/\/koningdrone.be\/?s={search_term_string}"},"query-input":{"@type":"PropertyValueSpecification","valueRequired":true,"valueName":"search_term_string"}}],"inLanguage":"fr-BE"},{"@type":"Organization","@id":"https:\/\/koningdrone.be\/#organization","name":"Kingdrone.co.uk","url":"https:\/\/koningdrone.be\/","logo":{"@type":"ImageObject","inLanguage":"fr-BE","@id":"https:\/\/koningdrone.be\/#\/schema\/logo\/image\/","url":"https:\/\/koningdrone.be\/wp-content\/uploads\/sites\/13\/2025\/04\/koningdrone-copyright-logo.svg","contentUrl":"https:\/\/koningdrone.be\/wp-content\/uploads\/sites\/13\/2025\/04\/koningdrone-copyright-logo.svg","width":227,"height":38,"caption":"Koningdrone.be"},"image":{"@id":"https:\/\/koningdrone.be\/#\/schema\/logo\/image\/"}}]}},"df_price":5499,"df_sale_price":"","df_regular_price":5499,"df_image_link":"https:\/\/koningdrone.be\/wp-content\/uploads\/sites\/13\/2025\/04\/6972073120159-1-300x188.jpg","_links":{"self":[{"href":"https:\/\/koningdrone.be\/fr\/wp-json\/wp\/v2\/product\/6487","targetHints":{"allow":["GET"]}}],"collection":[{"href":"https:\/\/koningdrone.be\/fr\/wp-json\/wp\/v2\/product"}],"about":[{"href":"https:\/\/koningdrone.be\/fr\/wp-json\/wp\/v2\/types\/product"}],"wp:featuredmedia":[{"embeddable":true,"href":"https:\/\/koningdrone.be\/fr\/wp-json\/wp\/v2\/media\/6483"}],"wp:attachment":[{"href":"https:\/\/koningdrone.be\/fr\/wp-json\/wp\/v2\/media?parent=6487"}],"wp:term":[{"taxonomy":"product_brand","embeddable":true,"href":"https:\/\/koningdrone.be\/fr\/wp-json\/wp\/v2\/product_brand?post=6487"},{"taxonomy":"product_cat","embeddable":true,"href":"https:\/\/koningdrone.be\/fr\/wp-json\/wp\/v2\/product_cat?post=6487"},{"taxonomy":"product_tag","embeddable":true,"href":"https:\/\/koningdrone.be\/fr\/wp-json\/wp\/v2\/product_tag?post=6487"}],"curies":[{"name":"wp","href":"https:\/\/api.w.org\/{rel}","templated":true}]}}