{"id":6470,"date":"2021-10-03T09:52:31","date_gmt":"2021-10-03T07:52:31","guid":{"rendered":"https:\/\/koningdrone.nl\/kon\/product\/insta360-one-x2\/"},"modified":"2026-05-17T07:41:02","modified_gmt":"2026-05-17T05:41:02","slug":"insta360-one-x2","status":"publish","type":"product","link":"https:\/\/koningdrone.be\/fr\/produit\/insta360-one-x2\/","title":{"rendered":"INSTA360 ONE X2 Standard Edition (CINOSXX\/A)"},"content":{"rendered":"<h1>   Insta360 One X2 Standard Edition (CINOSXX\/A) <\/h1>\n<p>Insta360 One X2, cam\u00e9ra \u00e0 360 degr\u00e9s<br \/>Insta360 ONE X2, une cam\u00e9ra de poche dot\u00e9e d'une stabilisation incassable, de vid\u00e9os \u00e0 360\u00b0 en 5,7K, d'une \u00e9tanch\u00e9it\u00e9 IPX8, d'un \u00e9cran tactile \u00e0 360\u00b0 et d'une s\u00e9rie de fonctions d'\u00e9dition pilot\u00e9es par l'IA.<br \/>\u00a0 <br \/>ONE X2 est \u00e0 la fois un appareil photo et un assistant. Avec un seul appareil, vous pouvez capturer tous les angles \u00e0 la fois et d\u00e9bloquer des perspectives cin\u00e9matographiques qui n\u00e9cessitaient auparavant un cam\u00e9raman ou un drone. Lorsque vous \u00eates pr\u00eat \u00e0 \u00e9diter, les fonctions aliment\u00e9es par l'IA dans l'application Insta360 et le logiciel de bureau vous aident \u00e0 trouver et \u00e0 \u00e9diter vos meilleures photos en quelques clics.<br \/>\u00a0 <br \/>Cam\u00e9ra Insta360 One X2Insta360 One X2<br \/>L'\u00e9quipe de la cam\u00e9ra de poche<br \/>Insta360 ONE X2 ouvre un monde de possibilit\u00e9s cr\u00e9atives. Quatre fa\u00e7ons de filmer \u00e0 360 degr\u00e9s, Steady Cam, InstaPano et MultiView s'associent pour cr\u00e9er un syst\u00e8me multi-cam\u00e9ras qui tient dans la poche.<br \/>\u00a0 <br \/>Avec la prise de vue \u00e0 360\u00b0 5,7K, la cam\u00e9ra capture l'action dans toutes les directions, de sorte que vous n'avez pas besoin de viser pendant la prise de vue. Il vous suffit de choisir votre angle pr\u00e9f\u00e9r\u00e9 lors du montage ou de laisser l'IA de la ONE X2 le faire \u00e0 votre place.<br \/>\u00a0 <br \/>Si vous souhaitez filmer des vid\u00e9os traditionnelles \u00e0 plat, il y a le mode Steady Cam. Ce mode met toute votre puissance de feu derri\u00e8re l'un des objectifs du ONE X2 et capture des images ultra-stables et ultra-larges pr\u00eates \u00e0 \u00eatre partag\u00e9es instantan\u00e9ment.<br \/>\u00a0 <br \/>InstaPano est un tout nouveau mode photo qui permet de capturer de superbes panoramas. Au lieu de d\u00e9placer votre appareil photo ou votre t\u00e9l\u00e9phone au-dessus d'une sc\u00e8ne et d'obtenir des panoramas flous et mal assembl\u00e9s, vous n'avez qu'\u00e0 appuyer sur le bouton et le tour est jou\u00e9.<br \/>\u00a0 <br \/>Et pour les vloggers et cr\u00e9ateurs solitaires, MultiView change la donne. Affichez simultan\u00e9ment deux angles avec des champs de vision diff\u00e9rents et assurez-vous d'\u00eatre toujours dans l'image gr\u00e2ce \u00e0 la reconnaissance faciale de l'application.<br \/>\u00a0 <br \/>Stable quoi qu'il arrive<br \/>Que vous filmiez en mode 360 ou Steady Cam, la stabilisation FlowState assure la fluidit\u00e9 de la prise de vue. Les algorithmes de stabilisation et de nivellement de l'horizon de la ONE X2 sont plus performants que jamais, ce qui vous permet de prendre des photos ultra-stabilis\u00e9es avec un seul appareil photo de poche, sans suspension de cardan.<br \/>\u00a0 <br \/>Laboratoire de tir<br \/>Il n'y a rien de plus facile que d'\u00e9diter votre s\u00e9quence avec Shot Lab depuis l'application Insta360. Shot Lab contient une collection continuellement mise \u00e0 jour de mod\u00e8les \u00e0 une touche utilisant les derni\u00e8res et les meilleures techniques d'\u00e9dition 360. Tout ce que vous avez \u00e0 faire est de prendre les images et Shot Lab les transformera en quelque chose d'\u00e9pique.<br \/>\u00a0 <br \/>Des mod\u00e8les tels que Dolly Zoom et Stop Motion permettent d'obtenir des effets cin\u00e9matographiques d'un simple effleurement. Les mod\u00e8les Clone Trail et Shadow Clone permettent de cloner votre corps en quelques secondes. Ghost Town prend votre time-lapse \u00e0 360 degr\u00e9s et en retire les personnes, cr\u00e9ant ainsi une photo sans obstacle.<br \/>\u00a0 <br \/>Insta360 One X2Insta360 One X2<br \/>Suivre n'importe quel sujet<br \/>S\u00e9lectionnez votre cible d'un simple toucher ou d'une commande vocale pendant la prise de vue. Allez ensuite dans l'application ou dans le Studio, o\u00f9 l'algorithme am\u00e9lior\u00e9 Deep Track peut suivre des personnes, des animaux et d'autres objets en mouvement, en gardant votre cible au centre, quel que soit l'obstacle.<br \/>Laissez l'IA choisir votre meilleur angle<br \/>La beaut\u00e9 de la capture \u00e0 360 degr\u00e9s signifie que vous n'avez pas besoin de pointer votre sujet pendant la prise de vue. Mais il peut \u00eatre difficile d'avoir tous les angles possibles \u00e0 port\u00e9e de main lorsque vous \u00eates pr\u00eat \u00e0 partager vos images.<br \/>La fonction Cadrage automatique examine chaque centim\u00e8tre de vos photos \u00e0 360\u00b0 et recadre votre clich\u00e9 pour en rep\u00e9rer les points forts. Des recommandations vid\u00e9o am\u00e9lior\u00e9es et un nouvel algorithme pour les photos vous aident \u00e0 trouver la photo parfaite en quelques secondes.<br \/>Ma\u00eetriser le temps et l'espace<br \/>La fonction hyperlapse TimeShift est de retour avec ONE X2 et est d\u00e9sormais disponible pour les prises de vue \u00e0 360\u00b0 et Steady Cam. Ajustez la vitesse de lecture tout en recadrant votre prise de vue dans n'importe quelle direction, ou laissez l'IA le faire pour vous.<br \/>Ajoutez un arr\u00eat sur image pour arr\u00eater votre vid\u00e9o et recadrer l'angle au plus fort de l'action. Il suffit d'une simple pression sur les param\u00e8tres de vitesse de votre vid\u00e9o.<br \/>Un peu de lumi\u00e8re, bien fait<br \/>Prenez des photos naturelles avec une plage dynamique \u00e9lev\u00e9e d'une simple pression. Le mode PureShot am\u00e9liore la plage dynamique de vos photos en basse lumi\u00e8re tout en r\u00e9duisant le bruit et en pr\u00e9servant les d\u00e9tails.<br \/>Les am\u00e9liorations de la qualit\u00e9 d'image ne s'arr\u00eatent pas non plus lorsque vous allez sous l'eau. AquaVision \u00e9quilibre automatiquement les couleurs, ce qui permet d'obtenir des contenus sous-marins d'une clart\u00e9 cristalline qui donnent l'impression d'avoir \u00e9t\u00e9 film\u00e9s en plein jour. Il suffit de l'activer dans l'application, sans filtre externe ni retouche suppl\u00e9mentaire.<br \/>Meilleur mat\u00e9riel, meilleure exp\u00e9rience<br \/>L'Insta360 ONE X2 conserve le format de poche de l'Insta360 ONE X, tout en s'appuyant sur ses points forts gr\u00e2ce \u00e0 une s\u00e9rie d'am\u00e9liorations mat\u00e9rielles et de performances.<br \/>Une batterie plus puissante de 1630 mAh vous permet de filmer pendant 80 minutes, tandis qu'un nouvel \u00e9cran tactile haute d\u00e9finition ultra-lumineux vous permet de pr\u00e9visualiser votre prise de vue \u00e0 360 degr\u00e9s.<br \/>Le ONE X2 est \u00e9galement pr\u00eat pour l'eau, avec une \u00e9tanch\u00e9it\u00e9 IPX8. Descendez \u00e0 10 m\u00e8tres de profondeur sans l'\u00e9tui, ou utilisez l'\u00e9tui de plong\u00e9e pour filmer jusqu'\u00e0 45 m\u00e8tres de profondeur avec des coutures sous-marines transparentes.<br \/>Quatre microphones amplifient votre voix, quelle que soit la fa\u00e7on dont vous tenez l'appareil. Vous pouvez enregistrer un son st\u00e9r\u00e9o avec un nouvel algorithme intelligent de r\u00e9duction du vent ou enregistrer un son ambisonique pour une exp\u00e9rience totalement immersive.<br \/>La commande vocale vous permet de contr\u00f4ler la prise de vue lorsque le ONE X2 est juste hors de port\u00e9e. Vous pouvez m\u00eame connecter vos AirPods pour contr\u00f4ler la cam\u00e9ra ou enregistrer de l'audio en d\u00e9placement.<br \/>Webcam 360 et diffusion en direct. Restez connect\u00e9 \u00e0 distance avec vos amis, votre famille et vos coll\u00e8gues. Utilisez ONE X2 comme webcam pour obtenir une vue grand angle en \u00e9cran partag\u00e9 sur Zoom et d'autres plateformes de r\u00e9union populaires. Ou diffusez en direct \u00e0 360 degr\u00e9s sur Facebook, Youtube ou tout autre canal vid\u00e9o 360 gr\u00e2ce \u00e0 la fonction RTMP personnalis\u00e9e.<\/p>","protected":false},"excerpt":{"rendered":"<ul>\n<li>R\u00e9solution vid\u00e9o : 360 | 5.7K @ 30fps<\/li>\n<li>R\u00e9solution des photos : 360 : 6080\u00d73040 (2:1)<\/li>\n<li>Capacit\u00e9 de la batterie : 1630mAh<\/li>\n<li>Dur\u00e9e d'utilisation : 5,7K@30fps - 80 minutes<\/li>\n<li>Longueur focale \u00e9quivalente \u00e0 35 mm : 7,2 mm<\/li>\n<li>ISO : automatique, 100-3200<\/li>\n<\/ul>","protected":false},"featured_media":6465,"template":"","meta":{"_acf_changed":false},"product_brand":[],"product_cat":[97,343],"product_tag":[],"class_list":{"0":"post-6470","1":"product","2":"type-product","3":"status-publish","4":"has-post-thumbnail","6":"product_cat-alle-producten","7":"product_cat-insta360","8":"product_shipping_class-outofstock","9":"pa_brand-insta360","10":"pa_series-insta360-go","12":"first","13":"outofstock","14":"taxable","15":"shipping-taxable","16":"product-type-simple"},"acf":[],"yoast_head":"<!-- This site is optimized with the Yoast SEO Premium plugin v27.2 (Yoast SEO v27.2) - https:\/\/yoast.com\/product\/yoast-seo-premium-wordpress\/ -->\n<title>INSTA360 ONE X2 Standard Edition (CINOSXX\/A) - koningdrone.be<\/title>\n<meta name=\"robots\" content=\"index, follow, max-snippet:-1, max-image-preview:large, max-video-preview:-1\" \/>\n<link rel=\"canonical\" href=\"https:\/\/koningdrone.be\/fr\/produit\/insta360-one-x2\/\" \/>\n<meta property=\"og:locale\" content=\"fr_FR\" \/>\n<meta property=\"og:type\" content=\"article\" \/>\n<meta property=\"og:title\" content=\"INSTA360 ONE X2 Standard Edition (CINOSXX\/A)\" \/>\n<meta property=\"og:description\" content=\"Videoresolutie: 360 | 5.7K @ 30fpsFotoresolutie: 360: 6080x3040 (2:1)Batterijcapaciteit: 1630mAhLooptijd: 5,7K@30fps - 80 minuten35 mm equivalente brandpuntsafstand: 7,2 mmISO: automatisch, 100-3200\" \/>\n<meta property=\"og:url\" content=\"https:\/\/koningdrone.be\/fr\/produit\/insta360-one-x2\/\" \/>\n<meta property=\"og:site_name\" content=\"koningdrone.be\" \/>\n<meta property=\"article:modified_time\" content=\"2026-05-17T05:41:02+00:00\" \/>\n<meta property=\"og:image\" content=\"https:\/\/koningdrone.be\/wp-content\/uploads\/sites\/13\/2025\/04\/6970357851805-1.jpg\" \/>\n\t<meta property=\"og:image:width\" content=\"600\" \/>\n\t<meta property=\"og:image:height\" content=\"600\" \/>\n\t<meta property=\"og:image:type\" content=\"image\/jpeg\" \/>\n<meta name=\"twitter:card\" content=\"summary_large_image\" \/>\n<meta name=\"twitter:label1\" content=\"Dur\u00e9e de lecture est.\" \/>\n\t<meta name=\"twitter:data1\" content=\"5 minutes\" \/>\n<script type=\"application\/ld+json\" class=\"yoast-schema-graph\">{\"@context\":\"https:\/\/schema.org\",\"@graph\":[{\"@type\":\"WebPage\",\"@id\":\"https:\/\/koningdrone.be\/product\/insta360-one-x2\/\",\"url\":\"https:\/\/koningdrone.be\/product\/insta360-one-x2\/\",\"name\":\"INSTA360 ONE X2 Standard Edition (CINOSXX\/A) - koningdrone.be\",\"isPartOf\":{\"@id\":\"https:\/\/koningdrone.be\/#website\"},\"primaryImageOfPage\":{\"@id\":\"https:\/\/koningdrone.be\/product\/insta360-one-x2\/#primaryimage\"},\"image\":{\"@id\":\"https:\/\/koningdrone.be\/product\/insta360-one-x2\/#primaryimage\"},\"thumbnailUrl\":\"https:\/\/koningdrone.be\/wp-content\/uploads\/sites\/13\/2025\/04\/6970357851805-1.jpg\",\"datePublished\":\"2021-10-03T07:52:31+00:00\",\"dateModified\":\"2026-05-17T05:41:02+00:00\",\"breadcrumb\":{\"@id\":\"https:\/\/koningdrone.be\/product\/insta360-one-x2\/#breadcrumb\"},\"inLanguage\":\"fr-BE\",\"potentialAction\":[{\"@type\":\"ReadAction\",\"target\":[\"https:\/\/koningdrone.be\/product\/insta360-one-x2\/\"]}]},{\"@type\":\"ImageObject\",\"inLanguage\":\"fr-BE\",\"@id\":\"https:\/\/koningdrone.be\/product\/insta360-one-x2\/#primaryimage\",\"url\":\"https:\/\/koningdrone.be\/wp-content\/uploads\/sites\/13\/2025\/04\/6970357851805-1.jpg\",\"contentUrl\":\"https:\/\/koningdrone.be\/wp-content\/uploads\/sites\/13\/2025\/04\/6970357851805-1.jpg\",\"width\":600,\"height\":600},{\"@type\":\"BreadcrumbList\",\"@id\":\"https:\/\/koningdrone.be\/product\/insta360-one-x2\/#breadcrumb\",\"itemListElement\":[{\"@type\":\"ListItem\",\"position\":1,\"name\":\"Home\",\"item\":\"https:\/\/koningdrone.be\/\"},{\"@type\":\"ListItem\",\"position\":2,\"name\":\"AVSS Parachute Recovery System for DJI Matrice 300\/350\",\"item\":\"https:\/\/koningdrone.be\/product\/avss-parachute-recovery-system-for-dji-matrice-300-350\/\"},{\"@type\":\"ListItem\",\"position\":3,\"name\":\"Alle producten\",\"item\":\"https:\/\/koningdrone.be\/categorie\/alle-producten\/\"},{\"@type\":\"ListItem\",\"position\":4,\"name\":\"INSTA360 ONE X2 Standard Edition (CINOSXX\/A)\"}]},{\"@type\":\"WebSite\",\"@id\":\"https:\/\/koningdrone.be\/#website\",\"url\":\"https:\/\/koningdrone.be\/\",\"name\":\"Koningdrone.be - Uw online specialist in drones, gimbals, camera's en power stations.\",\"description\":\"De webshop in drones en gimbals\",\"publisher\":{\"@id\":\"https:\/\/koningdrone.be\/#organization\"},\"potentialAction\":[{\"@type\":\"SearchAction\",\"target\":{\"@type\":\"EntryPoint\",\"urlTemplate\":\"https:\/\/koningdrone.be\/?s={search_term_string}\"},\"query-input\":{\"@type\":\"PropertyValueSpecification\",\"valueRequired\":true,\"valueName\":\"search_term_string\"}}],\"inLanguage\":\"fr-BE\"},{\"@type\":\"Organization\",\"@id\":\"https:\/\/koningdrone.be\/#organization\",\"name\":\"Koningdrone.be\",\"url\":\"https:\/\/koningdrone.be\/\",\"logo\":{\"@type\":\"ImageObject\",\"inLanguage\":\"fr-BE\",\"@id\":\"https:\/\/koningdrone.be\/#\/schema\/logo\/image\/\",\"url\":\"https:\/\/koningdrone.be\/wp-content\/uploads\/sites\/13\/2025\/04\/koningdrone-copyright-logo.svg\",\"contentUrl\":\"https:\/\/koningdrone.be\/wp-content\/uploads\/sites\/13\/2025\/04\/koningdrone-copyright-logo.svg\",\"width\":227,\"height\":38,\"caption\":\"Koningdrone.be\"},\"image\":{\"@id\":\"https:\/\/koningdrone.be\/#\/schema\/logo\/image\/\"}}]}<\/script>\n<!-- \/ Yoast SEO Premium plugin. -->","yoast_head_json":{"title":"INSTA360 ONE X2 Standard Edition (CINOSXX\/A) - koningdrone.be","robots":{"index":"index","follow":"follow","max-snippet":"max-snippet:-1","max-image-preview":"max-image-preview:large","max-video-preview":"max-video-preview:-1"},"canonical":"https:\/\/koningdrone.be\/fr\/produit\/insta360-one-x2\/","og_locale":"fr_FR","og_type":"article","og_title":"INSTA360 ONE X2 Standard Edition (CINOSXX\/A)","og_description":"Videoresolutie: 360 | 5.7K @ 30fpsFotoresolutie: 360: 6080x3040 (2:1)Batterijcapaciteit: 1630mAhLooptijd: 5,7K@30fps - 80 minuten35 mm equivalente brandpuntsafstand: 7,2 mmISO: automatisch, 100-3200","og_url":"https:\/\/koningdrone.be\/fr\/produit\/insta360-one-x2\/","og_site_name":"koningdrone.be","article_modified_time":"2026-05-17T05:41:02+00:00","og_image":[{"width":600,"height":600,"url":"https:\/\/koningdrone.be\/wp-content\/uploads\/sites\/13\/2025\/04\/6970357851805-1.jpg","type":"image\/jpeg"}],"twitter_card":"summary_large_image","twitter_misc":{"Dur\u00e9e de lecture est.":"5 minutes"},"schema":{"@context":"https:\/\/schema.org","@graph":[{"@type":"WebPage","@id":"https:\/\/koningdrone.be\/product\/insta360-one-x2\/","url":"https:\/\/koningdrone.be\/product\/insta360-one-x2\/","name":"INSTA360 ONE X2 Standard Edition (CINOSXX\/A) - koningdrone.be","isPartOf":{"@id":"https:\/\/koningdrone.be\/#website"},"primaryImageOfPage":{"@id":"https:\/\/koningdrone.be\/product\/insta360-one-x2\/#primaryimage"},"image":{"@id":"https:\/\/koningdrone.be\/product\/insta360-one-x2\/#primaryimage"},"thumbnailUrl":"https:\/\/koningdrone.be\/wp-content\/uploads\/sites\/13\/2025\/04\/6970357851805-1.jpg","datePublished":"2021-10-03T07:52:31+00:00","dateModified":"2026-05-17T05:41:02+00:00","breadcrumb":{"@id":"https:\/\/koningdrone.be\/product\/insta360-one-x2\/#breadcrumb"},"inLanguage":"fr-BE","potentialAction":[{"@type":"ReadAction","target":["https:\/\/koningdrone.be\/product\/insta360-one-x2\/"]}]},{"@type":"ImageObject","inLanguage":"fr-BE","@id":"https:\/\/koningdrone.be\/product\/insta360-one-x2\/#primaryimage","url":"https:\/\/koningdrone.be\/wp-content\/uploads\/sites\/13\/2025\/04\/6970357851805-1.jpg","contentUrl":"https:\/\/koningdrone.be\/wp-content\/uploads\/sites\/13\/2025\/04\/6970357851805-1.jpg","width":600,"height":600},{"@type":"BreadcrumbList","@id":"https:\/\/koningdrone.be\/product\/insta360-one-x2\/#breadcrumb","itemListElement":[{"@type":"ListItem","position":1,"name":"Home","item":"https:\/\/koningdrone.be\/"},{"@type":"ListItem","position":2,"name":"AVSS Parachute Recovery System for DJI Matrice 300\/350","item":"https:\/\/koningdrone.be\/product\/avss-parachute-recovery-system-for-dji-matrice-300-350\/"},{"@type":"ListItem","position":3,"name":"Alle producten","item":"https:\/\/koningdrone.be\/categorie\/alle-producten\/"},{"@type":"ListItem","position":4,"name":"INSTA360 ONE X2 Standard Edition (CINOSXX\/A)"}]},{"@type":"WebSite","@id":"https:\/\/koningdrone.be\/#website","url":"https:\/\/koningdrone.be\/","name":"Koningdrone.be - Votre sp\u00e9cialiste en ligne en mati\u00e8re de drones, de cardans, de cam\u00e9ras et de centrales \u00e9lectriques.","description":"La boutique en ligne de drones et de cardans","publisher":{"@id":"https:\/\/koningdrone.be\/#organization"},"potentialAction":[{"@type":"SearchAction","target":{"@type":"EntryPoint","urlTemplate":"https:\/\/koningdrone.be\/?s={search_term_string}"},"query-input":{"@type":"PropertyValueSpecification","valueRequired":true,"valueName":"search_term_string"}}],"inLanguage":"fr-BE"},{"@type":"Organization","@id":"https:\/\/koningdrone.be\/#organization","name":"Kingdrone.co.uk","url":"https:\/\/koningdrone.be\/","logo":{"@type":"ImageObject","inLanguage":"fr-BE","@id":"https:\/\/koningdrone.be\/#\/schema\/logo\/image\/","url":"https:\/\/koningdrone.be\/wp-content\/uploads\/sites\/13\/2025\/04\/koningdrone-copyright-logo.svg","contentUrl":"https:\/\/koningdrone.be\/wp-content\/uploads\/sites\/13\/2025\/04\/koningdrone-copyright-logo.svg","width":227,"height":38,"caption":"Koningdrone.be"},"image":{"@id":"https:\/\/koningdrone.be\/#\/schema\/logo\/image\/"}}]}},"df_price":"","df_sale_price":"","df_regular_price":"","df_image_link":"https:\/\/koningdrone.be\/wp-content\/uploads\/sites\/13\/2025\/04\/6970357851805-1-300x300.jpg","_links":{"self":[{"href":"https:\/\/koningdrone.be\/fr\/wp-json\/wp\/v2\/product\/6470","targetHints":{"allow":["GET"]}}],"collection":[{"href":"https:\/\/koningdrone.be\/fr\/wp-json\/wp\/v2\/product"}],"about":[{"href":"https:\/\/koningdrone.be\/fr\/wp-json\/wp\/v2\/types\/product"}],"wp:featuredmedia":[{"embeddable":true,"href":"https:\/\/koningdrone.be\/fr\/wp-json\/wp\/v2\/media\/6465"}],"wp:attachment":[{"href":"https:\/\/koningdrone.be\/fr\/wp-json\/wp\/v2\/media?parent=6470"}],"wp:term":[{"taxonomy":"product_brand","embeddable":true,"href":"https:\/\/koningdrone.be\/fr\/wp-json\/wp\/v2\/product_brand?post=6470"},{"taxonomy":"product_cat","embeddable":true,"href":"https:\/\/koningdrone.be\/fr\/wp-json\/wp\/v2\/product_cat?post=6470"},{"taxonomy":"product_tag","embeddable":true,"href":"https:\/\/koningdrone.be\/fr\/wp-json\/wp\/v2\/product_tag?post=6470"}],"curies":[{"name":"wp","href":"https:\/\/api.w.org\/{rel}","templated":true}]}}