{"id":6387,"date":"2021-10-03T09:54:52","date_gmt":"2021-10-03T07:54:52","guid":{"rendered":"https:\/\/koningdrone.nl\/kon\/product\/insta360-one-x-bluetooth-controller\/"},"modified":"2026-04-29T07:40:15","modified_gmt":"2026-04-29T05:40:15","slug":"insta360-one-x-bluetooth-controller","status":"publish","type":"product","link":"https:\/\/koningdrone.be\/fr\/produit\/insta360-one-x-bluetooth-controller\/","title":{"rendered":"Contr\u00f4leur Bluetooth INSTA360 ONE X"},"content":{"rendered":"<h1>Contr\u00f4leur Bluetooth INSTA360 ONE X<\/h1>\n<p>Contr\u00f4lez votre OneX, enregistrez les donn\u00e9es GPS et suivez votre parcours gr\u00e2ce aux statistiques affich\u00e9es \u00e0 l'\u00e9cran, telles que la vitesse, l'altitude et la direction. Il vous suffit ensuite d'appuyer sur un bouton pour afficher vos exp\u00e9ditions sur la carte et les t\u00e9l\u00e9charger sur Google Street View.<\/p>","protected":false},"excerpt":{"rendered":"<ul>\n<li>Dimensions - 8,1 x 3,4 x 1,7 cm<\/li>\n<li>Distance de transmission maximale - Bluetooth : 33\u2032 \/ 10 m<\/li>\n<li>Compatible avec le r\u00e9seau - Bluetooth, GPS<\/li>\n<li>Batterie - 3,3 V, 800 mAh lithium-ion<\/li>\n<li>Temps de charge : 2 heures (environ)<\/li>\n<li>Dur\u00e9e d'utilisation : 24 heures (environ)<\/li>\n<li>Connecteur - Micro-USB<\/li>\n<li>Mat\u00e9riau de construction - plastique<\/li>\n<li>Couleur - Noir<\/li>\n<li>Compatibilit\u00e9 - Insta360 OneX<\/li>\n<li>Poids - 40 g<\/li>\n<\/ul>","protected":false},"featured_media":6384,"template":"","meta":{"_acf_changed":false},"product_brand":[],"product_cat":[122,97,343],"product_tag":[],"class_list":{"0":"post-6387","1":"product","2":"type-product","3":"status-publish","4":"has-post-thumbnail","6":"product_cat-alle-afstandsbedieningen","7":"product_cat-alle-producten","8":"product_cat-insta360","9":"product_shipping_class-outofstock","10":"pa_brand-insta360","11":"pa_productfamily-afstandsbediening","12":"pa_producttype-afstandsbediening","13":"pa_series-insta360-go","15":"first","16":"outofstock","17":"taxable","18":"shipping-taxable","19":"product-type-simple"},"acf":[],"yoast_head":"<!-- This site is optimized with the Yoast SEO Premium plugin v27.2 (Yoast SEO v27.2) - https:\/\/yoast.com\/product\/yoast-seo-premium-wordpress\/ -->\n<title>INSTA360 ONE X Bluetooth Controller - koningdrone.be<\/title>\n<meta name=\"robots\" content=\"index, follow, max-snippet:-1, max-image-preview:large, max-video-preview:-1\" \/>\n<link rel=\"canonical\" href=\"https:\/\/koningdrone.be\/fr\/produit\/insta360-one-x-bluetooth-controller\/\" \/>\n<meta property=\"og:locale\" content=\"fr_FR\" \/>\n<meta property=\"og:type\" content=\"article\" \/>\n<meta property=\"og:title\" content=\"INSTA360 ONE X Bluetooth Controller\" \/>\n<meta property=\"og:description\" content=\"Afmetingen - 8,1 x 3,4 x 1,7 cmMaximale overdrachtsafstand - Bluetooth: 33&#039; \/ 10 mGeschikt voor netwerk - Bluetooth, GPSBatterij - 3,3 V, 800 mAh lithium-ionOplaadtijd: 2 uur (ongeveer)Gebruikstijd: 24 uur (ongeveer)Connector - Micro-USBMateriaal van constructie - kunststofKleur - ZwartCompatibiliteit - Insta360 OneXGewicht - 40 g\" \/>\n<meta property=\"og:url\" content=\"https:\/\/koningdrone.be\/fr\/produit\/insta360-one-x-bluetooth-controller\/\" \/>\n<meta property=\"og:site_name\" content=\"koningdrone.be\" \/>\n<meta property=\"article:modified_time\" content=\"2026-04-29T05:40:15+00:00\" \/>\n<meta property=\"og:image\" content=\"https:\/\/koningdrone.be\/wp-content\/uploads\/sites\/13\/2025\/04\/6970357850884-1.jpg\" \/>\n\t<meta property=\"og:image:width\" content=\"800\" \/>\n\t<meta property=\"og:image:height\" content=\"800\" \/>\n\t<meta property=\"og:image:type\" content=\"image\/jpeg\" \/>\n<meta name=\"twitter:card\" content=\"summary_large_image\" \/>\n<script type=\"application\/ld+json\" class=\"yoast-schema-graph\">{\"@context\":\"https:\/\/schema.org\",\"@graph\":[{\"@type\":\"WebPage\",\"@id\":\"https:\/\/koningdrone.be\/product\/insta360-one-x-bluetooth-controller\/\",\"url\":\"https:\/\/koningdrone.be\/product\/insta360-one-x-bluetooth-controller\/\",\"name\":\"INSTA360 ONE X Bluetooth Controller - koningdrone.be\",\"isPartOf\":{\"@id\":\"https:\/\/koningdrone.be\/#website\"},\"primaryImageOfPage\":{\"@id\":\"https:\/\/koningdrone.be\/product\/insta360-one-x-bluetooth-controller\/#primaryimage\"},\"image\":{\"@id\":\"https:\/\/koningdrone.be\/product\/insta360-one-x-bluetooth-controller\/#primaryimage\"},\"thumbnailUrl\":\"https:\/\/koningdrone.be\/wp-content\/uploads\/sites\/13\/2025\/04\/6970357850884-1.jpg\",\"datePublished\":\"2021-10-03T07:54:52+00:00\",\"dateModified\":\"2026-04-29T05:40:15+00:00\",\"breadcrumb\":{\"@id\":\"https:\/\/koningdrone.be\/product\/insta360-one-x-bluetooth-controller\/#breadcrumb\"},\"inLanguage\":\"fr-BE\",\"potentialAction\":[{\"@type\":\"ReadAction\",\"target\":[\"https:\/\/koningdrone.be\/product\/insta360-one-x-bluetooth-controller\/\"]}]},{\"@type\":\"ImageObject\",\"inLanguage\":\"fr-BE\",\"@id\":\"https:\/\/koningdrone.be\/product\/insta360-one-x-bluetooth-controller\/#primaryimage\",\"url\":\"https:\/\/koningdrone.be\/wp-content\/uploads\/sites\/13\/2025\/04\/6970357850884-1.jpg\",\"contentUrl\":\"https:\/\/koningdrone.be\/wp-content\/uploads\/sites\/13\/2025\/04\/6970357850884-1.jpg\",\"width\":800,\"height\":800},{\"@type\":\"BreadcrumbList\",\"@id\":\"https:\/\/koningdrone.be\/product\/insta360-one-x-bluetooth-controller\/#breadcrumb\",\"itemListElement\":[{\"@type\":\"ListItem\",\"position\":1,\"name\":\"Home\",\"item\":\"https:\/\/koningdrone.be\/\"},{\"@type\":\"ListItem\",\"position\":2,\"name\":\"AVSS Parachute Recovery System for DJI Matrice 300\/350\",\"item\":\"https:\/\/koningdrone.be\/product\/avss-parachute-recovery-system-for-dji-matrice-300-350\/\"},{\"@type\":\"ListItem\",\"position\":3,\"name\":\"Alle afstandsbedieningen\",\"item\":\"https:\/\/koningdrone.be\/categorie\/alle-afstandsbedieningen\/\"},{\"@type\":\"ListItem\",\"position\":4,\"name\":\"INSTA360 ONE X Bluetooth Controller\"}]},{\"@type\":\"WebSite\",\"@id\":\"https:\/\/koningdrone.be\/#website\",\"url\":\"https:\/\/koningdrone.be\/\",\"name\":\"Koningdrone.be - Uw online specialist in drones, gimbals, camera's en power stations.\",\"description\":\"De webshop in drones en gimbals\",\"publisher\":{\"@id\":\"https:\/\/koningdrone.be\/#organization\"},\"potentialAction\":[{\"@type\":\"SearchAction\",\"target\":{\"@type\":\"EntryPoint\",\"urlTemplate\":\"https:\/\/koningdrone.be\/?s={search_term_string}\"},\"query-input\":{\"@type\":\"PropertyValueSpecification\",\"valueRequired\":true,\"valueName\":\"search_term_string\"}}],\"inLanguage\":\"fr-BE\"},{\"@type\":\"Organization\",\"@id\":\"https:\/\/koningdrone.be\/#organization\",\"name\":\"Koningdrone.be\",\"url\":\"https:\/\/koningdrone.be\/\",\"logo\":{\"@type\":\"ImageObject\",\"inLanguage\":\"fr-BE\",\"@id\":\"https:\/\/koningdrone.be\/#\/schema\/logo\/image\/\",\"url\":\"https:\/\/koningdrone.be\/wp-content\/uploads\/sites\/13\/2025\/04\/koningdrone-copyright-logo.svg\",\"contentUrl\":\"https:\/\/koningdrone.be\/wp-content\/uploads\/sites\/13\/2025\/04\/koningdrone-copyright-logo.svg\",\"width\":227,\"height\":38,\"caption\":\"Koningdrone.be\"},\"image\":{\"@id\":\"https:\/\/koningdrone.be\/#\/schema\/logo\/image\/\"}}]}<\/script>\n<!-- \/ Yoast SEO Premium plugin. -->","yoast_head_json":{"title":"INSTA360 ONE X Bluetooth Controller - koningdrone.be","robots":{"index":"index","follow":"follow","max-snippet":"max-snippet:-1","max-image-preview":"max-image-preview:large","max-video-preview":"max-video-preview:-1"},"canonical":"https:\/\/koningdrone.be\/fr\/produit\/insta360-one-x-bluetooth-controller\/","og_locale":"fr_FR","og_type":"article","og_title":"INSTA360 ONE X Bluetooth Controller","og_description":"Afmetingen - 8,1 x 3,4 x 1,7 cmMaximale overdrachtsafstand - Bluetooth: 33' \/ 10 mGeschikt voor netwerk - Bluetooth, GPSBatterij - 3,3 V, 800 mAh lithium-ionOplaadtijd: 2 uur (ongeveer)Gebruikstijd: 24 uur (ongeveer)Connector - Micro-USBMateriaal van constructie - kunststofKleur - ZwartCompatibiliteit - Insta360 OneXGewicht - 40 g","og_url":"https:\/\/koningdrone.be\/fr\/produit\/insta360-one-x-bluetooth-controller\/","og_site_name":"koningdrone.be","article_modified_time":"2026-04-29T05:40:15+00:00","og_image":[{"width":800,"height":800,"url":"https:\/\/koningdrone.be\/wp-content\/uploads\/sites\/13\/2025\/04\/6970357850884-1.jpg","type":"image\/jpeg"}],"twitter_card":"summary_large_image","schema":{"@context":"https:\/\/schema.org","@graph":[{"@type":"WebPage","@id":"https:\/\/koningdrone.be\/product\/insta360-one-x-bluetooth-controller\/","url":"https:\/\/koningdrone.be\/product\/insta360-one-x-bluetooth-controller\/","name":"INSTA360 ONE X Bluetooth Controller - koningdrone.be","isPartOf":{"@id":"https:\/\/koningdrone.be\/#website"},"primaryImageOfPage":{"@id":"https:\/\/koningdrone.be\/product\/insta360-one-x-bluetooth-controller\/#primaryimage"},"image":{"@id":"https:\/\/koningdrone.be\/product\/insta360-one-x-bluetooth-controller\/#primaryimage"},"thumbnailUrl":"https:\/\/koningdrone.be\/wp-content\/uploads\/sites\/13\/2025\/04\/6970357850884-1.jpg","datePublished":"2021-10-03T07:54:52+00:00","dateModified":"2026-04-29T05:40:15+00:00","breadcrumb":{"@id":"https:\/\/koningdrone.be\/product\/insta360-one-x-bluetooth-controller\/#breadcrumb"},"inLanguage":"fr-BE","potentialAction":[{"@type":"ReadAction","target":["https:\/\/koningdrone.be\/product\/insta360-one-x-bluetooth-controller\/"]}]},{"@type":"ImageObject","inLanguage":"fr-BE","@id":"https:\/\/koningdrone.be\/product\/insta360-one-x-bluetooth-controller\/#primaryimage","url":"https:\/\/koningdrone.be\/wp-content\/uploads\/sites\/13\/2025\/04\/6970357850884-1.jpg","contentUrl":"https:\/\/koningdrone.be\/wp-content\/uploads\/sites\/13\/2025\/04\/6970357850884-1.jpg","width":800,"height":800},{"@type":"BreadcrumbList","@id":"https:\/\/koningdrone.be\/product\/insta360-one-x-bluetooth-controller\/#breadcrumb","itemListElement":[{"@type":"ListItem","position":1,"name":"Home","item":"https:\/\/koningdrone.be\/"},{"@type":"ListItem","position":2,"name":"AVSS Parachute Recovery System for DJI Matrice 300\/350","item":"https:\/\/koningdrone.be\/product\/avss-parachute-recovery-system-for-dji-matrice-300-350\/"},{"@type":"ListItem","position":3,"name":"Alle afstandsbedieningen","item":"https:\/\/koningdrone.be\/categorie\/alle-afstandsbedieningen\/"},{"@type":"ListItem","position":4,"name":"INSTA360 ONE X Bluetooth Controller"}]},{"@type":"WebSite","@id":"https:\/\/koningdrone.be\/#website","url":"https:\/\/koningdrone.be\/","name":"Koningdrone.be - Votre sp\u00e9cialiste en ligne en mati\u00e8re de drones, de cardans, de cam\u00e9ras et de centrales \u00e9lectriques.","description":"La boutique en ligne de drones et de cardans","publisher":{"@id":"https:\/\/koningdrone.be\/#organization"},"potentialAction":[{"@type":"SearchAction","target":{"@type":"EntryPoint","urlTemplate":"https:\/\/koningdrone.be\/?s={search_term_string}"},"query-input":{"@type":"PropertyValueSpecification","valueRequired":true,"valueName":"search_term_string"}}],"inLanguage":"fr-BE"},{"@type":"Organization","@id":"https:\/\/koningdrone.be\/#organization","name":"Kingdrone.co.uk","url":"https:\/\/koningdrone.be\/","logo":{"@type":"ImageObject","inLanguage":"fr-BE","@id":"https:\/\/koningdrone.be\/#\/schema\/logo\/image\/","url":"https:\/\/koningdrone.be\/wp-content\/uploads\/sites\/13\/2025\/04\/koningdrone-copyright-logo.svg","contentUrl":"https:\/\/koningdrone.be\/wp-content\/uploads\/sites\/13\/2025\/04\/koningdrone-copyright-logo.svg","width":227,"height":38,"caption":"Koningdrone.be"},"image":{"@id":"https:\/\/koningdrone.be\/#\/schema\/logo\/image\/"}}]}},"df_price":"","df_sale_price":"","df_regular_price":"","df_image_link":"https:\/\/koningdrone.be\/wp-content\/uploads\/sites\/13\/2025\/04\/6970357850884-1-300x300.jpg","_links":{"self":[{"href":"https:\/\/koningdrone.be\/fr\/wp-json\/wp\/v2\/product\/6387","targetHints":{"allow":["GET"]}}],"collection":[{"href":"https:\/\/koningdrone.be\/fr\/wp-json\/wp\/v2\/product"}],"about":[{"href":"https:\/\/koningdrone.be\/fr\/wp-json\/wp\/v2\/types\/product"}],"wp:featuredmedia":[{"embeddable":true,"href":"https:\/\/koningdrone.be\/fr\/wp-json\/wp\/v2\/media\/6384"}],"wp:attachment":[{"href":"https:\/\/koningdrone.be\/fr\/wp-json\/wp\/v2\/media?parent=6387"}],"wp:term":[{"taxonomy":"product_brand","embeddable":true,"href":"https:\/\/koningdrone.be\/fr\/wp-json\/wp\/v2\/product_brand?post=6387"},{"taxonomy":"product_cat","embeddable":true,"href":"https:\/\/koningdrone.be\/fr\/wp-json\/wp\/v2\/product_cat?post=6387"},{"taxonomy":"product_tag","embeddable":true,"href":"https:\/\/koningdrone.be\/fr\/wp-json\/wp\/v2\/product_tag?post=6387"}],"curies":[{"name":"wp","href":"https:\/\/api.w.org\/{rel}","templated":true}]}}