{"id":6324,"date":"2021-10-03T09:57:39","date_gmt":"2021-10-03T07:57:39","guid":{"rendered":"https:\/\/koningdrone.nl\/kon\/product\/fl48-flashing-lights\/"},"modified":"2026-04-29T08:20:54","modified_gmt":"2026-04-29T06:20:54","slug":"fl48-flashing-lights","status":"publish","type":"product","link":"https:\/\/koningdrone.be\/fr\/produit\/fl48-flashing-lights\/","title":{"rendered":"Fl48 Feux clignotants"},"content":{"rendered":"<h1>Fl48 Feux clignotants<\/h1>\n<p>Le gyrophare FL48 ajoute une fonction de clignotement rouge et bleu ou bleu unique qui se transforme en gyrophare pour drone, ce qui ajoute un logo distinctif au drone de la police et am\u00e9liore le taux d'identification du drone de la police. Le FL48 s'applique \u00e0 de nombreux sc\u00e9narios, tels que la s\u00e9curit\u00e9 et les interventions d'urgence. Dans le cadre de l'application de la loi et des interventions d'urgence par drone, le FL48 peut jouer un r\u00f4le dissuasif important et fournir une identification aux services d'urgence afin de faciliter la mise en \u0153uvre efficace des op\u00e9rations de sauvetage.<\/p>","protected":false},"excerpt":{"rendered":"<ul>\n<li>Marquage clair<\/li>\n<li>Fonctionnement pratique<\/li>\n<li>Fonctionnement simple<\/li>\n<li>Alimentation flexible<\/li>\n<\/ul>","protected":false},"featured_media":0,"template":"","meta":{"_acf_changed":false},"product_brand":[],"product_cat":[756,97],"product_tag":[],"class_list":{"0":"post-6324","1":"product","2":"type-product","3":"status-publish","5":"product_cat-accessoires","6":"product_cat-alle-producten","7":"product_shipping_class-outofstock","8":"pa_productfamily-fl48","9":"pa_producttype-lights","10":"pa_series-fl48","12":"first","13":"outofstock","14":"taxable","15":"shipping-taxable","16":"product-type-simple"},"acf":[],"yoast_head":"<!-- This site is optimized with the Yoast SEO Premium plugin v27.2 (Yoast SEO v27.2) - https:\/\/yoast.com\/product\/yoast-seo-premium-wordpress\/ -->\n<title>Fl48 Flashing Lights - koningdrone.be<\/title>\n<meta name=\"robots\" content=\"index, follow, max-snippet:-1, max-image-preview:large, max-video-preview:-1\" \/>\n<link rel=\"canonical\" href=\"https:\/\/koningdrone.be\/fr\/produit\/fl48-flashing-lights\/\" \/>\n<meta property=\"og:locale\" content=\"fr_FR\" \/>\n<meta property=\"og:type\" content=\"article\" \/>\n<meta property=\"og:title\" content=\"Fl48 Flashing Lights\" \/>\n<meta property=\"og:description\" content=\"Duidelijk markerenHandige bedieningEenvoudige bedieningFlexibele voeding\" \/>\n<meta property=\"og:url\" content=\"https:\/\/koningdrone.be\/fr\/produit\/fl48-flashing-lights\/\" \/>\n<meta property=\"og:site_name\" content=\"koningdrone.be\" \/>\n<meta property=\"article:modified_time\" content=\"2026-04-29T06:20:54+00:00\" \/>\n<meta name=\"twitter:card\" content=\"summary_large_image\" \/>\n<script type=\"application\/ld+json\" class=\"yoast-schema-graph\">{\"@context\":\"https:\/\/schema.org\",\"@graph\":[{\"@type\":\"WebPage\",\"@id\":\"https:\/\/koningdrone.be\/product\/fl48-flashing-lights\/\",\"url\":\"https:\/\/koningdrone.be\/product\/fl48-flashing-lights\/\",\"name\":\"Fl48 Flashing Lights - koningdrone.be\",\"isPartOf\":{\"@id\":\"https:\/\/koningdrone.be\/#website\"},\"datePublished\":\"2021-10-03T07:57:39+00:00\",\"dateModified\":\"2026-04-29T06:20:54+00:00\",\"breadcrumb\":{\"@id\":\"https:\/\/koningdrone.be\/product\/fl48-flashing-lights\/#breadcrumb\"},\"inLanguage\":\"fr-BE\",\"potentialAction\":[{\"@type\":\"ReadAction\",\"target\":[\"https:\/\/koningdrone.be\/product\/fl48-flashing-lights\/\"]}]},{\"@type\":\"BreadcrumbList\",\"@id\":\"https:\/\/koningdrone.be\/product\/fl48-flashing-lights\/#breadcrumb\",\"itemListElement\":[{\"@type\":\"ListItem\",\"position\":1,\"name\":\"Home\",\"item\":\"https:\/\/koningdrone.be\/\"},{\"@type\":\"ListItem\",\"position\":2,\"name\":\"AVSS Parachute Recovery System for DJI Matrice 300\/350\",\"item\":\"https:\/\/koningdrone.be\/product\/avss-parachute-recovery-system-for-dji-matrice-300-350\/\"},{\"@type\":\"ListItem\",\"position\":3,\"name\":\"Accessoires\",\"item\":\"https:\/\/koningdrone.be\/categorie\/accessoires\/\"},{\"@type\":\"ListItem\",\"position\":4,\"name\":\"Fl48 Flashing Lights\"}]},{\"@type\":\"WebSite\",\"@id\":\"https:\/\/koningdrone.be\/#website\",\"url\":\"https:\/\/koningdrone.be\/\",\"name\":\"Koningdrone.be - Uw online specialist in drones, gimbals, camera's en power stations.\",\"description\":\"De webshop in drones en gimbals\",\"publisher\":{\"@id\":\"https:\/\/koningdrone.be\/#organization\"},\"potentialAction\":[{\"@type\":\"SearchAction\",\"target\":{\"@type\":\"EntryPoint\",\"urlTemplate\":\"https:\/\/koningdrone.be\/?s={search_term_string}\"},\"query-input\":{\"@type\":\"PropertyValueSpecification\",\"valueRequired\":true,\"valueName\":\"search_term_string\"}}],\"inLanguage\":\"fr-BE\"},{\"@type\":\"Organization\",\"@id\":\"https:\/\/koningdrone.be\/#organization\",\"name\":\"Koningdrone.be\",\"url\":\"https:\/\/koningdrone.be\/\",\"logo\":{\"@type\":\"ImageObject\",\"inLanguage\":\"fr-BE\",\"@id\":\"https:\/\/koningdrone.be\/#\/schema\/logo\/image\/\",\"url\":\"https:\/\/koningdrone.be\/wp-content\/uploads\/sites\/13\/2025\/04\/koningdrone-copyright-logo.svg\",\"contentUrl\":\"https:\/\/koningdrone.be\/wp-content\/uploads\/sites\/13\/2025\/04\/koningdrone-copyright-logo.svg\",\"width\":227,\"height\":38,\"caption\":\"Koningdrone.be\"},\"image\":{\"@id\":\"https:\/\/koningdrone.be\/#\/schema\/logo\/image\/\"}}]}<\/script>\n<!-- \/ Yoast SEO Premium plugin. -->","yoast_head_json":{"title":"Fl48 Flashing Lights - koningdrone.be","robots":{"index":"index","follow":"follow","max-snippet":"max-snippet:-1","max-image-preview":"max-image-preview:large","max-video-preview":"max-video-preview:-1"},"canonical":"https:\/\/koningdrone.be\/fr\/produit\/fl48-flashing-lights\/","og_locale":"fr_FR","og_type":"article","og_title":"Fl48 Flashing Lights","og_description":"Duidelijk markerenHandige bedieningEenvoudige bedieningFlexibele voeding","og_url":"https:\/\/koningdrone.be\/fr\/produit\/fl48-flashing-lights\/","og_site_name":"koningdrone.be","article_modified_time":"2026-04-29T06:20:54+00:00","twitter_card":"summary_large_image","schema":{"@context":"https:\/\/schema.org","@graph":[{"@type":"WebPage","@id":"https:\/\/koningdrone.be\/product\/fl48-flashing-lights\/","url":"https:\/\/koningdrone.be\/product\/fl48-flashing-lights\/","name":"Fl48 Flashing Lights - koningdrone.be","isPartOf":{"@id":"https:\/\/koningdrone.be\/#website"},"datePublished":"2021-10-03T07:57:39+00:00","dateModified":"2026-04-29T06:20:54+00:00","breadcrumb":{"@id":"https:\/\/koningdrone.be\/product\/fl48-flashing-lights\/#breadcrumb"},"inLanguage":"fr-BE","potentialAction":[{"@type":"ReadAction","target":["https:\/\/koningdrone.be\/product\/fl48-flashing-lights\/"]}]},{"@type":"BreadcrumbList","@id":"https:\/\/koningdrone.be\/product\/fl48-flashing-lights\/#breadcrumb","itemListElement":[{"@type":"ListItem","position":1,"name":"Home","item":"https:\/\/koningdrone.be\/"},{"@type":"ListItem","position":2,"name":"AVSS Parachute Recovery System for DJI Matrice 300\/350","item":"https:\/\/koningdrone.be\/product\/avss-parachute-recovery-system-for-dji-matrice-300-350\/"},{"@type":"ListItem","position":3,"name":"Accessoires","item":"https:\/\/koningdrone.be\/categorie\/accessoires\/"},{"@type":"ListItem","position":4,"name":"Fl48 Flashing Lights"}]},{"@type":"WebSite","@id":"https:\/\/koningdrone.be\/#website","url":"https:\/\/koningdrone.be\/","name":"Koningdrone.be - Votre sp\u00e9cialiste en ligne en mati\u00e8re de drones, de cardans, de cam\u00e9ras et de centrales \u00e9lectriques.","description":"La boutique en ligne de drones et de cardans","publisher":{"@id":"https:\/\/koningdrone.be\/#organization"},"potentialAction":[{"@type":"SearchAction","target":{"@type":"EntryPoint","urlTemplate":"https:\/\/koningdrone.be\/?s={search_term_string}"},"query-input":{"@type":"PropertyValueSpecification","valueRequired":true,"valueName":"search_term_string"}}],"inLanguage":"fr-BE"},{"@type":"Organization","@id":"https:\/\/koningdrone.be\/#organization","name":"Kingdrone.co.uk","url":"https:\/\/koningdrone.be\/","logo":{"@type":"ImageObject","inLanguage":"fr-BE","@id":"https:\/\/koningdrone.be\/#\/schema\/logo\/image\/","url":"https:\/\/koningdrone.be\/wp-content\/uploads\/sites\/13\/2025\/04\/koningdrone-copyright-logo.svg","contentUrl":"https:\/\/koningdrone.be\/wp-content\/uploads\/sites\/13\/2025\/04\/koningdrone-copyright-logo.svg","width":227,"height":38,"caption":"Koningdrone.be"},"image":{"@id":"https:\/\/koningdrone.be\/#\/schema\/logo\/image\/"}}]}},"df_price":"","df_sale_price":"","df_regular_price":"","df_image_link":"https:\/\/koningdrone.be\/wp-content\/uploads\/sites\/13\/woocommerce-placeholder-300x300.png","_links":{"self":[{"href":"https:\/\/koningdrone.be\/fr\/wp-json\/wp\/v2\/product\/6324","targetHints":{"allow":["GET"]}}],"collection":[{"href":"https:\/\/koningdrone.be\/fr\/wp-json\/wp\/v2\/product"}],"about":[{"href":"https:\/\/koningdrone.be\/fr\/wp-json\/wp\/v2\/types\/product"}],"wp:attachment":[{"href":"https:\/\/koningdrone.be\/fr\/wp-json\/wp\/v2\/media?parent=6324"}],"wp:term":[{"taxonomy":"product_brand","embeddable":true,"href":"https:\/\/koningdrone.be\/fr\/wp-json\/wp\/v2\/product_brand?post=6324"},{"taxonomy":"product_cat","embeddable":true,"href":"https:\/\/koningdrone.be\/fr\/wp-json\/wp\/v2\/product_cat?post=6324"},{"taxonomy":"product_tag","embeddable":true,"href":"https:\/\/koningdrone.be\/fr\/wp-json\/wp\/v2\/product_tag?post=6324"}],"curies":[{"name":"wp","href":"https:\/\/api.w.org\/{rel}","templated":true}]}}