{"id":6298,"date":"2021-10-03T09:59:09","date_gmt":"2021-10-03T07:59:09","guid":{"rendered":"https:\/\/koningdrone.nl\/kon\/product\/dji-mini-2-care-refresh\/"},"modified":"2026-04-29T10:11:06","modified_gmt":"2026-04-29T08:11:06","slug":"dji-mini-2-care-refresh","status":"publish","type":"product","link":"https:\/\/koningdrone.be\/fr\/produit\/dji-mini-2-care-refresh\/","title":{"rendered":"Rafra\u00eechissement de l'entretien du DJI Mini 2"},"content":{"rendered":"<h1>Rafra\u00eechissement de l'entretien du DJI Mini 2<\/h1>\n<p>Offre deux unit\u00e9s de remplacement pour un faible co\u00fbt suppl\u00e9mentaire en un an et couvre une large gamme d'accidents, vous offrant ainsi une plus grande tranquillit\u00e9 d'esprit.<br \/>Deux unit\u00e9s de remplacement :<br \/>Pour un co\u00fbt suppl\u00e9mentaire minime, DJI Care Refresh (1 an) offre jusqu'\u00e0 deux unit\u00e9s de remplacement en l'espace d'un an. Toutes les unit\u00e9s de remplacement r\u00e9pondent aux normes de performance et de fiabilit\u00e9 de DJI.<br \/>DJI Care Refresh et le produit associ\u00e9 doivent \u00eatre achet\u00e9s dans le m\u00eame pays ou la m\u00eame r\u00e9gion. DJI Care Refresh ne prend en charge que les produits achet\u00e9s par l'interm\u00e9diaire de canaux officiels ou agr\u00e9\u00e9s, et ses avantages ne sont valables que dans la r\u00e9gion o\u00f9 le produit a \u00e9t\u00e9 achet\u00e9.<br \/>Chaque fois que vous demandez un remplacement, vous recevrez un appareil neuf ou \u00e9quivalent \u00e0 un appareil neuf en termes de performances et de fiabilit\u00e9.<br \/>Remarque : DJI Care Refresh ne peut \u00eatre achet\u00e9\/activ\u00e9 qu'avec un appareil nouvellement achet\u00e9 ou dans les 48 heures suivant la premi\u00e8re mise sous tension.<\/p>","protected":false},"excerpt":{"rendered":"<ul>\n<li>Offre deux unit\u00e9s de remplacement pour un faible co\u00fbt suppl\u00e9mentaire au cours d'une ann\u00e9e<\/li>\n<li>Couvre un large \u00e9ventail d'accidents, pour une plus grande tranquillit\u00e9 d'esprit<\/li>\n<\/ul>","protected":false},"featured_media":6297,"template":"","meta":{"_acf_changed":false},"product_brand":[],"product_cat":[175,97,871,611],"product_tag":[],"class_list":{"0":"post-6298","1":"product","2":"type-product","3":"status-publish","4":"has-post-thumbnail","6":"product_cat-alle-care-refresh","7":"product_cat-alle-producten","8":"product_cat-dji-mavic","9":"product_cat-dji-mini-2","10":"product_shipping_class-outofstock","11":"pa_brand-dji","12":"pa_productfamily-care-refresh","13":"pa_producttype-care-refresh","14":"pa_series-mini-2","16":"first","17":"outofstock","18":"taxable","19":"shipping-taxable","20":"product-type-simple"},"acf":[],"yoast_head":"<!-- This site is optimized with the Yoast SEO Premium plugin v27.2 (Yoast SEO v27.2) - https:\/\/yoast.com\/product\/yoast-seo-premium-wordpress\/ -->\n<title>DJI Mini 2 Care Refresh - koningdrone.be<\/title>\n<meta name=\"robots\" content=\"index, follow, max-snippet:-1, max-image-preview:large, max-video-preview:-1\" \/>\n<link rel=\"canonical\" href=\"https:\/\/koningdrone.be\/fr\/produit\/dji-mini-2-care-refresh\/\" \/>\n<meta property=\"og:locale\" content=\"fr_FR\" \/>\n<meta property=\"og:type\" content=\"article\" \/>\n<meta property=\"og:title\" content=\"DJI Mini 2 Care Refresh\" \/>\n<meta property=\"og:description\" content=\"Biedt twee vervangende eenheden voor een kleine meerprijs in \u00e9\u00e9n jaarDekt een breed scala aan ongevallen, waardoor u meer gemoedsrust hebt\" \/>\n<meta property=\"og:url\" content=\"https:\/\/koningdrone.be\/fr\/produit\/dji-mini-2-care-refresh\/\" \/>\n<meta property=\"og:site_name\" content=\"koningdrone.be\" \/>\n<meta property=\"article:modified_time\" content=\"2026-04-29T08:11:06+00:00\" \/>\n<meta property=\"og:image\" content=\"https:\/\/koningdrone.be\/wp-content\/uploads\/sites\/13\/2025\/04\/6941565904737.jpg\" \/>\n\t<meta property=\"og:image:width\" content=\"800\" \/>\n\t<meta property=\"og:image:height\" content=\"800\" \/>\n\t<meta property=\"og:image:type\" content=\"image\/jpeg\" \/>\n<meta name=\"twitter:card\" content=\"summary_large_image\" \/>\n<meta name=\"twitter:label1\" content=\"Dur\u00e9e de lecture est.\" \/>\n\t<meta name=\"twitter:data1\" content=\"1 minute\" \/>\n<script type=\"application\/ld+json\" class=\"yoast-schema-graph\">{\"@context\":\"https:\/\/schema.org\",\"@graph\":[{\"@type\":\"WebPage\",\"@id\":\"https:\/\/koningdrone.be\/product\/dji-mini-2-care-refresh\/\",\"url\":\"https:\/\/koningdrone.be\/product\/dji-mini-2-care-refresh\/\",\"name\":\"DJI Mini 2 Care Refresh - koningdrone.be\",\"isPartOf\":{\"@id\":\"https:\/\/koningdrone.be\/#website\"},\"primaryImageOfPage\":{\"@id\":\"https:\/\/koningdrone.be\/product\/dji-mini-2-care-refresh\/#primaryimage\"},\"image\":{\"@id\":\"https:\/\/koningdrone.be\/product\/dji-mini-2-care-refresh\/#primaryimage\"},\"thumbnailUrl\":\"https:\/\/koningdrone.be\/wp-content\/uploads\/sites\/13\/2025\/04\/6941565904737.jpg\",\"datePublished\":\"2021-10-03T07:59:09+00:00\",\"dateModified\":\"2026-04-29T08:11:06+00:00\",\"breadcrumb\":{\"@id\":\"https:\/\/koningdrone.be\/product\/dji-mini-2-care-refresh\/#breadcrumb\"},\"inLanguage\":\"fr-BE\",\"potentialAction\":[{\"@type\":\"ReadAction\",\"target\":[\"https:\/\/koningdrone.be\/product\/dji-mini-2-care-refresh\/\"]}]},{\"@type\":\"ImageObject\",\"inLanguage\":\"fr-BE\",\"@id\":\"https:\/\/koningdrone.be\/product\/dji-mini-2-care-refresh\/#primaryimage\",\"url\":\"https:\/\/koningdrone.be\/wp-content\/uploads\/sites\/13\/2025\/04\/6941565904737.jpg\",\"contentUrl\":\"https:\/\/koningdrone.be\/wp-content\/uploads\/sites\/13\/2025\/04\/6941565904737.jpg\",\"width\":800,\"height\":800},{\"@type\":\"BreadcrumbList\",\"@id\":\"https:\/\/koningdrone.be\/product\/dji-mini-2-care-refresh\/#breadcrumb\",\"itemListElement\":[{\"@type\":\"ListItem\",\"position\":1,\"name\":\"Home\",\"item\":\"https:\/\/koningdrone.be\/\"},{\"@type\":\"ListItem\",\"position\":2,\"name\":\"AVSS Parachute Recovery System for DJI Matrice 300\/350\",\"item\":\"https:\/\/koningdrone.be\/product\/avss-parachute-recovery-system-for-dji-matrice-300-350\/\"},{\"@type\":\"ListItem\",\"position\":3,\"name\":\"Alle care refresh\",\"item\":\"https:\/\/koningdrone.be\/categorie\/alle-care-refresh\/\"},{\"@type\":\"ListItem\",\"position\":4,\"name\":\"DJI Mini 2 Care Refresh\"}]},{\"@type\":\"WebSite\",\"@id\":\"https:\/\/koningdrone.be\/#website\",\"url\":\"https:\/\/koningdrone.be\/\",\"name\":\"Koningdrone.be - Uw online specialist in drones, gimbals, camera's en power stations.\",\"description\":\"De webshop in drones en gimbals\",\"publisher\":{\"@id\":\"https:\/\/koningdrone.be\/#organization\"},\"potentialAction\":[{\"@type\":\"SearchAction\",\"target\":{\"@type\":\"EntryPoint\",\"urlTemplate\":\"https:\/\/koningdrone.be\/?s={search_term_string}\"},\"query-input\":{\"@type\":\"PropertyValueSpecification\",\"valueRequired\":true,\"valueName\":\"search_term_string\"}}],\"inLanguage\":\"fr-BE\"},{\"@type\":\"Organization\",\"@id\":\"https:\/\/koningdrone.be\/#organization\",\"name\":\"Koningdrone.be\",\"url\":\"https:\/\/koningdrone.be\/\",\"logo\":{\"@type\":\"ImageObject\",\"inLanguage\":\"fr-BE\",\"@id\":\"https:\/\/koningdrone.be\/#\/schema\/logo\/image\/\",\"url\":\"https:\/\/koningdrone.be\/wp-content\/uploads\/sites\/13\/2025\/04\/koningdrone-copyright-logo.svg\",\"contentUrl\":\"https:\/\/koningdrone.be\/wp-content\/uploads\/sites\/13\/2025\/04\/koningdrone-copyright-logo.svg\",\"width\":227,\"height\":38,\"caption\":\"Koningdrone.be\"},\"image\":{\"@id\":\"https:\/\/koningdrone.be\/#\/schema\/logo\/image\/\"}}]}<\/script>\n<!-- \/ Yoast SEO Premium plugin. -->","yoast_head_json":{"title":"DJI Mini 2 Care Refresh - koningdrone.be","robots":{"index":"index","follow":"follow","max-snippet":"max-snippet:-1","max-image-preview":"max-image-preview:large","max-video-preview":"max-video-preview:-1"},"canonical":"https:\/\/koningdrone.be\/fr\/produit\/dji-mini-2-care-refresh\/","og_locale":"fr_FR","og_type":"article","og_title":"DJI Mini 2 Care Refresh","og_description":"Biedt twee vervangende eenheden voor een kleine meerprijs in \u00e9\u00e9n jaarDekt een breed scala aan ongevallen, waardoor u meer gemoedsrust hebt","og_url":"https:\/\/koningdrone.be\/fr\/produit\/dji-mini-2-care-refresh\/","og_site_name":"koningdrone.be","article_modified_time":"2026-04-29T08:11:06+00:00","og_image":[{"width":800,"height":800,"url":"https:\/\/koningdrone.be\/wp-content\/uploads\/sites\/13\/2025\/04\/6941565904737.jpg","type":"image\/jpeg"}],"twitter_card":"summary_large_image","twitter_misc":{"Dur\u00e9e de lecture est.":"1 minute"},"schema":{"@context":"https:\/\/schema.org","@graph":[{"@type":"WebPage","@id":"https:\/\/koningdrone.be\/product\/dji-mini-2-care-refresh\/","url":"https:\/\/koningdrone.be\/product\/dji-mini-2-care-refresh\/","name":"DJI Mini 2 Care Refresh - koningdrone.be","isPartOf":{"@id":"https:\/\/koningdrone.be\/#website"},"primaryImageOfPage":{"@id":"https:\/\/koningdrone.be\/product\/dji-mini-2-care-refresh\/#primaryimage"},"image":{"@id":"https:\/\/koningdrone.be\/product\/dji-mini-2-care-refresh\/#primaryimage"},"thumbnailUrl":"https:\/\/koningdrone.be\/wp-content\/uploads\/sites\/13\/2025\/04\/6941565904737.jpg","datePublished":"2021-10-03T07:59:09+00:00","dateModified":"2026-04-29T08:11:06+00:00","breadcrumb":{"@id":"https:\/\/koningdrone.be\/product\/dji-mini-2-care-refresh\/#breadcrumb"},"inLanguage":"fr-BE","potentialAction":[{"@type":"ReadAction","target":["https:\/\/koningdrone.be\/product\/dji-mini-2-care-refresh\/"]}]},{"@type":"ImageObject","inLanguage":"fr-BE","@id":"https:\/\/koningdrone.be\/product\/dji-mini-2-care-refresh\/#primaryimage","url":"https:\/\/koningdrone.be\/wp-content\/uploads\/sites\/13\/2025\/04\/6941565904737.jpg","contentUrl":"https:\/\/koningdrone.be\/wp-content\/uploads\/sites\/13\/2025\/04\/6941565904737.jpg","width":800,"height":800},{"@type":"BreadcrumbList","@id":"https:\/\/koningdrone.be\/product\/dji-mini-2-care-refresh\/#breadcrumb","itemListElement":[{"@type":"ListItem","position":1,"name":"Home","item":"https:\/\/koningdrone.be\/"},{"@type":"ListItem","position":2,"name":"AVSS Parachute Recovery System for DJI Matrice 300\/350","item":"https:\/\/koningdrone.be\/product\/avss-parachute-recovery-system-for-dji-matrice-300-350\/"},{"@type":"ListItem","position":3,"name":"Alle care refresh","item":"https:\/\/koningdrone.be\/categorie\/alle-care-refresh\/"},{"@type":"ListItem","position":4,"name":"DJI Mini 2 Care Refresh"}]},{"@type":"WebSite","@id":"https:\/\/koningdrone.be\/#website","url":"https:\/\/koningdrone.be\/","name":"Koningdrone.be - Votre sp\u00e9cialiste en ligne en mati\u00e8re de drones, de cardans, de cam\u00e9ras et de centrales \u00e9lectriques.","description":"La boutique en ligne de drones et de cardans","publisher":{"@id":"https:\/\/koningdrone.be\/#organization"},"potentialAction":[{"@type":"SearchAction","target":{"@type":"EntryPoint","urlTemplate":"https:\/\/koningdrone.be\/?s={search_term_string}"},"query-input":{"@type":"PropertyValueSpecification","valueRequired":true,"valueName":"search_term_string"}}],"inLanguage":"fr-BE"},{"@type":"Organization","@id":"https:\/\/koningdrone.be\/#organization","name":"Kingdrone.co.uk","url":"https:\/\/koningdrone.be\/","logo":{"@type":"ImageObject","inLanguage":"fr-BE","@id":"https:\/\/koningdrone.be\/#\/schema\/logo\/image\/","url":"https:\/\/koningdrone.be\/wp-content\/uploads\/sites\/13\/2025\/04\/koningdrone-copyright-logo.svg","contentUrl":"https:\/\/koningdrone.be\/wp-content\/uploads\/sites\/13\/2025\/04\/koningdrone-copyright-logo.svg","width":227,"height":38,"caption":"Koningdrone.be"},"image":{"@id":"https:\/\/koningdrone.be\/#\/schema\/logo\/image\/"}}]}},"df_price":"","df_sale_price":"","df_regular_price":"","df_image_link":"https:\/\/koningdrone.be\/wp-content\/uploads\/sites\/13\/2025\/04\/6941565904737-300x300.jpg","_links":{"self":[{"href":"https:\/\/koningdrone.be\/fr\/wp-json\/wp\/v2\/product\/6298","targetHints":{"allow":["GET"]}}],"collection":[{"href":"https:\/\/koningdrone.be\/fr\/wp-json\/wp\/v2\/product"}],"about":[{"href":"https:\/\/koningdrone.be\/fr\/wp-json\/wp\/v2\/types\/product"}],"wp:featuredmedia":[{"embeddable":true,"href":"https:\/\/koningdrone.be\/fr\/wp-json\/wp\/v2\/media\/6297"}],"wp:attachment":[{"href":"https:\/\/koningdrone.be\/fr\/wp-json\/wp\/v2\/media?parent=6298"}],"wp:term":[{"taxonomy":"product_brand","embeddable":true,"href":"https:\/\/koningdrone.be\/fr\/wp-json\/wp\/v2\/product_brand?post=6298"},{"taxonomy":"product_cat","embeddable":true,"href":"https:\/\/koningdrone.be\/fr\/wp-json\/wp\/v2\/product_cat?post=6298"},{"taxonomy":"product_tag","embeddable":true,"href":"https:\/\/koningdrone.be\/fr\/wp-json\/wp\/v2\/product_tag?post=6298"}],"curies":[{"name":"wp","href":"https:\/\/api.w.org\/{rel}","templated":true}]}}