{"id":6278,"date":"2021-10-03T09:59:29","date_gmt":"2021-10-03T07:59:29","guid":{"rendered":"https:\/\/koningdrone.nl\/kon\/product\/insta360-pro-2-0\/"},"modified":"2026-05-17T07:40:34","modified_gmt":"2026-05-17T05:40:34","slug":"insta360-pro-2-0","status":"publish","type":"product","link":"https:\/\/koningdrone.be\/fr\/produit\/insta360-pro-2-0\/","title":{"rendered":"INSTA360 Pro 2.0"},"content":{"rendered":"<h1>INSTA360 PRO 2.0<\/h1>\n<p>L'Insta360 Pro 2.0 est une mise \u00e0 jour de l'Insta360 Pro. Elle offre des photos 12K \u00e0 tr\u00e8s haute r\u00e9solution, une am\u00e9lioration consid\u00e9rable de la qualit\u00e9 de l'image, une courbe d'exposition r\u00e9glable, la diffusion en direct sur Facebook en 4K et bien d'autres fonctionnalit\u00e9s.<br \/><strong>COOP\u00c9RATION AVEC ADOBE SYSTEMS<\/strong><br \/>Une collaboration avec Adobe Systems permet de r\u00e9aliser tr\u00e8s facilement des montages vid\u00e9o \u00e0 360 degr\u00e9s dans les principaux programmes d'\u00e9dition et de montage vid\u00e9o.<br \/><strong>CHAQUE PERSPECTIVE EST CLAIREMENT PR\u00c9SENT\u00c9E<\/strong><br \/>Avec CrystalView, le film est transmis dans une seule sph\u00e8re sp\u00e9cialement segment\u00e9e. L'angle sous lequel vous regardez est automatiquement affich\u00e9. Si l'angle change, un ajustement est effectu\u00e9 en temps r\u00e9el.<br \/><strong>SON ORIGINAL<\/strong><br \/>Avec Insta360 Pro 2, les enregistrements VR peuvent \u00eatre rapidement convertis dans un format sp\u00e9cial qui peut \u00eatre lu sur tous les smartphones ou casques VR courants - et en qualit\u00e9 vid\u00e9o 8K.<br \/><strong>QUATRE MICROPHONES HAUTE PERFORMANCE<\/strong><br \/>Les quatre microphones sont \u00e9quip\u00e9s de points de montage sur mesure pour les outils audio 360\u00b0 de qualit\u00e9 industrielle et prennent en charge l'audio 360\u00b0.<\/p>","protected":false},"excerpt":{"rendered":"<ul>\n<li>Port\u00e9e sol-air jusqu'\u00e0 3 km<\/li>\n<li>Approximativement 300 m pour une mise \u00e0 la terre dans des conditions normales<\/li>\n<li>Modes vid\u00e9o 8K 3D 30FPS \/ 8K 2D 60FPS \/ 6K 3D 60FPS\/4K 3D 120FPS.<\/li>\n<li>Introduction d'un nouveau mode 3D 8K ; les autres modes doublent la fr\u00e9quence d'images du Pro 1<\/li>\n<li>Stabilisation FlowState gr\u00e2ce au gyroscope 9 axes int\u00e9gr\u00e9<\/li>\n<li>Options d'enregistrement flexibles (6 cartes MicroSD + 1 carte SD), pour un d\u00e9bit binaire et une qualit\u00e9 d'image optimaux<\/li>\n<li>Ports de connexion polyvalents pr\u00eats pour chaque prise de vue, chaque accessoire<\/li>\n<li> Module GPS int\u00e9gr\u00e9 + GPS sur le dessus et antennes WiFi pour am\u00e9liorer la force du signal<\/li>\n<li>Int\u00e9gration avec Adobe Premiere Pro.<\/li>\n<li>Enregistre un fichier proxy \u00e0 chaque prise de vue pour un montage rapide et efficace dans Premiere<\/li>\n<li>Mode RAW pour les photos<\/li>\n<\/ul>","protected":false},"featured_media":6274,"template":"","meta":{"_acf_changed":false},"product_brand":[],"product_cat":[97,343],"product_tag":[],"class_list":{"0":"post-6278","1":"product","2":"type-product","3":"status-publish","4":"has-post-thumbnail","6":"product_cat-alle-producten","7":"product_cat-insta360","8":"product_shipping_class-outofstock","9":"pa_brand-insta360","10":"pa_productfamily-camera","11":"pa_producttype-camera","12":"pa_series-insta360-go","14":"first","15":"outofstock","16":"taxable","17":"shipping-taxable","18":"product-type-simple"},"acf":[],"yoast_head":"<!-- This site is optimized with the Yoast SEO Premium plugin v27.2 (Yoast SEO v27.2) - https:\/\/yoast.com\/product\/yoast-seo-premium-wordpress\/ -->\n<title>INSTA360 Pro 2.0 - koningdrone.be<\/title>\n<meta name=\"robots\" content=\"index, follow, max-snippet:-1, max-image-preview:large, max-video-preview:-1\" \/>\n<link rel=\"canonical\" href=\"https:\/\/koningdrone.be\/fr\/produit\/insta360-pro-2-0\/\" \/>\n<meta property=\"og:locale\" content=\"fr_FR\" \/>\n<meta property=\"og:type\" content=\"article\" \/>\n<meta property=\"og:title\" content=\"INSTA360 Pro 2.0\" \/>\n<meta property=\"og:description\" content=\"Tot 3 km grond-tot-hemel bereikCa. 300 m voor grond tot grond onder normale omstandigheden8K 3D 30FPS \/ 8K 2D 60FPS \/ 6K 3D 60FPS\/4K 3D 120FPS videomodi.Introduceert nieuwe 8K 3D-modus; andere modi dubbele framerate van Pro 1FlowState-stabilisatie bereikt met ingebouwde 9-assige gyroFlexibele opname-opties (6 MicroSD-KAART + 1 SD-KAART), bereikt maximale bitrate en beeldkwaliteitVeelzijdige verbindingspoorten klaar voor elke opname, elk accessoire Ingebouwde GPS-module + GPS aan de bovenzijde en WiFi-antennes om de signaalsterkte te verbeterenIntegratie met Adobe Premiere Pro.Slaat proxy-bestand op bij elke opname die is gemaakt voor snelle, effici\u00ebnte bewerking in PremiereRAW-modus voor foto&#039;s\" \/>\n<meta property=\"og:url\" content=\"https:\/\/koningdrone.be\/fr\/produit\/insta360-pro-2-0\/\" \/>\n<meta property=\"og:site_name\" content=\"koningdrone.be\" \/>\n<meta property=\"article:modified_time\" content=\"2026-05-17T05:40:34+00:00\" \/>\n<meta property=\"og:image\" content=\"https:\/\/koningdrone.be\/wp-content\/uploads\/sites\/13\/2025\/04\/6970357850853-1.jpg\" \/>\n\t<meta property=\"og:image:width\" content=\"800\" \/>\n\t<meta property=\"og:image:height\" content=\"500\" \/>\n\t<meta property=\"og:image:type\" content=\"image\/jpeg\" \/>\n<meta name=\"twitter:card\" content=\"summary_large_image\" \/>\n<meta name=\"twitter:label1\" content=\"Dur\u00e9e de lecture est.\" \/>\n\t<meta name=\"twitter:data1\" content=\"1 minute\" \/>\n<script type=\"application\/ld+json\" class=\"yoast-schema-graph\">{\"@context\":\"https:\/\/schema.org\",\"@graph\":[{\"@type\":\"WebPage\",\"@id\":\"https:\/\/koningdrone.be\/product\/insta360-pro-2-0\/\",\"url\":\"https:\/\/koningdrone.be\/product\/insta360-pro-2-0\/\",\"name\":\"INSTA360 Pro 2.0 - koningdrone.be\",\"isPartOf\":{\"@id\":\"https:\/\/koningdrone.be\/#website\"},\"primaryImageOfPage\":{\"@id\":\"https:\/\/koningdrone.be\/product\/insta360-pro-2-0\/#primaryimage\"},\"image\":{\"@id\":\"https:\/\/koningdrone.be\/product\/insta360-pro-2-0\/#primaryimage\"},\"thumbnailUrl\":\"https:\/\/koningdrone.be\/wp-content\/uploads\/sites\/13\/2025\/04\/6970357850853-1.jpg\",\"datePublished\":\"2021-10-03T07:59:29+00:00\",\"dateModified\":\"2026-05-17T05:40:34+00:00\",\"breadcrumb\":{\"@id\":\"https:\/\/koningdrone.be\/product\/insta360-pro-2-0\/#breadcrumb\"},\"inLanguage\":\"fr-BE\",\"potentialAction\":[{\"@type\":\"ReadAction\",\"target\":[\"https:\/\/koningdrone.be\/product\/insta360-pro-2-0\/\"]}]},{\"@type\":\"ImageObject\",\"inLanguage\":\"fr-BE\",\"@id\":\"https:\/\/koningdrone.be\/product\/insta360-pro-2-0\/#primaryimage\",\"url\":\"https:\/\/koningdrone.be\/wp-content\/uploads\/sites\/13\/2025\/04\/6970357850853-1.jpg\",\"contentUrl\":\"https:\/\/koningdrone.be\/wp-content\/uploads\/sites\/13\/2025\/04\/6970357850853-1.jpg\",\"width\":800,\"height\":500},{\"@type\":\"BreadcrumbList\",\"@id\":\"https:\/\/koningdrone.be\/product\/insta360-pro-2-0\/#breadcrumb\",\"itemListElement\":[{\"@type\":\"ListItem\",\"position\":1,\"name\":\"Home\",\"item\":\"https:\/\/koningdrone.be\/\"},{\"@type\":\"ListItem\",\"position\":2,\"name\":\"AVSS Parachute Recovery System for DJI Matrice 300\/350\",\"item\":\"https:\/\/koningdrone.be\/product\/avss-parachute-recovery-system-for-dji-matrice-300-350\/\"},{\"@type\":\"ListItem\",\"position\":3,\"name\":\"Alle producten\",\"item\":\"https:\/\/koningdrone.be\/categorie\/alle-producten\/\"},{\"@type\":\"ListItem\",\"position\":4,\"name\":\"INSTA360 Pro 2.0\"}]},{\"@type\":\"WebSite\",\"@id\":\"https:\/\/koningdrone.be\/#website\",\"url\":\"https:\/\/koningdrone.be\/\",\"name\":\"Koningdrone.be - Uw online specialist in drones, gimbals, camera's en power stations.\",\"description\":\"De webshop in drones en gimbals\",\"publisher\":{\"@id\":\"https:\/\/koningdrone.be\/#organization\"},\"potentialAction\":[{\"@type\":\"SearchAction\",\"target\":{\"@type\":\"EntryPoint\",\"urlTemplate\":\"https:\/\/koningdrone.be\/?s={search_term_string}\"},\"query-input\":{\"@type\":\"PropertyValueSpecification\",\"valueRequired\":true,\"valueName\":\"search_term_string\"}}],\"inLanguage\":\"fr-BE\"},{\"@type\":\"Organization\",\"@id\":\"https:\/\/koningdrone.be\/#organization\",\"name\":\"Koningdrone.be\",\"url\":\"https:\/\/koningdrone.be\/\",\"logo\":{\"@type\":\"ImageObject\",\"inLanguage\":\"fr-BE\",\"@id\":\"https:\/\/koningdrone.be\/#\/schema\/logo\/image\/\",\"url\":\"https:\/\/koningdrone.be\/wp-content\/uploads\/sites\/13\/2025\/04\/koningdrone-copyright-logo.svg\",\"contentUrl\":\"https:\/\/koningdrone.be\/wp-content\/uploads\/sites\/13\/2025\/04\/koningdrone-copyright-logo.svg\",\"width\":227,\"height\":38,\"caption\":\"Koningdrone.be\"},\"image\":{\"@id\":\"https:\/\/koningdrone.be\/#\/schema\/logo\/image\/\"}}]}<\/script>\n<!-- \/ Yoast SEO Premium plugin. -->","yoast_head_json":{"title":"INSTA360 Pro 2.0 - koningdrone.be","robots":{"index":"index","follow":"follow","max-snippet":"max-snippet:-1","max-image-preview":"max-image-preview:large","max-video-preview":"max-video-preview:-1"},"canonical":"https:\/\/koningdrone.be\/fr\/produit\/insta360-pro-2-0\/","og_locale":"fr_FR","og_type":"article","og_title":"INSTA360 Pro 2.0","og_description":"Tot 3 km grond-tot-hemel bereikCa. 300 m voor grond tot grond onder normale omstandigheden8K 3D 30FPS \/ 8K 2D 60FPS \/ 6K 3D 60FPS\/4K 3D 120FPS videomodi.Introduceert nieuwe 8K 3D-modus; andere modi dubbele framerate van Pro 1FlowState-stabilisatie bereikt met ingebouwde 9-assige gyroFlexibele opname-opties (6 MicroSD-KAART + 1 SD-KAART), bereikt maximale bitrate en beeldkwaliteitVeelzijdige verbindingspoorten klaar voor elke opname, elk accessoire Ingebouwde GPS-module + GPS aan de bovenzijde en WiFi-antennes om de signaalsterkte te verbeterenIntegratie met Adobe Premiere Pro.Slaat proxy-bestand op bij elke opname die is gemaakt voor snelle, effici\u00ebnte bewerking in PremiereRAW-modus voor foto's","og_url":"https:\/\/koningdrone.be\/fr\/produit\/insta360-pro-2-0\/","og_site_name":"koningdrone.be","article_modified_time":"2026-05-17T05:40:34+00:00","og_image":[{"width":800,"height":500,"url":"https:\/\/koningdrone.be\/wp-content\/uploads\/sites\/13\/2025\/04\/6970357850853-1.jpg","type":"image\/jpeg"}],"twitter_card":"summary_large_image","twitter_misc":{"Dur\u00e9e de lecture est.":"1 minute"},"schema":{"@context":"https:\/\/schema.org","@graph":[{"@type":"WebPage","@id":"https:\/\/koningdrone.be\/product\/insta360-pro-2-0\/","url":"https:\/\/koningdrone.be\/product\/insta360-pro-2-0\/","name":"INSTA360 Pro 2.0 - koningdrone.be","isPartOf":{"@id":"https:\/\/koningdrone.be\/#website"},"primaryImageOfPage":{"@id":"https:\/\/koningdrone.be\/product\/insta360-pro-2-0\/#primaryimage"},"image":{"@id":"https:\/\/koningdrone.be\/product\/insta360-pro-2-0\/#primaryimage"},"thumbnailUrl":"https:\/\/koningdrone.be\/wp-content\/uploads\/sites\/13\/2025\/04\/6970357850853-1.jpg","datePublished":"2021-10-03T07:59:29+00:00","dateModified":"2026-05-17T05:40:34+00:00","breadcrumb":{"@id":"https:\/\/koningdrone.be\/product\/insta360-pro-2-0\/#breadcrumb"},"inLanguage":"fr-BE","potentialAction":[{"@type":"ReadAction","target":["https:\/\/koningdrone.be\/product\/insta360-pro-2-0\/"]}]},{"@type":"ImageObject","inLanguage":"fr-BE","@id":"https:\/\/koningdrone.be\/product\/insta360-pro-2-0\/#primaryimage","url":"https:\/\/koningdrone.be\/wp-content\/uploads\/sites\/13\/2025\/04\/6970357850853-1.jpg","contentUrl":"https:\/\/koningdrone.be\/wp-content\/uploads\/sites\/13\/2025\/04\/6970357850853-1.jpg","width":800,"height":500},{"@type":"BreadcrumbList","@id":"https:\/\/koningdrone.be\/product\/insta360-pro-2-0\/#breadcrumb","itemListElement":[{"@type":"ListItem","position":1,"name":"Home","item":"https:\/\/koningdrone.be\/"},{"@type":"ListItem","position":2,"name":"AVSS Parachute Recovery System for DJI Matrice 300\/350","item":"https:\/\/koningdrone.be\/product\/avss-parachute-recovery-system-for-dji-matrice-300-350\/"},{"@type":"ListItem","position":3,"name":"Alle producten","item":"https:\/\/koningdrone.be\/categorie\/alle-producten\/"},{"@type":"ListItem","position":4,"name":"INSTA360 Pro 2.0"}]},{"@type":"WebSite","@id":"https:\/\/koningdrone.be\/#website","url":"https:\/\/koningdrone.be\/","name":"Koningdrone.be - Votre sp\u00e9cialiste en ligne en mati\u00e8re de drones, de cardans, de cam\u00e9ras et de centrales \u00e9lectriques.","description":"La boutique en ligne de drones et de cardans","publisher":{"@id":"https:\/\/koningdrone.be\/#organization"},"potentialAction":[{"@type":"SearchAction","target":{"@type":"EntryPoint","urlTemplate":"https:\/\/koningdrone.be\/?s={search_term_string}"},"query-input":{"@type":"PropertyValueSpecification","valueRequired":true,"valueName":"search_term_string"}}],"inLanguage":"fr-BE"},{"@type":"Organization","@id":"https:\/\/koningdrone.be\/#organization","name":"Kingdrone.co.uk","url":"https:\/\/koningdrone.be\/","logo":{"@type":"ImageObject","inLanguage":"fr-BE","@id":"https:\/\/koningdrone.be\/#\/schema\/logo\/image\/","url":"https:\/\/koningdrone.be\/wp-content\/uploads\/sites\/13\/2025\/04\/koningdrone-copyright-logo.svg","contentUrl":"https:\/\/koningdrone.be\/wp-content\/uploads\/sites\/13\/2025\/04\/koningdrone-copyright-logo.svg","width":227,"height":38,"caption":"Koningdrone.be"},"image":{"@id":"https:\/\/koningdrone.be\/#\/schema\/logo\/image\/"}}]}},"df_price":"","df_sale_price":"","df_regular_price":"","df_image_link":"https:\/\/koningdrone.be\/wp-content\/uploads\/sites\/13\/2025\/04\/6970357850853-1-300x188.jpg","_links":{"self":[{"href":"https:\/\/koningdrone.be\/fr\/wp-json\/wp\/v2\/product\/6278","targetHints":{"allow":["GET"]}}],"collection":[{"href":"https:\/\/koningdrone.be\/fr\/wp-json\/wp\/v2\/product"}],"about":[{"href":"https:\/\/koningdrone.be\/fr\/wp-json\/wp\/v2\/types\/product"}],"wp:featuredmedia":[{"embeddable":true,"href":"https:\/\/koningdrone.be\/fr\/wp-json\/wp\/v2\/media\/6274"}],"wp:attachment":[{"href":"https:\/\/koningdrone.be\/fr\/wp-json\/wp\/v2\/media?parent=6278"}],"wp:term":[{"taxonomy":"product_brand","embeddable":true,"href":"https:\/\/koningdrone.be\/fr\/wp-json\/wp\/v2\/product_brand?post=6278"},{"taxonomy":"product_cat","embeddable":true,"href":"https:\/\/koningdrone.be\/fr\/wp-json\/wp\/v2\/product_cat?post=6278"},{"taxonomy":"product_tag","embeddable":true,"href":"https:\/\/koningdrone.be\/fr\/wp-json\/wp\/v2\/product_tag?post=6278"}],"curies":[{"name":"wp","href":"https:\/\/api.w.org\/{rel}","templated":true}]}}