{"id":6273,"date":"2021-10-03T09:59:48","date_gmt":"2021-10-03T07:59:48","guid":{"rendered":"https:\/\/koningdrone.nl\/kon\/product\/insta360-titan-premium-bundle\/"},"modified":"2026-05-17T07:50:03","modified_gmt":"2026-05-17T05:50:03","slug":"insta360-titan-premium-bundle","status":"publish","type":"product","link":"https:\/\/koningdrone.be\/fr\/produit\/insta360-titan-premium-bundle\/","title":{"rendered":"INSTA360 Titan Premium Bundle"},"content":{"rendered":"<h1>INSTA360 Titan Premium bundle<\/h1>\n<p>INSTA360 Titan est une cam\u00e9ra VR qui offre un enregistrement \u00e0 360\u00b0 et une qualit\u00e9 d'image sans pr\u00e9c\u00e9dent. Elle contient les plus grands capteurs int\u00e9gr\u00e9s \u00e0 ce jour dans une cam\u00e9ra VR autonome, et sa r\u00e9solution de 11K capture sept fois plus de d\u00e9tails que la 4K !<br \/><strong>8 CAPTEURS MFT<\/strong><br \/>L'Insta360 Titan int\u00e8gre huit capteurs Micro-Four-Third (MFT), les plus grands capteurs disponibles pour les cam\u00e9ras VR autonomes. Cela am\u00e9liore consid\u00e9rablement la qualit\u00e9 de l'image, la plage dynamique, les performances en basse lumi\u00e8re et la profondeur des couleurs. En outre, les effets de bruit g\u00eanants sont consid\u00e9rablement r\u00e9duits. Cela place la barre tr\u00e8s haut en mati\u00e8re d'enregistrement VR professionnel.<br \/><strong>DES IMAGES CLAIRES COMME DU CRISTAL ET PLEINES DE D\u00c9TAILS<\/strong><br \/>Insta360 Titan est la premi\u00e8re cam\u00e9ra VR qui permet de capturer des vid\u00e9os monoscopiques \u00e0 360 degr\u00e9s \u00e0 11K et 30 FPS. Cela permet d'afficher des images VR d'une clart\u00e9 cristalline dans les moindres d\u00e9tails.<br \/><strong>MOUVEMENT DE CAM\u00c9RA ULTRA-STABLE<\/strong><br \/>Un gyroscope ultra-pr\u00e9cis \u00e0 9 axes et la stabilisation FlowState garantissent des mouvements de cam\u00e9ra ultra-stables et de haute qualit\u00e9.<br \/><strong>EN MOUVEMENT AVEC FLOWSTATE<\/strong><br \/>La technologie FlowState d'Insta360 permet de filmer avec une stabilisation \u00e0 9 axes semblable \u00e0 celle d'un cardan, sans accessoires suppl\u00e9mentaires ni effort suppl\u00e9mentaire. Gr\u00e2ce \u00e0 la stabilisation, les r\u00e9alisateurs de films VR peuvent d\u00e9sormais capturer des plans dynamiques \u00e9poustouflants, un \u00e9l\u00e9ment fondamental des exp\u00e9riences VR r\u00e9alistes.<\/p>","protected":false},"excerpt":{"rendered":"<ul>\n<li>8x capteurs Micro Four Thirds<\/li>\n<li>Vid\u00e9o VR 11K + photo<\/li>\n<li>Affichage \u00e0 distance T\u00e9l\u00e9commande en direct<\/li>\n<li>Stabilisation de l'\u00e9tat de l'alimentation<\/li>\n<li>Photos HDR<\/li>\n<li>\u00c9cran CrystalView 11K<\/li>\n<li>Montage sans points dans Adobe Premiere Pro<\/li>\n<li>Couleur 10 bits<\/li>\n<\/ul>","protected":false},"featured_media":6269,"template":"","meta":{"_acf_changed":false},"product_brand":[],"product_cat":[97,343],"product_tag":[],"class_list":{"0":"post-6273","1":"product","2":"type-product","3":"status-publish","4":"has-post-thumbnail","6":"product_cat-alle-producten","7":"product_cat-insta360","8":"product_shipping_class-outofstock","9":"pa_brand-insta360","10":"pa_productfamily-camera","11":"pa_producttype-camera","12":"pa_series-insta360-go","14":"first","15":"outofstock","16":"taxable","17":"shipping-taxable","18":"product-type-simple"},"acf":[],"yoast_head":"<!-- This site is optimized with the Yoast SEO Premium plugin v27.2 (Yoast SEO v27.2) - https:\/\/yoast.com\/product\/yoast-seo-premium-wordpress\/ -->\n<title>INSTA360 Titan Premium Bundle - koningdrone.be<\/title>\n<meta name=\"robots\" content=\"index, follow, max-snippet:-1, max-image-preview:large, max-video-preview:-1\" \/>\n<link rel=\"canonical\" href=\"https:\/\/koningdrone.be\/fr\/produit\/insta360-titan-premium-bundle\/\" \/>\n<meta property=\"og:locale\" content=\"fr_FR\" \/>\n<meta property=\"og:type\" content=\"article\" \/>\n<meta property=\"og:title\" content=\"INSTA360 Titan Premium Bundle\" \/>\n<meta property=\"og:description\" content=\"8x Micro Four Thirds-sensoren11K VR-video + fotoAfstandsweergave Live-afstandsbedieningStabilisatie van stroomstatusHDR-foto&#039;sCrystalView 11K-schermBewerken zonder steken in Adobe Premiere Pro10-bits kleur\" \/>\n<meta property=\"og:url\" content=\"https:\/\/koningdrone.be\/fr\/produit\/insta360-titan-premium-bundle\/\" \/>\n<meta property=\"og:site_name\" content=\"koningdrone.be\" \/>\n<meta property=\"article:modified_time\" content=\"2026-05-17T05:50:03+00:00\" \/>\n<meta property=\"og:image\" content=\"https:\/\/koningdrone.be\/wp-content\/uploads\/sites\/13\/2025\/04\/4251088440134-1.jpg\" \/>\n\t<meta property=\"og:image:width\" content=\"800\" \/>\n\t<meta property=\"og:image:height\" content=\"500\" \/>\n\t<meta property=\"og:image:type\" content=\"image\/jpeg\" \/>\n<meta name=\"twitter:card\" content=\"summary_large_image\" \/>\n<meta name=\"twitter:label1\" content=\"Dur\u00e9e de lecture est.\" \/>\n\t<meta name=\"twitter:data1\" content=\"1 minute\" \/>\n<script type=\"application\/ld+json\" class=\"yoast-schema-graph\">{\"@context\":\"https:\/\/schema.org\",\"@graph\":[{\"@type\":\"WebPage\",\"@id\":\"https:\/\/koningdrone.be\/product\/insta360-titan-premium-bundle\/\",\"url\":\"https:\/\/koningdrone.be\/product\/insta360-titan-premium-bundle\/\",\"name\":\"INSTA360 Titan Premium Bundle - koningdrone.be\",\"isPartOf\":{\"@id\":\"https:\/\/koningdrone.be\/#website\"},\"primaryImageOfPage\":{\"@id\":\"https:\/\/koningdrone.be\/product\/insta360-titan-premium-bundle\/#primaryimage\"},\"image\":{\"@id\":\"https:\/\/koningdrone.be\/product\/insta360-titan-premium-bundle\/#primaryimage\"},\"thumbnailUrl\":\"https:\/\/koningdrone.be\/wp-content\/uploads\/sites\/13\/2025\/04\/4251088440134-1.jpg\",\"datePublished\":\"2021-10-03T07:59:48+00:00\",\"dateModified\":\"2026-05-17T05:50:03+00:00\",\"breadcrumb\":{\"@id\":\"https:\/\/koningdrone.be\/product\/insta360-titan-premium-bundle\/#breadcrumb\"},\"inLanguage\":\"fr-BE\",\"potentialAction\":[{\"@type\":\"ReadAction\",\"target\":[\"https:\/\/koningdrone.be\/product\/insta360-titan-premium-bundle\/\"]}]},{\"@type\":\"ImageObject\",\"inLanguage\":\"fr-BE\",\"@id\":\"https:\/\/koningdrone.be\/product\/insta360-titan-premium-bundle\/#primaryimage\",\"url\":\"https:\/\/koningdrone.be\/wp-content\/uploads\/sites\/13\/2025\/04\/4251088440134-1.jpg\",\"contentUrl\":\"https:\/\/koningdrone.be\/wp-content\/uploads\/sites\/13\/2025\/04\/4251088440134-1.jpg\",\"width\":800,\"height\":500},{\"@type\":\"BreadcrumbList\",\"@id\":\"https:\/\/koningdrone.be\/product\/insta360-titan-premium-bundle\/#breadcrumb\",\"itemListElement\":[{\"@type\":\"ListItem\",\"position\":1,\"name\":\"Home\",\"item\":\"https:\/\/koningdrone.be\/\"},{\"@type\":\"ListItem\",\"position\":2,\"name\":\"AVSS Parachute Recovery System for DJI Matrice 300\/350\",\"item\":\"https:\/\/koningdrone.be\/product\/avss-parachute-recovery-system-for-dji-matrice-300-350\/\"},{\"@type\":\"ListItem\",\"position\":3,\"name\":\"Alle producten\",\"item\":\"https:\/\/koningdrone.be\/categorie\/alle-producten\/\"},{\"@type\":\"ListItem\",\"position\":4,\"name\":\"INSTA360 Titan Premium Bundle\"}]},{\"@type\":\"WebSite\",\"@id\":\"https:\/\/koningdrone.be\/#website\",\"url\":\"https:\/\/koningdrone.be\/\",\"name\":\"Koningdrone.be - Uw online specialist in drones, gimbals, camera's en power stations.\",\"description\":\"De webshop in drones en gimbals\",\"publisher\":{\"@id\":\"https:\/\/koningdrone.be\/#organization\"},\"potentialAction\":[{\"@type\":\"SearchAction\",\"target\":{\"@type\":\"EntryPoint\",\"urlTemplate\":\"https:\/\/koningdrone.be\/?s={search_term_string}\"},\"query-input\":{\"@type\":\"PropertyValueSpecification\",\"valueRequired\":true,\"valueName\":\"search_term_string\"}}],\"inLanguage\":\"fr-BE\"},{\"@type\":\"Organization\",\"@id\":\"https:\/\/koningdrone.be\/#organization\",\"name\":\"Koningdrone.be\",\"url\":\"https:\/\/koningdrone.be\/\",\"logo\":{\"@type\":\"ImageObject\",\"inLanguage\":\"fr-BE\",\"@id\":\"https:\/\/koningdrone.be\/#\/schema\/logo\/image\/\",\"url\":\"https:\/\/koningdrone.be\/wp-content\/uploads\/sites\/13\/2025\/04\/koningdrone-copyright-logo.svg\",\"contentUrl\":\"https:\/\/koningdrone.be\/wp-content\/uploads\/sites\/13\/2025\/04\/koningdrone-copyright-logo.svg\",\"width\":227,\"height\":38,\"caption\":\"Koningdrone.be\"},\"image\":{\"@id\":\"https:\/\/koningdrone.be\/#\/schema\/logo\/image\/\"}}]}<\/script>\n<!-- \/ Yoast SEO Premium plugin. -->","yoast_head_json":{"title":"INSTA360 Titan Premium Bundle - koningdrone.be","robots":{"index":"index","follow":"follow","max-snippet":"max-snippet:-1","max-image-preview":"max-image-preview:large","max-video-preview":"max-video-preview:-1"},"canonical":"https:\/\/koningdrone.be\/fr\/produit\/insta360-titan-premium-bundle\/","og_locale":"fr_FR","og_type":"article","og_title":"INSTA360 Titan Premium Bundle","og_description":"8x Micro Four Thirds-sensoren11K VR-video + fotoAfstandsweergave Live-afstandsbedieningStabilisatie van stroomstatusHDR-foto'sCrystalView 11K-schermBewerken zonder steken in Adobe Premiere Pro10-bits kleur","og_url":"https:\/\/koningdrone.be\/fr\/produit\/insta360-titan-premium-bundle\/","og_site_name":"koningdrone.be","article_modified_time":"2026-05-17T05:50:03+00:00","og_image":[{"width":800,"height":500,"url":"https:\/\/koningdrone.be\/wp-content\/uploads\/sites\/13\/2025\/04\/4251088440134-1.jpg","type":"image\/jpeg"}],"twitter_card":"summary_large_image","twitter_misc":{"Dur\u00e9e de lecture est.":"1 minute"},"schema":{"@context":"https:\/\/schema.org","@graph":[{"@type":"WebPage","@id":"https:\/\/koningdrone.be\/product\/insta360-titan-premium-bundle\/","url":"https:\/\/koningdrone.be\/product\/insta360-titan-premium-bundle\/","name":"INSTA360 Titan Premium Bundle - koningdrone.be","isPartOf":{"@id":"https:\/\/koningdrone.be\/#website"},"primaryImageOfPage":{"@id":"https:\/\/koningdrone.be\/product\/insta360-titan-premium-bundle\/#primaryimage"},"image":{"@id":"https:\/\/koningdrone.be\/product\/insta360-titan-premium-bundle\/#primaryimage"},"thumbnailUrl":"https:\/\/koningdrone.be\/wp-content\/uploads\/sites\/13\/2025\/04\/4251088440134-1.jpg","datePublished":"2021-10-03T07:59:48+00:00","dateModified":"2026-05-17T05:50:03+00:00","breadcrumb":{"@id":"https:\/\/koningdrone.be\/product\/insta360-titan-premium-bundle\/#breadcrumb"},"inLanguage":"fr-BE","potentialAction":[{"@type":"ReadAction","target":["https:\/\/koningdrone.be\/product\/insta360-titan-premium-bundle\/"]}]},{"@type":"ImageObject","inLanguage":"fr-BE","@id":"https:\/\/koningdrone.be\/product\/insta360-titan-premium-bundle\/#primaryimage","url":"https:\/\/koningdrone.be\/wp-content\/uploads\/sites\/13\/2025\/04\/4251088440134-1.jpg","contentUrl":"https:\/\/koningdrone.be\/wp-content\/uploads\/sites\/13\/2025\/04\/4251088440134-1.jpg","width":800,"height":500},{"@type":"BreadcrumbList","@id":"https:\/\/koningdrone.be\/product\/insta360-titan-premium-bundle\/#breadcrumb","itemListElement":[{"@type":"ListItem","position":1,"name":"Home","item":"https:\/\/koningdrone.be\/"},{"@type":"ListItem","position":2,"name":"AVSS Parachute Recovery System for DJI Matrice 300\/350","item":"https:\/\/koningdrone.be\/product\/avss-parachute-recovery-system-for-dji-matrice-300-350\/"},{"@type":"ListItem","position":3,"name":"Alle producten","item":"https:\/\/koningdrone.be\/categorie\/alle-producten\/"},{"@type":"ListItem","position":4,"name":"INSTA360 Titan Premium Bundle"}]},{"@type":"WebSite","@id":"https:\/\/koningdrone.be\/#website","url":"https:\/\/koningdrone.be\/","name":"Koningdrone.be - Votre sp\u00e9cialiste en ligne en mati\u00e8re de drones, de cardans, de cam\u00e9ras et de centrales \u00e9lectriques.","description":"La boutique en ligne de drones et de cardans","publisher":{"@id":"https:\/\/koningdrone.be\/#organization"},"potentialAction":[{"@type":"SearchAction","target":{"@type":"EntryPoint","urlTemplate":"https:\/\/koningdrone.be\/?s={search_term_string}"},"query-input":{"@type":"PropertyValueSpecification","valueRequired":true,"valueName":"search_term_string"}}],"inLanguage":"fr-BE"},{"@type":"Organization","@id":"https:\/\/koningdrone.be\/#organization","name":"Kingdrone.co.uk","url":"https:\/\/koningdrone.be\/","logo":{"@type":"ImageObject","inLanguage":"fr-BE","@id":"https:\/\/koningdrone.be\/#\/schema\/logo\/image\/","url":"https:\/\/koningdrone.be\/wp-content\/uploads\/sites\/13\/2025\/04\/koningdrone-copyright-logo.svg","contentUrl":"https:\/\/koningdrone.be\/wp-content\/uploads\/sites\/13\/2025\/04\/koningdrone-copyright-logo.svg","width":227,"height":38,"caption":"Koningdrone.be"},"image":{"@id":"https:\/\/koningdrone.be\/#\/schema\/logo\/image\/"}}]}},"df_price":"","df_sale_price":"","df_regular_price":"","df_image_link":"https:\/\/koningdrone.be\/wp-content\/uploads\/sites\/13\/2025\/04\/4251088440134-1-300x188.jpg","_links":{"self":[{"href":"https:\/\/koningdrone.be\/fr\/wp-json\/wp\/v2\/product\/6273","targetHints":{"allow":["GET"]}}],"collection":[{"href":"https:\/\/koningdrone.be\/fr\/wp-json\/wp\/v2\/product"}],"about":[{"href":"https:\/\/koningdrone.be\/fr\/wp-json\/wp\/v2\/types\/product"}],"wp:featuredmedia":[{"embeddable":true,"href":"https:\/\/koningdrone.be\/fr\/wp-json\/wp\/v2\/media\/6269"}],"wp:attachment":[{"href":"https:\/\/koningdrone.be\/fr\/wp-json\/wp\/v2\/media?parent=6273"}],"wp:term":[{"taxonomy":"product_brand","embeddable":true,"href":"https:\/\/koningdrone.be\/fr\/wp-json\/wp\/v2\/product_brand?post=6273"},{"taxonomy":"product_cat","embeddable":true,"href":"https:\/\/koningdrone.be\/fr\/wp-json\/wp\/v2\/product_cat?post=6273"},{"taxonomy":"product_tag","embeddable":true,"href":"https:\/\/koningdrone.be\/fr\/wp-json\/wp\/v2\/product_tag?post=6273"}],"curies":[{"name":"wp","href":"https:\/\/api.w.org\/{rel}","templated":true}]}}