{"id":6252,"date":"2021-10-03T10:00:20","date_gmt":"2021-10-03T08:00:20","guid":{"rendered":"https:\/\/koningdrone.nl\/kon\/product\/insta360-go-non-waterproof-edition\/"},"modified":"2026-05-16T07:50:54","modified_gmt":"2026-05-16T05:50:54","slug":"insta360-go-non-waterproof-edition","status":"publish","type":"product","link":"https:\/\/koningdrone.be\/fr\/produit\/insta360-go-non-waterproof-edition\/","title":{"rendered":"INSTA360 Go Non Waterproof Edition"},"content":{"rendered":"<h1>INSTA360 Go Non Waterproof Edition<\/h1>\n<p>Insta360 combine le meilleur des deux mondes : le mat\u00e9riel et le contenu. En quatre ans seulement, l'entreprise est devenue le leader incontest\u00e9 du march\u00e9 des cam\u00e9ras \u00e0 360 degr\u00e9s et vend ses cam\u00e9ras dans plus de 158 pays. Insta360 a pr\u00e9sent\u00e9 aujourd'hui son dernier chef-d'\u0153uvre : GO, la plus petite cam\u00e9ra stabilis\u00e9e au monde.<br \/>La mini-cam\u00e9ra stabilis\u00e9e peut \u00eatre fix\u00e9e n'importe o\u00f9. Gr\u00e2ce \u00e0 son format innovant et \u00e0 son traitement intelligent pilot\u00e9 par l'IA, capturer votre vie avec le GO est facile et impressionnant.<br \/><strong>F\u00c9VRIER<\/strong><br \/>La nouvelle cam\u00e9ra Insta360 est la fourmi des cam\u00e9ras. Pesant \u00e0 peine 18,3 grammes, elle peut \u00eatre fix\u00e9e n'importe o\u00f9 pour prendre des photos dans des perspectives impossibles \u00e0 obtenir avec d'autres cam\u00e9ras.<br \/><strong>STABILIS\u00c9<\/strong><br \/>Lorsqu'il est port\u00e9, GO permet d'enregistrer en toute transparence et en gardant les mains libres. Il permet de capturer des exp\u00e9riences spontan\u00e9es sans jamais \u00eatre distrait par le smartphone. Gr\u00e2ce \u00e0 la technologie de stabilisation FlowState, il permet un enregistrement ultra stable \u00e0 tout moment.<br \/><strong>SIMPLE<\/strong><br \/>L'enregistrement vid\u00e9o est plus facile que jamais : tapez une fois pour enregistrer un clip d'une dur\u00e9e maximale de 30 secondes, puis tapez \u00e0 nouveau pour mettre fin \u00e0 l'enregistrement.<br \/><strong>IMPERM\u00c9ABILIT\u00c9<\/strong><br \/>GO est \u00e9tanche jusqu'\u00e0 la norme IPX4. Non seulement il est pr\u00eat \u00e0 \u00eatre utilis\u00e9 en cas d'\u00e9claboussures ou de pluie, mais il peut aussi r\u00e9sister \u00e0 une immersion en eau peu profonde pendant 10 secondes.<br \/><strong>GO-APP<\/strong><br \/>L'application GO offre diverses options d'\u00e9dition. Des transitions aux palettes de couleurs en passant par la vitesse de lecture, tout peut \u00eatre ajust\u00e9 et optimis\u00e9.<\/p>","protected":false},"excerpt":{"rendered":"<ul>\n<li>\u2019Le plus petit appareil photo stabilis\u00e9 du monde<\/li>\n<li>Poids 18,3 g<\/li>\n<li>Peut \u00eatre fix\u00e9 n'importe o\u00f9<\/li>\n<\/ul>","protected":false},"featured_media":6248,"template":"","meta":{"_acf_changed":false},"product_brand":[],"product_cat":[97,343],"product_tag":[],"class_list":{"0":"post-6252","1":"product","2":"type-product","3":"status-publish","4":"has-post-thumbnail","6":"product_cat-alle-producten","7":"product_cat-insta360","8":"product_shipping_class-outofstock","9":"pa_brand-insta360","10":"pa_productfamily-camera","11":"pa_producttype-camera","12":"pa_series-insta360-go","14":"first","15":"outofstock","16":"taxable","17":"shipping-taxable","18":"product-type-simple"},"acf":[],"yoast_head":"<!-- This site is optimized with the Yoast SEO Premium plugin v27.2 (Yoast SEO v27.2) - https:\/\/yoast.com\/product\/yoast-seo-premium-wordpress\/ -->\n<title>INSTA360 Go Non Waterproof Edition - koningdrone.be<\/title>\n<meta name=\"robots\" content=\"index, follow, max-snippet:-1, max-image-preview:large, max-video-preview:-1\" \/>\n<link rel=\"canonical\" href=\"https:\/\/koningdrone.be\/fr\/produit\/insta360-go-non-waterproof-edition\/\" \/>\n<meta property=\"og:locale\" content=\"fr_FR\" \/>\n<meta property=\"og:type\" content=\"article\" \/>\n<meta property=\"og:title\" content=\"INSTA360 Go Non Waterproof Edition\" \/>\n<meta property=\"og:description\" content=\"&#039;s werelds kleinste gestabiliseerde camera18,3 gram gewichtKan overal worden bevestigd\" \/>\n<meta property=\"og:url\" content=\"https:\/\/koningdrone.be\/fr\/produit\/insta360-go-non-waterproof-edition\/\" \/>\n<meta property=\"og:site_name\" content=\"koningdrone.be\" \/>\n<meta property=\"article:modified_time\" content=\"2026-05-16T05:50:54+00:00\" \/>\n<meta property=\"og:image\" content=\"https:\/\/koningdrone.be\/wp-content\/uploads\/sites\/13\/2025\/04\/6970357851485-1.jpg\" \/>\n\t<meta property=\"og:image:width\" content=\"800\" \/>\n\t<meta property=\"og:image:height\" content=\"500\" \/>\n\t<meta property=\"og:image:type\" content=\"image\/jpeg\" \/>\n<meta name=\"twitter:card\" content=\"summary_large_image\" \/>\n<meta name=\"twitter:label1\" content=\"Dur\u00e9e de lecture est.\" \/>\n\t<meta name=\"twitter:data1\" content=\"1 minute\" \/>\n<script type=\"application\/ld+json\" class=\"yoast-schema-graph\">{\"@context\":\"https:\/\/schema.org\",\"@graph\":[{\"@type\":\"WebPage\",\"@id\":\"https:\/\/koningdrone.be\/product\/insta360-go-non-waterproof-edition\/\",\"url\":\"https:\/\/koningdrone.be\/product\/insta360-go-non-waterproof-edition\/\",\"name\":\"INSTA360 Go Non Waterproof Edition - koningdrone.be\",\"isPartOf\":{\"@id\":\"https:\/\/koningdrone.be\/#website\"},\"primaryImageOfPage\":{\"@id\":\"https:\/\/koningdrone.be\/product\/insta360-go-non-waterproof-edition\/#primaryimage\"},\"image\":{\"@id\":\"https:\/\/koningdrone.be\/product\/insta360-go-non-waterproof-edition\/#primaryimage\"},\"thumbnailUrl\":\"https:\/\/koningdrone.be\/wp-content\/uploads\/sites\/13\/2025\/04\/6970357851485-1.jpg\",\"datePublished\":\"2021-10-03T08:00:20+00:00\",\"dateModified\":\"2026-05-16T05:50:54+00:00\",\"breadcrumb\":{\"@id\":\"https:\/\/koningdrone.be\/product\/insta360-go-non-waterproof-edition\/#breadcrumb\"},\"inLanguage\":\"fr-BE\",\"potentialAction\":[{\"@type\":\"ReadAction\",\"target\":[\"https:\/\/koningdrone.be\/product\/insta360-go-non-waterproof-edition\/\"]}]},{\"@type\":\"ImageObject\",\"inLanguage\":\"fr-BE\",\"@id\":\"https:\/\/koningdrone.be\/product\/insta360-go-non-waterproof-edition\/#primaryimage\",\"url\":\"https:\/\/koningdrone.be\/wp-content\/uploads\/sites\/13\/2025\/04\/6970357851485-1.jpg\",\"contentUrl\":\"https:\/\/koningdrone.be\/wp-content\/uploads\/sites\/13\/2025\/04\/6970357851485-1.jpg\",\"width\":800,\"height\":500},{\"@type\":\"BreadcrumbList\",\"@id\":\"https:\/\/koningdrone.be\/product\/insta360-go-non-waterproof-edition\/#breadcrumb\",\"itemListElement\":[{\"@type\":\"ListItem\",\"position\":1,\"name\":\"Home\",\"item\":\"https:\/\/koningdrone.be\/\"},{\"@type\":\"ListItem\",\"position\":2,\"name\":\"AVSS Parachute Recovery System for DJI Matrice 300\/350\",\"item\":\"https:\/\/koningdrone.be\/product\/avss-parachute-recovery-system-for-dji-matrice-300-350\/\"},{\"@type\":\"ListItem\",\"position\":3,\"name\":\"Alle producten\",\"item\":\"https:\/\/koningdrone.be\/categorie\/alle-producten\/\"},{\"@type\":\"ListItem\",\"position\":4,\"name\":\"INSTA360 Go Non Waterproof Edition\"}]},{\"@type\":\"WebSite\",\"@id\":\"https:\/\/koningdrone.be\/#website\",\"url\":\"https:\/\/koningdrone.be\/\",\"name\":\"Koningdrone.be - Uw online specialist in drones, gimbals, camera's en power stations.\",\"description\":\"De webshop in drones en gimbals\",\"publisher\":{\"@id\":\"https:\/\/koningdrone.be\/#organization\"},\"potentialAction\":[{\"@type\":\"SearchAction\",\"target\":{\"@type\":\"EntryPoint\",\"urlTemplate\":\"https:\/\/koningdrone.be\/?s={search_term_string}\"},\"query-input\":{\"@type\":\"PropertyValueSpecification\",\"valueRequired\":true,\"valueName\":\"search_term_string\"}}],\"inLanguage\":\"fr-BE\"},{\"@type\":\"Organization\",\"@id\":\"https:\/\/koningdrone.be\/#organization\",\"name\":\"Koningdrone.be\",\"url\":\"https:\/\/koningdrone.be\/\",\"logo\":{\"@type\":\"ImageObject\",\"inLanguage\":\"fr-BE\",\"@id\":\"https:\/\/koningdrone.be\/#\/schema\/logo\/image\/\",\"url\":\"https:\/\/koningdrone.be\/wp-content\/uploads\/sites\/13\/2025\/04\/koningdrone-copyright-logo.svg\",\"contentUrl\":\"https:\/\/koningdrone.be\/wp-content\/uploads\/sites\/13\/2025\/04\/koningdrone-copyright-logo.svg\",\"width\":227,\"height\":38,\"caption\":\"Koningdrone.be\"},\"image\":{\"@id\":\"https:\/\/koningdrone.be\/#\/schema\/logo\/image\/\"}}]}<\/script>\n<!-- \/ Yoast SEO Premium plugin. -->","yoast_head_json":{"title":"INSTA360 Go Non Waterproof Edition - koningdrone.be","robots":{"index":"index","follow":"follow","max-snippet":"max-snippet:-1","max-image-preview":"max-image-preview:large","max-video-preview":"max-video-preview:-1"},"canonical":"https:\/\/koningdrone.be\/fr\/produit\/insta360-go-non-waterproof-edition\/","og_locale":"fr_FR","og_type":"article","og_title":"INSTA360 Go Non Waterproof Edition","og_description":"'s werelds kleinste gestabiliseerde camera18,3 gram gewichtKan overal worden bevestigd","og_url":"https:\/\/koningdrone.be\/fr\/produit\/insta360-go-non-waterproof-edition\/","og_site_name":"koningdrone.be","article_modified_time":"2026-05-16T05:50:54+00:00","og_image":[{"width":800,"height":500,"url":"https:\/\/koningdrone.be\/wp-content\/uploads\/sites\/13\/2025\/04\/6970357851485-1.jpg","type":"image\/jpeg"}],"twitter_card":"summary_large_image","twitter_misc":{"Dur\u00e9e de lecture est.":"1 minute"},"schema":{"@context":"https:\/\/schema.org","@graph":[{"@type":"WebPage","@id":"https:\/\/koningdrone.be\/product\/insta360-go-non-waterproof-edition\/","url":"https:\/\/koningdrone.be\/product\/insta360-go-non-waterproof-edition\/","name":"INSTA360 Go Non Waterproof Edition - koningdrone.be","isPartOf":{"@id":"https:\/\/koningdrone.be\/#website"},"primaryImageOfPage":{"@id":"https:\/\/koningdrone.be\/product\/insta360-go-non-waterproof-edition\/#primaryimage"},"image":{"@id":"https:\/\/koningdrone.be\/product\/insta360-go-non-waterproof-edition\/#primaryimage"},"thumbnailUrl":"https:\/\/koningdrone.be\/wp-content\/uploads\/sites\/13\/2025\/04\/6970357851485-1.jpg","datePublished":"2021-10-03T08:00:20+00:00","dateModified":"2026-05-16T05:50:54+00:00","breadcrumb":{"@id":"https:\/\/koningdrone.be\/product\/insta360-go-non-waterproof-edition\/#breadcrumb"},"inLanguage":"fr-BE","potentialAction":[{"@type":"ReadAction","target":["https:\/\/koningdrone.be\/product\/insta360-go-non-waterproof-edition\/"]}]},{"@type":"ImageObject","inLanguage":"fr-BE","@id":"https:\/\/koningdrone.be\/product\/insta360-go-non-waterproof-edition\/#primaryimage","url":"https:\/\/koningdrone.be\/wp-content\/uploads\/sites\/13\/2025\/04\/6970357851485-1.jpg","contentUrl":"https:\/\/koningdrone.be\/wp-content\/uploads\/sites\/13\/2025\/04\/6970357851485-1.jpg","width":800,"height":500},{"@type":"BreadcrumbList","@id":"https:\/\/koningdrone.be\/product\/insta360-go-non-waterproof-edition\/#breadcrumb","itemListElement":[{"@type":"ListItem","position":1,"name":"Home","item":"https:\/\/koningdrone.be\/"},{"@type":"ListItem","position":2,"name":"AVSS Parachute Recovery System for DJI Matrice 300\/350","item":"https:\/\/koningdrone.be\/product\/avss-parachute-recovery-system-for-dji-matrice-300-350\/"},{"@type":"ListItem","position":3,"name":"Alle producten","item":"https:\/\/koningdrone.be\/categorie\/alle-producten\/"},{"@type":"ListItem","position":4,"name":"INSTA360 Go Non Waterproof Edition"}]},{"@type":"WebSite","@id":"https:\/\/koningdrone.be\/#website","url":"https:\/\/koningdrone.be\/","name":"Koningdrone.be - Votre sp\u00e9cialiste en ligne en mati\u00e8re de drones, de cardans, de cam\u00e9ras et de centrales \u00e9lectriques.","description":"La boutique en ligne de drones et de cardans","publisher":{"@id":"https:\/\/koningdrone.be\/#organization"},"potentialAction":[{"@type":"SearchAction","target":{"@type":"EntryPoint","urlTemplate":"https:\/\/koningdrone.be\/?s={search_term_string}"},"query-input":{"@type":"PropertyValueSpecification","valueRequired":true,"valueName":"search_term_string"}}],"inLanguage":"fr-BE"},{"@type":"Organization","@id":"https:\/\/koningdrone.be\/#organization","name":"Kingdrone.co.uk","url":"https:\/\/koningdrone.be\/","logo":{"@type":"ImageObject","inLanguage":"fr-BE","@id":"https:\/\/koningdrone.be\/#\/schema\/logo\/image\/","url":"https:\/\/koningdrone.be\/wp-content\/uploads\/sites\/13\/2025\/04\/koningdrone-copyright-logo.svg","contentUrl":"https:\/\/koningdrone.be\/wp-content\/uploads\/sites\/13\/2025\/04\/koningdrone-copyright-logo.svg","width":227,"height":38,"caption":"Koningdrone.be"},"image":{"@id":"https:\/\/koningdrone.be\/#\/schema\/logo\/image\/"}}]}},"df_price":"","df_sale_price":"","df_regular_price":"","df_image_link":"https:\/\/koningdrone.be\/wp-content\/uploads\/sites\/13\/2025\/04\/6970357851485-1-300x188.jpg","_links":{"self":[{"href":"https:\/\/koningdrone.be\/fr\/wp-json\/wp\/v2\/product\/6252","targetHints":{"allow":["GET"]}}],"collection":[{"href":"https:\/\/koningdrone.be\/fr\/wp-json\/wp\/v2\/product"}],"about":[{"href":"https:\/\/koningdrone.be\/fr\/wp-json\/wp\/v2\/types\/product"}],"wp:featuredmedia":[{"embeddable":true,"href":"https:\/\/koningdrone.be\/fr\/wp-json\/wp\/v2\/media\/6248"}],"wp:attachment":[{"href":"https:\/\/koningdrone.be\/fr\/wp-json\/wp\/v2\/media?parent=6252"}],"wp:term":[{"taxonomy":"product_brand","embeddable":true,"href":"https:\/\/koningdrone.be\/fr\/wp-json\/wp\/v2\/product_brand?post=6252"},{"taxonomy":"product_cat","embeddable":true,"href":"https:\/\/koningdrone.be\/fr\/wp-json\/wp\/v2\/product_cat?post=6252"},{"taxonomy":"product_tag","embeddable":true,"href":"https:\/\/koningdrone.be\/fr\/wp-json\/wp\/v2\/product_tag?post=6252"}],"curies":[{"name":"wp","href":"https:\/\/api.w.org\/{rel}","templated":true}]}}