{"id":6247,"date":"2021-10-03T10:00:20","date_gmt":"2021-10-03T08:00:20","guid":{"rendered":"https:\/\/koningdrone.nl\/kon\/product\/gl-300-spotlight\/"},"modified":"2026-04-13T15:30:03","modified_gmt":"2026-04-13T13:30:03","slug":"gl-300-spotlight","status":"publish","type":"product","link":"https:\/\/koningdrone.be\/fr\/produit\/gl-300-spotlight\/","title":{"rendered":"Pleins feux sur le GL 300"},"content":{"rendered":"<h1>Pleins feux sur le GL300<\/h1>\n<p><strong>Vue d'ensemble<\/strong><br \/>\nLe projecteur \u00e0 cardan GL300 est sp\u00e9cialement con\u00e7u pour l'\u00e9clairage d'urgence \u00e0 long terme et \u00e0 grande \u00e9chelle.<\/p>\n<p>Sa puissance est cinq fois sup\u00e9rieure \u00e0 celle de la GL60, jusqu'\u00e0 300 W, et sa luminosit\u00e9 est sup\u00e9rieure \u00e0 30 000 lumens. Le groupe de lentilles optiques est utilis\u00e9 pour projeter des faisceaux de plus en plus lumineux \u00e0 un angle de 45 degr\u00e9s afin de r\u00e9pondre aux besoins d'\u00e9clairage d'un plus grand nombre de personnes.<\/p>\n<p>La PTZ triaxiale offre un angle d'exposition plus flexible, qui peut \u00eatre utilis\u00e9 pour projeter la lumi\u00e8re vive depuis l'espace a\u00e9rien s\u00fbr, loin des foules, jusqu'\u00e0 la position cible. Elle adopte l'interface de montage rapide standardis\u00e9e CZZN, qui peut \u00eatre adapt\u00e9e \u00e0 tous les types de drones industriels, et dispose d'un mode de flash en rafale.<\/p>\n<p>Les lumens instantan\u00e9s peuvent atteindre 50 000, ce qui a pour effet d'att\u00e9nuer l'\u00e9blouissement caus\u00e9 par une lumi\u00e8re forte, et peut r\u00e9pondre aux besoins des services d'urgence et de s\u00e9curit\u00e9 publique pour les patrouilles de nuit, les enl\u00e8vements sp\u00e9ciaux, les interventions d'urgence et d'autres op\u00e9rations nocturnes.<\/p>\n<p>Convient au Matrice 300 RTK.<\/p>\n<p><strong>Caract\u00e9ristiques<\/strong><br \/>\n7 faisceaux LED 300 W haute puissance 30 000 lumens avec \u00e9clairage \u00e0 45 degr\u00e9s.<br \/>\nLa PTZ pivote en hauteur, ce qui la rend pratique et flexible pour l'\u00e9clairage sous plusieurs angles. Elle offre les m\u00eames performances que les \u00e9clairages fixes n\u00e9cessitant une source d'alimentation constante.<br \/>\nTechnologie d'imagerie optique permettant une luminosit\u00e9 uniforme sans aucune distorsion.<br \/>\nL'interface DJI SkyPort V2.0 permet au projecteur de s'adapter \u00e0 la s\u00e9rie DJI UAV Matrice.<\/p>","protected":false},"excerpt":{"rendered":"<ul>\n<li>Super puissance, super luminosit\u00e9<\/li>\n<li>Grand angle pour suivre les objets dans diff\u00e9rentes situations<\/li>\n<li>Optique optimale, pas de courbure r\u00e9fl\u00e9chissante<\/li>\n<li>Interface standard avec un support universel<\/li>\n<\/ul>","protected":false},"featured_media":6245,"template":"","meta":{"_acf_changed":false},"product_brand":[],"product_cat":[126,97,152],"product_tag":[],"class_list":{"0":"post-6247","1":"product","2":"type-product","3":"status-publish","4":"has-post-thumbnail","6":"product_cat-alle-payloads","7":"product_cat-alle-producten","8":"product_cat-dji-matrice-300","9":"product_shipping_class-outofstock","10":"pa_brand-czi","11":"pa_productfamily-spotlight","12":"pa_producttype-spotlight","13":"pa_series-gl300","15":"first","16":"outofstock","17":"taxable","18":"shipping-taxable","19":"purchasable","20":"product-type-simple"},"acf":[],"yoast_head":"<!-- This site is optimized with the Yoast SEO Premium plugin v27.2 (Yoast SEO v27.2) - https:\/\/yoast.com\/product\/yoast-seo-premium-wordpress\/ -->\n<title>GL 300 Spotlight - koningdrone.be<\/title>\n<meta name=\"robots\" content=\"index, follow, max-snippet:-1, max-image-preview:large, max-video-preview:-1\" \/>\n<link rel=\"canonical\" href=\"https:\/\/koningdrone.be\/fr\/produit\/gl-300-spotlight\/\" \/>\n<meta property=\"og:locale\" content=\"fr_FR\" \/>\n<meta property=\"og:type\" content=\"article\" \/>\n<meta property=\"og:title\" content=\"GL 300 Spotlight\" \/>\n<meta property=\"og:description\" content=\"Super hoog vermogen, superhelderheidBrede hoek om objecten in verschillende situaties te volgenOptimale optiek, geen reflectieve krommingStandaard interface met een universele houder\" \/>\n<meta property=\"og:url\" content=\"https:\/\/koningdrone.be\/fr\/produit\/gl-300-spotlight\/\" \/>\n<meta property=\"og:site_name\" content=\"koningdrone.be\" \/>\n<meta property=\"article:modified_time\" content=\"2026-04-13T13:30:03+00:00\" \/>\n<meta property=\"og:image\" content=\"https:\/\/koningdrone.be\/wp-content\/uploads\/sites\/13\/2025\/04\/6972073120142-1.jpg\" \/>\n\t<meta property=\"og:image:width\" content=\"800\" \/>\n\t<meta property=\"og:image:height\" content=\"600\" \/>\n\t<meta property=\"og:image:type\" content=\"image\/jpeg\" \/>\n<meta name=\"twitter:card\" content=\"summary_large_image\" \/>\n<meta name=\"twitter:label1\" content=\"Dur\u00e9e de lecture est.\" \/>\n\t<meta name=\"twitter:data1\" content=\"1 minute\" \/>\n<script type=\"application\/ld+json\" class=\"yoast-schema-graph\">{\"@context\":\"https:\/\/schema.org\",\"@graph\":[{\"@type\":\"WebPage\",\"@id\":\"https:\/\/koningdrone.be\/product\/gl-300-spotlight\/\",\"url\":\"https:\/\/koningdrone.be\/product\/gl-300-spotlight\/\",\"name\":\"GL 300 Spotlight - koningdrone.be\",\"isPartOf\":{\"@id\":\"https:\/\/koningdrone.be\/#website\"},\"primaryImageOfPage\":{\"@id\":\"https:\/\/koningdrone.be\/product\/gl-300-spotlight\/#primaryimage\"},\"image\":{\"@id\":\"https:\/\/koningdrone.be\/product\/gl-300-spotlight\/#primaryimage\"},\"thumbnailUrl\":\"https:\/\/koningdrone.be\/wp-content\/uploads\/sites\/13\/2025\/04\/6972073120142-1.jpg\",\"datePublished\":\"2021-10-03T08:00:20+00:00\",\"dateModified\":\"2026-04-13T13:30:03+00:00\",\"breadcrumb\":{\"@id\":\"https:\/\/koningdrone.be\/product\/gl-300-spotlight\/#breadcrumb\"},\"inLanguage\":\"fr-BE\",\"potentialAction\":[{\"@type\":\"ReadAction\",\"target\":[\"https:\/\/koningdrone.be\/product\/gl-300-spotlight\/\"]}]},{\"@type\":\"ImageObject\",\"inLanguage\":\"fr-BE\",\"@id\":\"https:\/\/koningdrone.be\/product\/gl-300-spotlight\/#primaryimage\",\"url\":\"https:\/\/koningdrone.be\/wp-content\/uploads\/sites\/13\/2025\/04\/6972073120142-1.jpg\",\"contentUrl\":\"https:\/\/koningdrone.be\/wp-content\/uploads\/sites\/13\/2025\/04\/6972073120142-1.jpg\",\"width\":800,\"height\":600},{\"@type\":\"BreadcrumbList\",\"@id\":\"https:\/\/koningdrone.be\/product\/gl-300-spotlight\/#breadcrumb\",\"itemListElement\":[{\"@type\":\"ListItem\",\"position\":1,\"name\":\"Home\",\"item\":\"https:\/\/koningdrone.be\/\"},{\"@type\":\"ListItem\",\"position\":2,\"name\":\"AVSS Parachute Recovery System for DJI Matrice 300\/350\",\"item\":\"https:\/\/koningdrone.be\/product\/avss-parachute-recovery-system-for-dji-matrice-300-350\/\"},{\"@type\":\"ListItem\",\"position\":3,\"name\":\"Alle payloads\",\"item\":\"https:\/\/koningdrone.be\/categorie\/alle-payloads\/\"},{\"@type\":\"ListItem\",\"position\":4,\"name\":\"GL 300 Spotlight\"}]},{\"@type\":\"WebSite\",\"@id\":\"https:\/\/koningdrone.be\/#website\",\"url\":\"https:\/\/koningdrone.be\/\",\"name\":\"Koningdrone.be - Uw online specialist in drones, gimbals, camera's en power stations.\",\"description\":\"De webshop in drones en gimbals\",\"publisher\":{\"@id\":\"https:\/\/koningdrone.be\/#organization\"},\"potentialAction\":[{\"@type\":\"SearchAction\",\"target\":{\"@type\":\"EntryPoint\",\"urlTemplate\":\"https:\/\/koningdrone.be\/?s={search_term_string}\"},\"query-input\":{\"@type\":\"PropertyValueSpecification\",\"valueRequired\":true,\"valueName\":\"search_term_string\"}}],\"inLanguage\":\"fr-BE\"},{\"@type\":\"Organization\",\"@id\":\"https:\/\/koningdrone.be\/#organization\",\"name\":\"Koningdrone.be\",\"url\":\"https:\/\/koningdrone.be\/\",\"logo\":{\"@type\":\"ImageObject\",\"inLanguage\":\"fr-BE\",\"@id\":\"https:\/\/koningdrone.be\/#\/schema\/logo\/image\/\",\"url\":\"https:\/\/koningdrone.be\/wp-content\/uploads\/sites\/13\/2025\/04\/koningdrone-copyright-logo.svg\",\"contentUrl\":\"https:\/\/koningdrone.be\/wp-content\/uploads\/sites\/13\/2025\/04\/koningdrone-copyright-logo.svg\",\"width\":227,\"height\":38,\"caption\":\"Koningdrone.be\"},\"image\":{\"@id\":\"https:\/\/koningdrone.be\/#\/schema\/logo\/image\/\"}}]}<\/script>\n<!-- \/ Yoast SEO Premium plugin. -->","yoast_head_json":{"title":"GL 300 Spotlight - koningdrone.be","robots":{"index":"index","follow":"follow","max-snippet":"max-snippet:-1","max-image-preview":"max-image-preview:large","max-video-preview":"max-video-preview:-1"},"canonical":"https:\/\/koningdrone.be\/fr\/produit\/gl-300-spotlight\/","og_locale":"fr_FR","og_type":"article","og_title":"GL 300 Spotlight","og_description":"Super hoog vermogen, superhelderheidBrede hoek om objecten in verschillende situaties te volgenOptimale optiek, geen reflectieve krommingStandaard interface met een universele houder","og_url":"https:\/\/koningdrone.be\/fr\/produit\/gl-300-spotlight\/","og_site_name":"koningdrone.be","article_modified_time":"2026-04-13T13:30:03+00:00","og_image":[{"width":800,"height":600,"url":"https:\/\/koningdrone.be\/wp-content\/uploads\/sites\/13\/2025\/04\/6972073120142-1.jpg","type":"image\/jpeg"}],"twitter_card":"summary_large_image","twitter_misc":{"Dur\u00e9e de lecture est.":"1 minute"},"schema":{"@context":"https:\/\/schema.org","@graph":[{"@type":"WebPage","@id":"https:\/\/koningdrone.be\/product\/gl-300-spotlight\/","url":"https:\/\/koningdrone.be\/product\/gl-300-spotlight\/","name":"GL 300 Spotlight - koningdrone.be","isPartOf":{"@id":"https:\/\/koningdrone.be\/#website"},"primaryImageOfPage":{"@id":"https:\/\/koningdrone.be\/product\/gl-300-spotlight\/#primaryimage"},"image":{"@id":"https:\/\/koningdrone.be\/product\/gl-300-spotlight\/#primaryimage"},"thumbnailUrl":"https:\/\/koningdrone.be\/wp-content\/uploads\/sites\/13\/2025\/04\/6972073120142-1.jpg","datePublished":"2021-10-03T08:00:20+00:00","dateModified":"2026-04-13T13:30:03+00:00","breadcrumb":{"@id":"https:\/\/koningdrone.be\/product\/gl-300-spotlight\/#breadcrumb"},"inLanguage":"fr-BE","potentialAction":[{"@type":"ReadAction","target":["https:\/\/koningdrone.be\/product\/gl-300-spotlight\/"]}]},{"@type":"ImageObject","inLanguage":"fr-BE","@id":"https:\/\/koningdrone.be\/product\/gl-300-spotlight\/#primaryimage","url":"https:\/\/koningdrone.be\/wp-content\/uploads\/sites\/13\/2025\/04\/6972073120142-1.jpg","contentUrl":"https:\/\/koningdrone.be\/wp-content\/uploads\/sites\/13\/2025\/04\/6972073120142-1.jpg","width":800,"height":600},{"@type":"BreadcrumbList","@id":"https:\/\/koningdrone.be\/product\/gl-300-spotlight\/#breadcrumb","itemListElement":[{"@type":"ListItem","position":1,"name":"Home","item":"https:\/\/koningdrone.be\/"},{"@type":"ListItem","position":2,"name":"AVSS Parachute Recovery System for DJI Matrice 300\/350","item":"https:\/\/koningdrone.be\/product\/avss-parachute-recovery-system-for-dji-matrice-300-350\/"},{"@type":"ListItem","position":3,"name":"Alle payloads","item":"https:\/\/koningdrone.be\/categorie\/alle-payloads\/"},{"@type":"ListItem","position":4,"name":"GL 300 Spotlight"}]},{"@type":"WebSite","@id":"https:\/\/koningdrone.be\/#website","url":"https:\/\/koningdrone.be\/","name":"Koningdrone.be - Votre sp\u00e9cialiste en ligne en mati\u00e8re de drones, de cardans, de cam\u00e9ras et de centrales \u00e9lectriques.","description":"La boutique en ligne de drones et de cardans","publisher":{"@id":"https:\/\/koningdrone.be\/#organization"},"potentialAction":[{"@type":"SearchAction","target":{"@type":"EntryPoint","urlTemplate":"https:\/\/koningdrone.be\/?s={search_term_string}"},"query-input":{"@type":"PropertyValueSpecification","valueRequired":true,"valueName":"search_term_string"}}],"inLanguage":"fr-BE"},{"@type":"Organization","@id":"https:\/\/koningdrone.be\/#organization","name":"Kingdrone.co.uk","url":"https:\/\/koningdrone.be\/","logo":{"@type":"ImageObject","inLanguage":"fr-BE","@id":"https:\/\/koningdrone.be\/#\/schema\/logo\/image\/","url":"https:\/\/koningdrone.be\/wp-content\/uploads\/sites\/13\/2025\/04\/koningdrone-copyright-logo.svg","contentUrl":"https:\/\/koningdrone.be\/wp-content\/uploads\/sites\/13\/2025\/04\/koningdrone-copyright-logo.svg","width":227,"height":38,"caption":"Koningdrone.be"},"image":{"@id":"https:\/\/koningdrone.be\/#\/schema\/logo\/image\/"}}]}},"df_price":5499,"df_sale_price":"","df_regular_price":5499,"df_image_link":"https:\/\/koningdrone.be\/wp-content\/uploads\/sites\/13\/2025\/04\/6972073120142-1-300x225.jpg","_links":{"self":[{"href":"https:\/\/koningdrone.be\/fr\/wp-json\/wp\/v2\/product\/6247","targetHints":{"allow":["GET"]}}],"collection":[{"href":"https:\/\/koningdrone.be\/fr\/wp-json\/wp\/v2\/product"}],"about":[{"href":"https:\/\/koningdrone.be\/fr\/wp-json\/wp\/v2\/types\/product"}],"wp:featuredmedia":[{"embeddable":true,"href":"https:\/\/koningdrone.be\/fr\/wp-json\/wp\/v2\/media\/6245"}],"wp:attachment":[{"href":"https:\/\/koningdrone.be\/fr\/wp-json\/wp\/v2\/media?parent=6247"}],"wp:term":[{"taxonomy":"product_brand","embeddable":true,"href":"https:\/\/koningdrone.be\/fr\/wp-json\/wp\/v2\/product_brand?post=6247"},{"taxonomy":"product_cat","embeddable":true,"href":"https:\/\/koningdrone.be\/fr\/wp-json\/wp\/v2\/product_cat?post=6247"},{"taxonomy":"product_tag","embeddable":true,"href":"https:\/\/koningdrone.be\/fr\/wp-json\/wp\/v2\/product_tag?post=6247"}],"curies":[{"name":"wp","href":"https:\/\/api.w.org\/{rel}","templated":true}]}}