{"id":6234,"date":"2021-10-03T10:00:49","date_gmt":"2021-10-03T08:00:49","guid":{"rendered":"https:\/\/koningdrone.nl\/kon\/product\/gl-60-zoom-gimbal-spotlight\/"},"modified":"2026-04-29T08:20:51","modified_gmt":"2026-04-29T06:20:51","slug":"gl-60-zoom-gimbal-spotlight","status":"publish","type":"product","link":"https:\/\/koningdrone.be\/fr\/produit\/gl-60-zoom-gimbal-spotlight\/","title":{"rendered":"Projecteur \u00e0 cardan GL 60 Zoom"},"content":{"rendered":"<h1>Projecteur \u00e0 cardan GL 60 Zoom<\/h1>\n<p><strong>Rotule pr\u00eate \u00e0 l'emploi pour les drones DJI<\/strong><br \/>Le CZI GL60 Zoom Gimbal Spotlight est un projecteur zoom puissant et lumineux.<br \/>Il s'agit d'une charge utile plug-and-play, compatible avec le DJI M300 RTK et le Dji matrice 200 series V2, via l'interface DJI SkyPort V2.0.<br \/>Gr\u00e2ce \u00e0 une structure d'imagerie optique compos\u00e9e de plusieurs lentilles, le projecteur peut \u00e9mettre de la lumi\u00e8re selon des angles allant de 7\u00b0 \u00e0 34\u00b0 pour \u00e9clairer les zones importantes, \u00e0 une distance de 200 m\u00e8tres.<br \/>Ces capacit\u00e9s, associ\u00e9es \u00e0 une luminosit\u00e9 et \u00e0 une uniformit\u00e9 des couleurs extr\u00eamement \u00e9lev\u00e9es, constituent une strat\u00e9gie d'\u00e9clairage a\u00e9rien souple, pratique et puissante pour les op\u00e9rations de nuit ou par faible luminosit\u00e9 des drones.<br \/>Le projecteur peut suivre les cibles, dispose d'une vari\u00e9t\u00e9 de modes d'\u00e9clairage et d'une conception sans ventilateur enti\u00e8rement scell\u00e9e pour une meilleure \u00e9tanch\u00e9it\u00e9 \u00e0 l'eau et \u00e0 la poussi\u00e8re.<br \/>Contr\u00f4lez le projecteur via l'application DJI Pilot pour passer du mode lumi\u00e8re normale au mode flash et suivez automatiquement la rotation de la cam\u00e9ra pan-tilt-zoom.<br \/>Le GL60 Zoom Spotlight - avec sa nouvelle fonction de zoom - est bas\u00e9 sur la charge utile \u00e0 focalisation fixe GL60.<br \/><strong>Modes multiples<\/strong><br \/> - Comprend un mode flash puissant ;<br \/> - Envoyez les projecteurs et les projecteurs ;<br \/> - Verrouillable pour capturer les objets en mouvement ;<br \/> - Suivi continu du rayonnement ;<br \/> - Suivi du zoom et de la rotation de la cam\u00e9ra.<br \/><strong>Conception robuste<\/strong><br \/> - Conception sans ventilateur enti\u00e8rement \u00e9tanche ;<br \/> - Meilleures performances en mati\u00e8re d'\u00e9tanch\u00e9it\u00e9 \u00e0 l'eau et \u00e0 la poussi\u00e8re ;<br \/> - Syst\u00e8me avanc\u00e9 de contr\u00f4le automatique de la temp\u00e9rature.<br \/><strong>Compatibilit\u00e9 DJI<\/strong><br \/> - Compatible avec le DJI M300 RTK et la s\u00e9rie M200 V2 ;<br \/> - Pr\u00eat \u00e0 l'emploi gr\u00e2ce \u00e0 l'anneau adaptateur universel DJI SkyPort ;<br \/> - Contr\u00f4le via l'application DJI Pilot ;<br \/> - L'utilisation en combinaison avec d'autres charges utiles, telles que la s\u00e9rie H20, permet d'am\u00e9liorer l'efficacit\u00e9 de la mission.<br \/><strong>GL60 Zoom Spotlight : sc\u00e9narios d'utilisation et applications<\/strong><br \/>Le projecteur GL60 Zoom est un outil polyvalent qui peut \u00eatre utilis\u00e9 pour une s\u00e9rie d'applications.<br \/>Il peut \u00e9galement \u00eatre utilis\u00e9 avec d'autres charges utiles, telles que le r\u00e9seau de cam\u00e9ras H20 pour le M300 RTK (photo), pour combiner le projecteur lumineux avec d'autres capacit\u00e9s d'imagerie telles que le zoom, le thermique et le t\u00e9l\u00e9m\u00e8tre laser afin d'accro\u00eetre l'efficacit\u00e9 de la mission.<br \/>Les sc\u00e9narios d'utilisation appropri\u00e9s pour le projecteur GL60 Zoom sont les suivants :<br \/> - Drone de patrouille nocturne ;<br \/> - Rechercher et sauvegarder ;<br \/> - Inspections nocturnes ou \u00e0 faible luminosit\u00e9 ;<br \/> - Suppl\u00e9ment d'\u00e9clairage pour le cin\u00e9ma et la t\u00e9l\u00e9vision ;<br \/> - R\u00e9paration de l'\u00e9lectricit\u00e9 ou patrouille des lignes \u00e9lectriques ;<br \/> - \u00c9clairage de secours, apr\u00e8s une panne de courant ou un incident tel qu'un incendie.<\/p>","protected":false},"excerpt":{"rendered":"<ul>\n<li>Puissance nominale jusqu'\u00e0 65W ;<\/li>\n<li>Rayonnement efficace jusqu'\u00e0 200 m\u00e8tres ;<\/li>\n<li>Contr\u00f4le flexible de la luminosit\u00e9 ;<\/li>\n<li>Structure du zoom optique de la lentille de Fresnel ;<\/li>\n<li>Angle d'\u00e9clairage de 7\u00b0 \u00e0 34\u00b0.<\/li>\n<\/ul>","protected":false},"featured_media":6233,"template":"","meta":{"_acf_changed":false},"product_brand":[],"product_cat":[126,97,152],"product_tag":[],"class_list":{"0":"post-6234","1":"product","2":"type-product","3":"status-publish","4":"has-post-thumbnail","6":"product_cat-alle-payloads","7":"product_cat-alle-producten","8":"product_cat-dji-matrice-300","9":"product_shipping_class-outofstock","10":"pa_brand-czi","11":"pa_productfamily-spotlight","12":"pa_producttype-spotlight","13":"pa_series-gl60","15":"first","16":"outofstock","17":"taxable","18":"shipping-taxable","19":"product-type-simple"},"acf":[],"yoast_head":"<!-- This site is optimized with the Yoast SEO Premium plugin v27.2 (Yoast SEO v27.2) - https:\/\/yoast.com\/product\/yoast-seo-premium-wordpress\/ -->\n<title>GL 60 Zoom Gimbal Spotlight - koningdrone.be<\/title>\n<meta name=\"robots\" content=\"index, follow, max-snippet:-1, max-image-preview:large, max-video-preview:-1\" \/>\n<link rel=\"canonical\" href=\"https:\/\/koningdrone.be\/fr\/produit\/gl-60-zoom-gimbal-spotlight\/\" \/>\n<meta property=\"og:locale\" content=\"fr_FR\" \/>\n<meta property=\"og:type\" content=\"article\" \/>\n<meta property=\"og:title\" content=\"GL 60 Zoom Gimbal Spotlight\" \/>\n<meta property=\"og:description\" content=\"Nominaal vermogen tot 65W;Effectieve bestraling tot 200 meter;Flexibele helderheidsregeling;Fresnel-lens optische zoomstructuur;7\u00b0 tot 34\u00b0 verlichtingshoek.\" \/>\n<meta property=\"og:url\" content=\"https:\/\/koningdrone.be\/fr\/produit\/gl-60-zoom-gimbal-spotlight\/\" \/>\n<meta property=\"og:site_name\" content=\"koningdrone.be\" \/>\n<meta property=\"article:modified_time\" content=\"2026-04-29T06:20:51+00:00\" \/>\n<meta property=\"og:image\" content=\"https:\/\/koningdrone.be\/wp-content\/uploads\/sites\/13\/2025\/04\/6972073120081-3.jpg\" \/>\n\t<meta property=\"og:image:width\" content=\"800\" \/>\n\t<meta property=\"og:image:height\" content=\"800\" \/>\n\t<meta property=\"og:image:type\" content=\"image\/jpeg\" \/>\n<meta name=\"twitter:card\" content=\"summary_large_image\" \/>\n<meta name=\"twitter:label1\" content=\"Dur\u00e9e de lecture est.\" \/>\n\t<meta name=\"twitter:data1\" content=\"2 minutes\" \/>\n<script type=\"application\/ld+json\" class=\"yoast-schema-graph\">{\"@context\":\"https:\/\/schema.org\",\"@graph\":[{\"@type\":\"WebPage\",\"@id\":\"https:\/\/koningdrone.be\/product\/gl-60-zoom-gimbal-spotlight\/\",\"url\":\"https:\/\/koningdrone.be\/product\/gl-60-zoom-gimbal-spotlight\/\",\"name\":\"GL 60 Zoom Gimbal Spotlight - koningdrone.be\",\"isPartOf\":{\"@id\":\"https:\/\/koningdrone.be\/#website\"},\"primaryImageOfPage\":{\"@id\":\"https:\/\/koningdrone.be\/product\/gl-60-zoom-gimbal-spotlight\/#primaryimage\"},\"image\":{\"@id\":\"https:\/\/koningdrone.be\/product\/gl-60-zoom-gimbal-spotlight\/#primaryimage\"},\"thumbnailUrl\":\"https:\/\/koningdrone.be\/wp-content\/uploads\/sites\/13\/2025\/04\/6972073120081-3.jpg\",\"datePublished\":\"2021-10-03T08:00:49+00:00\",\"dateModified\":\"2026-04-29T06:20:51+00:00\",\"breadcrumb\":{\"@id\":\"https:\/\/koningdrone.be\/product\/gl-60-zoom-gimbal-spotlight\/#breadcrumb\"},\"inLanguage\":\"fr-BE\",\"potentialAction\":[{\"@type\":\"ReadAction\",\"target\":[\"https:\/\/koningdrone.be\/product\/gl-60-zoom-gimbal-spotlight\/\"]}]},{\"@type\":\"ImageObject\",\"inLanguage\":\"fr-BE\",\"@id\":\"https:\/\/koningdrone.be\/product\/gl-60-zoom-gimbal-spotlight\/#primaryimage\",\"url\":\"https:\/\/koningdrone.be\/wp-content\/uploads\/sites\/13\/2025\/04\/6972073120081-3.jpg\",\"contentUrl\":\"https:\/\/koningdrone.be\/wp-content\/uploads\/sites\/13\/2025\/04\/6972073120081-3.jpg\",\"width\":800,\"height\":800},{\"@type\":\"BreadcrumbList\",\"@id\":\"https:\/\/koningdrone.be\/product\/gl-60-zoom-gimbal-spotlight\/#breadcrumb\",\"itemListElement\":[{\"@type\":\"ListItem\",\"position\":1,\"name\":\"Home\",\"item\":\"https:\/\/koningdrone.be\/\"},{\"@type\":\"ListItem\",\"position\":2,\"name\":\"AVSS Parachute Recovery System for DJI Matrice 300\/350\",\"item\":\"https:\/\/koningdrone.be\/product\/avss-parachute-recovery-system-for-dji-matrice-300-350\/\"},{\"@type\":\"ListItem\",\"position\":3,\"name\":\"Alle payloads\",\"item\":\"https:\/\/koningdrone.be\/categorie\/alle-payloads\/\"},{\"@type\":\"ListItem\",\"position\":4,\"name\":\"GL 60 Zoom Gimbal Spotlight\"}]},{\"@type\":\"WebSite\",\"@id\":\"https:\/\/koningdrone.be\/#website\",\"url\":\"https:\/\/koningdrone.be\/\",\"name\":\"Koningdrone.be - Uw online specialist in drones, gimbals, camera's en power stations.\",\"description\":\"De webshop in drones en gimbals\",\"publisher\":{\"@id\":\"https:\/\/koningdrone.be\/#organization\"},\"potentialAction\":[{\"@type\":\"SearchAction\",\"target\":{\"@type\":\"EntryPoint\",\"urlTemplate\":\"https:\/\/koningdrone.be\/?s={search_term_string}\"},\"query-input\":{\"@type\":\"PropertyValueSpecification\",\"valueRequired\":true,\"valueName\":\"search_term_string\"}}],\"inLanguage\":\"fr-BE\"},{\"@type\":\"Organization\",\"@id\":\"https:\/\/koningdrone.be\/#organization\",\"name\":\"Koningdrone.be\",\"url\":\"https:\/\/koningdrone.be\/\",\"logo\":{\"@type\":\"ImageObject\",\"inLanguage\":\"fr-BE\",\"@id\":\"https:\/\/koningdrone.be\/#\/schema\/logo\/image\/\",\"url\":\"https:\/\/koningdrone.be\/wp-content\/uploads\/sites\/13\/2025\/04\/koningdrone-copyright-logo.svg\",\"contentUrl\":\"https:\/\/koningdrone.be\/wp-content\/uploads\/sites\/13\/2025\/04\/koningdrone-copyright-logo.svg\",\"width\":227,\"height\":38,\"caption\":\"Koningdrone.be\"},\"image\":{\"@id\":\"https:\/\/koningdrone.be\/#\/schema\/logo\/image\/\"}}]}<\/script>\n<!-- \/ Yoast SEO Premium plugin. -->","yoast_head_json":{"title":"GL 60 Zoom Gimbal Spotlight - koningdrone.be","robots":{"index":"index","follow":"follow","max-snippet":"max-snippet:-1","max-image-preview":"max-image-preview:large","max-video-preview":"max-video-preview:-1"},"canonical":"https:\/\/koningdrone.be\/fr\/produit\/gl-60-zoom-gimbal-spotlight\/","og_locale":"fr_FR","og_type":"article","og_title":"GL 60 Zoom Gimbal Spotlight","og_description":"Nominaal vermogen tot 65W;Effectieve bestraling tot 200 meter;Flexibele helderheidsregeling;Fresnel-lens optische zoomstructuur;7\u00b0 tot 34\u00b0 verlichtingshoek.","og_url":"https:\/\/koningdrone.be\/fr\/produit\/gl-60-zoom-gimbal-spotlight\/","og_site_name":"koningdrone.be","article_modified_time":"2026-04-29T06:20:51+00:00","og_image":[{"width":800,"height":800,"url":"https:\/\/koningdrone.be\/wp-content\/uploads\/sites\/13\/2025\/04\/6972073120081-3.jpg","type":"image\/jpeg"}],"twitter_card":"summary_large_image","twitter_misc":{"Dur\u00e9e de lecture est.":"2 minutes"},"schema":{"@context":"https:\/\/schema.org","@graph":[{"@type":"WebPage","@id":"https:\/\/koningdrone.be\/product\/gl-60-zoom-gimbal-spotlight\/","url":"https:\/\/koningdrone.be\/product\/gl-60-zoom-gimbal-spotlight\/","name":"GL 60 Zoom Gimbal Spotlight - koningdrone.be","isPartOf":{"@id":"https:\/\/koningdrone.be\/#website"},"primaryImageOfPage":{"@id":"https:\/\/koningdrone.be\/product\/gl-60-zoom-gimbal-spotlight\/#primaryimage"},"image":{"@id":"https:\/\/koningdrone.be\/product\/gl-60-zoom-gimbal-spotlight\/#primaryimage"},"thumbnailUrl":"https:\/\/koningdrone.be\/wp-content\/uploads\/sites\/13\/2025\/04\/6972073120081-3.jpg","datePublished":"2021-10-03T08:00:49+00:00","dateModified":"2026-04-29T06:20:51+00:00","breadcrumb":{"@id":"https:\/\/koningdrone.be\/product\/gl-60-zoom-gimbal-spotlight\/#breadcrumb"},"inLanguage":"fr-BE","potentialAction":[{"@type":"ReadAction","target":["https:\/\/koningdrone.be\/product\/gl-60-zoom-gimbal-spotlight\/"]}]},{"@type":"ImageObject","inLanguage":"fr-BE","@id":"https:\/\/koningdrone.be\/product\/gl-60-zoom-gimbal-spotlight\/#primaryimage","url":"https:\/\/koningdrone.be\/wp-content\/uploads\/sites\/13\/2025\/04\/6972073120081-3.jpg","contentUrl":"https:\/\/koningdrone.be\/wp-content\/uploads\/sites\/13\/2025\/04\/6972073120081-3.jpg","width":800,"height":800},{"@type":"BreadcrumbList","@id":"https:\/\/koningdrone.be\/product\/gl-60-zoom-gimbal-spotlight\/#breadcrumb","itemListElement":[{"@type":"ListItem","position":1,"name":"Home","item":"https:\/\/koningdrone.be\/"},{"@type":"ListItem","position":2,"name":"AVSS Parachute Recovery System for DJI Matrice 300\/350","item":"https:\/\/koningdrone.be\/product\/avss-parachute-recovery-system-for-dji-matrice-300-350\/"},{"@type":"ListItem","position":3,"name":"Alle payloads","item":"https:\/\/koningdrone.be\/categorie\/alle-payloads\/"},{"@type":"ListItem","position":4,"name":"GL 60 Zoom Gimbal Spotlight"}]},{"@type":"WebSite","@id":"https:\/\/koningdrone.be\/#website","url":"https:\/\/koningdrone.be\/","name":"Koningdrone.be - Votre sp\u00e9cialiste en ligne en mati\u00e8re de drones, de cardans, de cam\u00e9ras et de centrales \u00e9lectriques.","description":"La boutique en ligne de drones et de cardans","publisher":{"@id":"https:\/\/koningdrone.be\/#organization"},"potentialAction":[{"@type":"SearchAction","target":{"@type":"EntryPoint","urlTemplate":"https:\/\/koningdrone.be\/?s={search_term_string}"},"query-input":{"@type":"PropertyValueSpecification","valueRequired":true,"valueName":"search_term_string"}}],"inLanguage":"fr-BE"},{"@type":"Organization","@id":"https:\/\/koningdrone.be\/#organization","name":"Kingdrone.co.uk","url":"https:\/\/koningdrone.be\/","logo":{"@type":"ImageObject","inLanguage":"fr-BE","@id":"https:\/\/koningdrone.be\/#\/schema\/logo\/image\/","url":"https:\/\/koningdrone.be\/wp-content\/uploads\/sites\/13\/2025\/04\/koningdrone-copyright-logo.svg","contentUrl":"https:\/\/koningdrone.be\/wp-content\/uploads\/sites\/13\/2025\/04\/koningdrone-copyright-logo.svg","width":227,"height":38,"caption":"Koningdrone.be"},"image":{"@id":"https:\/\/koningdrone.be\/#\/schema\/logo\/image\/"}}]}},"df_price":"","df_sale_price":"","df_regular_price":"","df_image_link":"https:\/\/koningdrone.be\/wp-content\/uploads\/sites\/13\/2025\/04\/6972073120081-3-300x300.jpg","_links":{"self":[{"href":"https:\/\/koningdrone.be\/fr\/wp-json\/wp\/v2\/product\/6234","targetHints":{"allow":["GET"]}}],"collection":[{"href":"https:\/\/koningdrone.be\/fr\/wp-json\/wp\/v2\/product"}],"about":[{"href":"https:\/\/koningdrone.be\/fr\/wp-json\/wp\/v2\/types\/product"}],"wp:featuredmedia":[{"embeddable":true,"href":"https:\/\/koningdrone.be\/fr\/wp-json\/wp\/v2\/media\/6233"}],"wp:attachment":[{"href":"https:\/\/koningdrone.be\/fr\/wp-json\/wp\/v2\/media?parent=6234"}],"wp:term":[{"taxonomy":"product_brand","embeddable":true,"href":"https:\/\/koningdrone.be\/fr\/wp-json\/wp\/v2\/product_brand?post=6234"},{"taxonomy":"product_cat","embeddable":true,"href":"https:\/\/koningdrone.be\/fr\/wp-json\/wp\/v2\/product_cat?post=6234"},{"taxonomy":"product_tag","embeddable":true,"href":"https:\/\/koningdrone.be\/fr\/wp-json\/wp\/v2\/product_tag?post=6234"}],"curies":[{"name":"wp","href":"https:\/\/api.w.org\/{rel}","templated":true}]}}