{"id":6226,"date":"2021-10-03T10:01:49","date_gmt":"2021-10-03T08:01:49","guid":{"rendered":"https:\/\/koningdrone.nl\/kon\/product\/dji-zenmuse-z15-sony-nex7\/"},"modified":"2026-04-29T07:50:12","modified_gmt":"2026-04-29T05:50:12","slug":"dji-zenmuse-z15-sony-nex7","status":"publish","type":"product","link":"https:\/\/koningdrone.be\/fr\/produit\/dji-zenmuse-z15-sony-nex7\/","title":{"rendered":"DJI Zenmuse Z15 Sony Nex7"},"content":{"rendered":"<h1>DJI Zenmus Z15 Sony Nex7<\/h1>\n<p>Rotule professionnelle \u00e0 3 axes pour cam\u00e9ra, avec capteurs de haute technologie :<br \/>La t\u00eate t\u00e9l\u00e9command\u00e9e DJI Zenmuse est une \u00e9tape importante et une \u00e9volution pour les professionnels du cin\u00e9ma, de la photographie a\u00e9rienne et pour les clients commerciaux.<br \/>Il convient \u00e9galement aux multicopt\u00e8res se d\u00e9pla\u00e7ant \u00e0 des vitesses tr\u00e8s \u00e9lev\u00e9es, en conservant un contr\u00f4le extr\u00eamement pr\u00e9cis et une bonne stabilit\u00e9.<br \/>Le Zenmuse Z15 a une pr\u00e9cision de positionnement de = b1 0,05 \u00b0 sur les 3 axes, ce qui permet d'obtenir une image de cam\u00e9ra parfaitement align\u00e9e.<br \/><strong>Conception sp\u00e9cialement adapt\u00e9e \u00e0 chaque appareil photo pour une meilleure stabilisation<\/strong><br \/>Pour perfectionner les fonctions du Zenmuse Z15, la t\u00eate de cam\u00e9ra a \u00e9t\u00e9 adapt\u00e9e \u00e0 des cam\u00e9ras sp\u00e9ciales.<br \/>La DJI Zenmuse Z15 a \u00e9t\u00e9 adapt\u00e9e aux cam\u00e9ras Sony Nex5\/7 et Panasonic GH1\/2.<br \/>Avec des accessoires optionnels, il est possible de convertir le Z15-N (s\u00e9rie SONY Nex) en Z15-G (s\u00e9rie PANASONIC GH).<br \/><strong>Diff\u00e9rents modes de contr\u00f4le de la DJI Zenmuse Z15<\/strong><br \/>Le DJI Zenmuse Gimbal dispose de 3 modes diff\u00e9rents qui peuvent \u00eatre chang\u00e9s pendant le vol via la t\u00e9l\u00e9commande RC.<br \/> - Mode d'orientation fixe (boussole)<br \/> - Mode sans orientation fixe<br \/> - Mode FPV avec b\u00e9quille centrale<br \/>Cela permet toutes les principales options de contr\u00f4le pour la photographie a\u00e9rienne.<br \/><strong>Angle de rotation de 360\u00b0 sur 3 axes pour une perspective parfaite<\/strong><br \/>Un mouvement de 360\u00b0 sur les 3 axes PAN\/ROLL\/NICK est possible gr\u00e2ce \u00e0 des contacts coulissants de haute qualit\u00e9, il n'y a pas de limites \u00e0 la libert\u00e9 de mouvement de la DJI Zenmuse Z15.<br \/>Le c\u00e2blage du cardan est fix\u00e9 dans des goulottes sp\u00e9ciales.<br \/><strong>IMU ind\u00e9pendant pour la stabilisation du Z15 Zenmuse<\/strong><br \/>Des ann\u00e9es de d\u00e9veloppement par DJI de syst\u00e8mes de pilotage automatique pour h\u00e9licopt\u00e8res et multicopt\u00e8res ont conduit \u00e0 de grandes avanc\u00e9es dans les algorithmes de contr\u00f4le d'attitude.<br \/>C'est gr\u00e2ce \u00e0 cette avanc\u00e9e que le Zenmuse Z15, avec son unit\u00e9 IMU int\u00e9gr\u00e9e, est extr\u00eamement stable et fiable.<br \/>L'IMU est enti\u00e8rement c\u00e2bl\u00e9 et l'installation est tr\u00e8s facile.<br \/><strong>T\u00e9l\u00e9commande principale ind\u00e9pendante<\/strong><br \/>La commande s\u00e9par\u00e9e du cardan via le bus CAN est connect\u00e9e \u00e0 l'IMU et \u00e0 la commande de vol (Wookong M ou H), ce qui permet aux donn\u00e9es des capteurs de la commande de vol d'\u00eatre int\u00e9gr\u00e9es dans les algorithmes complexes de stabilisation de la cam\u00e9ra.<br \/><strong>Servomoteurs sp\u00e9ciaux de DJI<\/strong><br \/>DJI a sp\u00e9cialement adapt\u00e9 et d\u00e9velopp\u00e9 les unit\u00e9s d'entra\u00eenement pour les mouvements et les temps de r\u00e9action extr\u00eamement rapides.<br \/> - Tr\u00e8s pr\u00e9cis<br \/> - Sans vibration<br \/> - Force de positionnement \u00e9lev\u00e9e<br \/>Les modules d'entra\u00eenement de DJI sont id\u00e9aux pour une utilisation professionnelle.<br \/><strong>Module de conversion HDMI-AV pour Zenmuse Z15<\/strong><br \/>La n\u00e9cessit\u00e9 d'avoir une vue en direct des cam\u00e9ras pour le contr\u00f4le et le fait que les cam\u00e9ras correspondantes n'ont pas de sortie AV composite normale ont conduit DJI \u00e0 d\u00e9velopper un module convertisseur int\u00e9gr\u00e9 dans le cardan.<br \/>Une solution simple et directe, aussi simple qu'ing\u00e9nieuse, a \u00e9t\u00e9 cr\u00e9\u00e9e.<br \/><strong>Prise en charge des r\u00e9cepteurs S-Bus<\/strong><br \/>Pour contr\u00f4ler la DJI Zenmuse Z15, tous les r\u00e9cepteurs standard des fabricants courants sont pris en charge.<br \/>Un r\u00e9cepteur Futaba S-Bus peut \u00e9galement \u00eatre utilis\u00e9 pour \u00e9viter tout c\u00e2blage inutile.<br \/><strong>Rotation sur 3 axes<\/strong><br \/>La stabilisation du gimbal Zenmuse sur les 3 axes est TOUJOURS effectu\u00e9e avec une pr\u00e9cision et une vitesse maximales, le mouvement manuel de la cam\u00e9ra \u00e9tant contr\u00f4l\u00e9 par la d\u00e9viation du manche de la t\u00e9l\u00e9commande, ce qui permet un contr\u00f4le tr\u00e8s pr\u00e9cis.<br \/>Du panoramique lent \u00e0 la recherche rapide, tout est possible.<\/p>","protected":false},"excerpt":{"rendered":"<ul>\n<li>Rotule professionnelle haute performance 3-AXIS<\/li>\n<li>Conception du cardan adapt\u00e9e \u00e0 diff\u00e9rentes cam\u00e9ras<\/li>\n<li>Modes de fonctionnement multiples<\/li>\n<li>3-AXIS Angle de rotation Illimit\u00e9<\/li>\n<li>Module IMU ind\u00e9pendant int\u00e9gr\u00e9<\/li>\n<li>Contr\u00f4leur de cardan ind\u00e9pendant<\/li>\n<li>Module d'entra\u00eenement de servo d\u00e9di\u00e9 au DJI Gimbal<\/li>\n<li>Module HDMI-AV<\/li>\n<li>Prise en charge du r\u00e9cepteur S-Bus<\/li>\n<li>3 AXE Contr\u00f4le de la vitesse de rotation<\/li>\n<\/ul>","protected":false},"featured_media":6223,"template":"","meta":{"_acf_changed":false},"product_brand":[],"product_cat":[298,97,316],"product_tag":[],"class_list":{"0":"post-6226","1":"product","2":"type-product","3":"status-publish","4":"has-post-thumbnail","6":"product_cat-alle-industriele-camera","7":"product_cat-alle-producten","8":"product_cat-dji-zenmuse","9":"product_shipping_class-outofstock","10":"pa_brand-dji","11":"pa_productfamily-camera","12":"pa_producttype-camera","13":"pa_series-zenmuse-z15","15":"first","16":"outofstock","17":"taxable","18":"shipping-taxable","19":"product-type-simple"},"acf":[],"yoast_head":"<!-- This site is optimized with the Yoast SEO Premium plugin v27.2 (Yoast SEO v27.2) - https:\/\/yoast.com\/product\/yoast-seo-premium-wordpress\/ -->\n<title>DJI Zenmuse Z15 Sony Nex7 - koningdrone.be<\/title>\n<meta name=\"robots\" content=\"index, follow, max-snippet:-1, max-image-preview:large, max-video-preview:-1\" \/>\n<link rel=\"canonical\" href=\"https:\/\/koningdrone.be\/fr\/produit\/dji-zenmuse-z15-sony-nex7\/\" \/>\n<meta property=\"og:locale\" content=\"fr_FR\" \/>\n<meta property=\"og:type\" content=\"article\" \/>\n<meta property=\"og:title\" content=\"DJI Zenmuse Z15 Sony Nex7\" \/>\n<meta property=\"og:description\" content=\"3-AXIS professionele gimbal met hoge prestatiesGimbal-ontwerp aangepast voor verschillende camera&#039;sMeerdere bedieningsmodi3-AXIS Rotatiehoek OnbeperktIngebouwde onafhankelijke IMU-moduleOnafhankelijke gimbal-controllerDJI Gimbal speciale servo-aandrijfmoduleHDMI-AV-moduleOndersteuning voor S-Bus-ontvanger3 AXIS rotatiesnelheidsregeling\" \/>\n<meta property=\"og:url\" content=\"https:\/\/koningdrone.be\/fr\/produit\/dji-zenmuse-z15-sony-nex7\/\" \/>\n<meta property=\"og:site_name\" content=\"koningdrone.be\" \/>\n<meta property=\"article:modified_time\" content=\"2026-04-29T05:50:12+00:00\" \/>\n<meta property=\"og:image\" content=\"https:\/\/koningdrone.be\/wp-content\/uploads\/sites\/13\/2025\/04\/6958265106019-1.jpg\" \/>\n\t<meta property=\"og:image:width\" content=\"800\" \/>\n\t<meta property=\"og:image:height\" content=\"500\" \/>\n\t<meta property=\"og:image:type\" content=\"image\/jpeg\" \/>\n<meta name=\"twitter:card\" content=\"summary_large_image\" \/>\n<meta name=\"twitter:label1\" content=\"Dur\u00e9e de lecture est.\" \/>\n\t<meta name=\"twitter:data1\" content=\"2 minutes\" \/>\n<script type=\"application\/ld+json\" class=\"yoast-schema-graph\">{\"@context\":\"https:\/\/schema.org\",\"@graph\":[{\"@type\":\"WebPage\",\"@id\":\"https:\/\/koningdrone.be\/product\/dji-zenmuse-z15-sony-nex7\/\",\"url\":\"https:\/\/koningdrone.be\/product\/dji-zenmuse-z15-sony-nex7\/\",\"name\":\"DJI Zenmuse Z15 Sony Nex7 - koningdrone.be\",\"isPartOf\":{\"@id\":\"https:\/\/koningdrone.be\/#website\"},\"primaryImageOfPage\":{\"@id\":\"https:\/\/koningdrone.be\/product\/dji-zenmuse-z15-sony-nex7\/#primaryimage\"},\"image\":{\"@id\":\"https:\/\/koningdrone.be\/product\/dji-zenmuse-z15-sony-nex7\/#primaryimage\"},\"thumbnailUrl\":\"https:\/\/koningdrone.be\/wp-content\/uploads\/sites\/13\/2025\/04\/6958265106019-1.jpg\",\"datePublished\":\"2021-10-03T08:01:49+00:00\",\"dateModified\":\"2026-04-29T05:50:12+00:00\",\"breadcrumb\":{\"@id\":\"https:\/\/koningdrone.be\/product\/dji-zenmuse-z15-sony-nex7\/#breadcrumb\"},\"inLanguage\":\"fr-BE\",\"potentialAction\":[{\"@type\":\"ReadAction\",\"target\":[\"https:\/\/koningdrone.be\/product\/dji-zenmuse-z15-sony-nex7\/\"]}]},{\"@type\":\"ImageObject\",\"inLanguage\":\"fr-BE\",\"@id\":\"https:\/\/koningdrone.be\/product\/dji-zenmuse-z15-sony-nex7\/#primaryimage\",\"url\":\"https:\/\/koningdrone.be\/wp-content\/uploads\/sites\/13\/2025\/04\/6958265106019-1.jpg\",\"contentUrl\":\"https:\/\/koningdrone.be\/wp-content\/uploads\/sites\/13\/2025\/04\/6958265106019-1.jpg\",\"width\":800,\"height\":500},{\"@type\":\"BreadcrumbList\",\"@id\":\"https:\/\/koningdrone.be\/product\/dji-zenmuse-z15-sony-nex7\/#breadcrumb\",\"itemListElement\":[{\"@type\":\"ListItem\",\"position\":1,\"name\":\"Home\",\"item\":\"https:\/\/koningdrone.be\/\"},{\"@type\":\"ListItem\",\"position\":2,\"name\":\"AVSS Parachute Recovery System for DJI Matrice 300\/350\",\"item\":\"https:\/\/koningdrone.be\/product\/avss-parachute-recovery-system-for-dji-matrice-300-350\/\"},{\"@type\":\"ListItem\",\"position\":3,\"name\":\"Alle industriele camera\",\"item\":\"https:\/\/koningdrone.be\/categorie\/alle-industriele-camera\/\"},{\"@type\":\"ListItem\",\"position\":4,\"name\":\"DJI Zenmuse Z15 Sony Nex7\"}]},{\"@type\":\"WebSite\",\"@id\":\"https:\/\/koningdrone.be\/#website\",\"url\":\"https:\/\/koningdrone.be\/\",\"name\":\"Koningdrone.be - Uw online specialist in drones, gimbals, camera's en power stations.\",\"description\":\"De webshop in drones en gimbals\",\"publisher\":{\"@id\":\"https:\/\/koningdrone.be\/#organization\"},\"potentialAction\":[{\"@type\":\"SearchAction\",\"target\":{\"@type\":\"EntryPoint\",\"urlTemplate\":\"https:\/\/koningdrone.be\/?s={search_term_string}\"},\"query-input\":{\"@type\":\"PropertyValueSpecification\",\"valueRequired\":true,\"valueName\":\"search_term_string\"}}],\"inLanguage\":\"fr-BE\"},{\"@type\":\"Organization\",\"@id\":\"https:\/\/koningdrone.be\/#organization\",\"name\":\"Koningdrone.be\",\"url\":\"https:\/\/koningdrone.be\/\",\"logo\":{\"@type\":\"ImageObject\",\"inLanguage\":\"fr-BE\",\"@id\":\"https:\/\/koningdrone.be\/#\/schema\/logo\/image\/\",\"url\":\"https:\/\/koningdrone.be\/wp-content\/uploads\/sites\/13\/2025\/04\/koningdrone-copyright-logo.svg\",\"contentUrl\":\"https:\/\/koningdrone.be\/wp-content\/uploads\/sites\/13\/2025\/04\/koningdrone-copyright-logo.svg\",\"width\":227,\"height\":38,\"caption\":\"Koningdrone.be\"},\"image\":{\"@id\":\"https:\/\/koningdrone.be\/#\/schema\/logo\/image\/\"}}]}<\/script>\n<!-- \/ Yoast SEO Premium plugin. -->","yoast_head_json":{"title":"DJI Zenmuse Z15 Sony Nex7 - koningdrone.be","robots":{"index":"index","follow":"follow","max-snippet":"max-snippet:-1","max-image-preview":"max-image-preview:large","max-video-preview":"max-video-preview:-1"},"canonical":"https:\/\/koningdrone.be\/fr\/produit\/dji-zenmuse-z15-sony-nex7\/","og_locale":"fr_FR","og_type":"article","og_title":"DJI Zenmuse Z15 Sony Nex7","og_description":"3-AXIS professionele gimbal met hoge prestatiesGimbal-ontwerp aangepast voor verschillende camera'sMeerdere bedieningsmodi3-AXIS Rotatiehoek OnbeperktIngebouwde onafhankelijke IMU-moduleOnafhankelijke gimbal-controllerDJI Gimbal speciale servo-aandrijfmoduleHDMI-AV-moduleOndersteuning voor S-Bus-ontvanger3 AXIS rotatiesnelheidsregeling","og_url":"https:\/\/koningdrone.be\/fr\/produit\/dji-zenmuse-z15-sony-nex7\/","og_site_name":"koningdrone.be","article_modified_time":"2026-04-29T05:50:12+00:00","og_image":[{"width":800,"height":500,"url":"https:\/\/koningdrone.be\/wp-content\/uploads\/sites\/13\/2025\/04\/6958265106019-1.jpg","type":"image\/jpeg"}],"twitter_card":"summary_large_image","twitter_misc":{"Dur\u00e9e de lecture est.":"2 minutes"},"schema":{"@context":"https:\/\/schema.org","@graph":[{"@type":"WebPage","@id":"https:\/\/koningdrone.be\/product\/dji-zenmuse-z15-sony-nex7\/","url":"https:\/\/koningdrone.be\/product\/dji-zenmuse-z15-sony-nex7\/","name":"DJI Zenmuse Z15 Sony Nex7 - koningdrone.be","isPartOf":{"@id":"https:\/\/koningdrone.be\/#website"},"primaryImageOfPage":{"@id":"https:\/\/koningdrone.be\/product\/dji-zenmuse-z15-sony-nex7\/#primaryimage"},"image":{"@id":"https:\/\/koningdrone.be\/product\/dji-zenmuse-z15-sony-nex7\/#primaryimage"},"thumbnailUrl":"https:\/\/koningdrone.be\/wp-content\/uploads\/sites\/13\/2025\/04\/6958265106019-1.jpg","datePublished":"2021-10-03T08:01:49+00:00","dateModified":"2026-04-29T05:50:12+00:00","breadcrumb":{"@id":"https:\/\/koningdrone.be\/product\/dji-zenmuse-z15-sony-nex7\/#breadcrumb"},"inLanguage":"fr-BE","potentialAction":[{"@type":"ReadAction","target":["https:\/\/koningdrone.be\/product\/dji-zenmuse-z15-sony-nex7\/"]}]},{"@type":"ImageObject","inLanguage":"fr-BE","@id":"https:\/\/koningdrone.be\/product\/dji-zenmuse-z15-sony-nex7\/#primaryimage","url":"https:\/\/koningdrone.be\/wp-content\/uploads\/sites\/13\/2025\/04\/6958265106019-1.jpg","contentUrl":"https:\/\/koningdrone.be\/wp-content\/uploads\/sites\/13\/2025\/04\/6958265106019-1.jpg","width":800,"height":500},{"@type":"BreadcrumbList","@id":"https:\/\/koningdrone.be\/product\/dji-zenmuse-z15-sony-nex7\/#breadcrumb","itemListElement":[{"@type":"ListItem","position":1,"name":"Home","item":"https:\/\/koningdrone.be\/"},{"@type":"ListItem","position":2,"name":"AVSS Parachute Recovery System for DJI Matrice 300\/350","item":"https:\/\/koningdrone.be\/product\/avss-parachute-recovery-system-for-dji-matrice-300-350\/"},{"@type":"ListItem","position":3,"name":"Alle industriele camera","item":"https:\/\/koningdrone.be\/categorie\/alle-industriele-camera\/"},{"@type":"ListItem","position":4,"name":"DJI Zenmuse Z15 Sony Nex7"}]},{"@type":"WebSite","@id":"https:\/\/koningdrone.be\/#website","url":"https:\/\/koningdrone.be\/","name":"Koningdrone.be - Votre sp\u00e9cialiste en ligne en mati\u00e8re de drones, de cardans, de cam\u00e9ras et de centrales \u00e9lectriques.","description":"La boutique en ligne de drones et de cardans","publisher":{"@id":"https:\/\/koningdrone.be\/#organization"},"potentialAction":[{"@type":"SearchAction","target":{"@type":"EntryPoint","urlTemplate":"https:\/\/koningdrone.be\/?s={search_term_string}"},"query-input":{"@type":"PropertyValueSpecification","valueRequired":true,"valueName":"search_term_string"}}],"inLanguage":"fr-BE"},{"@type":"Organization","@id":"https:\/\/koningdrone.be\/#organization","name":"Kingdrone.co.uk","url":"https:\/\/koningdrone.be\/","logo":{"@type":"ImageObject","inLanguage":"fr-BE","@id":"https:\/\/koningdrone.be\/#\/schema\/logo\/image\/","url":"https:\/\/koningdrone.be\/wp-content\/uploads\/sites\/13\/2025\/04\/koningdrone-copyright-logo.svg","contentUrl":"https:\/\/koningdrone.be\/wp-content\/uploads\/sites\/13\/2025\/04\/koningdrone-copyright-logo.svg","width":227,"height":38,"caption":"Koningdrone.be"},"image":{"@id":"https:\/\/koningdrone.be\/#\/schema\/logo\/image\/"}}]}},"df_price":"","df_sale_price":"","df_regular_price":"","df_image_link":"https:\/\/koningdrone.be\/wp-content\/uploads\/sites\/13\/2025\/04\/6958265106019-1-300x188.jpg","_links":{"self":[{"href":"https:\/\/koningdrone.be\/fr\/wp-json\/wp\/v2\/product\/6226","targetHints":{"allow":["GET"]}}],"collection":[{"href":"https:\/\/koningdrone.be\/fr\/wp-json\/wp\/v2\/product"}],"about":[{"href":"https:\/\/koningdrone.be\/fr\/wp-json\/wp\/v2\/types\/product"}],"wp:featuredmedia":[{"embeddable":true,"href":"https:\/\/koningdrone.be\/fr\/wp-json\/wp\/v2\/media\/6223"}],"wp:attachment":[{"href":"https:\/\/koningdrone.be\/fr\/wp-json\/wp\/v2\/media?parent=6226"}],"wp:term":[{"taxonomy":"product_brand","embeddable":true,"href":"https:\/\/koningdrone.be\/fr\/wp-json\/wp\/v2\/product_brand?post=6226"},{"taxonomy":"product_cat","embeddable":true,"href":"https:\/\/koningdrone.be\/fr\/wp-json\/wp\/v2\/product_cat?post=6226"},{"taxonomy":"product_tag","embeddable":true,"href":"https:\/\/koningdrone.be\/fr\/wp-json\/wp\/v2\/product_tag?post=6226"}],"curies":[{"name":"wp","href":"https:\/\/api.w.org\/{rel}","templated":true}]}}