{"id":6222,"date":"2021-10-03T10:01:49","date_gmt":"2021-10-03T08:01:49","guid":{"rendered":"https:\/\/koningdrone.nl\/kon\/product\/dji-t30-agras\/"},"modified":"2026-04-29T13:40:25","modified_gmt":"2026-04-29T11:40:25","slug":"dji-t30-agras","status":"publish","type":"product","link":"https:\/\/koningdrone.be\/fr\/produit\/dji-t30-agras\/","title":{"rendered":"DJI T30 Agras"},"content":{"rendered":"<p><strong>DJI T30 Agras Drone<\/strong><\/p>\n<ul>\n<li>Capacit\u00e9 de charge jusqu'\u00e0 30 kg pour une protection efficace des plantes de plein champ.<\/li>\n<li>\u00c9quip\u00e9 d'une cuve de 30 litres et de 16 buses pour une largeur de pulv\u00e9risation de 9 m.<\/li>\n<li>Efficacit\u00e9 de travail de 16 hectares par heure, avec un d\u00e9marrage facile et une programmation intelligente.<\/li>\n<li>Syst\u00e8me d'\u00e9vitement des obstacles et cam\u00e9ras pour un vol en toute s\u00e9curit\u00e9, m\u00eame de nuit et par tous les temps.<\/li>\n<li>Protection certifi\u00e9e IP67 et \u00e9lectronique r\u00e9sistante \u00e0 la corrosion pour plus de fiabilit\u00e9.<\/li>\n<li>Am\u00e9liore l'efficacit\u00e9 de la pulv\u00e9risation \u00e0 travers le feuillage \u00e9pais gr\u00e2ce aux ailes r\u00e9glables.<\/li>\n<\/ul>\n<p>\n<strong>Chargement efficace et technologie avanc\u00e9e<\/strong><\/p>\n<ul>\n<li>\u00c9quip\u00e9 de deux batteries de 29 000 mAh et d'un chargeur rapide de 7200 W pour une recharge en 10 minutes.<\/li>\n<li>Station de recharge int\u00e9gr\u00e9e qui fonctionne comme un g\u00e9n\u00e9rateur avec une capacit\u00e9 de 25 litres de carburant.<\/li>\n<li>Inclut des cartes bas\u00e9es sur le cloud pour la gestion visuelle et l'inspection sur le terrain pilot\u00e9e par l'IA.<\/li>\n<li>Contr\u00f4le du poids en temps r\u00e9el pour des rapports de vidange pr\u00e9cis.<\/li>\n<\/ul>\n<p><\/p>","protected":false},"excerpt":{"rendered":"<ul>\n<li>L'Agras T30 dispose d'un r\u00e9servoir de pulv\u00e9risation de 30 litres.<\/li>\n<li>Capacit\u00e9 de charge du syst\u00e8me d'\u00e9pandage jusqu'\u00e0 40 kg<\/li>\n<li>Dot\u00e9 de 16 buses, le drone a une port\u00e9e de pulv\u00e9risation de 9 m\u00e8tres, ce qui lui permet de couvrir 40 hectares en une heure.<\/li>\n<li>Utilis\u00e9 avec les solutions d'agriculture num\u00e9rique de DJI, le T30 peut mettre en \u0153uvre un \u00e9pandage variable, r\u00e9duisant ainsi l'utilisation d'engrais et augmentant les rendements.<\/li>\n<\/ul>","protected":false},"featured_media":6217,"template":"","meta":{"_acf_changed":false},"product_brand":[],"product_cat":[97,567,99,100,568,101],"product_tag":[],"class_list":{"0":"post-6222","1":"product","2":"type-product","3":"status-publish","4":"has-post-thumbnail","6":"product_cat-alle-producten","7":"product_cat-dji-agras","8":"product_cat-drones-met-certificaat","9":"product_cat-enterprise-drones","10":"product_cat-landbouw-drones","11":"product_cat-professionele-dji-drone","12":"product_shipping_class-outofstock","13":"pa_brand-dji","14":"pa_dronegrade-enterprise","15":"pa_productfamily-drone","16":"pa_producttype-drone","17":"pa_series-agras-t30","19":"first","20":"outofstock","21":"taxable","22":"shipping-taxable","23":"product-type-simple"},"acf":[],"yoast_head":"<!-- This site is optimized with the Yoast SEO Premium plugin v27.2 (Yoast SEO v27.2) - https:\/\/yoast.com\/product\/yoast-seo-premium-wordpress\/ -->\n<title>DJI T30 Agras - koningdrone.be<\/title>\n<meta name=\"robots\" content=\"index, follow, max-snippet:-1, max-image-preview:large, max-video-preview:-1\" \/>\n<link rel=\"canonical\" href=\"https:\/\/koningdrone.be\/fr\/produit\/dji-t30-agras\/\" \/>\n<meta property=\"og:locale\" content=\"fr_FR\" \/>\n<meta property=\"og:type\" content=\"article\" \/>\n<meta property=\"og:title\" content=\"DJI T30 Agras\" \/>\n<meta property=\"og:description\" content=\"De Agras T30 heeft een spuittank van 30 literEen laadvermogen van het strooisysteem tot 40 kgMet 16 sproeiers heeft de drone een spuitbereik van 9 meter waarmee hij in 1 uur 40 hectare kan bestrijkenBij gebruik met DJI digitale landbouwoplossingen kan de T30 variabele verspreiding implementeren, waardoor het gebruik van kunstmest wordt verminderd en de opbrengst wordt verhoogd\" \/>\n<meta property=\"og:url\" content=\"https:\/\/koningdrone.be\/fr\/produit\/dji-t30-agras\/\" \/>\n<meta property=\"og:site_name\" content=\"koningdrone.be\" \/>\n<meta property=\"article:modified_time\" content=\"2026-04-29T11:40:25+00:00\" \/>\n<meta property=\"og:image\" content=\"https:\/\/koningdrone.be\/wp-content\/uploads\/sites\/13\/2025\/04\/6941565910202-1.jpg\" \/>\n\t<meta property=\"og:image:width\" content=\"800\" \/>\n\t<meta property=\"og:image:height\" content=\"500\" \/>\n\t<meta property=\"og:image:type\" content=\"image\/jpeg\" \/>\n<meta name=\"twitter:card\" content=\"summary_large_image\" \/>\n<meta name=\"twitter:label1\" content=\"Dur\u00e9e de lecture est.\" \/>\n\t<meta name=\"twitter:data1\" content=\"1 minute\" \/>\n<script type=\"application\/ld+json\" class=\"yoast-schema-graph\">{\"@context\":\"https:\/\/schema.org\",\"@graph\":[{\"@type\":\"WebPage\",\"@id\":\"https:\/\/koningdrone.be\/product\/dji-t30-agras\/\",\"url\":\"https:\/\/koningdrone.be\/product\/dji-t30-agras\/\",\"name\":\"DJI T30 Agras - koningdrone.be\",\"isPartOf\":{\"@id\":\"https:\/\/koningdrone.be\/#website\"},\"primaryImageOfPage\":{\"@id\":\"https:\/\/koningdrone.be\/product\/dji-t30-agras\/#primaryimage\"},\"image\":{\"@id\":\"https:\/\/koningdrone.be\/product\/dji-t30-agras\/#primaryimage\"},\"thumbnailUrl\":\"https:\/\/koningdrone.be\/wp-content\/uploads\/sites\/13\/2025\/04\/6941565910202-1.jpg\",\"datePublished\":\"2021-10-03T08:01:49+00:00\",\"dateModified\":\"2026-04-29T11:40:25+00:00\",\"breadcrumb\":{\"@id\":\"https:\/\/koningdrone.be\/product\/dji-t30-agras\/#breadcrumb\"},\"inLanguage\":\"fr-BE\",\"potentialAction\":[{\"@type\":\"ReadAction\",\"target\":[\"https:\/\/koningdrone.be\/product\/dji-t30-agras\/\"]}]},{\"@type\":\"ImageObject\",\"inLanguage\":\"fr-BE\",\"@id\":\"https:\/\/koningdrone.be\/product\/dji-t30-agras\/#primaryimage\",\"url\":\"https:\/\/koningdrone.be\/wp-content\/uploads\/sites\/13\/2025\/04\/6941565910202-1.jpg\",\"contentUrl\":\"https:\/\/koningdrone.be\/wp-content\/uploads\/sites\/13\/2025\/04\/6941565910202-1.jpg\",\"width\":800,\"height\":500},{\"@type\":\"BreadcrumbList\",\"@id\":\"https:\/\/koningdrone.be\/product\/dji-t30-agras\/#breadcrumb\",\"itemListElement\":[{\"@type\":\"ListItem\",\"position\":1,\"name\":\"Home\",\"item\":\"https:\/\/koningdrone.be\/\"},{\"@type\":\"ListItem\",\"position\":2,\"name\":\"AVSS Parachute Recovery System for DJI Matrice 300\/350\",\"item\":\"https:\/\/koningdrone.be\/product\/avss-parachute-recovery-system-for-dji-matrice-300-350\/\"},{\"@type\":\"ListItem\",\"position\":3,\"name\":\"Alle producten\",\"item\":\"https:\/\/koningdrone.be\/categorie\/alle-producten\/\"},{\"@type\":\"ListItem\",\"position\":4,\"name\":\"DJI T30 Agras\"}]},{\"@type\":\"WebSite\",\"@id\":\"https:\/\/koningdrone.be\/#website\",\"url\":\"https:\/\/koningdrone.be\/\",\"name\":\"Koningdrone.be - Uw online specialist in drones, gimbals, camera's en power stations.\",\"description\":\"De webshop in drones en gimbals\",\"publisher\":{\"@id\":\"https:\/\/koningdrone.be\/#organization\"},\"potentialAction\":[{\"@type\":\"SearchAction\",\"target\":{\"@type\":\"EntryPoint\",\"urlTemplate\":\"https:\/\/koningdrone.be\/?s={search_term_string}\"},\"query-input\":{\"@type\":\"PropertyValueSpecification\",\"valueRequired\":true,\"valueName\":\"search_term_string\"}}],\"inLanguage\":\"fr-BE\"},{\"@type\":\"Organization\",\"@id\":\"https:\/\/koningdrone.be\/#organization\",\"name\":\"Koningdrone.be\",\"url\":\"https:\/\/koningdrone.be\/\",\"logo\":{\"@type\":\"ImageObject\",\"inLanguage\":\"fr-BE\",\"@id\":\"https:\/\/koningdrone.be\/#\/schema\/logo\/image\/\",\"url\":\"https:\/\/koningdrone.be\/wp-content\/uploads\/sites\/13\/2025\/04\/koningdrone-copyright-logo.svg\",\"contentUrl\":\"https:\/\/koningdrone.be\/wp-content\/uploads\/sites\/13\/2025\/04\/koningdrone-copyright-logo.svg\",\"width\":227,\"height\":38,\"caption\":\"Koningdrone.be\"},\"image\":{\"@id\":\"https:\/\/koningdrone.be\/#\/schema\/logo\/image\/\"}}]}<\/script>\n<!-- \/ Yoast SEO Premium plugin. -->","yoast_head_json":{"title":"DJI T30 Agras - koningdrone.be","robots":{"index":"index","follow":"follow","max-snippet":"max-snippet:-1","max-image-preview":"max-image-preview:large","max-video-preview":"max-video-preview:-1"},"canonical":"https:\/\/koningdrone.be\/fr\/produit\/dji-t30-agras\/","og_locale":"fr_FR","og_type":"article","og_title":"DJI T30 Agras","og_description":"De Agras T30 heeft een spuittank van 30 literEen laadvermogen van het strooisysteem tot 40 kgMet 16 sproeiers heeft de drone een spuitbereik van 9 meter waarmee hij in 1 uur 40 hectare kan bestrijkenBij gebruik met DJI digitale landbouwoplossingen kan de T30 variabele verspreiding implementeren, waardoor het gebruik van kunstmest wordt verminderd en de opbrengst wordt verhoogd","og_url":"https:\/\/koningdrone.be\/fr\/produit\/dji-t30-agras\/","og_site_name":"koningdrone.be","article_modified_time":"2026-04-29T11:40:25+00:00","og_image":[{"width":800,"height":500,"url":"https:\/\/koningdrone.be\/wp-content\/uploads\/sites\/13\/2025\/04\/6941565910202-1.jpg","type":"image\/jpeg"}],"twitter_card":"summary_large_image","twitter_misc":{"Dur\u00e9e de lecture est.":"1 minute"},"schema":{"@context":"https:\/\/schema.org","@graph":[{"@type":"WebPage","@id":"https:\/\/koningdrone.be\/product\/dji-t30-agras\/","url":"https:\/\/koningdrone.be\/product\/dji-t30-agras\/","name":"DJI T30 Agras - koningdrone.be","isPartOf":{"@id":"https:\/\/koningdrone.be\/#website"},"primaryImageOfPage":{"@id":"https:\/\/koningdrone.be\/product\/dji-t30-agras\/#primaryimage"},"image":{"@id":"https:\/\/koningdrone.be\/product\/dji-t30-agras\/#primaryimage"},"thumbnailUrl":"https:\/\/koningdrone.be\/wp-content\/uploads\/sites\/13\/2025\/04\/6941565910202-1.jpg","datePublished":"2021-10-03T08:01:49+00:00","dateModified":"2026-04-29T11:40:25+00:00","breadcrumb":{"@id":"https:\/\/koningdrone.be\/product\/dji-t30-agras\/#breadcrumb"},"inLanguage":"fr-BE","potentialAction":[{"@type":"ReadAction","target":["https:\/\/koningdrone.be\/product\/dji-t30-agras\/"]}]},{"@type":"ImageObject","inLanguage":"fr-BE","@id":"https:\/\/koningdrone.be\/product\/dji-t30-agras\/#primaryimage","url":"https:\/\/koningdrone.be\/wp-content\/uploads\/sites\/13\/2025\/04\/6941565910202-1.jpg","contentUrl":"https:\/\/koningdrone.be\/wp-content\/uploads\/sites\/13\/2025\/04\/6941565910202-1.jpg","width":800,"height":500},{"@type":"BreadcrumbList","@id":"https:\/\/koningdrone.be\/product\/dji-t30-agras\/#breadcrumb","itemListElement":[{"@type":"ListItem","position":1,"name":"Home","item":"https:\/\/koningdrone.be\/"},{"@type":"ListItem","position":2,"name":"AVSS Parachute Recovery System for DJI Matrice 300\/350","item":"https:\/\/koningdrone.be\/product\/avss-parachute-recovery-system-for-dji-matrice-300-350\/"},{"@type":"ListItem","position":3,"name":"Alle producten","item":"https:\/\/koningdrone.be\/categorie\/alle-producten\/"},{"@type":"ListItem","position":4,"name":"DJI T30 Agras"}]},{"@type":"WebSite","@id":"https:\/\/koningdrone.be\/#website","url":"https:\/\/koningdrone.be\/","name":"Koningdrone.be - Votre sp\u00e9cialiste en ligne en mati\u00e8re de drones, de cardans, de cam\u00e9ras et de centrales \u00e9lectriques.","description":"La boutique en ligne de drones et de cardans","publisher":{"@id":"https:\/\/koningdrone.be\/#organization"},"potentialAction":[{"@type":"SearchAction","target":{"@type":"EntryPoint","urlTemplate":"https:\/\/koningdrone.be\/?s={search_term_string}"},"query-input":{"@type":"PropertyValueSpecification","valueRequired":true,"valueName":"search_term_string"}}],"inLanguage":"fr-BE"},{"@type":"Organization","@id":"https:\/\/koningdrone.be\/#organization","name":"Kingdrone.co.uk","url":"https:\/\/koningdrone.be\/","logo":{"@type":"ImageObject","inLanguage":"fr-BE","@id":"https:\/\/koningdrone.be\/#\/schema\/logo\/image\/","url":"https:\/\/koningdrone.be\/wp-content\/uploads\/sites\/13\/2025\/04\/koningdrone-copyright-logo.svg","contentUrl":"https:\/\/koningdrone.be\/wp-content\/uploads\/sites\/13\/2025\/04\/koningdrone-copyright-logo.svg","width":227,"height":38,"caption":"Koningdrone.be"},"image":{"@id":"https:\/\/koningdrone.be\/#\/schema\/logo\/image\/"}}]}},"df_price":"","df_sale_price":"","df_regular_price":"","df_image_link":"https:\/\/koningdrone.be\/wp-content\/uploads\/sites\/13\/2025\/04\/6941565910202-1-300x188.jpg","_links":{"self":[{"href":"https:\/\/koningdrone.be\/fr\/wp-json\/wp\/v2\/product\/6222","targetHints":{"allow":["GET"]}}],"collection":[{"href":"https:\/\/koningdrone.be\/fr\/wp-json\/wp\/v2\/product"}],"about":[{"href":"https:\/\/koningdrone.be\/fr\/wp-json\/wp\/v2\/types\/product"}],"wp:featuredmedia":[{"embeddable":true,"href":"https:\/\/koningdrone.be\/fr\/wp-json\/wp\/v2\/media\/6217"}],"wp:attachment":[{"href":"https:\/\/koningdrone.be\/fr\/wp-json\/wp\/v2\/media?parent=6222"}],"wp:term":[{"taxonomy":"product_brand","embeddable":true,"href":"https:\/\/koningdrone.be\/fr\/wp-json\/wp\/v2\/product_brand?post=6222"},{"taxonomy":"product_cat","embeddable":true,"href":"https:\/\/koningdrone.be\/fr\/wp-json\/wp\/v2\/product_cat?post=6222"},{"taxonomy":"product_tag","embeddable":true,"href":"https:\/\/koningdrone.be\/fr\/wp-json\/wp\/v2\/product_tag?post=6222"}],"curies":[{"name":"wp","href":"https:\/\/api.w.org\/{rel}","templated":true}]}}