{"id":6216,"date":"2021-10-03T10:01:49","date_gmt":"2021-10-03T08:01:49","guid":{"rendered":"https:\/\/koningdrone.nl\/kon\/product\/insta360-one-r-360-edition\/"},"modified":"2026-05-16T07:40:26","modified_gmt":"2026-05-16T05:40:26","slug":"insta360-one-r-360-edition","status":"publish","type":"product","link":"https:\/\/koningdrone.be\/fr\/produit\/insta360-one-r-360-edition\/","title":{"rendered":"INSTA360 ONE R Edition 360"},"content":{"rendered":"<h1>INSTA360 ONE R Edition 360<\/h1>\n<p><strong>ENREGISTREMENT ULTRASONIQUE 5.7K<\/strong><br \/>Avec sa r\u00e9solution de 5,7K, la cam\u00e9ra ONE R \u00e0 double objectif 360 \u00e9tablit de nouvelles normes en mati\u00e8re d'encodage H.265 afin de pr\u00e9server les d\u00e9tails et d'optimiser les images.<br \/><strong>STABILISATION ACTUELLE<\/strong><br \/>FlowState permet une stabilisation semblable \u00e0 celle d'un cardan, mais sans cardan. Gr\u00e2ce \u00e0 un nouvel algorithme de reconnaissance des sc\u00e8nes, les prises de vue restent extr\u00eamement stables, m\u00eame dans des conditions de faible \u00e9clairage.<br \/><strong>B\u00c2TON DE SELFIE INVISIBLE<\/strong><br \/>La canne \u00e0 selfie invisible* du ONE R permet de prendre facilement des photos d'un point de vue unique \u00e0 la troisi\u00e8me personne.<br \/>* Le b\u00e2ton invisible pour selfie n'est pris en charge que lors de l'utilisation de l'objectif double 360.<br \/><strong>BULLET-TIME 2.0<\/strong><br \/>Gr\u00e2ce \u00e0 un r\u00e9glage intelligent de l'horizon et de la vitesse, l'effet unique du Bullet Time est devenu encore plus facile et plus \u00e9pique.<br \/><strong>POINT TO TRACK + DEEP TRACK<\/strong><br \/>D'un simple toucher ou d'une commande vocale, vous pouvez suivre un objet en continu. L'algorithme de suivi g\u00e9r\u00e9 par l'IA de ONE R maintient toujours automatiquement l'objet au centre de l'action. M\u00eame si l'objet est recouvert par un obstacle, ONE R peut s'en souvenir et recommencer \u00e0 le suivre d\u00e8s qu'il r\u00e9appara\u00eet dans le champ de vision.<br \/><strong>CR\u00c9ER AUTOMATIQUEMENT DES HISTOIRES AVEC L'AI<\/strong><br \/>Les nouvelles histoires en une touche facilitent l'\u00e9dition cr\u00e9ative. Vous fournissez l'action, l'application se charge de la post-\u00e9dition gr\u00e2ce \u00e0 des mod\u00e8les d'\u00e9dition intelligents.<br \/><strong>TIMESHIFT<\/strong><br \/>Mettez en valeur vos sc\u00e8nes pr\u00e9f\u00e9r\u00e9es gr\u00e2ce au ralenti ou acc\u00e9l\u00e9rez votre vid\u00e9o avec un hyperlapse stabilis\u00e9.<br \/><strong>AUTOFRAME<\/strong><br \/>La prise de vue \u00e0 360 degr\u00e9s vous offre des possibilit\u00e9s infinies de r\u00e9arranger les perspectives. Auto-Frame utilise un puissant algorithme de vision artificielle capable de reconna\u00eetre les sc\u00e8nes de l'image et de recommander les parties les plus int\u00e9ressantes \u00e0 \u00e9diter.<br \/><strong>FLASHCUT AI PROCESSING<\/strong><br \/>L'application ONE R utilise la technologie FlashCut, aliment\u00e9e par l'IA, pour choisir vos meilleures prises de vue et les \u00e9diter au rythme de la musique. FlashCut analyse le sujet, la qualit\u00e9 et la dur\u00e9e de la prise de vue pour cr\u00e9er des clips vid\u00e9o qui peuvent \u00eatre partag\u00e9s instantan\u00e9ment.<br \/><strong>HDR PHOTO + VIDEO<\/strong><br \/>Le ONE R prend en charge l'enregistrement HDR pour les photos et les vid\u00e9os. Les hautes lumi\u00e8res, les ombres et tout ce qui se trouve entre les deux sont exactement comme dans la r\u00e9alit\u00e9.<br \/><strong>ENREGISTREMENT DE NUIT<\/strong><br \/>Activez le mode de prise de vue nocturne dans l'obscurit\u00e9 pour des photos naturelles, lumineuses et \u00e9clatantes.<br \/><strong>COLOR PLUS<\/strong><br \/>Color Plus optimise les enregistrements de mani\u00e8re enti\u00e8rement automatique. Des images \u00e9clatantes, lumineuses et \u00e9poustouflantes sur simple pression d'un bouton.<br \/><strong>PR\u00c9VISUALISATION ET LECTURE \u00c0 360<\/strong><br \/>Gr\u00e2ce \u00e0 l'\u00e9cran tactile convivial du Dual-Lens 360, vous obtenez un aper\u00e7u de votre prise de vue. Cela vous permet de vous assurer que vous avez pris vos photos \u00e0 la perfection.<br \/><strong>IPX8 \u00c9TANCHE<\/strong><br \/>Le ONE R est \u00e9tanche IPX8 jusqu'\u00e0 5 m\u00e8tres. Que vous vous d\u00e9tendiez au bord de la piscine ou que vous vous promeniez un jour de pluie, le ONE R est toujours pr\u00eat \u00e0 l'emploi.<br \/><strong>CONCEPTION ROBUSTE<\/strong><br \/>La conception robuste prot\u00e8ge le ONE R contre les chocs et les chutes, tandis que le prot\u00e8ge-objectif inclus prot\u00e8ge \u00e9galement l'objectif de l'appareil photo contre les rayures.<\/p>","protected":false},"excerpt":{"rendered":"<ul>\n<li>Super enregistrement 5,7K \u00e0 360<\/li>\n<li>Stabilisation de l'\u00e9tat des flux<\/li>\n<li>\u00c9tanch\u00e9it\u00e9 jusqu'\u00e0 5 m<\/li>\n<li>B\u00e2ton de selfie invisible<\/li>\n<li>Cadre automatique<\/li>\n<li>Hyperlapse<\/li>\n<li>Point \u00e0 la voie<\/li>\n<li>Commande vocale<\/li>\n<li>Ralenti<\/li>\n<li>Photo + vid\u00e9o HDR<\/li>\n<li>Prise de vue nocturne<\/li>\n<\/ul>","protected":false},"featured_media":6212,"template":"","meta":{"_acf_changed":false},"product_brand":[],"product_cat":[97,343],"product_tag":[],"class_list":{"0":"post-6216","1":"product","2":"type-product","3":"status-publish","4":"has-post-thumbnail","6":"product_cat-alle-producten","7":"product_cat-insta360","8":"product_shipping_class-outofstock","9":"pa_brand-insta360","10":"pa_productfamily-camera","11":"pa_producttype-camera","12":"pa_series-insta360-go","14":"first","15":"outofstock","16":"taxable","17":"shipping-taxable","18":"product-type-simple"},"acf":[],"yoast_head":"<!-- This site is optimized with the Yoast SEO Premium plugin v27.2 (Yoast SEO v27.2) - https:\/\/yoast.com\/product\/yoast-seo-premium-wordpress\/ -->\n<title>INSTA360 ONE R 360 Edition - koningdrone.be<\/title>\n<meta name=\"robots\" content=\"index, follow, max-snippet:-1, max-image-preview:large, max-video-preview:-1\" \/>\n<link rel=\"canonical\" href=\"https:\/\/koningdrone.be\/fr\/produit\/insta360-one-r-360-edition\/\" \/>\n<meta property=\"og:locale\" content=\"fr_FR\" \/>\n<meta property=\"og:type\" content=\"article\" \/>\n<meta property=\"og:title\" content=\"INSTA360 ONE R 360 Edition\" \/>\n<meta property=\"og:description\" content=\"Super 5.7K 360\u00b0-opnameFlowState StabilisatieWaterdicht tot 5mOnzichtbare selfiestickAutomatisch frameHyperlapseWijs naar trackSpraakbesturingSlow-motionHDR-foto + videoNachtschot\" \/>\n<meta property=\"og:url\" content=\"https:\/\/koningdrone.be\/fr\/produit\/insta360-one-r-360-edition\/\" \/>\n<meta property=\"og:site_name\" content=\"koningdrone.be\" \/>\n<meta property=\"article:modified_time\" content=\"2026-05-16T05:40:26+00:00\" \/>\n<meta property=\"og:image\" content=\"https:\/\/koningdrone.be\/wp-content\/uploads\/sites\/13\/2025\/04\/6970357851683-1.jpg\" \/>\n\t<meta property=\"og:image:width\" content=\"800\" \/>\n\t<meta property=\"og:image:height\" content=\"500\" \/>\n\t<meta property=\"og:image:type\" content=\"image\/jpeg\" \/>\n<meta name=\"twitter:card\" content=\"summary_large_image\" \/>\n<meta name=\"twitter:label1\" content=\"Dur\u00e9e de lecture est.\" \/>\n\t<meta name=\"twitter:data1\" content=\"2 minutes\" \/>\n<script type=\"application\/ld+json\" class=\"yoast-schema-graph\">{\"@context\":\"https:\/\/schema.org\",\"@graph\":[{\"@type\":\"WebPage\",\"@id\":\"https:\/\/koningdrone.be\/product\/insta360-one-r-360-edition\/\",\"url\":\"https:\/\/koningdrone.be\/product\/insta360-one-r-360-edition\/\",\"name\":\"INSTA360 ONE R 360 Edition - koningdrone.be\",\"isPartOf\":{\"@id\":\"https:\/\/koningdrone.be\/#website\"},\"primaryImageOfPage\":{\"@id\":\"https:\/\/koningdrone.be\/product\/insta360-one-r-360-edition\/#primaryimage\"},\"image\":{\"@id\":\"https:\/\/koningdrone.be\/product\/insta360-one-r-360-edition\/#primaryimage\"},\"thumbnailUrl\":\"https:\/\/koningdrone.be\/wp-content\/uploads\/sites\/13\/2025\/04\/6970357851683-1.jpg\",\"datePublished\":\"2021-10-03T08:01:49+00:00\",\"dateModified\":\"2026-05-16T05:40:26+00:00\",\"breadcrumb\":{\"@id\":\"https:\/\/koningdrone.be\/product\/insta360-one-r-360-edition\/#breadcrumb\"},\"inLanguage\":\"fr-BE\",\"potentialAction\":[{\"@type\":\"ReadAction\",\"target\":[\"https:\/\/koningdrone.be\/product\/insta360-one-r-360-edition\/\"]}]},{\"@type\":\"ImageObject\",\"inLanguage\":\"fr-BE\",\"@id\":\"https:\/\/koningdrone.be\/product\/insta360-one-r-360-edition\/#primaryimage\",\"url\":\"https:\/\/koningdrone.be\/wp-content\/uploads\/sites\/13\/2025\/04\/6970357851683-1.jpg\",\"contentUrl\":\"https:\/\/koningdrone.be\/wp-content\/uploads\/sites\/13\/2025\/04\/6970357851683-1.jpg\",\"width\":800,\"height\":500},{\"@type\":\"BreadcrumbList\",\"@id\":\"https:\/\/koningdrone.be\/product\/insta360-one-r-360-edition\/#breadcrumb\",\"itemListElement\":[{\"@type\":\"ListItem\",\"position\":1,\"name\":\"Home\",\"item\":\"https:\/\/koningdrone.be\/\"},{\"@type\":\"ListItem\",\"position\":2,\"name\":\"AVSS Parachute Recovery System for DJI Matrice 300\/350\",\"item\":\"https:\/\/koningdrone.be\/product\/avss-parachute-recovery-system-for-dji-matrice-300-350\/\"},{\"@type\":\"ListItem\",\"position\":3,\"name\":\"Alle producten\",\"item\":\"https:\/\/koningdrone.be\/categorie\/alle-producten\/\"},{\"@type\":\"ListItem\",\"position\":4,\"name\":\"INSTA360 ONE R 360 Edition\"}]},{\"@type\":\"WebSite\",\"@id\":\"https:\/\/koningdrone.be\/#website\",\"url\":\"https:\/\/koningdrone.be\/\",\"name\":\"Koningdrone.be - Uw online specialist in drones, gimbals, camera's en power stations.\",\"description\":\"De webshop in drones en gimbals\",\"publisher\":{\"@id\":\"https:\/\/koningdrone.be\/#organization\"},\"potentialAction\":[{\"@type\":\"SearchAction\",\"target\":{\"@type\":\"EntryPoint\",\"urlTemplate\":\"https:\/\/koningdrone.be\/?s={search_term_string}\"},\"query-input\":{\"@type\":\"PropertyValueSpecification\",\"valueRequired\":true,\"valueName\":\"search_term_string\"}}],\"inLanguage\":\"fr-BE\"},{\"@type\":\"Organization\",\"@id\":\"https:\/\/koningdrone.be\/#organization\",\"name\":\"Koningdrone.be\",\"url\":\"https:\/\/koningdrone.be\/\",\"logo\":{\"@type\":\"ImageObject\",\"inLanguage\":\"fr-BE\",\"@id\":\"https:\/\/koningdrone.be\/#\/schema\/logo\/image\/\",\"url\":\"https:\/\/koningdrone.be\/wp-content\/uploads\/sites\/13\/2025\/04\/koningdrone-copyright-logo.svg\",\"contentUrl\":\"https:\/\/koningdrone.be\/wp-content\/uploads\/sites\/13\/2025\/04\/koningdrone-copyright-logo.svg\",\"width\":227,\"height\":38,\"caption\":\"Koningdrone.be\"},\"image\":{\"@id\":\"https:\/\/koningdrone.be\/#\/schema\/logo\/image\/\"}}]}<\/script>\n<!-- \/ Yoast SEO Premium plugin. -->","yoast_head_json":{"title":"INSTA360 ONE R 360 Edition - koningdrone.be","robots":{"index":"index","follow":"follow","max-snippet":"max-snippet:-1","max-image-preview":"max-image-preview:large","max-video-preview":"max-video-preview:-1"},"canonical":"https:\/\/koningdrone.be\/fr\/produit\/insta360-one-r-360-edition\/","og_locale":"fr_FR","og_type":"article","og_title":"INSTA360 ONE R 360 Edition","og_description":"Super 5.7K 360\u00b0-opnameFlowState StabilisatieWaterdicht tot 5mOnzichtbare selfiestickAutomatisch frameHyperlapseWijs naar trackSpraakbesturingSlow-motionHDR-foto + videoNachtschot","og_url":"https:\/\/koningdrone.be\/fr\/produit\/insta360-one-r-360-edition\/","og_site_name":"koningdrone.be","article_modified_time":"2026-05-16T05:40:26+00:00","og_image":[{"width":800,"height":500,"url":"https:\/\/koningdrone.be\/wp-content\/uploads\/sites\/13\/2025\/04\/6970357851683-1.jpg","type":"image\/jpeg"}],"twitter_card":"summary_large_image","twitter_misc":{"Dur\u00e9e de lecture est.":"2 minutes"},"schema":{"@context":"https:\/\/schema.org","@graph":[{"@type":"WebPage","@id":"https:\/\/koningdrone.be\/product\/insta360-one-r-360-edition\/","url":"https:\/\/koningdrone.be\/product\/insta360-one-r-360-edition\/","name":"INSTA360 ONE R 360 Edition - koningdrone.be","isPartOf":{"@id":"https:\/\/koningdrone.be\/#website"},"primaryImageOfPage":{"@id":"https:\/\/koningdrone.be\/product\/insta360-one-r-360-edition\/#primaryimage"},"image":{"@id":"https:\/\/koningdrone.be\/product\/insta360-one-r-360-edition\/#primaryimage"},"thumbnailUrl":"https:\/\/koningdrone.be\/wp-content\/uploads\/sites\/13\/2025\/04\/6970357851683-1.jpg","datePublished":"2021-10-03T08:01:49+00:00","dateModified":"2026-05-16T05:40:26+00:00","breadcrumb":{"@id":"https:\/\/koningdrone.be\/product\/insta360-one-r-360-edition\/#breadcrumb"},"inLanguage":"fr-BE","potentialAction":[{"@type":"ReadAction","target":["https:\/\/koningdrone.be\/product\/insta360-one-r-360-edition\/"]}]},{"@type":"ImageObject","inLanguage":"fr-BE","@id":"https:\/\/koningdrone.be\/product\/insta360-one-r-360-edition\/#primaryimage","url":"https:\/\/koningdrone.be\/wp-content\/uploads\/sites\/13\/2025\/04\/6970357851683-1.jpg","contentUrl":"https:\/\/koningdrone.be\/wp-content\/uploads\/sites\/13\/2025\/04\/6970357851683-1.jpg","width":800,"height":500},{"@type":"BreadcrumbList","@id":"https:\/\/koningdrone.be\/product\/insta360-one-r-360-edition\/#breadcrumb","itemListElement":[{"@type":"ListItem","position":1,"name":"Home","item":"https:\/\/koningdrone.be\/"},{"@type":"ListItem","position":2,"name":"AVSS Parachute Recovery System for DJI Matrice 300\/350","item":"https:\/\/koningdrone.be\/product\/avss-parachute-recovery-system-for-dji-matrice-300-350\/"},{"@type":"ListItem","position":3,"name":"Alle producten","item":"https:\/\/koningdrone.be\/categorie\/alle-producten\/"},{"@type":"ListItem","position":4,"name":"INSTA360 ONE R 360 Edition"}]},{"@type":"WebSite","@id":"https:\/\/koningdrone.be\/#website","url":"https:\/\/koningdrone.be\/","name":"Koningdrone.be - Votre sp\u00e9cialiste en ligne en mati\u00e8re de drones, de cardans, de cam\u00e9ras et de centrales \u00e9lectriques.","description":"La boutique en ligne de drones et de cardans","publisher":{"@id":"https:\/\/koningdrone.be\/#organization"},"potentialAction":[{"@type":"SearchAction","target":{"@type":"EntryPoint","urlTemplate":"https:\/\/koningdrone.be\/?s={search_term_string}"},"query-input":{"@type":"PropertyValueSpecification","valueRequired":true,"valueName":"search_term_string"}}],"inLanguage":"fr-BE"},{"@type":"Organization","@id":"https:\/\/koningdrone.be\/#organization","name":"Kingdrone.co.uk","url":"https:\/\/koningdrone.be\/","logo":{"@type":"ImageObject","inLanguage":"fr-BE","@id":"https:\/\/koningdrone.be\/#\/schema\/logo\/image\/","url":"https:\/\/koningdrone.be\/wp-content\/uploads\/sites\/13\/2025\/04\/koningdrone-copyright-logo.svg","contentUrl":"https:\/\/koningdrone.be\/wp-content\/uploads\/sites\/13\/2025\/04\/koningdrone-copyright-logo.svg","width":227,"height":38,"caption":"Koningdrone.be"},"image":{"@id":"https:\/\/koningdrone.be\/#\/schema\/logo\/image\/"}}]}},"df_price":"","df_sale_price":"","df_regular_price":"","df_image_link":"https:\/\/koningdrone.be\/wp-content\/uploads\/sites\/13\/2025\/04\/6970357851683-1-300x188.jpg","_links":{"self":[{"href":"https:\/\/koningdrone.be\/fr\/wp-json\/wp\/v2\/product\/6216","targetHints":{"allow":["GET"]}}],"collection":[{"href":"https:\/\/koningdrone.be\/fr\/wp-json\/wp\/v2\/product"}],"about":[{"href":"https:\/\/koningdrone.be\/fr\/wp-json\/wp\/v2\/types\/product"}],"wp:featuredmedia":[{"embeddable":true,"href":"https:\/\/koningdrone.be\/fr\/wp-json\/wp\/v2\/media\/6212"}],"wp:attachment":[{"href":"https:\/\/koningdrone.be\/fr\/wp-json\/wp\/v2\/media?parent=6216"}],"wp:term":[{"taxonomy":"product_brand","embeddable":true,"href":"https:\/\/koningdrone.be\/fr\/wp-json\/wp\/v2\/product_brand?post=6216"},{"taxonomy":"product_cat","embeddable":true,"href":"https:\/\/koningdrone.be\/fr\/wp-json\/wp\/v2\/product_cat?post=6216"},{"taxonomy":"product_tag","embeddable":true,"href":"https:\/\/koningdrone.be\/fr\/wp-json\/wp\/v2\/product_tag?post=6216"}],"curies":[{"name":"wp","href":"https:\/\/api.w.org\/{rel}","templated":true}]}}