{"id":6211,"date":"2021-10-03T10:01:49","date_gmt":"2021-10-03T08:01:49","guid":{"rendered":"https:\/\/koningdrone.nl\/kon\/product\/dji-zenmuse-z15-bmpcc\/"},"modified":"2026-04-29T04:20:50","modified_gmt":"2026-04-29T02:20:50","slug":"dji-zenmuse-z15-bmpcc","status":"publish","type":"product","link":"https:\/\/koningdrone.be\/fr\/produit\/dji-zenmuse-z15-bmpcc\/","title":{"rendered":"DJI Zenmuse Z15 BMPCC"},"content":{"rendered":"<h1>DJI ZENMUSE Z15 BMPCC<\/h1>\n<p><strong>Un autre cardan 3 axes r\u00e9volutionnaire pour les applications professionnelles<\/strong><br \/>Le DJI Zenmuse Z15-BMPCC Gimbal est bas\u00e9 sur la technologie de la s\u00e9rie Zenmuse Z15 et a h\u00e9rit\u00e9 de l'excellent rapport poids\/puissance gr\u00e2ce \u00e0 son design unique. Ce produit repr\u00e9sente une nouvelle \u00e9tape dans le domaine des syst\u00e8mes \u00e0 cardan, la pr\u00e9cision de l'angle de r\u00e9glage \u00e9tant de l'ordre de \u00b10,02\u00b0. Combin\u00e9 au syst\u00e8me de contr\u00f4le de vol professionnel DJI A2 et \u00e0 un octocopt\u00e8re, le cardan peut stabiliser et contr\u00f4ler avec pr\u00e9cision la cam\u00e9ra, m\u00eame \u00e0 des vitesses de vol \u00e9lev\u00e9es et par grand vent. Ce syst\u00e8me est sans aucun doute le premier choix pour l'enregistrement vid\u00e9o professionnel ou la photographie a\u00e9rienne.<br \/><strong>Conception d'un cardan sur mesure pour la cam\u00e9ra Blackmagic Pocket Cinema<\/strong><br \/>Pour garantir le meilleur fonctionnement possible des cardans, DJI les a adapt\u00e9s \u00e0 la derni\u00e8re technologie de cam\u00e9ra. Ainsi, le Zenmuse Z15-BMPCC Gimbal est parfaitement adapt\u00e9 \u00e0 la Blackmagic Pocket Cinema Camera. Avec son capteur au format Super 16 et sa large plage dynamique de 13 diaphragmes, elle permet de r\u00e9aliser de superbes prises de vue de type cin\u00e9ma. La cam\u00e9ra est extr\u00eamement compacte, mais elle permet d'enregistrer au format CinemDNG RAW sans perte et au format Apple ProRes. La Blackmagic Pocket est donc la cam\u00e9ra id\u00e9ale pour la photographie et l'enregistrement vid\u00e9o.<br \/><strong>Modes de fonctionnement multiples<\/strong><br \/>Le syst\u00e8me Zenmuse gimbal dispose de trois modes de contr\u00f4le diff\u00e9rents : le mode fixe (pour le FPV, par exemple), le mode semi-libre et le mode libre. Il est possible de passer rapidement d'un mode \u00e0 l'autre pour r\u00e9pondre aux diff\u00e9rentes exigences de la photographie a\u00e9rienne. Avec le bon mode et la facilit\u00e9 d'utilisation du Zenmuse gimbal, les utilisateurs peuvent obtenir d'excellents r\u00e9sultats.<br \/><strong>Angle de rotation contr\u00f4lable sur trois axes<\/strong><br \/> Le syst\u00e8me de cardan Zenmuse \u00e0 3 axes est dot\u00e9 d'une conception m\u00e9canique avanc\u00e9e. Le potentiom\u00e8tre arri\u00e8re augmente consid\u00e9rablement le contr\u00f4le, la stabilit\u00e9 et la pr\u00e9cision, et les bagues collectrices internes \u00e9liminent le besoin d'un c\u00e2blage compliqu\u00e9. Toutes les lignes d'alimentation et de signal n\u00e9cessaires sont int\u00e9gr\u00e9es dans le cadre, ce qui permet \u00e0 la rotule de tourner sur tous les axes sans limitation. Le panoramique est illimit\u00e9 sur 360\u00b0, l'inclinaison va de -120\u00b0 \u00e0 +15\u00b0 et l'axe de roulis atteint \u00b125\u00b0. La m\u00e9thode de contr\u00f4le est extr\u00eamement simple, le rayon de mouvement du manche de l'\u00e9metteur contr\u00f4le la vitesse de rotation correspondante.<br \/><strong>Module ind\u00e9pendant IMU et infrarouge int\u00e9gr\u00e9<\/strong><br \/> DJI a perfectionn\u00e9 l'algorithme de stabilisation de l'attitude apr\u00e8s des ann\u00e9es de d\u00e9veloppement. Combin\u00e9 \u00e0 une m\u00e9canique de haute pr\u00e9cision, il permet un contr\u00f4le de position extr\u00eamement pr\u00e9cis. Comme aucune installation compliqu\u00e9e ou c\u00e2ble suppl\u00e9mentaire n'est n\u00e9cessaire, l'installation est simple et le satellite vole extr\u00eamement haut. Un module de sortie vid\u00e9o d\u00e9di\u00e9 est \u00e9galement int\u00e9gr\u00e9 au cardan, permettant un d\u00e9clenchement \u00e0 distance par infrarouge.<br \/><strong>Concept d'entra\u00eenement sp\u00e9cial pour cardan de DJI<\/strong><br \/>La s\u00e9rie Zenmuse gimbal poss\u00e8de d'excellentes caract\u00e9ristiques de contr\u00f4le tr\u00e8s pr\u00e9cises gr\u00e2ce \u00e0 son unit\u00e9 d'entra\u00eenement sp\u00e9cialement d\u00e9velopp\u00e9e. La haute pr\u00e9cision et les faibles vibrations de ce dispositif, avec un couple simultan\u00e9ment \u00e9lev\u00e9, sont une autre caract\u00e9ristique essentielle pour une stabilisation efficace.<br \/><strong>La solution compl\u00e8te de DJI est un excellent choix<\/strong><br \/> Le syst\u00e8me de gimbal Zenmuse Z15-BMPCC est parfaitement adapt\u00e9 aux plateformes octocopt\u00e8res et aux \u00e9lectroniques de contr\u00f4le A2 et Wookong-M pour les multicopt\u00e8res et la s\u00e9rie Ace pour les h\u00e9licopt\u00e8res. Associ\u00e9s \u00e0 l'iOSD Mark II et \u00e0 une liaison vid\u00e9o de 5,8 Ghz, ces composants forment un syst\u00e8me complet et puissant qui vous permet de prendre des photos a\u00e9riennes parfaites tout en \u00e9tant facile \u00e0 utiliser.<\/p>","protected":false},"excerpt":{"rendered":"<ul>\n<li>Rotule 3 axes pour les applications professionnelles<\/li>\n<li>La pr\u00e9cision de l'angle de r\u00e9glage est de l'ordre de \u00b1 0,02\u00b0.<\/li>\n<li>Stabiliser et contr\u00f4ler avec pr\u00e9cision \u00e0 des vitesses de vol \u00e9lev\u00e9es et par vent fort<\/li>\n<\/ul>","protected":false},"featured_media":6206,"template":"","meta":{"_acf_changed":false},"product_brand":[],"product_cat":[298,97,316],"product_tag":[],"class_list":{"0":"post-6211","1":"product","2":"type-product","3":"status-publish","4":"has-post-thumbnail","6":"product_cat-alle-industriele-camera","7":"product_cat-alle-producten","8":"product_cat-dji-zenmuse","9":"product_shipping_class-dronelandall","10":"pa_brand-dji","11":"pa_productfamily-gimbal","12":"pa_producttype-gimbal","13":"pa_series-zenmuse-z15","15":"first","16":"instock","17":"taxable","18":"shipping-taxable","19":"purchasable","20":"product-type-simple"},"acf":[],"yoast_head":"<!-- This site is optimized with the Yoast SEO Premium plugin v27.2 (Yoast SEO v27.2) - https:\/\/yoast.com\/product\/yoast-seo-premium-wordpress\/ -->\n<title>DJI Zenmuse Z15 BMPCC - koningdrone.be<\/title>\n<meta name=\"robots\" content=\"index, follow, max-snippet:-1, max-image-preview:large, max-video-preview:-1\" \/>\n<link rel=\"canonical\" href=\"https:\/\/koningdrone.be\/fr\/produit\/dji-zenmuse-z15-bmpcc\/\" \/>\n<meta property=\"og:locale\" content=\"fr_FR\" \/>\n<meta property=\"og:type\" content=\"article\" \/>\n<meta property=\"og:title\" content=\"DJI Zenmuse Z15 BMPCC\" \/>\n<meta property=\"og:description\" content=\"3-assige gimbal voor professionele toepassingenNauwkeurigheid van de instelhoek ligt in een bereik van \u00b1 0,02\u00b0Bij hoge vliegsnelheden en bij harde wind stabiliseren en nauwkeurig besturen\" \/>\n<meta property=\"og:url\" content=\"https:\/\/koningdrone.be\/fr\/produit\/dji-zenmuse-z15-bmpcc\/\" \/>\n<meta property=\"og:site_name\" content=\"koningdrone.be\" \/>\n<meta property=\"article:modified_time\" content=\"2026-04-29T02:20:50+00:00\" \/>\n<meta property=\"og:image\" content=\"https:\/\/koningdrone.be\/wp-content\/uploads\/sites\/13\/2025\/04\/6958265106484-1.jpg\" \/>\n\t<meta property=\"og:image:width\" content=\"800\" \/>\n\t<meta property=\"og:image:height\" content=\"500\" \/>\n\t<meta property=\"og:image:type\" content=\"image\/jpeg\" \/>\n<meta name=\"twitter:card\" content=\"summary_large_image\" \/>\n<meta name=\"twitter:label1\" content=\"Dur\u00e9e de lecture est.\" \/>\n\t<meta name=\"twitter:data1\" content=\"2 minutes\" \/>\n<script type=\"application\/ld+json\" class=\"yoast-schema-graph\">{\"@context\":\"https:\/\/schema.org\",\"@graph\":[{\"@type\":\"WebPage\",\"@id\":\"https:\/\/koningdrone.be\/product\/dji-zenmuse-z15-bmpcc\/\",\"url\":\"https:\/\/koningdrone.be\/product\/dji-zenmuse-z15-bmpcc\/\",\"name\":\"DJI Zenmuse Z15 BMPCC - koningdrone.be\",\"isPartOf\":{\"@id\":\"https:\/\/koningdrone.be\/#website\"},\"primaryImageOfPage\":{\"@id\":\"https:\/\/koningdrone.be\/product\/dji-zenmuse-z15-bmpcc\/#primaryimage\"},\"image\":{\"@id\":\"https:\/\/koningdrone.be\/product\/dji-zenmuse-z15-bmpcc\/#primaryimage\"},\"thumbnailUrl\":\"https:\/\/koningdrone.be\/wp-content\/uploads\/sites\/13\/2025\/04\/6958265106484-1.jpg\",\"datePublished\":\"2021-10-03T08:01:49+00:00\",\"dateModified\":\"2026-04-29T02:20:50+00:00\",\"breadcrumb\":{\"@id\":\"https:\/\/koningdrone.be\/product\/dji-zenmuse-z15-bmpcc\/#breadcrumb\"},\"inLanguage\":\"fr-BE\",\"potentialAction\":[{\"@type\":\"ReadAction\",\"target\":[\"https:\/\/koningdrone.be\/product\/dji-zenmuse-z15-bmpcc\/\"]}]},{\"@type\":\"ImageObject\",\"inLanguage\":\"fr-BE\",\"@id\":\"https:\/\/koningdrone.be\/product\/dji-zenmuse-z15-bmpcc\/#primaryimage\",\"url\":\"https:\/\/koningdrone.be\/wp-content\/uploads\/sites\/13\/2025\/04\/6958265106484-1.jpg\",\"contentUrl\":\"https:\/\/koningdrone.be\/wp-content\/uploads\/sites\/13\/2025\/04\/6958265106484-1.jpg\",\"width\":800,\"height\":500},{\"@type\":\"BreadcrumbList\",\"@id\":\"https:\/\/koningdrone.be\/product\/dji-zenmuse-z15-bmpcc\/#breadcrumb\",\"itemListElement\":[{\"@type\":\"ListItem\",\"position\":1,\"name\":\"Home\",\"item\":\"https:\/\/koningdrone.be\/\"},{\"@type\":\"ListItem\",\"position\":2,\"name\":\"AVSS Parachute Recovery System for DJI Matrice 300\/350\",\"item\":\"https:\/\/koningdrone.be\/product\/avss-parachute-recovery-system-for-dji-matrice-300-350\/\"},{\"@type\":\"ListItem\",\"position\":3,\"name\":\"Alle industriele camera\",\"item\":\"https:\/\/koningdrone.be\/categorie\/alle-industriele-camera\/\"},{\"@type\":\"ListItem\",\"position\":4,\"name\":\"DJI Zenmuse Z15 BMPCC\"}]},{\"@type\":\"WebSite\",\"@id\":\"https:\/\/koningdrone.be\/#website\",\"url\":\"https:\/\/koningdrone.be\/\",\"name\":\"Koningdrone.be - Uw online specialist in drones, gimbals, camera's en power stations.\",\"description\":\"De webshop in drones en gimbals\",\"publisher\":{\"@id\":\"https:\/\/koningdrone.be\/#organization\"},\"potentialAction\":[{\"@type\":\"SearchAction\",\"target\":{\"@type\":\"EntryPoint\",\"urlTemplate\":\"https:\/\/koningdrone.be\/?s={search_term_string}\"},\"query-input\":{\"@type\":\"PropertyValueSpecification\",\"valueRequired\":true,\"valueName\":\"search_term_string\"}}],\"inLanguage\":\"fr-BE\"},{\"@type\":\"Organization\",\"@id\":\"https:\/\/koningdrone.be\/#organization\",\"name\":\"Koningdrone.be\",\"url\":\"https:\/\/koningdrone.be\/\",\"logo\":{\"@type\":\"ImageObject\",\"inLanguage\":\"fr-BE\",\"@id\":\"https:\/\/koningdrone.be\/#\/schema\/logo\/image\/\",\"url\":\"https:\/\/koningdrone.be\/wp-content\/uploads\/sites\/13\/2025\/04\/koningdrone-copyright-logo.svg\",\"contentUrl\":\"https:\/\/koningdrone.be\/wp-content\/uploads\/sites\/13\/2025\/04\/koningdrone-copyright-logo.svg\",\"width\":227,\"height\":38,\"caption\":\"Koningdrone.be\"},\"image\":{\"@id\":\"https:\/\/koningdrone.be\/#\/schema\/logo\/image\/\"}}]}<\/script>\n<!-- \/ Yoast SEO Premium plugin. -->","yoast_head_json":{"title":"DJI Zenmuse Z15 BMPCC - koningdrone.be","robots":{"index":"index","follow":"follow","max-snippet":"max-snippet:-1","max-image-preview":"max-image-preview:large","max-video-preview":"max-video-preview:-1"},"canonical":"https:\/\/koningdrone.be\/fr\/produit\/dji-zenmuse-z15-bmpcc\/","og_locale":"fr_FR","og_type":"article","og_title":"DJI Zenmuse Z15 BMPCC","og_description":"3-assige gimbal voor professionele toepassingenNauwkeurigheid van de instelhoek ligt in een bereik van \u00b1 0,02\u00b0Bij hoge vliegsnelheden en bij harde wind stabiliseren en nauwkeurig besturen","og_url":"https:\/\/koningdrone.be\/fr\/produit\/dji-zenmuse-z15-bmpcc\/","og_site_name":"koningdrone.be","article_modified_time":"2026-04-29T02:20:50+00:00","og_image":[{"width":800,"height":500,"url":"https:\/\/koningdrone.be\/wp-content\/uploads\/sites\/13\/2025\/04\/6958265106484-1.jpg","type":"image\/jpeg"}],"twitter_card":"summary_large_image","twitter_misc":{"Dur\u00e9e de lecture est.":"2 minutes"},"schema":{"@context":"https:\/\/schema.org","@graph":[{"@type":"WebPage","@id":"https:\/\/koningdrone.be\/product\/dji-zenmuse-z15-bmpcc\/","url":"https:\/\/koningdrone.be\/product\/dji-zenmuse-z15-bmpcc\/","name":"DJI Zenmuse Z15 BMPCC - koningdrone.be","isPartOf":{"@id":"https:\/\/koningdrone.be\/#website"},"primaryImageOfPage":{"@id":"https:\/\/koningdrone.be\/product\/dji-zenmuse-z15-bmpcc\/#primaryimage"},"image":{"@id":"https:\/\/koningdrone.be\/product\/dji-zenmuse-z15-bmpcc\/#primaryimage"},"thumbnailUrl":"https:\/\/koningdrone.be\/wp-content\/uploads\/sites\/13\/2025\/04\/6958265106484-1.jpg","datePublished":"2021-10-03T08:01:49+00:00","dateModified":"2026-04-29T02:20:50+00:00","breadcrumb":{"@id":"https:\/\/koningdrone.be\/product\/dji-zenmuse-z15-bmpcc\/#breadcrumb"},"inLanguage":"fr-BE","potentialAction":[{"@type":"ReadAction","target":["https:\/\/koningdrone.be\/product\/dji-zenmuse-z15-bmpcc\/"]}]},{"@type":"ImageObject","inLanguage":"fr-BE","@id":"https:\/\/koningdrone.be\/product\/dji-zenmuse-z15-bmpcc\/#primaryimage","url":"https:\/\/koningdrone.be\/wp-content\/uploads\/sites\/13\/2025\/04\/6958265106484-1.jpg","contentUrl":"https:\/\/koningdrone.be\/wp-content\/uploads\/sites\/13\/2025\/04\/6958265106484-1.jpg","width":800,"height":500},{"@type":"BreadcrumbList","@id":"https:\/\/koningdrone.be\/product\/dji-zenmuse-z15-bmpcc\/#breadcrumb","itemListElement":[{"@type":"ListItem","position":1,"name":"Home","item":"https:\/\/koningdrone.be\/"},{"@type":"ListItem","position":2,"name":"AVSS Parachute Recovery System for DJI Matrice 300\/350","item":"https:\/\/koningdrone.be\/product\/avss-parachute-recovery-system-for-dji-matrice-300-350\/"},{"@type":"ListItem","position":3,"name":"Alle industriele camera","item":"https:\/\/koningdrone.be\/categorie\/alle-industriele-camera\/"},{"@type":"ListItem","position":4,"name":"DJI Zenmuse Z15 BMPCC"}]},{"@type":"WebSite","@id":"https:\/\/koningdrone.be\/#website","url":"https:\/\/koningdrone.be\/","name":"Koningdrone.be - Votre sp\u00e9cialiste en ligne en mati\u00e8re de drones, de cardans, de cam\u00e9ras et de centrales \u00e9lectriques.","description":"La boutique en ligne de drones et de cardans","publisher":{"@id":"https:\/\/koningdrone.be\/#organization"},"potentialAction":[{"@type":"SearchAction","target":{"@type":"EntryPoint","urlTemplate":"https:\/\/koningdrone.be\/?s={search_term_string}"},"query-input":{"@type":"PropertyValueSpecification","valueRequired":true,"valueName":"search_term_string"}}],"inLanguage":"fr-BE"},{"@type":"Organization","@id":"https:\/\/koningdrone.be\/#organization","name":"Kingdrone.co.uk","url":"https:\/\/koningdrone.be\/","logo":{"@type":"ImageObject","inLanguage":"fr-BE","@id":"https:\/\/koningdrone.be\/#\/schema\/logo\/image\/","url":"https:\/\/koningdrone.be\/wp-content\/uploads\/sites\/13\/2025\/04\/koningdrone-copyright-logo.svg","contentUrl":"https:\/\/koningdrone.be\/wp-content\/uploads\/sites\/13\/2025\/04\/koningdrone-copyright-logo.svg","width":227,"height":38,"caption":"Koningdrone.be"},"image":{"@id":"https:\/\/koningdrone.be\/#\/schema\/logo\/image\/"}}]}},"df_price":1769,"df_sale_price":"","df_regular_price":1769,"df_image_link":"https:\/\/koningdrone.be\/wp-content\/uploads\/sites\/13\/2025\/04\/6958265106484-1-300x188.jpg","_links":{"self":[{"href":"https:\/\/koningdrone.be\/fr\/wp-json\/wp\/v2\/product\/6211","targetHints":{"allow":["GET"]}}],"collection":[{"href":"https:\/\/koningdrone.be\/fr\/wp-json\/wp\/v2\/product"}],"about":[{"href":"https:\/\/koningdrone.be\/fr\/wp-json\/wp\/v2\/types\/product"}],"wp:featuredmedia":[{"embeddable":true,"href":"https:\/\/koningdrone.be\/fr\/wp-json\/wp\/v2\/media\/6206"}],"wp:attachment":[{"href":"https:\/\/koningdrone.be\/fr\/wp-json\/wp\/v2\/media?parent=6211"}],"wp:term":[{"taxonomy":"product_brand","embeddable":true,"href":"https:\/\/koningdrone.be\/fr\/wp-json\/wp\/v2\/product_brand?post=6211"},{"taxonomy":"product_cat","embeddable":true,"href":"https:\/\/koningdrone.be\/fr\/wp-json\/wp\/v2\/product_cat?post=6211"},{"taxonomy":"product_tag","embeddable":true,"href":"https:\/\/koningdrone.be\/fr\/wp-json\/wp\/v2\/product_tag?post=6211"}],"curies":[{"name":"wp","href":"https:\/\/api.w.org\/{rel}","templated":true}]}}