{"id":6201,"date":"2021-10-15T16:39:14","date_gmt":"2021-10-15T14:39:14","guid":{"rendered":"https:\/\/koningdrone.nl\/kon\/product\/ecoflow-mc4-to-xt60-solar-cable-5m\/"},"modified":"2026-04-29T16:50:27","modified_gmt":"2026-04-29T14:50:27","slug":"ecoflow-mc4-to-xt60-solar-cable-5m","status":"publish","type":"product","link":"https:\/\/koningdrone.be\/fr\/produit\/ecoflow-mc4-to-xt60-solar-cable-5m\/","title":{"rendered":"C\u00e2ble solaire Ecoflow MC4 vers XT60 5m"},"content":{"rendered":"<p>Le c\u00e2ble EcoFlow MC4 vers XT60 de 5 m\u00e8tres de long est con\u00e7u pour connecter facilement une centrale \u00e9lectrique portable EcoFlow (DELTA \/ RIVER s\u00e9rie 600) \u00e0 un panneau solaire dot\u00e9 d'une sortie MC4 standard. Ce c\u00e2ble vous permet d'utiliser l'\u00e9nergie solaire de mani\u00e8re efficace et fiable pour charger votre centrale portable. Le c\u00e2ble est de haute qualit\u00e9 et vous donne la flexibilit\u00e9 de placer votre panneau solaire \u00e0 l'endroit d\u00e9sir\u00e9, tout en restant connect\u00e9 \u00e0 votre centrale EcoFlow. D'une longueur de 5 m\u00e8tres, ce c\u00e2ble offre une port\u00e9e suffisante pour diff\u00e9rentes configurations, ce qui en fait un accessoire pratique pour tous ceux qui utilisent l'\u00e9nergie solaire sur site.<\/p>\n<p>&nbsp;<\/p>","protected":false},"excerpt":{"rendered":"<ul>\n<li>Connecter une station d'alimentation EcoFlow (DELTA \/ RIVER s\u00e9rie 600) \u00e0 un panneau solaire avec une sortie MC4 standard.<\/li>\n<\/ul>","protected":false},"featured_media":6199,"template":"","meta":{"_acf_changed":false},"product_brand":[],"product_cat":[244,97,245,276,415],"product_tag":[],"class_list":{"0":"post-6201","1":"product","2":"type-product","3":"status-publish","4":"has-post-thumbnail","6":"product_cat-alle-kabels","7":"product_cat-alle-producten","8":"product_cat-ecoflow","9":"product_cat-ecoflow-powerstations","10":"product_cat-energy","11":"product_shipping_class-outofstock","12":"pa_brand-ecoflow","13":"pa_productfamily-kabel","14":"pa_producttype-kabel","16":"first","17":"outofstock","18":"taxable","19":"shipping-taxable","20":"purchasable","21":"product-type-simple"},"acf":[],"yoast_head":"<!-- This site is optimized with the Yoast SEO Premium plugin v27.2 (Yoast SEO v27.2) - https:\/\/yoast.com\/product\/yoast-seo-premium-wordpress\/ -->\n<title>Ecoflow MC4 to XT60 Solar Cable 5m - koningdrone.be<\/title>\n<meta name=\"robots\" content=\"index, follow, max-snippet:-1, max-image-preview:large, max-video-preview:-1\" \/>\n<link rel=\"canonical\" href=\"https:\/\/koningdrone.be\/fr\/produit\/ecoflow-mc4-to-xt60-solar-cable-5m\/\" \/>\n<meta property=\"og:locale\" content=\"fr_FR\" \/>\n<meta property=\"og:type\" content=\"article\" \/>\n<meta property=\"og:title\" content=\"Ecoflow MC4 to XT60 Solar Cable 5m\" \/>\n<meta property=\"og:description\" content=\"Sluit een EcoFlow voedingsstation (DELTA \/ RIVER 600 serie) aan te sluiten op een zonnepaneel met een standaard MC4 uitgang.\" \/>\n<meta property=\"og:url\" content=\"https:\/\/koningdrone.be\/fr\/produit\/ecoflow-mc4-to-xt60-solar-cable-5m\/\" \/>\n<meta property=\"og:site_name\" content=\"koningdrone.be\" \/>\n<meta property=\"article:modified_time\" content=\"2026-04-29T14:50:27+00:00\" \/>\n<meta property=\"og:image\" content=\"https:\/\/koningdrone.be\/wp-content\/uploads\/sites\/13\/2025\/04\/4897082660941-1.jpg\" \/>\n\t<meta property=\"og:image:width\" content=\"1280\" \/>\n\t<meta property=\"og:image:height\" content=\"800\" \/>\n\t<meta property=\"og:image:type\" content=\"image\/jpeg\" \/>\n<meta name=\"twitter:card\" content=\"summary_large_image\" \/>\n<meta name=\"twitter:label1\" content=\"Dur\u00e9e de lecture est.\" \/>\n\t<meta name=\"twitter:data1\" content=\"1 minute\" \/>\n<script type=\"application\/ld+json\" class=\"yoast-schema-graph\">{\"@context\":\"https:\/\/schema.org\",\"@graph\":[{\"@type\":\"WebPage\",\"@id\":\"https:\/\/koningdrone.be\/product\/ecoflow-mc4-to-xt60-solar-cable-5m\/\",\"url\":\"https:\/\/koningdrone.be\/product\/ecoflow-mc4-to-xt60-solar-cable-5m\/\",\"name\":\"Ecoflow MC4 to XT60 Solar Cable 5m - koningdrone.be\",\"isPartOf\":{\"@id\":\"https:\/\/koningdrone.be\/#website\"},\"primaryImageOfPage\":{\"@id\":\"https:\/\/koningdrone.be\/product\/ecoflow-mc4-to-xt60-solar-cable-5m\/#primaryimage\"},\"image\":{\"@id\":\"https:\/\/koningdrone.be\/product\/ecoflow-mc4-to-xt60-solar-cable-5m\/#primaryimage\"},\"thumbnailUrl\":\"https:\/\/koningdrone.be\/wp-content\/uploads\/sites\/13\/2025\/04\/4897082660941-1.jpg\",\"datePublished\":\"2021-10-15T14:39:14+00:00\",\"dateModified\":\"2026-04-29T14:50:27+00:00\",\"breadcrumb\":{\"@id\":\"https:\/\/koningdrone.be\/product\/ecoflow-mc4-to-xt60-solar-cable-5m\/#breadcrumb\"},\"inLanguage\":\"fr-BE\",\"potentialAction\":[{\"@type\":\"ReadAction\",\"target\":[\"https:\/\/koningdrone.be\/product\/ecoflow-mc4-to-xt60-solar-cable-5m\/\"]}]},{\"@type\":\"ImageObject\",\"inLanguage\":\"fr-BE\",\"@id\":\"https:\/\/koningdrone.be\/product\/ecoflow-mc4-to-xt60-solar-cable-5m\/#primaryimage\",\"url\":\"https:\/\/koningdrone.be\/wp-content\/uploads\/sites\/13\/2025\/04\/4897082660941-1.jpg\",\"contentUrl\":\"https:\/\/koningdrone.be\/wp-content\/uploads\/sites\/13\/2025\/04\/4897082660941-1.jpg\",\"width\":1280,\"height\":800},{\"@type\":\"BreadcrumbList\",\"@id\":\"https:\/\/koningdrone.be\/product\/ecoflow-mc4-to-xt60-solar-cable-5m\/#breadcrumb\",\"itemListElement\":[{\"@type\":\"ListItem\",\"position\":1,\"name\":\"Home\",\"item\":\"https:\/\/koningdrone.be\/\"},{\"@type\":\"ListItem\",\"position\":2,\"name\":\"AVSS Parachute Recovery System for DJI Matrice 300\/350\",\"item\":\"https:\/\/koningdrone.be\/product\/avss-parachute-recovery-system-for-dji-matrice-300-350\/\"},{\"@type\":\"ListItem\",\"position\":3,\"name\":\"Alle kabels\",\"item\":\"https:\/\/koningdrone.be\/categorie\/alle-kabels\/\"},{\"@type\":\"ListItem\",\"position\":4,\"name\":\"Ecoflow MC4 to XT60 Solar Cable 5m\"}]},{\"@type\":\"WebSite\",\"@id\":\"https:\/\/koningdrone.be\/#website\",\"url\":\"https:\/\/koningdrone.be\/\",\"name\":\"Koningdrone.be - Uw online specialist in drones, gimbals, camera's en power stations.\",\"description\":\"De webshop in drones en gimbals\",\"publisher\":{\"@id\":\"https:\/\/koningdrone.be\/#organization\"},\"potentialAction\":[{\"@type\":\"SearchAction\",\"target\":{\"@type\":\"EntryPoint\",\"urlTemplate\":\"https:\/\/koningdrone.be\/?s={search_term_string}\"},\"query-input\":{\"@type\":\"PropertyValueSpecification\",\"valueRequired\":true,\"valueName\":\"search_term_string\"}}],\"inLanguage\":\"fr-BE\"},{\"@type\":\"Organization\",\"@id\":\"https:\/\/koningdrone.be\/#organization\",\"name\":\"Koningdrone.be\",\"url\":\"https:\/\/koningdrone.be\/\",\"logo\":{\"@type\":\"ImageObject\",\"inLanguage\":\"fr-BE\",\"@id\":\"https:\/\/koningdrone.be\/#\/schema\/logo\/image\/\",\"url\":\"https:\/\/koningdrone.be\/wp-content\/uploads\/sites\/13\/2025\/04\/koningdrone-copyright-logo.svg\",\"contentUrl\":\"https:\/\/koningdrone.be\/wp-content\/uploads\/sites\/13\/2025\/04\/koningdrone-copyright-logo.svg\",\"width\":227,\"height\":38,\"caption\":\"Koningdrone.be\"},\"image\":{\"@id\":\"https:\/\/koningdrone.be\/#\/schema\/logo\/image\/\"}}]}<\/script>\n<!-- \/ Yoast SEO Premium plugin. -->","yoast_head_json":{"title":"Ecoflow MC4 to XT60 Solar Cable 5m - koningdrone.be","robots":{"index":"index","follow":"follow","max-snippet":"max-snippet:-1","max-image-preview":"max-image-preview:large","max-video-preview":"max-video-preview:-1"},"canonical":"https:\/\/koningdrone.be\/fr\/produit\/ecoflow-mc4-to-xt60-solar-cable-5m\/","og_locale":"fr_FR","og_type":"article","og_title":"Ecoflow MC4 to XT60 Solar Cable 5m","og_description":"Sluit een EcoFlow voedingsstation (DELTA \/ RIVER 600 serie) aan te sluiten op een zonnepaneel met een standaard MC4 uitgang.","og_url":"https:\/\/koningdrone.be\/fr\/produit\/ecoflow-mc4-to-xt60-solar-cable-5m\/","og_site_name":"koningdrone.be","article_modified_time":"2026-04-29T14:50:27+00:00","og_image":[{"width":1280,"height":800,"url":"https:\/\/koningdrone.be\/wp-content\/uploads\/sites\/13\/2025\/04\/4897082660941-1.jpg","type":"image\/jpeg"}],"twitter_card":"summary_large_image","twitter_misc":{"Dur\u00e9e de lecture est.":"1 minute"},"schema":{"@context":"https:\/\/schema.org","@graph":[{"@type":"WebPage","@id":"https:\/\/koningdrone.be\/product\/ecoflow-mc4-to-xt60-solar-cable-5m\/","url":"https:\/\/koningdrone.be\/product\/ecoflow-mc4-to-xt60-solar-cable-5m\/","name":"Ecoflow MC4 to XT60 Solar Cable 5m - koningdrone.be","isPartOf":{"@id":"https:\/\/koningdrone.be\/#website"},"primaryImageOfPage":{"@id":"https:\/\/koningdrone.be\/product\/ecoflow-mc4-to-xt60-solar-cable-5m\/#primaryimage"},"image":{"@id":"https:\/\/koningdrone.be\/product\/ecoflow-mc4-to-xt60-solar-cable-5m\/#primaryimage"},"thumbnailUrl":"https:\/\/koningdrone.be\/wp-content\/uploads\/sites\/13\/2025\/04\/4897082660941-1.jpg","datePublished":"2021-10-15T14:39:14+00:00","dateModified":"2026-04-29T14:50:27+00:00","breadcrumb":{"@id":"https:\/\/koningdrone.be\/product\/ecoflow-mc4-to-xt60-solar-cable-5m\/#breadcrumb"},"inLanguage":"fr-BE","potentialAction":[{"@type":"ReadAction","target":["https:\/\/koningdrone.be\/product\/ecoflow-mc4-to-xt60-solar-cable-5m\/"]}]},{"@type":"ImageObject","inLanguage":"fr-BE","@id":"https:\/\/koningdrone.be\/product\/ecoflow-mc4-to-xt60-solar-cable-5m\/#primaryimage","url":"https:\/\/koningdrone.be\/wp-content\/uploads\/sites\/13\/2025\/04\/4897082660941-1.jpg","contentUrl":"https:\/\/koningdrone.be\/wp-content\/uploads\/sites\/13\/2025\/04\/4897082660941-1.jpg","width":1280,"height":800},{"@type":"BreadcrumbList","@id":"https:\/\/koningdrone.be\/product\/ecoflow-mc4-to-xt60-solar-cable-5m\/#breadcrumb","itemListElement":[{"@type":"ListItem","position":1,"name":"Home","item":"https:\/\/koningdrone.be\/"},{"@type":"ListItem","position":2,"name":"AVSS Parachute Recovery System for DJI Matrice 300\/350","item":"https:\/\/koningdrone.be\/product\/avss-parachute-recovery-system-for-dji-matrice-300-350\/"},{"@type":"ListItem","position":3,"name":"Alle kabels","item":"https:\/\/koningdrone.be\/categorie\/alle-kabels\/"},{"@type":"ListItem","position":4,"name":"Ecoflow MC4 to XT60 Solar Cable 5m"}]},{"@type":"WebSite","@id":"https:\/\/koningdrone.be\/#website","url":"https:\/\/koningdrone.be\/","name":"Koningdrone.be - Votre sp\u00e9cialiste en ligne en mati\u00e8re de drones, de cardans, de cam\u00e9ras et de centrales \u00e9lectriques.","description":"La boutique en ligne de drones et de cardans","publisher":{"@id":"https:\/\/koningdrone.be\/#organization"},"potentialAction":[{"@type":"SearchAction","target":{"@type":"EntryPoint","urlTemplate":"https:\/\/koningdrone.be\/?s={search_term_string}"},"query-input":{"@type":"PropertyValueSpecification","valueRequired":true,"valueName":"search_term_string"}}],"inLanguage":"fr-BE"},{"@type":"Organization","@id":"https:\/\/koningdrone.be\/#organization","name":"Kingdrone.co.uk","url":"https:\/\/koningdrone.be\/","logo":{"@type":"ImageObject","inLanguage":"fr-BE","@id":"https:\/\/koningdrone.be\/#\/schema\/logo\/image\/","url":"https:\/\/koningdrone.be\/wp-content\/uploads\/sites\/13\/2025\/04\/koningdrone-copyright-logo.svg","contentUrl":"https:\/\/koningdrone.be\/wp-content\/uploads\/sites\/13\/2025\/04\/koningdrone-copyright-logo.svg","width":227,"height":38,"caption":"Koningdrone.be"},"image":{"@id":"https:\/\/koningdrone.be\/#\/schema\/logo\/image\/"}}]}},"df_price":39,"df_sale_price":"","df_regular_price":39,"df_image_link":"https:\/\/koningdrone.be\/wp-content\/uploads\/sites\/13\/2025\/04\/4897082660941-1-300x188.jpg","_links":{"self":[{"href":"https:\/\/koningdrone.be\/fr\/wp-json\/wp\/v2\/product\/6201","targetHints":{"allow":["GET"]}}],"collection":[{"href":"https:\/\/koningdrone.be\/fr\/wp-json\/wp\/v2\/product"}],"about":[{"href":"https:\/\/koningdrone.be\/fr\/wp-json\/wp\/v2\/types\/product"}],"wp:featuredmedia":[{"embeddable":true,"href":"https:\/\/koningdrone.be\/fr\/wp-json\/wp\/v2\/media\/6199"}],"wp:attachment":[{"href":"https:\/\/koningdrone.be\/fr\/wp-json\/wp\/v2\/media?parent=6201"}],"wp:term":[{"taxonomy":"product_brand","embeddable":true,"href":"https:\/\/koningdrone.be\/fr\/wp-json\/wp\/v2\/product_brand?post=6201"},{"taxonomy":"product_cat","embeddable":true,"href":"https:\/\/koningdrone.be\/fr\/wp-json\/wp\/v2\/product_cat?post=6201"},{"taxonomy":"product_tag","embeddable":true,"href":"https:\/\/koningdrone.be\/fr\/wp-json\/wp\/v2\/product_tag?post=6201"}],"curies":[{"name":"wp","href":"https:\/\/api.w.org\/{rel}","templated":true}]}}