{"id":6170,"date":"2021-10-15T16:39:14","date_gmt":"2021-10-15T14:39:14","guid":{"rendered":"https:\/\/koningdrone.nl\/kon\/product\/ecoflow-delta-max-eu\/"},"modified":"2026-04-29T15:50:19","modified_gmt":"2026-04-29T13:50:19","slug":"ecoflow-delta-max-eu","status":"publish","type":"product","link":"https:\/\/koningdrone.be\/fr\/produit\/ecoflow-delta-max-eu\/","title":{"rendered":"Ecoflow DELTA Max (2000)"},"content":{"rendered":"<p>L'EcoFlow Delta Max fait passer les centrales \u00e9lectriques portables au niveau sup\u00e9rieur. Avec une puissance continue de 2 400 W et une puissance de pointe maximale de 5 000 W, ce g\u00e9n\u00e9rateur portable \u00e0 batterie peut rivaliser avec certains g\u00e9n\u00e9rateurs \u00e0 essence. Une technologie de charge r\u00e9volutionnaire permet de charger rapidement et en toute s\u00e9curit\u00e9 l'EcoFlow Delta Max de 0 \u00e0 80% en seulement 65 minutes. La batterie NCM d'une capacit\u00e9 de 2016Wh permet de charger tous vos gadgets \u00e9lectriques sans bruit, sans \u00e9missions et sans co\u00fbts d'entretien \u00e9lev\u00e9s. Cette centrale \u00e9lectrique portable ne p\u00e8se que 22 kg et est id\u00e9ale pour les activit\u00e9s de plein air telles que le camping, le caravaning, la navigation de plaisance, la p\u00eache ou les festivals. Gr\u00e2ce \u00e0 ses nombreux ports et prises USB, la Delta Max permet de recharger facilement vos gadgets et appareils, o\u00f9 que vous soyez.<\/p>\n<p><strong>Technologie X-Boost<\/strong><\/p>\n<p>La technologie X-Boost d'EcoFlow permet \u00e0 la Delta Max d'alimenter des appareils lourds jusqu'\u00e0 3 400 W, ce qui vous permet de continuer \u00e0 utiliser votre r\u00e9frig\u00e9rateur, votre s\u00e8che-linge et bien d'autres appareils pendant une panne de courant. Avec une puissance de 2 kWh qui peut \u00eatre \u00e9tendue \u00e0 6 kWh avec des batteries intelligentes Delta Max suppl\u00e9mentaires, vous pouvez garder vos appareils m\u00e9nagers importants tels que votre r\u00e9frig\u00e9rateur et vos lumi\u00e8res aliment\u00e9s pendant des heures. L'application EcoFlow vous permet de g\u00e9rer, de surveiller et d'ajuster votre consommation d'\u00e9nergie, tandis que la possibilit\u00e9 de se connecter \u00e0 des panneaux solaires vous permet de profiter de l'\u00e9nergie solaire m\u00eame par temps froid ou nuageux. Gr\u00e2ce aux diff\u00e9rentes options de charge, telles que le courant alternatif, le chargeur de voiture ou les panneaux solaires, vous pouvez charger la Delta Max en 1,6 heure (courant alternatif), 21 heures (chargeur de voiture 12V), 5,6-11,2 heures (en utilisant 4x des panneaux solaires de 110W), 4,2-8,4 heures (en utilisant 4x des panneaux solaires de 160W) ou 3,2-6,3 heures (en utilisant 2x des panneaux solaires de 400W).<\/p>\n<p><strong>Adapt\u00e9 \u00e0 diff\u00e9rents sc\u00e9narios<\/strong><\/p>\n<p>L'EcoFlow Delta Max est con\u00e7u pour \u00eatre utilis\u00e9 dans diff\u00e9rents sc\u00e9narios, et les images ci-dessous montrent comment l'utiliser pour l'alimentation de secours, l'alimentation hors r\u00e9seau et l'utilisation professionnelle.<\/p>\n<p><\/p>","protected":false},"excerpt":{"rendered":"<ul>\n<li>2400W (Surge 5000W) \/ Capacit\u00e9 de la batterie 2016Wh<\/li>\n<li>La derni\u00e8re norme en mati\u00e8re de g\u00e9n\u00e9rateurs aliment\u00e9s par batterie. Compatible avec une large gamme d'appareils, la DELTA Power Station fournit des heures d'\u00e9nergie - n'importe o\u00f9, n'importe quand.<\/li>\n<\/ul>","protected":false},"featured_media":6046,"template":"","meta":{"_acf_changed":false},"product_brand":[],"product_cat":[454,97,245,276,415],"product_tag":[],"class_list":{"0":"post-6170","1":"product","2":"type-product","3":"status-publish","4":"has-post-thumbnail","6":"product_cat-alle-powerstations","7":"product_cat-alle-producten","8":"product_cat-ecoflow","9":"product_cat-ecoflow-powerstations","10":"product_cat-energy","11":"product_shipping_class-outofstock","12":"pa_afmetingen-49-7-x-24-2-x-30-5-cm","13":"pa_brand-ecoflow","14":"pa_capaciteit-1612wh","15":"pa_gewicht-22-kg","16":"pa_input-dc-ac-laadingang-vermogen-220-240v50hz-60hz-10a-ingang-zonne-energie-11-100v-13a-max-800w-max-autolaadingang-ondersteunt-12v-24v-batterij-standaard-8a","17":"pa_materiaal-kunststof","18":"pa_oplaadtijd-via-ac-1-6-uur","19":"pa_output-230-v-4x-ac-uitgang-zuivere-sinusgolf-2400-w-totaal-piek-4600-w-230-v-50-hz-60-hz","20":"pa_output-dc-2x-dc5521-uitgang-126v-3a-per-poort-1x-autolader-uitgang-126v-10a-126w-max","21":"pa_output-usb-2x-usb-a-uitgang-5v-24a-12w-max-per-poort-2x-usb-a-snelladen-5v-24a-9v-2a-12v-15a-18w-max-2x-usb-c-uitgang-5-9-12-15-20v-5a-maximaal-100w","22":"pa_productfamily-power-station","23":"pa_producttype-power-station","24":"pa_series-delta-max","25":"pa_snellaadfunctie-ja","26":"pa_type-batterij-li-ion-nmc","28":"first","29":"outofstock","30":"taxable","31":"shipping-taxable","32":"purchasable","33":"product-type-simple"},"acf":[],"yoast_head":"<!-- This site is optimized with the Yoast SEO Premium plugin v27.2 (Yoast SEO v27.2) - https:\/\/yoast.com\/product\/yoast-seo-premium-wordpress\/ -->\n<title>Ecoflow DELTA Max (2000) - koningdrone.be<\/title>\n<meta name=\"robots\" content=\"index, follow, max-snippet:-1, max-image-preview:large, max-video-preview:-1\" \/>\n<link rel=\"canonical\" href=\"https:\/\/koningdrone.be\/fr\/produit\/ecoflow-delta-max-eu\/\" \/>\n<meta property=\"og:locale\" content=\"fr_FR\" \/>\n<meta property=\"og:type\" content=\"article\" \/>\n<meta property=\"og:title\" content=\"Ecoflow DELTA Max (2000)\" \/>\n<meta property=\"og:description\" content=\"2400W (Surge 5000W) \/ Batterijcapaciteit 2016WhDe nieuwste standaard van batterijgevoede generatoren. De DELTA Power Station is compatibel met een breed scala aan apparaten en zorgt voor urenlange stroomvoorziening - overal en altijd.\" \/>\n<meta property=\"og:url\" content=\"https:\/\/koningdrone.be\/fr\/produit\/ecoflow-delta-max-eu\/\" \/>\n<meta property=\"og:site_name\" content=\"koningdrone.be\" \/>\n<meta property=\"article:modified_time\" content=\"2026-04-29T13:50:19+00:00\" \/>\n<meta property=\"og:image\" content=\"https:\/\/koningdrone.be\/wp-content\/uploads\/sites\/13\/2025\/04\/4897082664710-1.jpg\" \/>\n\t<meta property=\"og:image:width\" content=\"600\" \/>\n\t<meta property=\"og:image:height\" content=\"600\" \/>\n\t<meta property=\"og:image:type\" content=\"image\/jpeg\" \/>\n<meta name=\"twitter:card\" content=\"summary_large_image\" \/>\n<meta name=\"twitter:label1\" content=\"Dur\u00e9e de lecture est.\" \/>\n\t<meta name=\"twitter:data1\" content=\"1 minute\" \/>\n<script type=\"application\/ld+json\" class=\"yoast-schema-graph\">{\"@context\":\"https:\/\/schema.org\",\"@graph\":[{\"@type\":\"WebPage\",\"@id\":\"https:\/\/koningdrone.be\/product\/ecoflow-delta-max-eu\/\",\"url\":\"https:\/\/koningdrone.be\/product\/ecoflow-delta-max-eu\/\",\"name\":\"Ecoflow DELTA Max (2000) - koningdrone.be\",\"isPartOf\":{\"@id\":\"https:\/\/koningdrone.be\/#website\"},\"primaryImageOfPage\":{\"@id\":\"https:\/\/koningdrone.be\/product\/ecoflow-delta-max-eu\/#primaryimage\"},\"image\":{\"@id\":\"https:\/\/koningdrone.be\/product\/ecoflow-delta-max-eu\/#primaryimage\"},\"thumbnailUrl\":\"https:\/\/koningdrone.be\/wp-content\/uploads\/sites\/13\/2025\/04\/4897082664710-1.jpg\",\"datePublished\":\"2021-10-15T14:39:14+00:00\",\"dateModified\":\"2026-04-29T13:50:19+00:00\",\"breadcrumb\":{\"@id\":\"https:\/\/koningdrone.be\/product\/ecoflow-delta-max-eu\/#breadcrumb\"},\"inLanguage\":\"fr-BE\",\"potentialAction\":[{\"@type\":\"ReadAction\",\"target\":[\"https:\/\/koningdrone.be\/product\/ecoflow-delta-max-eu\/\"]}]},{\"@type\":\"ImageObject\",\"inLanguage\":\"fr-BE\",\"@id\":\"https:\/\/koningdrone.be\/product\/ecoflow-delta-max-eu\/#primaryimage\",\"url\":\"https:\/\/koningdrone.be\/wp-content\/uploads\/sites\/13\/2025\/04\/4897082664710-1.jpg\",\"contentUrl\":\"https:\/\/koningdrone.be\/wp-content\/uploads\/sites\/13\/2025\/04\/4897082664710-1.jpg\",\"width\":600,\"height\":600},{\"@type\":\"BreadcrumbList\",\"@id\":\"https:\/\/koningdrone.be\/product\/ecoflow-delta-max-eu\/#breadcrumb\",\"itemListElement\":[{\"@type\":\"ListItem\",\"position\":1,\"name\":\"Home\",\"item\":\"https:\/\/koningdrone.be\/\"},{\"@type\":\"ListItem\",\"position\":2,\"name\":\"AVSS Parachute Recovery System for DJI Matrice 300\/350\",\"item\":\"https:\/\/koningdrone.be\/product\/avss-parachute-recovery-system-for-dji-matrice-300-350\/\"},{\"@type\":\"ListItem\",\"position\":3,\"name\":\"Alle powerstations\",\"item\":\"https:\/\/koningdrone.be\/categorie\/alle-powerstations\/\"},{\"@type\":\"ListItem\",\"position\":4,\"name\":\"Ecoflow DELTA Max (2000)\"}]},{\"@type\":\"WebSite\",\"@id\":\"https:\/\/koningdrone.be\/#website\",\"url\":\"https:\/\/koningdrone.be\/\",\"name\":\"Koningdrone.be - Uw online specialist in drones, gimbals, camera's en power stations.\",\"description\":\"De webshop in drones en gimbals\",\"publisher\":{\"@id\":\"https:\/\/koningdrone.be\/#organization\"},\"potentialAction\":[{\"@type\":\"SearchAction\",\"target\":{\"@type\":\"EntryPoint\",\"urlTemplate\":\"https:\/\/koningdrone.be\/?s={search_term_string}\"},\"query-input\":{\"@type\":\"PropertyValueSpecification\",\"valueRequired\":true,\"valueName\":\"search_term_string\"}}],\"inLanguage\":\"fr-BE\"},{\"@type\":\"Organization\",\"@id\":\"https:\/\/koningdrone.be\/#organization\",\"name\":\"Koningdrone.be\",\"url\":\"https:\/\/koningdrone.be\/\",\"logo\":{\"@type\":\"ImageObject\",\"inLanguage\":\"fr-BE\",\"@id\":\"https:\/\/koningdrone.be\/#\/schema\/logo\/image\/\",\"url\":\"https:\/\/koningdrone.be\/wp-content\/uploads\/sites\/13\/2025\/04\/koningdrone-copyright-logo.svg\",\"contentUrl\":\"https:\/\/koningdrone.be\/wp-content\/uploads\/sites\/13\/2025\/04\/koningdrone-copyright-logo.svg\",\"width\":227,\"height\":38,\"caption\":\"Koningdrone.be\"},\"image\":{\"@id\":\"https:\/\/koningdrone.be\/#\/schema\/logo\/image\/\"}}]}<\/script>\n<!-- \/ Yoast SEO Premium plugin. -->","yoast_head_json":{"title":"Ecoflow DELTA Max (2000) - koningdrone.be","robots":{"index":"index","follow":"follow","max-snippet":"max-snippet:-1","max-image-preview":"max-image-preview:large","max-video-preview":"max-video-preview:-1"},"canonical":"https:\/\/koningdrone.be\/fr\/produit\/ecoflow-delta-max-eu\/","og_locale":"fr_FR","og_type":"article","og_title":"Ecoflow DELTA Max (2000)","og_description":"2400W (Surge 5000W) \/ Batterijcapaciteit 2016WhDe nieuwste standaard van batterijgevoede generatoren. De DELTA Power Station is compatibel met een breed scala aan apparaten en zorgt voor urenlange stroomvoorziening - overal en altijd.","og_url":"https:\/\/koningdrone.be\/fr\/produit\/ecoflow-delta-max-eu\/","og_site_name":"koningdrone.be","article_modified_time":"2026-04-29T13:50:19+00:00","og_image":[{"width":600,"height":600,"url":"https:\/\/koningdrone.be\/wp-content\/uploads\/sites\/13\/2025\/04\/4897082664710-1.jpg","type":"image\/jpeg"}],"twitter_card":"summary_large_image","twitter_misc":{"Dur\u00e9e de lecture est.":"1 minute"},"schema":{"@context":"https:\/\/schema.org","@graph":[{"@type":"WebPage","@id":"https:\/\/koningdrone.be\/product\/ecoflow-delta-max-eu\/","url":"https:\/\/koningdrone.be\/product\/ecoflow-delta-max-eu\/","name":"Ecoflow DELTA Max (2000) - koningdrone.be","isPartOf":{"@id":"https:\/\/koningdrone.be\/#website"},"primaryImageOfPage":{"@id":"https:\/\/koningdrone.be\/product\/ecoflow-delta-max-eu\/#primaryimage"},"image":{"@id":"https:\/\/koningdrone.be\/product\/ecoflow-delta-max-eu\/#primaryimage"},"thumbnailUrl":"https:\/\/koningdrone.be\/wp-content\/uploads\/sites\/13\/2025\/04\/4897082664710-1.jpg","datePublished":"2021-10-15T14:39:14+00:00","dateModified":"2026-04-29T13:50:19+00:00","breadcrumb":{"@id":"https:\/\/koningdrone.be\/product\/ecoflow-delta-max-eu\/#breadcrumb"},"inLanguage":"fr-BE","potentialAction":[{"@type":"ReadAction","target":["https:\/\/koningdrone.be\/product\/ecoflow-delta-max-eu\/"]}]},{"@type":"ImageObject","inLanguage":"fr-BE","@id":"https:\/\/koningdrone.be\/product\/ecoflow-delta-max-eu\/#primaryimage","url":"https:\/\/koningdrone.be\/wp-content\/uploads\/sites\/13\/2025\/04\/4897082664710-1.jpg","contentUrl":"https:\/\/koningdrone.be\/wp-content\/uploads\/sites\/13\/2025\/04\/4897082664710-1.jpg","width":600,"height":600},{"@type":"BreadcrumbList","@id":"https:\/\/koningdrone.be\/product\/ecoflow-delta-max-eu\/#breadcrumb","itemListElement":[{"@type":"ListItem","position":1,"name":"Home","item":"https:\/\/koningdrone.be\/"},{"@type":"ListItem","position":2,"name":"AVSS Parachute Recovery System for DJI Matrice 300\/350","item":"https:\/\/koningdrone.be\/product\/avss-parachute-recovery-system-for-dji-matrice-300-350\/"},{"@type":"ListItem","position":3,"name":"Alle powerstations","item":"https:\/\/koningdrone.be\/categorie\/alle-powerstations\/"},{"@type":"ListItem","position":4,"name":"Ecoflow DELTA Max (2000)"}]},{"@type":"WebSite","@id":"https:\/\/koningdrone.be\/#website","url":"https:\/\/koningdrone.be\/","name":"Koningdrone.be - Votre sp\u00e9cialiste en ligne en mati\u00e8re de drones, de cardans, de cam\u00e9ras et de centrales \u00e9lectriques.","description":"La boutique en ligne de drones et de cardans","publisher":{"@id":"https:\/\/koningdrone.be\/#organization"},"potentialAction":[{"@type":"SearchAction","target":{"@type":"EntryPoint","urlTemplate":"https:\/\/koningdrone.be\/?s={search_term_string}"},"query-input":{"@type":"PropertyValueSpecification","valueRequired":true,"valueName":"search_term_string"}}],"inLanguage":"fr-BE"},{"@type":"Organization","@id":"https:\/\/koningdrone.be\/#organization","name":"Kingdrone.co.uk","url":"https:\/\/koningdrone.be\/","logo":{"@type":"ImageObject","inLanguage":"fr-BE","@id":"https:\/\/koningdrone.be\/#\/schema\/logo\/image\/","url":"https:\/\/koningdrone.be\/wp-content\/uploads\/sites\/13\/2025\/04\/koningdrone-copyright-logo.svg","contentUrl":"https:\/\/koningdrone.be\/wp-content\/uploads\/sites\/13\/2025\/04\/koningdrone-copyright-logo.svg","width":227,"height":38,"caption":"Koningdrone.be"},"image":{"@id":"https:\/\/koningdrone.be\/#\/schema\/logo\/image\/"}}]}},"df_price":1699,"df_sale_price":"","df_regular_price":1699,"df_image_link":"https:\/\/koningdrone.be\/wp-content\/uploads\/sites\/13\/2025\/04\/4897082664710-1-300x300.jpg","_links":{"self":[{"href":"https:\/\/koningdrone.be\/fr\/wp-json\/wp\/v2\/product\/6170","targetHints":{"allow":["GET"]}}],"collection":[{"href":"https:\/\/koningdrone.be\/fr\/wp-json\/wp\/v2\/product"}],"about":[{"href":"https:\/\/koningdrone.be\/fr\/wp-json\/wp\/v2\/types\/product"}],"wp:featuredmedia":[{"embeddable":true,"href":"https:\/\/koningdrone.be\/fr\/wp-json\/wp\/v2\/media\/6046"}],"wp:attachment":[{"href":"https:\/\/koningdrone.be\/fr\/wp-json\/wp\/v2\/media?parent=6170"}],"wp:term":[{"taxonomy":"product_brand","embeddable":true,"href":"https:\/\/koningdrone.be\/fr\/wp-json\/wp\/v2\/product_brand?post=6170"},{"taxonomy":"product_cat","embeddable":true,"href":"https:\/\/koningdrone.be\/fr\/wp-json\/wp\/v2\/product_cat?post=6170"},{"taxonomy":"product_tag","embeddable":true,"href":"https:\/\/koningdrone.be\/fr\/wp-json\/wp\/v2\/product_tag?post=6170"}],"curies":[{"name":"wp","href":"https:\/\/api.w.org\/{rel}","templated":true}]}}