{"id":6158,"date":"2021-11-19T11:27:19","date_gmt":"2021-11-19T10:27:19","guid":{"rendered":"https:\/\/koningdrone.nl\/kon\/product\/dji-mavic-3-cine-premium-combo\/"},"modified":"2026-04-29T13:30:11","modified_gmt":"2026-04-29T11:30:11","slug":"dji-mavic-3-cine-premium-combo","status":"publish","type":"product","link":"https:\/\/koningdrone.be\/fr\/produit\/dji-mavic-3-cine-premium-combo\/","title":{"rendered":"DJI Mavic 3 Cine Premium Combo"},"content":{"rendered":"<p><strong>DJI Mavic 3 Cine Premium combo<\/strong><br \/> Capturez des s\u00e9quences a\u00e9riennes \u00e9poustouflantes avec le DJI Mavic 3, dot\u00e9 d'un appareil photo Hasselblad l\u00e9gendaire \u00e9quip\u00e9 d'un capteur CMOS 4\/3 pour une qualit\u00e9 d'image sup\u00e9rieure. Ce drone prend en charge l'enregistrement vid\u00e9o Apple ProRes 5.1K et dispose d'une d\u00e9tection omnidirectionnelle des obstacles pour une navigation fluide.<\/p>\n<ul>\n<li> <strong>Capacit\u00e9s de l'appareil photo :<\/strong> L'appareil photo Hasselblad L2D-20c offre des photos de 20 MP, une plage dynamique de 12,8 arr\u00eats, une ouverture r\u00e9glable de f\/2,8 \u00e0 f\/11 et la technologie Vision Detection Autofocus pour des images d'une grande nettet\u00e9.<\/li>\n<li> <strong>Sp\u00e9cifications vid\u00e9o professionnelles :<\/strong> Enregistrez en r\u00e9solution 5.1K, 4K \u00e0 120 fps et utilisez l'encodage Apple ProRes 422 HQ. Le drone capture un milliard de couleurs avec un profil de couleur D-Log 10 bits, ce qui augmente la flexibilit\u00e9 de la post-production.<\/li>\n<li> <strong>Performances de vol :<\/strong> Profitez d'une autonomie de vol de 46 minutes gr\u00e2ce \u00e0 une a\u00e9rodynamique am\u00e9lior\u00e9e et \u00e0 des moteurs \u00e0 haut rendement. Les syst\u00e8mes avanc\u00e9s de retour \u00e0 la base (RTH) et APAS 5.0 garantissent un vol s\u00fbr et sans obstacles.<\/li>\n<li> <strong>T\u00e9l\u00e9cam\u00e9ra :<\/strong> Dot\u00e9 d'un appareil photo \u00e0 t\u00e9l\u00e9objectif avec zoom hybride 28x, il permet de prendre des photos d\u00e9taill\u00e9es \u00e0 distance sans d\u00e9ranger le sujet.<\/li>\n<li> <strong>Accessoires :<\/strong> Comprend la t\u00e9l\u00e9commande DJI RC Pro, une mallette de transport convertible, un c\u00e2ble de donn\u00e9es Lightspeed 10Gbps, un chargeur portable 65W, des filtres ND, un \u00e9tui de rangement et un objectif grand angle.<\/li>\n<\/ul>\n<p> Les am\u00e9liorations en mati\u00e8re de s\u00e9curit\u00e9 et de performances ont fait l'objet de tests approfondis afin d'offrir une exp\u00e9rience de vol fiable et passionnante. Respectez toujours les lois et r\u00e9glementations locales lors de l'utilisation de l'appareil.<\/p>","protected":false},"excerpt":{"rendered":"<ul>\n<li>DJI Mavic 3 Cine Premium Combo<\/li>\n<li>Appareil photo Hasselblad 4\/3 CMOS<\/li>\n<li>5.1K Apple ProRes<\/li>\n<li>D\u00e9tection des obstacles omnidirectionnels<\/li>\n<\/ul>","protected":false},"featured_media":6153,"template":"","meta":{"_acf_changed":false},"product_brand":[],"product_cat":[97,136,871,137,99],"product_tag":[],"class_list":{"0":"post-6158","1":"product","2":"type-product","3":"status-publish","4":"has-post-thumbnail","6":"product_cat-alle-producten","7":"product_cat-consumer-drones","8":"product_cat-dji-mavic","9":"product_cat-dji-mavic-3","10":"product_cat-drones-met-certificaat","11":"product_shipping_class-outofstock","12":"pa_brand-dji","13":"pa_dronegrade-consumer","14":"pa_productfamily-drone","15":"pa_producttype-drone","16":"pa_series-mavic-3","18":"first","19":"outofstock","20":"taxable","21":"shipping-taxable","22":"product-type-simple"},"acf":[],"yoast_head":"<!-- This site is optimized with the Yoast SEO Premium plugin v27.2 (Yoast SEO v27.2) - https:\/\/yoast.com\/product\/yoast-seo-premium-wordpress\/ -->\n<title>DJI Mavic 3 Cine Premium Combo - koningdrone.be<\/title>\n<meta name=\"robots\" content=\"index, follow, max-snippet:-1, max-image-preview:large, max-video-preview:-1\" \/>\n<link rel=\"canonical\" href=\"https:\/\/koningdrone.be\/fr\/produit\/dji-mavic-3-cine-premium-combo\/\" \/>\n<meta property=\"og:locale\" content=\"fr_FR\" \/>\n<meta property=\"og:type\" content=\"article\" \/>\n<meta property=\"og:title\" content=\"DJI Mavic 3 Cine Premium Combo\" \/>\n<meta property=\"og:description\" content=\"DJI Mavic 3 Cine Premium Combo4\/3 CMOS Hasselblad-camera5.1K Apple ProResOmnidirectionele obstakeldetectie\" \/>\n<meta property=\"og:url\" content=\"https:\/\/koningdrone.be\/fr\/produit\/dji-mavic-3-cine-premium-combo\/\" \/>\n<meta property=\"og:site_name\" content=\"koningdrone.be\" \/>\n<meta property=\"article:modified_time\" content=\"2026-04-29T11:30:11+00:00\" \/>\n<meta property=\"og:image\" content=\"https:\/\/koningdrone.be\/wp-content\/uploads\/sites\/13\/2025\/04\/Mavic-3-Cine-Drone-1.png\" \/>\n\t<meta property=\"og:image:width\" content=\"600\" \/>\n\t<meta property=\"og:image:height\" content=\"249\" \/>\n\t<meta property=\"og:image:type\" content=\"image\/png\" \/>\n<meta name=\"twitter:card\" content=\"summary_large_image\" \/>\n<meta name=\"twitter:label1\" content=\"Dur\u00e9e de lecture est.\" \/>\n\t<meta name=\"twitter:data1\" content=\"1 minute\" \/>\n<script type=\"application\/ld+json\" class=\"yoast-schema-graph\">{\"@context\":\"https:\/\/schema.org\",\"@graph\":[{\"@type\":\"WebPage\",\"@id\":\"https:\/\/koningdrone.be\/product\/dji-mavic-3-cine-premium-combo\/\",\"url\":\"https:\/\/koningdrone.be\/product\/dji-mavic-3-cine-premium-combo\/\",\"name\":\"DJI Mavic 3 Cine Premium Combo - koningdrone.be\",\"isPartOf\":{\"@id\":\"https:\/\/koningdrone.be\/#website\"},\"primaryImageOfPage\":{\"@id\":\"https:\/\/koningdrone.be\/product\/dji-mavic-3-cine-premium-combo\/#primaryimage\"},\"image\":{\"@id\":\"https:\/\/koningdrone.be\/product\/dji-mavic-3-cine-premium-combo\/#primaryimage\"},\"thumbnailUrl\":\"https:\/\/koningdrone.be\/wp-content\/uploads\/sites\/13\/2025\/04\/Mavic-3-Cine-Drone-1.png\",\"datePublished\":\"2021-11-19T10:27:19+00:00\",\"dateModified\":\"2026-04-29T11:30:11+00:00\",\"breadcrumb\":{\"@id\":\"https:\/\/koningdrone.be\/product\/dji-mavic-3-cine-premium-combo\/#breadcrumb\"},\"inLanguage\":\"fr-BE\",\"potentialAction\":[{\"@type\":\"ReadAction\",\"target\":[\"https:\/\/koningdrone.be\/product\/dji-mavic-3-cine-premium-combo\/\"]}]},{\"@type\":\"ImageObject\",\"inLanguage\":\"fr-BE\",\"@id\":\"https:\/\/koningdrone.be\/product\/dji-mavic-3-cine-premium-combo\/#primaryimage\",\"url\":\"https:\/\/koningdrone.be\/wp-content\/uploads\/sites\/13\/2025\/04\/Mavic-3-Cine-Drone-1.png\",\"contentUrl\":\"https:\/\/koningdrone.be\/wp-content\/uploads\/sites\/13\/2025\/04\/Mavic-3-Cine-Drone-1.png\",\"width\":600,\"height\":249},{\"@type\":\"BreadcrumbList\",\"@id\":\"https:\/\/koningdrone.be\/product\/dji-mavic-3-cine-premium-combo\/#breadcrumb\",\"itemListElement\":[{\"@type\":\"ListItem\",\"position\":1,\"name\":\"Home\",\"item\":\"https:\/\/koningdrone.be\/\"},{\"@type\":\"ListItem\",\"position\":2,\"name\":\"AVSS Parachute Recovery System for DJI Matrice 300\/350\",\"item\":\"https:\/\/koningdrone.be\/product\/avss-parachute-recovery-system-for-dji-matrice-300-350\/\"},{\"@type\":\"ListItem\",\"position\":3,\"name\":\"Alle producten\",\"item\":\"https:\/\/koningdrone.be\/categorie\/alle-producten\/\"},{\"@type\":\"ListItem\",\"position\":4,\"name\":\"DJI Mavic 3 Cine Premium Combo\"}]},{\"@type\":\"WebSite\",\"@id\":\"https:\/\/koningdrone.be\/#website\",\"url\":\"https:\/\/koningdrone.be\/\",\"name\":\"Koningdrone.be - Uw online specialist in drones, gimbals, camera's en power stations.\",\"description\":\"De webshop in drones en gimbals\",\"publisher\":{\"@id\":\"https:\/\/koningdrone.be\/#organization\"},\"potentialAction\":[{\"@type\":\"SearchAction\",\"target\":{\"@type\":\"EntryPoint\",\"urlTemplate\":\"https:\/\/koningdrone.be\/?s={search_term_string}\"},\"query-input\":{\"@type\":\"PropertyValueSpecification\",\"valueRequired\":true,\"valueName\":\"search_term_string\"}}],\"inLanguage\":\"fr-BE\"},{\"@type\":\"Organization\",\"@id\":\"https:\/\/koningdrone.be\/#organization\",\"name\":\"Koningdrone.be\",\"url\":\"https:\/\/koningdrone.be\/\",\"logo\":{\"@type\":\"ImageObject\",\"inLanguage\":\"fr-BE\",\"@id\":\"https:\/\/koningdrone.be\/#\/schema\/logo\/image\/\",\"url\":\"https:\/\/koningdrone.be\/wp-content\/uploads\/sites\/13\/2025\/04\/koningdrone-copyright-logo.svg\",\"contentUrl\":\"https:\/\/koningdrone.be\/wp-content\/uploads\/sites\/13\/2025\/04\/koningdrone-copyright-logo.svg\",\"width\":227,\"height\":38,\"caption\":\"Koningdrone.be\"},\"image\":{\"@id\":\"https:\/\/koningdrone.be\/#\/schema\/logo\/image\/\"}}]}<\/script>\n<!-- \/ Yoast SEO Premium plugin. -->","yoast_head_json":{"title":"DJI Mavic 3 Cine Premium Combo - koningdrone.be","robots":{"index":"index","follow":"follow","max-snippet":"max-snippet:-1","max-image-preview":"max-image-preview:large","max-video-preview":"max-video-preview:-1"},"canonical":"https:\/\/koningdrone.be\/fr\/produit\/dji-mavic-3-cine-premium-combo\/","og_locale":"fr_FR","og_type":"article","og_title":"DJI Mavic 3 Cine Premium Combo","og_description":"DJI Mavic 3 Cine Premium Combo4\/3 CMOS Hasselblad-camera5.1K Apple ProResOmnidirectionele obstakeldetectie","og_url":"https:\/\/koningdrone.be\/fr\/produit\/dji-mavic-3-cine-premium-combo\/","og_site_name":"koningdrone.be","article_modified_time":"2026-04-29T11:30:11+00:00","og_image":[{"width":600,"height":249,"url":"https:\/\/koningdrone.be\/wp-content\/uploads\/sites\/13\/2025\/04\/Mavic-3-Cine-Drone-1.png","type":"image\/png"}],"twitter_card":"summary_large_image","twitter_misc":{"Dur\u00e9e de lecture est.":"1 minute"},"schema":{"@context":"https:\/\/schema.org","@graph":[{"@type":"WebPage","@id":"https:\/\/koningdrone.be\/product\/dji-mavic-3-cine-premium-combo\/","url":"https:\/\/koningdrone.be\/product\/dji-mavic-3-cine-premium-combo\/","name":"DJI Mavic 3 Cine Premium Combo - koningdrone.be","isPartOf":{"@id":"https:\/\/koningdrone.be\/#website"},"primaryImageOfPage":{"@id":"https:\/\/koningdrone.be\/product\/dji-mavic-3-cine-premium-combo\/#primaryimage"},"image":{"@id":"https:\/\/koningdrone.be\/product\/dji-mavic-3-cine-premium-combo\/#primaryimage"},"thumbnailUrl":"https:\/\/koningdrone.be\/wp-content\/uploads\/sites\/13\/2025\/04\/Mavic-3-Cine-Drone-1.png","datePublished":"2021-11-19T10:27:19+00:00","dateModified":"2026-04-29T11:30:11+00:00","breadcrumb":{"@id":"https:\/\/koningdrone.be\/product\/dji-mavic-3-cine-premium-combo\/#breadcrumb"},"inLanguage":"fr-BE","potentialAction":[{"@type":"ReadAction","target":["https:\/\/koningdrone.be\/product\/dji-mavic-3-cine-premium-combo\/"]}]},{"@type":"ImageObject","inLanguage":"fr-BE","@id":"https:\/\/koningdrone.be\/product\/dji-mavic-3-cine-premium-combo\/#primaryimage","url":"https:\/\/koningdrone.be\/wp-content\/uploads\/sites\/13\/2025\/04\/Mavic-3-Cine-Drone-1.png","contentUrl":"https:\/\/koningdrone.be\/wp-content\/uploads\/sites\/13\/2025\/04\/Mavic-3-Cine-Drone-1.png","width":600,"height":249},{"@type":"BreadcrumbList","@id":"https:\/\/koningdrone.be\/product\/dji-mavic-3-cine-premium-combo\/#breadcrumb","itemListElement":[{"@type":"ListItem","position":1,"name":"Home","item":"https:\/\/koningdrone.be\/"},{"@type":"ListItem","position":2,"name":"AVSS Parachute Recovery System for DJI Matrice 300\/350","item":"https:\/\/koningdrone.be\/product\/avss-parachute-recovery-system-for-dji-matrice-300-350\/"},{"@type":"ListItem","position":3,"name":"Alle producten","item":"https:\/\/koningdrone.be\/categorie\/alle-producten\/"},{"@type":"ListItem","position":4,"name":"DJI Mavic 3 Cine Premium Combo"}]},{"@type":"WebSite","@id":"https:\/\/koningdrone.be\/#website","url":"https:\/\/koningdrone.be\/","name":"Koningdrone.be - Votre sp\u00e9cialiste en ligne en mati\u00e8re de drones, de cardans, de cam\u00e9ras et de centrales \u00e9lectriques.","description":"La boutique en ligne de drones et de cardans","publisher":{"@id":"https:\/\/koningdrone.be\/#organization"},"potentialAction":[{"@type":"SearchAction","target":{"@type":"EntryPoint","urlTemplate":"https:\/\/koningdrone.be\/?s={search_term_string}"},"query-input":{"@type":"PropertyValueSpecification","valueRequired":true,"valueName":"search_term_string"}}],"inLanguage":"fr-BE"},{"@type":"Organization","@id":"https:\/\/koningdrone.be\/#organization","name":"Kingdrone.co.uk","url":"https:\/\/koningdrone.be\/","logo":{"@type":"ImageObject","inLanguage":"fr-BE","@id":"https:\/\/koningdrone.be\/#\/schema\/logo\/image\/","url":"https:\/\/koningdrone.be\/wp-content\/uploads\/sites\/13\/2025\/04\/koningdrone-copyright-logo.svg","contentUrl":"https:\/\/koningdrone.be\/wp-content\/uploads\/sites\/13\/2025\/04\/koningdrone-copyright-logo.svg","width":227,"height":38,"caption":"Koningdrone.be"},"image":{"@id":"https:\/\/koningdrone.be\/#\/schema\/logo\/image\/"}}]}},"df_price":"","df_sale_price":"","df_regular_price":"","df_image_link":"https:\/\/koningdrone.be\/wp-content\/uploads\/sites\/13\/2025\/04\/Mavic-3-Cine-Drone-1-300x125.png","_links":{"self":[{"href":"https:\/\/koningdrone.be\/fr\/wp-json\/wp\/v2\/product\/6158","targetHints":{"allow":["GET"]}}],"collection":[{"href":"https:\/\/koningdrone.be\/fr\/wp-json\/wp\/v2\/product"}],"about":[{"href":"https:\/\/koningdrone.be\/fr\/wp-json\/wp\/v2\/types\/product"}],"wp:featuredmedia":[{"embeddable":true,"href":"https:\/\/koningdrone.be\/fr\/wp-json\/wp\/v2\/media\/6153"}],"wp:attachment":[{"href":"https:\/\/koningdrone.be\/fr\/wp-json\/wp\/v2\/media?parent=6158"}],"wp:term":[{"taxonomy":"product_brand","embeddable":true,"href":"https:\/\/koningdrone.be\/fr\/wp-json\/wp\/v2\/product_brand?post=6158"},{"taxonomy":"product_cat","embeddable":true,"href":"https:\/\/koningdrone.be\/fr\/wp-json\/wp\/v2\/product_cat?post=6158"},{"taxonomy":"product_tag","embeddable":true,"href":"https:\/\/koningdrone.be\/fr\/wp-json\/wp\/v2\/product_tag?post=6158"}],"curies":[{"name":"wp","href":"https:\/\/api.w.org\/{rel}","templated":true}]}}