{"id":6149,"date":"2021-11-19T11:27:19","date_gmt":"2021-11-19T10:27:19","guid":{"rendered":"https:\/\/koningdrone.nl\/kon\/product\/dji-action-2-front-touchscreen-module\/"},"modified":"2026-04-29T15:40:30","modified_gmt":"2026-04-29T13:40:30","slug":"dji-action-2-front-touchscreen-module","status":"publish","type":"product","link":"https:\/\/koningdrone.be\/fr\/produit\/dji-action-2-front-touchscreen-module\/","title":{"rendered":"DJI Action 2 Module d'\u00e9cran tactile avant"},"content":{"rendered":"<p><strong>Rencontrez le parfait compagnon de vlogging<\/strong><\/p>\n<p> Con\u00e7u pour les amateurs de vlog et de selfie, notre dernier produit est dot\u00e9 d'un \u00e9cran OLED frontal innovant qui vous permet de rester au centre de l'attention tout en capturant vos moments. Gr\u00e2ce \u00e0 un emplacement pour carte microSD, vous pouvez stocker sans effort vos vid\u00e9os et vos photos. De plus, l'ajout de trois microphones garantit des enregistrements audio clairs, capturant chaque mot et chaque son avec nettet\u00e9.<\/p>\n<p><strong>Connectivit\u00e9 am\u00e9lior\u00e9e pour une plus grande flexibilit\u00e9 cr\u00e9ative<\/strong><\/p>\n<p> Le produit est ing\u00e9nieusement con\u00e7u pour s'attacher de mani\u00e8re transparente \u00e0 l'unit\u00e9 de cam\u00e9ra gr\u00e2ce \u00e0 une fermeture magn\u00e9tique. Il am\u00e9liore non seulement la convivialit\u00e9 et la flexibilit\u00e9 de votre configuration de cam\u00e9ra, mais vous permet \u00e9galement d'\u00eatre toujours pr\u00eat \u00e0 capturer l'instant, o\u00f9 que vous soyez. La conception vise \u00e0 offrir une commodit\u00e9 et une facilit\u00e9 d'utilisation ultimes aux vloggers et aux preneurs de selfie.<\/p>\n<p><strong>Autonomie prolong\u00e9e et fonctions avanc\u00e9es<\/strong><\/p>\n<p> Une fois connect\u00e9 \u00e0 la DJI Action 2, ce module prolonge l'autonomie de la cam\u00e9ra jusqu'\u00e0 160 minutes. Mais ce n'est pas tout : il ajoute \u00e9galement plusieurs fonctions avanc\u00e9es \u00e0 votre arsenal. Les utilisateurs appr\u00e9cieront le confort des deux \u00e9crans tactiles OLED pour un meilleur contr\u00f4le et un meilleur cadrage de leurs prises de vue. La configuration st\u00e9r\u00e9o Matrix avec 4 microphones offre des capacit\u00e9s d'enregistrement sonore sup\u00e9rieures, associant vos vid\u00e9os \u00e0 un son de haute qualit\u00e9.<\/p>\n<p><strong>Technologies sonores sup\u00e9rieures<\/strong><\/p>\n<p> Le produit int\u00e8gre les technologies Audio Zoom et Directional Audio, qui fournissent un son de haute qualit\u00e9 correspondant au point central de votre vid\u00e9o. Ainsi, vos enregistrements capturent non seulement les images avec un niveau de d\u00e9tail stup\u00e9fiant, mais aussi les sons, ce qui accro\u00eet l'impact global de vos vid\u00e9os. Que vous soyez dans un environnement bruyant ou que vous capturiez des moments calmes et intimes, votre son sera toujours aussi immersif que vos images.<\/p>\n<p><strong>Flexibilit\u00e9 audio in\u00e9gal\u00e9e<\/strong><\/p>\n<p> Pour les vloggers et les cr\u00e9ateurs de contenu qui exigent une qualit\u00e9 sonore encore meilleure ou qui ont des besoins audio sp\u00e9cifiques, ce produit prend en charge l'utilisation d'un microphone externe. Cela ouvre un monde de possibilit\u00e9s d'am\u00e9lioration des performances audio, offrant une plus grande flexibilit\u00e9 et garantissant que vos sessions de vlog ou de selfie sont de la plus haute qualit\u00e9, \u00e0 la fois visuellement et acoustiquement.<\/p>\n<p><\/p>","protected":false},"excerpt":{"rendered":"<ul>\n<li>\u00c9cran frontal OLED pour un affichage \u00e9clatant<\/li>\n<li> Emplacement pour carte microSD pour un stockage \u00e9tendu<\/li>\n<li> Trois microphones pour un enregistrement sonore de haute qualit\u00e9<\/li>\n<li> Verrouillage magn\u00e9tique pour une fixation facile \u00e0 l'unit\u00e9 de prise de vue<\/li>\n<li> Prolonge l'autonomie de la batterie du DJI Action 2 jusqu'\u00e0 160 minutes<\/li>\n<li> Deux \u00e9crans tactiles OLED pour un meilleur contr\u00f4le<\/li>\n<li> Matrix Stereo avec 4 microphones pour un son immersif<\/li>\n<li> Prise en charge du zoom audio et de l'audio directionnel<\/li>\n<li> Compatible avec un microphone externe pour un son de qualit\u00e9 sup\u00e9rieure<\/li>\n<\/ul>","protected":false},"featured_media":6147,"template":"","meta":{"_acf_changed":false},"product_brand":[],"product_cat":[756,97,586,621],"product_tag":[],"class_list":{"0":"post-6149","1":"product","2":"type-product","3":"status-publish","4":"has-post-thumbnail","6":"product_cat-accessoires","7":"product_cat-alle-producten","8":"product_cat-dji","9":"product_cat-dji-action-2","10":"product_shipping_class-outofstock","11":"pa_brand-dji","12":"pa_productfamily-touchscreen-module","13":"pa_producttype-touchscreen-module","14":"pa_series-action-2","16":"first","17":"outofstock","18":"taxable","19":"shipping-taxable","20":"purchasable","21":"product-type-simple"},"acf":[],"yoast_head":"<!-- This site is optimized with the Yoast SEO Premium plugin v27.2 (Yoast SEO v27.2) - https:\/\/yoast.com\/product\/yoast-seo-premium-wordpress\/ -->\n<title>DJI Action 2 Front Touchscreen Module - koningdrone.be<\/title>\n<meta name=\"robots\" content=\"index, follow, max-snippet:-1, max-image-preview:large, max-video-preview:-1\" \/>\n<link rel=\"canonical\" href=\"https:\/\/koningdrone.be\/fr\/produit\/dji-action-2-front-touchscreen-module\/\" \/>\n<meta property=\"og:locale\" content=\"fr_FR\" \/>\n<meta property=\"og:type\" content=\"article\" \/>\n<meta property=\"og:title\" content=\"DJI Action 2 Front Touchscreen Module\" \/>\n<meta property=\"og:description\" content=\"OLED-voorscherm voor levendige weergave MicroSD-kaartsleuf voor uitgebreide opslag Drie microfoons voor hoogwaardige geluidsopname Magnetisch slot voor eenvoudige bevestiging aan de camera-unit Verlengt de batterijduur van DJI Action 2 tot 160 minuten Dubbele OLED-touchscreens voor verbeterde controle Matrix Stereo met 4 microfoons voor meeslepende audio Ondersteunt audiozoom en directionele audio Compatibel met externe microfoon voor superieur geluid\" \/>\n<meta property=\"og:url\" content=\"https:\/\/koningdrone.be\/fr\/produit\/dji-action-2-front-touchscreen-module\/\" \/>\n<meta property=\"og:site_name\" content=\"koningdrone.be\" \/>\n<meta property=\"article:modified_time\" content=\"2026-04-29T13:40:30+00:00\" \/>\n<meta property=\"og:image\" content=\"https:\/\/koningdrone.be\/wp-content\/uploads\/sites\/13\/2025\/04\/3819f3b27a700794a581b059412e66a4@large.jpg\" \/>\n\t<meta property=\"og:image:width\" content=\"1200\" \/>\n\t<meta property=\"og:image:height\" content=\"800\" \/>\n\t<meta property=\"og:image:type\" content=\"image\/jpeg\" \/>\n<meta name=\"twitter:card\" content=\"summary_large_image\" \/>\n<meta name=\"twitter:label1\" content=\"Dur\u00e9e de lecture est.\" \/>\n\t<meta name=\"twitter:data1\" content=\"2 minutes\" \/>\n<script type=\"application\/ld+json\" class=\"yoast-schema-graph\">{\"@context\":\"https:\/\/schema.org\",\"@graph\":[{\"@type\":\"WebPage\",\"@id\":\"https:\/\/koningdrone.be\/product\/dji-action-2-front-touchscreen-module\/\",\"url\":\"https:\/\/koningdrone.be\/product\/dji-action-2-front-touchscreen-module\/\",\"name\":\"DJI Action 2 Front Touchscreen Module - koningdrone.be\",\"isPartOf\":{\"@id\":\"https:\/\/koningdrone.be\/#website\"},\"primaryImageOfPage\":{\"@id\":\"https:\/\/koningdrone.be\/product\/dji-action-2-front-touchscreen-module\/#primaryimage\"},\"image\":{\"@id\":\"https:\/\/koningdrone.be\/product\/dji-action-2-front-touchscreen-module\/#primaryimage\"},\"thumbnailUrl\":\"https:\/\/koningdrone.be\/wp-content\/uploads\/sites\/13\/2025\/04\/3819f3b27a700794a581b059412e66a4@large.jpg\",\"datePublished\":\"2021-11-19T10:27:19+00:00\",\"dateModified\":\"2026-04-29T13:40:30+00:00\",\"breadcrumb\":{\"@id\":\"https:\/\/koningdrone.be\/product\/dji-action-2-front-touchscreen-module\/#breadcrumb\"},\"inLanguage\":\"fr-BE\",\"potentialAction\":[{\"@type\":\"ReadAction\",\"target\":[\"https:\/\/koningdrone.be\/product\/dji-action-2-front-touchscreen-module\/\"]}]},{\"@type\":\"ImageObject\",\"inLanguage\":\"fr-BE\",\"@id\":\"https:\/\/koningdrone.be\/product\/dji-action-2-front-touchscreen-module\/#primaryimage\",\"url\":\"https:\/\/koningdrone.be\/wp-content\/uploads\/sites\/13\/2025\/04\/3819f3b27a700794a581b059412e66a4@large.jpg\",\"contentUrl\":\"https:\/\/koningdrone.be\/wp-content\/uploads\/sites\/13\/2025\/04\/3819f3b27a700794a581b059412e66a4@large.jpg\",\"width\":1200,\"height\":800},{\"@type\":\"BreadcrumbList\",\"@id\":\"https:\/\/koningdrone.be\/product\/dji-action-2-front-touchscreen-module\/#breadcrumb\",\"itemListElement\":[{\"@type\":\"ListItem\",\"position\":1,\"name\":\"Home\",\"item\":\"https:\/\/koningdrone.be\/\"},{\"@type\":\"ListItem\",\"position\":2,\"name\":\"AVSS Parachute Recovery System for DJI Matrice 300\/350\",\"item\":\"https:\/\/koningdrone.be\/product\/avss-parachute-recovery-system-for-dji-matrice-300-350\/\"},{\"@type\":\"ListItem\",\"position\":3,\"name\":\"Accessoires\",\"item\":\"https:\/\/koningdrone.be\/categorie\/accessoires\/\"},{\"@type\":\"ListItem\",\"position\":4,\"name\":\"DJI Action 2 Front Touchscreen Module\"}]},{\"@type\":\"WebSite\",\"@id\":\"https:\/\/koningdrone.be\/#website\",\"url\":\"https:\/\/koningdrone.be\/\",\"name\":\"Koningdrone.be - Uw online specialist in drones, gimbals, camera's en power stations.\",\"description\":\"De webshop in drones en gimbals\",\"publisher\":{\"@id\":\"https:\/\/koningdrone.be\/#organization\"},\"potentialAction\":[{\"@type\":\"SearchAction\",\"target\":{\"@type\":\"EntryPoint\",\"urlTemplate\":\"https:\/\/koningdrone.be\/?s={search_term_string}\"},\"query-input\":{\"@type\":\"PropertyValueSpecification\",\"valueRequired\":true,\"valueName\":\"search_term_string\"}}],\"inLanguage\":\"fr-BE\"},{\"@type\":\"Organization\",\"@id\":\"https:\/\/koningdrone.be\/#organization\",\"name\":\"Koningdrone.be\",\"url\":\"https:\/\/koningdrone.be\/\",\"logo\":{\"@type\":\"ImageObject\",\"inLanguage\":\"fr-BE\",\"@id\":\"https:\/\/koningdrone.be\/#\/schema\/logo\/image\/\",\"url\":\"https:\/\/koningdrone.be\/wp-content\/uploads\/sites\/13\/2025\/04\/koningdrone-copyright-logo.svg\",\"contentUrl\":\"https:\/\/koningdrone.be\/wp-content\/uploads\/sites\/13\/2025\/04\/koningdrone-copyright-logo.svg\",\"width\":227,\"height\":38,\"caption\":\"Koningdrone.be\"},\"image\":{\"@id\":\"https:\/\/koningdrone.be\/#\/schema\/logo\/image\/\"}}]}<\/script>\n<!-- \/ Yoast SEO Premium plugin. -->","yoast_head_json":{"title":"DJI Action 2 Front Touchscreen Module - koningdrone.be","robots":{"index":"index","follow":"follow","max-snippet":"max-snippet:-1","max-image-preview":"max-image-preview:large","max-video-preview":"max-video-preview:-1"},"canonical":"https:\/\/koningdrone.be\/fr\/produit\/dji-action-2-front-touchscreen-module\/","og_locale":"fr_FR","og_type":"article","og_title":"DJI Action 2 Front Touchscreen Module","og_description":"OLED-voorscherm voor levendige weergave MicroSD-kaartsleuf voor uitgebreide opslag Drie microfoons voor hoogwaardige geluidsopname Magnetisch slot voor eenvoudige bevestiging aan de camera-unit Verlengt de batterijduur van DJI Action 2 tot 160 minuten Dubbele OLED-touchscreens voor verbeterde controle Matrix Stereo met 4 microfoons voor meeslepende audio Ondersteunt audiozoom en directionele audio Compatibel met externe microfoon voor superieur geluid","og_url":"https:\/\/koningdrone.be\/fr\/produit\/dji-action-2-front-touchscreen-module\/","og_site_name":"koningdrone.be","article_modified_time":"2026-04-29T13:40:30+00:00","og_image":[{"width":1200,"height":800,"url":"https:\/\/koningdrone.be\/wp-content\/uploads\/sites\/13\/2025\/04\/3819f3b27a700794a581b059412e66a4@large.jpg","type":"image\/jpeg"}],"twitter_card":"summary_large_image","twitter_misc":{"Dur\u00e9e de lecture est.":"2 minutes"},"schema":{"@context":"https:\/\/schema.org","@graph":[{"@type":"WebPage","@id":"https:\/\/koningdrone.be\/product\/dji-action-2-front-touchscreen-module\/","url":"https:\/\/koningdrone.be\/product\/dji-action-2-front-touchscreen-module\/","name":"DJI Action 2 Front Touchscreen Module - koningdrone.be","isPartOf":{"@id":"https:\/\/koningdrone.be\/#website"},"primaryImageOfPage":{"@id":"https:\/\/koningdrone.be\/product\/dji-action-2-front-touchscreen-module\/#primaryimage"},"image":{"@id":"https:\/\/koningdrone.be\/product\/dji-action-2-front-touchscreen-module\/#primaryimage"},"thumbnailUrl":"https:\/\/koningdrone.be\/wp-content\/uploads\/sites\/13\/2025\/04\/3819f3b27a700794a581b059412e66a4@large.jpg","datePublished":"2021-11-19T10:27:19+00:00","dateModified":"2026-04-29T13:40:30+00:00","breadcrumb":{"@id":"https:\/\/koningdrone.be\/product\/dji-action-2-front-touchscreen-module\/#breadcrumb"},"inLanguage":"fr-BE","potentialAction":[{"@type":"ReadAction","target":["https:\/\/koningdrone.be\/product\/dji-action-2-front-touchscreen-module\/"]}]},{"@type":"ImageObject","inLanguage":"fr-BE","@id":"https:\/\/koningdrone.be\/product\/dji-action-2-front-touchscreen-module\/#primaryimage","url":"https:\/\/koningdrone.be\/wp-content\/uploads\/sites\/13\/2025\/04\/3819f3b27a700794a581b059412e66a4@large.jpg","contentUrl":"https:\/\/koningdrone.be\/wp-content\/uploads\/sites\/13\/2025\/04\/3819f3b27a700794a581b059412e66a4@large.jpg","width":1200,"height":800},{"@type":"BreadcrumbList","@id":"https:\/\/koningdrone.be\/product\/dji-action-2-front-touchscreen-module\/#breadcrumb","itemListElement":[{"@type":"ListItem","position":1,"name":"Home","item":"https:\/\/koningdrone.be\/"},{"@type":"ListItem","position":2,"name":"AVSS Parachute Recovery System for DJI Matrice 300\/350","item":"https:\/\/koningdrone.be\/product\/avss-parachute-recovery-system-for-dji-matrice-300-350\/"},{"@type":"ListItem","position":3,"name":"Accessoires","item":"https:\/\/koningdrone.be\/categorie\/accessoires\/"},{"@type":"ListItem","position":4,"name":"DJI Action 2 Front Touchscreen Module"}]},{"@type":"WebSite","@id":"https:\/\/koningdrone.be\/#website","url":"https:\/\/koningdrone.be\/","name":"Koningdrone.be - Votre sp\u00e9cialiste en ligne en mati\u00e8re de drones, de cardans, de cam\u00e9ras et de centrales \u00e9lectriques.","description":"La boutique en ligne de drones et de cardans","publisher":{"@id":"https:\/\/koningdrone.be\/#organization"},"potentialAction":[{"@type":"SearchAction","target":{"@type":"EntryPoint","urlTemplate":"https:\/\/koningdrone.be\/?s={search_term_string}"},"query-input":{"@type":"PropertyValueSpecification","valueRequired":true,"valueName":"search_term_string"}}],"inLanguage":"fr-BE"},{"@type":"Organization","@id":"https:\/\/koningdrone.be\/#organization","name":"Kingdrone.co.uk","url":"https:\/\/koningdrone.be\/","logo":{"@type":"ImageObject","inLanguage":"fr-BE","@id":"https:\/\/koningdrone.be\/#\/schema\/logo\/image\/","url":"https:\/\/koningdrone.be\/wp-content\/uploads\/sites\/13\/2025\/04\/koningdrone-copyright-logo.svg","contentUrl":"https:\/\/koningdrone.be\/wp-content\/uploads\/sites\/13\/2025\/04\/koningdrone-copyright-logo.svg","width":227,"height":38,"caption":"Koningdrone.be"},"image":{"@id":"https:\/\/koningdrone.be\/#\/schema\/logo\/image\/"}}]}},"df_price":179,"df_sale_price":"","df_regular_price":179,"df_image_link":"https:\/\/koningdrone.be\/wp-content\/uploads\/sites\/13\/2025\/04\/3819f3b27a700794a581b059412e66a4@large-300x200.jpg","_links":{"self":[{"href":"https:\/\/koningdrone.be\/fr\/wp-json\/wp\/v2\/product\/6149","targetHints":{"allow":["GET"]}}],"collection":[{"href":"https:\/\/koningdrone.be\/fr\/wp-json\/wp\/v2\/product"}],"about":[{"href":"https:\/\/koningdrone.be\/fr\/wp-json\/wp\/v2\/types\/product"}],"wp:featuredmedia":[{"embeddable":true,"href":"https:\/\/koningdrone.be\/fr\/wp-json\/wp\/v2\/media\/6147"}],"wp:attachment":[{"href":"https:\/\/koningdrone.be\/fr\/wp-json\/wp\/v2\/media?parent=6149"}],"wp:term":[{"taxonomy":"product_brand","embeddable":true,"href":"https:\/\/koningdrone.be\/fr\/wp-json\/wp\/v2\/product_brand?post=6149"},{"taxonomy":"product_cat","embeddable":true,"href":"https:\/\/koningdrone.be\/fr\/wp-json\/wp\/v2\/product_cat?post=6149"},{"taxonomy":"product_tag","embeddable":true,"href":"https:\/\/koningdrone.be\/fr\/wp-json\/wp\/v2\/product_tag?post=6149"}],"curies":[{"name":"wp","href":"https:\/\/api.w.org\/{rel}","templated":true}]}}