{"id":6146,"date":"2021-11-19T11:27:19","date_gmt":"2021-11-19T10:27:19","guid":{"rendered":"https:\/\/koningdrone.nl\/kon\/product\/dji-convertible-carrying-bag\/"},"modified":"2026-04-29T10:11:00","modified_gmt":"2026-04-29T08:11:00","slug":"dji-convertible-carrying-bag","status":"publish","type":"product","link":"https:\/\/koningdrone.be\/fr\/produit\/dji-convertible-carrying-bag\/","title":{"rendered":"Sac de transport convertible DJI"},"content":{"rendered":"<p><strong>Conception polyvalente<\/strong><\/p>\n<p> Le sac de transport convertible DJI est une solution polyvalente con\u00e7ue pour le transport et le stockage des drones et de leurs accessoires. Adapt\u00e9 aux d\u00e9butants comme aux experts de la photographie par drone, il offre des options de rangement flexibles pour r\u00e9pondre \u00e0 diff\u00e9rents besoins.<\/p>\n<p><strong>Pour les d\u00e9butants<\/strong><\/p>\n<p> Pour les novices en mati\u00e8re de photographie par drone, ce sac de transport offre une double fonctionnalit\u00e9. Il se transforme sans effort en sac \u00e0 bandouli\u00e8re et en sac \u00e0 dos, vous offrant ainsi un acc\u00e8s pratique et facile au drone DJI Mavic 3 series et \u00e0 ses accessoires. La configuration en sac \u00e0 bandouli\u00e8re est id\u00e9ale pour un acc\u00e8s rapide, ce qui permet aux d\u00e9butants de g\u00e9rer plus facilement leur \u00e9quipement.<\/p>\n<p><strong>Pour les experts<\/strong><\/p>\n<p> Pour les amateurs de drones chevronn\u00e9s, la configuration sac \u00e0 dos du sac de transport convertible DJI augmente son utilit\u00e9. Il y a non seulement de la place pour le drone Mavic 3 et ses accessoires, mais aussi pour un ordinateur portable de 16 pouces, des v\u00eatements et d'autres \u00e9l\u00e9ments essentiels. Cette caract\u00e9ristique est particuli\u00e8rement int\u00e9ressante pour ceux qui souhaitent int\u00e9grer leur hobby de vol de drone aux voyages, en offrant une solution tout-en-un pour les voyages de courte dur\u00e9e.<\/p>\n<p><strong>R\u00e9sum\u00e9<\/strong><\/p>\n<p> Le DJI Convertible Carrying Bag a \u00e9t\u00e9 cr\u00e9\u00e9 dans un souci de commodit\u00e9 et de flexibilit\u00e9, offrant aux photographes de drones, qu'ils soient en tournage pour la journ\u00e9e ou en voyage, une option fiable et spacieuse pour transporter leur \u00e9quipement de mani\u00e8re s\u00fbre et efficace.<\/p>\n<p><\/p>","protected":false},"excerpt":{"rendered":"<ul>\n<li>Convertible en sac \u00e0 bandouli\u00e8re ou en sac \u00e0 dos<\/li>\n<li> Con\u00e7u pour le combo DJI Mavic s\u00e9rie 3<\/li>\n<li> Espace suffisant pour le drone et tous les accessoires<\/li>\n<li> Acc\u00e8s facile \u00e0 l'avion et aux accessoires<\/li>\n<li> Le mode sac \u00e0 dos peut accueillir un ordinateur portable de 16 pouces.<\/li>\n<li> Id\u00e9al pour les voyages de courte dur\u00e9e avec un espace de stockage suppl\u00e9mentaire<\/li>\n<\/ul>","protected":false},"featured_media":6143,"template":"","meta":{"_acf_changed":false},"product_brand":[],"product_cat":[97,201,871,137],"product_tag":[],"class_list":{"0":"post-6146","1":"product","2":"type-product","3":"status-publish","4":"has-post-thumbnail","6":"product_cat-alle-producten","7":"product_cat-alle-tassen-en-koffers","8":"product_cat-dji-mavic","9":"product_cat-dji-mavic-3","10":"product_shipping_class-outofstock","11":"pa_brand-dji","12":"pa_productfamily-tas","13":"pa_producttype-tas","14":"pa_series-mavic-3","16":"first","17":"outofstock","18":"taxable","19":"shipping-taxable","20":"product-type-simple"},"acf":[],"yoast_head":"<!-- This site is optimized with the Yoast SEO Premium plugin v27.2 (Yoast SEO v27.2) - https:\/\/yoast.com\/product\/yoast-seo-premium-wordpress\/ -->\n<title>DJI Convertible Carrying Bag - koningdrone.be<\/title>\n<meta name=\"robots\" content=\"index, follow, max-snippet:-1, max-image-preview:large, max-video-preview:-1\" \/>\n<link rel=\"canonical\" href=\"https:\/\/koningdrone.be\/fr\/produit\/dji-convertible-carrying-bag\/\" \/>\n<meta property=\"og:locale\" content=\"fr_FR\" \/>\n<meta property=\"og:type\" content=\"article\" \/>\n<meta property=\"og:title\" content=\"DJI Convertible Carrying Bag\" \/>\n<meta property=\"og:description\" content=\"Om te bouwen tot schoudertas of rugzak Ontworpen voor DJI Mavic 3-serie combo Ruim voor drone en alle accessoires Gemakkelijke toegang tot vliegtuigen en accessoires In de rugzakmodus is ruimte voor een 16-inch laptop Ideaal voor korte reizen met extra opbergruimte\" \/>\n<meta property=\"og:url\" content=\"https:\/\/koningdrone.be\/fr\/produit\/dji-convertible-carrying-bag\/\" \/>\n<meta property=\"og:site_name\" content=\"koningdrone.be\" \/>\n<meta property=\"article:modified_time\" content=\"2026-04-29T08:11:00+00:00\" \/>\n<meta property=\"og:image\" content=\"https:\/\/koningdrone.be\/wp-content\/uploads\/sites\/13\/2025\/04\/bb63e369c18fd457719bbec05337ebfc@large.jpg\" \/>\n\t<meta property=\"og:image:width\" content=\"1200\" \/>\n\t<meta property=\"og:image:height\" content=\"800\" \/>\n\t<meta property=\"og:image:type\" content=\"image\/jpeg\" \/>\n<meta name=\"twitter:card\" content=\"summary_large_image\" \/>\n<meta name=\"twitter:label1\" content=\"Dur\u00e9e de lecture est.\" \/>\n\t<meta name=\"twitter:data1\" content=\"1 minute\" \/>\n<script type=\"application\/ld+json\" class=\"yoast-schema-graph\">{\"@context\":\"https:\/\/schema.org\",\"@graph\":[{\"@type\":\"WebPage\",\"@id\":\"https:\/\/koningdrone.be\/product\/dji-convertible-carrying-bag\/\",\"url\":\"https:\/\/koningdrone.be\/product\/dji-convertible-carrying-bag\/\",\"name\":\"DJI Convertible Carrying Bag - koningdrone.be\",\"isPartOf\":{\"@id\":\"https:\/\/koningdrone.be\/#website\"},\"primaryImageOfPage\":{\"@id\":\"https:\/\/koningdrone.be\/product\/dji-convertible-carrying-bag\/#primaryimage\"},\"image\":{\"@id\":\"https:\/\/koningdrone.be\/product\/dji-convertible-carrying-bag\/#primaryimage\"},\"thumbnailUrl\":\"https:\/\/koningdrone.be\/wp-content\/uploads\/sites\/13\/2025\/04\/bb63e369c18fd457719bbec05337ebfc@large.jpg\",\"datePublished\":\"2021-11-19T10:27:19+00:00\",\"dateModified\":\"2026-04-29T08:11:00+00:00\",\"breadcrumb\":{\"@id\":\"https:\/\/koningdrone.be\/product\/dji-convertible-carrying-bag\/#breadcrumb\"},\"inLanguage\":\"fr-BE\",\"potentialAction\":[{\"@type\":\"ReadAction\",\"target\":[\"https:\/\/koningdrone.be\/product\/dji-convertible-carrying-bag\/\"]}]},{\"@type\":\"ImageObject\",\"inLanguage\":\"fr-BE\",\"@id\":\"https:\/\/koningdrone.be\/product\/dji-convertible-carrying-bag\/#primaryimage\",\"url\":\"https:\/\/koningdrone.be\/wp-content\/uploads\/sites\/13\/2025\/04\/bb63e369c18fd457719bbec05337ebfc@large.jpg\",\"contentUrl\":\"https:\/\/koningdrone.be\/wp-content\/uploads\/sites\/13\/2025\/04\/bb63e369c18fd457719bbec05337ebfc@large.jpg\",\"width\":1200,\"height\":800},{\"@type\":\"BreadcrumbList\",\"@id\":\"https:\/\/koningdrone.be\/product\/dji-convertible-carrying-bag\/#breadcrumb\",\"itemListElement\":[{\"@type\":\"ListItem\",\"position\":1,\"name\":\"Home\",\"item\":\"https:\/\/koningdrone.be\/\"},{\"@type\":\"ListItem\",\"position\":2,\"name\":\"AVSS Parachute Recovery System for DJI Matrice 300\/350\",\"item\":\"https:\/\/koningdrone.be\/product\/avss-parachute-recovery-system-for-dji-matrice-300-350\/\"},{\"@type\":\"ListItem\",\"position\":3,\"name\":\"Alle producten\",\"item\":\"https:\/\/koningdrone.be\/categorie\/alle-producten\/\"},{\"@type\":\"ListItem\",\"position\":4,\"name\":\"DJI Convertible Carrying Bag\"}]},{\"@type\":\"WebSite\",\"@id\":\"https:\/\/koningdrone.be\/#website\",\"url\":\"https:\/\/koningdrone.be\/\",\"name\":\"Koningdrone.be - Uw online specialist in drones, gimbals, camera's en power stations.\",\"description\":\"De webshop in drones en gimbals\",\"publisher\":{\"@id\":\"https:\/\/koningdrone.be\/#organization\"},\"potentialAction\":[{\"@type\":\"SearchAction\",\"target\":{\"@type\":\"EntryPoint\",\"urlTemplate\":\"https:\/\/koningdrone.be\/?s={search_term_string}\"},\"query-input\":{\"@type\":\"PropertyValueSpecification\",\"valueRequired\":true,\"valueName\":\"search_term_string\"}}],\"inLanguage\":\"fr-BE\"},{\"@type\":\"Organization\",\"@id\":\"https:\/\/koningdrone.be\/#organization\",\"name\":\"Koningdrone.be\",\"url\":\"https:\/\/koningdrone.be\/\",\"logo\":{\"@type\":\"ImageObject\",\"inLanguage\":\"fr-BE\",\"@id\":\"https:\/\/koningdrone.be\/#\/schema\/logo\/image\/\",\"url\":\"https:\/\/koningdrone.be\/wp-content\/uploads\/sites\/13\/2025\/04\/koningdrone-copyright-logo.svg\",\"contentUrl\":\"https:\/\/koningdrone.be\/wp-content\/uploads\/sites\/13\/2025\/04\/koningdrone-copyright-logo.svg\",\"width\":227,\"height\":38,\"caption\":\"Koningdrone.be\"},\"image\":{\"@id\":\"https:\/\/koningdrone.be\/#\/schema\/logo\/image\/\"}}]}<\/script>\n<!-- \/ Yoast SEO Premium plugin. -->","yoast_head_json":{"title":"DJI Convertible Carrying Bag - koningdrone.be","robots":{"index":"index","follow":"follow","max-snippet":"max-snippet:-1","max-image-preview":"max-image-preview:large","max-video-preview":"max-video-preview:-1"},"canonical":"https:\/\/koningdrone.be\/fr\/produit\/dji-convertible-carrying-bag\/","og_locale":"fr_FR","og_type":"article","og_title":"DJI Convertible Carrying Bag","og_description":"Om te bouwen tot schoudertas of rugzak Ontworpen voor DJI Mavic 3-serie combo Ruim voor drone en alle accessoires Gemakkelijke toegang tot vliegtuigen en accessoires In de rugzakmodus is ruimte voor een 16-inch laptop Ideaal voor korte reizen met extra opbergruimte","og_url":"https:\/\/koningdrone.be\/fr\/produit\/dji-convertible-carrying-bag\/","og_site_name":"koningdrone.be","article_modified_time":"2026-04-29T08:11:00+00:00","og_image":[{"width":1200,"height":800,"url":"https:\/\/koningdrone.be\/wp-content\/uploads\/sites\/13\/2025\/04\/bb63e369c18fd457719bbec05337ebfc@large.jpg","type":"image\/jpeg"}],"twitter_card":"summary_large_image","twitter_misc":{"Dur\u00e9e de lecture est.":"1 minute"},"schema":{"@context":"https:\/\/schema.org","@graph":[{"@type":"WebPage","@id":"https:\/\/koningdrone.be\/product\/dji-convertible-carrying-bag\/","url":"https:\/\/koningdrone.be\/product\/dji-convertible-carrying-bag\/","name":"DJI Convertible Carrying Bag - koningdrone.be","isPartOf":{"@id":"https:\/\/koningdrone.be\/#website"},"primaryImageOfPage":{"@id":"https:\/\/koningdrone.be\/product\/dji-convertible-carrying-bag\/#primaryimage"},"image":{"@id":"https:\/\/koningdrone.be\/product\/dji-convertible-carrying-bag\/#primaryimage"},"thumbnailUrl":"https:\/\/koningdrone.be\/wp-content\/uploads\/sites\/13\/2025\/04\/bb63e369c18fd457719bbec05337ebfc@large.jpg","datePublished":"2021-11-19T10:27:19+00:00","dateModified":"2026-04-29T08:11:00+00:00","breadcrumb":{"@id":"https:\/\/koningdrone.be\/product\/dji-convertible-carrying-bag\/#breadcrumb"},"inLanguage":"fr-BE","potentialAction":[{"@type":"ReadAction","target":["https:\/\/koningdrone.be\/product\/dji-convertible-carrying-bag\/"]}]},{"@type":"ImageObject","inLanguage":"fr-BE","@id":"https:\/\/koningdrone.be\/product\/dji-convertible-carrying-bag\/#primaryimage","url":"https:\/\/koningdrone.be\/wp-content\/uploads\/sites\/13\/2025\/04\/bb63e369c18fd457719bbec05337ebfc@large.jpg","contentUrl":"https:\/\/koningdrone.be\/wp-content\/uploads\/sites\/13\/2025\/04\/bb63e369c18fd457719bbec05337ebfc@large.jpg","width":1200,"height":800},{"@type":"BreadcrumbList","@id":"https:\/\/koningdrone.be\/product\/dji-convertible-carrying-bag\/#breadcrumb","itemListElement":[{"@type":"ListItem","position":1,"name":"Home","item":"https:\/\/koningdrone.be\/"},{"@type":"ListItem","position":2,"name":"AVSS Parachute Recovery System for DJI Matrice 300\/350","item":"https:\/\/koningdrone.be\/product\/avss-parachute-recovery-system-for-dji-matrice-300-350\/"},{"@type":"ListItem","position":3,"name":"Alle producten","item":"https:\/\/koningdrone.be\/categorie\/alle-producten\/"},{"@type":"ListItem","position":4,"name":"DJI Convertible Carrying Bag"}]},{"@type":"WebSite","@id":"https:\/\/koningdrone.be\/#website","url":"https:\/\/koningdrone.be\/","name":"Koningdrone.be - Votre sp\u00e9cialiste en ligne en mati\u00e8re de drones, de cardans, de cam\u00e9ras et de centrales \u00e9lectriques.","description":"La boutique en ligne de drones et de cardans","publisher":{"@id":"https:\/\/koningdrone.be\/#organization"},"potentialAction":[{"@type":"SearchAction","target":{"@type":"EntryPoint","urlTemplate":"https:\/\/koningdrone.be\/?s={search_term_string}"},"query-input":{"@type":"PropertyValueSpecification","valueRequired":true,"valueName":"search_term_string"}}],"inLanguage":"fr-BE"},{"@type":"Organization","@id":"https:\/\/koningdrone.be\/#organization","name":"Kingdrone.co.uk","url":"https:\/\/koningdrone.be\/","logo":{"@type":"ImageObject","inLanguage":"fr-BE","@id":"https:\/\/koningdrone.be\/#\/schema\/logo\/image\/","url":"https:\/\/koningdrone.be\/wp-content\/uploads\/sites\/13\/2025\/04\/koningdrone-copyright-logo.svg","contentUrl":"https:\/\/koningdrone.be\/wp-content\/uploads\/sites\/13\/2025\/04\/koningdrone-copyright-logo.svg","width":227,"height":38,"caption":"Koningdrone.be"},"image":{"@id":"https:\/\/koningdrone.be\/#\/schema\/logo\/image\/"}}]}},"df_price":"","df_sale_price":"","df_regular_price":"","df_image_link":"https:\/\/koningdrone.be\/wp-content\/uploads\/sites\/13\/2025\/04\/bb63e369c18fd457719bbec05337ebfc@large-300x200.jpg","_links":{"self":[{"href":"https:\/\/koningdrone.be\/fr\/wp-json\/wp\/v2\/product\/6146","targetHints":{"allow":["GET"]}}],"collection":[{"href":"https:\/\/koningdrone.be\/fr\/wp-json\/wp\/v2\/product"}],"about":[{"href":"https:\/\/koningdrone.be\/fr\/wp-json\/wp\/v2\/types\/product"}],"wp:featuredmedia":[{"embeddable":true,"href":"https:\/\/koningdrone.be\/fr\/wp-json\/wp\/v2\/media\/6143"}],"wp:attachment":[{"href":"https:\/\/koningdrone.be\/fr\/wp-json\/wp\/v2\/media?parent=6146"}],"wp:term":[{"taxonomy":"product_brand","embeddable":true,"href":"https:\/\/koningdrone.be\/fr\/wp-json\/wp\/v2\/product_brand?post=6146"},{"taxonomy":"product_cat","embeddable":true,"href":"https:\/\/koningdrone.be\/fr\/wp-json\/wp\/v2\/product_cat?post=6146"},{"taxonomy":"product_tag","embeddable":true,"href":"https:\/\/koningdrone.be\/fr\/wp-json\/wp\/v2\/product_tag?post=6146"}],"curies":[{"name":"wp","href":"https:\/\/api.w.org\/{rel}","templated":true}]}}