{"id":6138,"date":"2021-11-19T11:27:19","date_gmt":"2021-11-19T10:27:19","guid":{"rendered":"https:\/\/koningdrone.nl\/kon\/product\/dji-mavic-3-nd-filters-set-nd4-8-16-32\/"},"modified":"2026-04-29T13:30:14","modified_gmt":"2026-04-29T11:30:14","slug":"dji-mavic-3-nd-filters-set-nd4-8-16-32","status":"publish","type":"product","link":"https:\/\/koningdrone.be\/fr\/produit\/dji-mavic-3-nd-filters-set-nd4-8-16-32\/","title":{"rendered":"DJI Mavic 3 Jeu de filtres ND (ND4\/8\/16\/32)"},"content":{"rendered":"<h1>DJI Mavic 3 Jeu de filtres ND (ND4\/8\/16\/32)<\/h1>\n<p>Le jeu de filtres ND comprend les filtres ND4, ND8, ND16 et ND32. Ces filtres ND r\u00e9ducteurs de lumi\u00e8re de haute qualit\u00e9 offrent aux utilisateurs avanc\u00e9s un contr\u00f4le pr\u00e9cis de la vitesse d'obturation et garantissent des prises de vue nettes m\u00eame lorsque l'obturateur s'ouvre \u00e0 180\u00b0 \u00e0 faible ISO pendant la prise de vue.* Fabriqu\u00e9 \u00e0 partir de mat\u00e9riaux r\u00e9ducteurs de lumi\u00e8re de haute qualit\u00e9, ce jeu de filtres vous aide \u00e0 capturer des couleurs r\u00e9alistes et des d\u00e9tails magnifiques dans les hautes et basses lumi\u00e8res. Sa conception \u00e0 verrouillage par pression de pr\u00e9cision garantit un ajustement fiable et une \u00e9tanch\u00e9it\u00e9 de l'objectif \u00e0 la vol\u00e9e.<br \/> * L'angle d'ouverture de l'obturateur est une fa\u00e7on courante de d\u00e9crire la vitesse d'obturation par rapport \u00e0 la fr\u00e9quence d'images. Par exemple, si l'appareil enregistre \u00e0 24 bps avec l'obturateur ouvert \u00e0 180\u00b0, le temps d'exposition est de 1\/48 seconde.Poids : 82 g<br \/> Dimensions : 49\u00d749\u00d7165 mm<\/p>","protected":false},"excerpt":{"rendered":"<ul>\n<li>R\u00e9pond aux besoins de contr\u00f4le de la vitesse d'obturation pendant l'enregistrement.<\/li>\n<li> Mat\u00e9riaux color\u00e9s de haute qualit\u00e9 r\u00e9duisant le poids.<\/li>\n<li> La conception m\u00e9canique pr\u00e9cise garantit un ajustement et une \u00e9tanch\u00e9it\u00e9 fiables.<\/li>\n<\/ul>","protected":false},"featured_media":6135,"template":"","meta":{"_acf_changed":false},"product_brand":[],"product_cat":[172,97,871,137],"product_tag":[],"class_list":{"0":"post-6138","1":"product","2":"type-product","3":"status-publish","4":"has-post-thumbnail","6":"product_cat-alle-nd-filters","7":"product_cat-alle-producten","8":"product_cat-dji-mavic","9":"product_cat-dji-mavic-3","10":"product_shipping_class-outofstock","11":"pa_brand-dji","12":"pa_productfamily-nd-filters","13":"pa_producttype-nd-filters","14":"pa_series-mavic-3","16":"first","17":"outofstock","18":"taxable","19":"shipping-taxable","20":"product-type-simple"},"acf":[],"yoast_head":"<!-- This site is optimized with the Yoast SEO Premium plugin v27.2 (Yoast SEO v27.2) - https:\/\/yoast.com\/product\/yoast-seo-premium-wordpress\/ -->\n<title>DJI Mavic 3 ND Filters Set (ND4\/8\/16\/32) - koningdrone.be<\/title>\n<meta name=\"robots\" content=\"index, follow, max-snippet:-1, max-image-preview:large, max-video-preview:-1\" \/>\n<link rel=\"canonical\" href=\"https:\/\/koningdrone.be\/fr\/produit\/dji-mavic-3-nd-filters-set-nd4-8-16-32\/\" \/>\n<meta property=\"og:locale\" content=\"fr_FR\" \/>\n<meta property=\"og:type\" content=\"article\" \/>\n<meta property=\"og:title\" content=\"DJI Mavic 3 ND Filters Set (ND4\/8\/16\/32)\" \/>\n<meta property=\"og:description\" content=\"Voldoet aan de behoeften van sluitertijdregeling tijdens het opnemen. Gewichtreducerende kleurrijke materialen van hoge kwaliteit. Nauwkeurig mechanisch ontwerp zorgt voor een betrouwbare pasvorm en afdichting.\" \/>\n<meta property=\"og:url\" content=\"https:\/\/koningdrone.be\/fr\/produit\/dji-mavic-3-nd-filters-set-nd4-8-16-32\/\" \/>\n<meta property=\"og:site_name\" content=\"koningdrone.be\" \/>\n<meta property=\"article:modified_time\" content=\"2026-04-29T11:30:14+00:00\" \/>\n<meta property=\"og:image\" content=\"https:\/\/koningdrone.be\/wp-content\/uploads\/sites\/13\/2025\/04\/dji-mavic-3-nd-filters-set-nd4\u4e288\u4e2816\u4e2832-2.jpg\" \/>\n\t<meta property=\"og:image:width\" content=\"800\" \/>\n\t<meta property=\"og:image:height\" content=\"640\" \/>\n\t<meta property=\"og:image:type\" content=\"image\/jpeg\" \/>\n<meta name=\"twitter:card\" content=\"summary_large_image\" \/>\n<meta name=\"twitter:label1\" content=\"Dur\u00e9e de lecture est.\" \/>\n\t<meta name=\"twitter:data1\" content=\"1 minute\" \/>\n<script type=\"application\/ld+json\" class=\"yoast-schema-graph\">{\"@context\":\"https:\/\/schema.org\",\"@graph\":[{\"@type\":\"WebPage\",\"@id\":\"https:\/\/koningdrone.be\/product\/dji-mavic-3-nd-filters-set-nd4-8-16-32\/\",\"url\":\"https:\/\/koningdrone.be\/product\/dji-mavic-3-nd-filters-set-nd4-8-16-32\/\",\"name\":\"DJI Mavic 3 ND Filters Set (ND4\/8\/16\/32) - koningdrone.be\",\"isPartOf\":{\"@id\":\"https:\/\/koningdrone.be\/#website\"},\"primaryImageOfPage\":{\"@id\":\"https:\/\/koningdrone.be\/product\/dji-mavic-3-nd-filters-set-nd4-8-16-32\/#primaryimage\"},\"image\":{\"@id\":\"https:\/\/koningdrone.be\/product\/dji-mavic-3-nd-filters-set-nd4-8-16-32\/#primaryimage\"},\"thumbnailUrl\":\"https:\/\/koningdrone.be\/wp-content\/uploads\/sites\/13\/2025\/04\/dji-mavic-3-nd-filters-set-nd4\u4e288\u4e2816\u4e2832-2.jpg\",\"datePublished\":\"2021-11-19T10:27:19+00:00\",\"dateModified\":\"2026-04-29T11:30:14+00:00\",\"breadcrumb\":{\"@id\":\"https:\/\/koningdrone.be\/product\/dji-mavic-3-nd-filters-set-nd4-8-16-32\/#breadcrumb\"},\"inLanguage\":\"fr-BE\",\"potentialAction\":[{\"@type\":\"ReadAction\",\"target\":[\"https:\/\/koningdrone.be\/product\/dji-mavic-3-nd-filters-set-nd4-8-16-32\/\"]}]},{\"@type\":\"ImageObject\",\"inLanguage\":\"fr-BE\",\"@id\":\"https:\/\/koningdrone.be\/product\/dji-mavic-3-nd-filters-set-nd4-8-16-32\/#primaryimage\",\"url\":\"https:\/\/koningdrone.be\/wp-content\/uploads\/sites\/13\/2025\/04\/dji-mavic-3-nd-filters-set-nd4\u4e288\u4e2816\u4e2832-2.jpg\",\"contentUrl\":\"https:\/\/koningdrone.be\/wp-content\/uploads\/sites\/13\/2025\/04\/dji-mavic-3-nd-filters-set-nd4\u4e288\u4e2816\u4e2832-2.jpg\",\"width\":800,\"height\":640},{\"@type\":\"BreadcrumbList\",\"@id\":\"https:\/\/koningdrone.be\/product\/dji-mavic-3-nd-filters-set-nd4-8-16-32\/#breadcrumb\",\"itemListElement\":[{\"@type\":\"ListItem\",\"position\":1,\"name\":\"Home\",\"item\":\"https:\/\/koningdrone.be\/\"},{\"@type\":\"ListItem\",\"position\":2,\"name\":\"AVSS Parachute Recovery System for DJI Matrice 300\/350\",\"item\":\"https:\/\/koningdrone.be\/product\/avss-parachute-recovery-system-for-dji-matrice-300-350\/\"},{\"@type\":\"ListItem\",\"position\":3,\"name\":\"Alle ND Filters\",\"item\":\"https:\/\/koningdrone.be\/categorie\/alle-nd-filters\/\"},{\"@type\":\"ListItem\",\"position\":4,\"name\":\"DJI Mavic 3 ND Filters Set (ND4\/8\/16\/32)\"}]},{\"@type\":\"WebSite\",\"@id\":\"https:\/\/koningdrone.be\/#website\",\"url\":\"https:\/\/koningdrone.be\/\",\"name\":\"Koningdrone.be - Uw online specialist in drones, gimbals, camera's en power stations.\",\"description\":\"De webshop in drones en gimbals\",\"publisher\":{\"@id\":\"https:\/\/koningdrone.be\/#organization\"},\"potentialAction\":[{\"@type\":\"SearchAction\",\"target\":{\"@type\":\"EntryPoint\",\"urlTemplate\":\"https:\/\/koningdrone.be\/?s={search_term_string}\"},\"query-input\":{\"@type\":\"PropertyValueSpecification\",\"valueRequired\":true,\"valueName\":\"search_term_string\"}}],\"inLanguage\":\"fr-BE\"},{\"@type\":\"Organization\",\"@id\":\"https:\/\/koningdrone.be\/#organization\",\"name\":\"Koningdrone.be\",\"url\":\"https:\/\/koningdrone.be\/\",\"logo\":{\"@type\":\"ImageObject\",\"inLanguage\":\"fr-BE\",\"@id\":\"https:\/\/koningdrone.be\/#\/schema\/logo\/image\/\",\"url\":\"https:\/\/koningdrone.be\/wp-content\/uploads\/sites\/13\/2025\/04\/koningdrone-copyright-logo.svg\",\"contentUrl\":\"https:\/\/koningdrone.be\/wp-content\/uploads\/sites\/13\/2025\/04\/koningdrone-copyright-logo.svg\",\"width\":227,\"height\":38,\"caption\":\"Koningdrone.be\"},\"image\":{\"@id\":\"https:\/\/koningdrone.be\/#\/schema\/logo\/image\/\"}}]}<\/script>\n<!-- \/ Yoast SEO Premium plugin. -->","yoast_head_json":{"title":"DJI Mavic 3 ND Filters Set (ND4\/8\/16\/32) - koningdrone.be","robots":{"index":"index","follow":"follow","max-snippet":"max-snippet:-1","max-image-preview":"max-image-preview:large","max-video-preview":"max-video-preview:-1"},"canonical":"https:\/\/koningdrone.be\/fr\/produit\/dji-mavic-3-nd-filters-set-nd4-8-16-32\/","og_locale":"fr_FR","og_type":"article","og_title":"DJI Mavic 3 ND Filters Set (ND4\/8\/16\/32)","og_description":"Voldoet aan de behoeften van sluitertijdregeling tijdens het opnemen. Gewichtreducerende kleurrijke materialen van hoge kwaliteit. Nauwkeurig mechanisch ontwerp zorgt voor een betrouwbare pasvorm en afdichting.","og_url":"https:\/\/koningdrone.be\/fr\/produit\/dji-mavic-3-nd-filters-set-nd4-8-16-32\/","og_site_name":"koningdrone.be","article_modified_time":"2026-04-29T11:30:14+00:00","og_image":[{"width":800,"height":640,"url":"https:\/\/koningdrone.be\/wp-content\/uploads\/sites\/13\/2025\/04\/dji-mavic-3-nd-filters-set-nd4\u4e288\u4e2816\u4e2832-2.jpg","type":"image\/jpeg"}],"twitter_card":"summary_large_image","twitter_misc":{"Dur\u00e9e de lecture est.":"1 minute"},"schema":{"@context":"https:\/\/schema.org","@graph":[{"@type":"WebPage","@id":"https:\/\/koningdrone.be\/product\/dji-mavic-3-nd-filters-set-nd4-8-16-32\/","url":"https:\/\/koningdrone.be\/product\/dji-mavic-3-nd-filters-set-nd4-8-16-32\/","name":"DJI Mavic 3 ND Filters Set (ND4\/8\/16\/32) - koningdrone.be","isPartOf":{"@id":"https:\/\/koningdrone.be\/#website"},"primaryImageOfPage":{"@id":"https:\/\/koningdrone.be\/product\/dji-mavic-3-nd-filters-set-nd4-8-16-32\/#primaryimage"},"image":{"@id":"https:\/\/koningdrone.be\/product\/dji-mavic-3-nd-filters-set-nd4-8-16-32\/#primaryimage"},"thumbnailUrl":"https:\/\/koningdrone.be\/wp-content\/uploads\/sites\/13\/2025\/04\/dji-mavic-3-nd-filters-set-nd4\u4e288\u4e2816\u4e2832-2.jpg","datePublished":"2021-11-19T10:27:19+00:00","dateModified":"2026-04-29T11:30:14+00:00","breadcrumb":{"@id":"https:\/\/koningdrone.be\/product\/dji-mavic-3-nd-filters-set-nd4-8-16-32\/#breadcrumb"},"inLanguage":"fr-BE","potentialAction":[{"@type":"ReadAction","target":["https:\/\/koningdrone.be\/product\/dji-mavic-3-nd-filters-set-nd4-8-16-32\/"]}]},{"@type":"ImageObject","inLanguage":"fr-BE","@id":"https:\/\/koningdrone.be\/product\/dji-mavic-3-nd-filters-set-nd4-8-16-32\/#primaryimage","url":"https:\/\/koningdrone.be\/wp-content\/uploads\/sites\/13\/2025\/04\/dji-mavic-3-nd-filters-set-nd4\u4e288\u4e2816\u4e2832-2.jpg","contentUrl":"https:\/\/koningdrone.be\/wp-content\/uploads\/sites\/13\/2025\/04\/dji-mavic-3-nd-filters-set-nd4\u4e288\u4e2816\u4e2832-2.jpg","width":800,"height":640},{"@type":"BreadcrumbList","@id":"https:\/\/koningdrone.be\/product\/dji-mavic-3-nd-filters-set-nd4-8-16-32\/#breadcrumb","itemListElement":[{"@type":"ListItem","position":1,"name":"Home","item":"https:\/\/koningdrone.be\/"},{"@type":"ListItem","position":2,"name":"AVSS Parachute Recovery System for DJI Matrice 300\/350","item":"https:\/\/koningdrone.be\/product\/avss-parachute-recovery-system-for-dji-matrice-300-350\/"},{"@type":"ListItem","position":3,"name":"Alle ND Filters","item":"https:\/\/koningdrone.be\/categorie\/alle-nd-filters\/"},{"@type":"ListItem","position":4,"name":"DJI Mavic 3 ND Filters Set (ND4\/8\/16\/32)"}]},{"@type":"WebSite","@id":"https:\/\/koningdrone.be\/#website","url":"https:\/\/koningdrone.be\/","name":"Koningdrone.be - Votre sp\u00e9cialiste en ligne en mati\u00e8re de drones, de cardans, de cam\u00e9ras et de centrales \u00e9lectriques.","description":"La boutique en ligne de drones et de cardans","publisher":{"@id":"https:\/\/koningdrone.be\/#organization"},"potentialAction":[{"@type":"SearchAction","target":{"@type":"EntryPoint","urlTemplate":"https:\/\/koningdrone.be\/?s={search_term_string}"},"query-input":{"@type":"PropertyValueSpecification","valueRequired":true,"valueName":"search_term_string"}}],"inLanguage":"fr-BE"},{"@type":"Organization","@id":"https:\/\/koningdrone.be\/#organization","name":"Kingdrone.co.uk","url":"https:\/\/koningdrone.be\/","logo":{"@type":"ImageObject","inLanguage":"fr-BE","@id":"https:\/\/koningdrone.be\/#\/schema\/logo\/image\/","url":"https:\/\/koningdrone.be\/wp-content\/uploads\/sites\/13\/2025\/04\/koningdrone-copyright-logo.svg","contentUrl":"https:\/\/koningdrone.be\/wp-content\/uploads\/sites\/13\/2025\/04\/koningdrone-copyright-logo.svg","width":227,"height":38,"caption":"Koningdrone.be"},"image":{"@id":"https:\/\/koningdrone.be\/#\/schema\/logo\/image\/"}}]}},"df_price":"","df_sale_price":"","df_regular_price":"","df_image_link":"https:\/\/koningdrone.be\/wp-content\/uploads\/sites\/13\/2025\/04\/dji-mavic-3-nd-filters-set-nd4\u4e288\u4e2816\u4e2832-2-300x240.jpg","_links":{"self":[{"href":"https:\/\/koningdrone.be\/fr\/wp-json\/wp\/v2\/product\/6138","targetHints":{"allow":["GET"]}}],"collection":[{"href":"https:\/\/koningdrone.be\/fr\/wp-json\/wp\/v2\/product"}],"about":[{"href":"https:\/\/koningdrone.be\/fr\/wp-json\/wp\/v2\/types\/product"}],"wp:featuredmedia":[{"embeddable":true,"href":"https:\/\/koningdrone.be\/fr\/wp-json\/wp\/v2\/media\/6135"}],"wp:attachment":[{"href":"https:\/\/koningdrone.be\/fr\/wp-json\/wp\/v2\/media?parent=6138"}],"wp:term":[{"taxonomy":"product_brand","embeddable":true,"href":"https:\/\/koningdrone.be\/fr\/wp-json\/wp\/v2\/product_brand?post=6138"},{"taxonomy":"product_cat","embeddable":true,"href":"https:\/\/koningdrone.be\/fr\/wp-json\/wp\/v2\/product_cat?post=6138"},{"taxonomy":"product_tag","embeddable":true,"href":"https:\/\/koningdrone.be\/fr\/wp-json\/wp\/v2\/product_tag?post=6138"}],"curies":[{"name":"wp","href":"https:\/\/api.w.org\/{rel}","templated":true}]}}