{"id":6130,"date":"2021-11-19T11:27:19","date_gmt":"2021-11-19T10:27:19","guid":{"rendered":"https:\/\/koningdrone.nl\/kon\/product\/dji-65w-car-charger\/"},"modified":"2026-04-29T03:30:24","modified_gmt":"2026-04-29T01:30:24","slug":"dji-65w-car-charger","status":"publish","type":"product","link":"https:\/\/koningdrone.be\/fr\/produit\/dji-65w-car-charger\/","title":{"rendered":"Chargeur de voiture DJI 65W"},"content":{"rendered":"<p><strong>Introduction au chargeur de voiture 65W<\/strong><\/p>\n<p> Le chargeur de voiture 65W est un accessoire indispensable con\u00e7u pour r\u00e9pondre aux besoins d'alimentation de vos appareils lors de vos d\u00e9placements. Il d\u00e9livre une puissance de charge puissante et stable de 65 watts, ce qui en fait une solution fiable pour recharger vos gadgets en d\u00e9placement.<\/p>\n<p><strong>Deux ports de sortie pour une plus grande polyvalence<\/strong><\/p>\n<p> Ce chargeur est \u00e9quip\u00e9 de ports de sortie USB-C et USB-A, ce qui vous permet de charger une batterie de vol intelligente et une t\u00e9l\u00e9commande en m\u00eame temps. Cette fonctionnalit\u00e9 garantit que vos appareils sont toujours pr\u00eats \u00e0 l'action et offre commodit\u00e9 et efficacit\u00e9.<\/p>\n<p><strong>Compatibilit\u00e9 avec les protocoles PPS et PD<\/strong><\/p>\n<p> La compatibilit\u00e9 avec les protocoles PPS (Programmable Power Supply) et PD (Power Delivery) signifie que le chargeur de voiture 65W n'est pas limit\u00e9 \u00e0 la recharge de gadgets simples tels que les smartphones. Il peut \u00e9galement alimenter des appareils plus exigeants tels que les ordinateurs portables et divers autres appareils \u00e9lectroniques compatibles, ce qui en fait une solution de charge polyvalente pour toute une s\u00e9rie d'appareils technologiques essentiels.<\/p>\n<p><strong>Con\u00e7u pour les d\u00e9butants comme pour les experts en technologie<\/strong><\/p>\n<p> Que vous soyez un expert en technologie ou un nouveau venu dans le monde des gadgets, ce chargeur est con\u00e7u pour s'assurer que vos appareils restent charg\u00e9s et pr\u00eats \u00e0 l'emploi, o\u00f9 que vous voyagiez. Sa conception robuste et sa compatibilit\u00e9 en font un accessoire essentiel pour toute personne en d\u00e9placement.<\/p>\n<p><\/p>","protected":false},"excerpt":{"rendered":"<ul>\n<li>Puissance de sortie stable de 65 W<\/li>\n<li> Charge plusieurs appareils simultan\u00e9ment<\/li>\n<li> Comprend des ports de sortie USB-C et USB-A<\/li>\n<li> Compatible avec la batterie de vol intelligente et la t\u00e9l\u00e9commande<\/li>\n<li> Prise en charge des protocoles de charge PPS et PD<\/li>\n<li> Convient aux smartphones, ordinateurs portables et autres<\/li>\n<li> Id\u00e9al pour une utilisation en d\u00e9placement<\/li>\n<\/ul>","protected":false},"featured_media":6128,"template":"","meta":{"_acf_changed":false},"product_brand":[],"product_cat":[111,97,586,137],"product_tag":[],"class_list":{"0":"post-6130","1":"product","2":"type-product","3":"status-publish","4":"has-post-thumbnail","6":"product_cat-alle-opladers","7":"product_cat-alle-producten","8":"product_cat-dji","9":"product_cat-dji-mavic-3","10":"product_shipping_class-uavspacesall","11":"pa_brand-dji","12":"pa_productfamily-autolader","13":"pa_producttype-autolader","14":"pa_series-mavic-3","16":"first","17":"instock","18":"taxable","19":"shipping-taxable","20":"purchasable","21":"product-type-simple"},"acf":[],"yoast_head":"<!-- This site is optimized with the Yoast SEO Premium plugin v27.2 (Yoast SEO v27.2) - https:\/\/yoast.com\/product\/yoast-seo-premium-wordpress\/ -->\n<title>DJI 65W Car Charger - koningdrone.be<\/title>\n<meta name=\"robots\" content=\"index, follow, max-snippet:-1, max-image-preview:large, max-video-preview:-1\" \/>\n<link rel=\"canonical\" href=\"https:\/\/koningdrone.be\/fr\/produit\/dji-65w-car-charger\/\" \/>\n<meta property=\"og:locale\" content=\"fr_FR\" \/>\n<meta property=\"og:type\" content=\"article\" \/>\n<meta property=\"og:title\" content=\"DJI 65W Car Charger\" \/>\n<meta property=\"og:description\" content=\"65W stabiel uitgangsvermogen Laadt meerdere apparaten tegelijkertijd op Beschikt over USB-C- en USB-A-uitgangspoorten Compatibel met Intelligent Flight Battery en afstandsbediening Ondersteunt PPS- en PD-laadprotocollen Geschikt voor smartphones, laptops en meer Ideaal voor gebruik onderweg\" \/>\n<meta property=\"og:url\" content=\"https:\/\/koningdrone.be\/fr\/produit\/dji-65w-car-charger\/\" \/>\n<meta property=\"og:site_name\" content=\"koningdrone.be\" \/>\n<meta property=\"article:modified_time\" content=\"2026-04-29T01:30:24+00:00\" \/>\n<meta property=\"og:image\" content=\"https:\/\/koningdrone.be\/wp-content\/uploads\/sites\/13\/2025\/04\/7db367c3998b7f32bd73336a28761045@large.jpg\" \/>\n\t<meta property=\"og:image:width\" content=\"1200\" \/>\n\t<meta property=\"og:image:height\" content=\"800\" \/>\n\t<meta property=\"og:image:type\" content=\"image\/jpeg\" \/>\n<meta name=\"twitter:card\" content=\"summary_large_image\" \/>\n<meta name=\"twitter:label1\" content=\"Dur\u00e9e de lecture est.\" \/>\n\t<meta name=\"twitter:data1\" content=\"1 minute\" \/>\n<script type=\"application\/ld+json\" class=\"yoast-schema-graph\">{\"@context\":\"https:\/\/schema.org\",\"@graph\":[{\"@type\":\"WebPage\",\"@id\":\"https:\/\/koningdrone.be\/product\/dji-65w-car-charger\/\",\"url\":\"https:\/\/koningdrone.be\/product\/dji-65w-car-charger\/\",\"name\":\"DJI 65W Car Charger - koningdrone.be\",\"isPartOf\":{\"@id\":\"https:\/\/koningdrone.be\/#website\"},\"primaryImageOfPage\":{\"@id\":\"https:\/\/koningdrone.be\/product\/dji-65w-car-charger\/#primaryimage\"},\"image\":{\"@id\":\"https:\/\/koningdrone.be\/product\/dji-65w-car-charger\/#primaryimage\"},\"thumbnailUrl\":\"https:\/\/koningdrone.be\/wp-content\/uploads\/sites\/13\/2025\/04\/7db367c3998b7f32bd73336a28761045@large.jpg\",\"datePublished\":\"2021-11-19T10:27:19+00:00\",\"dateModified\":\"2026-04-29T01:30:24+00:00\",\"breadcrumb\":{\"@id\":\"https:\/\/koningdrone.be\/product\/dji-65w-car-charger\/#breadcrumb\"},\"inLanguage\":\"fr-BE\",\"potentialAction\":[{\"@type\":\"ReadAction\",\"target\":[\"https:\/\/koningdrone.be\/product\/dji-65w-car-charger\/\"]}]},{\"@type\":\"ImageObject\",\"inLanguage\":\"fr-BE\",\"@id\":\"https:\/\/koningdrone.be\/product\/dji-65w-car-charger\/#primaryimage\",\"url\":\"https:\/\/koningdrone.be\/wp-content\/uploads\/sites\/13\/2025\/04\/7db367c3998b7f32bd73336a28761045@large.jpg\",\"contentUrl\":\"https:\/\/koningdrone.be\/wp-content\/uploads\/sites\/13\/2025\/04\/7db367c3998b7f32bd73336a28761045@large.jpg\",\"width\":1200,\"height\":800},{\"@type\":\"BreadcrumbList\",\"@id\":\"https:\/\/koningdrone.be\/product\/dji-65w-car-charger\/#breadcrumb\",\"itemListElement\":[{\"@type\":\"ListItem\",\"position\":1,\"name\":\"Home\",\"item\":\"https:\/\/koningdrone.be\/\"},{\"@type\":\"ListItem\",\"position\":2,\"name\":\"AVSS Parachute Recovery System for DJI Matrice 300\/350\",\"item\":\"https:\/\/koningdrone.be\/product\/avss-parachute-recovery-system-for-dji-matrice-300-350\/\"},{\"@type\":\"ListItem\",\"position\":3,\"name\":\"Alle opladers\",\"item\":\"https:\/\/koningdrone.be\/categorie\/alle-opladers\/\"},{\"@type\":\"ListItem\",\"position\":4,\"name\":\"DJI 65W Car Charger\"}]},{\"@type\":\"WebSite\",\"@id\":\"https:\/\/koningdrone.be\/#website\",\"url\":\"https:\/\/koningdrone.be\/\",\"name\":\"Koningdrone.be - Uw online specialist in drones, gimbals, camera's en power stations.\",\"description\":\"De webshop in drones en gimbals\",\"publisher\":{\"@id\":\"https:\/\/koningdrone.be\/#organization\"},\"potentialAction\":[{\"@type\":\"SearchAction\",\"target\":{\"@type\":\"EntryPoint\",\"urlTemplate\":\"https:\/\/koningdrone.be\/?s={search_term_string}\"},\"query-input\":{\"@type\":\"PropertyValueSpecification\",\"valueRequired\":true,\"valueName\":\"search_term_string\"}}],\"inLanguage\":\"fr-BE\"},{\"@type\":\"Organization\",\"@id\":\"https:\/\/koningdrone.be\/#organization\",\"name\":\"Koningdrone.be\",\"url\":\"https:\/\/koningdrone.be\/\",\"logo\":{\"@type\":\"ImageObject\",\"inLanguage\":\"fr-BE\",\"@id\":\"https:\/\/koningdrone.be\/#\/schema\/logo\/image\/\",\"url\":\"https:\/\/koningdrone.be\/wp-content\/uploads\/sites\/13\/2025\/04\/koningdrone-copyright-logo.svg\",\"contentUrl\":\"https:\/\/koningdrone.be\/wp-content\/uploads\/sites\/13\/2025\/04\/koningdrone-copyright-logo.svg\",\"width\":227,\"height\":38,\"caption\":\"Koningdrone.be\"},\"image\":{\"@id\":\"https:\/\/koningdrone.be\/#\/schema\/logo\/image\/\"}}]}<\/script>\n<!-- \/ Yoast SEO Premium plugin. -->","yoast_head_json":{"title":"DJI 65W Car Charger - koningdrone.be","robots":{"index":"index","follow":"follow","max-snippet":"max-snippet:-1","max-image-preview":"max-image-preview:large","max-video-preview":"max-video-preview:-1"},"canonical":"https:\/\/koningdrone.be\/fr\/produit\/dji-65w-car-charger\/","og_locale":"fr_FR","og_type":"article","og_title":"DJI 65W Car Charger","og_description":"65W stabiel uitgangsvermogen Laadt meerdere apparaten tegelijkertijd op Beschikt over USB-C- en USB-A-uitgangspoorten Compatibel met Intelligent Flight Battery en afstandsbediening Ondersteunt PPS- en PD-laadprotocollen Geschikt voor smartphones, laptops en meer Ideaal voor gebruik onderweg","og_url":"https:\/\/koningdrone.be\/fr\/produit\/dji-65w-car-charger\/","og_site_name":"koningdrone.be","article_modified_time":"2026-04-29T01:30:24+00:00","og_image":[{"width":1200,"height":800,"url":"https:\/\/koningdrone.be\/wp-content\/uploads\/sites\/13\/2025\/04\/7db367c3998b7f32bd73336a28761045@large.jpg","type":"image\/jpeg"}],"twitter_card":"summary_large_image","twitter_misc":{"Dur\u00e9e de lecture est.":"1 minute"},"schema":{"@context":"https:\/\/schema.org","@graph":[{"@type":"WebPage","@id":"https:\/\/koningdrone.be\/product\/dji-65w-car-charger\/","url":"https:\/\/koningdrone.be\/product\/dji-65w-car-charger\/","name":"DJI 65W Car Charger - koningdrone.be","isPartOf":{"@id":"https:\/\/koningdrone.be\/#website"},"primaryImageOfPage":{"@id":"https:\/\/koningdrone.be\/product\/dji-65w-car-charger\/#primaryimage"},"image":{"@id":"https:\/\/koningdrone.be\/product\/dji-65w-car-charger\/#primaryimage"},"thumbnailUrl":"https:\/\/koningdrone.be\/wp-content\/uploads\/sites\/13\/2025\/04\/7db367c3998b7f32bd73336a28761045@large.jpg","datePublished":"2021-11-19T10:27:19+00:00","dateModified":"2026-04-29T01:30:24+00:00","breadcrumb":{"@id":"https:\/\/koningdrone.be\/product\/dji-65w-car-charger\/#breadcrumb"},"inLanguage":"fr-BE","potentialAction":[{"@type":"ReadAction","target":["https:\/\/koningdrone.be\/product\/dji-65w-car-charger\/"]}]},{"@type":"ImageObject","inLanguage":"fr-BE","@id":"https:\/\/koningdrone.be\/product\/dji-65w-car-charger\/#primaryimage","url":"https:\/\/koningdrone.be\/wp-content\/uploads\/sites\/13\/2025\/04\/7db367c3998b7f32bd73336a28761045@large.jpg","contentUrl":"https:\/\/koningdrone.be\/wp-content\/uploads\/sites\/13\/2025\/04\/7db367c3998b7f32bd73336a28761045@large.jpg","width":1200,"height":800},{"@type":"BreadcrumbList","@id":"https:\/\/koningdrone.be\/product\/dji-65w-car-charger\/#breadcrumb","itemListElement":[{"@type":"ListItem","position":1,"name":"Home","item":"https:\/\/koningdrone.be\/"},{"@type":"ListItem","position":2,"name":"AVSS Parachute Recovery System for DJI Matrice 300\/350","item":"https:\/\/koningdrone.be\/product\/avss-parachute-recovery-system-for-dji-matrice-300-350\/"},{"@type":"ListItem","position":3,"name":"Alle opladers","item":"https:\/\/koningdrone.be\/categorie\/alle-opladers\/"},{"@type":"ListItem","position":4,"name":"DJI 65W Car Charger"}]},{"@type":"WebSite","@id":"https:\/\/koningdrone.be\/#website","url":"https:\/\/koningdrone.be\/","name":"Koningdrone.be - Votre sp\u00e9cialiste en ligne en mati\u00e8re de drones, de cardans, de cam\u00e9ras et de centrales \u00e9lectriques.","description":"La boutique en ligne de drones et de cardans","publisher":{"@id":"https:\/\/koningdrone.be\/#organization"},"potentialAction":[{"@type":"SearchAction","target":{"@type":"EntryPoint","urlTemplate":"https:\/\/koningdrone.be\/?s={search_term_string}"},"query-input":{"@type":"PropertyValueSpecification","valueRequired":true,"valueName":"search_term_string"}}],"inLanguage":"fr-BE"},{"@type":"Organization","@id":"https:\/\/koningdrone.be\/#organization","name":"Kingdrone.co.uk","url":"https:\/\/koningdrone.be\/","logo":{"@type":"ImageObject","inLanguage":"fr-BE","@id":"https:\/\/koningdrone.be\/#\/schema\/logo\/image\/","url":"https:\/\/koningdrone.be\/wp-content\/uploads\/sites\/13\/2025\/04\/koningdrone-copyright-logo.svg","contentUrl":"https:\/\/koningdrone.be\/wp-content\/uploads\/sites\/13\/2025\/04\/koningdrone-copyright-logo.svg","width":227,"height":38,"caption":"Koningdrone.be"},"image":{"@id":"https:\/\/koningdrone.be\/#\/schema\/logo\/image\/"}}]}},"df_price":75,"df_sale_price":"","df_regular_price":75,"df_image_link":"https:\/\/koningdrone.be\/wp-content\/uploads\/sites\/13\/2025\/04\/7db367c3998b7f32bd73336a28761045@large-300x200.jpg","_links":{"self":[{"href":"https:\/\/koningdrone.be\/fr\/wp-json\/wp\/v2\/product\/6130","targetHints":{"allow":["GET"]}}],"collection":[{"href":"https:\/\/koningdrone.be\/fr\/wp-json\/wp\/v2\/product"}],"about":[{"href":"https:\/\/koningdrone.be\/fr\/wp-json\/wp\/v2\/types\/product"}],"wp:featuredmedia":[{"embeddable":true,"href":"https:\/\/koningdrone.be\/fr\/wp-json\/wp\/v2\/media\/6128"}],"wp:attachment":[{"href":"https:\/\/koningdrone.be\/fr\/wp-json\/wp\/v2\/media?parent=6130"}],"wp:term":[{"taxonomy":"product_brand","embeddable":true,"href":"https:\/\/koningdrone.be\/fr\/wp-json\/wp\/v2\/product_brand?post=6130"},{"taxonomy":"product_cat","embeddable":true,"href":"https:\/\/koningdrone.be\/fr\/wp-json\/wp\/v2\/product_cat?post=6130"},{"taxonomy":"product_tag","embeddable":true,"href":"https:\/\/koningdrone.be\/fr\/wp-json\/wp\/v2\/product_tag?post=6130"}],"curies":[{"name":"wp","href":"https:\/\/api.w.org\/{rel}","templated":true}]}}