{"id":6114,"date":"2021-11-19T11:27:19","date_gmt":"2021-11-19T10:27:19","guid":{"rendered":"https:\/\/koningdrone.nl\/kon\/product\/dji-rc-pro\/"},"modified":"2026-04-29T03:40:22","modified_gmt":"2026-04-29T01:40:22","slug":"dji-rc-pro","status":"publish","type":"product","link":"https:\/\/koningdrone.be\/fr\/produit\/dji-rc-pro\/","title":{"rendered":"DJI RC Pro"},"content":{"rendered":"<h1>DJI RC Pro<\/h1>\n<p>Le DJI RC Pro offre des performances puissantes et est con\u00e7u pour la photographie a\u00e9rienne professionnelle. Gr\u00e2ce \u00e0 son processeur de nouvelle g\u00e9n\u00e9ration et \u00e0 sa plus grande capacit\u00e9 de stockage, le DJI RC Pro fonctionne de mani\u00e8re plus stable et plus fluide. Elle est \u00e9quip\u00e9e de la puissante technologie de transmission vid\u00e9o O3+ et prend en charge le DJI Cellular Dongle pour permettre la communication 4G. Il utilise \u00e9galement les m\u00eames joysticks que le DJI FPV, pour un contr\u00f4le pr\u00e9cis et extr\u00eamement fluide. Compatible avec:Dimensions : 39\u00d741.6\u00d724.6 mm<br \/> Poids : 64 g<br \/> \u00c9cran tactile : 1,76 pouce 350 ppi 500\u00b150 cd\/m\u00b2 446\u00d7424<br \/> Batterie int\u00e9gr\u00e9e<br \/> Type de batterie : LiPo 2S<br \/> Capacit\u00e9 : 1300 mAh<br \/> Puissance : 5 Wh<br \/> Tension : 3,85 V<br \/> Temp\u00e9rature de charge : 0 \u00e0 40\u00b0C<br \/> Temp\u00e9rature de charge : 5 \u00e0 60\u00b0C<br \/> Dur\u00e9e de fonctionnement* : Cam\u00e9ra frontale + module \u00e9cran tactile : 160 min<br \/> Temps de charge** : Cam\u00e9ra frontale + module \u00e9cran tactile : 90 min<br \/> *Test\u00e9 en laboratoire lors de l'enregistrement de vid\u00e9os \u00e0 1080p\/30fps (r\u00e9serve de puissance) avec stabilisation \u00e9lectronique de l'image d\u00e9sactiv\u00e9e, \u00e0 titre de r\u00e9f\u00e9rence uniquement.<br \/> **Test\u00e9 en laboratoire en utilisant un adaptateur USB 5V\/2A et ne doit \u00eatre utilis\u00e9 qu'\u00e0 titre de r\u00e9f\u00e9rence.<\/p>","protected":false},"excerpt":{"rendered":"<ul>\n<li>\u00c9cran lumineux, performances puissantes, fonctionnement efficace, excellentes performances audio et vid\u00e9o.<\/li>\n<\/ul>","protected":false},"featured_media":6113,"template":"","meta":{"_acf_changed":false},"product_brand":[],"product_cat":[122,97,871,137],"product_tag":[],"class_list":{"0":"post-6114","1":"product","2":"type-product","3":"status-publish","4":"has-post-thumbnail","6":"product_cat-alle-afstandsbedieningen","7":"product_cat-alle-producten","8":"product_cat-dji-mavic","9":"product_cat-dji-mavic-3","10":"product_shipping_class-uavspacesall","11":"pa_brand-dji","12":"pa_productfamily-afstandsbediening","13":"pa_producttype-afstandsbediening","14":"pa_series-mavic-3","16":"first","17":"instock","18":"taxable","19":"shipping-taxable","20":"purchasable","21":"product-type-simple"},"acf":[],"yoast_head":"<!-- This site is optimized with the Yoast SEO Premium plugin v27.2 (Yoast SEO v27.2) - https:\/\/yoast.com\/product\/yoast-seo-premium-wordpress\/ -->\n<title>DJI RC Pro - koningdrone.be<\/title>\n<meta name=\"robots\" content=\"index, follow, max-snippet:-1, max-image-preview:large, max-video-preview:-1\" \/>\n<link rel=\"canonical\" href=\"https:\/\/koningdrone.be\/fr\/produit\/dji-rc-pro\/\" \/>\n<meta property=\"og:locale\" content=\"fr_FR\" \/>\n<meta property=\"og:type\" content=\"article\" \/>\n<meta property=\"og:title\" content=\"DJI RC Pro\" \/>\n<meta property=\"og:description\" content=\"Helder display, krachtige prestaties, effici\u00ebnte bediening, uitstekende audio- en videoprestaties.\" \/>\n<meta property=\"og:url\" content=\"https:\/\/koningdrone.be\/fr\/produit\/dji-rc-pro\/\" \/>\n<meta property=\"og:site_name\" content=\"koningdrone.be\" \/>\n<meta property=\"article:modified_time\" content=\"2026-04-29T01:40:22+00:00\" \/>\n<meta property=\"og:image\" content=\"https:\/\/koningdrone.be\/wp-content\/uploads\/sites\/13\/2025\/04\/dji-rc-pro.jpg\" \/>\n\t<meta property=\"og:image:width\" content=\"800\" \/>\n\t<meta property=\"og:image:height\" content=\"640\" \/>\n\t<meta property=\"og:image:type\" content=\"image\/jpeg\" \/>\n<meta name=\"twitter:card\" content=\"summary_large_image\" \/>\n<meta name=\"twitter:label1\" content=\"Dur\u00e9e de lecture est.\" \/>\n\t<meta name=\"twitter:data1\" content=\"1 minute\" \/>\n<script type=\"application\/ld+json\" class=\"yoast-schema-graph\">{\"@context\":\"https:\/\/schema.org\",\"@graph\":[{\"@type\":\"WebPage\",\"@id\":\"https:\/\/koningdrone.be\/product\/dji-rc-pro\/\",\"url\":\"https:\/\/koningdrone.be\/product\/dji-rc-pro\/\",\"name\":\"DJI RC Pro - koningdrone.be\",\"isPartOf\":{\"@id\":\"https:\/\/koningdrone.be\/#website\"},\"primaryImageOfPage\":{\"@id\":\"https:\/\/koningdrone.be\/product\/dji-rc-pro\/#primaryimage\"},\"image\":{\"@id\":\"https:\/\/koningdrone.be\/product\/dji-rc-pro\/#primaryimage\"},\"thumbnailUrl\":\"https:\/\/koningdrone.be\/wp-content\/uploads\/sites\/13\/2025\/04\/dji-rc-pro.jpg\",\"datePublished\":\"2021-11-19T10:27:19+00:00\",\"dateModified\":\"2026-04-29T01:40:22+00:00\",\"breadcrumb\":{\"@id\":\"https:\/\/koningdrone.be\/product\/dji-rc-pro\/#breadcrumb\"},\"inLanguage\":\"fr-BE\",\"potentialAction\":[{\"@type\":\"ReadAction\",\"target\":[\"https:\/\/koningdrone.be\/product\/dji-rc-pro\/\"]}]},{\"@type\":\"ImageObject\",\"inLanguage\":\"fr-BE\",\"@id\":\"https:\/\/koningdrone.be\/product\/dji-rc-pro\/#primaryimage\",\"url\":\"https:\/\/koningdrone.be\/wp-content\/uploads\/sites\/13\/2025\/04\/dji-rc-pro.jpg\",\"contentUrl\":\"https:\/\/koningdrone.be\/wp-content\/uploads\/sites\/13\/2025\/04\/dji-rc-pro.jpg\",\"width\":800,\"height\":640},{\"@type\":\"BreadcrumbList\",\"@id\":\"https:\/\/koningdrone.be\/product\/dji-rc-pro\/#breadcrumb\",\"itemListElement\":[{\"@type\":\"ListItem\",\"position\":1,\"name\":\"Home\",\"item\":\"https:\/\/koningdrone.be\/\"},{\"@type\":\"ListItem\",\"position\":2,\"name\":\"AVSS Parachute Recovery System for DJI Matrice 300\/350\",\"item\":\"https:\/\/koningdrone.be\/product\/avss-parachute-recovery-system-for-dji-matrice-300-350\/\"},{\"@type\":\"ListItem\",\"position\":3,\"name\":\"Alle afstandsbedieningen\",\"item\":\"https:\/\/koningdrone.be\/categorie\/alle-afstandsbedieningen\/\"},{\"@type\":\"ListItem\",\"position\":4,\"name\":\"DJI RC Pro\"}]},{\"@type\":\"WebSite\",\"@id\":\"https:\/\/koningdrone.be\/#website\",\"url\":\"https:\/\/koningdrone.be\/\",\"name\":\"Koningdrone.be - Uw online specialist in drones, gimbals, camera's en power stations.\",\"description\":\"De webshop in drones en gimbals\",\"publisher\":{\"@id\":\"https:\/\/koningdrone.be\/#organization\"},\"potentialAction\":[{\"@type\":\"SearchAction\",\"target\":{\"@type\":\"EntryPoint\",\"urlTemplate\":\"https:\/\/koningdrone.be\/?s={search_term_string}\"},\"query-input\":{\"@type\":\"PropertyValueSpecification\",\"valueRequired\":true,\"valueName\":\"search_term_string\"}}],\"inLanguage\":\"fr-BE\"},{\"@type\":\"Organization\",\"@id\":\"https:\/\/koningdrone.be\/#organization\",\"name\":\"Koningdrone.be\",\"url\":\"https:\/\/koningdrone.be\/\",\"logo\":{\"@type\":\"ImageObject\",\"inLanguage\":\"fr-BE\",\"@id\":\"https:\/\/koningdrone.be\/#\/schema\/logo\/image\/\",\"url\":\"https:\/\/koningdrone.be\/wp-content\/uploads\/sites\/13\/2025\/04\/koningdrone-copyright-logo.svg\",\"contentUrl\":\"https:\/\/koningdrone.be\/wp-content\/uploads\/sites\/13\/2025\/04\/koningdrone-copyright-logo.svg\",\"width\":227,\"height\":38,\"caption\":\"Koningdrone.be\"},\"image\":{\"@id\":\"https:\/\/koningdrone.be\/#\/schema\/logo\/image\/\"}}]}<\/script>\n<!-- \/ Yoast SEO Premium plugin. -->","yoast_head_json":{"title":"DJI RC Pro - koningdrone.be","robots":{"index":"index","follow":"follow","max-snippet":"max-snippet:-1","max-image-preview":"max-image-preview:large","max-video-preview":"max-video-preview:-1"},"canonical":"https:\/\/koningdrone.be\/fr\/produit\/dji-rc-pro\/","og_locale":"fr_FR","og_type":"article","og_title":"DJI RC Pro","og_description":"Helder display, krachtige prestaties, effici\u00ebnte bediening, uitstekende audio- en videoprestaties.","og_url":"https:\/\/koningdrone.be\/fr\/produit\/dji-rc-pro\/","og_site_name":"koningdrone.be","article_modified_time":"2026-04-29T01:40:22+00:00","og_image":[{"width":800,"height":640,"url":"https:\/\/koningdrone.be\/wp-content\/uploads\/sites\/13\/2025\/04\/dji-rc-pro.jpg","type":"image\/jpeg"}],"twitter_card":"summary_large_image","twitter_misc":{"Dur\u00e9e de lecture est.":"1 minute"},"schema":{"@context":"https:\/\/schema.org","@graph":[{"@type":"WebPage","@id":"https:\/\/koningdrone.be\/product\/dji-rc-pro\/","url":"https:\/\/koningdrone.be\/product\/dji-rc-pro\/","name":"DJI RC Pro - koningdrone.be","isPartOf":{"@id":"https:\/\/koningdrone.be\/#website"},"primaryImageOfPage":{"@id":"https:\/\/koningdrone.be\/product\/dji-rc-pro\/#primaryimage"},"image":{"@id":"https:\/\/koningdrone.be\/product\/dji-rc-pro\/#primaryimage"},"thumbnailUrl":"https:\/\/koningdrone.be\/wp-content\/uploads\/sites\/13\/2025\/04\/dji-rc-pro.jpg","datePublished":"2021-11-19T10:27:19+00:00","dateModified":"2026-04-29T01:40:22+00:00","breadcrumb":{"@id":"https:\/\/koningdrone.be\/product\/dji-rc-pro\/#breadcrumb"},"inLanguage":"fr-BE","potentialAction":[{"@type":"ReadAction","target":["https:\/\/koningdrone.be\/product\/dji-rc-pro\/"]}]},{"@type":"ImageObject","inLanguage":"fr-BE","@id":"https:\/\/koningdrone.be\/product\/dji-rc-pro\/#primaryimage","url":"https:\/\/koningdrone.be\/wp-content\/uploads\/sites\/13\/2025\/04\/dji-rc-pro.jpg","contentUrl":"https:\/\/koningdrone.be\/wp-content\/uploads\/sites\/13\/2025\/04\/dji-rc-pro.jpg","width":800,"height":640},{"@type":"BreadcrumbList","@id":"https:\/\/koningdrone.be\/product\/dji-rc-pro\/#breadcrumb","itemListElement":[{"@type":"ListItem","position":1,"name":"Home","item":"https:\/\/koningdrone.be\/"},{"@type":"ListItem","position":2,"name":"AVSS Parachute Recovery System for DJI Matrice 300\/350","item":"https:\/\/koningdrone.be\/product\/avss-parachute-recovery-system-for-dji-matrice-300-350\/"},{"@type":"ListItem","position":3,"name":"Alle afstandsbedieningen","item":"https:\/\/koningdrone.be\/categorie\/alle-afstandsbedieningen\/"},{"@type":"ListItem","position":4,"name":"DJI RC Pro"}]},{"@type":"WebSite","@id":"https:\/\/koningdrone.be\/#website","url":"https:\/\/koningdrone.be\/","name":"Koningdrone.be - Votre sp\u00e9cialiste en ligne en mati\u00e8re de drones, de cardans, de cam\u00e9ras et de centrales \u00e9lectriques.","description":"La boutique en ligne de drones et de cardans","publisher":{"@id":"https:\/\/koningdrone.be\/#organization"},"potentialAction":[{"@type":"SearchAction","target":{"@type":"EntryPoint","urlTemplate":"https:\/\/koningdrone.be\/?s={search_term_string}"},"query-input":{"@type":"PropertyValueSpecification","valueRequired":true,"valueName":"search_term_string"}}],"inLanguage":"fr-BE"},{"@type":"Organization","@id":"https:\/\/koningdrone.be\/#organization","name":"Kingdrone.co.uk","url":"https:\/\/koningdrone.be\/","logo":{"@type":"ImageObject","inLanguage":"fr-BE","@id":"https:\/\/koningdrone.be\/#\/schema\/logo\/image\/","url":"https:\/\/koningdrone.be\/wp-content\/uploads\/sites\/13\/2025\/04\/koningdrone-copyright-logo.svg","contentUrl":"https:\/\/koningdrone.be\/wp-content\/uploads\/sites\/13\/2025\/04\/koningdrone-copyright-logo.svg","width":227,"height":38,"caption":"Koningdrone.be"},"image":{"@id":"https:\/\/koningdrone.be\/#\/schema\/logo\/image\/"}}]}},"df_price":908,"df_sale_price":"","df_regular_price":908,"df_image_link":"https:\/\/koningdrone.be\/wp-content\/uploads\/sites\/13\/2025\/04\/dji-rc-pro-300x240.jpg","_links":{"self":[{"href":"https:\/\/koningdrone.be\/fr\/wp-json\/wp\/v2\/product\/6114","targetHints":{"allow":["GET"]}}],"collection":[{"href":"https:\/\/koningdrone.be\/fr\/wp-json\/wp\/v2\/product"}],"about":[{"href":"https:\/\/koningdrone.be\/fr\/wp-json\/wp\/v2\/types\/product"}],"wp:featuredmedia":[{"embeddable":true,"href":"https:\/\/koningdrone.be\/fr\/wp-json\/wp\/v2\/media\/6113"}],"wp:attachment":[{"href":"https:\/\/koningdrone.be\/fr\/wp-json\/wp\/v2\/media?parent=6114"}],"wp:term":[{"taxonomy":"product_brand","embeddable":true,"href":"https:\/\/koningdrone.be\/fr\/wp-json\/wp\/v2\/product_brand?post=6114"},{"taxonomy":"product_cat","embeddable":true,"href":"https:\/\/koningdrone.be\/fr\/wp-json\/wp\/v2\/product_cat?post=6114"},{"taxonomy":"product_tag","embeddable":true,"href":"https:\/\/koningdrone.be\/fr\/wp-json\/wp\/v2\/product_tag?post=6114"}],"curies":[{"name":"wp","href":"https:\/\/api.w.org\/{rel}","templated":true}]}}