{"id":6097,"date":"2021-11-19T11:27:24","date_gmt":"2021-11-19T10:27:24","guid":{"rendered":"https:\/\/koningdrone.nl\/kon\/product\/dji-action-2-care-refresh-voor-1-jaar\/"},"modified":"2026-04-29T07:30:37","modified_gmt":"2026-04-29T05:30:37","slug":"dji-action-2-care-refresh-voor-1-jaar","status":"publish","type":"product","link":"https:\/\/koningdrone.be\/fr\/produit\/dji-action-2-care-refresh-voor-1-jaar\/","title":{"rendered":"DJI Action 2 - Rafra\u00eechissement de l'entretien pendant 1 an"},"content":{"rendered":"<h1>DJI Action 2 - Rafra\u00eechissement de l'entretien pendant 1 an<\/h1>\n<p>DJI Care Refresh 2-Year Plan Action 2 est une garantie compl\u00e8te pour votre cam\u00e9ra DJI Action 2, valable 12 mois. Il vous prot\u00e8ge contre des co\u00fbts \u00e9lev\u00e9s en cas d'accident avec votre cam\u00e9ra. L'enl\u00e8vement et le retour de votre cam\u00e9ra sont \u00e0 la charge de DJI et vous n'avez pas \u00e0 les payer vous-m\u00eame.<\/p>\n<p><strong>Deux remplacements avec paiement suppl\u00e9mentaire<\/strong><br \/>Il est possible de recevoir un appareil photo de remplacement jusqu'\u00e0 3 fois moyennant un paiement suppl\u00e9mentaire. L'appareil photo de remplacement est neuf ou \u00e9quivalent \u00e0 un produit neuf. Care Refresh s'applique en cas d'erreur, de d\u00e9faillance du signal, de collision, de d\u00e9g\u00e2ts des eaux et de chute.<\/p>\n<p><strong>Important pour l'activation :<\/strong><\/p>\n<ul> <\/p>\n<li>L'appareil doit \u00eatre neuf et n'avoir pas encore \u00e9t\u00e9 enregistr\u00e9<\/li>\n<p> <\/p>\n<li>Apr\u00e8s l'enregistrement de la cam\u00e9ra, l'actualisation des soins doit \u00eatre activ\u00e9e.<\/li>\n<p> <\/p>\n<li>Vous devez enregistrer Care Refresh dans les 30 jours suivant l'activation de votre appareil photo.<\/li>\n<p> <\/p>\n<li>La perte n'est pas couverte<\/li>\n<p><\/ul>","protected":false},"excerpt":{"rendered":"<ul>\n<li>Kit de garantie pour une cam\u00e9ra DJI Action 2 nouvellement achet\u00e9e<\/li>\n<li>Trois fois par remplacement (avec paiement suppl\u00e9mentaire)<\/li>\n<li>Protection contre les co\u00fbts \u00e9lev\u00e9s en cas d'accident<\/li>\n<li>DJI prend en charge les frais de collecte et de retour<\/li>\n<\/ul>","protected":false},"featured_media":6096,"template":"","meta":{"_acf_changed":false},"product_brand":[],"product_cat":[175,97,1184,621,297],"product_tag":[],"class_list":{"0":"post-6097","1":"product","2":"type-product","3":"status-publish","4":"has-post-thumbnail","6":"product_cat-alle-care-refresh","7":"product_cat-alle-producten","8":"product_cat-dji-action","9":"product_cat-dji-action-2","10":"product_cat-dji-osmo","11":"product_shipping_class-outofstock","12":"pa_brand-dji","13":"pa_productfamily-care-refresh","14":"pa_producttype-care-refresh","15":"pa_series-action-2","17":"first","18":"outofstock","19":"taxable","20":"shipping-taxable","21":"product-type-simple"},"acf":[],"yoast_head":"<!-- This site is optimized with the Yoast SEO Premium plugin v27.2 (Yoast SEO v27.2) - https:\/\/yoast.com\/product\/yoast-seo-premium-wordpress\/ -->\n<title>DJI Action 2 - Care Refresh voor 1 jaar - koningdrone.be<\/title>\n<meta name=\"robots\" content=\"index, follow, max-snippet:-1, max-image-preview:large, max-video-preview:-1\" \/>\n<link rel=\"canonical\" href=\"https:\/\/koningdrone.be\/fr\/produit\/dji-action-2-care-refresh-voor-1-jaar\/\" \/>\n<meta property=\"og:locale\" content=\"fr_FR\" \/>\n<meta property=\"og:type\" content=\"article\" \/>\n<meta property=\"og:title\" content=\"DJI Action 2 - Care Refresh voor 1 jaar\" \/>\n<meta property=\"og:description\" content=\"Garantiepakket voor een nieuw gekochte DJI Action 2 camera  Drie keer een vervanging (met bijbetaling)  Bescherming tegen hoge kosten bij een ongeluk  DJI neemt de kosten van ophalen en terugsturen op zich\" \/>\n<meta property=\"og:url\" content=\"https:\/\/koningdrone.be\/fr\/produit\/dji-action-2-care-refresh-voor-1-jaar\/\" \/>\n<meta property=\"og:site_name\" content=\"koningdrone.be\" \/>\n<meta property=\"article:modified_time\" content=\"2026-04-29T05:30:37+00:00\" \/>\n<meta property=\"og:image\" content=\"https:\/\/koningdrone.be\/wp-content\/uploads\/sites\/13\/2025\/04\/6941565919250-1.jpg\" \/>\n\t<meta property=\"og:image:width\" content=\"1500\" \/>\n\t<meta property=\"og:image:height\" content=\"1500\" \/>\n\t<meta property=\"og:image:type\" content=\"image\/jpeg\" \/>\n<meta name=\"twitter:card\" content=\"summary_large_image\" \/>\n<meta name=\"twitter:label1\" content=\"Dur\u00e9e de lecture est.\" \/>\n\t<meta name=\"twitter:data1\" content=\"1 minute\" \/>\n<script type=\"application\/ld+json\" class=\"yoast-schema-graph\">{\"@context\":\"https:\/\/schema.org\",\"@graph\":[{\"@type\":\"WebPage\",\"@id\":\"https:\/\/koningdrone.be\/product\/dji-action-2-care-refresh-voor-1-jaar\/\",\"url\":\"https:\/\/koningdrone.be\/product\/dji-action-2-care-refresh-voor-1-jaar\/\",\"name\":\"DJI Action 2 - Care Refresh voor 1 jaar - koningdrone.be\",\"isPartOf\":{\"@id\":\"https:\/\/koningdrone.be\/#website\"},\"primaryImageOfPage\":{\"@id\":\"https:\/\/koningdrone.be\/product\/dji-action-2-care-refresh-voor-1-jaar\/#primaryimage\"},\"image\":{\"@id\":\"https:\/\/koningdrone.be\/product\/dji-action-2-care-refresh-voor-1-jaar\/#primaryimage\"},\"thumbnailUrl\":\"https:\/\/koningdrone.be\/wp-content\/uploads\/sites\/13\/2025\/04\/6941565919250-1.jpg\",\"datePublished\":\"2021-11-19T10:27:24+00:00\",\"dateModified\":\"2026-04-29T05:30:37+00:00\",\"breadcrumb\":{\"@id\":\"https:\/\/koningdrone.be\/product\/dji-action-2-care-refresh-voor-1-jaar\/#breadcrumb\"},\"inLanguage\":\"fr-BE\",\"potentialAction\":[{\"@type\":\"ReadAction\",\"target\":[\"https:\/\/koningdrone.be\/product\/dji-action-2-care-refresh-voor-1-jaar\/\"]}]},{\"@type\":\"ImageObject\",\"inLanguage\":\"fr-BE\",\"@id\":\"https:\/\/koningdrone.be\/product\/dji-action-2-care-refresh-voor-1-jaar\/#primaryimage\",\"url\":\"https:\/\/koningdrone.be\/wp-content\/uploads\/sites\/13\/2025\/04\/6941565919250-1.jpg\",\"contentUrl\":\"https:\/\/koningdrone.be\/wp-content\/uploads\/sites\/13\/2025\/04\/6941565919250-1.jpg\",\"width\":1500,\"height\":1500},{\"@type\":\"BreadcrumbList\",\"@id\":\"https:\/\/koningdrone.be\/product\/dji-action-2-care-refresh-voor-1-jaar\/#breadcrumb\",\"itemListElement\":[{\"@type\":\"ListItem\",\"position\":1,\"name\":\"Home\",\"item\":\"https:\/\/koningdrone.be\/\"},{\"@type\":\"ListItem\",\"position\":2,\"name\":\"AVSS Parachute Recovery System for DJI Matrice 300\/350\",\"item\":\"https:\/\/koningdrone.be\/product\/avss-parachute-recovery-system-for-dji-matrice-300-350\/\"},{\"@type\":\"ListItem\",\"position\":3,\"name\":\"Alle care refresh\",\"item\":\"https:\/\/koningdrone.be\/categorie\/alle-care-refresh\/\"},{\"@type\":\"ListItem\",\"position\":4,\"name\":\"DJI Action 2 &#8211; Care Refresh voor 1 jaar\"}]},{\"@type\":\"WebSite\",\"@id\":\"https:\/\/koningdrone.be\/#website\",\"url\":\"https:\/\/koningdrone.be\/\",\"name\":\"Koningdrone.be - Uw online specialist in drones, gimbals, camera's en power stations.\",\"description\":\"De webshop in drones en gimbals\",\"publisher\":{\"@id\":\"https:\/\/koningdrone.be\/#organization\"},\"potentialAction\":[{\"@type\":\"SearchAction\",\"target\":{\"@type\":\"EntryPoint\",\"urlTemplate\":\"https:\/\/koningdrone.be\/?s={search_term_string}\"},\"query-input\":{\"@type\":\"PropertyValueSpecification\",\"valueRequired\":true,\"valueName\":\"search_term_string\"}}],\"inLanguage\":\"fr-BE\"},{\"@type\":\"Organization\",\"@id\":\"https:\/\/koningdrone.be\/#organization\",\"name\":\"Koningdrone.be\",\"url\":\"https:\/\/koningdrone.be\/\",\"logo\":{\"@type\":\"ImageObject\",\"inLanguage\":\"fr-BE\",\"@id\":\"https:\/\/koningdrone.be\/#\/schema\/logo\/image\/\",\"url\":\"https:\/\/koningdrone.be\/wp-content\/uploads\/sites\/13\/2025\/04\/koningdrone-copyright-logo.svg\",\"contentUrl\":\"https:\/\/koningdrone.be\/wp-content\/uploads\/sites\/13\/2025\/04\/koningdrone-copyright-logo.svg\",\"width\":227,\"height\":38,\"caption\":\"Koningdrone.be\"},\"image\":{\"@id\":\"https:\/\/koningdrone.be\/#\/schema\/logo\/image\/\"}}]}<\/script>\n<!-- \/ Yoast SEO Premium plugin. -->","yoast_head_json":{"title":"DJI Action 2 - Care Refresh voor 1 jaar - koningdrone.be","robots":{"index":"index","follow":"follow","max-snippet":"max-snippet:-1","max-image-preview":"max-image-preview:large","max-video-preview":"max-video-preview:-1"},"canonical":"https:\/\/koningdrone.be\/fr\/produit\/dji-action-2-care-refresh-voor-1-jaar\/","og_locale":"fr_FR","og_type":"article","og_title":"DJI Action 2 - Care Refresh voor 1 jaar","og_description":"Garantiepakket voor een nieuw gekochte DJI Action 2 camera  Drie keer een vervanging (met bijbetaling)  Bescherming tegen hoge kosten bij een ongeluk  DJI neemt de kosten van ophalen en terugsturen op zich","og_url":"https:\/\/koningdrone.be\/fr\/produit\/dji-action-2-care-refresh-voor-1-jaar\/","og_site_name":"koningdrone.be","article_modified_time":"2026-04-29T05:30:37+00:00","og_image":[{"width":1500,"height":1500,"url":"https:\/\/koningdrone.be\/wp-content\/uploads\/sites\/13\/2025\/04\/6941565919250-1.jpg","type":"image\/jpeg"}],"twitter_card":"summary_large_image","twitter_misc":{"Dur\u00e9e de lecture est.":"1 minute"},"schema":{"@context":"https:\/\/schema.org","@graph":[{"@type":"WebPage","@id":"https:\/\/koningdrone.be\/product\/dji-action-2-care-refresh-voor-1-jaar\/","url":"https:\/\/koningdrone.be\/product\/dji-action-2-care-refresh-voor-1-jaar\/","name":"DJI Action 2 - Care Refresh voor 1 jaar - koningdrone.be","isPartOf":{"@id":"https:\/\/koningdrone.be\/#website"},"primaryImageOfPage":{"@id":"https:\/\/koningdrone.be\/product\/dji-action-2-care-refresh-voor-1-jaar\/#primaryimage"},"image":{"@id":"https:\/\/koningdrone.be\/product\/dji-action-2-care-refresh-voor-1-jaar\/#primaryimage"},"thumbnailUrl":"https:\/\/koningdrone.be\/wp-content\/uploads\/sites\/13\/2025\/04\/6941565919250-1.jpg","datePublished":"2021-11-19T10:27:24+00:00","dateModified":"2026-04-29T05:30:37+00:00","breadcrumb":{"@id":"https:\/\/koningdrone.be\/product\/dji-action-2-care-refresh-voor-1-jaar\/#breadcrumb"},"inLanguage":"fr-BE","potentialAction":[{"@type":"ReadAction","target":["https:\/\/koningdrone.be\/product\/dji-action-2-care-refresh-voor-1-jaar\/"]}]},{"@type":"ImageObject","inLanguage":"fr-BE","@id":"https:\/\/koningdrone.be\/product\/dji-action-2-care-refresh-voor-1-jaar\/#primaryimage","url":"https:\/\/koningdrone.be\/wp-content\/uploads\/sites\/13\/2025\/04\/6941565919250-1.jpg","contentUrl":"https:\/\/koningdrone.be\/wp-content\/uploads\/sites\/13\/2025\/04\/6941565919250-1.jpg","width":1500,"height":1500},{"@type":"BreadcrumbList","@id":"https:\/\/koningdrone.be\/product\/dji-action-2-care-refresh-voor-1-jaar\/#breadcrumb","itemListElement":[{"@type":"ListItem","position":1,"name":"Home","item":"https:\/\/koningdrone.be\/"},{"@type":"ListItem","position":2,"name":"AVSS Parachute Recovery System for DJI Matrice 300\/350","item":"https:\/\/koningdrone.be\/product\/avss-parachute-recovery-system-for-dji-matrice-300-350\/"},{"@type":"ListItem","position":3,"name":"Alle care refresh","item":"https:\/\/koningdrone.be\/categorie\/alle-care-refresh\/"},{"@type":"ListItem","position":4,"name":"DJI Action 2 &#8211; Care Refresh voor 1 jaar"}]},{"@type":"WebSite","@id":"https:\/\/koningdrone.be\/#website","url":"https:\/\/koningdrone.be\/","name":"Koningdrone.be - Votre sp\u00e9cialiste en ligne en mati\u00e8re de drones, de cardans, de cam\u00e9ras et de centrales \u00e9lectriques.","description":"La boutique en ligne de drones et de cardans","publisher":{"@id":"https:\/\/koningdrone.be\/#organization"},"potentialAction":[{"@type":"SearchAction","target":{"@type":"EntryPoint","urlTemplate":"https:\/\/koningdrone.be\/?s={search_term_string}"},"query-input":{"@type":"PropertyValueSpecification","valueRequired":true,"valueName":"search_term_string"}}],"inLanguage":"fr-BE"},{"@type":"Organization","@id":"https:\/\/koningdrone.be\/#organization","name":"Kingdrone.co.uk","url":"https:\/\/koningdrone.be\/","logo":{"@type":"ImageObject","inLanguage":"fr-BE","@id":"https:\/\/koningdrone.be\/#\/schema\/logo\/image\/","url":"https:\/\/koningdrone.be\/wp-content\/uploads\/sites\/13\/2025\/04\/koningdrone-copyright-logo.svg","contentUrl":"https:\/\/koningdrone.be\/wp-content\/uploads\/sites\/13\/2025\/04\/koningdrone-copyright-logo.svg","width":227,"height":38,"caption":"Koningdrone.be"},"image":{"@id":"https:\/\/koningdrone.be\/#\/schema\/logo\/image\/"}}]}},"df_price":"","df_sale_price":"","df_regular_price":"","df_image_link":"https:\/\/koningdrone.be\/wp-content\/uploads\/sites\/13\/2025\/04\/6941565919250-1-300x300.jpg","_links":{"self":[{"href":"https:\/\/koningdrone.be\/fr\/wp-json\/wp\/v2\/product\/6097","targetHints":{"allow":["GET"]}}],"collection":[{"href":"https:\/\/koningdrone.be\/fr\/wp-json\/wp\/v2\/product"}],"about":[{"href":"https:\/\/koningdrone.be\/fr\/wp-json\/wp\/v2\/types\/product"}],"wp:featuredmedia":[{"embeddable":true,"href":"https:\/\/koningdrone.be\/fr\/wp-json\/wp\/v2\/media\/6096"}],"wp:attachment":[{"href":"https:\/\/koningdrone.be\/fr\/wp-json\/wp\/v2\/media?parent=6097"}],"wp:term":[{"taxonomy":"product_brand","embeddable":true,"href":"https:\/\/koningdrone.be\/fr\/wp-json\/wp\/v2\/product_brand?post=6097"},{"taxonomy":"product_cat","embeddable":true,"href":"https:\/\/koningdrone.be\/fr\/wp-json\/wp\/v2\/product_cat?post=6097"},{"taxonomy":"product_tag","embeddable":true,"href":"https:\/\/koningdrone.be\/fr\/wp-json\/wp\/v2\/product_tag?post=6097"}],"curies":[{"name":"wp","href":"https:\/\/api.w.org\/{rel}","templated":true}]}}