{"id":6077,"date":"2021-11-19T11:27:24","date_gmt":"2021-11-19T10:27:24","guid":{"rendered":"https:\/\/koningdrone.nl\/kon\/product\/dji-action-2-magnetische-hoofdband\/"},"modified":"2026-04-29T10:10:53","modified_gmt":"2026-04-29T08:10:53","slug":"dji-action-2-magnetische-hoofdband","status":"publish","type":"product","link":"https:\/\/koningdrone.be\/fr\/produit\/dji-action-2-magnetische-hoofdband\/","title":{"rendered":"Bandeau magn\u00e9tique DJI Action 2"},"content":{"rendered":"<p><strong>Bandeau magn\u00e9tique avec action 2<\/strong><\/p>\n<p> Le bandeau magn\u00e9tique avec Action 2 est un gadget parfait pour les aventuriers qui aiment immortaliser leurs moments en d\u00e9placement. Que vous glissiez doucement sur une rivi\u00e8re sereine ou que vous p\u00e9daliez le long d'un sentier panoramique, cet accessoire vous permet de filmer votre voyage en gardant les mains libres. Il suffit de fixer la cam\u00e9ra Action 2 au bandeau magn\u00e9tique et vous \u00eates pr\u00eat \u00e0 immortaliser vos exp\u00e9riences de mani\u00e8re dynamique et immersive. C'est l'outil id\u00e9al pour les d\u00e9butants d\u00e9sireux de documenter leurs aventures en toute simplicit\u00e9 et pour les experts \u00e0 la recherche d'un moyen fiable d'immortaliser leurs aventures avec pr\u00e9cision, au moment m\u00eame o\u00f9 elles se d\u00e9roulent.<\/p>\n<p><\/p>","protected":false},"excerpt":{"rendered":"<ul>\n<li>Filmer en FPV en gardant les mains libres<\/li>\n<li> Facile \u00e0 fixer sur le bandeau magn\u00e9tique<\/li>\n<li> Id\u00e9al pour les activit\u00e9s dynamiques en plein air<\/li>\n<li> Permet une action immersive qui fait revivre l'exp\u00e9rience<\/li>\n<\/ul>","protected":false},"featured_media":6074,"template":"","meta":{"_acf_changed":false},"product_brand":[],"product_cat":[268,97,621],"product_tag":[],"class_list":{"0":"post-6077","1":"product","2":"type-product","3":"status-publish","4":"has-post-thumbnail","6":"product_cat-alle-accessoires","7":"product_cat-alle-producten","8":"product_cat-dji-action-2","9":"product_shipping_class-outofstock","10":"pa_brand-dji","11":"pa_productfamily-hoofdband","12":"pa_producttype-hoofdband","13":"pa_series-action-2","15":"first","16":"outofstock","17":"taxable","18":"shipping-taxable","19":"product-type-simple"},"acf":[],"yoast_head":"<!-- This site is optimized with the Yoast SEO Premium plugin v27.2 (Yoast SEO v27.2) - https:\/\/yoast.com\/product\/yoast-seo-premium-wordpress\/ -->\n<title>DJI Action 2 Magnetic Headband - koningdrone.be<\/title>\n<meta name=\"robots\" content=\"index, follow, max-snippet:-1, max-image-preview:large, max-video-preview:-1\" \/>\n<link rel=\"canonical\" href=\"https:\/\/koningdrone.be\/fr\/produit\/dji-action-2-magnetische-hoofdband\/\" \/>\n<meta property=\"og:locale\" content=\"fr_FR\" \/>\n<meta property=\"og:type\" content=\"article\" \/>\n<meta property=\"og:title\" content=\"DJI Action 2 Magnetic Headband\" \/>\n<meta property=\"og:description\" content=\"Film in FPV met handsfree flexibiliteit Gemakkelijk te bevestigen aan de magnetische hoofdband Ideaal voor dynamische buitenactiviteiten Maakt meeslepende actie mogelijk die de ervaring opnieuw beleeft\" \/>\n<meta property=\"og:url\" content=\"https:\/\/koningdrone.be\/fr\/produit\/dji-action-2-magnetische-hoofdband\/\" \/>\n<meta property=\"og:site_name\" content=\"koningdrone.be\" \/>\n<meta property=\"article:modified_time\" content=\"2026-04-29T08:10:53+00:00\" \/>\n<meta property=\"og:image\" content=\"https:\/\/koningdrone.be\/wp-content\/uploads\/sites\/13\/2025\/04\/d49e5eba84a1e0770818f932fb7e2def@large.jpg\" \/>\n\t<meta property=\"og:image:width\" content=\"1200\" \/>\n\t<meta property=\"og:image:height\" content=\"800\" \/>\n\t<meta property=\"og:image:type\" content=\"image\/jpeg\" \/>\n<meta name=\"twitter:card\" content=\"summary_large_image\" \/>\n<meta name=\"twitter:label1\" content=\"Dur\u00e9e de lecture est.\" \/>\n\t<meta name=\"twitter:data1\" content=\"1 minute\" \/>\n<script type=\"application\/ld+json\" class=\"yoast-schema-graph\">{\"@context\":\"https:\/\/schema.org\",\"@graph\":[{\"@type\":\"WebPage\",\"@id\":\"https:\/\/koningdrone.be\/product\/dji-action-2-magnetische-hoofdband\/\",\"url\":\"https:\/\/koningdrone.be\/product\/dji-action-2-magnetische-hoofdband\/\",\"name\":\"DJI Action 2 Magnetic Headband - koningdrone.be\",\"isPartOf\":{\"@id\":\"https:\/\/koningdrone.be\/#website\"},\"primaryImageOfPage\":{\"@id\":\"https:\/\/koningdrone.be\/product\/dji-action-2-magnetische-hoofdband\/#primaryimage\"},\"image\":{\"@id\":\"https:\/\/koningdrone.be\/product\/dji-action-2-magnetische-hoofdband\/#primaryimage\"},\"thumbnailUrl\":\"https:\/\/koningdrone.be\/wp-content\/uploads\/sites\/13\/2025\/04\/d49e5eba84a1e0770818f932fb7e2def@large.jpg\",\"datePublished\":\"2021-11-19T10:27:24+00:00\",\"dateModified\":\"2026-04-29T08:10:53+00:00\",\"breadcrumb\":{\"@id\":\"https:\/\/koningdrone.be\/product\/dji-action-2-magnetische-hoofdband\/#breadcrumb\"},\"inLanguage\":\"fr-BE\",\"potentialAction\":[{\"@type\":\"ReadAction\",\"target\":[\"https:\/\/koningdrone.be\/product\/dji-action-2-magnetische-hoofdband\/\"]}]},{\"@type\":\"ImageObject\",\"inLanguage\":\"fr-BE\",\"@id\":\"https:\/\/koningdrone.be\/product\/dji-action-2-magnetische-hoofdband\/#primaryimage\",\"url\":\"https:\/\/koningdrone.be\/wp-content\/uploads\/sites\/13\/2025\/04\/d49e5eba84a1e0770818f932fb7e2def@large.jpg\",\"contentUrl\":\"https:\/\/koningdrone.be\/wp-content\/uploads\/sites\/13\/2025\/04\/d49e5eba84a1e0770818f932fb7e2def@large.jpg\",\"width\":1200,\"height\":800},{\"@type\":\"BreadcrumbList\",\"@id\":\"https:\/\/koningdrone.be\/product\/dji-action-2-magnetische-hoofdband\/#breadcrumb\",\"itemListElement\":[{\"@type\":\"ListItem\",\"position\":1,\"name\":\"Home\",\"item\":\"https:\/\/koningdrone.be\/\"},{\"@type\":\"ListItem\",\"position\":2,\"name\":\"AVSS Parachute Recovery System for DJI Matrice 300\/350\",\"item\":\"https:\/\/koningdrone.be\/product\/avss-parachute-recovery-system-for-dji-matrice-300-350\/\"},{\"@type\":\"ListItem\",\"position\":3,\"name\":\"Alle accessoires\",\"item\":\"https:\/\/koningdrone.be\/categorie\/alle-accessoires\/\"},{\"@type\":\"ListItem\",\"position\":4,\"name\":\"DJI Action 2 Magnetic Headband\"}]},{\"@type\":\"WebSite\",\"@id\":\"https:\/\/koningdrone.be\/#website\",\"url\":\"https:\/\/koningdrone.be\/\",\"name\":\"Koningdrone.be - Uw online specialist in drones, gimbals, camera's en power stations.\",\"description\":\"De webshop in drones en gimbals\",\"publisher\":{\"@id\":\"https:\/\/koningdrone.be\/#organization\"},\"potentialAction\":[{\"@type\":\"SearchAction\",\"target\":{\"@type\":\"EntryPoint\",\"urlTemplate\":\"https:\/\/koningdrone.be\/?s={search_term_string}\"},\"query-input\":{\"@type\":\"PropertyValueSpecification\",\"valueRequired\":true,\"valueName\":\"search_term_string\"}}],\"inLanguage\":\"fr-BE\"},{\"@type\":\"Organization\",\"@id\":\"https:\/\/koningdrone.be\/#organization\",\"name\":\"Koningdrone.be\",\"url\":\"https:\/\/koningdrone.be\/\",\"logo\":{\"@type\":\"ImageObject\",\"inLanguage\":\"fr-BE\",\"@id\":\"https:\/\/koningdrone.be\/#\/schema\/logo\/image\/\",\"url\":\"https:\/\/koningdrone.be\/wp-content\/uploads\/sites\/13\/2025\/04\/koningdrone-copyright-logo.svg\",\"contentUrl\":\"https:\/\/koningdrone.be\/wp-content\/uploads\/sites\/13\/2025\/04\/koningdrone-copyright-logo.svg\",\"width\":227,\"height\":38,\"caption\":\"Koningdrone.be\"},\"image\":{\"@id\":\"https:\/\/koningdrone.be\/#\/schema\/logo\/image\/\"}}]}<\/script>\n<!-- \/ Yoast SEO Premium plugin. -->","yoast_head_json":{"title":"DJI Action 2 Magnetic Headband - koningdrone.be","robots":{"index":"index","follow":"follow","max-snippet":"max-snippet:-1","max-image-preview":"max-image-preview:large","max-video-preview":"max-video-preview:-1"},"canonical":"https:\/\/koningdrone.be\/fr\/produit\/dji-action-2-magnetische-hoofdband\/","og_locale":"fr_FR","og_type":"article","og_title":"DJI Action 2 Magnetic Headband","og_description":"Film in FPV met handsfree flexibiliteit Gemakkelijk te bevestigen aan de magnetische hoofdband Ideaal voor dynamische buitenactiviteiten Maakt meeslepende actie mogelijk die de ervaring opnieuw beleeft","og_url":"https:\/\/koningdrone.be\/fr\/produit\/dji-action-2-magnetische-hoofdband\/","og_site_name":"koningdrone.be","article_modified_time":"2026-04-29T08:10:53+00:00","og_image":[{"width":1200,"height":800,"url":"https:\/\/koningdrone.be\/wp-content\/uploads\/sites\/13\/2025\/04\/d49e5eba84a1e0770818f932fb7e2def@large.jpg","type":"image\/jpeg"}],"twitter_card":"summary_large_image","twitter_misc":{"Dur\u00e9e de lecture est.":"1 minute"},"schema":{"@context":"https:\/\/schema.org","@graph":[{"@type":"WebPage","@id":"https:\/\/koningdrone.be\/product\/dji-action-2-magnetische-hoofdband\/","url":"https:\/\/koningdrone.be\/product\/dji-action-2-magnetische-hoofdband\/","name":"DJI Action 2 Magnetic Headband - koningdrone.be","isPartOf":{"@id":"https:\/\/koningdrone.be\/#website"},"primaryImageOfPage":{"@id":"https:\/\/koningdrone.be\/product\/dji-action-2-magnetische-hoofdband\/#primaryimage"},"image":{"@id":"https:\/\/koningdrone.be\/product\/dji-action-2-magnetische-hoofdband\/#primaryimage"},"thumbnailUrl":"https:\/\/koningdrone.be\/wp-content\/uploads\/sites\/13\/2025\/04\/d49e5eba84a1e0770818f932fb7e2def@large.jpg","datePublished":"2021-11-19T10:27:24+00:00","dateModified":"2026-04-29T08:10:53+00:00","breadcrumb":{"@id":"https:\/\/koningdrone.be\/product\/dji-action-2-magnetische-hoofdband\/#breadcrumb"},"inLanguage":"fr-BE","potentialAction":[{"@type":"ReadAction","target":["https:\/\/koningdrone.be\/product\/dji-action-2-magnetische-hoofdband\/"]}]},{"@type":"ImageObject","inLanguage":"fr-BE","@id":"https:\/\/koningdrone.be\/product\/dji-action-2-magnetische-hoofdband\/#primaryimage","url":"https:\/\/koningdrone.be\/wp-content\/uploads\/sites\/13\/2025\/04\/d49e5eba84a1e0770818f932fb7e2def@large.jpg","contentUrl":"https:\/\/koningdrone.be\/wp-content\/uploads\/sites\/13\/2025\/04\/d49e5eba84a1e0770818f932fb7e2def@large.jpg","width":1200,"height":800},{"@type":"BreadcrumbList","@id":"https:\/\/koningdrone.be\/product\/dji-action-2-magnetische-hoofdband\/#breadcrumb","itemListElement":[{"@type":"ListItem","position":1,"name":"Home","item":"https:\/\/koningdrone.be\/"},{"@type":"ListItem","position":2,"name":"AVSS Parachute Recovery System for DJI Matrice 300\/350","item":"https:\/\/koningdrone.be\/product\/avss-parachute-recovery-system-for-dji-matrice-300-350\/"},{"@type":"ListItem","position":3,"name":"Alle accessoires","item":"https:\/\/koningdrone.be\/categorie\/alle-accessoires\/"},{"@type":"ListItem","position":4,"name":"DJI Action 2 Magnetic Headband"}]},{"@type":"WebSite","@id":"https:\/\/koningdrone.be\/#website","url":"https:\/\/koningdrone.be\/","name":"Koningdrone.be - Votre sp\u00e9cialiste en ligne en mati\u00e8re de drones, de cardans, de cam\u00e9ras et de centrales \u00e9lectriques.","description":"La boutique en ligne de drones et de cardans","publisher":{"@id":"https:\/\/koningdrone.be\/#organization"},"potentialAction":[{"@type":"SearchAction","target":{"@type":"EntryPoint","urlTemplate":"https:\/\/koningdrone.be\/?s={search_term_string}"},"query-input":{"@type":"PropertyValueSpecification","valueRequired":true,"valueName":"search_term_string"}}],"inLanguage":"fr-BE"},{"@type":"Organization","@id":"https:\/\/koningdrone.be\/#organization","name":"Kingdrone.co.uk","url":"https:\/\/koningdrone.be\/","logo":{"@type":"ImageObject","inLanguage":"fr-BE","@id":"https:\/\/koningdrone.be\/#\/schema\/logo\/image\/","url":"https:\/\/koningdrone.be\/wp-content\/uploads\/sites\/13\/2025\/04\/koningdrone-copyright-logo.svg","contentUrl":"https:\/\/koningdrone.be\/wp-content\/uploads\/sites\/13\/2025\/04\/koningdrone-copyright-logo.svg","width":227,"height":38,"caption":"Koningdrone.be"},"image":{"@id":"https:\/\/koningdrone.be\/#\/schema\/logo\/image\/"}}]}},"df_price":"","df_sale_price":"","df_regular_price":"","df_image_link":"https:\/\/koningdrone.be\/wp-content\/uploads\/sites\/13\/2025\/04\/d49e5eba84a1e0770818f932fb7e2def@large-300x200.jpg","_links":{"self":[{"href":"https:\/\/koningdrone.be\/fr\/wp-json\/wp\/v2\/product\/6077","targetHints":{"allow":["GET"]}}],"collection":[{"href":"https:\/\/koningdrone.be\/fr\/wp-json\/wp\/v2\/product"}],"about":[{"href":"https:\/\/koningdrone.be\/fr\/wp-json\/wp\/v2\/types\/product"}],"wp:featuredmedia":[{"embeddable":true,"href":"https:\/\/koningdrone.be\/fr\/wp-json\/wp\/v2\/media\/6074"}],"wp:attachment":[{"href":"https:\/\/koningdrone.be\/fr\/wp-json\/wp\/v2\/media?parent=6077"}],"wp:term":[{"taxonomy":"product_brand","embeddable":true,"href":"https:\/\/koningdrone.be\/fr\/wp-json\/wp\/v2\/product_brand?post=6077"},{"taxonomy":"product_cat","embeddable":true,"href":"https:\/\/koningdrone.be\/fr\/wp-json\/wp\/v2\/product_cat?post=6077"},{"taxonomy":"product_tag","embeddable":true,"href":"https:\/\/koningdrone.be\/fr\/wp-json\/wp\/v2\/product_tag?post=6077"}],"curies":[{"name":"wp","href":"https:\/\/api.w.org\/{rel}","templated":true}]}}