{"id":6057,"date":"2021-12-17T12:54:42","date_gmt":"2021-12-17T11:54:42","guid":{"rendered":"https:\/\/koningdrone.nl\/kon\/product\/noordzee-drones-voucher-a1-a3-a2-fr\/"},"modified":"2026-04-29T05:50:59","modified_gmt":"2026-04-29T03:50:59","slug":"noordzee-drones-voucher-a1-a3-a2-fr","status":"publish","type":"product","link":"https:\/\/koningdrone.be\/fr\/produit\/noordzee-drones-voucher-a1-a3-a2-fr\/","title":{"rendered":"North Sea Drones Voucher A1\/A3 &amp; A2 - FR"},"content":{"rendered":"<h1>North Sea Drones Voucher A1\/A3 &amp; A2 - FR<\/h1>\n<p>La meilleure formation drone en Europe !<\/p>\n<p>Noordzee Drones est le leader europ\u00e9en de la formation, du conseil et del'expertise de drones pour les nouveaux pilotes de drones. Noordzee Drones a form\u00e9 de nombreuses entreprises, mais \u00e9galement plusieurs services de police ou les pompiers, et vous pouvez d\u00e9sormais \u00e9galement b\u00e9n\u00e9ficier de leur expertise ! Avec cette formation en ligne de pilote de drone, vous pouvez obtenir le certificat de pilote A1\/A3 et A2 dans le confort de votre foyer. Faites vos premiers pas de pilote de drone avec la formation la plus compl\u00e8te, et plein de trucs et astuces !<\/p>\n<p>Ce cours vid\u00e9o en ligne avec jusqu'\u00e0 8 heures de contenu r\u00e9pond aux questions les plus fr\u00e9quemment pos\u00e9es sur les drones, donne des trucs et astuces et couvre tous les aspects n\u00e9cessaires pour piloter un drone l\u00e9galement et en toute s\u00e9curit\u00e9 ! Ce cours s'adresse aux personnes qui souhaitent obtenir leur certificat en une seule fois dans les cat\u00e9gories Open A1, A2 et A3.<\/p>\n<p>Le cours reprend les contenus suivants :<br \/>- M\u00e9t\u00e9orologie<br \/>- R\u00e9glementation a\u00e9ronautique europ\u00e9enne<br \/>- Technologie du drone<br \/>- Prestations de vol<br \/>- Vie priv\u00e9e \/ RGPD<br \/>- Principes de vol<br \/>- Proc\u00e9dures op\u00e9rationnelles<br \/>- M\u00e9t\u00e9o avanc\u00e9e<br \/>- Technologie avanc\u00e9e<br \/>- R\u00e9glementation Open A2<\/p>\n<p><strong>Comment \u00e7a marche ?<\/strong><br \/>Avec le ch\u00e8que formation North Sea Drones A1\/A3 et A2, vous apprenez \u00e0 voler en toute s\u00e9curit\u00e9 avec votre drone dans toutes les classes de la cat\u00e9gorie Open. Le bon contient un code unique qui vous donne acc\u00e8s au portail de formation en ligne. Dans le module de formation vous trouverez 8 heures de contenu vid\u00e9o et un syllabus num\u00e9rique dans lequel toutes les informations des vid\u00e9os se retrouvent.<\/p>\n<p>Apr\u00e8s avoir \u00e9tudi\u00e9 tout le contenu mis \u00e0 disposition, vous serez bien pr\u00e9par\u00e9 pour l'examen ! D\u00e8s que vous aurez r\u00e9ussi l'examen, vous recevrez une licence de pilote pour les Open A1\/A3 et A2 et vous pourrez voler dans la cat\u00e9gorie Open !<\/p>\n<p><strong>Les drones, c'est bien ! Volez en toute s\u00e9curit\u00e9.<\/strong><\/p>","protected":false},"excerpt":{"rendered":"<ul>\n<li>Licence de pilote Drones Mer du Nord A1\/A3 &amp; A2<\/li>\n<li>Num\u00e9rique<\/li>\n<li>Valable dans toute l'Europe<\/li>\n<\/ul>","protected":false},"featured_media":6056,"template":"","meta":{"_acf_changed":false},"product_brand":[],"product_cat":[1183,97],"product_tag":[],"class_list":{"0":"post-6057","1":"product","2":"type-product","3":"status-publish","4":"has-post-thumbnail","6":"product_cat-alle-cursussen","7":"product_cat-alle-producten","8":"product_shipping_class-outofstock","9":"pa_brand-noordzee","10":"pa_productfamily-opleiding","11":"pa_producttype-opleiding","12":"pa_series-noordzee-drones-voucher","14":"first","15":"outofstock","16":"taxable","17":"shipping-taxable","18":"product-type-simple"},"acf":[],"yoast_head":"<!-- This site is optimized with the Yoast SEO Premium plugin v27.2 (Yoast SEO v27.2) - https:\/\/yoast.com\/product\/yoast-seo-premium-wordpress\/ -->\n<title>Noordzee Drones Voucher A1\/A3 &amp; A2 - FR - koningdrone.be<\/title>\n<meta name=\"robots\" content=\"index, follow, max-snippet:-1, max-image-preview:large, max-video-preview:-1\" \/>\n<link rel=\"canonical\" href=\"https:\/\/koningdrone.be\/fr\/produit\/noordzee-drones-voucher-a1-a3-a2-fr\/\" \/>\n<meta property=\"og:locale\" content=\"fr_FR\" \/>\n<meta property=\"og:type\" content=\"article\" \/>\n<meta property=\"og:title\" content=\"Noordzee Drones Voucher A1\/A3 &amp; A2 - FR\" \/>\n<meta property=\"og:description\" content=\"Licence de pilote Drones Mer du Nord A1\/A3 &amp; A2  Num\u00e9rique  Valable dans toute l&#039;Europe\" \/>\n<meta property=\"og:url\" content=\"https:\/\/koningdrone.be\/fr\/produit\/noordzee-drones-voucher-a1-a3-a2-fr\/\" \/>\n<meta property=\"og:site_name\" content=\"koningdrone.be\" \/>\n<meta property=\"article:modified_time\" content=\"2026-04-29T03:50:59+00:00\" \/>\n<meta property=\"og:image\" content=\"https:\/\/koningdrone.be\/wp-content\/uploads\/sites\/13\/2025\/04\/pos-dji-a1a2a3-fr-1.jpg\" \/>\n\t<meta property=\"og:image:width\" content=\"600\" \/>\n\t<meta property=\"og:image:height\" content=\"423\" \/>\n\t<meta property=\"og:image:type\" content=\"image\/jpeg\" \/>\n<meta name=\"twitter:card\" content=\"summary_large_image\" \/>\n<meta name=\"twitter:label1\" content=\"Dur\u00e9e de lecture est.\" \/>\n\t<meta name=\"twitter:data1\" content=\"2 minutes\" \/>\n<script type=\"application\/ld+json\" class=\"yoast-schema-graph\">{\"@context\":\"https:\/\/schema.org\",\"@graph\":[{\"@type\":\"WebPage\",\"@id\":\"https:\/\/koningdrone.be\/product\/noordzee-drones-voucher-a1-a3-a2-fr\/\",\"url\":\"https:\/\/koningdrone.be\/product\/noordzee-drones-voucher-a1-a3-a2-fr\/\",\"name\":\"Noordzee Drones Voucher A1\/A3 &amp; A2 - FR - koningdrone.be\",\"isPartOf\":{\"@id\":\"https:\/\/koningdrone.be\/#website\"},\"primaryImageOfPage\":{\"@id\":\"https:\/\/koningdrone.be\/product\/noordzee-drones-voucher-a1-a3-a2-fr\/#primaryimage\"},\"image\":{\"@id\":\"https:\/\/koningdrone.be\/product\/noordzee-drones-voucher-a1-a3-a2-fr\/#primaryimage\"},\"thumbnailUrl\":\"https:\/\/koningdrone.be\/wp-content\/uploads\/sites\/13\/2025\/04\/pos-dji-a1a2a3-fr-1.jpg\",\"datePublished\":\"2021-12-17T11:54:42+00:00\",\"dateModified\":\"2026-04-29T03:50:59+00:00\",\"breadcrumb\":{\"@id\":\"https:\/\/koningdrone.be\/product\/noordzee-drones-voucher-a1-a3-a2-fr\/#breadcrumb\"},\"inLanguage\":\"fr-BE\",\"potentialAction\":[{\"@type\":\"ReadAction\",\"target\":[\"https:\/\/koningdrone.be\/product\/noordzee-drones-voucher-a1-a3-a2-fr\/\"]}]},{\"@type\":\"ImageObject\",\"inLanguage\":\"fr-BE\",\"@id\":\"https:\/\/koningdrone.be\/product\/noordzee-drones-voucher-a1-a3-a2-fr\/#primaryimage\",\"url\":\"https:\/\/koningdrone.be\/wp-content\/uploads\/sites\/13\/2025\/04\/pos-dji-a1a2a3-fr-1.jpg\",\"contentUrl\":\"https:\/\/koningdrone.be\/wp-content\/uploads\/sites\/13\/2025\/04\/pos-dji-a1a2a3-fr-1.jpg\",\"width\":600,\"height\":423},{\"@type\":\"BreadcrumbList\",\"@id\":\"https:\/\/koningdrone.be\/product\/noordzee-drones-voucher-a1-a3-a2-fr\/#breadcrumb\",\"itemListElement\":[{\"@type\":\"ListItem\",\"position\":1,\"name\":\"Home\",\"item\":\"https:\/\/koningdrone.be\/\"},{\"@type\":\"ListItem\",\"position\":2,\"name\":\"AVSS Parachute Recovery System for DJI Matrice 300\/350\",\"item\":\"https:\/\/koningdrone.be\/product\/avss-parachute-recovery-system-for-dji-matrice-300-350\/\"},{\"@type\":\"ListItem\",\"position\":3,\"name\":\"Alle cursussen\",\"item\":\"https:\/\/koningdrone.be\/categorie\/alle-cursussen\/\"},{\"@type\":\"ListItem\",\"position\":4,\"name\":\"Noordzee Drones Voucher A1\/A3 &amp; A2 &#8211; FR\"}]},{\"@type\":\"WebSite\",\"@id\":\"https:\/\/koningdrone.be\/#website\",\"url\":\"https:\/\/koningdrone.be\/\",\"name\":\"Koningdrone.be - Uw online specialist in drones, gimbals, camera's en power stations.\",\"description\":\"De webshop in drones en gimbals\",\"publisher\":{\"@id\":\"https:\/\/koningdrone.be\/#organization\"},\"potentialAction\":[{\"@type\":\"SearchAction\",\"target\":{\"@type\":\"EntryPoint\",\"urlTemplate\":\"https:\/\/koningdrone.be\/?s={search_term_string}\"},\"query-input\":{\"@type\":\"PropertyValueSpecification\",\"valueRequired\":true,\"valueName\":\"search_term_string\"}}],\"inLanguage\":\"fr-BE\"},{\"@type\":\"Organization\",\"@id\":\"https:\/\/koningdrone.be\/#organization\",\"name\":\"Koningdrone.be\",\"url\":\"https:\/\/koningdrone.be\/\",\"logo\":{\"@type\":\"ImageObject\",\"inLanguage\":\"fr-BE\",\"@id\":\"https:\/\/koningdrone.be\/#\/schema\/logo\/image\/\",\"url\":\"https:\/\/koningdrone.be\/wp-content\/uploads\/sites\/13\/2025\/04\/koningdrone-copyright-logo.svg\",\"contentUrl\":\"https:\/\/koningdrone.be\/wp-content\/uploads\/sites\/13\/2025\/04\/koningdrone-copyright-logo.svg\",\"width\":227,\"height\":38,\"caption\":\"Koningdrone.be\"},\"image\":{\"@id\":\"https:\/\/koningdrone.be\/#\/schema\/logo\/image\/\"}}]}<\/script>\n<!-- \/ Yoast SEO Premium plugin. -->","yoast_head_json":{"title":"Noordzee Drones Voucher A1\/A3 &amp; A2 - FR - koningdrone.be","robots":{"index":"index","follow":"follow","max-snippet":"max-snippet:-1","max-image-preview":"max-image-preview:large","max-video-preview":"max-video-preview:-1"},"canonical":"https:\/\/koningdrone.be\/fr\/produit\/noordzee-drones-voucher-a1-a3-a2-fr\/","og_locale":"fr_FR","og_type":"article","og_title":"Noordzee Drones Voucher A1\/A3 &amp; A2 - FR","og_description":"Licence de pilote Drones Mer du Nord A1\/A3 &amp; A2  Num\u00e9rique  Valable dans toute l'Europe","og_url":"https:\/\/koningdrone.be\/fr\/produit\/noordzee-drones-voucher-a1-a3-a2-fr\/","og_site_name":"koningdrone.be","article_modified_time":"2026-04-29T03:50:59+00:00","og_image":[{"width":600,"height":423,"url":"https:\/\/koningdrone.be\/wp-content\/uploads\/sites\/13\/2025\/04\/pos-dji-a1a2a3-fr-1.jpg","type":"image\/jpeg"}],"twitter_card":"summary_large_image","twitter_misc":{"Dur\u00e9e de lecture est.":"2 minutes"},"schema":{"@context":"https:\/\/schema.org","@graph":[{"@type":"WebPage","@id":"https:\/\/koningdrone.be\/product\/noordzee-drones-voucher-a1-a3-a2-fr\/","url":"https:\/\/koningdrone.be\/product\/noordzee-drones-voucher-a1-a3-a2-fr\/","name":"Noordzee Drones Voucher A1\/A3 &amp; A2 - FR - koningdrone.be","isPartOf":{"@id":"https:\/\/koningdrone.be\/#website"},"primaryImageOfPage":{"@id":"https:\/\/koningdrone.be\/product\/noordzee-drones-voucher-a1-a3-a2-fr\/#primaryimage"},"image":{"@id":"https:\/\/koningdrone.be\/product\/noordzee-drones-voucher-a1-a3-a2-fr\/#primaryimage"},"thumbnailUrl":"https:\/\/koningdrone.be\/wp-content\/uploads\/sites\/13\/2025\/04\/pos-dji-a1a2a3-fr-1.jpg","datePublished":"2021-12-17T11:54:42+00:00","dateModified":"2026-04-29T03:50:59+00:00","breadcrumb":{"@id":"https:\/\/koningdrone.be\/product\/noordzee-drones-voucher-a1-a3-a2-fr\/#breadcrumb"},"inLanguage":"fr-BE","potentialAction":[{"@type":"ReadAction","target":["https:\/\/koningdrone.be\/product\/noordzee-drones-voucher-a1-a3-a2-fr\/"]}]},{"@type":"ImageObject","inLanguage":"fr-BE","@id":"https:\/\/koningdrone.be\/product\/noordzee-drones-voucher-a1-a3-a2-fr\/#primaryimage","url":"https:\/\/koningdrone.be\/wp-content\/uploads\/sites\/13\/2025\/04\/pos-dji-a1a2a3-fr-1.jpg","contentUrl":"https:\/\/koningdrone.be\/wp-content\/uploads\/sites\/13\/2025\/04\/pos-dji-a1a2a3-fr-1.jpg","width":600,"height":423},{"@type":"BreadcrumbList","@id":"https:\/\/koningdrone.be\/product\/noordzee-drones-voucher-a1-a3-a2-fr\/#breadcrumb","itemListElement":[{"@type":"ListItem","position":1,"name":"Home","item":"https:\/\/koningdrone.be\/"},{"@type":"ListItem","position":2,"name":"AVSS Parachute Recovery System for DJI Matrice 300\/350","item":"https:\/\/koningdrone.be\/product\/avss-parachute-recovery-system-for-dji-matrice-300-350\/"},{"@type":"ListItem","position":3,"name":"Alle cursussen","item":"https:\/\/koningdrone.be\/categorie\/alle-cursussen\/"},{"@type":"ListItem","position":4,"name":"Noordzee Drones Voucher A1\/A3 &amp; A2 &#8211; FR"}]},{"@type":"WebSite","@id":"https:\/\/koningdrone.be\/#website","url":"https:\/\/koningdrone.be\/","name":"Koningdrone.be - Votre sp\u00e9cialiste en ligne en mati\u00e8re de drones, de cardans, de cam\u00e9ras et de centrales \u00e9lectriques.","description":"La boutique en ligne de drones et de cardans","publisher":{"@id":"https:\/\/koningdrone.be\/#organization"},"potentialAction":[{"@type":"SearchAction","target":{"@type":"EntryPoint","urlTemplate":"https:\/\/koningdrone.be\/?s={search_term_string}"},"query-input":{"@type":"PropertyValueSpecification","valueRequired":true,"valueName":"search_term_string"}}],"inLanguage":"fr-BE"},{"@type":"Organization","@id":"https:\/\/koningdrone.be\/#organization","name":"Kingdrone.co.uk","url":"https:\/\/koningdrone.be\/","logo":{"@type":"ImageObject","inLanguage":"fr-BE","@id":"https:\/\/koningdrone.be\/#\/schema\/logo\/image\/","url":"https:\/\/koningdrone.be\/wp-content\/uploads\/sites\/13\/2025\/04\/koningdrone-copyright-logo.svg","contentUrl":"https:\/\/koningdrone.be\/wp-content\/uploads\/sites\/13\/2025\/04\/koningdrone-copyright-logo.svg","width":227,"height":38,"caption":"Koningdrone.be"},"image":{"@id":"https:\/\/koningdrone.be\/#\/schema\/logo\/image\/"}}]}},"df_price":"","df_sale_price":"","df_regular_price":"","df_image_link":"https:\/\/koningdrone.be\/wp-content\/uploads\/sites\/13\/2025\/04\/pos-dji-a1a2a3-fr-1-300x212.jpg","_links":{"self":[{"href":"https:\/\/koningdrone.be\/fr\/wp-json\/wp\/v2\/product\/6057","targetHints":{"allow":["GET"]}}],"collection":[{"href":"https:\/\/koningdrone.be\/fr\/wp-json\/wp\/v2\/product"}],"about":[{"href":"https:\/\/koningdrone.be\/fr\/wp-json\/wp\/v2\/types\/product"}],"wp:featuredmedia":[{"embeddable":true,"href":"https:\/\/koningdrone.be\/fr\/wp-json\/wp\/v2\/media\/6056"}],"wp:attachment":[{"href":"https:\/\/koningdrone.be\/fr\/wp-json\/wp\/v2\/media?parent=6057"}],"wp:term":[{"taxonomy":"product_brand","embeddable":true,"href":"https:\/\/koningdrone.be\/fr\/wp-json\/wp\/v2\/product_brand?post=6057"},{"taxonomy":"product_cat","embeddable":true,"href":"https:\/\/koningdrone.be\/fr\/wp-json\/wp\/v2\/product_cat?post=6057"},{"taxonomy":"product_tag","embeddable":true,"href":"https:\/\/koningdrone.be\/fr\/wp-json\/wp\/v2\/product_tag?post=6057"}],"curies":[{"name":"wp","href":"https:\/\/api.w.org\/{rel}","templated":true}]}}