{"id":6055,"date":"2022-01-21T09:36:45","date_gmt":"2022-01-21T08:36:45","guid":{"rendered":"https:\/\/koningdrone.nl\/kon\/product\/ecoflow-delta-pro\/"},"modified":"2026-04-29T16:30:46","modified_gmt":"2026-04-29T14:30:46","slug":"ecoflow-delta-pro","status":"publish","type":"product","link":"https:\/\/koningdrone.be\/fr\/produit\/ecoflow-delta-pro\/","title":{"rendered":"Ecoflow DELTA PRO"},"content":{"rendered":"<p>L'EcoFlow DELTA Pro est une batterie domestique portable d'une capacit\u00e9 de 3,6 kWh, extensible jusqu'\u00e0 25 kWh. Le Smart Home Panel permet de connecter cette batterie directement au r\u00e9seau \u00e9lectrique de la maison. Il s'agit donc d'une source d'\u00e9nergie id\u00e9ale pour la maison.<\/p>\n<p><strong>Puissance et performance<\/strong><\/p>\n<p>Avec une puissance de 3600 W, le DELTA Pro d\u00e9finit la norme de performance en mati\u00e8re de courant alternatif dans l'industrie. Il peut alimenter des appareils gourmands en \u00e9nergie tels que les s\u00e8che-linge, les climatiseurs et bien plus encore. En utilisant deux unit\u00e9s avec le Smart Home Panel, il est m\u00eame possible d'atteindre une puissance de sortie extra \u00e9lev\u00e9e de 7200W.<\/p>\n<p><strong>Possibilit\u00e9s d'extension et de chargement<\/strong><\/p>\n<p>Le DELTA Pro peut \u00eatre compl\u00e9t\u00e9 par des batteries de rechange, des g\u00e9n\u00e9rateurs intelligents et le panneau domestique intelligent. En outre, la batterie peut \u00eatre charg\u00e9e de six mani\u00e8res diff\u00e9rentes, y compris via une station de recharge pour v\u00e9hicule \u00e9lectrique. Ainsi, une charge de 6 500 W peut \u00eatre obtenue avec la norme industrielle Multicharge.<\/p>\n<p><strong>Performance et fiabilit\u00e9<\/strong><\/p>\n<p>Avec une capacit\u00e9 de 25 kWh, le DELTA Pro offre une s\u00e9curit\u00e9 d'alimentation et une ind\u00e9pendance dans toutes les situations. Qu'il s'agisse de performances au hayon ou de pannes de courant extr\u00eames qui durent plusieurs jours, le DELTA Pro fournit de l'\u00e9nergie dans n'importe quelle situation. Avec un temps de charge de seulement 1,9 heure sur une prise standard et la possibilit\u00e9 de se recharger sur des milliers de stations EV dans le monde, le DELTA Pro offre des vitesses de charge in\u00e9gal\u00e9es et des options d'\u00e9nergie renouvelable. En outre, le DELTA Pro est \u00e9quip\u00e9 d'une toute nouvelle batterie LFP de 6500 cycles, ce qui lui permet d'\u00eatre utilis\u00e9 pendant des ann\u00e9es avant d'atteindre 50% de sa capacit\u00e9 d'origine. Avec de multiples moyens de contr\u00f4le et de surveillance, notamment l'application EcoFlow, la DELTA Pro offre un contr\u00f4le et une facilit\u00e9 d'utilisation sans pr\u00e9c\u00e9dent.<\/p>\n<p><strong>Polyvalence et applications<\/strong><\/p>\n<p>Con\u00e7ue pour \u00eatre utilis\u00e9e dans diverses situations, la DELTA Pro d'EcoFlow fournit une alimentation fiable et puissante \u00e0 la maison et ailleurs. Avec ses fonctions compl\u00e8tes, son temps de charge rapide et sa batterie longue dur\u00e9e, la DELTA Pro offre une solution compl\u00e8te pour les besoins en \u00e9lectricit\u00e9.<\/p>\n<p><\/p>","protected":false},"excerpt":{"rendered":"<ul>\n<li>Capacit\u00e9 extensible<\/li>\n<li>Alimente presque tout (puissance de 3600W-7200W)<\/li>\n<li>Chargement le plus rapide au monde (MultiCharge 6500W)<\/li>\n<li>int\u00e9gration \u00e0 domicile<\/li>\n<\/ul>","protected":false},"featured_media":6050,"template":"","meta":{"_acf_changed":false},"product_brand":[],"product_cat":[454,97,245,276,415],"product_tag":[],"class_list":{"0":"post-6055","1":"product","2":"type-product","3":"status-publish","4":"has-post-thumbnail","6":"product_cat-alle-powerstations","7":"product_cat-alle-producten","8":"product_cat-ecoflow","9":"product_cat-ecoflow-powerstations","10":"product_cat-energy","11":"product_shipping_class-outofstock","12":"pa_afmetingen-635-x-284-x-42cm","13":"pa_brand-ecoflow","14":"pa_capaciteit-3600-wh-lifepo4","15":"pa_gewicht-45-kg","16":"pa_input-dc-netstroom-adapter-2900w_x000d_-ev-adapter-3000w_x000d_-zonnepaneel-xt60-poort-1600w-11-150-v-max-15-a","17":"pa_materiaal-kunststof","18":"pa_oplaadtijd-via-ac-1-9-uur","19":"pa_output-230-v-4-x-ac-230-v-eu-schuko_x000d_-totaal-max-3600-w-continuvermogen_x000d_-totaal-max-7200-w-piek-vermogen","20":"pa_output-dc-1-x-12-v-car-port-12-6v-10a_x000d_-1-x-anderson-port-12-6v-30a_x000d_-2-x-dc5521-output-12-6v-dc-3a-38w-max","21":"pa_output-usb-2-x-usb-a-5v-2-4a-12w-max_x000d_-2-x-usb-a-fast-charge-5v-2-4a-9v-2a-12v-1-5a-18w-max_x000d_-2-x-usb-c-port-5-9-12-15-20v-5a-100w-max","22":"pa_productfamily-power-station","23":"pa_producttype-power-station","24":"pa_series-delta-pro","25":"pa_snellaadfunctie-ja","26":"pa_type-batterij-lifepo4","27":"pa_wifi-functie-ja","29":"first","30":"outofstock","31":"taxable","32":"shipping-taxable","33":"purchasable","34":"product-type-simple"},"acf":[],"yoast_head":"<!-- This site is optimized with the Yoast SEO Premium plugin v27.2 (Yoast SEO v27.2) - https:\/\/yoast.com\/product\/yoast-seo-premium-wordpress\/ -->\n<title>Ecoflow DELTA PRO - koningdrone.be<\/title>\n<meta name=\"robots\" content=\"index, follow, max-snippet:-1, max-image-preview:large, max-video-preview:-1\" \/>\n<link rel=\"canonical\" href=\"https:\/\/koningdrone.be\/fr\/produit\/ecoflow-delta-pro\/\" \/>\n<meta property=\"og:locale\" content=\"fr_FR\" \/>\n<meta property=\"og:type\" content=\"article\" \/>\n<meta property=\"og:title\" content=\"Ecoflow DELTA PRO\" \/>\n<meta property=\"og:description\" content=\"Uitbreidbare capaciteitVoorziet vrijwel alles van stroom (3600W-7200W vermogen)Snelste opladen ter wereld (MultiCharge 6500W)thuis integratie\" \/>\n<meta property=\"og:url\" content=\"https:\/\/koningdrone.be\/fr\/produit\/ecoflow-delta-pro\/\" \/>\n<meta property=\"og:site_name\" content=\"koningdrone.be\" \/>\n<meta property=\"article:modified_time\" content=\"2026-04-29T14:30:46+00:00\" \/>\n<meta property=\"og:image\" content=\"https:\/\/koningdrone.be\/wp-content\/uploads\/sites\/13\/2025\/04\/665335-1.jpg\" \/>\n\t<meta property=\"og:image:width\" content=\"600\" \/>\n\t<meta property=\"og:image:height\" content=\"375\" \/>\n\t<meta property=\"og:image:type\" content=\"image\/jpeg\" \/>\n<meta name=\"twitter:card\" content=\"summary_large_image\" \/>\n<meta name=\"twitter:label1\" content=\"Dur\u00e9e de lecture est.\" \/>\n\t<meta name=\"twitter:data1\" content=\"2 minutes\" \/>\n<script type=\"application\/ld+json\" class=\"yoast-schema-graph\">{\"@context\":\"https:\/\/schema.org\",\"@graph\":[{\"@type\":\"WebPage\",\"@id\":\"https:\/\/koningdrone.be\/product\/ecoflow-delta-pro\/\",\"url\":\"https:\/\/koningdrone.be\/product\/ecoflow-delta-pro\/\",\"name\":\"Ecoflow DELTA PRO - koningdrone.be\",\"isPartOf\":{\"@id\":\"https:\/\/koningdrone.be\/#website\"},\"primaryImageOfPage\":{\"@id\":\"https:\/\/koningdrone.be\/product\/ecoflow-delta-pro\/#primaryimage\"},\"image\":{\"@id\":\"https:\/\/koningdrone.be\/product\/ecoflow-delta-pro\/#primaryimage\"},\"thumbnailUrl\":\"https:\/\/koningdrone.be\/wp-content\/uploads\/sites\/13\/2025\/04\/665335-1.jpg\",\"datePublished\":\"2022-01-21T08:36:45+00:00\",\"dateModified\":\"2026-04-29T14:30:46+00:00\",\"breadcrumb\":{\"@id\":\"https:\/\/koningdrone.be\/product\/ecoflow-delta-pro\/#breadcrumb\"},\"inLanguage\":\"fr-BE\",\"potentialAction\":[{\"@type\":\"ReadAction\",\"target\":[\"https:\/\/koningdrone.be\/product\/ecoflow-delta-pro\/\"]}]},{\"@type\":\"ImageObject\",\"inLanguage\":\"fr-BE\",\"@id\":\"https:\/\/koningdrone.be\/product\/ecoflow-delta-pro\/#primaryimage\",\"url\":\"https:\/\/koningdrone.be\/wp-content\/uploads\/sites\/13\/2025\/04\/665335-1.jpg\",\"contentUrl\":\"https:\/\/koningdrone.be\/wp-content\/uploads\/sites\/13\/2025\/04\/665335-1.jpg\",\"width\":600,\"height\":375},{\"@type\":\"BreadcrumbList\",\"@id\":\"https:\/\/koningdrone.be\/product\/ecoflow-delta-pro\/#breadcrumb\",\"itemListElement\":[{\"@type\":\"ListItem\",\"position\":1,\"name\":\"Home\",\"item\":\"https:\/\/koningdrone.be\/\"},{\"@type\":\"ListItem\",\"position\":2,\"name\":\"AVSS Parachute Recovery System for DJI Matrice 300\/350\",\"item\":\"https:\/\/koningdrone.be\/product\/avss-parachute-recovery-system-for-dji-matrice-300-350\/\"},{\"@type\":\"ListItem\",\"position\":3,\"name\":\"Alle powerstations\",\"item\":\"https:\/\/koningdrone.be\/categorie\/alle-powerstations\/\"},{\"@type\":\"ListItem\",\"position\":4,\"name\":\"Ecoflow DELTA PRO\"}]},{\"@type\":\"WebSite\",\"@id\":\"https:\/\/koningdrone.be\/#website\",\"url\":\"https:\/\/koningdrone.be\/\",\"name\":\"Koningdrone.be - Uw online specialist in drones, gimbals, camera's en power stations.\",\"description\":\"De webshop in drones en gimbals\",\"publisher\":{\"@id\":\"https:\/\/koningdrone.be\/#organization\"},\"potentialAction\":[{\"@type\":\"SearchAction\",\"target\":{\"@type\":\"EntryPoint\",\"urlTemplate\":\"https:\/\/koningdrone.be\/?s={search_term_string}\"},\"query-input\":{\"@type\":\"PropertyValueSpecification\",\"valueRequired\":true,\"valueName\":\"search_term_string\"}}],\"inLanguage\":\"fr-BE\"},{\"@type\":\"Organization\",\"@id\":\"https:\/\/koningdrone.be\/#organization\",\"name\":\"Koningdrone.be\",\"url\":\"https:\/\/koningdrone.be\/\",\"logo\":{\"@type\":\"ImageObject\",\"inLanguage\":\"fr-BE\",\"@id\":\"https:\/\/koningdrone.be\/#\/schema\/logo\/image\/\",\"url\":\"https:\/\/koningdrone.be\/wp-content\/uploads\/sites\/13\/2025\/04\/koningdrone-copyright-logo.svg\",\"contentUrl\":\"https:\/\/koningdrone.be\/wp-content\/uploads\/sites\/13\/2025\/04\/koningdrone-copyright-logo.svg\",\"width\":227,\"height\":38,\"caption\":\"Koningdrone.be\"},\"image\":{\"@id\":\"https:\/\/koningdrone.be\/#\/schema\/logo\/image\/\"}}]}<\/script>\n<!-- \/ Yoast SEO Premium plugin. -->","yoast_head_json":{"title":"Ecoflow DELTA PRO - koningdrone.be","robots":{"index":"index","follow":"follow","max-snippet":"max-snippet:-1","max-image-preview":"max-image-preview:large","max-video-preview":"max-video-preview:-1"},"canonical":"https:\/\/koningdrone.be\/fr\/produit\/ecoflow-delta-pro\/","og_locale":"fr_FR","og_type":"article","og_title":"Ecoflow DELTA PRO","og_description":"Uitbreidbare capaciteitVoorziet vrijwel alles van stroom (3600W-7200W vermogen)Snelste opladen ter wereld (MultiCharge 6500W)thuis integratie","og_url":"https:\/\/koningdrone.be\/fr\/produit\/ecoflow-delta-pro\/","og_site_name":"koningdrone.be","article_modified_time":"2026-04-29T14:30:46+00:00","og_image":[{"width":600,"height":375,"url":"https:\/\/koningdrone.be\/wp-content\/uploads\/sites\/13\/2025\/04\/665335-1.jpg","type":"image\/jpeg"}],"twitter_card":"summary_large_image","twitter_misc":{"Dur\u00e9e de lecture est.":"2 minutes"},"schema":{"@context":"https:\/\/schema.org","@graph":[{"@type":"WebPage","@id":"https:\/\/koningdrone.be\/product\/ecoflow-delta-pro\/","url":"https:\/\/koningdrone.be\/product\/ecoflow-delta-pro\/","name":"Ecoflow DELTA PRO - koningdrone.be","isPartOf":{"@id":"https:\/\/koningdrone.be\/#website"},"primaryImageOfPage":{"@id":"https:\/\/koningdrone.be\/product\/ecoflow-delta-pro\/#primaryimage"},"image":{"@id":"https:\/\/koningdrone.be\/product\/ecoflow-delta-pro\/#primaryimage"},"thumbnailUrl":"https:\/\/koningdrone.be\/wp-content\/uploads\/sites\/13\/2025\/04\/665335-1.jpg","datePublished":"2022-01-21T08:36:45+00:00","dateModified":"2026-04-29T14:30:46+00:00","breadcrumb":{"@id":"https:\/\/koningdrone.be\/product\/ecoflow-delta-pro\/#breadcrumb"},"inLanguage":"fr-BE","potentialAction":[{"@type":"ReadAction","target":["https:\/\/koningdrone.be\/product\/ecoflow-delta-pro\/"]}]},{"@type":"ImageObject","inLanguage":"fr-BE","@id":"https:\/\/koningdrone.be\/product\/ecoflow-delta-pro\/#primaryimage","url":"https:\/\/koningdrone.be\/wp-content\/uploads\/sites\/13\/2025\/04\/665335-1.jpg","contentUrl":"https:\/\/koningdrone.be\/wp-content\/uploads\/sites\/13\/2025\/04\/665335-1.jpg","width":600,"height":375},{"@type":"BreadcrumbList","@id":"https:\/\/koningdrone.be\/product\/ecoflow-delta-pro\/#breadcrumb","itemListElement":[{"@type":"ListItem","position":1,"name":"Home","item":"https:\/\/koningdrone.be\/"},{"@type":"ListItem","position":2,"name":"AVSS Parachute Recovery System for DJI Matrice 300\/350","item":"https:\/\/koningdrone.be\/product\/avss-parachute-recovery-system-for-dji-matrice-300-350\/"},{"@type":"ListItem","position":3,"name":"Alle powerstations","item":"https:\/\/koningdrone.be\/categorie\/alle-powerstations\/"},{"@type":"ListItem","position":4,"name":"Ecoflow DELTA PRO"}]},{"@type":"WebSite","@id":"https:\/\/koningdrone.be\/#website","url":"https:\/\/koningdrone.be\/","name":"Koningdrone.be - Votre sp\u00e9cialiste en ligne en mati\u00e8re de drones, de cardans, de cam\u00e9ras et de centrales \u00e9lectriques.","description":"La boutique en ligne de drones et de cardans","publisher":{"@id":"https:\/\/koningdrone.be\/#organization"},"potentialAction":[{"@type":"SearchAction","target":{"@type":"EntryPoint","urlTemplate":"https:\/\/koningdrone.be\/?s={search_term_string}"},"query-input":{"@type":"PropertyValueSpecification","valueRequired":true,"valueName":"search_term_string"}}],"inLanguage":"fr-BE"},{"@type":"Organization","@id":"https:\/\/koningdrone.be\/#organization","name":"Kingdrone.co.uk","url":"https:\/\/koningdrone.be\/","logo":{"@type":"ImageObject","inLanguage":"fr-BE","@id":"https:\/\/koningdrone.be\/#\/schema\/logo\/image\/","url":"https:\/\/koningdrone.be\/wp-content\/uploads\/sites\/13\/2025\/04\/koningdrone-copyright-logo.svg","contentUrl":"https:\/\/koningdrone.be\/wp-content\/uploads\/sites\/13\/2025\/04\/koningdrone-copyright-logo.svg","width":227,"height":38,"caption":"Koningdrone.be"},"image":{"@id":"https:\/\/koningdrone.be\/#\/schema\/logo\/image\/"}}]}},"df_price":1999,"df_sale_price":"","df_regular_price":1999,"df_image_link":"https:\/\/koningdrone.be\/wp-content\/uploads\/sites\/13\/2025\/04\/665335-1-300x188.jpg","_links":{"self":[{"href":"https:\/\/koningdrone.be\/fr\/wp-json\/wp\/v2\/product\/6055","targetHints":{"allow":["GET"]}}],"collection":[{"href":"https:\/\/koningdrone.be\/fr\/wp-json\/wp\/v2\/product"}],"about":[{"href":"https:\/\/koningdrone.be\/fr\/wp-json\/wp\/v2\/types\/product"}],"wp:featuredmedia":[{"embeddable":true,"href":"https:\/\/koningdrone.be\/fr\/wp-json\/wp\/v2\/media\/6050"}],"wp:attachment":[{"href":"https:\/\/koningdrone.be\/fr\/wp-json\/wp\/v2\/media?parent=6055"}],"wp:term":[{"taxonomy":"product_brand","embeddable":true,"href":"https:\/\/koningdrone.be\/fr\/wp-json\/wp\/v2\/product_brand?post=6055"},{"taxonomy":"product_cat","embeddable":true,"href":"https:\/\/koningdrone.be\/fr\/wp-json\/wp\/v2\/product_cat?post=6055"},{"taxonomy":"product_tag","embeddable":true,"href":"https:\/\/koningdrone.be\/fr\/wp-json\/wp\/v2\/product_tag?post=6055"}],"curies":[{"name":"wp","href":"https:\/\/api.w.org\/{rel}","templated":true}]}}