{"id":6049,"date":"2022-02-09T08:26:20","date_gmt":"2022-02-09T07:26:20","guid":{"rendered":"https:\/\/koningdrone.nl\/kon\/product\/ecoflow-delta-max-1600\/"},"modified":"2026-04-29T15:50:17","modified_gmt":"2026-04-29T13:50:17","slug":"ecoflow-delta-max-1600","status":"publish","type":"product","link":"https:\/\/koningdrone.be\/fr\/produit\/ecoflow-delta-max-1600\/","title":{"rendered":"Ecoflow DELTA Max (1600)"},"content":{"rendered":"<p>Le DELTA Max EU (1600) d'ECOFLOW est une alimentation \u00e9lectrique de secours qui alimente votre maison en cas d'urgence. Gr\u00e2ce \u00e0 ses batteries de secours intelligentes, le DELTA Max fournit jusqu'\u00e0 6 kWh d'\u00e9nergie suppl\u00e9mentaire pour alimenter votre maison en cas de besoin.<\/p>\n<p><strong>Options de chargement et puissance<\/strong> <\/p>\n<p>La batterie peut \u00eatre charg\u00e9e de 0 \u00e0 80% en une heure seulement, avec une puissance de 3600 W gr\u00e2ce \u00e0 la combinaison de la charge en courant alternatif et du g\u00e9n\u00e9rateur intelligent EcoFlow. Ainsi, m\u00eame les appareils gourmands en \u00e9nergie tels que les r\u00e9frig\u00e9rateurs et les s\u00e8che-linge peuvent \u00eatre aliment\u00e9s par X-Boost, avec une puissance allant jusqu'\u00e0 3000 W.<\/p>\n<p><strong>Compatibilit\u00e9 avec les panneaux solaires<\/strong> <\/p>\n<p>En outre, le DELTA Max peut \u00eatre connect\u00e9 \u00e0 deux panneaux solaires EcoFlow de 400 W chacun, ce qui permet un taux de charge maximum de 800 W. Vous \u00eates ainsi assur\u00e9 d'\u00eatre toujours aliment\u00e9, m\u00eame en cas d'urgence ou de coupure de courant.<\/p>\n<p><strong>Capacit\u00e9 extensible et gestion via l'application<\/strong> <\/p>\n<p>Avec une capacit\u00e9 extensible jusqu'\u00e0 6 kWh, une double charge et la possibilit\u00e9 d'alimenter vos appareils essentiels, la DELTA Max offre une solution fiable pour les situations d'urgence. De plus, elle peut \u00eatre g\u00e9r\u00e9e et surveill\u00e9e via l'appli EcoFlow, ce qui vous permet de contr\u00f4ler votre consommation d'\u00e9nergie.<\/p>\n<p><strong>Solution \u00e9nerg\u00e9tique durable<\/strong> <\/p>\n<p>Avec le DELTA Max, vous exploitez la puissance du soleil, vous fournissez une alimentation de secours gr\u00e2ce au g\u00e9n\u00e9rateur intelligent EcoFlow et vous disposez d'une solution d'alimentation portable qui vous permet de rester branch\u00e9 dans toutes les situations.<\/p>\n<p><\/p>","protected":false},"excerpt":{"rendered":"<ul>\n<li>Capacit\u00e9 de 1 612 Wh, extensible avec des batteries suppl\u00e9mentaires<\/li>\n<li>Sortie 230 volts avec une puissance de 2400 \u00e0 3400 watts<\/li>\n<li>Plusieurs connexions USB-A, charge rapide et USB-C<\/li>\n<li>Rechargeable sur secteur, panneaux solaires et chargeur de voiture<\/li>\n<li>Chargement rapide gr\u00e2ce \u00e0 X-tream, de 0-80% en 65 min et de 0-100% en 100 min<\/li>\n<\/ul>","protected":false},"featured_media":6046,"template":"","meta":{"_acf_changed":false},"product_brand":[],"product_cat":[454,97,245,276,415],"product_tag":[],"class_list":{"0":"post-6049","1":"product","2":"type-product","3":"status-publish","4":"has-post-thumbnail","6":"product_cat-alle-powerstations","7":"product_cat-alle-producten","8":"product_cat-ecoflow","9":"product_cat-ecoflow-powerstations","10":"product_cat-energy","11":"product_shipping_class-outofstock","12":"pa_afmetingen-49-7-x-24-2-x-30-5-cm","13":"pa_brand-ecoflow","14":"pa_capaciteit-1612-wh","15":"pa_gewicht-22-0-kg","16":"pa_input-dc-netstroom-poort-1600-w_x000d_-solar-port-mc4-800-w-11-100v-_x000d_-car-charger-12v-24v-dc-8a-max","17":"pa_materiaal-kunststof","18":"pa_oplaadtijd-via-ac-1-6-uur","19":"pa_output-230-v-4-x-ac-230-v-eu-schuko_x000d_-totaal-max-2000-w-continuvermogen_x000d_-totaal-max-4600-w-piek-vermogen","20":"pa_output-dc-12-v-car-port-12-6v-10a-_x000d_-2-x-dc5521-output-12-6v-dc-3a","21":"pa_output-usb-2-x-usb-a-5v-up-to-2-4a-12w-max_x000d_-2-x-fast-charge-usb-port-5v-2-4a-9v-2a-12v-1-5a_x000d_-2-x-usb-c-port-5-9-12-15-20v-5a-100w-max","22":"pa_productfamily-power-station","23":"pa_producttype-power-station","24":"pa_series-delta-max","25":"pa_snellaadfunctie-ja","26":"pa_type-batterij-lithium-ion","27":"pa_wifi-functie-ja","29":"first","30":"outofstock","31":"taxable","32":"shipping-taxable","33":"purchasable","34":"product-type-simple"},"acf":[],"yoast_head":"<!-- This site is optimized with the Yoast SEO Premium plugin v27.2 (Yoast SEO v27.2) - https:\/\/yoast.com\/product\/yoast-seo-premium-wordpress\/ -->\n<title>Ecoflow DELTA Max (1600) - koningdrone.be<\/title>\n<meta name=\"robots\" content=\"index, follow, max-snippet:-1, max-image-preview:large, max-video-preview:-1\" \/>\n<link rel=\"canonical\" href=\"https:\/\/koningdrone.be\/fr\/produit\/ecoflow-delta-max-1600\/\" \/>\n<meta property=\"og:locale\" content=\"fr_FR\" \/>\n<meta property=\"og:type\" content=\"article\" \/>\n<meta property=\"og:title\" content=\"Ecoflow DELTA Max (1600)\" \/>\n<meta property=\"og:description\" content=\"1.612Wh capaciteit, uitbreidbaar met extra accu\u2019s  230 volt output met 2400-3400 Watt vermogen  Meerdere USB-A, Fast Charge en USB-C aansluitingen  Oplaadbaar via netspanning, zonnepanelen en auto-lader  Snel opladen dankzij X-tream, van 0-80% in 65 min en 0-100% is 100 min\" \/>\n<meta property=\"og:url\" content=\"https:\/\/koningdrone.be\/fr\/produit\/ecoflow-delta-max-1600\/\" \/>\n<meta property=\"og:site_name\" content=\"koningdrone.be\" \/>\n<meta property=\"article:modified_time\" content=\"2026-04-29T13:50:17+00:00\" \/>\n<meta property=\"og:image\" content=\"https:\/\/koningdrone.be\/wp-content\/uploads\/sites\/13\/2025\/04\/4897082664710-1.jpg\" \/>\n\t<meta property=\"og:image:width\" content=\"600\" \/>\n\t<meta property=\"og:image:height\" content=\"600\" \/>\n\t<meta property=\"og:image:type\" content=\"image\/jpeg\" \/>\n<meta name=\"twitter:card\" content=\"summary_large_image\" \/>\n<meta name=\"twitter:label1\" content=\"Dur\u00e9e de lecture est.\" \/>\n\t<meta name=\"twitter:data1\" content=\"1 minute\" \/>\n<script type=\"application\/ld+json\" class=\"yoast-schema-graph\">{\"@context\":\"https:\/\/schema.org\",\"@graph\":[{\"@type\":\"WebPage\",\"@id\":\"https:\/\/koningdrone.be\/product\/ecoflow-delta-max-1600\/\",\"url\":\"https:\/\/koningdrone.be\/product\/ecoflow-delta-max-1600\/\",\"name\":\"Ecoflow DELTA Max (1600) - koningdrone.be\",\"isPartOf\":{\"@id\":\"https:\/\/koningdrone.be\/#website\"},\"primaryImageOfPage\":{\"@id\":\"https:\/\/koningdrone.be\/product\/ecoflow-delta-max-1600\/#primaryimage\"},\"image\":{\"@id\":\"https:\/\/koningdrone.be\/product\/ecoflow-delta-max-1600\/#primaryimage\"},\"thumbnailUrl\":\"https:\/\/koningdrone.be\/wp-content\/uploads\/sites\/13\/2025\/04\/4897082664710-1.jpg\",\"datePublished\":\"2022-02-09T07:26:20+00:00\",\"dateModified\":\"2026-04-29T13:50:17+00:00\",\"breadcrumb\":{\"@id\":\"https:\/\/koningdrone.be\/product\/ecoflow-delta-max-1600\/#breadcrumb\"},\"inLanguage\":\"fr-BE\",\"potentialAction\":[{\"@type\":\"ReadAction\",\"target\":[\"https:\/\/koningdrone.be\/product\/ecoflow-delta-max-1600\/\"]}]},{\"@type\":\"ImageObject\",\"inLanguage\":\"fr-BE\",\"@id\":\"https:\/\/koningdrone.be\/product\/ecoflow-delta-max-1600\/#primaryimage\",\"url\":\"https:\/\/koningdrone.be\/wp-content\/uploads\/sites\/13\/2025\/04\/4897082664710-1.jpg\",\"contentUrl\":\"https:\/\/koningdrone.be\/wp-content\/uploads\/sites\/13\/2025\/04\/4897082664710-1.jpg\",\"width\":600,\"height\":600},{\"@type\":\"BreadcrumbList\",\"@id\":\"https:\/\/koningdrone.be\/product\/ecoflow-delta-max-1600\/#breadcrumb\",\"itemListElement\":[{\"@type\":\"ListItem\",\"position\":1,\"name\":\"Home\",\"item\":\"https:\/\/koningdrone.be\/\"},{\"@type\":\"ListItem\",\"position\":2,\"name\":\"AVSS Parachute Recovery System for DJI Matrice 300\/350\",\"item\":\"https:\/\/koningdrone.be\/product\/avss-parachute-recovery-system-for-dji-matrice-300-350\/\"},{\"@type\":\"ListItem\",\"position\":3,\"name\":\"Alle powerstations\",\"item\":\"https:\/\/koningdrone.be\/categorie\/alle-powerstations\/\"},{\"@type\":\"ListItem\",\"position\":4,\"name\":\"Ecoflow DELTA Max (1600)\"}]},{\"@type\":\"WebSite\",\"@id\":\"https:\/\/koningdrone.be\/#website\",\"url\":\"https:\/\/koningdrone.be\/\",\"name\":\"Koningdrone.be - Uw online specialist in drones, gimbals, camera's en power stations.\",\"description\":\"De webshop in drones en gimbals\",\"publisher\":{\"@id\":\"https:\/\/koningdrone.be\/#organization\"},\"potentialAction\":[{\"@type\":\"SearchAction\",\"target\":{\"@type\":\"EntryPoint\",\"urlTemplate\":\"https:\/\/koningdrone.be\/?s={search_term_string}\"},\"query-input\":{\"@type\":\"PropertyValueSpecification\",\"valueRequired\":true,\"valueName\":\"search_term_string\"}}],\"inLanguage\":\"fr-BE\"},{\"@type\":\"Organization\",\"@id\":\"https:\/\/koningdrone.be\/#organization\",\"name\":\"Koningdrone.be\",\"url\":\"https:\/\/koningdrone.be\/\",\"logo\":{\"@type\":\"ImageObject\",\"inLanguage\":\"fr-BE\",\"@id\":\"https:\/\/koningdrone.be\/#\/schema\/logo\/image\/\",\"url\":\"https:\/\/koningdrone.be\/wp-content\/uploads\/sites\/13\/2025\/04\/koningdrone-copyright-logo.svg\",\"contentUrl\":\"https:\/\/koningdrone.be\/wp-content\/uploads\/sites\/13\/2025\/04\/koningdrone-copyright-logo.svg\",\"width\":227,\"height\":38,\"caption\":\"Koningdrone.be\"},\"image\":{\"@id\":\"https:\/\/koningdrone.be\/#\/schema\/logo\/image\/\"}}]}<\/script>\n<!-- \/ Yoast SEO Premium plugin. -->","yoast_head_json":{"title":"Ecoflow DELTA Max (1600) - koningdrone.be","robots":{"index":"index","follow":"follow","max-snippet":"max-snippet:-1","max-image-preview":"max-image-preview:large","max-video-preview":"max-video-preview:-1"},"canonical":"https:\/\/koningdrone.be\/fr\/produit\/ecoflow-delta-max-1600\/","og_locale":"fr_FR","og_type":"article","og_title":"Ecoflow DELTA Max (1600)","og_description":"1.612Wh capaciteit, uitbreidbaar met extra accu\u2019s  230 volt output met 2400-3400 Watt vermogen  Meerdere USB-A, Fast Charge en USB-C aansluitingen  Oplaadbaar via netspanning, zonnepanelen en auto-lader  Snel opladen dankzij X-tream, van 0-80% in 65 min en 0-100% is 100 min","og_url":"https:\/\/koningdrone.be\/fr\/produit\/ecoflow-delta-max-1600\/","og_site_name":"koningdrone.be","article_modified_time":"2026-04-29T13:50:17+00:00","og_image":[{"width":600,"height":600,"url":"https:\/\/koningdrone.be\/wp-content\/uploads\/sites\/13\/2025\/04\/4897082664710-1.jpg","type":"image\/jpeg"}],"twitter_card":"summary_large_image","twitter_misc":{"Dur\u00e9e de lecture est.":"1 minute"},"schema":{"@context":"https:\/\/schema.org","@graph":[{"@type":"WebPage","@id":"https:\/\/koningdrone.be\/product\/ecoflow-delta-max-1600\/","url":"https:\/\/koningdrone.be\/product\/ecoflow-delta-max-1600\/","name":"Ecoflow DELTA Max (1600) - koningdrone.be","isPartOf":{"@id":"https:\/\/koningdrone.be\/#website"},"primaryImageOfPage":{"@id":"https:\/\/koningdrone.be\/product\/ecoflow-delta-max-1600\/#primaryimage"},"image":{"@id":"https:\/\/koningdrone.be\/product\/ecoflow-delta-max-1600\/#primaryimage"},"thumbnailUrl":"https:\/\/koningdrone.be\/wp-content\/uploads\/sites\/13\/2025\/04\/4897082664710-1.jpg","datePublished":"2022-02-09T07:26:20+00:00","dateModified":"2026-04-29T13:50:17+00:00","breadcrumb":{"@id":"https:\/\/koningdrone.be\/product\/ecoflow-delta-max-1600\/#breadcrumb"},"inLanguage":"fr-BE","potentialAction":[{"@type":"ReadAction","target":["https:\/\/koningdrone.be\/product\/ecoflow-delta-max-1600\/"]}]},{"@type":"ImageObject","inLanguage":"fr-BE","@id":"https:\/\/koningdrone.be\/product\/ecoflow-delta-max-1600\/#primaryimage","url":"https:\/\/koningdrone.be\/wp-content\/uploads\/sites\/13\/2025\/04\/4897082664710-1.jpg","contentUrl":"https:\/\/koningdrone.be\/wp-content\/uploads\/sites\/13\/2025\/04\/4897082664710-1.jpg","width":600,"height":600},{"@type":"BreadcrumbList","@id":"https:\/\/koningdrone.be\/product\/ecoflow-delta-max-1600\/#breadcrumb","itemListElement":[{"@type":"ListItem","position":1,"name":"Home","item":"https:\/\/koningdrone.be\/"},{"@type":"ListItem","position":2,"name":"AVSS Parachute Recovery System for DJI Matrice 300\/350","item":"https:\/\/koningdrone.be\/product\/avss-parachute-recovery-system-for-dji-matrice-300-350\/"},{"@type":"ListItem","position":3,"name":"Alle powerstations","item":"https:\/\/koningdrone.be\/categorie\/alle-powerstations\/"},{"@type":"ListItem","position":4,"name":"Ecoflow DELTA Max (1600)"}]},{"@type":"WebSite","@id":"https:\/\/koningdrone.be\/#website","url":"https:\/\/koningdrone.be\/","name":"Koningdrone.be - Votre sp\u00e9cialiste en ligne en mati\u00e8re de drones, de cardans, de cam\u00e9ras et de centrales \u00e9lectriques.","description":"La boutique en ligne de drones et de cardans","publisher":{"@id":"https:\/\/koningdrone.be\/#organization"},"potentialAction":[{"@type":"SearchAction","target":{"@type":"EntryPoint","urlTemplate":"https:\/\/koningdrone.be\/?s={search_term_string}"},"query-input":{"@type":"PropertyValueSpecification","valueRequired":true,"valueName":"search_term_string"}}],"inLanguage":"fr-BE"},{"@type":"Organization","@id":"https:\/\/koningdrone.be\/#organization","name":"Kingdrone.co.uk","url":"https:\/\/koningdrone.be\/","logo":{"@type":"ImageObject","inLanguage":"fr-BE","@id":"https:\/\/koningdrone.be\/#\/schema\/logo\/image\/","url":"https:\/\/koningdrone.be\/wp-content\/uploads\/sites\/13\/2025\/04\/koningdrone-copyright-logo.svg","contentUrl":"https:\/\/koningdrone.be\/wp-content\/uploads\/sites\/13\/2025\/04\/koningdrone-copyright-logo.svg","width":227,"height":38,"caption":"Koningdrone.be"},"image":{"@id":"https:\/\/koningdrone.be\/#\/schema\/logo\/image\/"}}]}},"df_price":1299,"df_sale_price":"","df_regular_price":1299,"df_image_link":"https:\/\/koningdrone.be\/wp-content\/uploads\/sites\/13\/2025\/04\/4897082664710-1-300x300.jpg","_links":{"self":[{"href":"https:\/\/koningdrone.be\/fr\/wp-json\/wp\/v2\/product\/6049","targetHints":{"allow":["GET"]}}],"collection":[{"href":"https:\/\/koningdrone.be\/fr\/wp-json\/wp\/v2\/product"}],"about":[{"href":"https:\/\/koningdrone.be\/fr\/wp-json\/wp\/v2\/types\/product"}],"wp:featuredmedia":[{"embeddable":true,"href":"https:\/\/koningdrone.be\/fr\/wp-json\/wp\/v2\/media\/6046"}],"wp:attachment":[{"href":"https:\/\/koningdrone.be\/fr\/wp-json\/wp\/v2\/media?parent=6049"}],"wp:term":[{"taxonomy":"product_brand","embeddable":true,"href":"https:\/\/koningdrone.be\/fr\/wp-json\/wp\/v2\/product_brand?post=6049"},{"taxonomy":"product_cat","embeddable":true,"href":"https:\/\/koningdrone.be\/fr\/wp-json\/wp\/v2\/product_cat?post=6049"},{"taxonomy":"product_tag","embeddable":true,"href":"https:\/\/koningdrone.be\/fr\/wp-json\/wp\/v2\/product_tag?post=6049"}],"curies":[{"name":"wp","href":"https:\/\/api.w.org\/{rel}","templated":true}]}}