{"id":6045,"date":"2022-04-23T12:52:27","date_gmt":"2022-04-23T10:52:27","guid":{"rendered":"https:\/\/koningdrone.nl\/kon\/product\/card-dji-care-refresh-2-year-plan-dji-mavic-3\/"},"modified":"2026-04-29T10:10:03","modified_gmt":"2026-04-29T08:10:03","slug":"card-dji-care-refresh-2-year-plan-dji-mavic-3","status":"publish","type":"product","link":"https:\/\/koningdrone.be\/fr\/produit\/card-dji-care-refresh-2-year-plan-dji-mavic-3\/","title":{"rendered":"Carte DJI Care Refresh 2 ans - DJI Mavic 3"},"content":{"rendered":"<h1>   Carte DJI Care Refresh 2 ans - DJI Mavic 3 <\/h1>\n<p>Les dommages accidentels sont couverts et pour une somme modique, DJI Care Refresh (abonnement de 2 ans) vous permet de demander jusqu'\u00e0 3 appareils de remplacement dans les 24 mois. De plus, des services exclusifs sont inclus dans le plan, tels que la couverture des dommages internationaux, le service client VIP, la livraison gratuite dans les deux sens et bien plus encore. Voir les questions fr\u00e9quemment pos\u00e9es<br \/>\u00a0 <br \/><strong> Les services suivants sont inclus :<\/strong> <br \/>3 dispositifs de remplacement rapide<br \/>DJI Care Refresh offre 3 produits de remplacement dans les deux ans. En cas d'accident, il est possible de remplacer le produit pour un co\u00fbt suppl\u00e9mentaire minime. Les appareils de remplacement sont soit des produits neufs, soit des produits \u00e9quivalents \u00e0 des produits neufs en termes de performance et de fiabilit\u00e9.<br \/>\u00a0 <br \/>Couverture compl\u00e8te des dommages<br \/>Le service de remplacement couvre les dommages accidentels, les collisions et les d\u00e9g\u00e2ts des eaux.<br \/>\u00a0 <br \/>Services et assistance internationaux<br \/>Le service exclusif de garantie internationale DJI Care Refresh vous donne acc\u00e8s \u00e0 des services de remplacement et de r\u00e9paration aupr\u00e8s de tous les centres de r\u00e9paration DJI agr\u00e9\u00e9s dans le monde entier (pour les produits participants). *<br \/>\u00a0 <br \/>DJI Care Refresh n'offre actuellement qu'une couverture internationale des dommages pour les DJI OM 4 \/ DJI RS 2 \/ DJI RSC 2 \/ DJI Pocket 2. Les normes de diagnostic et les co\u00fbts de remplacement sont soumis aux directives des centres de r\u00e9paration locaux.<br \/>\u00a0 <br \/>1. Qu'est-ce que DJI Care Refresh ?<br \/>DJI Care Refresh est le service client avanc\u00e9 de DJI qui vous offre des solutions rapides, flexibles et librement s\u00e9lectionnables pour la protection contre les dommages accidentels et les accidents de vol, afin que vous puissiez utiliser votre produit DJI n'importe o\u00f9 sans souci.<br \/>Si des dommages accidentels ou des accidents de vol surviennent au cours d'une utilisation normale, vous pouvez obtenir un nouveau produit ou un nouveau produit de DJI par le biais du service d'\u00e9change.<br \/>\u00a0 <br \/>DJI Care Refresh est actuellement disponible pour deux dur\u00e9es diff\u00e9rentes, en fonction de vos besoins :<br \/>DJI Care Refresh (abonnement d'un an) : Un service de remplacement en cas de dommage accidentel ou d'accident Flyaway qui fournit jusqu'\u00e0 deux appareils de remplacement en l'espace d'un an. Le nombre d'appareils de remplacement en cas de dommage accidentel est de 2 et le nombre d'appareils de remplacement en cas d'incident est de 1.<br \/>DJI Care Refresh (abonnement de 2 ans) : un service de remplacement en cas de dommage accidentel ou d'accident de Flyaway offrant jusqu'\u00e0 trois appareils de remplacement en l'espace de deux ans. Le nombre d'appareils de remplacement est de 3 pour les dommages accidentels et de 2 pour les accidents Flyaway. Ce service<br \/>\u00a0 <br \/>Points forts et d\u00e9tails<br \/>DJI Care Refresh (2 ans) inclut jusqu'\u00e0 3 appareils de remplacement dans les 24 mois.<\/p>","protected":false},"excerpt":{"rendered":"<p>Card DJI Care Refresh 2-Year Plan &#8211; DJI Mavic 3 Onopzettelijke schade is gedekt en tegen een kleine vergoeding kun je met DJI Care Refresh (2-jarig abonnement) maximaal 3 vervangende apparaten aanvragen binnen 24 maanden. Bovendien zijn exclusieve services inbegrepen in het plan, zoals internationale schadedekking, VIP-klantenservice, gratis verzending in beide richtingen en nog veel [&hellip;]<\/p>\n","protected":false},"featured_media":6044,"template":"","meta":{"_acf_changed":false},"product_brand":[],"product_cat":[175,97,871,137],"product_tag":[],"class_list":{"0":"post-6045","1":"product","2":"type-product","3":"status-publish","4":"has-post-thumbnail","6":"product_cat-alle-care-refresh","7":"product_cat-alle-producten","8":"product_cat-dji-mavic","9":"product_cat-dji-mavic-3","10":"product_shipping_class-outofstock","11":"pa_brand-dji","12":"pa_productfamily-care-refresh","13":"pa_producttype-care-refresh","14":"pa_series-mavic-3","16":"first","17":"outofstock","18":"taxable","19":"shipping-taxable","20":"product-type-simple"},"acf":[],"yoast_head":"<!-- This site is optimized with the Yoast SEO Premium plugin v27.2 (Yoast SEO v27.2) - https:\/\/yoast.com\/product\/yoast-seo-premium-wordpress\/ -->\n<title>Card DJI Care Refresh 2-Year Plan - DJI Mavic 3 - koningdrone.be<\/title>\n<meta name=\"robots\" content=\"index, follow, max-snippet:-1, max-image-preview:large, max-video-preview:-1\" \/>\n<link rel=\"canonical\" href=\"https:\/\/koningdrone.be\/fr\/produit\/card-dji-care-refresh-2-year-plan-dji-mavic-3\/\" \/>\n<meta property=\"og:locale\" content=\"fr_FR\" \/>\n<meta property=\"og:type\" content=\"article\" \/>\n<meta property=\"og:title\" content=\"Card DJI Care Refresh 2-Year Plan - DJI Mavic 3\" \/>\n<meta property=\"og:description\" content=\"Card DJI Care Refresh 2-Year Plan &#8211; DJI Mavic 3 Onopzettelijke schade is gedekt en tegen een kleine vergoeding kun je met DJI Care Refresh (2-jarig abonnement) maximaal 3 vervangende apparaten aanvragen binnen 24 maanden. Bovendien zijn exclusieve services inbegrepen in het plan, zoals internationale schadedekking, VIP-klantenservice, gratis verzending in beide richtingen en nog veel [&hellip;]\" \/>\n<meta property=\"og:url\" content=\"https:\/\/koningdrone.be\/fr\/produit\/card-dji-care-refresh-2-year-plan-dji-mavic-3\/\" \/>\n<meta property=\"og:site_name\" content=\"koningdrone.be\" \/>\n<meta property=\"article:modified_time\" content=\"2026-04-29T08:10:03+00:00\" \/>\n<meta property=\"og:image\" content=\"https:\/\/koningdrone.be\/wp-content\/uploads\/sites\/13\/2025\/04\/6941565921444-1.jpg\" \/>\n\t<meta property=\"og:image:width\" content=\"600\" \/>\n\t<meta property=\"og:image:height\" content=\"398\" \/>\n\t<meta property=\"og:image:type\" content=\"image\/jpeg\" \/>\n<meta name=\"twitter:card\" content=\"summary_large_image\" \/>\n<meta name=\"twitter:label1\" content=\"Dur\u00e9e de lecture est.\" \/>\n\t<meta name=\"twitter:data1\" content=\"2 minutes\" \/>\n<script type=\"application\/ld+json\" class=\"yoast-schema-graph\">{\"@context\":\"https:\/\/schema.org\",\"@graph\":[{\"@type\":\"WebPage\",\"@id\":\"https:\/\/koningdrone.be\/product\/card-dji-care-refresh-2-year-plan-dji-mavic-3\/\",\"url\":\"https:\/\/koningdrone.be\/product\/card-dji-care-refresh-2-year-plan-dji-mavic-3\/\",\"name\":\"Card DJI Care Refresh 2-Year Plan - DJI Mavic 3 - koningdrone.be\",\"isPartOf\":{\"@id\":\"https:\/\/koningdrone.be\/#website\"},\"primaryImageOfPage\":{\"@id\":\"https:\/\/koningdrone.be\/product\/card-dji-care-refresh-2-year-plan-dji-mavic-3\/#primaryimage\"},\"image\":{\"@id\":\"https:\/\/koningdrone.be\/product\/card-dji-care-refresh-2-year-plan-dji-mavic-3\/#primaryimage\"},\"thumbnailUrl\":\"https:\/\/koningdrone.be\/wp-content\/uploads\/sites\/13\/2025\/04\/6941565921444-1.jpg\",\"datePublished\":\"2022-04-23T10:52:27+00:00\",\"dateModified\":\"2026-04-29T08:10:03+00:00\",\"breadcrumb\":{\"@id\":\"https:\/\/koningdrone.be\/product\/card-dji-care-refresh-2-year-plan-dji-mavic-3\/#breadcrumb\"},\"inLanguage\":\"fr-BE\",\"potentialAction\":[{\"@type\":\"ReadAction\",\"target\":[\"https:\/\/koningdrone.be\/product\/card-dji-care-refresh-2-year-plan-dji-mavic-3\/\"]}]},{\"@type\":\"ImageObject\",\"inLanguage\":\"fr-BE\",\"@id\":\"https:\/\/koningdrone.be\/product\/card-dji-care-refresh-2-year-plan-dji-mavic-3\/#primaryimage\",\"url\":\"https:\/\/koningdrone.be\/wp-content\/uploads\/sites\/13\/2025\/04\/6941565921444-1.jpg\",\"contentUrl\":\"https:\/\/koningdrone.be\/wp-content\/uploads\/sites\/13\/2025\/04\/6941565921444-1.jpg\",\"width\":600,\"height\":398},{\"@type\":\"BreadcrumbList\",\"@id\":\"https:\/\/koningdrone.be\/product\/card-dji-care-refresh-2-year-plan-dji-mavic-3\/#breadcrumb\",\"itemListElement\":[{\"@type\":\"ListItem\",\"position\":1,\"name\":\"Home\",\"item\":\"https:\/\/koningdrone.be\/\"},{\"@type\":\"ListItem\",\"position\":2,\"name\":\"AVSS Parachute Recovery System for DJI Matrice 300\/350\",\"item\":\"https:\/\/koningdrone.be\/product\/avss-parachute-recovery-system-for-dji-matrice-300-350\/\"},{\"@type\":\"ListItem\",\"position\":3,\"name\":\"Alle care refresh\",\"item\":\"https:\/\/koningdrone.be\/categorie\/alle-care-refresh\/\"},{\"@type\":\"ListItem\",\"position\":4,\"name\":\"Card DJI Care Refresh 2-Year Plan &#8211; DJI Mavic 3\"}]},{\"@type\":\"WebSite\",\"@id\":\"https:\/\/koningdrone.be\/#website\",\"url\":\"https:\/\/koningdrone.be\/\",\"name\":\"Koningdrone.be - Uw online specialist in drones, gimbals, camera's en power stations.\",\"description\":\"De webshop in drones en gimbals\",\"publisher\":{\"@id\":\"https:\/\/koningdrone.be\/#organization\"},\"potentialAction\":[{\"@type\":\"SearchAction\",\"target\":{\"@type\":\"EntryPoint\",\"urlTemplate\":\"https:\/\/koningdrone.be\/?s={search_term_string}\"},\"query-input\":{\"@type\":\"PropertyValueSpecification\",\"valueRequired\":true,\"valueName\":\"search_term_string\"}}],\"inLanguage\":\"fr-BE\"},{\"@type\":\"Organization\",\"@id\":\"https:\/\/koningdrone.be\/#organization\",\"name\":\"Koningdrone.be\",\"url\":\"https:\/\/koningdrone.be\/\",\"logo\":{\"@type\":\"ImageObject\",\"inLanguage\":\"fr-BE\",\"@id\":\"https:\/\/koningdrone.be\/#\/schema\/logo\/image\/\",\"url\":\"https:\/\/koningdrone.be\/wp-content\/uploads\/sites\/13\/2025\/04\/koningdrone-copyright-logo.svg\",\"contentUrl\":\"https:\/\/koningdrone.be\/wp-content\/uploads\/sites\/13\/2025\/04\/koningdrone-copyright-logo.svg\",\"width\":227,\"height\":38,\"caption\":\"Koningdrone.be\"},\"image\":{\"@id\":\"https:\/\/koningdrone.be\/#\/schema\/logo\/image\/\"}}]}<\/script>\n<!-- \/ Yoast SEO Premium plugin. -->","yoast_head_json":{"title":"Card DJI Care Refresh 2-Year Plan - DJI Mavic 3 - koningdrone.be","robots":{"index":"index","follow":"follow","max-snippet":"max-snippet:-1","max-image-preview":"max-image-preview:large","max-video-preview":"max-video-preview:-1"},"canonical":"https:\/\/koningdrone.be\/fr\/produit\/card-dji-care-refresh-2-year-plan-dji-mavic-3\/","og_locale":"fr_FR","og_type":"article","og_title":"Card DJI Care Refresh 2-Year Plan - DJI Mavic 3","og_description":"Card DJI Care Refresh 2-Year Plan &#8211; DJI Mavic 3 Onopzettelijke schade is gedekt en tegen een kleine vergoeding kun je met DJI Care Refresh (2-jarig abonnement) maximaal 3 vervangende apparaten aanvragen binnen 24 maanden. Bovendien zijn exclusieve services inbegrepen in het plan, zoals internationale schadedekking, VIP-klantenservice, gratis verzending in beide richtingen en nog veel [&hellip;]","og_url":"https:\/\/koningdrone.be\/fr\/produit\/card-dji-care-refresh-2-year-plan-dji-mavic-3\/","og_site_name":"koningdrone.be","article_modified_time":"2026-04-29T08:10:03+00:00","og_image":[{"width":600,"height":398,"url":"https:\/\/koningdrone.be\/wp-content\/uploads\/sites\/13\/2025\/04\/6941565921444-1.jpg","type":"image\/jpeg"}],"twitter_card":"summary_large_image","twitter_misc":{"Dur\u00e9e de lecture est.":"2 minutes"},"schema":{"@context":"https:\/\/schema.org","@graph":[{"@type":"WebPage","@id":"https:\/\/koningdrone.be\/product\/card-dji-care-refresh-2-year-plan-dji-mavic-3\/","url":"https:\/\/koningdrone.be\/product\/card-dji-care-refresh-2-year-plan-dji-mavic-3\/","name":"Card DJI Care Refresh 2-Year Plan - DJI Mavic 3 - koningdrone.be","isPartOf":{"@id":"https:\/\/koningdrone.be\/#website"},"primaryImageOfPage":{"@id":"https:\/\/koningdrone.be\/product\/card-dji-care-refresh-2-year-plan-dji-mavic-3\/#primaryimage"},"image":{"@id":"https:\/\/koningdrone.be\/product\/card-dji-care-refresh-2-year-plan-dji-mavic-3\/#primaryimage"},"thumbnailUrl":"https:\/\/koningdrone.be\/wp-content\/uploads\/sites\/13\/2025\/04\/6941565921444-1.jpg","datePublished":"2022-04-23T10:52:27+00:00","dateModified":"2026-04-29T08:10:03+00:00","breadcrumb":{"@id":"https:\/\/koningdrone.be\/product\/card-dji-care-refresh-2-year-plan-dji-mavic-3\/#breadcrumb"},"inLanguage":"fr-BE","potentialAction":[{"@type":"ReadAction","target":["https:\/\/koningdrone.be\/product\/card-dji-care-refresh-2-year-plan-dji-mavic-3\/"]}]},{"@type":"ImageObject","inLanguage":"fr-BE","@id":"https:\/\/koningdrone.be\/product\/card-dji-care-refresh-2-year-plan-dji-mavic-3\/#primaryimage","url":"https:\/\/koningdrone.be\/wp-content\/uploads\/sites\/13\/2025\/04\/6941565921444-1.jpg","contentUrl":"https:\/\/koningdrone.be\/wp-content\/uploads\/sites\/13\/2025\/04\/6941565921444-1.jpg","width":600,"height":398},{"@type":"BreadcrumbList","@id":"https:\/\/koningdrone.be\/product\/card-dji-care-refresh-2-year-plan-dji-mavic-3\/#breadcrumb","itemListElement":[{"@type":"ListItem","position":1,"name":"Home","item":"https:\/\/koningdrone.be\/"},{"@type":"ListItem","position":2,"name":"AVSS Parachute Recovery System for DJI Matrice 300\/350","item":"https:\/\/koningdrone.be\/product\/avss-parachute-recovery-system-for-dji-matrice-300-350\/"},{"@type":"ListItem","position":3,"name":"Alle care refresh","item":"https:\/\/koningdrone.be\/categorie\/alle-care-refresh\/"},{"@type":"ListItem","position":4,"name":"Card DJI Care Refresh 2-Year Plan &#8211; DJI Mavic 3"}]},{"@type":"WebSite","@id":"https:\/\/koningdrone.be\/#website","url":"https:\/\/koningdrone.be\/","name":"Koningdrone.be - Votre sp\u00e9cialiste en ligne en mati\u00e8re de drones, de cardans, de cam\u00e9ras et de centrales \u00e9lectriques.","description":"La boutique en ligne de drones et de cardans","publisher":{"@id":"https:\/\/koningdrone.be\/#organization"},"potentialAction":[{"@type":"SearchAction","target":{"@type":"EntryPoint","urlTemplate":"https:\/\/koningdrone.be\/?s={search_term_string}"},"query-input":{"@type":"PropertyValueSpecification","valueRequired":true,"valueName":"search_term_string"}}],"inLanguage":"fr-BE"},{"@type":"Organization","@id":"https:\/\/koningdrone.be\/#organization","name":"Kingdrone.co.uk","url":"https:\/\/koningdrone.be\/","logo":{"@type":"ImageObject","inLanguage":"fr-BE","@id":"https:\/\/koningdrone.be\/#\/schema\/logo\/image\/","url":"https:\/\/koningdrone.be\/wp-content\/uploads\/sites\/13\/2025\/04\/koningdrone-copyright-logo.svg","contentUrl":"https:\/\/koningdrone.be\/wp-content\/uploads\/sites\/13\/2025\/04\/koningdrone-copyright-logo.svg","width":227,"height":38,"caption":"Koningdrone.be"},"image":{"@id":"https:\/\/koningdrone.be\/#\/schema\/logo\/image\/"}}]}},"df_price":"","df_sale_price":"","df_regular_price":"","df_image_link":"https:\/\/koningdrone.be\/wp-content\/uploads\/sites\/13\/2025\/04\/6941565921444-1-300x199.jpg","_links":{"self":[{"href":"https:\/\/koningdrone.be\/fr\/wp-json\/wp\/v2\/product\/6045","targetHints":{"allow":["GET"]}}],"collection":[{"href":"https:\/\/koningdrone.be\/fr\/wp-json\/wp\/v2\/product"}],"about":[{"href":"https:\/\/koningdrone.be\/fr\/wp-json\/wp\/v2\/types\/product"}],"wp:featuredmedia":[{"embeddable":true,"href":"https:\/\/koningdrone.be\/fr\/wp-json\/wp\/v2\/media\/6044"}],"wp:attachment":[{"href":"https:\/\/koningdrone.be\/fr\/wp-json\/wp\/v2\/media?parent=6045"}],"wp:term":[{"taxonomy":"product_brand","embeddable":true,"href":"https:\/\/koningdrone.be\/fr\/wp-json\/wp\/v2\/product_brand?post=6045"},{"taxonomy":"product_cat","embeddable":true,"href":"https:\/\/koningdrone.be\/fr\/wp-json\/wp\/v2\/product_cat?post=6045"},{"taxonomy":"product_tag","embeddable":true,"href":"https:\/\/koningdrone.be\/fr\/wp-json\/wp\/v2\/product_tag?post=6045"}],"curies":[{"name":"wp","href":"https:\/\/api.w.org\/{rel}","templated":true}]}}