{"id":6043,"date":"2022-05-25T20:35:53","date_gmt":"2022-05-25T20:35:53","guid":{"rendered":"https:\/\/koningdrone.nl\/kon\/product\/insta360-one-x2-battery-64-gb-memory-card\/"},"modified":"2025-04-29T12:53:13","modified_gmt":"2025-04-29T12:53:13","slug":"insta360-one-x2-battery-64-gb-memory-card","status":"publish","type":"product","link":"https:\/\/koningdrone.be\/fr\/produit\/insta360-one-x2-battery-64-gb-memory-card\/","title":{"rendered":"INSTA360 ONE X2 + BATTERIE + CARTE M\u00c9MOIRE 64 GB"},"content":{"rendered":"<h1>   Insta360 ONE X2 + BATTERIE + CARTE MEMOIRE 64 GB <\/h1>\n<p>L'\u00e9quipe de la cam\u00e9ra de poche : avec un seul appareil, filmez dans toutes les directions gr\u00e2ce \u00e0 la super prise de vue \u00e0 360\u00b0 en 5,7K, puis choisissez votre angle pr\u00e9f\u00e9r\u00e9 plus tard. Ou choisissez un seul objectif avec le mode Steady Cam pour des prises de vue grand angle ultra-stables. Stabilisation FlowState : Des algorithmes de stabilisation et de nivellement de l'horizon plus performants que jamais garantissent la stabilit\u00e9 de vos prises de vue, sans avoir besoin d'un cardan. B\u00e2ton de selfie invisible : Prenez des photos avec le b\u00e2ton de selfie invisible et regardez-le dispara\u00eetre dans votre montage. Capturez des angles simples de type drone et des perspectives \u00e0 la troisi\u00e8me personne d'un simple mouvement de poignet. \u00c9tanch\u00e9it\u00e9 IPX8 : L'Insta360 ONE X2 est \u00e9tanche jusqu'\u00e0 10 m\u00e8tres. Emportez-le avec vous sous la pluie ou en surfant sans \u00e9tui.<br \/>\u00a0 <br \/>Cam\u00e9ra de poche Insta360 ONE X2 + Batterie + Carte SD 64 Go + Tr\u00e9pied + Bouchon d'objectif<\/p>","protected":false},"excerpt":{"rendered":"<ul>\n<li>abrikant : Insta360<\/li>\n<li>Num\u00e9ro de pi\u00e8ce du fabricant : CINPSXX\/A<\/li>\n<\/ul>","protected":false},"featured_media":6039,"template":"","meta":{"_acf_changed":false},"product_brand":[],"product_cat":[113,97,343],"product_tag":[],"class_list":{"0":"post-6043","1":"product","2":"type-product","3":"status-publish","4":"has-post-thumbnail","6":"product_cat-alle-batterijen","7":"product_cat-alle-producten","8":"product_cat-insta360","9":"pa_brand-insta360","10":"pa_productfamily-batterij","11":"pa_producttype-batterij","12":"pa_series-insta360-go","14":"first","15":"outofstock","16":"taxable","17":"shipping-taxable","18":"product-type-simple"},"acf":[],"yoast_head":"<!-- This site is optimized with the Yoast SEO Premium plugin v27.2 (Yoast SEO v27.2) - https:\/\/yoast.com\/product\/yoast-seo-premium-wordpress\/ -->\n<title>INSTA360 ONE X2 + BATTERY + 64 GB MEMORY CARD - koningdrone.be<\/title>\n<meta name=\"robots\" content=\"index, follow, max-snippet:-1, max-image-preview:large, max-video-preview:-1\" \/>\n<link rel=\"canonical\" href=\"https:\/\/koningdrone.be\/fr\/produit\/insta360-one-x2-battery-64-gb-memory-card\/\" \/>\n<meta property=\"og:locale\" content=\"fr_FR\" \/>\n<meta property=\"og:type\" content=\"article\" \/>\n<meta property=\"og:title\" content=\"INSTA360 ONE X2 + BATTERY + 64 GB MEMORY CARD\" \/>\n<meta property=\"og:description\" content=\"abrikant: Insta360Onderdeelnummer fabrikant: CINPSXX\/A\" \/>\n<meta property=\"og:url\" content=\"https:\/\/koningdrone.be\/fr\/produit\/insta360-one-x2-battery-64-gb-memory-card\/\" \/>\n<meta property=\"og:site_name\" content=\"koningdrone.be\" \/>\n<meta property=\"article:modified_time\" content=\"2025-04-29T12:53:13+00:00\" \/>\n<meta property=\"og:image\" content=\"https:\/\/koningdrone.be\/wp-content\/uploads\/sites\/13\/2025\/04\/6970357851805_combo-1.jpg\" \/>\n\t<meta property=\"og:image:width\" content=\"600\" \/>\n\t<meta property=\"og:image:height\" content=\"600\" \/>\n\t<meta property=\"og:image:type\" content=\"image\/jpeg\" \/>\n<meta name=\"twitter:card\" content=\"summary_large_image\" \/>\n<meta name=\"twitter:label1\" content=\"Dur\u00e9e de lecture est.\" \/>\n\t<meta name=\"twitter:data1\" content=\"1 minute\" \/>\n<script type=\"application\/ld+json\" class=\"yoast-schema-graph\">{\"@context\":\"https:\/\/schema.org\",\"@graph\":[{\"@type\":\"WebPage\",\"@id\":\"https:\/\/koningdrone.be\/en\/product\/insta360-one-x2-battery-64-gb-memory-card\/\",\"url\":\"https:\/\/koningdrone.be\/en\/product\/insta360-one-x2-battery-64-gb-memory-card\/\",\"name\":\"INSTA360 ONE X2 + BATTERY + 64 GB MEMORY CARD - koningdrone.be\",\"isPartOf\":{\"@id\":\"https:\/\/koningdrone.be\/#website\"},\"primaryImageOfPage\":{\"@id\":\"https:\/\/koningdrone.be\/en\/product\/insta360-one-x2-battery-64-gb-memory-card\/#primaryimage\"},\"image\":{\"@id\":\"https:\/\/koningdrone.be\/en\/product\/insta360-one-x2-battery-64-gb-memory-card\/#primaryimage\"},\"thumbnailUrl\":\"https:\/\/koningdrone.be\/wp-content\/uploads\/sites\/13\/2025\/04\/6970357851805_combo-1.jpg\",\"datePublished\":\"2022-05-25T20:35:53+00:00\",\"dateModified\":\"2025-04-29T12:53:13+00:00\",\"breadcrumb\":{\"@id\":\"https:\/\/koningdrone.be\/en\/product\/insta360-one-x2-battery-64-gb-memory-card\/#breadcrumb\"},\"inLanguage\":\"fr-BE\",\"potentialAction\":[{\"@type\":\"ReadAction\",\"target\":[\"https:\/\/koningdrone.be\/en\/product\/insta360-one-x2-battery-64-gb-memory-card\/\"]}]},{\"@type\":\"ImageObject\",\"inLanguage\":\"fr-BE\",\"@id\":\"https:\/\/koningdrone.be\/en\/product\/insta360-one-x2-battery-64-gb-memory-card\/#primaryimage\",\"url\":\"https:\/\/koningdrone.be\/wp-content\/uploads\/sites\/13\/2025\/04\/6970357851805_combo-1.jpg\",\"contentUrl\":\"https:\/\/koningdrone.be\/wp-content\/uploads\/sites\/13\/2025\/04\/6970357851805_combo-1.jpg\",\"width\":600,\"height\":600},{\"@type\":\"BreadcrumbList\",\"@id\":\"https:\/\/koningdrone.be\/en\/product\/insta360-one-x2-battery-64-gb-memory-card\/#breadcrumb\",\"itemListElement\":[{\"@type\":\"ListItem\",\"position\":1,\"name\":\"Home\",\"item\":\"https:\/\/koningdrone.be\/\"},{\"@type\":\"ListItem\",\"position\":2,\"name\":\"AVSS Parachute Recovery System for DJI Matrice 300\/350\",\"item\":\"https:\/\/koningdrone.be\/product\/avss-parachute-recovery-system-for-dji-matrice-300-350\/\"},{\"@type\":\"ListItem\",\"position\":3,\"name\":\"Alle batterijen\",\"item\":\"https:\/\/koningdrone.be\/categorie\/alle-batterijen\/\"},{\"@type\":\"ListItem\",\"position\":4,\"name\":\"INSTA360 ONE X2 + BATTERY + 64 GB MEMORY CARD\"}]},{\"@type\":\"WebSite\",\"@id\":\"https:\/\/koningdrone.be\/#website\",\"url\":\"https:\/\/koningdrone.be\/\",\"name\":\"Koningdrone.be - Uw online specialist in drones, gimbals, camera's en power stations.\",\"description\":\"De webshop in drones en gimbals\",\"publisher\":{\"@id\":\"https:\/\/koningdrone.be\/#organization\"},\"potentialAction\":[{\"@type\":\"SearchAction\",\"target\":{\"@type\":\"EntryPoint\",\"urlTemplate\":\"https:\/\/koningdrone.be\/?s={search_term_string}\"},\"query-input\":{\"@type\":\"PropertyValueSpecification\",\"valueRequired\":true,\"valueName\":\"search_term_string\"}}],\"inLanguage\":\"fr-BE\"},{\"@type\":\"Organization\",\"@id\":\"https:\/\/koningdrone.be\/#organization\",\"name\":\"Koningdrone.be\",\"url\":\"https:\/\/koningdrone.be\/\",\"logo\":{\"@type\":\"ImageObject\",\"inLanguage\":\"fr-BE\",\"@id\":\"https:\/\/koningdrone.be\/#\/schema\/logo\/image\/\",\"url\":\"https:\/\/koningdrone.be\/wp-content\/uploads\/sites\/13\/2025\/04\/koningdrone-copyright-logo.svg\",\"contentUrl\":\"https:\/\/koningdrone.be\/wp-content\/uploads\/sites\/13\/2025\/04\/koningdrone-copyright-logo.svg\",\"width\":227,\"height\":38,\"caption\":\"Koningdrone.be\"},\"image\":{\"@id\":\"https:\/\/koningdrone.be\/#\/schema\/logo\/image\/\"}}]}<\/script>\n<!-- \/ Yoast SEO Premium plugin. -->","yoast_head_json":{"title":"INSTA360 ONE X2 + BATTERY + 64 GB MEMORY CARD - koningdrone.be","robots":{"index":"index","follow":"follow","max-snippet":"max-snippet:-1","max-image-preview":"max-image-preview:large","max-video-preview":"max-video-preview:-1"},"canonical":"https:\/\/koningdrone.be\/fr\/produit\/insta360-one-x2-battery-64-gb-memory-card\/","og_locale":"fr_FR","og_type":"article","og_title":"INSTA360 ONE X2 + BATTERY + 64 GB MEMORY CARD","og_description":"abrikant: Insta360Onderdeelnummer fabrikant: CINPSXX\/A","og_url":"https:\/\/koningdrone.be\/fr\/produit\/insta360-one-x2-battery-64-gb-memory-card\/","og_site_name":"koningdrone.be","article_modified_time":"2025-04-29T12:53:13+00:00","og_image":[{"width":600,"height":600,"url":"https:\/\/koningdrone.be\/wp-content\/uploads\/sites\/13\/2025\/04\/6970357851805_combo-1.jpg","type":"image\/jpeg"}],"twitter_card":"summary_large_image","twitter_misc":{"Dur\u00e9e de lecture est.":"1 minute"},"schema":{"@context":"https:\/\/schema.org","@graph":[{"@type":"WebPage","@id":"https:\/\/koningdrone.be\/en\/product\/insta360-one-x2-battery-64-gb-memory-card\/","url":"https:\/\/koningdrone.be\/en\/product\/insta360-one-x2-battery-64-gb-memory-card\/","name":"INSTA360 ONE X2 + BATTERY + 64 GB MEMORY CARD - koningdrone.be","isPartOf":{"@id":"https:\/\/koningdrone.be\/#website"},"primaryImageOfPage":{"@id":"https:\/\/koningdrone.be\/en\/product\/insta360-one-x2-battery-64-gb-memory-card\/#primaryimage"},"image":{"@id":"https:\/\/koningdrone.be\/en\/product\/insta360-one-x2-battery-64-gb-memory-card\/#primaryimage"},"thumbnailUrl":"https:\/\/koningdrone.be\/wp-content\/uploads\/sites\/13\/2025\/04\/6970357851805_combo-1.jpg","datePublished":"2022-05-25T20:35:53+00:00","dateModified":"2025-04-29T12:53:13+00:00","breadcrumb":{"@id":"https:\/\/koningdrone.be\/en\/product\/insta360-one-x2-battery-64-gb-memory-card\/#breadcrumb"},"inLanguage":"fr-BE","potentialAction":[{"@type":"ReadAction","target":["https:\/\/koningdrone.be\/en\/product\/insta360-one-x2-battery-64-gb-memory-card\/"]}]},{"@type":"ImageObject","inLanguage":"fr-BE","@id":"https:\/\/koningdrone.be\/en\/product\/insta360-one-x2-battery-64-gb-memory-card\/#primaryimage","url":"https:\/\/koningdrone.be\/wp-content\/uploads\/sites\/13\/2025\/04\/6970357851805_combo-1.jpg","contentUrl":"https:\/\/koningdrone.be\/wp-content\/uploads\/sites\/13\/2025\/04\/6970357851805_combo-1.jpg","width":600,"height":600},{"@type":"BreadcrumbList","@id":"https:\/\/koningdrone.be\/en\/product\/insta360-one-x2-battery-64-gb-memory-card\/#breadcrumb","itemListElement":[{"@type":"ListItem","position":1,"name":"Home","item":"https:\/\/koningdrone.be\/"},{"@type":"ListItem","position":2,"name":"AVSS Parachute Recovery System for DJI Matrice 300\/350","item":"https:\/\/koningdrone.be\/product\/avss-parachute-recovery-system-for-dji-matrice-300-350\/"},{"@type":"ListItem","position":3,"name":"Alle batterijen","item":"https:\/\/koningdrone.be\/categorie\/alle-batterijen\/"},{"@type":"ListItem","position":4,"name":"INSTA360 ONE X2 + BATTERY + 64 GB MEMORY CARD"}]},{"@type":"WebSite","@id":"https:\/\/koningdrone.be\/#website","url":"https:\/\/koningdrone.be\/","name":"Koningdrone.be - Votre sp\u00e9cialiste en ligne en mati\u00e8re de drones, de cardans, de cam\u00e9ras et de centrales \u00e9lectriques.","description":"La boutique en ligne de drones et de cardans","publisher":{"@id":"https:\/\/koningdrone.be\/#organization"},"potentialAction":[{"@type":"SearchAction","target":{"@type":"EntryPoint","urlTemplate":"https:\/\/koningdrone.be\/?s={search_term_string}"},"query-input":{"@type":"PropertyValueSpecification","valueRequired":true,"valueName":"search_term_string"}}],"inLanguage":"fr-BE"},{"@type":"Organization","@id":"https:\/\/koningdrone.be\/#organization","name":"Kingdrone.co.uk","url":"https:\/\/koningdrone.be\/","logo":{"@type":"ImageObject","inLanguage":"fr-BE","@id":"https:\/\/koningdrone.be\/#\/schema\/logo\/image\/","url":"https:\/\/koningdrone.be\/wp-content\/uploads\/sites\/13\/2025\/04\/koningdrone-copyright-logo.svg","contentUrl":"https:\/\/koningdrone.be\/wp-content\/uploads\/sites\/13\/2025\/04\/koningdrone-copyright-logo.svg","width":227,"height":38,"caption":"Koningdrone.be"},"image":{"@id":"https:\/\/koningdrone.be\/#\/schema\/logo\/image\/"}}]}},"df_price":"","df_sale_price":"","df_regular_price":"","df_image_link":"https:\/\/koningdrone.be\/wp-content\/uploads\/sites\/13\/2025\/04\/6970357851805_combo-1-300x300.jpg","_links":{"self":[{"href":"https:\/\/koningdrone.be\/fr\/wp-json\/wp\/v2\/product\/6043","targetHints":{"allow":["GET"]}}],"collection":[{"href":"https:\/\/koningdrone.be\/fr\/wp-json\/wp\/v2\/product"}],"about":[{"href":"https:\/\/koningdrone.be\/fr\/wp-json\/wp\/v2\/types\/product"}],"wp:featuredmedia":[{"embeddable":true,"href":"https:\/\/koningdrone.be\/fr\/wp-json\/wp\/v2\/media\/6039"}],"wp:attachment":[{"href":"https:\/\/koningdrone.be\/fr\/wp-json\/wp\/v2\/media?parent=6043"}],"wp:term":[{"taxonomy":"product_brand","embeddable":true,"href":"https:\/\/koningdrone.be\/fr\/wp-json\/wp\/v2\/product_brand?post=6043"},{"taxonomy":"product_cat","embeddable":true,"href":"https:\/\/koningdrone.be\/fr\/wp-json\/wp\/v2\/product_cat?post=6043"},{"taxonomy":"product_tag","embeddable":true,"href":"https:\/\/koningdrone.be\/fr\/wp-json\/wp\/v2\/product_tag?post=6043"}],"curies":[{"name":"wp","href":"https:\/\/api.w.org\/{rel}","templated":true}]}}