{"id":6035,"date":"2022-05-25T20:35:53","date_gmt":"2022-05-25T20:35:53","guid":{"rendered":"https:\/\/koningdrone.nl\/kon\/product\/insta360-one-rs-360-mod-cinorcc-a\/"},"modified":"2025-04-29T12:53:52","modified_gmt":"2025-04-29T12:53:52","slug":"insta360-one-rs-360-mod-cinorcc-a","status":"publish","type":"product","link":"https:\/\/koningdrone.be\/fr\/produit\/insta360-one-rs-360-mod-cinorcc-a\/","title":{"rendered":"INSTA360 ONE RS 360 Mod (CINORCC\/A)"},"content":{"rendered":"<h1>Insta360 ONE RS 360 Mod (CINORCC\/A)<\/h1>\n<p>Accessoire id\u00e9al pour votre syst\u00e8me de cam\u00e9ra, le module Insta360 ONE R Dual-Lens 360 capture toute l'action de vos aventures en plein air, qu'il s'agisse de natation, de patinage, de cyclisme ou de surf.<\/p>\n<p><strong>Commentaire<\/strong>: Le module Insta360 ONE R Dual - Lens 360 ne peut pas \u00eatre utilis\u00e9 seul et fait partie de la cam\u00e9ra d'action modulaire Insta360 ONE R et du syst\u00e8me vid\u00e9o 360 (non inclus).<\/p>","protected":false},"excerpt":{"rendered":"<ul>\n<li>Les objectifs ultra grand angle \u00e0 l'avant et \u00e0 l'arri\u00e8re prennent des photos simultan\u00e9es pour capturer des images nettes \u00e0 360 degr\u00e9s de vos moments pr\u00e9f\u00e9r\u00e9s.<\/li>\n<li>Gr\u00e2ce \u00e0 l'\u00e9cran tactile int\u00e9gr\u00e9, vous pouvez facilement visionner votre enregistrement sous diff\u00e9rents angles.<\/li>\n<li>Sa construction \u00e9tanche lui permet de r\u00e9sister \u00e0 une immersion dans l'eau jusqu'\u00e0 une profondeur de 5 m.<\/li>\n<li>Utilisez l'application qui l'accompagne (t\u00e9l\u00e9chargement requis) pour tirer parti de la fonction de commande vocale pour le suivi du sujet, l'\u00e9dition automatique et le cadrage hyperlapse.<\/li>\n<li>Fonctionne avec une gamme d'accessoires, notamment un selfie stick d\u00e9di\u00e9, un microphone externe et une t\u00e9l\u00e9commande intelligente d\u00e9di\u00e9e (chacun vendu s\u00e9par\u00e9ment) pour plus de polyvalence.<\/li>\n<\/ul>","protected":false},"featured_media":6032,"template":"","meta":{"_acf_changed":false},"product_brand":[],"product_cat":[97,343],"product_tag":[],"class_list":{"0":"post-6035","1":"product","2":"type-product","3":"status-publish","4":"has-post-thumbnail","6":"product_cat-alle-producten","7":"product_cat-insta360","8":"pa_brand-insta360","9":"pa_series-insta360-go","11":"first","12":"outofstock","13":"taxable","14":"shipping-taxable","15":"product-type-simple"},"acf":[],"yoast_head":"<!-- This site is optimized with the Yoast SEO Premium plugin v27.2 (Yoast SEO v27.2) - https:\/\/yoast.com\/product\/yoast-seo-premium-wordpress\/ -->\n<title>INSTA360 ONE RS 360 Mod (CINORCC\/A) - koningdrone.be<\/title>\n<meta name=\"robots\" content=\"index, follow, max-snippet:-1, max-image-preview:large, max-video-preview:-1\" \/>\n<link rel=\"canonical\" href=\"https:\/\/koningdrone.be\/fr\/produit\/insta360-one-rs-360-mod-cinorcc-a\/\" \/>\n<meta property=\"og:locale\" content=\"fr_FR\" \/>\n<meta property=\"og:type\" content=\"article\" \/>\n<meta property=\"og:title\" content=\"INSTA360 ONE RS 360 Mod (CINORCC\/A)\" \/>\n<meta property=\"og:description\" content=\"Ultragroothoeklenzen aan de voor- en achterzijde maken gelijktijdig foto&#039;s om scherpe 360-graden opnamen te maken van uw favoriete momentenDankzij het ingebouwde touchscreen kunt u uw opname gemakkelijk vanuit verschillende hoeken bekijkenWaterdichte constructie maakt het duurzaam genoeg om onderdompeling in water te weerstaan tot een diepte van maximaal 5 mGebruik samen met de bijbehorende app (download vereist) om te profiteren van de spraakgestuurde functie voor het volgen van onderwerpen, automatisch bewerken en hyperlapse-herkaderingWerkt met een reeks accessoires, waaronder een speciale selfiestick, een externe microfoon en een speciale slimme afstandsbediening (elk afzonderlijk verkrijgbaar) voor extra veelzijdigheid\" \/>\n<meta property=\"og:url\" content=\"https:\/\/koningdrone.be\/fr\/produit\/insta360-one-rs-360-mod-cinorcc-a\/\" \/>\n<meta property=\"og:site_name\" content=\"koningdrone.be\" \/>\n<meta property=\"article:modified_time\" content=\"2025-04-29T12:53:52+00:00\" \/>\n<meta property=\"og:image\" content=\"https:\/\/koningdrone.be\/wp-content\/uploads\/sites\/13\/2025\/04\/6970357851591_0-0.jpg\" \/>\n\t<meta property=\"og:image:width\" content=\"500\" \/>\n\t<meta property=\"og:image:height\" content=\"500\" \/>\n\t<meta property=\"og:image:type\" content=\"image\/jpeg\" \/>\n<meta name=\"twitter:card\" content=\"summary_large_image\" \/>\n<script type=\"application\/ld+json\" class=\"yoast-schema-graph\">{\"@context\":\"https:\/\/schema.org\",\"@graph\":[{\"@type\":\"WebPage\",\"@id\":\"https:\/\/koningdrone.be\/product\/insta360-one-rs-360-mod-cinorcc-a\/\",\"url\":\"https:\/\/koningdrone.be\/product\/insta360-one-rs-360-mod-cinorcc-a\/\",\"name\":\"INSTA360 ONE RS 360 Mod (CINORCC\/A) - koningdrone.be\",\"isPartOf\":{\"@id\":\"https:\/\/koningdrone.be\/#website\"},\"primaryImageOfPage\":{\"@id\":\"https:\/\/koningdrone.be\/product\/insta360-one-rs-360-mod-cinorcc-a\/#primaryimage\"},\"image\":{\"@id\":\"https:\/\/koningdrone.be\/product\/insta360-one-rs-360-mod-cinorcc-a\/#primaryimage\"},\"thumbnailUrl\":\"https:\/\/koningdrone.be\/wp-content\/uploads\/sites\/13\/2025\/04\/6970357851591_0-0.jpg\",\"datePublished\":\"2022-05-25T20:35:53+00:00\",\"dateModified\":\"2025-04-29T12:53:52+00:00\",\"breadcrumb\":{\"@id\":\"https:\/\/koningdrone.be\/product\/insta360-one-rs-360-mod-cinorcc-a\/#breadcrumb\"},\"inLanguage\":\"fr-BE\",\"potentialAction\":[{\"@type\":\"ReadAction\",\"target\":[\"https:\/\/koningdrone.be\/product\/insta360-one-rs-360-mod-cinorcc-a\/\"]}]},{\"@type\":\"ImageObject\",\"inLanguage\":\"fr-BE\",\"@id\":\"https:\/\/koningdrone.be\/product\/insta360-one-rs-360-mod-cinorcc-a\/#primaryimage\",\"url\":\"https:\/\/koningdrone.be\/wp-content\/uploads\/sites\/13\/2025\/04\/6970357851591_0-0.jpg\",\"contentUrl\":\"https:\/\/koningdrone.be\/wp-content\/uploads\/sites\/13\/2025\/04\/6970357851591_0-0.jpg\",\"width\":500,\"height\":500},{\"@type\":\"BreadcrumbList\",\"@id\":\"https:\/\/koningdrone.be\/product\/insta360-one-rs-360-mod-cinorcc-a\/#breadcrumb\",\"itemListElement\":[{\"@type\":\"ListItem\",\"position\":1,\"name\":\"Home\",\"item\":\"https:\/\/koningdrone.be\/\"},{\"@type\":\"ListItem\",\"position\":2,\"name\":\"AVSS Parachute Recovery System for DJI Matrice 300\/350\",\"item\":\"https:\/\/koningdrone.be\/product\/avss-parachute-recovery-system-for-dji-matrice-300-350\/\"},{\"@type\":\"ListItem\",\"position\":3,\"name\":\"Alle producten\",\"item\":\"https:\/\/koningdrone.be\/categorie\/alle-producten\/\"},{\"@type\":\"ListItem\",\"position\":4,\"name\":\"INSTA360 ONE RS 360 Mod (CINORCC\/A)\"}]},{\"@type\":\"WebSite\",\"@id\":\"https:\/\/koningdrone.be\/#website\",\"url\":\"https:\/\/koningdrone.be\/\",\"name\":\"Koningdrone.be - Uw online specialist in drones, gimbals, camera's en power stations.\",\"description\":\"De webshop in drones en gimbals\",\"publisher\":{\"@id\":\"https:\/\/koningdrone.be\/#organization\"},\"potentialAction\":[{\"@type\":\"SearchAction\",\"target\":{\"@type\":\"EntryPoint\",\"urlTemplate\":\"https:\/\/koningdrone.be\/?s={search_term_string}\"},\"query-input\":{\"@type\":\"PropertyValueSpecification\",\"valueRequired\":true,\"valueName\":\"search_term_string\"}}],\"inLanguage\":\"fr-BE\"},{\"@type\":\"Organization\",\"@id\":\"https:\/\/koningdrone.be\/#organization\",\"name\":\"Koningdrone.be\",\"url\":\"https:\/\/koningdrone.be\/\",\"logo\":{\"@type\":\"ImageObject\",\"inLanguage\":\"fr-BE\",\"@id\":\"https:\/\/koningdrone.be\/#\/schema\/logo\/image\/\",\"url\":\"https:\/\/koningdrone.be\/wp-content\/uploads\/sites\/13\/2025\/04\/koningdrone-copyright-logo.svg\",\"contentUrl\":\"https:\/\/koningdrone.be\/wp-content\/uploads\/sites\/13\/2025\/04\/koningdrone-copyright-logo.svg\",\"width\":227,\"height\":38,\"caption\":\"Koningdrone.be\"},\"image\":{\"@id\":\"https:\/\/koningdrone.be\/#\/schema\/logo\/image\/\"}}]}<\/script>\n<!-- \/ Yoast SEO Premium plugin. -->","yoast_head_json":{"title":"INSTA360 ONE RS 360 Mod (CINORCC\/A) - koningdrone.be","robots":{"index":"index","follow":"follow","max-snippet":"max-snippet:-1","max-image-preview":"max-image-preview:large","max-video-preview":"max-video-preview:-1"},"canonical":"https:\/\/koningdrone.be\/fr\/produit\/insta360-one-rs-360-mod-cinorcc-a\/","og_locale":"fr_FR","og_type":"article","og_title":"INSTA360 ONE RS 360 Mod (CINORCC\/A)","og_description":"Ultragroothoeklenzen aan de voor- en achterzijde maken gelijktijdig foto's om scherpe 360-graden opnamen te maken van uw favoriete momentenDankzij het ingebouwde touchscreen kunt u uw opname gemakkelijk vanuit verschillende hoeken bekijkenWaterdichte constructie maakt het duurzaam genoeg om onderdompeling in water te weerstaan tot een diepte van maximaal 5 mGebruik samen met de bijbehorende app (download vereist) om te profiteren van de spraakgestuurde functie voor het volgen van onderwerpen, automatisch bewerken en hyperlapse-herkaderingWerkt met een reeks accessoires, waaronder een speciale selfiestick, een externe microfoon en een speciale slimme afstandsbediening (elk afzonderlijk verkrijgbaar) voor extra veelzijdigheid","og_url":"https:\/\/koningdrone.be\/fr\/produit\/insta360-one-rs-360-mod-cinorcc-a\/","og_site_name":"koningdrone.be","article_modified_time":"2025-04-29T12:53:52+00:00","og_image":[{"width":500,"height":500,"url":"https:\/\/koningdrone.be\/wp-content\/uploads\/sites\/13\/2025\/04\/6970357851591_0-0.jpg","type":"image\/jpeg"}],"twitter_card":"summary_large_image","schema":{"@context":"https:\/\/schema.org","@graph":[{"@type":"WebPage","@id":"https:\/\/koningdrone.be\/product\/insta360-one-rs-360-mod-cinorcc-a\/","url":"https:\/\/koningdrone.be\/product\/insta360-one-rs-360-mod-cinorcc-a\/","name":"INSTA360 ONE RS 360 Mod (CINORCC\/A) - koningdrone.be","isPartOf":{"@id":"https:\/\/koningdrone.be\/#website"},"primaryImageOfPage":{"@id":"https:\/\/koningdrone.be\/product\/insta360-one-rs-360-mod-cinorcc-a\/#primaryimage"},"image":{"@id":"https:\/\/koningdrone.be\/product\/insta360-one-rs-360-mod-cinorcc-a\/#primaryimage"},"thumbnailUrl":"https:\/\/koningdrone.be\/wp-content\/uploads\/sites\/13\/2025\/04\/6970357851591_0-0.jpg","datePublished":"2022-05-25T20:35:53+00:00","dateModified":"2025-04-29T12:53:52+00:00","breadcrumb":{"@id":"https:\/\/koningdrone.be\/product\/insta360-one-rs-360-mod-cinorcc-a\/#breadcrumb"},"inLanguage":"fr-BE","potentialAction":[{"@type":"ReadAction","target":["https:\/\/koningdrone.be\/product\/insta360-one-rs-360-mod-cinorcc-a\/"]}]},{"@type":"ImageObject","inLanguage":"fr-BE","@id":"https:\/\/koningdrone.be\/product\/insta360-one-rs-360-mod-cinorcc-a\/#primaryimage","url":"https:\/\/koningdrone.be\/wp-content\/uploads\/sites\/13\/2025\/04\/6970357851591_0-0.jpg","contentUrl":"https:\/\/koningdrone.be\/wp-content\/uploads\/sites\/13\/2025\/04\/6970357851591_0-0.jpg","width":500,"height":500},{"@type":"BreadcrumbList","@id":"https:\/\/koningdrone.be\/product\/insta360-one-rs-360-mod-cinorcc-a\/#breadcrumb","itemListElement":[{"@type":"ListItem","position":1,"name":"Home","item":"https:\/\/koningdrone.be\/"},{"@type":"ListItem","position":2,"name":"AVSS Parachute Recovery System for DJI Matrice 300\/350","item":"https:\/\/koningdrone.be\/product\/avss-parachute-recovery-system-for-dji-matrice-300-350\/"},{"@type":"ListItem","position":3,"name":"Alle producten","item":"https:\/\/koningdrone.be\/categorie\/alle-producten\/"},{"@type":"ListItem","position":4,"name":"INSTA360 ONE RS 360 Mod (CINORCC\/A)"}]},{"@type":"WebSite","@id":"https:\/\/koningdrone.be\/#website","url":"https:\/\/koningdrone.be\/","name":"Koningdrone.be - Votre sp\u00e9cialiste en ligne en mati\u00e8re de drones, de cardans, de cam\u00e9ras et de centrales \u00e9lectriques.","description":"La boutique en ligne de drones et de cardans","publisher":{"@id":"https:\/\/koningdrone.be\/#organization"},"potentialAction":[{"@type":"SearchAction","target":{"@type":"EntryPoint","urlTemplate":"https:\/\/koningdrone.be\/?s={search_term_string}"},"query-input":{"@type":"PropertyValueSpecification","valueRequired":true,"valueName":"search_term_string"}}],"inLanguage":"fr-BE"},{"@type":"Organization","@id":"https:\/\/koningdrone.be\/#organization","name":"Kingdrone.co.uk","url":"https:\/\/koningdrone.be\/","logo":{"@type":"ImageObject","inLanguage":"fr-BE","@id":"https:\/\/koningdrone.be\/#\/schema\/logo\/image\/","url":"https:\/\/koningdrone.be\/wp-content\/uploads\/sites\/13\/2025\/04\/koningdrone-copyright-logo.svg","contentUrl":"https:\/\/koningdrone.be\/wp-content\/uploads\/sites\/13\/2025\/04\/koningdrone-copyright-logo.svg","width":227,"height":38,"caption":"Koningdrone.be"},"image":{"@id":"https:\/\/koningdrone.be\/#\/schema\/logo\/image\/"}}]}},"df_price":"","df_sale_price":"","df_regular_price":"","df_image_link":"https:\/\/koningdrone.be\/wp-content\/uploads\/sites\/13\/2025\/04\/6970357851591_0-0-300x300.jpg","_links":{"self":[{"href":"https:\/\/koningdrone.be\/fr\/wp-json\/wp\/v2\/product\/6035","targetHints":{"allow":["GET"]}}],"collection":[{"href":"https:\/\/koningdrone.be\/fr\/wp-json\/wp\/v2\/product"}],"about":[{"href":"https:\/\/koningdrone.be\/fr\/wp-json\/wp\/v2\/types\/product"}],"wp:featuredmedia":[{"embeddable":true,"href":"https:\/\/koningdrone.be\/fr\/wp-json\/wp\/v2\/media\/6032"}],"wp:attachment":[{"href":"https:\/\/koningdrone.be\/fr\/wp-json\/wp\/v2\/media?parent=6035"}],"wp:term":[{"taxonomy":"product_brand","embeddable":true,"href":"https:\/\/koningdrone.be\/fr\/wp-json\/wp\/v2\/product_brand?post=6035"},{"taxonomy":"product_cat","embeddable":true,"href":"https:\/\/koningdrone.be\/fr\/wp-json\/wp\/v2\/product_cat?post=6035"},{"taxonomy":"product_tag","embeddable":true,"href":"https:\/\/koningdrone.be\/fr\/wp-json\/wp\/v2\/product_tag?post=6035"}],"curies":[{"name":"wp","href":"https:\/\/api.w.org\/{rel}","templated":true}]}}