{"id":6031,"date":"2022-05-25T20:35:53","date_gmt":"2022-05-25T18:35:53","guid":{"rendered":"https:\/\/koningdrone.nl\/kon\/product\/ecoflow-mc4-solar-extension-cable-3m\/"},"modified":"2026-04-29T13:50:27","modified_gmt":"2026-04-29T11:50:27","slug":"ecoflow-mc4-solar-extension-cable-3m","status":"publish","type":"product","link":"https:\/\/koningdrone.be\/fr\/produit\/ecoflow-mc4-solar-extension-cable-3m\/","title":{"rendered":"C\u00e2ble d'extension solaire EcoFlow MC4 - 3m"},"content":{"rendered":"<p>La rallonge Ecoflow MC4 Solar de 3 m\u00e8tres est un accessoire indispensable si vous souhaitez prolonger le c\u00e2ble de vos panneaux solaires Ecoflow. Ce c\u00e2ble est adapt\u00e9 \u00e0 un usage ext\u00e9rieur et peut \u00eatre utilis\u00e9 avec tous les panneaux solaires Ecoflow.<\/p>\n<p><strong>Id\u00e9al pour l'ext\u00e9rieur<\/strong><\/p>\n<p>Le c\u00e2ble d'extension est id\u00e9al si le c\u00e2ble standard de votre panneau solaire est trop court. Par exemple, si vous souhaitez placer les panneaux solaires \u00e0 l'ext\u00e9rieur alors que la centrale \u00e9lectrique est \u00e0 l'int\u00e9rieur. Le c\u00e2ble standard d'Ecoflow ne mesure que 1,5 m\u00e8tre de long, ce qui est souvent trop court. Avec le c\u00e2ble d'extension MC4 de 3 m\u00e8tres, vous pouvez facilement r\u00e9soudre ce probl\u00e8me. Ce c\u00e2ble convient aussi bien aux panneaux solaires simples qu'aux panneaux solaires multiples, qu'ils soient connect\u00e9s en s\u00e9rie ou en parall\u00e8le.<\/p>\n<p><strong>Connecteurs universels MC4<\/strong><\/p>\n<p>Le c\u00e2ble d'extension utilise les connecteurs universels MC4 d\u00e9j\u00e0 pr\u00e9sents sur les panneaux solaires Ecoflow. La connexion du c\u00e2ble d'extension au panneau solaire est facile ; il suffit de cliquer le connecteur du c\u00e2ble d'extension dans le connecteur du panneau solaire et le tour est jou\u00e9. Deux c\u00e2bles sont inclus dans ce set, de sorte que les c\u00e2bles plus et moins peuvent \u00eatre prolong\u00e9s.<\/p>\n<p><strong>Une solution s\u00fbre pour l'ext\u00e9rieur<\/strong><\/p>\n<p>En bref, avec ce kit, vous avez tout ce qu'il faut pour ajouter une longueur de c\u00e2ble suppl\u00e9mentaire \u00e0 un panneau solaire. Ce c\u00e2ble d'extension est une solution s\u00fbre et id\u00e9ale pour une utilisation en ext\u00e9rieur.<\/p>\n<p><\/p>","protected":false},"excerpt":{"rendered":"<ul>\n<li>Convient aux panneaux solaires Ecoflow 110, 160W et 400W<\/li>\n<li>A utiliser en combinaison avec le c\u00e2ble d'extension Ecoflow MC4 vers XT60<\/li>\n<li>Convient pour la commutation en s\u00e9rie et en parall\u00e8le.<\/li>\n<li>3 m\u00e8tres de c\u00e2ble suppl\u00e9mentaire pour vos panneaux solaires Ecoflow<\/li>\n<li>Une solution s\u00fbre pour une utilisation en ext\u00e9rieur.<\/li>\n<li>Facile \u00e0 connecter gr\u00e2ce au connecteur universel MC4.<\/li>\n<\/ul>","protected":false},"featured_media":6029,"template":"","meta":{"_acf_changed":false},"product_brand":[],"product_cat":[244,97,245,276,415,198],"product_tag":[],"class_list":{"0":"post-6031","1":"product","2":"type-product","3":"status-publish","4":"has-post-thumbnail","6":"product_cat-alle-kabels","7":"product_cat-alle-producten","8":"product_cat-ecoflow","9":"product_cat-ecoflow-powerstations","10":"product_cat-energy","11":"product_cat-zonnepanelen","12":"product_shipping_class-outofstock","13":"pa_brand-ecoflow","14":"pa_productfamily-kabel","15":"pa_producttype-kabel","17":"first","18":"outofstock","19":"taxable","20":"shipping-taxable","21":"product-type-simple"},"acf":[],"yoast_head":"<!-- This site is optimized with the Yoast SEO Premium plugin v27.2 (Yoast SEO v27.2) - https:\/\/yoast.com\/product\/yoast-seo-premium-wordpress\/ -->\n<title>EcoFlow MC4 Solar Extension Cable - 3m - koningdrone.be<\/title>\n<meta name=\"robots\" content=\"index, follow, max-snippet:-1, max-image-preview:large, max-video-preview:-1\" \/>\n<link rel=\"canonical\" href=\"https:\/\/koningdrone.be\/fr\/produit\/ecoflow-mc4-solar-extension-cable-3m\/\" \/>\n<meta property=\"og:locale\" content=\"fr_FR\" \/>\n<meta property=\"og:type\" content=\"article\" \/>\n<meta property=\"og:title\" content=\"EcoFlow MC4 Solar Extension Cable - 3m\" \/>\n<meta property=\"og:description\" content=\"Geschikt voor Ecoflow 110, 160W en 400W zonnepanelenTe gebruiken in combinatie met de Ecoflow MC4 naar XT60 VerlengkabelGeschikt voor serie- en parallelschakelingen.3 meter extra kabellengte naar uw Ecoflow ZonnepanelenEen veilige oplossing voor buitengebruik.Eenvoudig aan te sluiten door de universele MC4-aansluiting.\" \/>\n<meta property=\"og:url\" content=\"https:\/\/koningdrone.be\/fr\/produit\/ecoflow-mc4-solar-extension-cable-3m\/\" \/>\n<meta property=\"og:site_name\" content=\"koningdrone.be\" \/>\n<meta property=\"article:modified_time\" content=\"2026-04-29T11:50:27+00:00\" \/>\n<meta property=\"og:image\" content=\"https:\/\/koningdrone.be\/wp-content\/uploads\/sites\/13\/2025\/04\/4897082661580-1.jpg\" \/>\n\t<meta property=\"og:image:width\" content=\"600\" \/>\n\t<meta property=\"og:image:height\" content=\"600\" \/>\n\t<meta property=\"og:image:type\" content=\"image\/jpeg\" \/>\n<meta name=\"twitter:card\" content=\"summary_large_image\" \/>\n<meta name=\"twitter:label1\" content=\"Dur\u00e9e de lecture est.\" \/>\n\t<meta name=\"twitter:data1\" content=\"1 minute\" \/>\n<script type=\"application\/ld+json\" class=\"yoast-schema-graph\">{\"@context\":\"https:\/\/schema.org\",\"@graph\":[{\"@type\":\"WebPage\",\"@id\":\"https:\/\/koningdrone.be\/product\/ecoflow-mc4-solar-extension-cable-3m\/\",\"url\":\"https:\/\/koningdrone.be\/product\/ecoflow-mc4-solar-extension-cable-3m\/\",\"name\":\"EcoFlow MC4 Solar Extension Cable - 3m - koningdrone.be\",\"isPartOf\":{\"@id\":\"https:\/\/koningdrone.be\/#website\"},\"primaryImageOfPage\":{\"@id\":\"https:\/\/koningdrone.be\/product\/ecoflow-mc4-solar-extension-cable-3m\/#primaryimage\"},\"image\":{\"@id\":\"https:\/\/koningdrone.be\/product\/ecoflow-mc4-solar-extension-cable-3m\/#primaryimage\"},\"thumbnailUrl\":\"https:\/\/koningdrone.be\/wp-content\/uploads\/sites\/13\/2025\/04\/4897082661580-1.jpg\",\"datePublished\":\"2022-05-25T18:35:53+00:00\",\"dateModified\":\"2026-04-29T11:50:27+00:00\",\"breadcrumb\":{\"@id\":\"https:\/\/koningdrone.be\/product\/ecoflow-mc4-solar-extension-cable-3m\/#breadcrumb\"},\"inLanguage\":\"fr-BE\",\"potentialAction\":[{\"@type\":\"ReadAction\",\"target\":[\"https:\/\/koningdrone.be\/product\/ecoflow-mc4-solar-extension-cable-3m\/\"]}]},{\"@type\":\"ImageObject\",\"inLanguage\":\"fr-BE\",\"@id\":\"https:\/\/koningdrone.be\/product\/ecoflow-mc4-solar-extension-cable-3m\/#primaryimage\",\"url\":\"https:\/\/koningdrone.be\/wp-content\/uploads\/sites\/13\/2025\/04\/4897082661580-1.jpg\",\"contentUrl\":\"https:\/\/koningdrone.be\/wp-content\/uploads\/sites\/13\/2025\/04\/4897082661580-1.jpg\",\"width\":600,\"height\":600},{\"@type\":\"BreadcrumbList\",\"@id\":\"https:\/\/koningdrone.be\/product\/ecoflow-mc4-solar-extension-cable-3m\/#breadcrumb\",\"itemListElement\":[{\"@type\":\"ListItem\",\"position\":1,\"name\":\"Home\",\"item\":\"https:\/\/koningdrone.be\/\"},{\"@type\":\"ListItem\",\"position\":2,\"name\":\"AVSS Parachute Recovery System for DJI Matrice 300\/350\",\"item\":\"https:\/\/koningdrone.be\/product\/avss-parachute-recovery-system-for-dji-matrice-300-350\/\"},{\"@type\":\"ListItem\",\"position\":3,\"name\":\"Alle kabels\",\"item\":\"https:\/\/koningdrone.be\/categorie\/alle-kabels\/\"},{\"@type\":\"ListItem\",\"position\":4,\"name\":\"EcoFlow MC4 Solar Extension Cable &#8211; 3m\"}]},{\"@type\":\"WebSite\",\"@id\":\"https:\/\/koningdrone.be\/#website\",\"url\":\"https:\/\/koningdrone.be\/\",\"name\":\"Koningdrone.be - Uw online specialist in drones, gimbals, camera's en power stations.\",\"description\":\"De webshop in drones en gimbals\",\"publisher\":{\"@id\":\"https:\/\/koningdrone.be\/#organization\"},\"potentialAction\":[{\"@type\":\"SearchAction\",\"target\":{\"@type\":\"EntryPoint\",\"urlTemplate\":\"https:\/\/koningdrone.be\/?s={search_term_string}\"},\"query-input\":{\"@type\":\"PropertyValueSpecification\",\"valueRequired\":true,\"valueName\":\"search_term_string\"}}],\"inLanguage\":\"fr-BE\"},{\"@type\":\"Organization\",\"@id\":\"https:\/\/koningdrone.be\/#organization\",\"name\":\"Koningdrone.be\",\"url\":\"https:\/\/koningdrone.be\/\",\"logo\":{\"@type\":\"ImageObject\",\"inLanguage\":\"fr-BE\",\"@id\":\"https:\/\/koningdrone.be\/#\/schema\/logo\/image\/\",\"url\":\"https:\/\/koningdrone.be\/wp-content\/uploads\/sites\/13\/2025\/04\/koningdrone-copyright-logo.svg\",\"contentUrl\":\"https:\/\/koningdrone.be\/wp-content\/uploads\/sites\/13\/2025\/04\/koningdrone-copyright-logo.svg\",\"width\":227,\"height\":38,\"caption\":\"Koningdrone.be\"},\"image\":{\"@id\":\"https:\/\/koningdrone.be\/#\/schema\/logo\/image\/\"}}]}<\/script>\n<!-- \/ Yoast SEO Premium plugin. -->","yoast_head_json":{"title":"EcoFlow MC4 Solar Extension Cable - 3m - koningdrone.be","robots":{"index":"index","follow":"follow","max-snippet":"max-snippet:-1","max-image-preview":"max-image-preview:large","max-video-preview":"max-video-preview:-1"},"canonical":"https:\/\/koningdrone.be\/fr\/produit\/ecoflow-mc4-solar-extension-cable-3m\/","og_locale":"fr_FR","og_type":"article","og_title":"EcoFlow MC4 Solar Extension Cable - 3m","og_description":"Geschikt voor Ecoflow 110, 160W en 400W zonnepanelenTe gebruiken in combinatie met de Ecoflow MC4 naar XT60 VerlengkabelGeschikt voor serie- en parallelschakelingen.3 meter extra kabellengte naar uw Ecoflow ZonnepanelenEen veilige oplossing voor buitengebruik.Eenvoudig aan te sluiten door de universele MC4-aansluiting.","og_url":"https:\/\/koningdrone.be\/fr\/produit\/ecoflow-mc4-solar-extension-cable-3m\/","og_site_name":"koningdrone.be","article_modified_time":"2026-04-29T11:50:27+00:00","og_image":[{"width":600,"height":600,"url":"https:\/\/koningdrone.be\/wp-content\/uploads\/sites\/13\/2025\/04\/4897082661580-1.jpg","type":"image\/jpeg"}],"twitter_card":"summary_large_image","twitter_misc":{"Dur\u00e9e de lecture est.":"1 minute"},"schema":{"@context":"https:\/\/schema.org","@graph":[{"@type":"WebPage","@id":"https:\/\/koningdrone.be\/product\/ecoflow-mc4-solar-extension-cable-3m\/","url":"https:\/\/koningdrone.be\/product\/ecoflow-mc4-solar-extension-cable-3m\/","name":"EcoFlow MC4 Solar Extension Cable - 3m - koningdrone.be","isPartOf":{"@id":"https:\/\/koningdrone.be\/#website"},"primaryImageOfPage":{"@id":"https:\/\/koningdrone.be\/product\/ecoflow-mc4-solar-extension-cable-3m\/#primaryimage"},"image":{"@id":"https:\/\/koningdrone.be\/product\/ecoflow-mc4-solar-extension-cable-3m\/#primaryimage"},"thumbnailUrl":"https:\/\/koningdrone.be\/wp-content\/uploads\/sites\/13\/2025\/04\/4897082661580-1.jpg","datePublished":"2022-05-25T18:35:53+00:00","dateModified":"2026-04-29T11:50:27+00:00","breadcrumb":{"@id":"https:\/\/koningdrone.be\/product\/ecoflow-mc4-solar-extension-cable-3m\/#breadcrumb"},"inLanguage":"fr-BE","potentialAction":[{"@type":"ReadAction","target":["https:\/\/koningdrone.be\/product\/ecoflow-mc4-solar-extension-cable-3m\/"]}]},{"@type":"ImageObject","inLanguage":"fr-BE","@id":"https:\/\/koningdrone.be\/product\/ecoflow-mc4-solar-extension-cable-3m\/#primaryimage","url":"https:\/\/koningdrone.be\/wp-content\/uploads\/sites\/13\/2025\/04\/4897082661580-1.jpg","contentUrl":"https:\/\/koningdrone.be\/wp-content\/uploads\/sites\/13\/2025\/04\/4897082661580-1.jpg","width":600,"height":600},{"@type":"BreadcrumbList","@id":"https:\/\/koningdrone.be\/product\/ecoflow-mc4-solar-extension-cable-3m\/#breadcrumb","itemListElement":[{"@type":"ListItem","position":1,"name":"Home","item":"https:\/\/koningdrone.be\/"},{"@type":"ListItem","position":2,"name":"AVSS Parachute Recovery System for DJI Matrice 300\/350","item":"https:\/\/koningdrone.be\/product\/avss-parachute-recovery-system-for-dji-matrice-300-350\/"},{"@type":"ListItem","position":3,"name":"Alle kabels","item":"https:\/\/koningdrone.be\/categorie\/alle-kabels\/"},{"@type":"ListItem","position":4,"name":"EcoFlow MC4 Solar Extension Cable &#8211; 3m"}]},{"@type":"WebSite","@id":"https:\/\/koningdrone.be\/#website","url":"https:\/\/koningdrone.be\/","name":"Koningdrone.be - Votre sp\u00e9cialiste en ligne en mati\u00e8re de drones, de cardans, de cam\u00e9ras et de centrales \u00e9lectriques.","description":"La boutique en ligne de drones et de cardans","publisher":{"@id":"https:\/\/koningdrone.be\/#organization"},"potentialAction":[{"@type":"SearchAction","target":{"@type":"EntryPoint","urlTemplate":"https:\/\/koningdrone.be\/?s={search_term_string}"},"query-input":{"@type":"PropertyValueSpecification","valueRequired":true,"valueName":"search_term_string"}}],"inLanguage":"fr-BE"},{"@type":"Organization","@id":"https:\/\/koningdrone.be\/#organization","name":"Kingdrone.co.uk","url":"https:\/\/koningdrone.be\/","logo":{"@type":"ImageObject","inLanguage":"fr-BE","@id":"https:\/\/koningdrone.be\/#\/schema\/logo\/image\/","url":"https:\/\/koningdrone.be\/wp-content\/uploads\/sites\/13\/2025\/04\/koningdrone-copyright-logo.svg","contentUrl":"https:\/\/koningdrone.be\/wp-content\/uploads\/sites\/13\/2025\/04\/koningdrone-copyright-logo.svg","width":227,"height":38,"caption":"Koningdrone.be"},"image":{"@id":"https:\/\/koningdrone.be\/#\/schema\/logo\/image\/"}}]}},"df_price":"","df_sale_price":"","df_regular_price":"","df_image_link":"https:\/\/koningdrone.be\/wp-content\/uploads\/sites\/13\/2025\/04\/4897082661580-1-300x300.jpg","_links":{"self":[{"href":"https:\/\/koningdrone.be\/fr\/wp-json\/wp\/v2\/product\/6031","targetHints":{"allow":["GET"]}}],"collection":[{"href":"https:\/\/koningdrone.be\/fr\/wp-json\/wp\/v2\/product"}],"about":[{"href":"https:\/\/koningdrone.be\/fr\/wp-json\/wp\/v2\/types\/product"}],"wp:featuredmedia":[{"embeddable":true,"href":"https:\/\/koningdrone.be\/fr\/wp-json\/wp\/v2\/media\/6029"}],"wp:attachment":[{"href":"https:\/\/koningdrone.be\/fr\/wp-json\/wp\/v2\/media?parent=6031"}],"wp:term":[{"taxonomy":"product_brand","embeddable":true,"href":"https:\/\/koningdrone.be\/fr\/wp-json\/wp\/v2\/product_brand?post=6031"},{"taxonomy":"product_cat","embeddable":true,"href":"https:\/\/koningdrone.be\/fr\/wp-json\/wp\/v2\/product_cat?post=6031"},{"taxonomy":"product_tag","embeddable":true,"href":"https:\/\/koningdrone.be\/fr\/wp-json\/wp\/v2\/product_tag?post=6031"}],"curies":[{"name":"wp","href":"https:\/\/api.w.org\/{rel}","templated":true}]}}